{"id":34768,"date":"2021-11-11T20:22:03","date_gmt":"2021-11-11T18:22:03","guid":{"rendered":"https:\/\/test.puhdasplus.ee\/\/tooted\/uncategorized\/augstakas-kvalitates-omega-7\/"},"modified":"2026-03-04T22:03:38","modified_gmt":"2026-03-04T20:03:38","slug":"augstakas-kvalitates-omega-7","status":"publish","type":"product","link":"https:\/\/test.puhdasplus.ee\/lv\/tooted\/ipasie-piedavajumi\/augstakas-kvalitates-omega-7\/","title":{"rendered":"Augst\u0101k\u0101s kvalit\u0101tes Omega-7"},"content":{"rendered":"<p><span class=\"relative -mx-px my-[-0.2rem] rounded px-px py-[0.2rem] transition-colors duration-100 ease-in-out\">Puhdas+ Premium Omega-7 ir augstas kvalit\u0101tes uztura bag\u0101tin\u0101t\u0101js, kas satur omega-7 tauksk\u0101bes no t\u012bras smilts\u0113rk\u0161\u0137u e\u013c\u013cas, biot\u012bnu un E vitam\u012bnu.<\/span> <span class=\"relative -mx-px my-[-0.2rem] rounded px-px py-[0.2rem] transition-colors duration-100 ease-in-out\">\u0160\u012b kombin\u0101cija atbalsta \u0101das, g\u013cot\u0101du un gremo\u0161anas trakta vesel\u012bbu, k\u0101 ar\u012b pal\u012bdz uztur\u0113t mitruma l\u012bdzsvaru un vitalit\u0101ti.<\/span><\/p>\n<h2 data-start=\"1014\" data-end=\"1093\">Omega-7 tauksk\u0101bes \u2013 labv\u0113l\u012bgas g\u013cot\u0101d\u0101m un \u0101dai?<\/h2>\n<p class=\"\" data-start=\"1094\" data-end=\"1428\">Omega-7 (palmitole\u012bnsk\u0101be), kas dabiski atrodama smilts\u0113rk\u0161\u0137u e\u013c\u013c\u0101, ir tauksk\u0101be, kas pal\u012bdz uztur\u0113t g\u013cot\u0101du un \u0101das mitruma l\u012bdzsvaru. T\u0101 ir \u012bpa\u0161i labv\u0113l\u012bga cilv\u0113kiem, kuriem ir sausa mute, acis vai ku\u0146\u0123a-zarnu trakts. Lai gan omega-7 nav neaizvietojama tauksk\u0101be, k\u0101 to defin\u0113jusi EFSA, t\u0101 savu \u012bpa\u0161\u012bbu d\u0113\u013c atbalsta organismu.  <\/p>\n<h2 data-start=\"396\" data-end=\"473\">E vitam\u012bns \u2013 vai tas pal\u012bdz aizsarg\u0101t \u0161\u016bnas no oksidat\u012bv\u0101 stresa?<\/h2>\n<p class=\"\" data-start=\"474\" data-end=\"706\">J\u0101. E vitam\u012bns ir antioksidants, kas pal\u012bdz aizsarg\u0101t \u0161\u016bnas no oksidat\u012bv\u0101 stresa. Tas noz\u012bm\u0113, ka \u0161is vitam\u012bns pal\u012bdz neitraliz\u0113t br\u012bvo radik\u0101\u013cu iedarb\u012bbu, kas var boj\u0101t \u0161\u016bnas un ietekm\u0113t \u0101das un g\u013cot\u0101du st\u0101vokli.  <\/p>\n<h2 data-start=\"713\" data-end=\"768\">Biot\u012bns \u2013 vai tas atbalsta \u0101du un g\u013cot\u0101das?<\/h2>\n<p class=\"\" data-start=\"769\" data-end=\"1007\">Biot\u012bns veicina norm\u0101lu \u0101das un g\u013cot\u0101du darb\u012bbu, k\u0101 ar\u012b atbalsta norm\u0101lu matu un nervu sist\u0113mas darb\u012bbu. T\u0101p\u0113c tas ir piem\u0113rots cilv\u0113kiem, kuri v\u0113las atbalst\u012bt g\u013cot\u0101du mitruma l\u012bdzsvaru un \u0101das visp\u0101r\u0113jo labsaj\u016btu. <\/p>\n<h2>Kam ir noder\u012bga Premium Omega-7?<\/h2>\n<p class=\"\" data-start=\"807\" data-end=\"892\"><span class=\"relative -mx-px my-[-0.2rem] rounded px-px py-[0.2rem] transition-colors duration-100 ease-in-out\">Pure+ Premium Omega-7 ir piem\u0113rots:<\/span><\/p>\n<ul data-start=\"894\" data-end=\"1248\">\n<li class=\"\" data-start=\"894\" data-end=\"981\">\n<p class=\"\" data-start=\"896\" data-end=\"981\"><span class=\"relative -mx-px my-[-0.2rem] rounded px-px py-[0.2rem] transition-colors duration-100 ease-in-out\">Cilv\u0113kiem, kuri v\u0113las uztur\u0113t \u0101das un g\u013cot\u0101du vesel\u012bbu un uztur\u0113t mitruma l\u012bdzsvaru.<\/span><\/p>\n<\/li>\n<li class=\"\" data-start=\"983\" data-end=\"1070\">\n<p class=\"\" data-start=\"985\" data-end=\"1070\"><span class=\"relative -mx-px my-[-0.2rem] rounded px-px py-[0.2rem] transition-colors duration-100 ease-in-out\">Tiem, kas<\/span> v\u0113las atbalst\u012bt \u0101das un g\u013cot\u0101du mitruma l\u012bdzsvaru.<\/p>\n<\/li>\n<li class=\"\" data-start=\"1161\" data-end=\"1248\">\n<p class=\"\" data-start=\"1163\" data-end=\"1248\"><span class=\"relative -mx-px my-[-0.2rem] rounded px-px py-[0.2rem] transition-colors duration-100 ease-in-out\">Tiem, kas mekl\u0113 dab\u012bgu un t\u012bru uztura bag\u0101tin\u0101t\u0101ju bez m\u0101ksl\u012bg\u0101m piedev\u0101m.<\/span><\/p>\n<\/li>\n<\/ul>\n<h2 data-start=\"1255\" data-end=\"1292\">Pure+ Premium Omega-7 priek\u0161roc\u012bbas<\/h2>\n<ul data-start=\"1294\" data-end=\"1648\">\n<li class=\"\" data-start=\"1294\" data-end=\"1381\">\n<p class=\"\" data-start=\"1296\" data-end=\"1381\"><span class=\"relative -mx-px my-[-0.2rem] rounded px-px py-[0.2rem] transition-colors duration-100 ease-in-out\">Divreiz ekstrah\u0113ta smilts\u0113rk\u0161\u0137u e\u013c\u013ca, kas satur v\u0113rt\u012bgas sast\u0101vda\u013cas gan no s\u0113kl\u0101m, gan aug\u013ciem.<\/span><\/p>\n<\/li>\n<li class=\"\" data-start=\"1383\" data-end=\"1470\">\n<p class=\"\" data-start=\"1385\" data-end=\"1470\"><span class=\"relative -mx-px my-[-0.2rem] rounded px-px py-[0.2rem] transition-colors duration-100 ease-in-out\">Ra\u017eots, izmantojot saudz\u012bgu oglek\u013ca dioks\u012bda ekstrakciju, nodro\u0161inot 100% dab\u012bgu un augstas kvalit\u0101tes e\u013c\u013cu.<\/span><\/p>\n<\/li>\n<li class=\"\" data-start=\"1472\" data-end=\"1559\">\n<p class=\"\" data-start=\"1474\" data-end=\"1559\"><span class=\"relative -mx-px my-[-0.2rem] rounded px-px py-[0.2rem] transition-colors duration-100 ease-in-out\">Nesatur karagin\u0101nu, m\u0101ksl\u012bg\u0101s kr\u0101svielas vai dz\u012bvnieku izcelsmes \u017eelat\u012bnu.<\/span><\/p>\n<\/li>\n<li class=\"\" data-start=\"1561\" data-end=\"1648\">\n<p class=\"\" data-start=\"1563\" data-end=\"1648\"><span class=\"relative -mx-px my-[-0.2rem] rounded px-px py-[0.2rem] bg-[#FCECC1] dark:bg-[#64572A] transition-colors duration-100 ease-in-out\">Bez laktozes, glut\u0113na, rauga, cukura un sojas.<\/span><\/p>\n<\/li>\n<\/ul>\n<h2 data-start=\"1655\" data-end=\"1672\">Lietojums<\/h2>\n<p class=\"\" data-start=\"1674\" data-end=\"1759\"><span class=\"relative -mx-px my-[-0.2rem] rounded px-px py-[0.2rem] transition-colors duration-100 ease-in-out\"><strong data-start=\"0\" data-end=\"16\" data-is-only-node=\"\">Devas:<\/strong> Pieaugu\u0161ajiem 2 kapsulas dien\u0101.<\/span><\/p>\n<h3 data-start=\"416\" data-end=\"443\"><strong data-start=\"420\" data-end=\"441\">Uzturvielu saturs:<\/strong><\/h3>\n<p data-start=\"444\" data-end=\"614\">2 kapsulas: smilts\u0113rk\u0161\u0137u e\u013c\u013ca 1000 mg, tostarp omega-7 tauksk\u0101bes 400 mg, biot\u012bns 200 \u00b5g (400% no ieteicam\u0101s dienas devas), E vitam\u012bns 20 mg (167% no ieteicam\u0101s dienas devas).  <strong data-start=\"569\" data-end=\"614\">NRV \u2013 ieteicam\u0101 dienas deva pieaugu\u0161ajam.<\/strong><\/p>\n<p class=\"\" data-start=\"1761\" data-end=\"1846\"><span class=\"relative -mx-px my-[-0.2rem] rounded px-px py-[0.2rem] transition-colors duration-100 ease-in-out\"><strong data-start=\"0\" data-end=\"11\" data-is-only-node=\"\">Iepakojums:<\/strong> 60 kapsulas.<\/span><\/p>\n<p class=\"\" data-start=\"1848\" data-end=\"1933\"><span class=\"relative -mx-px my-[-0.2rem] rounded px-px py-[0.2rem] transition-colors duration-100 ease-in-out\">Nep\u0101rsniedziet ieteicamo dienas devu. Uztura bag\u0101tin\u0101t\u0101js neaizst\u0101j daudzveid\u012bgu un sabalans\u0113tu uzturu vai vesel\u012bgu dz\u012bvesveidu. Sarg\u0101t no b\u0113rniem.  <\/span><\/p>\n","protected":false},"excerpt":{"rendered":"<p class=\"p1\"><span class=\"s1\"><b>Puhdas+ Premium Omega-7<\/b><\/span> ir augstas kvalit\u0101tes uztura bag\u0101tin\u0101t\u0101js, kas atbalsta \u0101das un g\u013cot\u0101du dabisko mitruma l\u012bdzsvaru.<\/p>\n<p class=\"p1\">Produkt\u0101 eso\u0161\u0101s omega-7 tauksk\u0101bes ir ieg\u016btas no t\u012bras smilts\u0113rk\u0161\u0137u e\u013c\u013cas un ir apvienotas ar biot\u012bnu un E vitam\u012bnu.<\/p>\n<p class=\"p1\">\u0160\u012b kombin\u0101cija pal\u012bdz uztur\u0113t norm\u0101lu \u0101das un g\u013cot\u0101du st\u0101vokli un aizsarg\u0101t \u0161\u016bnas no oksidat\u012bv\u0101 stresa.<\/p>\n<p class=\"p1\">Premium Omega\u20117 ir piem\u0113rots cilv\u0113kiem, kuri v\u0113las r\u016bp\u0113ties par savas \u0101das un g\u013cot\u0101du labsaj\u016btu un dod priek\u0161roku dab\u012bgam un bez piedev\u0101m uztura bag\u0101tin\u0101t\u0101jam.<\/p>\n<p class=\"p1\">Pateicoties t\u012brajam sast\u0101vam \u2013 bez karagin\u0101na, m\u0101ksl\u012bg\u0101m piedev\u0101m un dz\u012bvnieku \u017eelat\u012bna \u2013 produkts ir piem\u0113rots ar\u012b veg\u0101niem un tiem, kas nov\u0113rt\u0113 augstas kvalit\u0101tes ra\u017eo\u0161anas standartus.<\/p>\n","protected":false},"featured_media":32263,"comment_status":"closed","ping_status":"closed","template":"","meta":{"_acf_changed":false},"product_brand":[],"product_cat":[3296,3067,3441],"product_tag":[3299,2579,3041,7644,5837,2559],"class_list":{"0":"post-34768","1":"product","2":"type-product","3":"status-publish","4":"has-post-thumbnail","6":"product_cat-ada-mati-nagi","7":"product_cat-ipasie-piedavajumi","8":"product_cat-sirds-veseliba","9":"product_tag-biotins","10":"product_tag-e-vitamins","11":"product_tag-imunitate","12":"product_tag-omega-7","13":"product_tag-smiltserksku-ella","14":"product_tag-tirs-skaistums","16":"first","17":"instock","18":"sale","19":"taxable","20":"shipping-taxable","21":"purchasable","22":"product-type-variable","23":"has-default-attributes"},"acf":[],"yoast_head":"<!-- This site is optimized with the Yoast SEO plugin v27.1.1 - https:\/\/yoast.com\/product\/yoast-seo-wordpress\/ -->\n<title>Augst\u0101k\u0101s kvalit\u0101tes Omega-7 - Puhdas+<\/title>\n<meta name=\"description\" content=\"Premium Omega-7 \u2013 t\u012bra smilts\u0113rk\u0161\u0137u e\u013c\u013ca kapsul\u0101s \u0101das un g\u013cot\u0101du vesel\u012bbas atbalstam. Satur omega-7 tauksk\u0101bes, biot\u012bnu un E vitam\u012bnu.\" \/>\n<meta name=\"robots\" content=\"noindex, follow, max-snippet:-1, max-image-preview:large, max-video-preview:-1\" \/>\n<meta property=\"og:locale\" content=\"lv_LV\" \/>\n<meta property=\"og:type\" content=\"article\" \/>\n<meta property=\"og:title\" content=\"Augst\u0101k\u0101s kvalit\u0101tes Omega-7 - Puhdas+\" \/>\n<meta property=\"og:description\" content=\"Premium Omega-7 \u2013 t\u012bra smilts\u0113rk\u0161\u0137u e\u013c\u013ca kapsul\u0101s \u0101das un g\u013cot\u0101du vesel\u012bbas atbalstam. Satur omega-7 tauksk\u0101bes, biot\u012bnu un E vitam\u012bnu.\" \/>\n<meta property=\"og:url\" content=\"https:\/\/test.puhdasplus.ee\/lv\/tooted\/ipasie-piedavajumi\/augstakas-kvalitates-omega-7\/\" \/>\n<meta property=\"og:site_name\" content=\"Puhdas+\" \/>\n<meta property=\"article:publisher\" content=\"https:\/\/www.facebook.com\/puhdasplus\" \/>\n<meta property=\"article:modified_time\" content=\"2026-03-04T20:03:38+00:00\" \/>\n<meta property=\"og:image\" content=\"https:\/\/test.puhdasplus.ee\/wp-content\/uploads\/2025\/03\/55.jpg\" \/>\n\t<meta property=\"og:image:width\" content=\"1862\" \/>\n\t<meta property=\"og:image:height\" content=\"2560\" \/>\n\t<meta property=\"og:image:type\" content=\"image\/jpeg\" \/>\n<meta name=\"twitter:card\" content=\"summary_large_image\" \/>\n<meta name=\"twitter:label1\" content=\"Est. reading time\" \/>\n\t<meta name=\"twitter:data1\" content=\"2 min\u016btes\" \/>\n<script type=\"application\/ld+json\" class=\"yoast-schema-graph\">{\"@context\":\"https:\/\/schema.org\",\"@graph\":[{\"@type\":\"WebPage\",\"@id\":\"https:\/\/test.puhdasplus.ee\/lv\/tooted\/ipasie-piedavajumi\/augstakas-kvalitates-omega-7\/\",\"url\":\"https:\/\/test.puhdasplus.ee\/lv\/tooted\/ipasie-piedavajumi\/augstakas-kvalitates-omega-7\/\",\"name\":\"Augst\u0101k\u0101s kvalit\u0101tes Omega-7 - Puhdas+\",\"isPartOf\":{\"@id\":\"https:\/\/test.puhdasplus.ee\/lv\/#website\"},\"primaryImageOfPage\":{\"@id\":\"https:\/\/test.puhdasplus.ee\/lv\/tooted\/ipasie-piedavajumi\/augstakas-kvalitates-omega-7\/#primaryimage\"},\"image\":{\"@id\":\"https:\/\/test.puhdasplus.ee\/lv\/tooted\/ipasie-piedavajumi\/augstakas-kvalitates-omega-7\/#primaryimage\"},\"thumbnailUrl\":\"https:\/\/test.puhdasplus.ee\/wp-content\/uploads\/2025\/03\/55.jpg\",\"datePublished\":\"2021-11-11T18:22:03+00:00\",\"dateModified\":\"2026-03-04T20:03:38+00:00\",\"description\":\"Premium Omega-7 \u2013 t\u012bra smilts\u0113rk\u0161\u0137u e\u013c\u013ca kapsul\u0101s \u0101das un g\u013cot\u0101du vesel\u012bbas atbalstam. Satur omega-7 tauksk\u0101bes, biot\u012bnu un E vitam\u012bnu.\",\"breadcrumb\":{\"@id\":\"https:\/\/test.puhdasplus.ee\/lv\/tooted\/ipasie-piedavajumi\/augstakas-kvalitates-omega-7\/#breadcrumb\"},\"inLanguage\":\"lv-LV\",\"potentialAction\":[{\"@type\":\"ReadAction\",\"target\":[\"https:\/\/test.puhdasplus.ee\/lv\/tooted\/ipasie-piedavajumi\/augstakas-kvalitates-omega-7\/\"]}]},{\"@type\":\"ImageObject\",\"inLanguage\":\"lv-LV\",\"@id\":\"https:\/\/test.puhdasplus.ee\/lv\/tooted\/ipasie-piedavajumi\/augstakas-kvalitates-omega-7\/#primaryimage\",\"url\":\"https:\/\/test.puhdasplus.ee\/wp-content\/uploads\/2025\/03\/55.jpg\",\"contentUrl\":\"https:\/\/test.puhdasplus.ee\/wp-content\/uploads\/2025\/03\/55.jpg\",\"width\":1862,\"height\":2560,\"caption\":\"Augst\u0101k\u0101s kvalit\u0101tes Omega-7\"},{\"@type\":\"BreadcrumbList\",\"@id\":\"https:\/\/test.puhdasplus.ee\/lv\/tooted\/ipasie-piedavajumi\/augstakas-kvalitates-omega-7\/#breadcrumb\",\"itemListElement\":[{\"@type\":\"ListItem\",\"position\":1,\"name\":\"S\u0101kums\",\"item\":\"https:\/\/test.puhdasplus.ee\/lv\/\"},{\"@type\":\"ListItem\",\"position\":2,\"name\":\"Produkti\",\"item\":\"https:\/\/test.puhdasplus.ee\/lv\/veikals\/\"},{\"@type\":\"ListItem\",\"position\":3,\"name\":\"Augst\u0101k\u0101s kvalit\u0101tes Omega-7\"}]},{\"@type\":\"WebSite\",\"@id\":\"https:\/\/test.puhdasplus.ee\/lv\/#website\",\"url\":\"https:\/\/test.puhdasplus.ee\/lv\/\",\"name\":\"Puhdas+\",\"description\":\"Vitamiinid, Toidulisandid, looduskosmeetika, tervis, sport\",\"publisher\":{\"@id\":\"https:\/\/test.puhdasplus.ee\/lv\/#organization\"},\"potentialAction\":[{\"@type\":\"SearchAction\",\"target\":{\"@type\":\"EntryPoint\",\"urlTemplate\":\"https:\/\/test.puhdasplus.ee\/lv\/?s={search_term_string}\"},\"query-input\":{\"@type\":\"PropertyValueSpecification\",\"valueRequired\":true,\"valueName\":\"search_term_string\"}}],\"inLanguage\":\"lv-LV\"},{\"@type\":\"Organization\",\"@id\":\"https:\/\/test.puhdasplus.ee\/lv\/#organization\",\"name\":\"Puhdas+\",\"alternateName\":\"Puhdasplus\",\"url\":\"https:\/\/test.puhdasplus.ee\/lv\/\",\"logo\":{\"@type\":\"ImageObject\",\"inLanguage\":\"lv-LV\",\"@id\":\"https:\/\/test.puhdasplus.ee\/lv\/#\/schema\/logo\/image\/\",\"url\":\"https:\/\/test.puhdasplus.ee\/\/wp-content\/uploads\/2019\/10\/puhdas_logo-arvele.png\",\"contentUrl\":\"https:\/\/test.puhdasplus.ee\/\/wp-content\/uploads\/2019\/10\/puhdas_logo-arvele.png\",\"width\":114,\"height\":94,\"caption\":\"Puhdas+\"},\"image\":{\"@id\":\"https:\/\/test.puhdasplus.ee\/lv\/#\/schema\/logo\/image\/\"},\"sameAs\":[\"https:\/\/www.facebook.com\/puhdasplus\",\"https:\/\/www.instagram.com\/puhdasplus_ee\/\"]}]}<\/script>\n<!-- \/ Yoast SEO plugin. -->","yoast_head_json":{"title":"Augst\u0101k\u0101s kvalit\u0101tes Omega-7 - Puhdas+","description":"Premium Omega-7 \u2013 t\u012bra smilts\u0113rk\u0161\u0137u e\u013c\u013ca kapsul\u0101s \u0101das un g\u013cot\u0101du vesel\u012bbas atbalstam. Satur omega-7 tauksk\u0101bes, biot\u012bnu un E vitam\u012bnu.","robots":{"index":"noindex","follow":"follow","max-snippet":"max-snippet:-1","max-image-preview":"max-image-preview:large","max-video-preview":"max-video-preview:-1"},"og_locale":"lv_LV","og_type":"article","og_title":"Augst\u0101k\u0101s kvalit\u0101tes Omega-7 - Puhdas+","og_description":"Premium Omega-7 \u2013 t\u012bra smilts\u0113rk\u0161\u0137u e\u013c\u013ca kapsul\u0101s \u0101das un g\u013cot\u0101du vesel\u012bbas atbalstam. Satur omega-7 tauksk\u0101bes, biot\u012bnu un E vitam\u012bnu.","og_url":"https:\/\/test.puhdasplus.ee\/lv\/tooted\/ipasie-piedavajumi\/augstakas-kvalitates-omega-7\/","og_site_name":"Puhdas+","article_publisher":"https:\/\/www.facebook.com\/puhdasplus","article_modified_time":"2026-03-04T20:03:38+00:00","og_image":[{"width":1862,"height":2560,"url":"https:\/\/test.puhdasplus.ee\/wp-content\/uploads\/2025\/03\/55.jpg","type":"image\/jpeg"}],"twitter_card":"summary_large_image","twitter_misc":{"Est. reading time":"2 min\u016btes"},"schema":{"@context":"https:\/\/schema.org","@graph":[{"@type":"WebPage","@id":"https:\/\/test.puhdasplus.ee\/lv\/tooted\/ipasie-piedavajumi\/augstakas-kvalitates-omega-7\/","url":"https:\/\/test.puhdasplus.ee\/lv\/tooted\/ipasie-piedavajumi\/augstakas-kvalitates-omega-7\/","name":"Augst\u0101k\u0101s kvalit\u0101tes Omega-7 - Puhdas+","isPartOf":{"@id":"https:\/\/test.puhdasplus.ee\/lv\/#website"},"primaryImageOfPage":{"@id":"https:\/\/test.puhdasplus.ee\/lv\/tooted\/ipasie-piedavajumi\/augstakas-kvalitates-omega-7\/#primaryimage"},"image":{"@id":"https:\/\/test.puhdasplus.ee\/lv\/tooted\/ipasie-piedavajumi\/augstakas-kvalitates-omega-7\/#primaryimage"},"thumbnailUrl":"https:\/\/test.puhdasplus.ee\/wp-content\/uploads\/2025\/03\/55.jpg","datePublished":"2021-11-11T18:22:03+00:00","dateModified":"2026-03-04T20:03:38+00:00","description":"Premium Omega-7 \u2013 t\u012bra smilts\u0113rk\u0161\u0137u e\u013c\u013ca kapsul\u0101s \u0101das un g\u013cot\u0101du vesel\u012bbas atbalstam. Satur omega-7 tauksk\u0101bes, biot\u012bnu un E vitam\u012bnu.","breadcrumb":{"@id":"https:\/\/test.puhdasplus.ee\/lv\/tooted\/ipasie-piedavajumi\/augstakas-kvalitates-omega-7\/#breadcrumb"},"inLanguage":"lv-LV","potentialAction":[{"@type":"ReadAction","target":["https:\/\/test.puhdasplus.ee\/lv\/tooted\/ipasie-piedavajumi\/augstakas-kvalitates-omega-7\/"]}]},{"@type":"ImageObject","inLanguage":"lv-LV","@id":"https:\/\/test.puhdasplus.ee\/lv\/tooted\/ipasie-piedavajumi\/augstakas-kvalitates-omega-7\/#primaryimage","url":"https:\/\/test.puhdasplus.ee\/wp-content\/uploads\/2025\/03\/55.jpg","contentUrl":"https:\/\/test.puhdasplus.ee\/wp-content\/uploads\/2025\/03\/55.jpg","width":1862,"height":2560,"caption":"Augst\u0101k\u0101s kvalit\u0101tes Omega-7"},{"@type":"BreadcrumbList","@id":"https:\/\/test.puhdasplus.ee\/lv\/tooted\/ipasie-piedavajumi\/augstakas-kvalitates-omega-7\/#breadcrumb","itemListElement":[{"@type":"ListItem","position":1,"name":"S\u0101kums","item":"https:\/\/test.puhdasplus.ee\/lv\/"},{"@type":"ListItem","position":2,"name":"Produkti","item":"https:\/\/test.puhdasplus.ee\/lv\/veikals\/"},{"@type":"ListItem","position":3,"name":"Augst\u0101k\u0101s kvalit\u0101tes Omega-7"}]},{"@type":"WebSite","@id":"https:\/\/test.puhdasplus.ee\/lv\/#website","url":"https:\/\/test.puhdasplus.ee\/lv\/","name":"Puhdas+","description":"Vitamiinid, Toidulisandid, looduskosmeetika, tervis, sport","publisher":{"@id":"https:\/\/test.puhdasplus.ee\/lv\/#organization"},"potentialAction":[{"@type":"SearchAction","target":{"@type":"EntryPoint","urlTemplate":"https:\/\/test.puhdasplus.ee\/lv\/?s={search_term_string}"},"query-input":{"@type":"PropertyValueSpecification","valueRequired":true,"valueName":"search_term_string"}}],"inLanguage":"lv-LV"},{"@type":"Organization","@id":"https:\/\/test.puhdasplus.ee\/lv\/#organization","name":"Puhdas+","alternateName":"Puhdasplus","url":"https:\/\/test.puhdasplus.ee\/lv\/","logo":{"@type":"ImageObject","inLanguage":"lv-LV","@id":"https:\/\/test.puhdasplus.ee\/lv\/#\/schema\/logo\/image\/","url":"https:\/\/test.puhdasplus.ee\/\/wp-content\/uploads\/2019\/10\/puhdas_logo-arvele.png","contentUrl":"https:\/\/test.puhdasplus.ee\/\/wp-content\/uploads\/2019\/10\/puhdas_logo-arvele.png","width":114,"height":94,"caption":"Puhdas+"},"image":{"@id":"https:\/\/test.puhdasplus.ee\/lv\/#\/schema\/logo\/image\/"},"sameAs":["https:\/\/www.facebook.com\/puhdasplus","https:\/\/www.instagram.com\/puhdasplus_ee\/"]}]}},"_links":{"self":[{"href":"https:\/\/test.puhdasplus.ee\/lv\/wp-json\/wp\/v2\/product\/34768","targetHints":{"allow":["GET"]}}],"collection":[{"href":"https:\/\/test.puhdasplus.ee\/lv\/wp-json\/wp\/v2\/product"}],"about":[{"href":"https:\/\/test.puhdasplus.ee\/lv\/wp-json\/wp\/v2\/types\/product"}],"replies":[{"embeddable":true,"href":"https:\/\/test.puhdasplus.ee\/lv\/wp-json\/wp\/v2\/comments?post=34768"}],"wp:featuredmedia":[{"embeddable":true,"href":"https:\/\/test.puhdasplus.ee\/lv\/wp-json\/wp\/v2\/media\/32263"}],"wp:attachment":[{"href":"https:\/\/test.puhdasplus.ee\/lv\/wp-json\/wp\/v2\/media?parent=34768"}],"wp:term":[{"taxonomy":"product_brand","embeddable":true,"href":"https:\/\/test.puhdasplus.ee\/lv\/wp-json\/wp\/v2\/product_brand?post=34768"},{"taxonomy":"product_cat","embeddable":true,"href":"https:\/\/test.puhdasplus.ee\/lv\/wp-json\/wp\/v2\/product_cat?post=34768"},{"taxonomy":"product_tag","embeddable":true,"href":"https:\/\/test.puhdasplus.ee\/lv\/wp-json\/wp\/v2\/product_tag?post=34768"}],"curies":[{"name":"wp","href":"https:\/\/api.w.org\/{rel}","templated":true}]}}