{"id":34746,"date":"2021-11-10T22:39:47","date_gmt":"2021-11-10T20:39:47","guid":{"rendered":"https:\/\/test.puhdasplus.ee\/\/tooted\/uncategorized\/5-htp-100-mg-60-kapsulas\/"},"modified":"2026-03-04T22:03:43","modified_gmt":"2026-03-04T20:03:43","slug":"5-htp-100-mg-60-kapsulas","status":"publish","type":"product","link":"https:\/\/test.puhdasplus.ee\/lv\/tooted\/stress-un-miegs\/5-htp-100-mg-60-kapsulas\/","title":{"rendered":"5-HTP 100 mg 60 kapsulas"},"content":{"rendered":"<h2><span class=\"relative -mx-px my-[-0.2rem] rounded px-px py-[0.2rem] transition-colors duration-100 ease-in-out\">Kas ir Pure+ 5-HTP 100 mg?<\/span><\/h2>\n<p><span class=\"relative -mx-px my-[-0.2rem] rounded px-px py-[0.2rem] transition-colors duration-100 ease-in-out\"> <strong data-start=\"0\" data-end=\"24\" data-is-only-node=\"\">Puhdas+ 5-HTP 100 mg<\/strong> ir Somij\u0101 ra\u017eots augu izcelsmes uztura bag\u0101tin\u0101t\u0101js, kas satur 5-hidroksitriptof\u0101nu (5-HTP), kas dabiski tiek ieg\u016bts no Griffonia simplicifolia auga s\u0113kl\u0101m. 5-HTP ir aminosk\u0101be, kas organism\u0101 tiek p\u0101rveidota par seroton\u012bnu un melaton\u012bnu. Seroton\u012bns un melaton\u012bns ir iek\u0161\u0113ji savienojumi, kuriem ir svar\u012bga loma daudzos organisma procesos.  <\/span><\/p>\n<h2 data-start=\"319\" data-end=\"358\">K\u0101p\u0113c Pure+ 5-HTP var\u0113tu b\u016bt laba izv\u0113le?<\/h2>\n<p data-start=\"649\" data-end=\"888\">5-HTP kapsulas satur <strong>starpproduktu, kas rodas L-triptof\u0101na metabolisma laik\u0101<\/strong> . Organisms izmanto 5-HTP dabiskaj\u0101 metabolisma \u0137\u0113d\u0113, lai sintez\u0113tu savienojumus, kas piedal\u0101s, piem\u0113ram, nervu sist\u0113mas darb\u012bb\u0101 un miega un nomoda ritma regul\u0113\u0161an\u0101. <\/p>\n<p data-start=\"890\" data-end=\"1078\">5-HTP, ko lieto k\u0101 uztura bag\u0101tin\u0101t\u0101ju, dabiski ieg\u016bst no <strong>Griffonia simplicifolia<\/strong> auga s\u0113klu ekstrakta. T\u0101 ir augu izcelsmes sast\u0101vda\u013ca, kas ir piem\u0113rota veg\u0101niem un ve\u0123et\u0101rie\u0161iem. <\/p>\n<p data-start=\"1080\" data-end=\"1219\">5-HTP kapsulas var\u0113tu b\u016bt piem\u0113rota izv\u0113le pieaugu\u0161ajiem, kuri v\u0113las papildin\u0101t savu ikdienas uzturu ar dab\u012bgi sastopamu aminosk\u0101bi.<\/p>\n<h3 data-start=\"237\" data-end=\"253\">Sast\u0101vda\u013cas:<\/h3>\n<ul data-start=\"254\" data-end=\"417\">\n<li class=\"\" data-start=\"254\" data-end=\"293\">\n<p class=\"\" data-start=\"256\" data-end=\"293\"><span class=\"relative -mx-px my-[-0.2rem] rounded px-px py-[0.2rem] transition-colors duration-100 ease-in-out\">Griffonia simplicifolia s\u0113klu ekstrakts (ekstrakcijas attiec\u012bba 4:1, 5-HTP saturs 30%)<\/span><\/p>\n<\/li>\n<li class=\"\" data-start=\"294\" data-end=\"333\">\n<p class=\"\" data-start=\"296\" data-end=\"333\"><span class=\"relative -mx-px my-[-0.2rem] rounded px-px py-[0.2rem] transition-colors duration-100 ease-in-out\">Kapsulas apvalks: hidroksipropilmetilceluloze, gell\u0101na sve\u0137i<\/span><\/p>\n<\/li>\n<li class=\"\" data-start=\"334\" data-end=\"417\">\n<p class=\"\" data-start=\"336\" data-end=\"417\"><span class=\"relative -mx-px my-[-0.2rem] rounded px-px py-[0.2rem] transition-colors duration-100 ease-in-out\">Pildviela: mikrokrist\u0101lisk\u0101 celuloze<\/span><\/p>\n<\/li>\n<\/ul>\n<p><span class=\"relative -mx-px my-[-0.2rem] rounded px-px py-[0.2rem] transition-colors duration-100 ease-in-out\">Produkts nesatur laktozi, glut\u0113nu, raugu, cukuru, s\u0101li, kukur\u016bzu vai soju.<\/span> <span class=\"relative -mx-px my-[-0.2rem] rounded px-px py-[0.2rem] transition-colors duration-100 ease-in-out\">Piem\u0113rots veg\u0101niem un ve\u0123et\u0101rie\u0161iem.<\/span><\/p>\n<h3 data-start=\"419\" data-end=\"464\">Uzturv\u0113rt\u012bba uz vienu dienas devu (1 kapsula):<\/h3>\n<ul data-start=\"465\" data-end=\"552\">\n<li class=\"\" data-start=\"465\" data-end=\"552\">\n<p class=\"\" data-start=\"467\" data-end=\"552\"><span class=\"relative -mx-px my-[-0.2rem] rounded px-px py-[0.2rem] transition-colors duration-100 ease-in-out\">5-hidroksitriptof\u0101ns (5-HTP) \u2013 100 mg<\/span><\/p>\n<\/li>\n<\/ul>\n<h3 data-start=\"554\" data-end=\"782\">Ieteicamais lietojums:<\/h3>\n<p class=\"\" data-start=\"554\" data-end=\"782\"><span class=\"relative -mx-px my-[-0.2rem] rounded px-px py-[0.2rem] transition-colors duration-100 ease-in-out\">Pieaugu\u0161ajiem: 1 kapsula dien\u0101.<\/span> <span class=\"relative -mx-px my-[-0.2rem] rounded px-px py-[0.2rem] transition-colors duration-100 ease-in-out\">Nep\u0101rsniegt ieteicamo dienas devu.<\/span> <span class=\"relative -mx-px my-[-0.2rem] rounded px-px py-[0.2rem] transition-colors duration-100 ease-in-out\">\u0160is uztura bag\u0101tin\u0101t\u0101js neaizst\u0101j daudzveid\u012bgu un sabalans\u0113tu uzturu vai vesel\u012bgu dz\u012bvesveidu.<\/span> <span class=\"relative -mx-px my-[-0.2rem] rounded px-px py-[0.2rem] transition-colors duration-100 ease-in-out\">Sarg\u0101t no b\u0113rniem.<\/span><\/p>\n<h3>Svar\u012bgi zin\u0101t<\/h3>\n<ul data-start=\"1125\" data-end=\"1317\">\n<li class=\"\" data-start=\"1125\" data-end=\"1217\">\n<p class=\"\" data-start=\"1127\" data-end=\"1217\">Uztura bag\u0101tin\u0101t\u0101js neaizst\u0101j daudzveid\u012bgu un sabalans\u0113tu uzturu vai vesel\u012bgu dz\u012bvesveidu.<\/p>\n<\/li>\n<li class=\"\" data-start=\"1218\" data-end=\"1277\">\n<p class=\"\" data-start=\"1220\" data-end=\"1277\">Ieteicam\u0101 dienas deva (1 kapsula) nedr\u012bkst p\u0101rsniegt.<\/p>\n<\/li>\n<li class=\"\" data-start=\"1278\" data-end=\"1317\">\n<p class=\"\" data-start=\"1280\" data-end=\"1317\">Sarg\u0101t no b\u0113rniem.<\/p>\n<\/li>\n<\/ul>\n","protected":false},"excerpt":{"rendered":"<div class=\"adn ads\" data-message-id=\"#msg-a:r-1765066734316227731\" data-legacy-message-id=\"171272f3ad9ad3cf\">\n<div class=\"aju\">\n<p data-start=\"2694\" data-end=\"2929\">Mums visiem laiku pa laikam ir dienas, kad m\u016bsu garast\u0101voklis sv\u0101rst\u0101s, koncentr\u0113\u0161an\u0101s sp\u0113jas z\u016bd vai ir gr\u016bti labi izgul\u0113ties. Dz\u012bves temps, stress un daudzveid\u012bga uztura tr\u016bkums var ietekm\u0113t organisma l\u012bdzsvaru vair\u0101k, nek\u0101 \u0161\u0137iet pirmaj\u0101 acu uzmetien\u0101. <\/p>\n<p data-start=\"2934\" data-end=\"3069\">Pal\u012bg\u0101 n\u0101k Puhdas+ <strong>5-HTP<\/strong> 100 mg \u2013 dabiskas izcelsmes uztura bag\u0101tin\u0101t\u0101js, kas satur aminosk\u0101bi ar nosaukumu 5-hidroksitriptof\u0101ns jeb 5-HTP.<\/p>\n<p data-start=\"3074\" data-end=\"3286\"><strong>5-HTP<\/strong> ir L-triptof\u0101na vielmai\u0146as produkts un organism\u0101 ir seroton\u012bna un melaton\u012bna sint\u0113zes starpprodukts. Puhdas+ 5-HTP ir ieg\u016bts no <strong>Griffonia simplicifolia<\/strong> auga s\u0113kl\u0101m, esot piln\u012bb\u0101 augu izcelsmes un piem\u0113rots ar\u012b veg\u0101niem. <\/p>\n<p data-start=\"3291\" data-end=\"3557\">Produkts ir piem\u0113rots tiem, kas v\u0113las papildin\u0101t savu uzturu ar dab\u012bgu savienojumu, kas ir da\u013ca no organisma aminosk\u0101bju metabolisma. Kapsulas forma ir \u0113rta un ar prec\u012bzu doz\u0113\u0161anu, un produkts nesatur m\u0101ksl\u012bgas piedevas, laktozi, glut\u0113nu vai citus izplat\u012btus alerg\u0113nus. <\/p>\n<p data-start=\"3562\" data-end=\"3726\">Ja j\u016bs nov\u0113rt\u0113jat vienk\u0101r\u0161as un t\u012bras sast\u0101vda\u013cas un v\u0113laties dabisk\u0101 veid\u0101 atbalst\u012bt savu ikdienas labsaj\u016btu, tad Pure+ 5-HTP var\u0113tu b\u016bt p\u0101rdom\u0101ta un sabalans\u0113ta izv\u0113le.<\/p>\n<\/div>\n<\/div>\n","protected":false},"featured_media":357371,"comment_status":"closed","ping_status":"closed","template":"","meta":{"_acf_changed":false},"product_brand":[],"product_cat":[3067,3037],"product_tag":[5814,5808,5809,5826,5820,5824,3421,5821,5817,3005,5825,5811,5813,3424,5812,4721,5274,5822,3522,3423,5823,5818,5810,2762,5819,5816,3422],"class_list":{"0":"post-34746","1":"product","2":"type-product","3":"status-publish","4":"has-post-thumbnail","6":"product_cat-ipasie-piedavajumi","7":"product_cat-stress-un-miegs","8":"product_tag-5-hidroksitriptofans","9":"product_tag-5-htp-lv","10":"product_tag-5-htp-uztura-bagatinatajs","11":"product_tag-5htp-lv","12":"product_tag-atbalstot-emocionalo-lidzsvaru","13":"product_tag-atbalstot-melatonina-razosanu","14":"product_tag-dabigi-uztura-bagatinataji","15":"product_tag-dabisks-garastavokla-atbalsts","16":"product_tag-depresijas-atvieglosana","17":"product_tag-garastavokla-uzlabosana-lv","18":"product_tag-garigas-labsajutas-uzlabosana","19":"product_tag-griffonia-simplicifolia-ekstrakts","20":"product_tag-griffonia-simplicifolia-seklu-ekstrakts","21":"product_tag-hidroksipropilmetilceluloze","22":"product_tag-melatonina-prekursors","23":"product_tag-melatonins","24":"product_tag-miega-kvalitates-uzlabosana","25":"product_tag-miega-traucejumu-mazinasana","26":"product_tag-miegs-un-stress","27":"product_tag-mikrokristaliska-celuloze","28":"product_tag-paaugstinot-serotonina-limeni","29":"product_tag-pret-bezmiegu","30":"product_tag-serotonina-atbalsts","31":"product_tag-stresa-mazinasana","32":"product_tag-stresa-parvaldiba","33":"product_tag-trauksmes-mazinasana","34":"product_tag-veganu-uztura-bagatinataji","36":"first","37":"instock","38":"sale","39":"featured","40":"taxable","41":"shipping-taxable","42":"purchasable","43":"product-type-simple"},"acf":[],"yoast_head":"<!-- This site is optimized with the Yoast SEO plugin v27.1.1 - https:\/\/yoast.com\/product\/yoast-seo-wordpress\/ -->\n<title>5-HTP 100 mg \u2013 60 kapsulas | Stress un miegs | Puhdas+<\/title>\n<meta name=\"description\" content=\"Puhdas+ 5-HTP 100 mg \u2013 augu uztura bag\u0101tin\u0101t\u0101js no Grifonijas s\u0113kl\u0101m. Atbalsta labsaj\u016btu, stresa p\u0101rvar\u0113\u0161anu un miegu. Veg\u0101ns. 60 kapsulas.\" \/>\n<meta name=\"robots\" content=\"noindex, follow, max-snippet:-1, max-image-preview:large, max-video-preview:-1\" \/>\n<meta property=\"og:locale\" content=\"lv_LV\" \/>\n<meta property=\"og:type\" content=\"article\" \/>\n<meta property=\"og:title\" content=\"5-HTP 100 mg \u2013 60 kapsulas | Stress un miegs | Puhdas+\" \/>\n<meta property=\"og:description\" content=\"Puhdas+ 5-HTP 100 mg \u2013 augu uztura bag\u0101tin\u0101t\u0101js no Grifonijas s\u0113kl\u0101m. Atbalsta labsaj\u016btu, stresa p\u0101rvar\u0113\u0161anu un miegu. Veg\u0101ns. 60 kapsulas.\" \/>\n<meta property=\"og:url\" content=\"https:\/\/test.puhdasplus.ee\/lv\/tooted\/stress-un-miegs\/5-htp-100-mg-60-kapsulas\/\" \/>\n<meta property=\"og:site_name\" content=\"Puhdas+\" \/>\n<meta property=\"article:publisher\" content=\"https:\/\/www.facebook.com\/puhdasplus\" \/>\n<meta property=\"article:modified_time\" content=\"2026-03-04T20:03:43+00:00\" \/>\n<meta property=\"og:image\" content=\"https:\/\/test.puhdasplus.ee\/wp-content\/uploads\/2021\/11\/5-htp-1-scaled.jpg\" \/>\n\t<meta property=\"og:image:width\" content=\"1862\" \/>\n\t<meta property=\"og:image:height\" content=\"2560\" \/>\n\t<meta property=\"og:image:type\" content=\"image\/jpeg\" \/>\n<meta name=\"twitter:card\" content=\"summary_large_image\" \/>\n<meta name=\"twitter:label1\" content=\"Est. reading time\" \/>\n\t<meta name=\"twitter:data1\" content=\"2 min\u016btes\" \/>\n<script type=\"application\/ld+json\" class=\"yoast-schema-graph\">{\"@context\":\"https:\/\/schema.org\",\"@graph\":[{\"@type\":\"WebPage\",\"@id\":\"https:\/\/test.puhdasplus.ee\/lv\/tooted\/stress-un-miegs\/5-htp-100-mg-60-kapsulas\/\",\"url\":\"https:\/\/test.puhdasplus.ee\/lv\/tooted\/stress-un-miegs\/5-htp-100-mg-60-kapsulas\/\",\"name\":\"5-HTP 100 mg \u2013 60 kapsulas | Stress un miegs | Puhdas+\",\"isPartOf\":{\"@id\":\"https:\/\/test.puhdasplus.ee\/lv\/#website\"},\"primaryImageOfPage\":{\"@id\":\"https:\/\/test.puhdasplus.ee\/lv\/tooted\/stress-un-miegs\/5-htp-100-mg-60-kapsulas\/#primaryimage\"},\"image\":{\"@id\":\"https:\/\/test.puhdasplus.ee\/lv\/tooted\/stress-un-miegs\/5-htp-100-mg-60-kapsulas\/#primaryimage\"},\"thumbnailUrl\":\"https:\/\/test.puhdasplus.ee\/wp-content\/uploads\/2021\/11\/5-htp-1-scaled.jpg\",\"datePublished\":\"2021-11-10T20:39:47+00:00\",\"dateModified\":\"2026-03-04T20:03:43+00:00\",\"description\":\"Puhdas+ 5-HTP 100 mg \u2013 augu uztura bag\u0101tin\u0101t\u0101js no Grifonijas s\u0113kl\u0101m. Atbalsta labsaj\u016btu, stresa p\u0101rvar\u0113\u0161anu un miegu. Veg\u0101ns. 60 kapsulas.\",\"breadcrumb\":{\"@id\":\"https:\/\/test.puhdasplus.ee\/lv\/tooted\/stress-un-miegs\/5-htp-100-mg-60-kapsulas\/#breadcrumb\"},\"inLanguage\":\"lv-LV\",\"potentialAction\":[{\"@type\":\"ReadAction\",\"target\":[\"https:\/\/test.puhdasplus.ee\/lv\/tooted\/stress-un-miegs\/5-htp-100-mg-60-kapsulas\/\"]}]},{\"@type\":\"ImageObject\",\"inLanguage\":\"lv-LV\",\"@id\":\"https:\/\/test.puhdasplus.ee\/lv\/tooted\/stress-un-miegs\/5-htp-100-mg-60-kapsulas\/#primaryimage\",\"url\":\"https:\/\/test.puhdasplus.ee\/wp-content\/uploads\/2021\/11\/5-htp-1-scaled.jpg\",\"contentUrl\":\"https:\/\/test.puhdasplus.ee\/wp-content\/uploads\/2021\/11\/5-htp-1-scaled.jpg\",\"width\":1862,\"height\":2560,\"caption\":\"5-HTP\"},{\"@type\":\"BreadcrumbList\",\"@id\":\"https:\/\/test.puhdasplus.ee\/lv\/tooted\/stress-un-miegs\/5-htp-100-mg-60-kapsulas\/#breadcrumb\",\"itemListElement\":[{\"@type\":\"ListItem\",\"position\":1,\"name\":\"S\u0101kums\",\"item\":\"https:\/\/test.puhdasplus.ee\/lv\/\"},{\"@type\":\"ListItem\",\"position\":2,\"name\":\"Produkti\",\"item\":\"https:\/\/test.puhdasplus.ee\/lv\/veikals\/\"},{\"@type\":\"ListItem\",\"position\":3,\"name\":\"5-HTP 100 mg 60 kapsulas\"}]},{\"@type\":\"WebSite\",\"@id\":\"https:\/\/test.puhdasplus.ee\/lv\/#website\",\"url\":\"https:\/\/test.puhdasplus.ee\/lv\/\",\"name\":\"Puhdas+\",\"description\":\"Vitamiinid, Toidulisandid, looduskosmeetika, tervis, sport\",\"publisher\":{\"@id\":\"https:\/\/test.puhdasplus.ee\/lv\/#organization\"},\"potentialAction\":[{\"@type\":\"SearchAction\",\"target\":{\"@type\":\"EntryPoint\",\"urlTemplate\":\"https:\/\/test.puhdasplus.ee\/lv\/?s={search_term_string}\"},\"query-input\":{\"@type\":\"PropertyValueSpecification\",\"valueRequired\":true,\"valueName\":\"search_term_string\"}}],\"inLanguage\":\"lv-LV\"},{\"@type\":\"Organization\",\"@id\":\"https:\/\/test.puhdasplus.ee\/lv\/#organization\",\"name\":\"Puhdas+\",\"alternateName\":\"Puhdasplus\",\"url\":\"https:\/\/test.puhdasplus.ee\/lv\/\",\"logo\":{\"@type\":\"ImageObject\",\"inLanguage\":\"lv-LV\",\"@id\":\"https:\/\/test.puhdasplus.ee\/lv\/#\/schema\/logo\/image\/\",\"url\":\"https:\/\/test.puhdasplus.ee\/\/wp-content\/uploads\/2019\/10\/puhdas_logo-arvele.png\",\"contentUrl\":\"https:\/\/test.puhdasplus.ee\/\/wp-content\/uploads\/2019\/10\/puhdas_logo-arvele.png\",\"width\":114,\"height\":94,\"caption\":\"Puhdas+\"},\"image\":{\"@id\":\"https:\/\/test.puhdasplus.ee\/lv\/#\/schema\/logo\/image\/\"},\"sameAs\":[\"https:\/\/www.facebook.com\/puhdasplus\",\"https:\/\/www.instagram.com\/puhdasplus_ee\/\"]}]}<\/script>\n<!-- \/ Yoast SEO plugin. -->","yoast_head_json":{"title":"5-HTP 100 mg \u2013 60 kapsulas | Stress un miegs | Puhdas+","description":"Puhdas+ 5-HTP 100 mg \u2013 augu uztura bag\u0101tin\u0101t\u0101js no Grifonijas s\u0113kl\u0101m. Atbalsta labsaj\u016btu, stresa p\u0101rvar\u0113\u0161anu un miegu. Veg\u0101ns. 60 kapsulas.","robots":{"index":"noindex","follow":"follow","max-snippet":"max-snippet:-1","max-image-preview":"max-image-preview:large","max-video-preview":"max-video-preview:-1"},"og_locale":"lv_LV","og_type":"article","og_title":"5-HTP 100 mg \u2013 60 kapsulas | Stress un miegs | Puhdas+","og_description":"Puhdas+ 5-HTP 100 mg \u2013 augu uztura bag\u0101tin\u0101t\u0101js no Grifonijas s\u0113kl\u0101m. Atbalsta labsaj\u016btu, stresa p\u0101rvar\u0113\u0161anu un miegu. Veg\u0101ns. 60 kapsulas.","og_url":"https:\/\/test.puhdasplus.ee\/lv\/tooted\/stress-un-miegs\/5-htp-100-mg-60-kapsulas\/","og_site_name":"Puhdas+","article_publisher":"https:\/\/www.facebook.com\/puhdasplus","article_modified_time":"2026-03-04T20:03:43+00:00","og_image":[{"width":1862,"height":2560,"url":"https:\/\/test.puhdasplus.ee\/wp-content\/uploads\/2021\/11\/5-htp-1-scaled.jpg","type":"image\/jpeg"}],"twitter_card":"summary_large_image","twitter_misc":{"Est. reading time":"2 min\u016btes"},"schema":{"@context":"https:\/\/schema.org","@graph":[{"@type":"WebPage","@id":"https:\/\/test.puhdasplus.ee\/lv\/tooted\/stress-un-miegs\/5-htp-100-mg-60-kapsulas\/","url":"https:\/\/test.puhdasplus.ee\/lv\/tooted\/stress-un-miegs\/5-htp-100-mg-60-kapsulas\/","name":"5-HTP 100 mg \u2013 60 kapsulas | Stress un miegs | Puhdas+","isPartOf":{"@id":"https:\/\/test.puhdasplus.ee\/lv\/#website"},"primaryImageOfPage":{"@id":"https:\/\/test.puhdasplus.ee\/lv\/tooted\/stress-un-miegs\/5-htp-100-mg-60-kapsulas\/#primaryimage"},"image":{"@id":"https:\/\/test.puhdasplus.ee\/lv\/tooted\/stress-un-miegs\/5-htp-100-mg-60-kapsulas\/#primaryimage"},"thumbnailUrl":"https:\/\/test.puhdasplus.ee\/wp-content\/uploads\/2021\/11\/5-htp-1-scaled.jpg","datePublished":"2021-11-10T20:39:47+00:00","dateModified":"2026-03-04T20:03:43+00:00","description":"Puhdas+ 5-HTP 100 mg \u2013 augu uztura bag\u0101tin\u0101t\u0101js no Grifonijas s\u0113kl\u0101m. Atbalsta labsaj\u016btu, stresa p\u0101rvar\u0113\u0161anu un miegu. Veg\u0101ns. 60 kapsulas.","breadcrumb":{"@id":"https:\/\/test.puhdasplus.ee\/lv\/tooted\/stress-un-miegs\/5-htp-100-mg-60-kapsulas\/#breadcrumb"},"inLanguage":"lv-LV","potentialAction":[{"@type":"ReadAction","target":["https:\/\/test.puhdasplus.ee\/lv\/tooted\/stress-un-miegs\/5-htp-100-mg-60-kapsulas\/"]}]},{"@type":"ImageObject","inLanguage":"lv-LV","@id":"https:\/\/test.puhdasplus.ee\/lv\/tooted\/stress-un-miegs\/5-htp-100-mg-60-kapsulas\/#primaryimage","url":"https:\/\/test.puhdasplus.ee\/wp-content\/uploads\/2021\/11\/5-htp-1-scaled.jpg","contentUrl":"https:\/\/test.puhdasplus.ee\/wp-content\/uploads\/2021\/11\/5-htp-1-scaled.jpg","width":1862,"height":2560,"caption":"5-HTP"},{"@type":"BreadcrumbList","@id":"https:\/\/test.puhdasplus.ee\/lv\/tooted\/stress-un-miegs\/5-htp-100-mg-60-kapsulas\/#breadcrumb","itemListElement":[{"@type":"ListItem","position":1,"name":"S\u0101kums","item":"https:\/\/test.puhdasplus.ee\/lv\/"},{"@type":"ListItem","position":2,"name":"Produkti","item":"https:\/\/test.puhdasplus.ee\/lv\/veikals\/"},{"@type":"ListItem","position":3,"name":"5-HTP 100 mg 60 kapsulas"}]},{"@type":"WebSite","@id":"https:\/\/test.puhdasplus.ee\/lv\/#website","url":"https:\/\/test.puhdasplus.ee\/lv\/","name":"Puhdas+","description":"Vitamiinid, Toidulisandid, looduskosmeetika, tervis, sport","publisher":{"@id":"https:\/\/test.puhdasplus.ee\/lv\/#organization"},"potentialAction":[{"@type":"SearchAction","target":{"@type":"EntryPoint","urlTemplate":"https:\/\/test.puhdasplus.ee\/lv\/?s={search_term_string}"},"query-input":{"@type":"PropertyValueSpecification","valueRequired":true,"valueName":"search_term_string"}}],"inLanguage":"lv-LV"},{"@type":"Organization","@id":"https:\/\/test.puhdasplus.ee\/lv\/#organization","name":"Puhdas+","alternateName":"Puhdasplus","url":"https:\/\/test.puhdasplus.ee\/lv\/","logo":{"@type":"ImageObject","inLanguage":"lv-LV","@id":"https:\/\/test.puhdasplus.ee\/lv\/#\/schema\/logo\/image\/","url":"https:\/\/test.puhdasplus.ee\/\/wp-content\/uploads\/2019\/10\/puhdas_logo-arvele.png","contentUrl":"https:\/\/test.puhdasplus.ee\/\/wp-content\/uploads\/2019\/10\/puhdas_logo-arvele.png","width":114,"height":94,"caption":"Puhdas+"},"image":{"@id":"https:\/\/test.puhdasplus.ee\/lv\/#\/schema\/logo\/image\/"},"sameAs":["https:\/\/www.facebook.com\/puhdasplus","https:\/\/www.instagram.com\/puhdasplus_ee\/"]}]}},"_links":{"self":[{"href":"https:\/\/test.puhdasplus.ee\/lv\/wp-json\/wp\/v2\/product\/34746","targetHints":{"allow":["GET"]}}],"collection":[{"href":"https:\/\/test.puhdasplus.ee\/lv\/wp-json\/wp\/v2\/product"}],"about":[{"href":"https:\/\/test.puhdasplus.ee\/lv\/wp-json\/wp\/v2\/types\/product"}],"replies":[{"embeddable":true,"href":"https:\/\/test.puhdasplus.ee\/lv\/wp-json\/wp\/v2\/comments?post=34746"}],"wp:featuredmedia":[{"embeddable":true,"href":"https:\/\/test.puhdasplus.ee\/lv\/wp-json\/wp\/v2\/media\/357371"}],"wp:attachment":[{"href":"https:\/\/test.puhdasplus.ee\/lv\/wp-json\/wp\/v2\/media?parent=34746"}],"wp:term":[{"taxonomy":"product_brand","embeddable":true,"href":"https:\/\/test.puhdasplus.ee\/lv\/wp-json\/wp\/v2\/product_brand?post=34746"},{"taxonomy":"product_cat","embeddable":true,"href":"https:\/\/test.puhdasplus.ee\/lv\/wp-json\/wp\/v2\/product_cat?post=34746"},{"taxonomy":"product_tag","embeddable":true,"href":"https:\/\/test.puhdasplus.ee\/lv\/wp-json\/wp\/v2\/product_tag?post=34746"}],"curies":[{"name":"wp","href":"https:\/\/api.w.org\/{rel}","templated":true}]}}