{"id":34727,"date":"2021-10-13T20:20:25","date_gmt":"2021-10-13T17:20:25","guid":{"rendered":"https:\/\/test.puhdasplus.ee\/\/tooted\/uncategorized\/taurina-pulveris-200g\/"},"modified":"2026-03-10T14:22:55","modified_gmt":"2026-03-10T12:22:55","slug":"taurina-pulveris-200g","status":"publish","type":"product","link":"https:\/\/test.puhdasplus.ee\/lv\/tooted\/gremosana-un-vielmaina\/detoksikacija\/taurina-pulveris-200g\/","title":{"rendered":"Taur\u012bna pulveris 200g"},"content":{"rendered":"<h2 data-start=\"218\" data-end=\"246\">Kas ir Pure+ taur\u012bns?<\/h2>\n<p data-start=\"281\" data-end=\"501\">Puhdas+ Tauriini pulveris ir kvalitat\u012bvs uztura bag\u0101tin\u0101t\u0101js, kas satur 100% t\u012bru taur\u012bnu bez piedev\u0101m. Taur\u012bns ir aminosk\u0101be, kas dabiski atrodama organism\u0101 un piedal\u0101s vair\u0101kos \u0137erme\u0146a fiziolo\u0123iskajos procesos. <\/p>\n<p data-start=\"503\" data-end=\"720\">Taur\u012bns ir \u012bpa\u0161i bag\u0101t\u012bgi sastopams sird\u012b, musku\u013cos, smadzen\u0113s un nervu sist\u0113m\u0101. Lai gan organisms sp\u0113j pats zin\u0101m\u0101 m\u0113r\u0101 sintez\u0113t taur\u012bnu, to bie\u017ei lieto ar\u012b k\u0101 uztura bag\u0101tin\u0101t\u0101ju, \u012bpa\u0161i akt\u012bva dz\u012bvesveida piekrit\u0113ju vid\u016b. <\/p>\n<p data-start=\"722\" data-end=\"867\">Puhdas+ Tauriini pulveris ir ra\u017eots Somij\u0101 p\u0113c augstiem kvalit\u0101tes standartiem un nesatur konservantus, kr\u0101svielas vai citas piedevas.<\/p>\n<h2 data-start=\"374\" data-end=\"398\">K\u0101p\u0113c lietot taur\u012bnu?<\/h2>\n<p data-start=\"899\" data-end=\"1112\">Taur\u012bns ir viena no organism\u0101 pla\u0161i sastopamaj\u0101m aminosk\u0101b\u0113m, kas piedal\u0101s vair\u0101kos biolo\u0123iskos procesos. Tas ir p\u0113t\u012bts saist\u012bb\u0101 ar norm\u0101lu \u0161\u016bnu darb\u012bbu, elektrol\u012btu l\u012bdzsvaru un organisma vielmai\u0146u. <\/p>\n<p data-start=\"1114\" data-end=\"1302\">Taur\u012bnu bie\u017ei izmanto ar\u012b sportistu un akt\u012bvu cilv\u0113ku uztura bag\u0101tin\u0101t\u0101jos. Pulvera forma \u013cauj viegli piel\u0101got devu un pievienot to, piem\u0113ram, \u016bdenim, sulai vai sm\u016btijam. <\/p>\n<p data-start=\"1304\" data-end=\"1453\">Puhdas+ Tauriini pulveris satur tikai t\u012bru taur\u012bnu, bez pildviel\u0101m vai cit\u0101m piedev\u0101m, t\u0101p\u0113c tas ir labi piem\u0113rots ikdienas lieto\u0161anai.<\/p>\n<h2 data-start=\"2251\" data-end=\"2298\">Kam piem\u0113rots Puhdas+ Tauriini pulveris?<\/h2>\n<ul data-start=\"2300\" data-end=\"2681\">\n<li class=\"\" data-start=\"2300\" data-end=\"2364\">\n<p class=\"\" data-start=\"2302\" data-end=\"2364\">Cilv\u0113kiem ar akt\u012bvu dz\u012bvesveidu un sportistiem<\/p>\n<\/li>\n<li class=\"\" data-start=\"2365\" data-end=\"2449\">\n<p class=\"\" data-start=\"2367\" data-end=\"2449\">Tiem, kuri dod priek\u0161roku pulverveida un viegli doz\u0113jamam uztura bag\u0101tin\u0101t\u0101jam<\/p>\n<\/li>\n<li class=\"\" data-start=\"2450\" data-end=\"2538\">\n<p class=\"\" data-start=\"2452\" data-end=\"2538\">Cilv\u0113kiem, kuri v\u0113las papildin\u0101t savu ikdienas \u0113dienkarti ar aminosk\u0101b\u0113m<\/p>\n<\/li>\n<li class=\"\" data-start=\"2539\" data-end=\"2614\">\n<p class=\"\" data-start=\"2541\" data-end=\"2614\">Veg\u0101niem un ve\u0123et\u0101rie\u0161iem<\/p>\n<\/li>\n<li class=\"\" data-start=\"2539\" data-end=\"2614\">\n<p class=\"\" data-start=\"2541\" data-end=\"2614\">Taur\u012bna pulveris ir labi piem\u0113rots cilv\u0113kiem, kuri v\u0113las papildin\u0101t savu ikdienas uzturu ar aminosk\u0101b\u0113m.<\/p>\n<\/li>\n<\/ul>\n<h2 data-start=\"1070\" data-end=\"1084\">Lietojums<\/h2>\n<p class=\"\" data-start=\"1086\" data-end=\"1211\"><span class=\"relative -mx-px my-[-0.2rem] rounded px-px py-[0.2rem] transition-colors duration-100 ease-in-out\"><strong data-start=\"0\" data-end=\"20\" data-is-only-node=\"\">Ieteicam\u0101 deva<\/strong> : 1\u20132 t\u0113jkarotes (aptuveni 2\u20134 g) dien\u0101.<\/span> <span class=\"relative -mx-px my-[-0.2rem] rounded px-px py-[0.2rem] transition-colors duration-100 ease-in-out\">Pulveris tiek sajaukts ar \u016bdeni, sulu vai koktei\u013ciem.<\/span><\/p>\n<p class=\"\" data-start=\"1086\" data-end=\"1211\">Neitr\u0101l\u0101s gar\u0161as d\u0113\u013c pulveri ir viegli pievienot da\u017e\u0101diem dz\u0113rieniem.<\/p>\n<p class=\"\" data-start=\"1213\" data-end=\"1298\"><span class=\"relative -mx-px my-[-0.2rem] rounded px-px py-[0.2rem] transition-colors duration-100 ease-in-out\">Nep\u0101rsniedziet ieteicamo dienas devu. Uztura bag\u0101tin\u0101t\u0101js neaizst\u0101j daudzveid\u012bgu un sabalans\u0113tu uzturu vai vesel\u012bgu dz\u012bvesveidu. Sarg\u0101t no b\u0113rniem.  <\/span>\u200b<\/p>\n<h2 data-start=\"1305\" data-end=\"1320\">Sast\u0101vda\u013cas<\/h2>\n<ul data-start=\"1322\" data-end=\"1409\">\n<li class=\"\" data-start=\"1322\" data-end=\"1409\">\n<p class=\"\" data-start=\"1324\" data-end=\"1409\"><span class=\"relative -mx-px my-[-0.2rem] rounded px-px py-[0.2rem] transition-colors duration-100 ease-in-out\">Taur\u012bns<\/span><\/p>\n<\/li>\n<\/ul>\n<p class=\"\" data-start=\"1411\" data-end=\"1536\"><span class=\"relative -mx-px my-[-0.2rem] rounded px-px py-[0.2rem] transition-colors duration-100 ease-in-out\"><strong data-start=\"0\" data-end=\"14\" data-is-only-node=\"\">Nesatur<\/strong>: laktozi, glut\u0113nu, raugu, cukuru, s\u0101li, cieti, kukur\u016bzu vai soju.<\/span><\/p>\n<h2 data-start=\"1543\" data-end=\"1559\">Uzturv\u0113rt\u012bba<\/h2>\n<p class=\"\" data-start=\"1561\" data-end=\"1646\"><span class=\"relative -mx-px my-[-0.2rem] rounded px-px py-[0.2rem] transition-colors duration-100 ease-in-out\"><strong data-start=\"0\" data-end=\"38\" data-is-only-node=\"\">1\u20132 t\u0113jkarotes (2\u20134 g) satur<\/strong> :<\/span><\/p>\n<ul data-start=\"1648\" data-end=\"1735\">\n<li class=\"\" data-start=\"1648\" data-end=\"1735\">\n<p class=\"\" data-start=\"1650\" data-end=\"1735\"><span class=\"relative -mx-px my-[-0.2rem] rounded px-px py-[0.2rem] transition-colors duration-100 ease-in-out\">Taur\u012bns: 2\u20134 g<\/span><\/p>\n<\/li>\n<\/ul>\n","protected":false},"excerpt":{"rendered":"<p data-start=\"0\" data-end=\"289\">Puhdas+ Tauriini 200 g ir 100% t\u012brs taur\u012bna pulveris, kas piem\u0113rots ikdienas lieto\u0161anai k\u0101 aminosk\u0101bes papildin\u0101jums. Taur\u012bns ir organism\u0101 dabiski sastopama aminosk\u0101be, kas \u012bpa\u0161i liel\u0101 daudzum\u0101 atrodama sird\u012b, musku\u013cos, smadzen\u0113s un nervu sist\u0113m\u0101, un piedal\u0101s vair\u0101kos organisma fiziolo\u0123iskajos procesos. <\/p>\n<p data-start=\"291\" data-end=\"559\">Taur\u012bnu bie\u017ei izmanto k\u0101 uztura bag\u0101tin\u0101t\u0101ju akt\u012bva dz\u012bvesveida piekrit\u0113jiem un sportistiem, jo pulvera forma \u013cauj \u0113rti piel\u0101got devu un viegli pievienot to ikdienas dz\u0113rieniem. Neitr\u0101l\u0101s gar\u0161as d\u0113\u013c taur\u012bns labi sader ar \u016bdeni, sulu vai sm\u016btiju. <\/p>\n<p data-start=\"561\" data-end=\"881\" data-is-last-node=\"\" data-is-only-node=\"\">Puhdas+ Tauriini pulveris satur tikai t\u012bru taur\u012bnu bez piedev\u0101m. Produkts ir ra\u017eots Somij\u0101 p\u0113c augstiem kvalit\u0101tes standartiem un nesatur glut\u0113nu, laktozi vai m\u0101ksl\u012bg\u0101s piedevas. Piem\u0113rots ar\u012b veg\u0101niem un ve\u0123et\u0101rie\u0161iem, kuri v\u0113las papildin\u0101t savu ikdienas uzturu ar kvalitat\u012bvu aminosk\u0101bi.  <\/p>\n","protected":false},"featured_media":34733,"comment_status":"closed","ping_status":"closed","template":"","meta":{"_acf_changed":false},"product_brand":[],"product_cat":[3509,5781,3067,3441],"product_tag":[3485,3522,3225,3216,5447,3723,3725,5782],"class_list":{"0":"post-34727","1":"product","2":"type-product","3":"status-publish","4":"has-post-thumbnail","6":"product_cat-aminoskabes","7":"product_cat-detoksikacija","8":"product_cat-ipasie-piedavajumi","9":"product_cat-sirds-veseliba","10":"product_tag-aminoskabe","11":"product_tag-miegs-un-stress","12":"product_tag-muskuli-un-locitavas","13":"product_tag-muskulu-funkcija","14":"product_tag-nervu-sistema-lv","15":"product_tag-sirds-veseliba","16":"product_tag-sporta-uztura-bagatinatajs","17":"product_tag-taurins","19":"first","20":"instock","21":"sale","22":"taxable","23":"shipping-taxable","24":"purchasable","25":"product-type-simple"},"acf":[],"yoast_head":"<!-- This site is optimized with the Yoast SEO plugin v27.1.1 - https:\/\/yoast.com\/product\/yoast-seo-wordpress\/ -->\n<title>Taur\u012bna pulveris 200g - Puhdas+<\/title>\n<meta name=\"description\" content=\"T\u012brs taur\u012bna pulveris sirds, nervu sist\u0113mas un atjauno\u0161an\u0101s atbalstam. Pal\u012bdz mazin\u0101t stresu un nogurumu. Bez piedev\u0101m, piem\u0113rots ar\u012b veg\u0101niem.\" \/>\n<meta name=\"robots\" content=\"noindex, follow, max-snippet:-1, max-image-preview:large, max-video-preview:-1\" \/>\n<meta property=\"og:locale\" content=\"lv_LV\" \/>\n<meta property=\"og:type\" content=\"article\" \/>\n<meta property=\"og:title\" content=\"Taur\u012bna pulveris 200g - Puhdas+\" \/>\n<meta property=\"og:description\" content=\"T\u012brs taur\u012bna pulveris sirds, nervu sist\u0113mas un atjauno\u0161an\u0101s atbalstam. Pal\u012bdz mazin\u0101t stresu un nogurumu. Bez piedev\u0101m, piem\u0113rots ar\u012b veg\u0101niem.\" \/>\n<meta property=\"og:url\" content=\"https:\/\/test.puhdasplus.ee\/lv\/tooted\/gremosana-un-vielmaina\/detoksikacija\/taurina-pulveris-200g\/\" \/>\n<meta property=\"og:site_name\" content=\"Puhdas+\" \/>\n<meta property=\"article:publisher\" content=\"https:\/\/www.facebook.com\/puhdasplus\" \/>\n<meta property=\"article:modified_time\" content=\"2026-03-10T12:22:55+00:00\" \/>\n<meta property=\"og:image\" content=\"https:\/\/test.puhdasplus.ee\/wp-content\/uploads\/2025\/03\/25.jpg\" \/>\n\t<meta property=\"og:image:width\" content=\"1862\" \/>\n\t<meta property=\"og:image:height\" content=\"2560\" \/>\n\t<meta property=\"og:image:type\" content=\"image\/jpeg\" \/>\n<meta name=\"twitter:card\" content=\"summary_large_image\" \/>\n<meta name=\"twitter:label1\" content=\"Est. reading time\" \/>\n\t<meta name=\"twitter:data1\" content=\"2 min\u016btes\" \/>\n<script type=\"application\/ld+json\" class=\"yoast-schema-graph\">{\"@context\":\"https:\/\/schema.org\",\"@graph\":[{\"@type\":\"WebPage\",\"@id\":\"https:\/\/test.puhdasplus.ee\/lv\/tooted\/gremosana-un-vielmaina\/detoksikacija\/taurina-pulveris-200g\/\",\"url\":\"https:\/\/test.puhdasplus.ee\/lv\/tooted\/gremosana-un-vielmaina\/detoksikacija\/taurina-pulveris-200g\/\",\"name\":\"Taur\u012bna pulveris 200g - Puhdas+\",\"isPartOf\":{\"@id\":\"https:\/\/test.puhdasplus.ee\/lv\/#website\"},\"primaryImageOfPage\":{\"@id\":\"https:\/\/test.puhdasplus.ee\/lv\/tooted\/gremosana-un-vielmaina\/detoksikacija\/taurina-pulveris-200g\/#primaryimage\"},\"image\":{\"@id\":\"https:\/\/test.puhdasplus.ee\/lv\/tooted\/gremosana-un-vielmaina\/detoksikacija\/taurina-pulveris-200g\/#primaryimage\"},\"thumbnailUrl\":\"https:\/\/test.puhdasplus.ee\/wp-content\/uploads\/2025\/03\/25.jpg\",\"datePublished\":\"2021-10-13T17:20:25+00:00\",\"dateModified\":\"2026-03-10T12:22:55+00:00\",\"description\":\"T\u012brs taur\u012bna pulveris sirds, nervu sist\u0113mas un atjauno\u0161an\u0101s atbalstam. Pal\u012bdz mazin\u0101t stresu un nogurumu. Bez piedev\u0101m, piem\u0113rots ar\u012b veg\u0101niem.\",\"breadcrumb\":{\"@id\":\"https:\/\/test.puhdasplus.ee\/lv\/tooted\/gremosana-un-vielmaina\/detoksikacija\/taurina-pulveris-200g\/#breadcrumb\"},\"inLanguage\":\"lv-LV\",\"potentialAction\":[{\"@type\":\"ReadAction\",\"target\":[\"https:\/\/test.puhdasplus.ee\/lv\/tooted\/gremosana-un-vielmaina\/detoksikacija\/taurina-pulveris-200g\/\"]}]},{\"@type\":\"ImageObject\",\"inLanguage\":\"lv-LV\",\"@id\":\"https:\/\/test.puhdasplus.ee\/lv\/tooted\/gremosana-un-vielmaina\/detoksikacija\/taurina-pulveris-200g\/#primaryimage\",\"url\":\"https:\/\/test.puhdasplus.ee\/wp-content\/uploads\/2025\/03\/25.jpg\",\"contentUrl\":\"https:\/\/test.puhdasplus.ee\/wp-content\/uploads\/2025\/03\/25.jpg\",\"width\":1862,\"height\":2560,\"caption\":\"Taur\u012bna pulveris 200g\"},{\"@type\":\"BreadcrumbList\",\"@id\":\"https:\/\/test.puhdasplus.ee\/lv\/tooted\/gremosana-un-vielmaina\/detoksikacija\/taurina-pulveris-200g\/#breadcrumb\",\"itemListElement\":[{\"@type\":\"ListItem\",\"position\":1,\"name\":\"S\u0101kums\",\"item\":\"https:\/\/test.puhdasplus.ee\/lv\/\"},{\"@type\":\"ListItem\",\"position\":2,\"name\":\"Produkti\",\"item\":\"https:\/\/test.puhdasplus.ee\/lv\/veikals\/\"},{\"@type\":\"ListItem\",\"position\":3,\"name\":\"Taur\u012bna pulveris 200g\"}]},{\"@type\":\"WebSite\",\"@id\":\"https:\/\/test.puhdasplus.ee\/lv\/#website\",\"url\":\"https:\/\/test.puhdasplus.ee\/lv\/\",\"name\":\"Puhdas+\",\"description\":\"Vitamiinid, Toidulisandid, looduskosmeetika, tervis, sport\",\"publisher\":{\"@id\":\"https:\/\/test.puhdasplus.ee\/lv\/#organization\"},\"potentialAction\":[{\"@type\":\"SearchAction\",\"target\":{\"@type\":\"EntryPoint\",\"urlTemplate\":\"https:\/\/test.puhdasplus.ee\/lv\/?s={search_term_string}\"},\"query-input\":{\"@type\":\"PropertyValueSpecification\",\"valueRequired\":true,\"valueName\":\"search_term_string\"}}],\"inLanguage\":\"lv-LV\"},{\"@type\":\"Organization\",\"@id\":\"https:\/\/test.puhdasplus.ee\/lv\/#organization\",\"name\":\"Puhdas+\",\"alternateName\":\"Puhdasplus\",\"url\":\"https:\/\/test.puhdasplus.ee\/lv\/\",\"logo\":{\"@type\":\"ImageObject\",\"inLanguage\":\"lv-LV\",\"@id\":\"https:\/\/test.puhdasplus.ee\/lv\/#\/schema\/logo\/image\/\",\"url\":\"https:\/\/test.puhdasplus.ee\/\/wp-content\/uploads\/2019\/10\/puhdas_logo-arvele.png\",\"contentUrl\":\"https:\/\/test.puhdasplus.ee\/\/wp-content\/uploads\/2019\/10\/puhdas_logo-arvele.png\",\"width\":114,\"height\":94,\"caption\":\"Puhdas+\"},\"image\":{\"@id\":\"https:\/\/test.puhdasplus.ee\/lv\/#\/schema\/logo\/image\/\"},\"sameAs\":[\"https:\/\/www.facebook.com\/puhdasplus\",\"https:\/\/www.instagram.com\/puhdasplus_ee\/\"]}]}<\/script>\n<!-- \/ Yoast SEO plugin. -->","yoast_head_json":{"title":"Taur\u012bna pulveris 200g - Puhdas+","description":"T\u012brs taur\u012bna pulveris sirds, nervu sist\u0113mas un atjauno\u0161an\u0101s atbalstam. Pal\u012bdz mazin\u0101t stresu un nogurumu. Bez piedev\u0101m, piem\u0113rots ar\u012b veg\u0101niem.","robots":{"index":"noindex","follow":"follow","max-snippet":"max-snippet:-1","max-image-preview":"max-image-preview:large","max-video-preview":"max-video-preview:-1"},"og_locale":"lv_LV","og_type":"article","og_title":"Taur\u012bna pulveris 200g - Puhdas+","og_description":"T\u012brs taur\u012bna pulveris sirds, nervu sist\u0113mas un atjauno\u0161an\u0101s atbalstam. Pal\u012bdz mazin\u0101t stresu un nogurumu. Bez piedev\u0101m, piem\u0113rots ar\u012b veg\u0101niem.","og_url":"https:\/\/test.puhdasplus.ee\/lv\/tooted\/gremosana-un-vielmaina\/detoksikacija\/taurina-pulveris-200g\/","og_site_name":"Puhdas+","article_publisher":"https:\/\/www.facebook.com\/puhdasplus","article_modified_time":"2026-03-10T12:22:55+00:00","og_image":[{"width":1862,"height":2560,"url":"https:\/\/test.puhdasplus.ee\/wp-content\/uploads\/2025\/03\/25.jpg","type":"image\/jpeg"}],"twitter_card":"summary_large_image","twitter_misc":{"Est. reading time":"2 min\u016btes"},"schema":{"@context":"https:\/\/schema.org","@graph":[{"@type":"WebPage","@id":"https:\/\/test.puhdasplus.ee\/lv\/tooted\/gremosana-un-vielmaina\/detoksikacija\/taurina-pulveris-200g\/","url":"https:\/\/test.puhdasplus.ee\/lv\/tooted\/gremosana-un-vielmaina\/detoksikacija\/taurina-pulveris-200g\/","name":"Taur\u012bna pulveris 200g - Puhdas+","isPartOf":{"@id":"https:\/\/test.puhdasplus.ee\/lv\/#website"},"primaryImageOfPage":{"@id":"https:\/\/test.puhdasplus.ee\/lv\/tooted\/gremosana-un-vielmaina\/detoksikacija\/taurina-pulveris-200g\/#primaryimage"},"image":{"@id":"https:\/\/test.puhdasplus.ee\/lv\/tooted\/gremosana-un-vielmaina\/detoksikacija\/taurina-pulveris-200g\/#primaryimage"},"thumbnailUrl":"https:\/\/test.puhdasplus.ee\/wp-content\/uploads\/2025\/03\/25.jpg","datePublished":"2021-10-13T17:20:25+00:00","dateModified":"2026-03-10T12:22:55+00:00","description":"T\u012brs taur\u012bna pulveris sirds, nervu sist\u0113mas un atjauno\u0161an\u0101s atbalstam. Pal\u012bdz mazin\u0101t stresu un nogurumu. Bez piedev\u0101m, piem\u0113rots ar\u012b veg\u0101niem.","breadcrumb":{"@id":"https:\/\/test.puhdasplus.ee\/lv\/tooted\/gremosana-un-vielmaina\/detoksikacija\/taurina-pulveris-200g\/#breadcrumb"},"inLanguage":"lv-LV","potentialAction":[{"@type":"ReadAction","target":["https:\/\/test.puhdasplus.ee\/lv\/tooted\/gremosana-un-vielmaina\/detoksikacija\/taurina-pulveris-200g\/"]}]},{"@type":"ImageObject","inLanguage":"lv-LV","@id":"https:\/\/test.puhdasplus.ee\/lv\/tooted\/gremosana-un-vielmaina\/detoksikacija\/taurina-pulveris-200g\/#primaryimage","url":"https:\/\/test.puhdasplus.ee\/wp-content\/uploads\/2025\/03\/25.jpg","contentUrl":"https:\/\/test.puhdasplus.ee\/wp-content\/uploads\/2025\/03\/25.jpg","width":1862,"height":2560,"caption":"Taur\u012bna pulveris 200g"},{"@type":"BreadcrumbList","@id":"https:\/\/test.puhdasplus.ee\/lv\/tooted\/gremosana-un-vielmaina\/detoksikacija\/taurina-pulveris-200g\/#breadcrumb","itemListElement":[{"@type":"ListItem","position":1,"name":"S\u0101kums","item":"https:\/\/test.puhdasplus.ee\/lv\/"},{"@type":"ListItem","position":2,"name":"Produkti","item":"https:\/\/test.puhdasplus.ee\/lv\/veikals\/"},{"@type":"ListItem","position":3,"name":"Taur\u012bna pulveris 200g"}]},{"@type":"WebSite","@id":"https:\/\/test.puhdasplus.ee\/lv\/#website","url":"https:\/\/test.puhdasplus.ee\/lv\/","name":"Puhdas+","description":"Vitamiinid, Toidulisandid, looduskosmeetika, tervis, sport","publisher":{"@id":"https:\/\/test.puhdasplus.ee\/lv\/#organization"},"potentialAction":[{"@type":"SearchAction","target":{"@type":"EntryPoint","urlTemplate":"https:\/\/test.puhdasplus.ee\/lv\/?s={search_term_string}"},"query-input":{"@type":"PropertyValueSpecification","valueRequired":true,"valueName":"search_term_string"}}],"inLanguage":"lv-LV"},{"@type":"Organization","@id":"https:\/\/test.puhdasplus.ee\/lv\/#organization","name":"Puhdas+","alternateName":"Puhdasplus","url":"https:\/\/test.puhdasplus.ee\/lv\/","logo":{"@type":"ImageObject","inLanguage":"lv-LV","@id":"https:\/\/test.puhdasplus.ee\/lv\/#\/schema\/logo\/image\/","url":"https:\/\/test.puhdasplus.ee\/\/wp-content\/uploads\/2019\/10\/puhdas_logo-arvele.png","contentUrl":"https:\/\/test.puhdasplus.ee\/\/wp-content\/uploads\/2019\/10\/puhdas_logo-arvele.png","width":114,"height":94,"caption":"Puhdas+"},"image":{"@id":"https:\/\/test.puhdasplus.ee\/lv\/#\/schema\/logo\/image\/"},"sameAs":["https:\/\/www.facebook.com\/puhdasplus","https:\/\/www.instagram.com\/puhdasplus_ee\/"]}]}},"_links":{"self":[{"href":"https:\/\/test.puhdasplus.ee\/lv\/wp-json\/wp\/v2\/product\/34727","targetHints":{"allow":["GET"]}}],"collection":[{"href":"https:\/\/test.puhdasplus.ee\/lv\/wp-json\/wp\/v2\/product"}],"about":[{"href":"https:\/\/test.puhdasplus.ee\/lv\/wp-json\/wp\/v2\/types\/product"}],"replies":[{"embeddable":true,"href":"https:\/\/test.puhdasplus.ee\/lv\/wp-json\/wp\/v2\/comments?post=34727"}],"wp:featuredmedia":[{"embeddable":true,"href":"https:\/\/test.puhdasplus.ee\/lv\/wp-json\/wp\/v2\/media\/34733"}],"wp:attachment":[{"href":"https:\/\/test.puhdasplus.ee\/lv\/wp-json\/wp\/v2\/media?parent=34727"}],"wp:term":[{"taxonomy":"product_brand","embeddable":true,"href":"https:\/\/test.puhdasplus.ee\/lv\/wp-json\/wp\/v2\/product_brand?post=34727"},{"taxonomy":"product_cat","embeddable":true,"href":"https:\/\/test.puhdasplus.ee\/lv\/wp-json\/wp\/v2\/product_cat?post=34727"},{"taxonomy":"product_tag","embeddable":true,"href":"https:\/\/test.puhdasplus.ee\/lv\/wp-json\/wp\/v2\/product_tag?post=34727"}],"curies":[{"name":"wp","href":"https:\/\/api.w.org\/{rel}","templated":true}]}}