{"id":34722,"date":"2021-10-05T18:03:08","date_gmt":"2021-10-05T15:03:08","guid":{"rendered":"https:\/\/test.puhdasplus.ee\/\/tooted\/uncategorized\/priezu-eteriska-ella-10-ml\/"},"modified":"2026-03-10T14:23:35","modified_gmt":"2026-03-10T12:23:35","slug":"priezu-eteriska-ella-10-ml","status":"publish","type":"product","link":"https:\/\/test.puhdasplus.ee\/lv\/tooted\/eteriskas-ellas\/priezu-eteriska-ella-10-ml\/","title":{"rendered":"Prie\u017eu \u0113terisk\u0101 e\u013c\u013ca 10 ml"},"content":{"rendered":"<h3>Dabisks svaigums un ener\u0123ija<\/h3>\n<h3>Prie\u017eu \u0113terisk\u0101 e\u013c\u013ca ir 100% t\u012bra dab\u012bga e\u013c\u013ca, kas ieg\u016bta no parast\u0101s priedes (Pinus sylvestris) skuj\u0101m.<\/h3>\n<p>Tam ir svaigs un koksnes arom\u0101ts, kas pal\u012bdz atv\u0113rt elpce\u013cus, uzlabo koncentr\u0113\u0161an\u0101s sp\u0113jas un pie\u0161\u0137ir ener\u0123iju.<\/p>\n<p data-start=\"486\" data-end=\"960\">Prie\u017eu \u0113terisk\u0101 e\u013c\u013ca tiek ieg\u016bta no r\u016bp\u012bgi atlas\u012bt\u0101m parasto prie\u017eu skuj\u0101m, nodro\u0161inot augstu kvalit\u0101ti un efektivit\u0101ti. \u0160\u012bs e\u013c\u013cas svaigais, koksnes arom\u0101ts pal\u012bdz atv\u0113rt elpce\u013cus, uzlabot koncentr\u0113\u0161an\u0101s sp\u0113jas un pievienot ener\u0123iju. Prie\u017eu \u0113terisk\u0101 e\u013c\u013ca ir paz\u012bstama ar sav\u0101m antibakteri\u0101laj\u0101m un antiseptiskaj\u0101m \u012bpa\u0161\u012bb\u0101m, kas pal\u012bdz att\u012br\u012bt gaisu un atbalst\u012bt visp\u0101r\u0113jo labsaj\u016btu. E\u013c\u013cu var izmantot aromlamp\u0101s, difuzoros, saun\u0101 vai at\u0161\u0137aid\u012btu k\u0101 mas\u0101\u017eas e\u013c\u013cu.   <\/p>\n<p data-start=\"962\" data-end=\"983\"><strong data-start=\"962\" data-end=\"983\">Galven\u0101s priek\u0161roc\u012bbas:<\/strong><\/p>\n<ul data-start=\"984\" data-end=\"1491\">\n<li data-start=\"984\" data-end=\"1089\"><strong data-start=\"986\" data-end=\"1012\">Elpo\u0161anas ce\u013cu atv\u0113r\u0161ana:<\/strong> Svaigs arom\u0101ts pal\u012bdz mazin\u0101t elpo\u0161anas ce\u013cu slim\u012bbas un atvieglo elpo\u0161anu.<\/li>\n<li data-start=\"1090\" data-end=\"1197\"><strong data-start=\"1092\" data-end=\"1125\">Koncentr\u0113\u0161an\u0101s uzlabo\u0161ana:<\/strong> Stimul\u0113jo\u0161ais arom\u0101ts pal\u012bdz palielin\u0101t gar\u012bgo skaidr\u012bbu un koncentr\u0113\u0161an\u0101s sp\u0113jas.<\/li>\n<li data-start=\"1198\" data-end=\"1294\"><strong data-start=\"1200\" data-end=\"1231\">Antibakteri\u0101las \u012bpa\u0161\u012bbas:<\/strong> Pal\u012bdz att\u012br\u012bt gaisu un samazin\u0101t mikrobu skaitu vid\u0113.<\/li>\n<li data-start=\"1295\" data-end=\"1405\"><strong data-start=\"1297\" data-end=\"1321\">Daudzpus\u012bgs lietojums:<\/strong> piem\u0113rots aromterapijai, saunas lieto\u0161anai, m\u0101jas gaisa atsvaidzin\u0101t\u0101jam un mas\u0101\u017eai.<\/li>\n<li data-start=\"1406\" data-end=\"1491\"><strong data-start=\"1408\" data-end=\"1436\">100% t\u012brs un dab\u012bgs:<\/strong> nesatur sint\u0113tiskas piedevas vai konservantus.<\/li>\n<\/ul>\n<p data-start=\"1493\" data-end=\"1536\"><strong data-start=\"1493\" data-end=\"1509\">Sast\u0101vda\u013cas:<\/strong> prie\u017eu lapu e\u013c\u013ca.<\/p>\n<p data-start=\"1538\" data-end=\"1558\"><strong data-start=\"1538\" data-end=\"1558\">Lieto\u0161anas instrukcija:<\/strong><\/p>\n<ul data-start=\"1559\" data-end=\"2226\">\n<li data-start=\"1559\" data-end=\"1668\"><strong data-start=\"1561\" data-end=\"1570\">Pirts:<\/strong> Pievienojiet tvaika \u016bdenim 1\u20133 pilienus \u0113terisk\u0101s e\u013c\u013cas, lai rad\u012btu atsvaidzino\u0161u un elpo\u0161anas ce\u013cus atvero\u0161u pirts pieredzi.<\/li>\n<li data-start=\"1669\" data-end=\"1829\"><strong data-start=\"1671\" data-end=\"1689\">Smidzin\u0101\u0161anas pudele:<\/strong> Pievienojiet da\u017eus pilienus e\u013c\u013cas smidzin\u0101t\u0101ja pudel\u0113, kas piepild\u012bta ar \u016bdeni, un izsmidziniet telpas gaisu vai m\u0101jas tekstilizstr\u0101d\u0101jumus, lai atsvaidzin\u0101tu gaisu un rad\u012btu pat\u012bkamu arom\u0101tu.<\/li>\n<li data-start=\"1830\" data-end=\"1964\"><strong data-start=\"1832\" data-end=\"1841\">Vanna:<\/strong> Sajauciet 3-5 pilienus \u0113terisk\u0101s e\u013c\u013cas ar medu vai \u0161\u0137idraj\u0101m ziep\u0113m un pievienojiet vannas \u016bdenim, lai ieg\u016btu relaks\u0113jo\u0161u un atsvaidzino\u0161u vannu.<\/li>\n<li data-start=\"1965\" data-end=\"2094\"><strong data-start=\"1967\" data-end=\"1986\">Aroma difuzors:<\/strong> Pievienojiet difuzoram 3\u20137 pilienus \u0113terisk\u0101s e\u013c\u013cas, lai telp\u0101 izplat\u012btu pat\u012bkamu arom\u0101tu un rad\u012btu nomierino\u0161u atmosf\u0113ru.<\/li>\n<li data-start=\"2095\" data-end=\"2226\"><strong data-start=\"2097\" data-end=\"2112\">Arom\u0101tiska lampa:<\/strong> Pievienojiet 3\u20137 pilienus \u0113terisk\u0101s e\u013c\u013cas ar \u016bdeni pild\u012btai arom\u0101tiskajai lampai un aizdedziniet sveci, lai izplat\u012btu pat\u012bkamu arom\u0101tu vis\u0101 telp\u0101.<\/li>\n<\/ul>\n<p data-start=\"2228\" data-end=\"2535\"><strong data-start=\"2228\" data-end=\"2246\">Dro\u0161\u012bbas nor\u0101d\u012bjumi:<\/strong> Tikai \u0101r\u012bgai lieto\u0161anai. Neuzkl\u0101jiet neat\u0161\u0137aid\u012btu e\u013c\u013cu tie\u0161i uz \u0101das. Izvairieties no saskares ar ac\u012bm un g\u013cot\u0101d\u0101m.   Sarg\u0101t no b\u0113rniem. Gr\u016btniec\u0113m, sieviet\u0113m, kas baro b\u0113rnu ar kr\u016bti, b\u0113rniem, vec\u0101ka gadag\u0101juma cilv\u0113kiem un cilv\u0113kiem ar hronisk\u0101m slim\u012bb\u0101m pirms lieto\u0161anas j\u0101konsult\u0113jas ar vesel\u012bbas apr\u016bpes speci\u0101listu.<\/p>\n","protected":false},"excerpt":{"rendered":"<p>100% t\u012bra prie\u017eu \u0113terisk\u0101 e\u013c\u013ca, kas pied\u0101v\u0101 svaigu me\u017ea arom\u0101tu un ir daudzpus\u012bgi izmantojama aromterapij\u0101, saun\u0101s un m\u0101jas vid\u0113.<\/p>\n","protected":false},"featured_media":34726,"comment_status":"closed","ping_status":"closed","template":"","meta":{"_acf_changed":false},"product_brand":[],"product_cat":[2761,3067],"product_tag":[5761,2764,2765,5760,5759,2767],"class_list":{"0":"post-34722","1":"product","2":"type-product","3":"status-publish","4":"has-post-thumbnail","6":"product_cat-eteriskas-ellas","7":"product_cat-ipasie-piedavajumi","8":"product_tag-antibakterialas-ipasibas","9":"product_tag-aromterapija","10":"product_tag-dabigs-gaisa-atsvaidzinatajs","11":"product_tag-elpcelu-atversana","12":"product_tag-priezu-eteriska-ella","13":"product_tag-uzlabo-koncentresanas-spejas","15":"first","16":"instock","17":"sale","18":"taxable","19":"shipping-taxable","20":"purchasable","21":"product-type-simple"},"acf":[],"yoast_head":"<!-- This site is optimized with the Yoast SEO plugin v27.1.1 - https:\/\/yoast.com\/product\/yoast-seo-wordpress\/ -->\n<title>Prie\u017eu \u0113terisk\u0101 e\u013c\u013ca 10 ml - Puhdas+<\/title>\n<meta name=\"description\" content=\"Prie\u017eu \u0113terisk\u0101 e\u013c\u013ca 10 ml ir 100% t\u012bra dab\u012bga e\u013c\u013ca, kas pied\u0101v\u0101 daudzpus\u012bgu pielietojumu aromterapij\u0101, saun\u0101s un m\u0101j\u0101s.\" \/>\n<meta name=\"robots\" content=\"noindex, follow, max-snippet:-1, max-image-preview:large, max-video-preview:-1\" \/>\n<meta property=\"og:locale\" content=\"lv_LV\" \/>\n<meta property=\"og:type\" content=\"article\" \/>\n<meta property=\"og:title\" content=\"Prie\u017eu \u0113terisk\u0101 e\u013c\u013ca 10 ml - Puhdas+\" \/>\n<meta property=\"og:description\" content=\"Prie\u017eu \u0113terisk\u0101 e\u013c\u013ca 10 ml ir 100% t\u012bra dab\u012bga e\u013c\u013ca, kas pied\u0101v\u0101 daudzpus\u012bgu pielietojumu aromterapij\u0101, saun\u0101s un m\u0101j\u0101s.\" \/>\n<meta property=\"og:url\" content=\"https:\/\/test.puhdasplus.ee\/lv\/tooted\/eteriskas-ellas\/priezu-eteriska-ella-10-ml\/\" \/>\n<meta property=\"og:site_name\" content=\"Puhdas+\" \/>\n<meta property=\"article:publisher\" content=\"https:\/\/www.facebook.com\/puhdasplus\" \/>\n<meta property=\"article:modified_time\" content=\"2026-03-10T12:23:35+00:00\" \/>\n<meta property=\"og:image\" content=\"https:\/\/test.puhdasplus.ee\/wp-content\/uploads\/2021\/10\/Untitled-design-45.jpg\" \/>\n\t<meta property=\"og:image:width\" content=\"1862\" \/>\n\t<meta property=\"og:image:height\" content=\"2560\" \/>\n\t<meta property=\"og:image:type\" content=\"image\/jpeg\" \/>\n<meta name=\"twitter:card\" content=\"summary_large_image\" \/>\n<meta name=\"twitter:label1\" content=\"Est. reading time\" \/>\n\t<meta name=\"twitter:data1\" content=\"2 min\u016btes\" \/>\n<script type=\"application\/ld+json\" class=\"yoast-schema-graph\">{\"@context\":\"https:\/\/schema.org\",\"@graph\":[{\"@type\":\"WebPage\",\"@id\":\"https:\/\/test.puhdasplus.ee\/lv\/tooted\/eteriskas-ellas\/priezu-eteriska-ella-10-ml\/\",\"url\":\"https:\/\/test.puhdasplus.ee\/lv\/tooted\/eteriskas-ellas\/priezu-eteriska-ella-10-ml\/\",\"name\":\"Prie\u017eu \u0113terisk\u0101 e\u013c\u013ca 10 ml - Puhdas+\",\"isPartOf\":{\"@id\":\"https:\/\/test.puhdasplus.ee\/lv\/#website\"},\"primaryImageOfPage\":{\"@id\":\"https:\/\/test.puhdasplus.ee\/lv\/tooted\/eteriskas-ellas\/priezu-eteriska-ella-10-ml\/#primaryimage\"},\"image\":{\"@id\":\"https:\/\/test.puhdasplus.ee\/lv\/tooted\/eteriskas-ellas\/priezu-eteriska-ella-10-ml\/#primaryimage\"},\"thumbnailUrl\":\"https:\/\/test.puhdasplus.ee\/wp-content\/uploads\/2021\/10\/Untitled-design-45.jpg\",\"datePublished\":\"2021-10-05T15:03:08+00:00\",\"dateModified\":\"2026-03-10T12:23:35+00:00\",\"description\":\"Prie\u017eu \u0113terisk\u0101 e\u013c\u013ca 10 ml ir 100% t\u012bra dab\u012bga e\u013c\u013ca, kas pied\u0101v\u0101 daudzpus\u012bgu pielietojumu aromterapij\u0101, saun\u0101s un m\u0101j\u0101s.\",\"breadcrumb\":{\"@id\":\"https:\/\/test.puhdasplus.ee\/lv\/tooted\/eteriskas-ellas\/priezu-eteriska-ella-10-ml\/#breadcrumb\"},\"inLanguage\":\"lv-LV\",\"potentialAction\":[{\"@type\":\"ReadAction\",\"target\":[\"https:\/\/test.puhdasplus.ee\/lv\/tooted\/eteriskas-ellas\/priezu-eteriska-ella-10-ml\/\"]}]},{\"@type\":\"ImageObject\",\"inLanguage\":\"lv-LV\",\"@id\":\"https:\/\/test.puhdasplus.ee\/lv\/tooted\/eteriskas-ellas\/priezu-eteriska-ella-10-ml\/#primaryimage\",\"url\":\"https:\/\/test.puhdasplus.ee\/wp-content\/uploads\/2021\/10\/Untitled-design-45.jpg\",\"contentUrl\":\"https:\/\/test.puhdasplus.ee\/wp-content\/uploads\/2021\/10\/Untitled-design-45.jpg\",\"width\":1862,\"height\":2560,\"caption\":\"Prie\u017eu \u0113terisk\u0101 e\u013c\u013ca 10 ml\"},{\"@type\":\"BreadcrumbList\",\"@id\":\"https:\/\/test.puhdasplus.ee\/lv\/tooted\/eteriskas-ellas\/priezu-eteriska-ella-10-ml\/#breadcrumb\",\"itemListElement\":[{\"@type\":\"ListItem\",\"position\":1,\"name\":\"S\u0101kums\",\"item\":\"https:\/\/test.puhdasplus.ee\/lv\/\"},{\"@type\":\"ListItem\",\"position\":2,\"name\":\"Produkti\",\"item\":\"https:\/\/test.puhdasplus.ee\/lv\/veikals\/\"},{\"@type\":\"ListItem\",\"position\":3,\"name\":\"Prie\u017eu \u0113terisk\u0101 e\u013c\u013ca 10 ml\"}]},{\"@type\":\"WebSite\",\"@id\":\"https:\/\/test.puhdasplus.ee\/lv\/#website\",\"url\":\"https:\/\/test.puhdasplus.ee\/lv\/\",\"name\":\"Puhdas+\",\"description\":\"Vitamiinid, Toidulisandid, looduskosmeetika, tervis, sport\",\"publisher\":{\"@id\":\"https:\/\/test.puhdasplus.ee\/lv\/#organization\"},\"potentialAction\":[{\"@type\":\"SearchAction\",\"target\":{\"@type\":\"EntryPoint\",\"urlTemplate\":\"https:\/\/test.puhdasplus.ee\/lv\/?s={search_term_string}\"},\"query-input\":{\"@type\":\"PropertyValueSpecification\",\"valueRequired\":true,\"valueName\":\"search_term_string\"}}],\"inLanguage\":\"lv-LV\"},{\"@type\":\"Organization\",\"@id\":\"https:\/\/test.puhdasplus.ee\/lv\/#organization\",\"name\":\"Puhdas+\",\"alternateName\":\"Puhdasplus\",\"url\":\"https:\/\/test.puhdasplus.ee\/lv\/\",\"logo\":{\"@type\":\"ImageObject\",\"inLanguage\":\"lv-LV\",\"@id\":\"https:\/\/test.puhdasplus.ee\/lv\/#\/schema\/logo\/image\/\",\"url\":\"https:\/\/test.puhdasplus.ee\/\/wp-content\/uploads\/2019\/10\/puhdas_logo-arvele.png\",\"contentUrl\":\"https:\/\/test.puhdasplus.ee\/\/wp-content\/uploads\/2019\/10\/puhdas_logo-arvele.png\",\"width\":114,\"height\":94,\"caption\":\"Puhdas+\"},\"image\":{\"@id\":\"https:\/\/test.puhdasplus.ee\/lv\/#\/schema\/logo\/image\/\"},\"sameAs\":[\"https:\/\/www.facebook.com\/puhdasplus\",\"https:\/\/www.instagram.com\/puhdasplus_ee\/\"]}]}<\/script>\n<!-- \/ Yoast SEO plugin. -->","yoast_head_json":{"title":"Prie\u017eu \u0113terisk\u0101 e\u013c\u013ca 10 ml - Puhdas+","description":"Prie\u017eu \u0113terisk\u0101 e\u013c\u013ca 10 ml ir 100% t\u012bra dab\u012bga e\u013c\u013ca, kas pied\u0101v\u0101 daudzpus\u012bgu pielietojumu aromterapij\u0101, saun\u0101s un m\u0101j\u0101s.","robots":{"index":"noindex","follow":"follow","max-snippet":"max-snippet:-1","max-image-preview":"max-image-preview:large","max-video-preview":"max-video-preview:-1"},"og_locale":"lv_LV","og_type":"article","og_title":"Prie\u017eu \u0113terisk\u0101 e\u013c\u013ca 10 ml - Puhdas+","og_description":"Prie\u017eu \u0113terisk\u0101 e\u013c\u013ca 10 ml ir 100% t\u012bra dab\u012bga e\u013c\u013ca, kas pied\u0101v\u0101 daudzpus\u012bgu pielietojumu aromterapij\u0101, saun\u0101s un m\u0101j\u0101s.","og_url":"https:\/\/test.puhdasplus.ee\/lv\/tooted\/eteriskas-ellas\/priezu-eteriska-ella-10-ml\/","og_site_name":"Puhdas+","article_publisher":"https:\/\/www.facebook.com\/puhdasplus","article_modified_time":"2026-03-10T12:23:35+00:00","og_image":[{"width":1862,"height":2560,"url":"https:\/\/test.puhdasplus.ee\/wp-content\/uploads\/2021\/10\/Untitled-design-45.jpg","type":"image\/jpeg"}],"twitter_card":"summary_large_image","twitter_misc":{"Est. reading time":"2 min\u016btes"},"schema":{"@context":"https:\/\/schema.org","@graph":[{"@type":"WebPage","@id":"https:\/\/test.puhdasplus.ee\/lv\/tooted\/eteriskas-ellas\/priezu-eteriska-ella-10-ml\/","url":"https:\/\/test.puhdasplus.ee\/lv\/tooted\/eteriskas-ellas\/priezu-eteriska-ella-10-ml\/","name":"Prie\u017eu \u0113terisk\u0101 e\u013c\u013ca 10 ml - Puhdas+","isPartOf":{"@id":"https:\/\/test.puhdasplus.ee\/lv\/#website"},"primaryImageOfPage":{"@id":"https:\/\/test.puhdasplus.ee\/lv\/tooted\/eteriskas-ellas\/priezu-eteriska-ella-10-ml\/#primaryimage"},"image":{"@id":"https:\/\/test.puhdasplus.ee\/lv\/tooted\/eteriskas-ellas\/priezu-eteriska-ella-10-ml\/#primaryimage"},"thumbnailUrl":"https:\/\/test.puhdasplus.ee\/wp-content\/uploads\/2021\/10\/Untitled-design-45.jpg","datePublished":"2021-10-05T15:03:08+00:00","dateModified":"2026-03-10T12:23:35+00:00","description":"Prie\u017eu \u0113terisk\u0101 e\u013c\u013ca 10 ml ir 100% t\u012bra dab\u012bga e\u013c\u013ca, kas pied\u0101v\u0101 daudzpus\u012bgu pielietojumu aromterapij\u0101, saun\u0101s un m\u0101j\u0101s.","breadcrumb":{"@id":"https:\/\/test.puhdasplus.ee\/lv\/tooted\/eteriskas-ellas\/priezu-eteriska-ella-10-ml\/#breadcrumb"},"inLanguage":"lv-LV","potentialAction":[{"@type":"ReadAction","target":["https:\/\/test.puhdasplus.ee\/lv\/tooted\/eteriskas-ellas\/priezu-eteriska-ella-10-ml\/"]}]},{"@type":"ImageObject","inLanguage":"lv-LV","@id":"https:\/\/test.puhdasplus.ee\/lv\/tooted\/eteriskas-ellas\/priezu-eteriska-ella-10-ml\/#primaryimage","url":"https:\/\/test.puhdasplus.ee\/wp-content\/uploads\/2021\/10\/Untitled-design-45.jpg","contentUrl":"https:\/\/test.puhdasplus.ee\/wp-content\/uploads\/2021\/10\/Untitled-design-45.jpg","width":1862,"height":2560,"caption":"Prie\u017eu \u0113terisk\u0101 e\u013c\u013ca 10 ml"},{"@type":"BreadcrumbList","@id":"https:\/\/test.puhdasplus.ee\/lv\/tooted\/eteriskas-ellas\/priezu-eteriska-ella-10-ml\/#breadcrumb","itemListElement":[{"@type":"ListItem","position":1,"name":"S\u0101kums","item":"https:\/\/test.puhdasplus.ee\/lv\/"},{"@type":"ListItem","position":2,"name":"Produkti","item":"https:\/\/test.puhdasplus.ee\/lv\/veikals\/"},{"@type":"ListItem","position":3,"name":"Prie\u017eu \u0113terisk\u0101 e\u013c\u013ca 10 ml"}]},{"@type":"WebSite","@id":"https:\/\/test.puhdasplus.ee\/lv\/#website","url":"https:\/\/test.puhdasplus.ee\/lv\/","name":"Puhdas+","description":"Vitamiinid, Toidulisandid, looduskosmeetika, tervis, sport","publisher":{"@id":"https:\/\/test.puhdasplus.ee\/lv\/#organization"},"potentialAction":[{"@type":"SearchAction","target":{"@type":"EntryPoint","urlTemplate":"https:\/\/test.puhdasplus.ee\/lv\/?s={search_term_string}"},"query-input":{"@type":"PropertyValueSpecification","valueRequired":true,"valueName":"search_term_string"}}],"inLanguage":"lv-LV"},{"@type":"Organization","@id":"https:\/\/test.puhdasplus.ee\/lv\/#organization","name":"Puhdas+","alternateName":"Puhdasplus","url":"https:\/\/test.puhdasplus.ee\/lv\/","logo":{"@type":"ImageObject","inLanguage":"lv-LV","@id":"https:\/\/test.puhdasplus.ee\/lv\/#\/schema\/logo\/image\/","url":"https:\/\/test.puhdasplus.ee\/\/wp-content\/uploads\/2019\/10\/puhdas_logo-arvele.png","contentUrl":"https:\/\/test.puhdasplus.ee\/\/wp-content\/uploads\/2019\/10\/puhdas_logo-arvele.png","width":114,"height":94,"caption":"Puhdas+"},"image":{"@id":"https:\/\/test.puhdasplus.ee\/lv\/#\/schema\/logo\/image\/"},"sameAs":["https:\/\/www.facebook.com\/puhdasplus","https:\/\/www.instagram.com\/puhdasplus_ee\/"]}]}},"_links":{"self":[{"href":"https:\/\/test.puhdasplus.ee\/lv\/wp-json\/wp\/v2\/product\/34722","targetHints":{"allow":["GET"]}}],"collection":[{"href":"https:\/\/test.puhdasplus.ee\/lv\/wp-json\/wp\/v2\/product"}],"about":[{"href":"https:\/\/test.puhdasplus.ee\/lv\/wp-json\/wp\/v2\/types\/product"}],"replies":[{"embeddable":true,"href":"https:\/\/test.puhdasplus.ee\/lv\/wp-json\/wp\/v2\/comments?post=34722"}],"wp:featuredmedia":[{"embeddable":true,"href":"https:\/\/test.puhdasplus.ee\/lv\/wp-json\/wp\/v2\/media\/34726"}],"wp:attachment":[{"href":"https:\/\/test.puhdasplus.ee\/lv\/wp-json\/wp\/v2\/media?parent=34722"}],"wp:term":[{"taxonomy":"product_brand","embeddable":true,"href":"https:\/\/test.puhdasplus.ee\/lv\/wp-json\/wp\/v2\/product_brand?post=34722"},{"taxonomy":"product_cat","embeddable":true,"href":"https:\/\/test.puhdasplus.ee\/lv\/wp-json\/wp\/v2\/product_cat?post=34722"},{"taxonomy":"product_tag","embeddable":true,"href":"https:\/\/test.puhdasplus.ee\/lv\/wp-json\/wp\/v2\/product_tag?post=34722"}],"curies":[{"name":"wp","href":"https:\/\/api.w.org\/{rel}","templated":true}]}}