{"id":34713,"date":"2021-11-04T11:00:53","date_gmt":"2021-11-04T09:00:53","guid":{"rendered":"https:\/\/test.puhdasplus.ee\/\/tooted\/uncategorized\/paculijas-eteriska-ella-10-ml\/"},"modified":"2026-03-10T14:37:52","modified_gmt":"2026-03-10T12:37:52","slug":"paculijas-eteriska-ella-10-ml","status":"publish","type":"product","link":"https:\/\/test.puhdasplus.ee\/lv\/tooted\/eteriskas-ellas\/paculijas-eteriska-ella-10-ml\/","title":{"rendered":"Pa\u010d\u016blijas \u0113terisk\u0101 e\u013c\u013ca 10 ml"},"content":{"rendered":"<h3>Dab\u012bgs nomierino\u0161s un garast\u0101vok\u013ca l\u012bdzsvarot\u0101js<\/h3>\n<p>Pa\u010d\u016blijas \u0113terisk\u0101 e\u013c\u013ca ir 100% t\u012bra dab\u012bga e\u013c\u013ca, kas ieg\u016bta no pa\u010d\u016blijas auga (Pogostemon cablin) lap\u0101m. T\u0101s dzi\u013cais, zemes arom\u0101ts pal\u012bdz nomierin\u0101t saj\u016btas, mazin\u0101t stresu un rad\u012bt relaks\u0113jo\u0161u atmosf\u0113ru. <\/p>\n<p data-start=\"502\" data-end=\"973\">Pa\u010d\u016blijas \u0113terisk\u0101 e\u013c\u013ca tiek ieg\u016bta no r\u016bp\u012bgi atlas\u012bt\u0101m pa\u010d\u016blijas auga lap\u0101m, nodro\u0161inot augstu kvalit\u0101ti un efektivit\u0101ti. \u0160\u012bs e\u013c\u013cas dzi\u013cais, zemes arom\u0101ts pal\u012bdz nomierin\u0101t saj\u016btas, mazin\u0101t trauksmi un rad\u012bt relaks\u0113jo\u0161u atmosf\u0113ru. Pa\u010d\u016blijas \u0113terisk\u0101 e\u013c\u013ca ir paz\u012bstama ar sav\u0101m nomierino\u0161aj\u0101m un emocion\u0101li l\u012bdzsvarojo\u0161aj\u0101m \u012bpa\u0161\u012bb\u0101m, kas veicina visp\u0101r\u0113jo labsaj\u016btu. E\u013c\u013cu var izmantot aromlamp\u0101s, difuzoros, saun\u0101 vai at\u0161\u0137aid\u012btu k\u0101 mas\u0101\u017eas e\u013c\u013cu.   <\/p>\n<p data-start=\"975\" data-end=\"996\"><strong data-start=\"975\" data-end=\"996\">Galven\u0101s priek\u0161roc\u012bbas:<\/strong><\/p>\n<ul data-start=\"997\" data-end=\"1530\">\n<li data-start=\"997\" data-end=\"1103\"><strong data-start=\"999\" data-end=\"1029\">Garast\u0101vok\u013ca l\u012bdzsvaro\u0161ana:<\/strong> Dzi\u013cais arom\u0101ts pal\u012bdz mazin\u0101t stresu un trauksmi, veicinot relaks\u0101ciju.<\/li>\n<li data-start=\"1104\" data-end=\"1231\"><strong data-start=\"1106\" data-end=\"1139\">\u0100das probl\u0113mu mazin\u0101\u0161ana:<\/strong> Piem\u0113rots lieto\u0161anai aknes, ekz\u0113mas un sausas \u0101das kop\u0161an\u0101, pal\u012bdzot uzlabot \u0101das st\u0101vokli.<\/li>\n<li data-start=\"1232\" data-end=\"1333\"><strong data-start=\"1234\" data-end=\"1258\">Kukai\u0146u atbaid\u012b\u0161anas l\u012bdzeklis:<\/strong> Tradicion\u0101li lieto kukai\u0146u atbaid\u012b\u0161anai un audumu aizsardz\u012bbai.<\/li>\n<li data-start=\"1334\" data-end=\"1444\"><strong data-start=\"1336\" data-end=\"1360\">Daudzpus\u012bgs lietojums:<\/strong> piem\u0113rots aromterapijai, mas\u0101\u017eai, saunas lieto\u0161anai un m\u0101jas gaisa atsvaidzin\u0101t\u0101jam.<\/li>\n<li data-start=\"1445\" data-end=\"1530\"><strong data-start=\"1447\" data-end=\"1475\">100% t\u012brs un dab\u012bgs:<\/strong> nesatur sint\u0113tiskas piedevas vai konservantus.<\/li>\n<\/ul>\n<p data-start=\"1532\" data-end=\"1576\"><strong data-start=\"1532\" data-end=\"1548\">Sast\u0101vda\u013cas:<\/strong> Pogostemon Cablin Leaf Oil.<\/p>\n<p data-start=\"1578\" data-end=\"1598\"><strong data-start=\"1578\" data-end=\"1598\">Lieto\u0161anas instrukcija:<\/strong><\/p>\n<ul data-start=\"1599\" data-end=\"2126\">\n<li data-start=\"1599\" data-end=\"1724\"><strong data-start=\"1601\" data-end=\"1620\">Aromterapija:<\/strong> Pievienojiet 3\u20137 pilienus \u0113terisk\u0101s e\u013c\u013cas aromlampai vai difuzoram, lai telp\u0101 rad\u012btu pat\u012bkamu un nomierino\u0161u arom\u0101tu.<\/li>\n<li data-start=\"1725\" data-end=\"1889\"><strong data-start=\"1727\" data-end=\"1739\">Mas\u0101\u017ea:<\/strong> At\u0161\u0137aidiet 1-2 pilienus \u0113terisk\u0101s e\u013c\u013cas 10 ml b\u0101zes e\u013c\u013cas (piem\u0113ram, mande\u013cu vai jojobas e\u013c\u013cas) un iemas\u0113jiet \u0101d\u0101, lai veicin\u0101tu relaks\u0101ciju un uzlabotu garast\u0101vokli.<\/li>\n<li data-start=\"1890\" data-end=\"1993\"><strong data-start=\"1892\" data-end=\"1901\">Pirts:<\/strong> Pievienojiet tvaika \u016bdenim 1\u20133 pilienus \u0113terisk\u0101s e\u013c\u013cas, lai rad\u012btu relaks\u0113jo\u0161u un uzmundrino\u0161u pirts pieredzi.<\/li>\n<li data-start=\"1994\" data-end=\"2126\"><strong data-start=\"1996\" data-end=\"2005\">Vanna:<\/strong> Sajauciet 3-5 pilienus \u0113terisk\u0101s e\u013c\u013cas ar medu vai \u0161\u0137idraj\u0101m ziep\u0113m un pievienojiet vannas \u016bdenim, lai baud\u012btu relaks\u0113jo\u0161u un nomierino\u0161u vannu.<\/li>\n<\/ul>\n<p data-start=\"2128\" data-end=\"2435\"><strong data-start=\"2128\" data-end=\"2146\">Dro\u0161\u012bbas nor\u0101d\u012bjumi:<\/strong> Tikai \u0101r\u012bgai lieto\u0161anai. Neuzkl\u0101jiet neat\u0161\u0137aid\u012btu e\u013c\u013cu tie\u0161i uz \u0101das. Izvairieties no saskares ar ac\u012bm un g\u013cot\u0101d\u0101m.   Sarg\u0101t no b\u0113rniem. Gr\u016btniec\u0113m, sieviet\u0113m, kas baro b\u0113rnu ar kr\u016bti, b\u0113rniem, vec\u0101ka gadag\u0101juma cilv\u0113kiem un cilv\u0113kiem ar hronisk\u0101m slim\u012bb\u0101m pirms lieto\u0161anas j\u0101konsult\u0113jas ar vesel\u012bbas apr\u016bpes speci\u0101listu.<\/p>\n","protected":false},"excerpt":{"rendered":"<p class=\"product_title entry-title\">Pa\u010d\u016blijas e\u013c\u013ca (Pogostemon pa\u010d\u016blijas e\u013c\u013ca) 100%. \u0160\u012b e\u013c\u013ca ir dab\u012bga, 100% t\u012bra \u0113terisk\u0101 e\u013c\u013ca: t\u0101 ir nomierino\u0161a, jutekliska, eksotiska, viegli romantiska arom\u0101tu e\u013c\u013ca. Pa\u010d\u016blijas \u0113terisk\u0101 e\u013c\u013ca ir paz\u012bstama ar savu nomierino\u0161o un mieru veicino\u0161o iedarb\u012bbu. Pa\u010d\u016blijas e\u013c\u013cas nomierino\u0161ais arom\u0101ts mazina stresu, trauksmi un depresiju, un tas ir efekt\u012bvs l\u012bdzeklis relaks\u0101cijas saj\u016btas sasnieg\u0161anai. 100% t\u012bra pa\u010d\u016blijas \u0113terisk\u0101 e\u013c\u013ca, kas pied\u0101v\u0101 dzi\u013cu un zemes arom\u0101tu un daudzpus\u012bgu pielietojumu aromterapij\u0101, mas\u0101\u017e\u0101 un m\u0101jas vid\u0113.   <\/p>\n","protected":false},"featured_media":34720,"comment_status":"closed","ping_status":"closed","template":"","meta":{"_acf_changed":false},"product_brand":[],"product_cat":[2761],"product_tag":[5756,2764,2765,5753,5757,2762,2559],"class_list":{"0":"post-34713","1":"product","2":"type-product","3":"status-publish","4":"has-post-thumbnail","6":"product_cat-eteriskas-ellas","7":"product_tag-adas-kopsana-lv-2","8":"product_tag-aromterapija","9":"product_tag-dabigs-gaisa-atsvaidzinatajs","10":"product_tag-modes-lidzsvars","11":"product_tag-paculijas-eteriska-ella","12":"product_tag-stresa-mazinasana","13":"product_tag-tirs-skaistums","15":"first","16":"onbackorder","17":"taxable","18":"shipping-taxable","19":"purchasable","20":"product-type-simple"},"acf":[],"yoast_head":"<!-- This site is optimized with the Yoast SEO plugin v27.1.1 - https:\/\/yoast.com\/product\/yoast-seo-wordpress\/ -->\n<title>Pa\u010d\u016blijas \u0113terisk\u0101 e\u013c\u013ca 10 ml - Puhdas+<\/title>\n<meta name=\"description\" content=\"Pa\u010d\u016blijas \u0113terisk\u0101 e\u013c\u013ca 10 ml ir 100% t\u012bra dab\u012bga e\u013c\u013ca, ko var daudzpus\u012bgi izmantot aromterapij\u0101, mas\u0101\u017e\u0101 un m\u0101jas apst\u0101k\u013cos.\" \/>\n<meta name=\"robots\" content=\"noindex, follow, max-snippet:-1, max-image-preview:large, max-video-preview:-1\" \/>\n<meta property=\"og:locale\" content=\"lv_LV\" \/>\n<meta property=\"og:type\" content=\"article\" \/>\n<meta property=\"og:title\" content=\"Pa\u010d\u016blijas \u0113terisk\u0101 e\u013c\u013ca 10 ml - Puhdas+\" \/>\n<meta property=\"og:description\" content=\"Pa\u010d\u016blijas \u0113terisk\u0101 e\u013c\u013ca 10 ml ir 100% t\u012bra dab\u012bga e\u013c\u013ca, ko var daudzpus\u012bgi izmantot aromterapij\u0101, mas\u0101\u017e\u0101 un m\u0101jas apst\u0101k\u013cos.\" \/>\n<meta property=\"og:url\" content=\"https:\/\/test.puhdasplus.ee\/lv\/tooted\/eteriskas-ellas\/paculijas-eteriska-ella-10-ml\/\" \/>\n<meta property=\"og:site_name\" content=\"Puhdas+\" \/>\n<meta property=\"article:publisher\" content=\"https:\/\/www.facebook.com\/puhdasplus\" \/>\n<meta property=\"article:modified_time\" content=\"2026-03-10T12:37:52+00:00\" \/>\n<meta property=\"og:image\" content=\"https:\/\/test.puhdasplus.ee\/wp-content\/uploads\/2021\/11\/226.jpg\" \/>\n\t<meta property=\"og:image:width\" content=\"1862\" \/>\n\t<meta property=\"og:image:height\" content=\"2560\" \/>\n\t<meta property=\"og:image:type\" content=\"image\/jpeg\" \/>\n<meta name=\"twitter:card\" content=\"summary_large_image\" \/>\n<meta name=\"twitter:label1\" content=\"Est. reading time\" \/>\n\t<meta name=\"twitter:data1\" content=\"2 min\u016btes\" \/>\n<script type=\"application\/ld+json\" class=\"yoast-schema-graph\">{\"@context\":\"https:\/\/schema.org\",\"@graph\":[{\"@type\":\"WebPage\",\"@id\":\"https:\/\/test.puhdasplus.ee\/lv\/tooted\/eteriskas-ellas\/paculijas-eteriska-ella-10-ml\/\",\"url\":\"https:\/\/test.puhdasplus.ee\/lv\/tooted\/eteriskas-ellas\/paculijas-eteriska-ella-10-ml\/\",\"name\":\"Pa\u010d\u016blijas \u0113terisk\u0101 e\u013c\u013ca 10 ml - Puhdas+\",\"isPartOf\":{\"@id\":\"https:\/\/test.puhdasplus.ee\/lv\/#website\"},\"primaryImageOfPage\":{\"@id\":\"https:\/\/test.puhdasplus.ee\/lv\/tooted\/eteriskas-ellas\/paculijas-eteriska-ella-10-ml\/#primaryimage\"},\"image\":{\"@id\":\"https:\/\/test.puhdasplus.ee\/lv\/tooted\/eteriskas-ellas\/paculijas-eteriska-ella-10-ml\/#primaryimage\"},\"thumbnailUrl\":\"https:\/\/test.puhdasplus.ee\/wp-content\/uploads\/2021\/11\/226.jpg\",\"datePublished\":\"2021-11-04T09:00:53+00:00\",\"dateModified\":\"2026-03-10T12:37:52+00:00\",\"description\":\"Pa\u010d\u016blijas \u0113terisk\u0101 e\u013c\u013ca 10 ml ir 100% t\u012bra dab\u012bga e\u013c\u013ca, ko var daudzpus\u012bgi izmantot aromterapij\u0101, mas\u0101\u017e\u0101 un m\u0101jas apst\u0101k\u013cos.\",\"breadcrumb\":{\"@id\":\"https:\/\/test.puhdasplus.ee\/lv\/tooted\/eteriskas-ellas\/paculijas-eteriska-ella-10-ml\/#breadcrumb\"},\"inLanguage\":\"lv-LV\",\"potentialAction\":[{\"@type\":\"ReadAction\",\"target\":[\"https:\/\/test.puhdasplus.ee\/lv\/tooted\/eteriskas-ellas\/paculijas-eteriska-ella-10-ml\/\"]}]},{\"@type\":\"ImageObject\",\"inLanguage\":\"lv-LV\",\"@id\":\"https:\/\/test.puhdasplus.ee\/lv\/tooted\/eteriskas-ellas\/paculijas-eteriska-ella-10-ml\/#primaryimage\",\"url\":\"https:\/\/test.puhdasplus.ee\/wp-content\/uploads\/2021\/11\/226.jpg\",\"contentUrl\":\"https:\/\/test.puhdasplus.ee\/wp-content\/uploads\/2021\/11\/226.jpg\",\"width\":1862,\"height\":2560,\"caption\":\"Pa\u010d\u016blijas \u0113terisk\u0101 e\u013c\u013ca 10 ml\"},{\"@type\":\"BreadcrumbList\",\"@id\":\"https:\/\/test.puhdasplus.ee\/lv\/tooted\/eteriskas-ellas\/paculijas-eteriska-ella-10-ml\/#breadcrumb\",\"itemListElement\":[{\"@type\":\"ListItem\",\"position\":1,\"name\":\"S\u0101kums\",\"item\":\"https:\/\/test.puhdasplus.ee\/lv\/\"},{\"@type\":\"ListItem\",\"position\":2,\"name\":\"Produkti\",\"item\":\"https:\/\/test.puhdasplus.ee\/lv\/veikals\/\"},{\"@type\":\"ListItem\",\"position\":3,\"name\":\"Pa\u010d\u016blijas \u0113terisk\u0101 e\u013c\u013ca 10 ml\"}]},{\"@type\":\"WebSite\",\"@id\":\"https:\/\/test.puhdasplus.ee\/lv\/#website\",\"url\":\"https:\/\/test.puhdasplus.ee\/lv\/\",\"name\":\"Puhdas+\",\"description\":\"Vitamiinid, Toidulisandid, looduskosmeetika, tervis, sport\",\"publisher\":{\"@id\":\"https:\/\/test.puhdasplus.ee\/lv\/#organization\"},\"potentialAction\":[{\"@type\":\"SearchAction\",\"target\":{\"@type\":\"EntryPoint\",\"urlTemplate\":\"https:\/\/test.puhdasplus.ee\/lv\/?s={search_term_string}\"},\"query-input\":{\"@type\":\"PropertyValueSpecification\",\"valueRequired\":true,\"valueName\":\"search_term_string\"}}],\"inLanguage\":\"lv-LV\"},{\"@type\":\"Organization\",\"@id\":\"https:\/\/test.puhdasplus.ee\/lv\/#organization\",\"name\":\"Puhdas+\",\"alternateName\":\"Puhdasplus\",\"url\":\"https:\/\/test.puhdasplus.ee\/lv\/\",\"logo\":{\"@type\":\"ImageObject\",\"inLanguage\":\"lv-LV\",\"@id\":\"https:\/\/test.puhdasplus.ee\/lv\/#\/schema\/logo\/image\/\",\"url\":\"https:\/\/test.puhdasplus.ee\/\/wp-content\/uploads\/2019\/10\/puhdas_logo-arvele.png\",\"contentUrl\":\"https:\/\/test.puhdasplus.ee\/\/wp-content\/uploads\/2019\/10\/puhdas_logo-arvele.png\",\"width\":114,\"height\":94,\"caption\":\"Puhdas+\"},\"image\":{\"@id\":\"https:\/\/test.puhdasplus.ee\/lv\/#\/schema\/logo\/image\/\"},\"sameAs\":[\"https:\/\/www.facebook.com\/puhdasplus\",\"https:\/\/www.instagram.com\/puhdasplus_ee\/\"]}]}<\/script>\n<!-- \/ Yoast SEO plugin. -->","yoast_head_json":{"title":"Pa\u010d\u016blijas \u0113terisk\u0101 e\u013c\u013ca 10 ml - Puhdas+","description":"Pa\u010d\u016blijas \u0113terisk\u0101 e\u013c\u013ca 10 ml ir 100% t\u012bra dab\u012bga e\u013c\u013ca, ko var daudzpus\u012bgi izmantot aromterapij\u0101, mas\u0101\u017e\u0101 un m\u0101jas apst\u0101k\u013cos.","robots":{"index":"noindex","follow":"follow","max-snippet":"max-snippet:-1","max-image-preview":"max-image-preview:large","max-video-preview":"max-video-preview:-1"},"og_locale":"lv_LV","og_type":"article","og_title":"Pa\u010d\u016blijas \u0113terisk\u0101 e\u013c\u013ca 10 ml - Puhdas+","og_description":"Pa\u010d\u016blijas \u0113terisk\u0101 e\u013c\u013ca 10 ml ir 100% t\u012bra dab\u012bga e\u013c\u013ca, ko var daudzpus\u012bgi izmantot aromterapij\u0101, mas\u0101\u017e\u0101 un m\u0101jas apst\u0101k\u013cos.","og_url":"https:\/\/test.puhdasplus.ee\/lv\/tooted\/eteriskas-ellas\/paculijas-eteriska-ella-10-ml\/","og_site_name":"Puhdas+","article_publisher":"https:\/\/www.facebook.com\/puhdasplus","article_modified_time":"2026-03-10T12:37:52+00:00","og_image":[{"width":1862,"height":2560,"url":"https:\/\/test.puhdasplus.ee\/wp-content\/uploads\/2021\/11\/226.jpg","type":"image\/jpeg"}],"twitter_card":"summary_large_image","twitter_misc":{"Est. reading time":"2 min\u016btes"},"schema":{"@context":"https:\/\/schema.org","@graph":[{"@type":"WebPage","@id":"https:\/\/test.puhdasplus.ee\/lv\/tooted\/eteriskas-ellas\/paculijas-eteriska-ella-10-ml\/","url":"https:\/\/test.puhdasplus.ee\/lv\/tooted\/eteriskas-ellas\/paculijas-eteriska-ella-10-ml\/","name":"Pa\u010d\u016blijas \u0113terisk\u0101 e\u013c\u013ca 10 ml - Puhdas+","isPartOf":{"@id":"https:\/\/test.puhdasplus.ee\/lv\/#website"},"primaryImageOfPage":{"@id":"https:\/\/test.puhdasplus.ee\/lv\/tooted\/eteriskas-ellas\/paculijas-eteriska-ella-10-ml\/#primaryimage"},"image":{"@id":"https:\/\/test.puhdasplus.ee\/lv\/tooted\/eteriskas-ellas\/paculijas-eteriska-ella-10-ml\/#primaryimage"},"thumbnailUrl":"https:\/\/test.puhdasplus.ee\/wp-content\/uploads\/2021\/11\/226.jpg","datePublished":"2021-11-04T09:00:53+00:00","dateModified":"2026-03-10T12:37:52+00:00","description":"Pa\u010d\u016blijas \u0113terisk\u0101 e\u013c\u013ca 10 ml ir 100% t\u012bra dab\u012bga e\u013c\u013ca, ko var daudzpus\u012bgi izmantot aromterapij\u0101, mas\u0101\u017e\u0101 un m\u0101jas apst\u0101k\u013cos.","breadcrumb":{"@id":"https:\/\/test.puhdasplus.ee\/lv\/tooted\/eteriskas-ellas\/paculijas-eteriska-ella-10-ml\/#breadcrumb"},"inLanguage":"lv-LV","potentialAction":[{"@type":"ReadAction","target":["https:\/\/test.puhdasplus.ee\/lv\/tooted\/eteriskas-ellas\/paculijas-eteriska-ella-10-ml\/"]}]},{"@type":"ImageObject","inLanguage":"lv-LV","@id":"https:\/\/test.puhdasplus.ee\/lv\/tooted\/eteriskas-ellas\/paculijas-eteriska-ella-10-ml\/#primaryimage","url":"https:\/\/test.puhdasplus.ee\/wp-content\/uploads\/2021\/11\/226.jpg","contentUrl":"https:\/\/test.puhdasplus.ee\/wp-content\/uploads\/2021\/11\/226.jpg","width":1862,"height":2560,"caption":"Pa\u010d\u016blijas \u0113terisk\u0101 e\u013c\u013ca 10 ml"},{"@type":"BreadcrumbList","@id":"https:\/\/test.puhdasplus.ee\/lv\/tooted\/eteriskas-ellas\/paculijas-eteriska-ella-10-ml\/#breadcrumb","itemListElement":[{"@type":"ListItem","position":1,"name":"S\u0101kums","item":"https:\/\/test.puhdasplus.ee\/lv\/"},{"@type":"ListItem","position":2,"name":"Produkti","item":"https:\/\/test.puhdasplus.ee\/lv\/veikals\/"},{"@type":"ListItem","position":3,"name":"Pa\u010d\u016blijas \u0113terisk\u0101 e\u013c\u013ca 10 ml"}]},{"@type":"WebSite","@id":"https:\/\/test.puhdasplus.ee\/lv\/#website","url":"https:\/\/test.puhdasplus.ee\/lv\/","name":"Puhdas+","description":"Vitamiinid, Toidulisandid, looduskosmeetika, tervis, sport","publisher":{"@id":"https:\/\/test.puhdasplus.ee\/lv\/#organization"},"potentialAction":[{"@type":"SearchAction","target":{"@type":"EntryPoint","urlTemplate":"https:\/\/test.puhdasplus.ee\/lv\/?s={search_term_string}"},"query-input":{"@type":"PropertyValueSpecification","valueRequired":true,"valueName":"search_term_string"}}],"inLanguage":"lv-LV"},{"@type":"Organization","@id":"https:\/\/test.puhdasplus.ee\/lv\/#organization","name":"Puhdas+","alternateName":"Puhdasplus","url":"https:\/\/test.puhdasplus.ee\/lv\/","logo":{"@type":"ImageObject","inLanguage":"lv-LV","@id":"https:\/\/test.puhdasplus.ee\/lv\/#\/schema\/logo\/image\/","url":"https:\/\/test.puhdasplus.ee\/\/wp-content\/uploads\/2019\/10\/puhdas_logo-arvele.png","contentUrl":"https:\/\/test.puhdasplus.ee\/\/wp-content\/uploads\/2019\/10\/puhdas_logo-arvele.png","width":114,"height":94,"caption":"Puhdas+"},"image":{"@id":"https:\/\/test.puhdasplus.ee\/lv\/#\/schema\/logo\/image\/"},"sameAs":["https:\/\/www.facebook.com\/puhdasplus","https:\/\/www.instagram.com\/puhdasplus_ee\/"]}]}},"_links":{"self":[{"href":"https:\/\/test.puhdasplus.ee\/lv\/wp-json\/wp\/v2\/product\/34713","targetHints":{"allow":["GET"]}}],"collection":[{"href":"https:\/\/test.puhdasplus.ee\/lv\/wp-json\/wp\/v2\/product"}],"about":[{"href":"https:\/\/test.puhdasplus.ee\/lv\/wp-json\/wp\/v2\/types\/product"}],"replies":[{"embeddable":true,"href":"https:\/\/test.puhdasplus.ee\/lv\/wp-json\/wp\/v2\/comments?post=34713"}],"wp:featuredmedia":[{"embeddable":true,"href":"https:\/\/test.puhdasplus.ee\/lv\/wp-json\/wp\/v2\/media\/34720"}],"wp:attachment":[{"href":"https:\/\/test.puhdasplus.ee\/lv\/wp-json\/wp\/v2\/media?parent=34713"}],"wp:term":[{"taxonomy":"product_brand","embeddable":true,"href":"https:\/\/test.puhdasplus.ee\/lv\/wp-json\/wp\/v2\/product_brand?post=34713"},{"taxonomy":"product_cat","embeddable":true,"href":"https:\/\/test.puhdasplus.ee\/lv\/wp-json\/wp\/v2\/product_cat?post=34713"},{"taxonomy":"product_tag","embeddable":true,"href":"https:\/\/test.puhdasplus.ee\/lv\/wp-json\/wp\/v2\/product_tag?post=34713"}],"curies":[{"name":"wp","href":"https:\/\/api.w.org\/{rel}","templated":true}]}}