{"id":34694,"date":"2025-02-14T10:21:29","date_gmt":"2025-02-14T08:21:29","guid":{"rendered":"https:\/\/test.puhdasplus.ee\/\/tooted\/uncategorized\/superkiploks\/"},"modified":"2026-02-22T22:48:09","modified_gmt":"2026-02-22T20:48:09","slug":"superkiploks","status":"publish","type":"product","link":"https:\/\/test.puhdasplus.ee\/lv\/tooted\/imunsistema\/superkiploks\/","title":{"rendered":"Super\u0137iploks"},"content":{"rendered":"<h2 class=\"\" data-start=\"291\" data-end=\"335\">Kas ir Pure+ Super Garlic + Zinc?<\/h2>\n<p class=\"\" data-start=\"337\" data-end=\"720\"><strong data-start=\"337\" data-end=\"371\">Pure+ Super Garlic + Zinc<\/strong> ir dab\u012bgas izcelsmes uztura bag\u0101tin\u0101t\u0101js, kas apvieno liofiliz\u0113tu \u0137iploku pulveri, koncentr\u0113tu \u0137iploku ekstraktu un cinku. \u0136iploki tradicion\u0101li ir bijusi iecien\u012bta uztura sast\u0101vda\u013ca, un to lieto\u0161anai ir sena kult\u016bras v\u0113sture. Bez smar\u017eas kapsula \u013cauj \u0113rti pievienot \u0137iplokus un cinku ikdienas uzturam \u2013 bez sp\u0113c\u012bg\u0101s \u0137iploku smar\u017eas.  <\/p>\n<h2 class=\"\" data-start=\"727\" data-end=\"759\">K\u0101p\u0113c Pure+ Super Garlic + Zinc ir labv\u0113l\u012bgs?<\/h2>\n<p data-start=\"693\" data-end=\"972\">\u0136iploki gadsimtiem ilgi ir bijis v\u0113rt\u012bgs d\u0101rzenis un gar\u0161viela, ko ikdienas p\u0101rtik\u0101 izmanto. Super Garlic + Zinc satur liofiliz\u0113tu \u0137iploku pulveri un koncentr\u0113tu \u0137iploku ekstraktu, kas nodro\u0161ina vienk\u0101r\u0161u veidu, k\u0101 lietot \u0137iplokus bez rakstur\u012bg\u0101s smar\u017eas. <\/p>\n<p data-start=\"974\" data-end=\"1030\">Produkt\u0101 eso\u0161ais <strong>cinks<\/strong> ir svar\u012bgs miner\u0101ls, kas:<\/p>\n<ul data-start=\"1031\" data-end=\"1195\">\n<li data-start=\"1031\" data-end=\"1085\">\n<p data-start=\"1033\" data-end=\"1085\">veicina norm\u0101lu im\u016bnsist\u0113mas darb\u012bbu<\/p>\n<\/li>\n<li data-start=\"1086\" data-end=\"1135\">\n<p data-start=\"1088\" data-end=\"1135\">pal\u012bdz aizsarg\u0101t \u0161\u016bnas no oksidat\u012bv\u0101 stresa<\/p>\n<\/li>\n<li data-start=\"1136\" data-end=\"1195\">\n<p data-start=\"1138\" data-end=\"1195\">pal\u012bdz uztur\u0113t norm\u0101lu \u0101das, matu un nagu st\u0101vokli<\/p>\n<\/li>\n<\/ul>\n<h2 data-start=\"767\" data-end=\"810\">\u0136iploks \u2013 dabiska izv\u0113le<\/h2>\n<p data-start=\"1236\" data-end=\"1497\">\u0136iploki gadsimtiem ilgi ir biju\u0161i v\u0113rt\u012bgs augs un vesel\u012bga uztura sast\u0101vda\u013ca. T\u0101 dabiskie savienojumi, tostarp alic\u012bns, pie\u0161\u0137ir \u0137iplokiem rakstur\u012bgo gar\u0161u un arom\u0101tu, un tie tradicion\u0101li tiek saist\u012bti ar ikdienas labsaj\u016btu un sabalans\u0113tu uzturu. <\/p>\n<p data-start=\"1499\" data-end=\"1663\">At\u0161\u0137ir\u012bb\u0101 no neapstr\u0101d\u0101tiem \u0137iplokiem, Pure+ Super Garlic ir bez smar\u017eas \u2013 tas noz\u012bm\u0113, ka \u0137iplokus var \u0113rti ieg\u016bt kapsulu veid\u0101 bez nepat\u012bkamas p\u0113cgar\u0161as vai smakas.<\/p>\n<h2 data-start=\"1404\" data-end=\"1448\">Cinks \u2013 svar\u012bgs miner\u0101ls im\u016bnsist\u0113mai<\/h2>\n<p class=\"\" data-start=\"1450\" data-end=\"1732\">Cinks ir svar\u012bgs miner\u0101ls, kas organismam nepiecie\u0161ams norm\u0101lai im\u016bnsist\u0113mas darb\u012bbai, br\u016b\u010du dz\u012b\u0161anai, \u0161\u016bnu atjauno\u0161an\u0101s un pat gar\u0161as un o\u017eas saj\u016btas uztur\u0113\u0161anai. Cinka defic\u012bts var izpausties, piem\u0113ram, bie\u017eas saaukst\u0113\u0161an\u0101s, noguruma, sausas \u0101das vai trauslu nagu veid\u0101. <\/p>\n<p class=\"\" data-start=\"1734\" data-end=\"1759\">Cinks \u0161aj\u0101 uztura bag\u0101tin\u0101t\u0101j\u0101:<\/p>\n<ul data-start=\"1760\" data-end=\"1912\">\n<li class=\"\" data-start=\"1760\" data-end=\"1818\">\n<p class=\"\" data-start=\"1762\" data-end=\"1818\">veicina <strong data-start=\"1774\" data-end=\"1816\">norm\u0101lu im\u016bnsist\u0113mas darb\u012bbu<\/strong><\/p>\n<\/li>\n<li class=\"\" data-start=\"1819\" data-end=\"1872\">\n<p class=\"\" data-start=\"1821\" data-end=\"1872\">pal\u012bdz aizsarg\u0101t \u0161\u016bnas no <strong data-start=\"1841\" data-end=\"1865\">oksidat\u012bv\u0101 stresa<\/strong><\/p>\n<\/li>\n<li class=\"\" data-start=\"1873\" data-end=\"1912\">\n<p class=\"\" data-start=\"1875\" data-end=\"1912\">atbalsta \u0101das, nagu un matu vesel\u012bbu<\/p>\n<\/li>\n<\/ul>\n<h2 class=\"\" data-start=\"1350\" data-end=\"1374\">Kam tas ir piem\u0113rots?<\/h2>\n<p class=\"\" data-start=\"1376\" data-end=\"1409\">Produkts ir piem\u0113rots pieaugu\u0161ajiem, kuri:<\/p>\n<ul data-start=\"1410\" data-end=\"1624\">\n<li class=\"\" data-start=\"1410\" data-end=\"1445\">\n<p class=\"\" data-start=\"1412\" data-end=\"1445\">v\u0113las stiprin\u0101t savu imunit\u0101ti<\/p>\n<\/li>\n<li class=\"\" data-start=\"1512\" data-end=\"1570\">\n<p class=\"\" data-start=\"1514\" data-end=\"1570\">v\u0113laties \u0137iploku labv\u0113l\u012bg\u0101s \u012bpa\u0161\u012bbas bez sp\u0113c\u012bgas smar\u017eas<\/p>\n<\/li>\n<li class=\"\" data-start=\"1571\" data-end=\"1624\">\n<p class=\"\" data-start=\"1573\" data-end=\"1624\">nov\u0113rt\u0113jiet produktus bez piedev\u0101m un t\u012br\u0101m sast\u0101vda\u013c\u0101m<\/p>\n<\/li>\n<\/ul>\n<h2 class=\"\" data-start=\"2193\" data-end=\"2223\">Kad to var\u0113tu izmantot?<\/h2>\n<p class=\"\" data-start=\"2225\" data-end=\"2327\"><strong data-start=\"2225\" data-end=\"2259\">Pure+ Super Garlic + Zinc<\/strong> ir labi piem\u0113rots ikdienas lieto\u0161anai, bet tas ir \u012bpa\u0161i ieteicams:<\/p>\n<ul data-start=\"2329\" data-end=\"2644\">\n<li class=\"\" data-start=\"2329\" data-end=\"2404\">\n<p class=\"\" data-start=\"2331\" data-end=\"2404\"><strong data-start=\"2331\" data-end=\"2365\">saaukst\u0113\u0161an\u0101s un v\u012brusu periodos<\/strong> \u2013 kad nepiecie\u0161ams sp\u0113c\u012bg\u0101ks im\u016bnsist\u0113mas atbalsts<\/p>\n<\/li>\n<li class=\"\" data-start=\"2405\" data-end=\"2466\">\n<p class=\"\" data-start=\"2407\" data-end=\"2466\"><strong data-start=\"2407\" data-end=\"2434\">stresa laik\u0101<\/strong> \u2013 kad organisms ir neaizsarg\u0101t\u0101ks<\/p>\n<\/li>\n<li class=\"\" data-start=\"2566\" data-end=\"2644\">\n<p class=\"\" data-start=\"2568\" data-end=\"2644\"><strong data-start=\"2568\" data-end=\"2609\">lai uzlabotu visp\u0101r\u0113jo vitalit\u0101ti un labsaj\u016btu<\/strong> \u2013 dabisks papildu atbalsts ikdienas dz\u012bvei<\/p>\n<\/li>\n<\/ul>\n<h2 class=\"\" data-start=\"1631\" data-end=\"1648\">Sast\u0101vda\u013cas<\/h2>\n<p class=\"\" data-start=\"1652\" data-end=\"1667\">Saulespu\u0137u e\u013c\u013ca, kapsulas apvalks (\u017eelat\u012bns, dz\u012bvnieku izcelsmes), mitrin\u0101t\u0101js (glicer\u012bns), liofiliz\u0113ts \u0137iploku pulveris, rozmar\u012bna e\u013c\u013ca, bi\u0161u vasks, att\u012br\u012bts \u016bdens, \u0137iploku ekstrakts, cinka oks\u012bds.<\/p>\n<p class=\"\" data-start=\"1873\" data-end=\"1973\"><strong data-start=\"1873\" data-end=\"1887\">Nesatur<\/strong> glut\u0113nu, laktozi, raugu, cukuru, s\u0101li, cieti, soju vai m\u0101ksl\u012bgos saldin\u0101t\u0101jus.<\/p>\n<h2 class=\"\" data-start=\"1980\" data-end=\"2017\">Akt\u012bv\u0101s sast\u0101vda\u013cas 1 kapsul\u0101:<\/h2>\n<ul data-start=\"2019\" data-end=\"2138\">\n<li class=\"\" data-start=\"2019\" data-end=\"2055\">\n<p class=\"\" data-start=\"2021\" data-end=\"2055\">Liofiliz\u0113ts \u0137iploks \u2013 100 mg<\/p>\n<\/li>\n<li class=\"\" data-start=\"2056\" data-end=\"2085\">\n<p class=\"\" data-start=\"2058\" data-end=\"2085\">\u0136iploku ekstrakts \u2013 20 mg<\/p>\n<\/li>\n<li class=\"\" data-start=\"2086\" data-end=\"2138\">\n<p class=\"\" data-start=\"2088\" data-end=\"2138\">Cinks \u2013 4 mg (40% no ieteicam\u0101s dienas devas\/NRV)<\/p>\n<\/li>\n<\/ul>\n<h2 class=\"\" data-start=\"2145\" data-end=\"2166\">Lietot\u0101ja rokasgr\u0101mata<\/h2>\n<p class=\"\" data-start=\"2168\" data-end=\"2226\"><strong data-start=\"2168\" data-end=\"2184\">Deva:<\/strong><br data-start=\"2184\" data-end=\"2187\"> 1 kapsula dien\u0101 ar \u0113dienu vai \u016bdeni.<\/p>\n<p class=\"\" data-start=\"2228\" data-end=\"2375\"><strong data-start=\"2228\" data-end=\"2239\">Piez\u012bme:<\/strong><br data-start=\"2239\" data-end=\"2242\"> Ieteicamo dienas devu nedr\u012bkst p\u0101rsniegt. Uztura bag\u0101tin\u0101t\u0101js neaizst\u0101j daudzveid\u012bgu un sabalans\u0113tu uzturu vai vesel\u012bgu dz\u012bvesveidu.<\/p>\n<h2 class=\"\" data-start=\"2382\" data-end=\"2412\">Br\u012bdin\u0101jumi un uzglab\u0101\u0161ana<\/h2>\n<ul data-start=\"2414\" data-end=\"2583\">\n<li class=\"\" data-start=\"2414\" data-end=\"2454\">\n<p class=\"\" data-start=\"2416\" data-end=\"2454\">Sarg\u0101t no b\u0113rniem.<\/p>\n<\/li>\n<li class=\"\" data-start=\"2455\" data-end=\"2528\">\n<p class=\"\" data-start=\"2457\" data-end=\"2528\">Uzglab\u0101t saus\u0101 viet\u0101 un istabas temperat\u016br\u0101, sarg\u0101t no tie\u0161iem saules stariem.<\/p>\n<\/li>\n<\/ul>\n","protected":false},"excerpt":{"rendered":"<p data-start=\"180\" data-end=\"514\"><strong data-start=\"180\" data-end=\"214\">Pure+ Super Garlic + Zinc<\/strong> ir paredz\u0113ts cilv\u0113kiem, kuri dod priek\u0161roku dab\u012bgam un t\u012bram uztura bag\u0101tin\u0101t\u0101jam \u2013 bez p\u0101rm\u0113r\u012bg\u0101m piedev\u0101m un sp\u0113c\u012bgas \u0137iploku smar\u017eas. Produkts satur liofiliz\u0113tu \u0137iploku pulveri un \u0137iploku ekstraktu, kas nodro\u0161ina \u0113rtu veidu, k\u0101 lietot \u0137iplokus ikdienas uztur\u0101. <\/p>\n<p data-start=\"516\" data-end=\"855\">Lai papildin\u0101tu produkta iedarb\u012bbu, tas ir bag\u0101tin\u0101ts ar cinku \u2014 miner\u0101lvielu, kas veicina norm\u0101lu im\u016bnsist\u0113mas darb\u012bbu, aizsarg\u0101 \u0161\u016bnas no oksidat\u012bv\u0101 stresa un pal\u012bdz uztur\u0113t norm\u0101lu \u0101das, matu un nagu st\u0101vokli. Tas padara produktu piem\u0113rotu tiem, kas v\u0113las atbalst\u012bt sava \u0137erme\u0146a ikdienas labsaj\u016btu un uztura daudzveid\u012bbu. <\/p>\n<p data-start=\"857\" data-end=\"1108\">At\u0161\u0137ir\u012bb\u0101 no daudziem \u0137iploku uztura bag\u0101tin\u0101t\u0101jiem <strong>, Pure+ Super Garlic + Zinc<\/strong> neatst\u0101j nepat\u012bkamu gar\u0161u vai smaku. T\u012br\u0101 formula ir labi piem\u0113rota tiem, kas v\u0113las izvair\u012bties no m\u0101ksl\u012bg\u0101m gar\u0161viel\u0101m un aromatiz\u0113t\u0101jiem, k\u0101 ar\u012b laktozes, glut\u0113na, rauga vai sojas. <\/p>\n<p data-start=\"1110\" data-end=\"1398\">\u0160is uztura bag\u0101tin\u0101t\u0101js ir piem\u0113rots ikdienas lieto\u0161anai visu gadu \u2013 piem\u0113ram, periodos, kad j\u016bsu uzturs var b\u016bt vienpus\u012bg\u0101ks vai dz\u012bves temps var b\u016bt \u0101tr\u0101ks. Arom\u0101tisk\u0101s kapsulas pied\u0101v\u0101 vienk\u0101r\u0161u un pat\u012bkamu veidu, k\u0101 ikdienas rut\u012bn\u0101 iek\u013caut \u0137iplokus un cinku, lai atbalst\u012btu l\u012bdzsvaru un labsaj\u016btu. <\/p>\n","protected":false},"featured_media":34697,"comment_status":"closed","ping_status":"closed","template":"","meta":{"_acf_changed":false},"product_brand":[],"product_cat":[3066,3067,3441],"product_tag":[3425,3638,3428,5748,5750,5747,3421,5751,5746,3041,3068,3427,5744,5749,5745,3429,3426,5752,3723,3430],"class_list":{"0":"post-34694","1":"product","2":"type-product","3":"status-publish","4":"has-post-thumbnail","6":"product_cat-imunsistema","7":"product_cat-ipasie-piedavajumi","8":"product_cat-sirds-veseliba","9":"product_tag-antioksidantu-aizsardziba","10":"product_tag-asinsrites-uzlabosana","11":"product_tag-atbalstot-sirds-un-asinsvadu-veselibu","12":"product_tag-auksti-apstradats-kiploku-pulveris","13":"product_tag-cinka-oksids","14":"product_tag-cinka-piedeva","15":"product_tag-dabigi-uztura-bagatinataji","16":"product_tag-dabisks-imunsistemas-atbalsts","17":"product_tag-holesterina-limena-regulesana-lv","18":"product_tag-imunitate","19":"product_tag-imunsistemas-atbalsts","20":"product_tag-imunsistemas-stiprinasana","21":"product_tag-kiploks","22":"product_tag-kiploku-ekstrakts","23":"product_tag-kiploku-uztura-bagatinatajs","24":"product_tag-pazeminot-holesterina-limeni","25":"product_tag-pretiekaisuma-iedarbiba","26":"product_tag-saaukstesanas-profilakse","27":"product_tag-sirds-veseliba","28":"product_tag-stiprinot-organisma-aizsardzibas-mehanismus","30":"first","31":"instock","32":"sale","33":"taxable","34":"shipping-taxable","35":"purchasable","36":"product-type-variable","37":"has-default-attributes"},"acf":[],"yoast_head":"<!-- This site is optimized with the Yoast SEO plugin v27.1.1 - https:\/\/yoast.com\/product\/yoast-seo-wordpress\/ -->\n<title>Super\u0137iploks - Puhdas+<\/title>\n<meta name=\"description\" content=\"Bez smar\u017eas \u0137iploku kapsula ar cinku imunit\u0101tes, sirds un holester\u012bna l\u012bme\u0146a atbalstam. T\u012brs sast\u0101vs, bez piedev\u0101m. Piem\u0113rota ikdienas lieto\u0161anai.\" \/>\n<meta name=\"robots\" content=\"noindex, follow, max-snippet:-1, max-image-preview:large, max-video-preview:-1\" \/>\n<meta property=\"og:locale\" content=\"lv_LV\" \/>\n<meta property=\"og:type\" content=\"article\" \/>\n<meta property=\"og:title\" content=\"Super\u0137iploks - Puhdas+\" \/>\n<meta property=\"og:description\" content=\"Bez smar\u017eas \u0137iploku kapsula ar cinku imunit\u0101tes, sirds un holester\u012bna l\u012bme\u0146a atbalstam. T\u012brs sast\u0101vs, bez piedev\u0101m. Piem\u0113rota ikdienas lieto\u0161anai.\" \/>\n<meta property=\"og:url\" content=\"https:\/\/test.puhdasplus.ee\/lv\/tooted\/imunsistema\/superkiploks\/\" \/>\n<meta property=\"og:site_name\" content=\"Puhdas+\" \/>\n<meta property=\"article:publisher\" content=\"https:\/\/www.facebook.com\/puhdasplus\" \/>\n<meta property=\"article:modified_time\" content=\"2026-02-22T20:48:09+00:00\" \/>\n<meta property=\"og:image\" content=\"https:\/\/test.puhdasplus.ee\/wp-content\/uploads\/2025\/03\/196.jpg\" \/>\n\t<meta property=\"og:image:width\" content=\"1862\" \/>\n\t<meta property=\"og:image:height\" content=\"2560\" \/>\n\t<meta property=\"og:image:type\" content=\"image\/jpeg\" \/>\n<meta name=\"twitter:card\" content=\"summary_large_image\" \/>\n<meta name=\"twitter:label1\" content=\"Est. reading time\" \/>\n\t<meta name=\"twitter:data1\" content=\"3 min\u016btes\" \/>\n<script type=\"application\/ld+json\" class=\"yoast-schema-graph\">{\"@context\":\"https:\/\/schema.org\",\"@graph\":[{\"@type\":\"WebPage\",\"@id\":\"https:\/\/test.puhdasplus.ee\/lv\/tooted\/imunsistema\/superkiploks\/\",\"url\":\"https:\/\/test.puhdasplus.ee\/lv\/tooted\/imunsistema\/superkiploks\/\",\"name\":\"Super\u0137iploks - Puhdas+\",\"isPartOf\":{\"@id\":\"https:\/\/test.puhdasplus.ee\/lv\/#website\"},\"primaryImageOfPage\":{\"@id\":\"https:\/\/test.puhdasplus.ee\/lv\/tooted\/imunsistema\/superkiploks\/#primaryimage\"},\"image\":{\"@id\":\"https:\/\/test.puhdasplus.ee\/lv\/tooted\/imunsistema\/superkiploks\/#primaryimage\"},\"thumbnailUrl\":\"https:\/\/test.puhdasplus.ee\/wp-content\/uploads\/2025\/03\/196.jpg\",\"datePublished\":\"2025-02-14T08:21:29+00:00\",\"dateModified\":\"2026-02-22T20:48:09+00:00\",\"description\":\"Bez smar\u017eas \u0137iploku kapsula ar cinku imunit\u0101tes, sirds un holester\u012bna l\u012bme\u0146a atbalstam. T\u012brs sast\u0101vs, bez piedev\u0101m. Piem\u0113rota ikdienas lieto\u0161anai.\",\"breadcrumb\":{\"@id\":\"https:\/\/test.puhdasplus.ee\/lv\/tooted\/imunsistema\/superkiploks\/#breadcrumb\"},\"inLanguage\":\"lv-LV\",\"potentialAction\":[{\"@type\":\"ReadAction\",\"target\":[\"https:\/\/test.puhdasplus.ee\/lv\/tooted\/imunsistema\/superkiploks\/\"]}]},{\"@type\":\"ImageObject\",\"inLanguage\":\"lv-LV\",\"@id\":\"https:\/\/test.puhdasplus.ee\/lv\/tooted\/imunsistema\/superkiploks\/#primaryimage\",\"url\":\"https:\/\/test.puhdasplus.ee\/wp-content\/uploads\/2025\/03\/196.jpg\",\"contentUrl\":\"https:\/\/test.puhdasplus.ee\/wp-content\/uploads\/2025\/03\/196.jpg\",\"width\":1862,\"height\":2560,\"caption\":\"\u0137iploks\"},{\"@type\":\"BreadcrumbList\",\"@id\":\"https:\/\/test.puhdasplus.ee\/lv\/tooted\/imunsistema\/superkiploks\/#breadcrumb\",\"itemListElement\":[{\"@type\":\"ListItem\",\"position\":1,\"name\":\"S\u0101kums\",\"item\":\"https:\/\/test.puhdasplus.ee\/lv\/\"},{\"@type\":\"ListItem\",\"position\":2,\"name\":\"Produkti\",\"item\":\"https:\/\/test.puhdasplus.ee\/lv\/veikals\/\"},{\"@type\":\"ListItem\",\"position\":3,\"name\":\"Super\u0137iploks\"}]},{\"@type\":\"WebSite\",\"@id\":\"https:\/\/test.puhdasplus.ee\/lv\/#website\",\"url\":\"https:\/\/test.puhdasplus.ee\/lv\/\",\"name\":\"Puhdas+\",\"description\":\"Vitamiinid, Toidulisandid, looduskosmeetika, tervis, sport\",\"publisher\":{\"@id\":\"https:\/\/test.puhdasplus.ee\/lv\/#organization\"},\"potentialAction\":[{\"@type\":\"SearchAction\",\"target\":{\"@type\":\"EntryPoint\",\"urlTemplate\":\"https:\/\/test.puhdasplus.ee\/lv\/?s={search_term_string}\"},\"query-input\":{\"@type\":\"PropertyValueSpecification\",\"valueRequired\":true,\"valueName\":\"search_term_string\"}}],\"inLanguage\":\"lv-LV\"},{\"@type\":\"Organization\",\"@id\":\"https:\/\/test.puhdasplus.ee\/lv\/#organization\",\"name\":\"Puhdas+\",\"alternateName\":\"Puhdasplus\",\"url\":\"https:\/\/test.puhdasplus.ee\/lv\/\",\"logo\":{\"@type\":\"ImageObject\",\"inLanguage\":\"lv-LV\",\"@id\":\"https:\/\/test.puhdasplus.ee\/lv\/#\/schema\/logo\/image\/\",\"url\":\"https:\/\/test.puhdasplus.ee\/\/wp-content\/uploads\/2019\/10\/puhdas_logo-arvele.png\",\"contentUrl\":\"https:\/\/test.puhdasplus.ee\/\/wp-content\/uploads\/2019\/10\/puhdas_logo-arvele.png\",\"width\":114,\"height\":94,\"caption\":\"Puhdas+\"},\"image\":{\"@id\":\"https:\/\/test.puhdasplus.ee\/lv\/#\/schema\/logo\/image\/\"},\"sameAs\":[\"https:\/\/www.facebook.com\/puhdasplus\",\"https:\/\/www.instagram.com\/puhdasplus_ee\/\"]}]}<\/script>\n<!-- \/ Yoast SEO plugin. -->","yoast_head_json":{"title":"Super\u0137iploks - Puhdas+","description":"Bez smar\u017eas \u0137iploku kapsula ar cinku imunit\u0101tes, sirds un holester\u012bna l\u012bme\u0146a atbalstam. T\u012brs sast\u0101vs, bez piedev\u0101m. Piem\u0113rota ikdienas lieto\u0161anai.","robots":{"index":"noindex","follow":"follow","max-snippet":"max-snippet:-1","max-image-preview":"max-image-preview:large","max-video-preview":"max-video-preview:-1"},"og_locale":"lv_LV","og_type":"article","og_title":"Super\u0137iploks - Puhdas+","og_description":"Bez smar\u017eas \u0137iploku kapsula ar cinku imunit\u0101tes, sirds un holester\u012bna l\u012bme\u0146a atbalstam. T\u012brs sast\u0101vs, bez piedev\u0101m. Piem\u0113rota ikdienas lieto\u0161anai.","og_url":"https:\/\/test.puhdasplus.ee\/lv\/tooted\/imunsistema\/superkiploks\/","og_site_name":"Puhdas+","article_publisher":"https:\/\/www.facebook.com\/puhdasplus","article_modified_time":"2026-02-22T20:48:09+00:00","og_image":[{"width":1862,"height":2560,"url":"https:\/\/test.puhdasplus.ee\/wp-content\/uploads\/2025\/03\/196.jpg","type":"image\/jpeg"}],"twitter_card":"summary_large_image","twitter_misc":{"Est. reading time":"3 min\u016btes"},"schema":{"@context":"https:\/\/schema.org","@graph":[{"@type":"WebPage","@id":"https:\/\/test.puhdasplus.ee\/lv\/tooted\/imunsistema\/superkiploks\/","url":"https:\/\/test.puhdasplus.ee\/lv\/tooted\/imunsistema\/superkiploks\/","name":"Super\u0137iploks - Puhdas+","isPartOf":{"@id":"https:\/\/test.puhdasplus.ee\/lv\/#website"},"primaryImageOfPage":{"@id":"https:\/\/test.puhdasplus.ee\/lv\/tooted\/imunsistema\/superkiploks\/#primaryimage"},"image":{"@id":"https:\/\/test.puhdasplus.ee\/lv\/tooted\/imunsistema\/superkiploks\/#primaryimage"},"thumbnailUrl":"https:\/\/test.puhdasplus.ee\/wp-content\/uploads\/2025\/03\/196.jpg","datePublished":"2025-02-14T08:21:29+00:00","dateModified":"2026-02-22T20:48:09+00:00","description":"Bez smar\u017eas \u0137iploku kapsula ar cinku imunit\u0101tes, sirds un holester\u012bna l\u012bme\u0146a atbalstam. T\u012brs sast\u0101vs, bez piedev\u0101m. Piem\u0113rota ikdienas lieto\u0161anai.","breadcrumb":{"@id":"https:\/\/test.puhdasplus.ee\/lv\/tooted\/imunsistema\/superkiploks\/#breadcrumb"},"inLanguage":"lv-LV","potentialAction":[{"@type":"ReadAction","target":["https:\/\/test.puhdasplus.ee\/lv\/tooted\/imunsistema\/superkiploks\/"]}]},{"@type":"ImageObject","inLanguage":"lv-LV","@id":"https:\/\/test.puhdasplus.ee\/lv\/tooted\/imunsistema\/superkiploks\/#primaryimage","url":"https:\/\/test.puhdasplus.ee\/wp-content\/uploads\/2025\/03\/196.jpg","contentUrl":"https:\/\/test.puhdasplus.ee\/wp-content\/uploads\/2025\/03\/196.jpg","width":1862,"height":2560,"caption":"\u0137iploks"},{"@type":"BreadcrumbList","@id":"https:\/\/test.puhdasplus.ee\/lv\/tooted\/imunsistema\/superkiploks\/#breadcrumb","itemListElement":[{"@type":"ListItem","position":1,"name":"S\u0101kums","item":"https:\/\/test.puhdasplus.ee\/lv\/"},{"@type":"ListItem","position":2,"name":"Produkti","item":"https:\/\/test.puhdasplus.ee\/lv\/veikals\/"},{"@type":"ListItem","position":3,"name":"Super\u0137iploks"}]},{"@type":"WebSite","@id":"https:\/\/test.puhdasplus.ee\/lv\/#website","url":"https:\/\/test.puhdasplus.ee\/lv\/","name":"Puhdas+","description":"Vitamiinid, Toidulisandid, looduskosmeetika, tervis, sport","publisher":{"@id":"https:\/\/test.puhdasplus.ee\/lv\/#organization"},"potentialAction":[{"@type":"SearchAction","target":{"@type":"EntryPoint","urlTemplate":"https:\/\/test.puhdasplus.ee\/lv\/?s={search_term_string}"},"query-input":{"@type":"PropertyValueSpecification","valueRequired":true,"valueName":"search_term_string"}}],"inLanguage":"lv-LV"},{"@type":"Organization","@id":"https:\/\/test.puhdasplus.ee\/lv\/#organization","name":"Puhdas+","alternateName":"Puhdasplus","url":"https:\/\/test.puhdasplus.ee\/lv\/","logo":{"@type":"ImageObject","inLanguage":"lv-LV","@id":"https:\/\/test.puhdasplus.ee\/lv\/#\/schema\/logo\/image\/","url":"https:\/\/test.puhdasplus.ee\/\/wp-content\/uploads\/2019\/10\/puhdas_logo-arvele.png","contentUrl":"https:\/\/test.puhdasplus.ee\/\/wp-content\/uploads\/2019\/10\/puhdas_logo-arvele.png","width":114,"height":94,"caption":"Puhdas+"},"image":{"@id":"https:\/\/test.puhdasplus.ee\/lv\/#\/schema\/logo\/image\/"},"sameAs":["https:\/\/www.facebook.com\/puhdasplus","https:\/\/www.instagram.com\/puhdasplus_ee\/"]}]}},"_links":{"self":[{"href":"https:\/\/test.puhdasplus.ee\/lv\/wp-json\/wp\/v2\/product\/34694","targetHints":{"allow":["GET"]}}],"collection":[{"href":"https:\/\/test.puhdasplus.ee\/lv\/wp-json\/wp\/v2\/product"}],"about":[{"href":"https:\/\/test.puhdasplus.ee\/lv\/wp-json\/wp\/v2\/types\/product"}],"replies":[{"embeddable":true,"href":"https:\/\/test.puhdasplus.ee\/lv\/wp-json\/wp\/v2\/comments?post=34694"}],"wp:featuredmedia":[{"embeddable":true,"href":"https:\/\/test.puhdasplus.ee\/lv\/wp-json\/wp\/v2\/media\/34697"}],"wp:attachment":[{"href":"https:\/\/test.puhdasplus.ee\/lv\/wp-json\/wp\/v2\/media?parent=34694"}],"wp:term":[{"taxonomy":"product_brand","embeddable":true,"href":"https:\/\/test.puhdasplus.ee\/lv\/wp-json\/wp\/v2\/product_brand?post=34694"},{"taxonomy":"product_cat","embeddable":true,"href":"https:\/\/test.puhdasplus.ee\/lv\/wp-json\/wp\/v2\/product_cat?post=34694"},{"taxonomy":"product_tag","embeddable":true,"href":"https:\/\/test.puhdasplus.ee\/lv\/wp-json\/wp\/v2\/product_tag?post=34694"}],"curies":[{"name":"wp","href":"https:\/\/api.w.org\/{rel}","templated":true}]}}