{"id":34691,"date":"2025-08-12T17:31:57","date_gmt":"2025-08-12T14:31:57","guid":{"rendered":"https:\/\/test.puhdasplus.ee\/\/tooted\/uncategorized\/elektrolitu-vitaminu-udens-330-ml\/"},"modified":"2026-02-22T22:46:02","modified_gmt":"2026-02-22T20:46:02","slug":"elektrolitu-vitaminu-udens-330-ml","status":"publish","type":"product","link":"https:\/\/test.puhdasplus.ee\/lv\/tooted\/dzerieni\/vitaminu-udens\/elektrolitu-vitaminu-udens-330-ml\/","title":{"rendered":"Elektrol\u012btu + vitam\u012bnu \u016bdens ar magniju 330 ml"},"content":{"rendered":"<h2>Pure+ elektrol\u012btu + vitam\u012bnu \u016bdens ar magniju \u2013 l\u012bdzsvars un ener\u0123ija j\u016bsu dienai!<\/h2>\n<p><br data-start=\"69\" data-end=\"72\">Neatkar\u012bgi no t\u0101, vai j\u016bsu \u0137ermenim nepiecie\u0161ama iztur\u012bba, atjauno\u0161an\u0101s vai hidrat\u0101cijas atbalsts, \u0161is gardais vitam\u012bnu \u016bdens ar bumbieru gar\u0161u nodro\u0161in\u0101s tie\u0161i pareizos pamatelementus. Tas satur r\u016bp\u012bgi atlas\u012btu magnija, elektrol\u012btu l\u012bmeni atbalsto\u0161u s\u0101\u013cu un C vitam\u012bna daudzumu, kas kop\u0101 pal\u012bdz saglab\u0101t svaigumu un ener\u0123iju visas dienas garum\u0101. <\/p>\n<article class=\"text-token-text-primary w-full focus:outline-none scroll-mt-[calc(var(--header-height)+min(200px,max(70px,20svh)))]\" dir=\"auto\" tabindex=\"-1\" data-turn-id=\"request-WEB:063ae35e-5acf-4792-9e21-f5ab0cead77f-23\" data-testid=\"conversation-turn-8\" data-scroll-anchor=\"true\" data-turn=\"assistant\">\n<div class=\"text-base my-auto mx-auto pb-10 [--thread-content-margin:--spacing(4)] @[37rem]:[--thread-content-margin:--spacing(6)] @[72rem]:[--thread-content-margin:--spacing(16)] px-(--thread-content-margin)\">\n<div class=\"[--thread-content-max-width:32rem] @[34rem]:[--thread-content-max-width:40rem] @[64rem]:[--thread-content-max-width:48rem] mx-auto max-w-(--thread-content-max-width) flex-1 group\/turn-messages focus-visible:outline-hidden relative flex w-full min-w-0 flex-col agent-turn\" tabindex=\"-1\">\n<div class=\"flex max-w-full flex-col grow\">\n<div class=\"min-h-8 text-message relative flex w-full flex-col items-end gap-2 text-start break-words whitespace-normal [.text-message+&amp;]:mt-5\" dir=\"auto\" data-message-author-role=\"assistant\" data-message-id=\"e9c1ce01-eaea-42df-ac38-d8b04d12f48d\" data-message-model-slug=\"gpt-5\">\n<div class=\"flex w-full flex-col gap-1 empty:hidden first:pt-[3px]\">\n<div class=\"markdown prose dark:prose-invert w-full break-words light markdown-new-styling\">\n<p data-start=\"0\" data-end=\"301\" data-is-last-node=\"\" data-is-only-node=\"\">\u0160is atspirdzino\u0161ais dz\u0113riens ir lieliska izv\u0113le, piem\u0113ram, p\u0113c treni\u0146a, karst\u0101s vasaras dien\u0101s vai aiz\u0146emtas darba dienas laik\u0101, kad \u0137ermenim nepiecie\u0161ama papildu hidrat\u0101cija un atjauno\u0161an\u0101s atbalsts. Puhdas+ vitam\u012bnu \u016bde\u0146i ir somu produkti ar zemu cukura saturu, kas ra\u017eoti bez konservantiem un kr\u0101sviel\u0101m. Baudiet atdzes\u0113tu.  <\/p>\n<p data-start=\"0\" data-end=\"301\" data-is-last-node=\"\" data-is-only-node=\"\"><strong>Sast\u0101vda\u013cas:<\/strong> \u016bdens, magnija citr\u0101ts, n\u0101trija hlor\u012bds, n\u0101trija askorb\u0101ts, za\u013c\u0101s t\u0113jas ekstrakts, \u0101bolsk\u0101be, cukurs, dab\u012bgas gar\u0161as, oglek\u013ca dioks\u012bds.<\/p>\n<article class=\"text-token-text-primary w-full focus:outline-none scroll-mt-[calc(var(--header-height)+min(200px,max(70px,20svh)))]\" dir=\"auto\" tabindex=\"-1\" data-turn-id=\"request-WEB:063ae35e-5acf-4792-9e21-f5ab0cead77f-25\" data-testid=\"conversation-turn-12\" data-scroll-anchor=\"true\" data-turn=\"assistant\">\n<div class=\"text-base my-auto mx-auto pb-10 [--thread-content-margin:--spacing(4)] @[37rem]:[--thread-content-margin:--spacing(6)] @[72rem]:[--thread-content-margin:--spacing(16)] px-(--thread-content-margin)\">\n<div class=\"[--thread-content-max-width:32rem] @[34rem]:[--thread-content-max-width:40rem] @[64rem]:[--thread-content-max-width:48rem] mx-auto max-w-(--thread-content-max-width) flex-1 group\/turn-messages focus-visible:outline-hidden relative flex w-full min-w-0 flex-col agent-turn\" tabindex=\"-1\">\n<div class=\"flex max-w-full flex-col grow\">\n<div class=\"min-h-8 text-message relative flex w-full flex-col items-end gap-2 text-start break-words whitespace-normal [.text-message+&amp;]:mt-5\" dir=\"auto\" data-message-author-role=\"assistant\" data-message-id=\"cbae3858-1a80-4fc8-819d-f99081b7339d\" data-message-model-slug=\"gpt-5\">\n<div class=\"flex w-full flex-col gap-1 empty:hidden first:pt-[3px]\">\n<div class=\"markdown prose dark:prose-invert w-full break-words light markdown-new-styling\">\n<p data-start=\"0\" data-end=\"233\" data-is-last-node=\"\" data-is-only-node=\"\"><strong data-start=\"942\" data-end=\"972\">Uzturv\u0113rt\u012bba uz 100 ml:<\/strong> <br data-start=\"972\" data-end=\"975\"> Ener\u0123\u0113tisk\u0101 v\u0113rt\u012bba: 42 kJ \/ 10 kcal <br data-start=\"999\" data-end=\"1002\"> Tauki: 0 g <br data-start=\"1013\" data-end=\"1016\"> tostarp pies\u0101tin\u0101t\u0101s tauksk\u0101bes: 0 g <br data-start=\"1055\" data-end=\"1058\"> Og\u013chidr\u0101ti: 2,5 g <br data-start=\"1076\" data-end=\"1079\"> tostarp cukuri: 2,5 g <br data-start=\"1105\" data-end=\"1108\"> Olbaltumvielas: 0 g <br data-start=\"1119\" data-end=\"1122\"> S\u0101ls: 0,09 g <br data-start=\"1134\" data-end=\"1137\"> Magnijs: 17,3 mg (4,6% no DV*) <br data-start=\"1168\" data-end=\"1171\"> C vitam\u012bns: 27 mg (34% no DV*) <br data-start=\"1199\" data-end=\"1202\" data-is-only-node=\"\"> *NRV \u2013 ieteicam\u0101 dienas deva pieaugu\u0161ajam<\/p>\n<p data-start=\"1247\" data-end=\"1408\"><strong data-start=\"1247\" data-end=\"1263\">Lietojums:<\/strong> <br data-start=\"1263\" data-end=\"1266\"> Baudiet atdzes\u0113tu. Lieliski piem\u0113rots p\u0113c treni\u0146a, karst\u0101s dien\u0101s vai dinamisk\u0101 vid\u0113, kad nepiecie\u0161ama papildu hidrat\u0101cija un atjauno\u0161an\u0101s atbalsts. <\/p>\n<p data-start=\"1410\" data-end=\"1496\"><strong data-start=\"1410\" data-end=\"1426\">Uzglab\u0101\u0161ana:<\/strong> <br data-start=\"1426\" data-end=\"1429\"> Uzglab\u0101t v\u0113s\u0101, saus\u0101 viet\u0101. P\u0113c atv\u0113r\u0161anas izlietot 24 stundu laik\u0101. <\/p>\n<\/div>\n<\/div>\n<\/div>\n<\/div>\n<\/div>\n<\/div>\n<\/article>\n<\/div>\n<\/div>\n<\/div>\n<\/div>\n<\/div>\n<\/div>\n<\/article>\n","protected":false},"excerpt":{"rendered":"<p>Gard\u012bgs bumbieru gar\u0161as elektrol\u012btu+ vitam\u012bnu \u016bdens! Magnijs ir organismam nepiecie\u0161ams miner\u0101ls, kas atbalsta gan musku\u013cu, gan nervu sist\u0113mas norm\u0101lu darb\u012bbu. Tas pal\u012bdz nov\u0113rst krampjus un musku\u013cu nogurumu, \u012bpa\u0161i akt\u012bva dz\u012bvesveida gad\u012bjum\u0101. Vienlaikus magnijs atbalsta ener\u0123ijas metabolismu un pal\u012bdz mazin\u0101t nogurumu un izs\u012bkumu. Savuk\u0101rt C vitam\u012bns atbalsta im\u016bnsist\u0113mu un aizsarg\u0101 organismu no oksidat\u012bv\u0101 stresa, veicinot visp\u0101r\u0113jo labsaj\u016btu.    <\/p>\n","protected":false},"featured_media":34693,"comment_status":"closed","ping_status":"closed","template":"","meta":{"_acf_changed":false},"product_brand":[5911],"product_cat":[5436,3201,3067,7647],"product_tag":[3605,3202,3220,5741,5740,3203,5738],"class_list":{"0":"post-34691","1":"product","2":"type-product","3":"status-publish","4":"has-post-thumbnail","6":"product_brand-puhdas-lv","7":"product_cat-dzerieni","8":"product_cat-elektroliti","9":"product_cat-ipasie-piedavajumi","10":"product_cat-vitaminu-udens","11":"product_tag-atveselosanas","12":"product_tag-c-vitamins-lv","13":"product_tag-elektroliti","14":"product_tag-elektrolits-lv","15":"product_tag-hidratacija-lv","16":"product_tag-magnijs","17":"product_tag-vitaminu-udens","19":"first","20":"instock","21":"sale","22":"featured","23":"taxable","24":"shipping-taxable","25":"purchasable","26":"product-type-variable","27":"has-default-attributes"},"acf":[],"yoast_head":"<!-- This site is optimized with the Yoast SEO plugin v27.1.1 - https:\/\/yoast.com\/product\/yoast-seo-wordpress\/ -->\n<title>Elektrol\u012btu + vitam\u012bnu \u016bdens ar magniju 330 ml - Puhdas+<\/title>\n<meta name=\"description\" content=\"Atsvaidzino\u0161s bumbieru gar\u0161as elektrol\u012btu vitam\u012bnu \u016bdens ar magniju un C vitam\u012bnu. Atbalsta musku\u013cu un nervu sist\u0113mas darb\u012bbu un mazina nogurumu.\" \/>\n<meta name=\"robots\" content=\"noindex, follow, max-snippet:-1, max-image-preview:large, max-video-preview:-1\" \/>\n<meta property=\"og:locale\" content=\"lv_LV\" \/>\n<meta property=\"og:type\" content=\"article\" \/>\n<meta property=\"og:title\" content=\"Elektrol\u012btu + vitam\u012bnu \u016bdens ar magniju 330 ml - Puhdas+\" \/>\n<meta property=\"og:description\" content=\"Atsvaidzino\u0161s bumbieru gar\u0161as elektrol\u012btu vitam\u012bnu \u016bdens ar magniju un C vitam\u012bnu. Atbalsta musku\u013cu un nervu sist\u0113mas darb\u012bbu un mazina nogurumu.\" \/>\n<meta property=\"og:url\" content=\"https:\/\/test.puhdasplus.ee\/lv\/tooted\/dzerieni\/vitaminu-udens\/elektrolitu-vitaminu-udens-330-ml\/\" \/>\n<meta property=\"og:site_name\" content=\"Puhdas+\" \/>\n<meta property=\"article:publisher\" content=\"https:\/\/www.facebook.com\/puhdasplus\" \/>\n<meta property=\"article:modified_time\" content=\"2026-02-22T20:46:02+00:00\" \/>\n<meta property=\"og:image\" content=\"https:\/\/test.puhdasplus.ee\/wp-content\/uploads\/2025\/08\/tooted-ilma-taustata-scaled.jpg\" \/>\n\t<meta property=\"og:image:width\" content=\"1862\" \/>\n\t<meta property=\"og:image:height\" content=\"2560\" \/>\n\t<meta property=\"og:image:type\" content=\"image\/jpeg\" \/>\n<meta name=\"twitter:card\" content=\"summary_large_image\" \/>\n<meta name=\"twitter:label1\" content=\"Est. reading time\" \/>\n\t<meta name=\"twitter:data1\" content=\"1 minute\" \/>\n<script type=\"application\/ld+json\" class=\"yoast-schema-graph\">{\"@context\":\"https:\/\/schema.org\",\"@graph\":[{\"@type\":\"WebPage\",\"@id\":\"https:\/\/test.puhdasplus.ee\/lv\/tooted\/dzerieni\/vitaminu-udens\/elektrolitu-vitaminu-udens-330-ml\/\",\"url\":\"https:\/\/test.puhdasplus.ee\/lv\/tooted\/dzerieni\/vitaminu-udens\/elektrolitu-vitaminu-udens-330-ml\/\",\"name\":\"Elektrol\u012btu + vitam\u012bnu \u016bdens ar magniju 330 ml - Puhdas+\",\"isPartOf\":{\"@id\":\"https:\/\/test.puhdasplus.ee\/lv\/#website\"},\"primaryImageOfPage\":{\"@id\":\"https:\/\/test.puhdasplus.ee\/lv\/tooted\/dzerieni\/vitaminu-udens\/elektrolitu-vitaminu-udens-330-ml\/#primaryimage\"},\"image\":{\"@id\":\"https:\/\/test.puhdasplus.ee\/lv\/tooted\/dzerieni\/vitaminu-udens\/elektrolitu-vitaminu-udens-330-ml\/#primaryimage\"},\"thumbnailUrl\":\"https:\/\/test.puhdasplus.ee\/wp-content\/uploads\/2025\/08\/tooted-ilma-taustata-scaled.jpg\",\"datePublished\":\"2025-08-12T14:31:57+00:00\",\"dateModified\":\"2026-02-22T20:46:02+00:00\",\"description\":\"Atsvaidzino\u0161s bumbieru gar\u0161as elektrol\u012btu vitam\u012bnu \u016bdens ar magniju un C vitam\u012bnu. Atbalsta musku\u013cu un nervu sist\u0113mas darb\u012bbu un mazina nogurumu.\",\"breadcrumb\":{\"@id\":\"https:\/\/test.puhdasplus.ee\/lv\/tooted\/dzerieni\/vitaminu-udens\/elektrolitu-vitaminu-udens-330-ml\/#breadcrumb\"},\"inLanguage\":\"lv-LV\",\"potentialAction\":[{\"@type\":\"ReadAction\",\"target\":[\"https:\/\/test.puhdasplus.ee\/lv\/tooted\/dzerieni\/vitaminu-udens\/elektrolitu-vitaminu-udens-330-ml\/\"]}]},{\"@type\":\"ImageObject\",\"inLanguage\":\"lv-LV\",\"@id\":\"https:\/\/test.puhdasplus.ee\/lv\/tooted\/dzerieni\/vitaminu-udens\/elektrolitu-vitaminu-udens-330-ml\/#primaryimage\",\"url\":\"https:\/\/test.puhdasplus.ee\/wp-content\/uploads\/2025\/08\/tooted-ilma-taustata-scaled.jpg\",\"contentUrl\":\"https:\/\/test.puhdasplus.ee\/wp-content\/uploads\/2025\/08\/tooted-ilma-taustata-scaled.jpg\",\"width\":1862,\"height\":2560,\"caption\":\"Elektrol\u012btu un vitam\u012bnu \u016bdens 330 ml\"},{\"@type\":\"BreadcrumbList\",\"@id\":\"https:\/\/test.puhdasplus.ee\/lv\/tooted\/dzerieni\/vitaminu-udens\/elektrolitu-vitaminu-udens-330-ml\/#breadcrumb\",\"itemListElement\":[{\"@type\":\"ListItem\",\"position\":1,\"name\":\"S\u0101kums\",\"item\":\"https:\/\/test.puhdasplus.ee\/lv\/\"},{\"@type\":\"ListItem\",\"position\":2,\"name\":\"Produkti\",\"item\":\"https:\/\/test.puhdasplus.ee\/lv\/veikals\/\"},{\"@type\":\"ListItem\",\"position\":3,\"name\":\"Elektrol\u012btu + vitam\u012bnu \u016bdens ar magniju 330 ml\"}]},{\"@type\":\"WebSite\",\"@id\":\"https:\/\/test.puhdasplus.ee\/lv\/#website\",\"url\":\"https:\/\/test.puhdasplus.ee\/lv\/\",\"name\":\"Puhdas+\",\"description\":\"Vitamiinid, Toidulisandid, looduskosmeetika, tervis, sport\",\"publisher\":{\"@id\":\"https:\/\/test.puhdasplus.ee\/lv\/#organization\"},\"potentialAction\":[{\"@type\":\"SearchAction\",\"target\":{\"@type\":\"EntryPoint\",\"urlTemplate\":\"https:\/\/test.puhdasplus.ee\/lv\/?s={search_term_string}\"},\"query-input\":{\"@type\":\"PropertyValueSpecification\",\"valueRequired\":true,\"valueName\":\"search_term_string\"}}],\"inLanguage\":\"lv-LV\"},{\"@type\":\"Organization\",\"@id\":\"https:\/\/test.puhdasplus.ee\/lv\/#organization\",\"name\":\"Puhdas+\",\"alternateName\":\"Puhdasplus\",\"url\":\"https:\/\/test.puhdasplus.ee\/lv\/\",\"logo\":{\"@type\":\"ImageObject\",\"inLanguage\":\"lv-LV\",\"@id\":\"https:\/\/test.puhdasplus.ee\/lv\/#\/schema\/logo\/image\/\",\"url\":\"https:\/\/test.puhdasplus.ee\/\/wp-content\/uploads\/2019\/10\/puhdas_logo-arvele.png\",\"contentUrl\":\"https:\/\/test.puhdasplus.ee\/\/wp-content\/uploads\/2019\/10\/puhdas_logo-arvele.png\",\"width\":114,\"height\":94,\"caption\":\"Puhdas+\"},\"image\":{\"@id\":\"https:\/\/test.puhdasplus.ee\/lv\/#\/schema\/logo\/image\/\"},\"sameAs\":[\"https:\/\/www.facebook.com\/puhdasplus\",\"https:\/\/www.instagram.com\/puhdasplus_ee\/\"]}]}<\/script>\n<!-- \/ Yoast SEO plugin. -->","yoast_head_json":{"title":"Elektrol\u012btu + vitam\u012bnu \u016bdens ar magniju 330 ml - Puhdas+","description":"Atsvaidzino\u0161s bumbieru gar\u0161as elektrol\u012btu vitam\u012bnu \u016bdens ar magniju un C vitam\u012bnu. Atbalsta musku\u013cu un nervu sist\u0113mas darb\u012bbu un mazina nogurumu.","robots":{"index":"noindex","follow":"follow","max-snippet":"max-snippet:-1","max-image-preview":"max-image-preview:large","max-video-preview":"max-video-preview:-1"},"og_locale":"lv_LV","og_type":"article","og_title":"Elektrol\u012btu + vitam\u012bnu \u016bdens ar magniju 330 ml - Puhdas+","og_description":"Atsvaidzino\u0161s bumbieru gar\u0161as elektrol\u012btu vitam\u012bnu \u016bdens ar magniju un C vitam\u012bnu. Atbalsta musku\u013cu un nervu sist\u0113mas darb\u012bbu un mazina nogurumu.","og_url":"https:\/\/test.puhdasplus.ee\/lv\/tooted\/dzerieni\/vitaminu-udens\/elektrolitu-vitaminu-udens-330-ml\/","og_site_name":"Puhdas+","article_publisher":"https:\/\/www.facebook.com\/puhdasplus","article_modified_time":"2026-02-22T20:46:02+00:00","og_image":[{"width":1862,"height":2560,"url":"https:\/\/test.puhdasplus.ee\/wp-content\/uploads\/2025\/08\/tooted-ilma-taustata-scaled.jpg","type":"image\/jpeg"}],"twitter_card":"summary_large_image","twitter_misc":{"Est. reading time":"1 minute"},"schema":{"@context":"https:\/\/schema.org","@graph":[{"@type":"WebPage","@id":"https:\/\/test.puhdasplus.ee\/lv\/tooted\/dzerieni\/vitaminu-udens\/elektrolitu-vitaminu-udens-330-ml\/","url":"https:\/\/test.puhdasplus.ee\/lv\/tooted\/dzerieni\/vitaminu-udens\/elektrolitu-vitaminu-udens-330-ml\/","name":"Elektrol\u012btu + vitam\u012bnu \u016bdens ar magniju 330 ml - Puhdas+","isPartOf":{"@id":"https:\/\/test.puhdasplus.ee\/lv\/#website"},"primaryImageOfPage":{"@id":"https:\/\/test.puhdasplus.ee\/lv\/tooted\/dzerieni\/vitaminu-udens\/elektrolitu-vitaminu-udens-330-ml\/#primaryimage"},"image":{"@id":"https:\/\/test.puhdasplus.ee\/lv\/tooted\/dzerieni\/vitaminu-udens\/elektrolitu-vitaminu-udens-330-ml\/#primaryimage"},"thumbnailUrl":"https:\/\/test.puhdasplus.ee\/wp-content\/uploads\/2025\/08\/tooted-ilma-taustata-scaled.jpg","datePublished":"2025-08-12T14:31:57+00:00","dateModified":"2026-02-22T20:46:02+00:00","description":"Atsvaidzino\u0161s bumbieru gar\u0161as elektrol\u012btu vitam\u012bnu \u016bdens ar magniju un C vitam\u012bnu. Atbalsta musku\u013cu un nervu sist\u0113mas darb\u012bbu un mazina nogurumu.","breadcrumb":{"@id":"https:\/\/test.puhdasplus.ee\/lv\/tooted\/dzerieni\/vitaminu-udens\/elektrolitu-vitaminu-udens-330-ml\/#breadcrumb"},"inLanguage":"lv-LV","potentialAction":[{"@type":"ReadAction","target":["https:\/\/test.puhdasplus.ee\/lv\/tooted\/dzerieni\/vitaminu-udens\/elektrolitu-vitaminu-udens-330-ml\/"]}]},{"@type":"ImageObject","inLanguage":"lv-LV","@id":"https:\/\/test.puhdasplus.ee\/lv\/tooted\/dzerieni\/vitaminu-udens\/elektrolitu-vitaminu-udens-330-ml\/#primaryimage","url":"https:\/\/test.puhdasplus.ee\/wp-content\/uploads\/2025\/08\/tooted-ilma-taustata-scaled.jpg","contentUrl":"https:\/\/test.puhdasplus.ee\/wp-content\/uploads\/2025\/08\/tooted-ilma-taustata-scaled.jpg","width":1862,"height":2560,"caption":"Elektrol\u012btu un vitam\u012bnu \u016bdens 330 ml"},{"@type":"BreadcrumbList","@id":"https:\/\/test.puhdasplus.ee\/lv\/tooted\/dzerieni\/vitaminu-udens\/elektrolitu-vitaminu-udens-330-ml\/#breadcrumb","itemListElement":[{"@type":"ListItem","position":1,"name":"S\u0101kums","item":"https:\/\/test.puhdasplus.ee\/lv\/"},{"@type":"ListItem","position":2,"name":"Produkti","item":"https:\/\/test.puhdasplus.ee\/lv\/veikals\/"},{"@type":"ListItem","position":3,"name":"Elektrol\u012btu + vitam\u012bnu \u016bdens ar magniju 330 ml"}]},{"@type":"WebSite","@id":"https:\/\/test.puhdasplus.ee\/lv\/#website","url":"https:\/\/test.puhdasplus.ee\/lv\/","name":"Puhdas+","description":"Vitamiinid, Toidulisandid, looduskosmeetika, tervis, sport","publisher":{"@id":"https:\/\/test.puhdasplus.ee\/lv\/#organization"},"potentialAction":[{"@type":"SearchAction","target":{"@type":"EntryPoint","urlTemplate":"https:\/\/test.puhdasplus.ee\/lv\/?s={search_term_string}"},"query-input":{"@type":"PropertyValueSpecification","valueRequired":true,"valueName":"search_term_string"}}],"inLanguage":"lv-LV"},{"@type":"Organization","@id":"https:\/\/test.puhdasplus.ee\/lv\/#organization","name":"Puhdas+","alternateName":"Puhdasplus","url":"https:\/\/test.puhdasplus.ee\/lv\/","logo":{"@type":"ImageObject","inLanguage":"lv-LV","@id":"https:\/\/test.puhdasplus.ee\/lv\/#\/schema\/logo\/image\/","url":"https:\/\/test.puhdasplus.ee\/\/wp-content\/uploads\/2019\/10\/puhdas_logo-arvele.png","contentUrl":"https:\/\/test.puhdasplus.ee\/\/wp-content\/uploads\/2019\/10\/puhdas_logo-arvele.png","width":114,"height":94,"caption":"Puhdas+"},"image":{"@id":"https:\/\/test.puhdasplus.ee\/lv\/#\/schema\/logo\/image\/"},"sameAs":["https:\/\/www.facebook.com\/puhdasplus","https:\/\/www.instagram.com\/puhdasplus_ee\/"]}]}},"_links":{"self":[{"href":"https:\/\/test.puhdasplus.ee\/lv\/wp-json\/wp\/v2\/product\/34691","targetHints":{"allow":["GET"]}}],"collection":[{"href":"https:\/\/test.puhdasplus.ee\/lv\/wp-json\/wp\/v2\/product"}],"about":[{"href":"https:\/\/test.puhdasplus.ee\/lv\/wp-json\/wp\/v2\/types\/product"}],"replies":[{"embeddable":true,"href":"https:\/\/test.puhdasplus.ee\/lv\/wp-json\/wp\/v2\/comments?post=34691"}],"wp:featuredmedia":[{"embeddable":true,"href":"https:\/\/test.puhdasplus.ee\/lv\/wp-json\/wp\/v2\/media\/34693"}],"wp:attachment":[{"href":"https:\/\/test.puhdasplus.ee\/lv\/wp-json\/wp\/v2\/media?parent=34691"}],"wp:term":[{"taxonomy":"product_brand","embeddable":true,"href":"https:\/\/test.puhdasplus.ee\/lv\/wp-json\/wp\/v2\/product_brand?post=34691"},{"taxonomy":"product_cat","embeddable":true,"href":"https:\/\/test.puhdasplus.ee\/lv\/wp-json\/wp\/v2\/product_cat?post=34691"},{"taxonomy":"product_tag","embeddable":true,"href":"https:\/\/test.puhdasplus.ee\/lv\/wp-json\/wp\/v2\/product_tag?post=34691"}],"curies":[{"name":"wp","href":"https:\/\/api.w.org\/{rel}","templated":true}]}}