{"id":34677,"date":"2025-04-12T16:29:26","date_gmt":"2025-04-12T13:29:26","guid":{"rendered":"https:\/\/test.puhdasplus.ee\/\/tooted\/uncategorized\/vegan-d3-vitamins-100-%c2%b5g-60-kapsulas\/"},"modified":"2026-02-22T22:46:15","modified_gmt":"2026-02-22T20:46:15","slug":"vegan-d3-vitamins-100-%c2%b5g-60-kapsulas","status":"publish","type":"product","link":"https:\/\/test.puhdasplus.ee\/lv\/tooted\/vitamini\/d-vitamins\/vegan-d3-vitamins-100-%c2%b5g-60-kapsulas\/","title":{"rendered":"Vegan D3 vitam\u012bns 100 \u00b5g 60 kapsulas"},"content":{"rendered":"<h2 data-start=\"40\" data-end=\"79\">Augsti absorb\u0113jams augu izcelsmes D3 vitam\u012bns!<\/h2>\n<p class=\"\" data-start=\"81\" data-end=\"410\">Pure+ D3 vitam\u012bna uztura bag\u0101tin\u0101t\u0101js satur augu izcelsmes D3 vitam\u012bnu, kas ieg\u016bts no a\u013c\u0123\u0113m. Augstas kvalit\u0101tes D3 vitam\u012bns, kas ieg\u016bts no a\u013c\u0123\u0113m, ir dabisk\u0101, bioakt\u012bv\u0101 form\u0101. D vitam\u012bns veicina norm\u0101lu im\u016bnsist\u0113mas darb\u012bbu un norm\u0101lu kaulu un zobu vesel\u012bbu.   Ra\u017eots Somij\u0101.<\/p>\n<p data-start=\"81\" data-end=\"410\">Unik\u0101lais augu izcelsmes un augstas kvalit\u0101tes D3 vitam\u012bns, ko izmanto Pure+ Vegan D3 produktos, ir ieg\u016bts no a\u013c\u0123\u0113m.<br data-start=\"161\" data-end=\"164\"> Produkta ra\u017eo\u0161an\u0101 netiek izmantotas nevajadz\u012bgas piedevas, piem\u0113ram, konservanti, kr\u0101svielas vai p\u0101rkl\u0101jumi.<\/p>\n<h2 data-start=\"81\" data-end=\"410\">Lietot\u0101ja rokasgr\u0101mata<\/h2>\n<p data-start=\"81\" data-end=\"410\">Pieaugu\u0161ajiem, 1 kapsula dien\u0101. Ieteicamo dienas devu nedr\u012bkst p\u0101rsniegt. Uztura bag\u0101tin\u0101t\u0101js neaizst\u0101j daudzveid\u012bgu un sabalans\u0113tu uzturu vai vesel\u012bgu dz\u012bvesveidu. Sarg\u0101t no b\u0113rniem.   <\/p>\n<h2 data-start=\"81\" data-end=\"410\">Sast\u0101vda\u013cas<\/h2>\n<p data-start=\"81\" data-end=\"410\">Pildvielas (hidroksipropilmetilceluloze, mikrokrist\u0101lisk\u0101 celuloze), kapsula (stabilizatori: hidroksipropilmetilceluloze, gell\u0101na sve\u0137i), holekalciferola prepar\u0101ts.<br data-start=\"239\" data-end=\"242\"> Nesatur laktozi, raugu vai glut\u0113nu. Nesatur s\u0101li, soju vai saldin\u0101t\u0101jus.  Piem\u0113rots ve\u0123et\u0101rie\u0161iem. Uztura bag\u0101tin\u0101t\u0101js.<\/p>\n<h2 data-start=\"81\" data-end=\"410\">Uzturv\u0113rt\u012bba<\/h2>\n<p data-start=\"81\" data-end=\"410\">1 kapsula:<br data-start=\"77\" data-end=\"80\"> <strong data-start=\"80\" data-end=\"95\">D3 vitam\u012bns<\/strong> \u2013 100 \u00b5g (*2000% no ieteicam\u0101s dienas devas)<\/p>\n<p class=\"\" data-start=\"39\" data-end=\"78\">*% no dienas ieteicam\u0101s devas.<\/p>\n<p class=\"\" data-start=\"80\" data-end=\"133\">Ra\u017eots Somij\u0101. D3 vitam\u012bns nav ra\u017eots Somij\u0101. <\/p>\n","protected":false},"excerpt":{"rendered":"<p class=\"\" data-start=\"187\" data-end=\"472\">Pure+ Vegan D3 vitam\u012bns 100 \u00b5g ir augu izcelsmes, augstas kvalit\u0101tes uztura bag\u0101tin\u0101t\u0101js, kas satur no a\u013c\u0123\u0113m ieg\u016btu D3 vitam\u012bnu (holekalciferolu). D3 vitam\u012bns veicina norm\u0101lu im\u016bnsist\u0113mas darb\u012bbu, norm\u0101lu kaulu un musku\u013cu darb\u012bbu, k\u0101 ar\u012b pal\u012bdz uztur\u0113t norm\u0101lu zobu vesel\u012bbu. Produkts ir piem\u0113rots ar\u012b veg\u0101niem.  <\/p>\n","protected":false},"featured_media":34678,"comment_status":"closed","ping_status":"closed","template":"","meta":{"_acf_changed":false},"product_brand":[],"product_cat":[4542,3205],"product_tag":[4546,4543,2974],"class_list":{"0":"post-34677","1":"product","2":"type-product","3":"status-publish","4":"has-post-thumbnail","6":"product_cat-d-vitamins","7":"product_cat-vitamini","8":"product_tag-d3-vitamina-piedeva","9":"product_tag-d3-vitamins","10":"product_tag-vegans","12":"first","13":"instock","14":"taxable","15":"shipping-taxable","16":"purchasable","17":"product-type-simple"},"acf":[],"yoast_head":"<!-- This site is optimized with the Yoast SEO plugin v27.1.1 - https:\/\/yoast.com\/product\/yoast-seo-wordpress\/ -->\n<title>Vegan D3 vitam\u012bns 100 \u00b5g 60 kapsulas - Puhdas+<\/title>\n<meta name=\"description\" content=\"Pure+ Vegan D3 vitam\u012bns 100 \u00b5g \u2013 augu izcelsmes D\u2083 vitam\u012bna uztura bag\u0101tin\u0101t\u0101js, kas ieg\u016bts no a\u013c\u0123\u0113m. Piem\u0113rots veg\u0101niem, nesatur konservantus, laktozi vai glut\u0113nu.\" \/>\n<meta name=\"robots\" content=\"noindex, follow, max-snippet:-1, max-image-preview:large, max-video-preview:-1\" \/>\n<meta property=\"og:locale\" content=\"lv_LV\" \/>\n<meta property=\"og:type\" content=\"article\" \/>\n<meta property=\"og:title\" content=\"Vegan D3 vitam\u012bns 100 \u00b5g 60 kapsulas - Puhdas+\" \/>\n<meta property=\"og:description\" content=\"Pure+ Vegan D3 vitam\u012bns 100 \u00b5g \u2013 augu izcelsmes D\u2083 vitam\u012bna uztura bag\u0101tin\u0101t\u0101js, kas ieg\u016bts no a\u013c\u0123\u0113m. Piem\u0113rots veg\u0101niem, nesatur konservantus, laktozi vai glut\u0113nu.\" \/>\n<meta property=\"og:url\" content=\"https:\/\/test.puhdasplus.ee\/lv\/tooted\/vitamini\/d-vitamins\/vegan-d3-vitamins-100-%c2%b5g-60-kapsulas\/\" \/>\n<meta property=\"og:site_name\" content=\"Puhdas+\" \/>\n<meta property=\"article:publisher\" content=\"https:\/\/www.facebook.com\/puhdasplus\" \/>\n<meta property=\"article:modified_time\" content=\"2026-02-22T20:46:15+00:00\" \/>\n<meta property=\"og:image\" content=\"https:\/\/test.puhdasplus.ee\/wp-content\/uploads\/2025\/04\/Vegan-D3-vitamiin-100-\u00b5g-60-kapslit-scaled.jpg\" \/>\n\t<meta property=\"og:image:width\" content=\"1862\" \/>\n\t<meta property=\"og:image:height\" content=\"2560\" \/>\n\t<meta property=\"og:image:type\" content=\"image\/jpeg\" \/>\n<meta name=\"twitter:card\" content=\"summary_large_image\" \/>\n<meta name=\"twitter:label1\" content=\"Est. reading time\" \/>\n\t<meta name=\"twitter:data1\" content=\"1 minute\" \/>\n<script type=\"application\/ld+json\" class=\"yoast-schema-graph\">{\"@context\":\"https:\/\/schema.org\",\"@graph\":[{\"@type\":\"WebPage\",\"@id\":\"https:\/\/test.puhdasplus.ee\/lv\/tooted\/vitamini\/d-vitamins\/vegan-d3-vitamins-100-%c2%b5g-60-kapsulas\/\",\"url\":\"https:\/\/test.puhdasplus.ee\/lv\/tooted\/vitamini\/d-vitamins\/vegan-d3-vitamins-100-%c2%b5g-60-kapsulas\/\",\"name\":\"Vegan D3 vitam\u012bns 100 \u00b5g 60 kapsulas - Puhdas+\",\"isPartOf\":{\"@id\":\"https:\/\/test.puhdasplus.ee\/lv\/#website\"},\"primaryImageOfPage\":{\"@id\":\"https:\/\/test.puhdasplus.ee\/lv\/tooted\/vitamini\/d-vitamins\/vegan-d3-vitamins-100-%c2%b5g-60-kapsulas\/#primaryimage\"},\"image\":{\"@id\":\"https:\/\/test.puhdasplus.ee\/lv\/tooted\/vitamini\/d-vitamins\/vegan-d3-vitamins-100-%c2%b5g-60-kapsulas\/#primaryimage\"},\"thumbnailUrl\":\"https:\/\/test.puhdasplus.ee\/wp-content\/uploads\/2025\/04\/Vegan-D3-vitamiin-100-\u00b5g-60-kapslit-scaled.jpg\",\"datePublished\":\"2025-04-12T13:29:26+00:00\",\"dateModified\":\"2026-02-22T20:46:15+00:00\",\"description\":\"Pure+ Vegan D3 vitam\u012bns 100 \u00b5g \u2013 augu izcelsmes D\u2083 vitam\u012bna uztura bag\u0101tin\u0101t\u0101js, kas ieg\u016bts no a\u013c\u0123\u0113m. Piem\u0113rots veg\u0101niem, nesatur konservantus, laktozi vai glut\u0113nu.\",\"breadcrumb\":{\"@id\":\"https:\/\/test.puhdasplus.ee\/lv\/tooted\/vitamini\/d-vitamins\/vegan-d3-vitamins-100-%c2%b5g-60-kapsulas\/#breadcrumb\"},\"inLanguage\":\"lv-LV\",\"potentialAction\":[{\"@type\":\"ReadAction\",\"target\":[\"https:\/\/test.puhdasplus.ee\/lv\/tooted\/vitamini\/d-vitamins\/vegan-d3-vitamins-100-%c2%b5g-60-kapsulas\/\"]}]},{\"@type\":\"ImageObject\",\"inLanguage\":\"lv-LV\",\"@id\":\"https:\/\/test.puhdasplus.ee\/lv\/tooted\/vitamini\/d-vitamins\/vegan-d3-vitamins-100-%c2%b5g-60-kapsulas\/#primaryimage\",\"url\":\"https:\/\/test.puhdasplus.ee\/wp-content\/uploads\/2025\/04\/Vegan-D3-vitamiin-100-\u00b5g-60-kapslit-scaled.jpg\",\"contentUrl\":\"https:\/\/test.puhdasplus.ee\/wp-content\/uploads\/2025\/04\/Vegan-D3-vitamiin-100-\u00b5g-60-kapslit-scaled.jpg\",\"width\":1862,\"height\":2560,\"caption\":\"Vegan D3 vitam\u012bns 100 \u00b5g 60 kapsulas\"},{\"@type\":\"BreadcrumbList\",\"@id\":\"https:\/\/test.puhdasplus.ee\/lv\/tooted\/vitamini\/d-vitamins\/vegan-d3-vitamins-100-%c2%b5g-60-kapsulas\/#breadcrumb\",\"itemListElement\":[{\"@type\":\"ListItem\",\"position\":1,\"name\":\"S\u0101kums\",\"item\":\"https:\/\/test.puhdasplus.ee\/lv\/\"},{\"@type\":\"ListItem\",\"position\":2,\"name\":\"Produkti\",\"item\":\"https:\/\/test.puhdasplus.ee\/lv\/veikals\/\"},{\"@type\":\"ListItem\",\"position\":3,\"name\":\"Vegan D3 vitam\u012bns 100 \u00b5g 60 kapsulas\"}]},{\"@type\":\"WebSite\",\"@id\":\"https:\/\/test.puhdasplus.ee\/lv\/#website\",\"url\":\"https:\/\/test.puhdasplus.ee\/lv\/\",\"name\":\"Puhdas+\",\"description\":\"Vitamiinid, Toidulisandid, looduskosmeetika, tervis, sport\",\"publisher\":{\"@id\":\"https:\/\/test.puhdasplus.ee\/lv\/#organization\"},\"potentialAction\":[{\"@type\":\"SearchAction\",\"target\":{\"@type\":\"EntryPoint\",\"urlTemplate\":\"https:\/\/test.puhdasplus.ee\/lv\/?s={search_term_string}\"},\"query-input\":{\"@type\":\"PropertyValueSpecification\",\"valueRequired\":true,\"valueName\":\"search_term_string\"}}],\"inLanguage\":\"lv-LV\"},{\"@type\":\"Organization\",\"@id\":\"https:\/\/test.puhdasplus.ee\/lv\/#organization\",\"name\":\"Puhdas+\",\"alternateName\":\"Puhdasplus\",\"url\":\"https:\/\/test.puhdasplus.ee\/lv\/\",\"logo\":{\"@type\":\"ImageObject\",\"inLanguage\":\"lv-LV\",\"@id\":\"https:\/\/test.puhdasplus.ee\/lv\/#\/schema\/logo\/image\/\",\"url\":\"https:\/\/test.puhdasplus.ee\/\/wp-content\/uploads\/2019\/10\/puhdas_logo-arvele.png\",\"contentUrl\":\"https:\/\/test.puhdasplus.ee\/\/wp-content\/uploads\/2019\/10\/puhdas_logo-arvele.png\",\"width\":114,\"height\":94,\"caption\":\"Puhdas+\"},\"image\":{\"@id\":\"https:\/\/test.puhdasplus.ee\/lv\/#\/schema\/logo\/image\/\"},\"sameAs\":[\"https:\/\/www.facebook.com\/puhdasplus\",\"https:\/\/www.instagram.com\/puhdasplus_ee\/\"]}]}<\/script>\n<!-- \/ Yoast SEO plugin. -->","yoast_head_json":{"title":"Vegan D3 vitam\u012bns 100 \u00b5g 60 kapsulas - Puhdas+","description":"Pure+ Vegan D3 vitam\u012bns 100 \u00b5g \u2013 augu izcelsmes D\u2083 vitam\u012bna uztura bag\u0101tin\u0101t\u0101js, kas ieg\u016bts no a\u013c\u0123\u0113m. Piem\u0113rots veg\u0101niem, nesatur konservantus, laktozi vai glut\u0113nu.","robots":{"index":"noindex","follow":"follow","max-snippet":"max-snippet:-1","max-image-preview":"max-image-preview:large","max-video-preview":"max-video-preview:-1"},"og_locale":"lv_LV","og_type":"article","og_title":"Vegan D3 vitam\u012bns 100 \u00b5g 60 kapsulas - Puhdas+","og_description":"Pure+ Vegan D3 vitam\u012bns 100 \u00b5g \u2013 augu izcelsmes D\u2083 vitam\u012bna uztura bag\u0101tin\u0101t\u0101js, kas ieg\u016bts no a\u013c\u0123\u0113m. Piem\u0113rots veg\u0101niem, nesatur konservantus, laktozi vai glut\u0113nu.","og_url":"https:\/\/test.puhdasplus.ee\/lv\/tooted\/vitamini\/d-vitamins\/vegan-d3-vitamins-100-%c2%b5g-60-kapsulas\/","og_site_name":"Puhdas+","article_publisher":"https:\/\/www.facebook.com\/puhdasplus","article_modified_time":"2026-02-22T20:46:15+00:00","og_image":[{"width":1862,"height":2560,"url":"https:\/\/test.puhdasplus.ee\/wp-content\/uploads\/2025\/04\/Vegan-D3-vitamiin-100-\u00b5g-60-kapslit-scaled.jpg","type":"image\/jpeg"}],"twitter_card":"summary_large_image","twitter_misc":{"Est. reading time":"1 minute"},"schema":{"@context":"https:\/\/schema.org","@graph":[{"@type":"WebPage","@id":"https:\/\/test.puhdasplus.ee\/lv\/tooted\/vitamini\/d-vitamins\/vegan-d3-vitamins-100-%c2%b5g-60-kapsulas\/","url":"https:\/\/test.puhdasplus.ee\/lv\/tooted\/vitamini\/d-vitamins\/vegan-d3-vitamins-100-%c2%b5g-60-kapsulas\/","name":"Vegan D3 vitam\u012bns 100 \u00b5g 60 kapsulas - Puhdas+","isPartOf":{"@id":"https:\/\/test.puhdasplus.ee\/lv\/#website"},"primaryImageOfPage":{"@id":"https:\/\/test.puhdasplus.ee\/lv\/tooted\/vitamini\/d-vitamins\/vegan-d3-vitamins-100-%c2%b5g-60-kapsulas\/#primaryimage"},"image":{"@id":"https:\/\/test.puhdasplus.ee\/lv\/tooted\/vitamini\/d-vitamins\/vegan-d3-vitamins-100-%c2%b5g-60-kapsulas\/#primaryimage"},"thumbnailUrl":"https:\/\/test.puhdasplus.ee\/wp-content\/uploads\/2025\/04\/Vegan-D3-vitamiin-100-\u00b5g-60-kapslit-scaled.jpg","datePublished":"2025-04-12T13:29:26+00:00","dateModified":"2026-02-22T20:46:15+00:00","description":"Pure+ Vegan D3 vitam\u012bns 100 \u00b5g \u2013 augu izcelsmes D\u2083 vitam\u012bna uztura bag\u0101tin\u0101t\u0101js, kas ieg\u016bts no a\u013c\u0123\u0113m. Piem\u0113rots veg\u0101niem, nesatur konservantus, laktozi vai glut\u0113nu.","breadcrumb":{"@id":"https:\/\/test.puhdasplus.ee\/lv\/tooted\/vitamini\/d-vitamins\/vegan-d3-vitamins-100-%c2%b5g-60-kapsulas\/#breadcrumb"},"inLanguage":"lv-LV","potentialAction":[{"@type":"ReadAction","target":["https:\/\/test.puhdasplus.ee\/lv\/tooted\/vitamini\/d-vitamins\/vegan-d3-vitamins-100-%c2%b5g-60-kapsulas\/"]}]},{"@type":"ImageObject","inLanguage":"lv-LV","@id":"https:\/\/test.puhdasplus.ee\/lv\/tooted\/vitamini\/d-vitamins\/vegan-d3-vitamins-100-%c2%b5g-60-kapsulas\/#primaryimage","url":"https:\/\/test.puhdasplus.ee\/wp-content\/uploads\/2025\/04\/Vegan-D3-vitamiin-100-\u00b5g-60-kapslit-scaled.jpg","contentUrl":"https:\/\/test.puhdasplus.ee\/wp-content\/uploads\/2025\/04\/Vegan-D3-vitamiin-100-\u00b5g-60-kapslit-scaled.jpg","width":1862,"height":2560,"caption":"Vegan D3 vitam\u012bns 100 \u00b5g 60 kapsulas"},{"@type":"BreadcrumbList","@id":"https:\/\/test.puhdasplus.ee\/lv\/tooted\/vitamini\/d-vitamins\/vegan-d3-vitamins-100-%c2%b5g-60-kapsulas\/#breadcrumb","itemListElement":[{"@type":"ListItem","position":1,"name":"S\u0101kums","item":"https:\/\/test.puhdasplus.ee\/lv\/"},{"@type":"ListItem","position":2,"name":"Produkti","item":"https:\/\/test.puhdasplus.ee\/lv\/veikals\/"},{"@type":"ListItem","position":3,"name":"Vegan D3 vitam\u012bns 100 \u00b5g 60 kapsulas"}]},{"@type":"WebSite","@id":"https:\/\/test.puhdasplus.ee\/lv\/#website","url":"https:\/\/test.puhdasplus.ee\/lv\/","name":"Puhdas+","description":"Vitamiinid, Toidulisandid, looduskosmeetika, tervis, sport","publisher":{"@id":"https:\/\/test.puhdasplus.ee\/lv\/#organization"},"potentialAction":[{"@type":"SearchAction","target":{"@type":"EntryPoint","urlTemplate":"https:\/\/test.puhdasplus.ee\/lv\/?s={search_term_string}"},"query-input":{"@type":"PropertyValueSpecification","valueRequired":true,"valueName":"search_term_string"}}],"inLanguage":"lv-LV"},{"@type":"Organization","@id":"https:\/\/test.puhdasplus.ee\/lv\/#organization","name":"Puhdas+","alternateName":"Puhdasplus","url":"https:\/\/test.puhdasplus.ee\/lv\/","logo":{"@type":"ImageObject","inLanguage":"lv-LV","@id":"https:\/\/test.puhdasplus.ee\/lv\/#\/schema\/logo\/image\/","url":"https:\/\/test.puhdasplus.ee\/\/wp-content\/uploads\/2019\/10\/puhdas_logo-arvele.png","contentUrl":"https:\/\/test.puhdasplus.ee\/\/wp-content\/uploads\/2019\/10\/puhdas_logo-arvele.png","width":114,"height":94,"caption":"Puhdas+"},"image":{"@id":"https:\/\/test.puhdasplus.ee\/lv\/#\/schema\/logo\/image\/"},"sameAs":["https:\/\/www.facebook.com\/puhdasplus","https:\/\/www.instagram.com\/puhdasplus_ee\/"]}]}},"_links":{"self":[{"href":"https:\/\/test.puhdasplus.ee\/lv\/wp-json\/wp\/v2\/product\/34677","targetHints":{"allow":["GET"]}}],"collection":[{"href":"https:\/\/test.puhdasplus.ee\/lv\/wp-json\/wp\/v2\/product"}],"about":[{"href":"https:\/\/test.puhdasplus.ee\/lv\/wp-json\/wp\/v2\/types\/product"}],"replies":[{"embeddable":true,"href":"https:\/\/test.puhdasplus.ee\/lv\/wp-json\/wp\/v2\/comments?post=34677"}],"wp:featuredmedia":[{"embeddable":true,"href":"https:\/\/test.puhdasplus.ee\/lv\/wp-json\/wp\/v2\/media\/34678"}],"wp:attachment":[{"href":"https:\/\/test.puhdasplus.ee\/lv\/wp-json\/wp\/v2\/media?parent=34677"}],"wp:term":[{"taxonomy":"product_brand","embeddable":true,"href":"https:\/\/test.puhdasplus.ee\/lv\/wp-json\/wp\/v2\/product_brand?post=34677"},{"taxonomy":"product_cat","embeddable":true,"href":"https:\/\/test.puhdasplus.ee\/lv\/wp-json\/wp\/v2\/product_cat?post=34677"},{"taxonomy":"product_tag","embeddable":true,"href":"https:\/\/test.puhdasplus.ee\/lv\/wp-json\/wp\/v2\/product_tag?post=34677"}],"curies":[{"name":"wp","href":"https:\/\/api.w.org\/{rel}","templated":true}]}}