{"id":34671,"date":"2025-05-21T15:51:27","date_gmt":"2025-05-21T12:51:27","guid":{"rendered":"https:\/\/test.puhdasplus.ee\/\/tooted\/uncategorized\/pret-sirmiem-matiem-60-kapsulas\/"},"modified":"2026-02-22T22:46:20","modified_gmt":"2026-02-22T20:46:20","slug":"pret-sirmiem-matiem-60-kapsulas","status":"publish","type":"product","link":"https:\/\/test.puhdasplus.ee\/lv\/tooted\/ada-mati-nagi\/pret-sirmiem-matiem-60-kapsulas\/","title":{"rendered":"Dabisk\u0101s matu kr\u0101sas atbalst\u012bt\u0101js 60 kapsulas"},"content":{"rendered":"<h2 class=\"\" data-start=\"152\" data-end=\"235\">Puhdas+ pret sirmiem matiem \u2013 dabisks atbalsts matu pigment\u0101cijas uztur\u0113\u0161anai<\/h2>\n<p class=\"\" data-start=\"237\" data-end=\"330\">Uztura bag\u0101tin\u0101t\u0101js, kas pal\u012bdz pal\u0113nin\u0101t matu sirmo\u0161anu un atbalsta matu dabisko vesel\u012bbu.<\/p>\n<h2 data-start=\"337\" data-end=\"377\">Efekt\u012bva formula pret sirmiem matiem<\/h2>\n<p class=\"\" data-start=\"379\" data-end=\"633\">Puhdas+ kapsulas pret sirmiem matiem ir paredz\u0113tas cilv\u0113kiem, kuri v\u0113las saglab\u0101t savu matu dabisko kr\u0101su un visp\u0101r\u0113jo st\u0101vokli. Produkts satur zin\u0101tniski pamatotas sast\u0101vda\u013cas, kas pal\u012bdz saglab\u0101t matu dabisko pigment\u0101ciju un atbalsta norm\u0101lu matu aug\u0161anu. <\/p>\n<h2 data-start=\"379\" data-end=\"633\">Kas ir <span class=\"relative -mx-px my-[-0.2rem] rounded px-px py-[0.2rem] transition-colors duration-100 ease-in-out\">Pure+ pret sirmiem matiem?<\/span><\/h2>\n<p data-start=\"379\" data-end=\"633\"> <span class=\"relative -mx-px my-[-0.2rem] rounded px-px py-[0.2rem] transition-colors duration-100 ease-in-out\">Puhdas+ l\u012bdzeklis pret sirmiem matiem ir Somij\u0101 ra\u017eots uztura bag\u0101tin\u0101t\u0101js,<\/span> kas paredz\u0113ts matu dabisk\u0101s pigment\u0101cijas uztur\u0113\u0161anai un matu vesel\u012bbas veicin\u0101\u0161anai.<\/p>\n<p data-start=\"379\" data-end=\"633\"> <span class=\"relative -mx-px my-[-0.2rem] rounded px-px py-[0.2rem] transition-colors duration-100 ease-in-out\">Produkts satur r\u016bp\u012bgi atlas\u012btus vitam\u012bnus, miner\u0101lvielas un augu ekstraktus, kas atbalsta matu vesel\u012bbu no iek\u0161puses.<\/span><\/p>\n<h2 data-start=\"105\" data-end=\"152\">K\u0101p\u0113c Clean+ Anti Gray Hair ir noder\u012bgs?<\/h2>\n<p class=\"\" data-start=\"154\" data-end=\"522\">Puhdas+ l\u012bdzeklis pret sirmiem matiem ir izstr\u0101d\u0101ts, lai atbalst\u012btu j\u016bsu matu dabisko kr\u0101su un visp\u0101r\u0113jo vesel\u012bbu no iek\u0161puses. Noveco\u0161ana, stress, uztura tr\u016bkumi un \u0123en\u0113tika var izrais\u012bt priek\u0161laic\u012bgu matu sirmo\u0161anu. \u0160\u012b uztura bag\u0101tin\u0101t\u0101ja sast\u0101vda\u013cas, piem\u0113ram, var\u0161, biot\u012bns, cinks un sil\u012bcijs, pal\u012bdz aizsarg\u0101t matus no \u0161\u012bm izmai\u0146\u0101m un saglab\u0101t to dabisko pigment\u0101ciju.  <\/p>\n<p class=\"\" data-start=\"524\" data-end=\"700\">Turkl\u0101t B12 vitam\u012bns, folsk\u0101be un L-ciste\u012bns atbalsta \u0161\u016bnu atjauno\u0161anos un matu folikulu norm\u0101lu darb\u012bbu, kas, pateicoties biot\u012bnam un cinkam, veicina norm\u0101lu matu aug\u0161anu un stipr\u012bbu.<\/p>\n<p class=\"\" data-start=\"702\" data-end=\"859\">Produkts ir piem\u0113rots lieto\u0161anai visu vecumu pieaugu\u0161ajiem, kuri v\u0113las uztur\u0113t matu vesel\u012bbu, nov\u0113rst sirmo\u0161anu un dabiski stiprin\u0101t matus.<\/p>\n<h2 data-start=\"702\" data-end=\"859\">Dab\u012bgs atbalsts dabiskai matu kr\u0101sai<\/h2>\n<p data-start=\"702\" data-end=\"859\">Produkts satur varu, kas pal\u012bdz uztur\u0113t norm\u0101lu pigment\u0101ciju jeb melan\u012bna l\u012bmeni matos \u2013 galveno faktoru matu dabisk\u0101s kr\u0101sas saglab\u0101\u0161an\u0101.<\/p>\n<h2>Matu stiprin\u0101\u0161ana no iek\u0161puses<\/h2>\n<p>Biot\u012bns, cinks un L-ciste\u012bns atbalsta kerat\u012bna, matu strukt\u016bras pamata, ra\u017eo\u0161anu. Regul\u0101ra lieto\u0161ana pal\u012bdz mazin\u0101t matu trauslumu, l\u016b\u0161anu un sausumu. <\/p>\n<h2>Galvas \u0101das un matu folikulu atbalsts<\/h2>\n<p>B12 vitam\u012bns un folsk\u0101be veicina \u0161\u016bnu atjauno\u0161anos un norm\u0101lu asinsriti galvas \u0101d\u0101, radot labv\u0113l\u012bgus apst\u0101k\u013cus jaunu un vesel\u012bgu matu aug\u0161anai.<\/p>\n<h2>Sil\u012bcija un grie\u0137u sier\u0101boli\u0146a ekstrakts \u2013 dab\u012bgs sp\u0113ks<\/h2>\n<p>Sil\u012bcijs un grie\u0137u sier\u0101boli\u0146a ekstrakts tradicion\u0101li tiek izmantots matu un nagu stiprin\u0101\u0161anai un \u0101das elast\u012bbas uztur\u0113\u0161anai.<\/p>\n<h2 data-start=\"640\" data-end=\"688\">Galven\u0101s sast\u0101vda\u013cas un to priek\u0161roc\u012bbas<\/h2>\n<ul data-start=\"690\" data-end=\"1235\">\n<li class=\"\" data-start=\"690\" data-end=\"782\">\n<p class=\"\" data-start=\"692\" data-end=\"782\"><strong data-start=\"692\" data-end=\"700\">Var\u0161<\/strong> \u2013 pal\u012bdz uztur\u0113t norm\u0101lu matu pigment\u0101ciju, atbalstot melan\u012bna ra\u017eo\u0161anu.<\/p>\n<\/li>\n<li class=\"\" data-start=\"783\" data-end=\"870\">\n<p class=\"\" data-start=\"785\" data-end=\"870\"><strong data-start=\"785\" data-end=\"805\">Biot\u012bns un cinks<\/strong> \u2013 pal\u012bdz uztur\u0113t norm\u0101lu matu, \u0101das un nagu st\u0101vokli.<\/p>\n<\/li>\n<li class=\"\" data-start=\"871\" data-end=\"1000\">\n<p class=\"\" data-start=\"873\" data-end=\"1000\"><strong data-start=\"873\" data-end=\"901\">B12 vitam\u012bns un folsk\u0101be<\/strong> \u2013 atbalsta \u0161\u016bnu dal\u012b\u0161anos un ener\u0123ijas ra\u017eo\u0161anu, kas ir svar\u012bgi ar\u012b matu folikulu darb\u012bbai.<\/p>\n<\/li>\n<li class=\"\" data-start=\"1001\" data-end=\"1144\">\n<p class=\"\" data-start=\"1003\" data-end=\"1144\"><strong data-start=\"1003\" data-end=\"1026\">Sil\u012bcija dioks\u012bds (no diatom\u012bta zemes)<\/strong> un <strong data-start=\"1030\" data-end=\"1051\">grie\u0137u sier\u0101boli\u0146a ekstrakts<\/strong> \u2013 dab\u012bgas sast\u0101vda\u013cas, kas stiprina matu strukt\u016bru un atbalsta galvas \u0101das labsaj\u016btu.<\/p>\n<\/li>\n<li class=\"\" data-start=\"1145\" data-end=\"1235\">\n<p class=\"\" data-start=\"1147\" data-end=\"1235\"><strong data-start=\"1147\" data-end=\"1162\">L-ciste\u012bns<\/strong> \u2013 aminosk\u0101be, kas ir kerat\u012bna (galven\u0101 matu struktur\u0101l\u0101 prote\u012bna) pamatelements.<\/p>\n<\/li>\n<\/ul>\n<h2 data-start=\"583\" data-end=\"606\">Sast\u0101vda\u013cas:<\/h2>\n<p class=\"\" data-start=\"607\" data-end=\"939\">Diatom\u012bts (nogulumie\u017ei, kas satur sil\u012bcijsk\u0101bi), augu kapsula (hidroksipropilmetilceluloze, gell\u0101na sve\u0137i), mikrokrist\u0101lisk\u0101 celuloze (pildviela), cinka bisglicin\u0101ts, L-ciste\u012bns, t\u012brma\u013cas kosas (Equisetum arvense) ekstrakts, vara glikon\u0101ts, metilkobalam\u012bns (B12 vitam\u012bns), folsk\u0101be (pterioilmonoglutam\u012bnsk\u0101be), n\u0101trija selen\u0101ts, D-biot\u012bns.<\/p>\n<ul>\n<li class=\"\" data-start=\"2150\" data-end=\"2202\">\n<p class=\"\" data-start=\"2152\" data-end=\"2202\"><strong data-start=\"2152\" data-end=\"2200\">Bez laktozes, glut\u0113na un cukura<\/strong><\/p>\n<\/li>\n<li class=\"\" data-start=\"2203\" data-end=\"2274\">\n<p class=\"\" data-start=\"2205\" data-end=\"2274\"><strong data-start=\"2205\" data-end=\"2274\">Nesatur raugu, soju, m\u0101ksl\u012bgos saldin\u0101t\u0101jus vai konservantus<\/strong><\/p>\n<\/li>\n<\/ul>\n<h2 data-start=\"946\" data-end=\"1006\">Uzturvielu saturs 1 kapsul\u0101\/dienas dev\u0101:<\/h2>\n<div class=\"_tableContainer_16hzy_1\">\n<div class=\"_tableWrapper_16hzy_14 group flex w-fit flex-col-reverse\" tabindex=\"-1\">\n<table class=\"w-fit min-w-(--thread-content-width)\" data-start=\"1008\" data-end=\"1646\">\n<thead data-start=\"1008\" data-end=\"1066\">\n<tr data-start=\"1008\" data-end=\"1066\">\n<th data-start=\"1008\" data-end=\"1036\" data-col-size=\"sm\">Akt\u012bv\u0101 viela<\/th>\n<th data-start=\"1036\" data-end=\"1050\" data-col-size=\"sm\">Daudzums<\/th>\n<th data-start=\"1050\" data-end=\"1066\" data-col-size=\"sm\">% NRV*<\/th>\n<\/tr>\n<\/thead>\n<tbody data-start=\"1125\" data-end=\"1646\">\n<tr data-start=\"1125\" data-end=\"1182\">\n<td data-start=\"1125\" data-end=\"1152\" data-col-size=\"sm\">Sil\u012bcija dioks\u012bds (no diatom\u012bta zemes)<\/td>\n<td data-col-size=\"sm\" data-start=\"1152\" data-end=\"1166\">50 mg<\/td>\n<td data-col-size=\"sm\" data-start=\"1166\" data-end=\"1182\">\u2013<\/td>\n<\/tr>\n<tr data-start=\"1183\" data-end=\"1240\">\n<td data-start=\"1183\" data-end=\"1210\" data-col-size=\"sm\">Cinks<\/td>\n<td data-col-size=\"sm\" data-start=\"1210\" data-end=\"1224\">10 mg<\/td>\n<td data-col-size=\"sm\" data-start=\"1224\" data-end=\"1240\">100%<\/td>\n<\/tr>\n<tr data-start=\"1241\" data-end=\"1298\">\n<td data-start=\"1241\" data-end=\"1268\" data-col-size=\"sm\">L-ciste\u012bns<\/td>\n<td data-col-size=\"sm\" data-start=\"1268\" data-end=\"1282\">20 mg<\/td>\n<td data-col-size=\"sm\" data-start=\"1282\" data-end=\"1298\">\u2013<\/td>\n<\/tr>\n<tr data-start=\"1299\" data-end=\"1356\">\n<td data-start=\"1299\" data-end=\"1326\" data-col-size=\"sm\">Lauka samte\u0146u ekstrakts<\/td>\n<td data-col-size=\"sm\" data-start=\"1326\" data-end=\"1340\">10 mg<\/td>\n<td data-col-size=\"sm\" data-start=\"1340\" data-end=\"1356\">\u2013<\/td>\n<\/tr>\n<tr data-start=\"1357\" data-end=\"1414\">\n<td data-start=\"1357\" data-end=\"1384\" data-col-size=\"sm\">Var\u0161<\/td>\n<td data-start=\"1384\" data-end=\"1398\" data-col-size=\"sm\">1 mg<\/td>\n<td data-col-size=\"sm\" data-start=\"1398\" data-end=\"1414\">100%<\/td>\n<\/tr>\n<tr data-start=\"1415\" data-end=\"1472\">\n<td data-start=\"1415\" data-end=\"1442\" data-col-size=\"sm\">Vitam\u012bns B12<\/td>\n<td data-col-size=\"sm\" data-start=\"1442\" data-end=\"1456\">2,5 \u00b5g<\/td>\n<td data-col-size=\"sm\" data-start=\"1456\" data-end=\"1472\">100%<\/td>\n<\/tr>\n<tr data-start=\"1473\" data-end=\"1530\">\n<td data-start=\"1473\" data-end=\"1500\" data-col-size=\"sm\">Folijsk\u0101be<\/td>\n<td data-start=\"1500\" data-end=\"1514\" data-col-size=\"sm\">200 \u00b5g<\/td>\n<td data-col-size=\"sm\" data-start=\"1514\" data-end=\"1530\">100%<\/td>\n<\/tr>\n<tr data-start=\"1531\" data-end=\"1588\">\n<td data-start=\"1531\" data-end=\"1558\" data-col-size=\"sm\">Sel\u0113ns<\/td>\n<td data-start=\"1558\" data-end=\"1572\" data-col-size=\"sm\">55 \u00b5g<\/td>\n<td data-col-size=\"sm\" data-start=\"1572\" data-end=\"1588\">100%<\/td>\n<\/tr>\n<tr data-start=\"1589\" data-end=\"1646\">\n<td data-start=\"1589\" data-end=\"1616\" data-col-size=\"sm\">Biot\u012bns<\/td>\n<td data-start=\"1616\" data-end=\"1630\" data-col-size=\"sm\">100 \u00b5g<\/td>\n<td data-start=\"1630\" data-end=\"1646\" data-col-size=\"sm\">200%<\/td>\n<\/tr>\n<\/tbody>\n<\/table>\n<div class=\"sticky end-(--thread-content-margin) h-0 self-end select-none\">\n<div class=\"absolute end-0 flex items-end\"><\/div>\n<\/div>\n<\/div>\n<\/div>\n<p class=\"\" data-start=\"1648\" data-end=\"1693\">*NRV \u2013 ieteicam\u0101 dienas deva pieaugu\u0161ajiem.<\/p>\n<h2 data-start=\"1700\" data-end=\"1727\">Lieto\u0161anas instrukcija:<\/h2>\n<p class=\"\" data-start=\"1728\" data-end=\"1799\">1 kapsula dien\u0101, uzdzerot \u016bdeni.<br data-start=\"1755\" data-end=\"1758\">Nep\u0101rsniedziet ieteicamo dienas devu.<\/p>\n<h2 data-start=\"1806\" data-end=\"1827\">Br\u012bdin\u0101jumi:<\/h2>\n<ul data-start=\"1828\" data-end=\"2026\">\n<li class=\"\" data-start=\"1828\" data-end=\"1920\">\n<p class=\"\" data-start=\"1830\" data-end=\"1920\">Uztura bag\u0101tin\u0101t\u0101js neaizst\u0101j sabalans\u0113tu un daudzveid\u012bgu uzturu vai vesel\u012bgu dz\u012bvesveidu.<\/p>\n<\/li>\n<li class=\"\" data-start=\"1921\" data-end=\"1962\">\n<p class=\"\" data-start=\"1923\" data-end=\"1962\">Sarg\u0101t no b\u0113rniem.<\/p>\n<\/li>\n<li class=\"\" data-start=\"1963\" data-end=\"2026\">\n<p class=\"\" data-start=\"1965\" data-end=\"2026\">Nelietot, ja Jums ir aler\u0123ija pret k\u0101du no sast\u0101vda\u013c\u0101m.<\/p>\n<\/li>\n<\/ul>\n<h2 data-start=\"2033\" data-end=\"2056\">Uzglab\u0101\u0161ana:<\/h2>\n<p class=\"\" data-start=\"2057\" data-end=\"2119\">Uzglab\u0101t saus\u0101 un v\u0113s\u0101 viet\u0101, sarg\u0101t no tie\u0161iem saules stariem.<\/p>\n<p>&nbsp;<\/p>\n","protected":false},"excerpt":{"rendered":"<p class=\"p1\">J\u016bsu matu vesel\u012bbai un izskatam ir b\u016btiska loma taj\u0101, k\u0101 j\u016bs j\u016btaties un cik p\u0101rliecin\u0101ti esat par sevi. Ja paman\u0101t pirmos sirmos mati\u0146us vai v\u0113laties atbalst\u012bt matu dabisko pigment\u0101ciju, ir v\u0113rts piev\u0113rst uzman\u012bbu tam, kas notiek j\u016bsu \u0137ermen\u012b \u2013 kur s\u0101kas matu noveco\u0161an\u0101s process. <\/p>\n<p class=\"p1\"><strong>Puhdas+ l\u012bdzeklis pret sirmiem matiem<\/strong> ir paredz\u0113ts tiem, kas v\u0113las atbalst\u012bt matu dabisko pigment\u0101ciju un saglab\u0101t tos stiprus un dz\u012bv\u012bgus. Tas ir augstas kvalit\u0101tes uztura bag\u0101tin\u0101t\u0101js, kas ra\u017eots Somij\u0101 un apvieno <strong>varu, biot\u012bnu, cinku, B12 vitam\u012bnu, folsk\u0101bi, L-ciste\u012bnu, sil\u012bciju un grie\u0137u sier\u0101boli\u0146a ekstraktu<\/strong> \u2013 tiem visiem ir svar\u012bga loma matu vesel\u012bbas un kr\u0101sas saglab\u0101\u0161an\u0101. <\/p>\n<p class=\"p1\">Var\u0161 pal\u012bdz organismam ra\u017eot melan\u012bnu, pigmentu, kas pie\u0161\u0137ir matiem to dabisko kr\u0101su. Biot\u012bns un cinks pal\u012bdz saglab\u0101t matus stiprus un atbalsta to norm\u0101lu st\u0101vokli. L-ciste\u012bns atbalsta kerat\u012bna, matu strukt\u016bras galven\u0101s sast\u0101vda\u013cas, ra\u017eo\u0161anu. B12 vitam\u012bns un folsk\u0101be veicina \u0161\u016bnu atjauno\u0161anos, kas ir svar\u012bgi gan galvas \u0101das, gan matu folikulu norm\u0101lai darb\u012bbai. Turkl\u0101t sil\u012bcijs un grie\u0137u sier\u0101boli\u0146a ekstrakts pie\u0161\u0137ir matiem papildu sp\u0113ku un elast\u012bbu.    <\/p>\n<p class=\"p1\">Tas nav \u0101trs risin\u0101jums vai \u0101r\u0113jas probl\u0113mas nosl\u0113p\u0161ana \u2013 tas ir ilgtermi\u0146a un apzin\u0101ts atbalsts no iek\u0161ienes, kas pal\u012bdz <strong>saglab\u0101t matus vesel\u012bgus un dz\u012bv\u012bgus.<\/strong><\/p>\n<p class=\"p1\">Ja v\u0113laties patiesi atbalst\u012bt savus matus, s\u0101ciet no iek\u0161ienes \u2013 dabiski, t\u012bri un efekt\u012bvi. Puhdas+ Anti Gray Hair ir vienk\u0101r\u0161s solis ce\u013c\u0101 uz vesel\u012bg\u0101kiem, sp\u012bd\u012bg\u0101kiem matiem. <\/p>\n","protected":false},"featured_media":34674,"comment_status":"closed","ping_status":"closed","template":"","meta":{"_acf_changed":false},"product_brand":[],"product_cat":[3296,5573,5508],"product_tag":[4210,5666,5663,5664,5670,5668,5671,5662,5659,5660,5661,5672,5669,2813,5665,5667],"class_list":{"0":"post-34671","1":"product","2":"type-product","3":"status-publish","4":"has-post-thumbnail","6":"product_cat-ada-mati-nagi","7":"product_cat-sievietem","8":"product_cat-virietim","9":"product_tag-biotins-matiem","10":"product_tag-cinks-matiem","11":"product_tag-dabigs-matu-uztura-bagatinatajs","12":"product_tag-matu-augsanas-vitamini","13":"product_tag-matu-kopsana-no-iekspuses","14":"product_tag-matu-pieaudzesana-no-somijas","15":"product_tag-matu-piedeva","16":"product_tag-matu-pigmentacija","17":"product_tag-matu-veseliba","18":"product_tag-pret-sirmiem-matiem","19":"product_tag-pret-sirmiem-matiem-paredzets-uztura-bagatinatajs","20":"product_tag-sirmi-mati","21":"product_tag-sirmu-matu-profilakse","22":"product_tag-tirs","23":"product_tag-vars-matiem","24":"product_tag-vitamini-pret-sirmiem-matiem","26":"first","27":"onbackorder","28":"taxable","29":"shipping-taxable","30":"purchasable","31":"product-type-simple"},"acf":[],"yoast_head":"<!-- This site is optimized with the Yoast SEO plugin v27.1.1 - https:\/\/yoast.com\/product\/yoast-seo-wordpress\/ -->\n<title>Dabisk\u0101s matu kr\u0101sas atbalst\u012bt\u0101js 60 kapsulas - Puhdas+<\/title>\n<meta name=\"description\" content=\"Puhdas+ l\u012bdzeklis pret sirmiem matiem ir efekt\u012bvs uztura bag\u0101tin\u0101t\u0101js, kas pal\u012bdz pal\u0113nin\u0101t sirmo matu att\u012bst\u012bbu un atbalsta dabisko matu kr\u0101su.\" \/>\n<meta name=\"robots\" content=\"noindex, follow, max-snippet:-1, max-image-preview:large, max-video-preview:-1\" \/>\n<meta property=\"og:locale\" content=\"lv_LV\" \/>\n<meta property=\"og:type\" content=\"article\" \/>\n<meta property=\"og:title\" content=\"Dabisk\u0101s matu kr\u0101sas atbalst\u012bt\u0101js 60 kapsulas - Puhdas+\" \/>\n<meta property=\"og:description\" content=\"Puhdas+ l\u012bdzeklis pret sirmiem matiem ir efekt\u012bvs uztura bag\u0101tin\u0101t\u0101js, kas pal\u012bdz pal\u0113nin\u0101t sirmo matu att\u012bst\u012bbu un atbalsta dabisko matu kr\u0101su.\" \/>\n<meta property=\"og:url\" content=\"https:\/\/test.puhdasplus.ee\/lv\/tooted\/ada-mati-nagi\/pret-sirmiem-matiem-60-kapsulas\/\" \/>\n<meta property=\"og:site_name\" content=\"Puhdas+\" \/>\n<meta property=\"article:publisher\" content=\"https:\/\/www.facebook.com\/puhdasplus\" \/>\n<meta property=\"article:modified_time\" content=\"2026-02-22T20:46:20+00:00\" \/>\n<meta property=\"og:image\" content=\"https:\/\/test.puhdasplus.ee\/wp-content\/uploads\/2025\/05\/44ewa-scaled.jpg\" \/>\n\t<meta property=\"og:image:width\" content=\"1862\" \/>\n\t<meta property=\"og:image:height\" content=\"2560\" \/>\n\t<meta property=\"og:image:type\" content=\"image\/jpeg\" \/>\n<meta name=\"twitter:card\" content=\"summary_large_image\" \/>\n<meta name=\"twitter:label1\" content=\"Est. reading time\" \/>\n\t<meta name=\"twitter:data1\" content=\"4 min\u016btes\" \/>\n<script type=\"application\/ld+json\" class=\"yoast-schema-graph\">{\"@context\":\"https:\/\/schema.org\",\"@graph\":[{\"@type\":\"WebPage\",\"@id\":\"https:\/\/test.puhdasplus.ee\/lv\/tooted\/ada-mati-nagi\/pret-sirmiem-matiem-60-kapsulas\/\",\"url\":\"https:\/\/test.puhdasplus.ee\/lv\/tooted\/ada-mati-nagi\/pret-sirmiem-matiem-60-kapsulas\/\",\"name\":\"Dabisk\u0101s matu kr\u0101sas atbalst\u012bt\u0101js 60 kapsulas - Puhdas+\",\"isPartOf\":{\"@id\":\"https:\/\/test.puhdasplus.ee\/lv\/#website\"},\"primaryImageOfPage\":{\"@id\":\"https:\/\/test.puhdasplus.ee\/lv\/tooted\/ada-mati-nagi\/pret-sirmiem-matiem-60-kapsulas\/#primaryimage\"},\"image\":{\"@id\":\"https:\/\/test.puhdasplus.ee\/lv\/tooted\/ada-mati-nagi\/pret-sirmiem-matiem-60-kapsulas\/#primaryimage\"},\"thumbnailUrl\":\"https:\/\/test.puhdasplus.ee\/wp-content\/uploads\/2025\/05\/44ewa-scaled.jpg\",\"datePublished\":\"2025-05-21T12:51:27+00:00\",\"dateModified\":\"2026-02-22T20:46:20+00:00\",\"description\":\"Puhdas+ l\u012bdzeklis pret sirmiem matiem ir efekt\u012bvs uztura bag\u0101tin\u0101t\u0101js, kas pal\u012bdz pal\u0113nin\u0101t sirmo matu att\u012bst\u012bbu un atbalsta dabisko matu kr\u0101su.\",\"breadcrumb\":{\"@id\":\"https:\/\/test.puhdasplus.ee\/lv\/tooted\/ada-mati-nagi\/pret-sirmiem-matiem-60-kapsulas\/#breadcrumb\"},\"inLanguage\":\"lv-LV\",\"potentialAction\":[{\"@type\":\"ReadAction\",\"target\":[\"https:\/\/test.puhdasplus.ee\/lv\/tooted\/ada-mati-nagi\/pret-sirmiem-matiem-60-kapsulas\/\"]}]},{\"@type\":\"ImageObject\",\"inLanguage\":\"lv-LV\",\"@id\":\"https:\/\/test.puhdasplus.ee\/lv\/tooted\/ada-mati-nagi\/pret-sirmiem-matiem-60-kapsulas\/#primaryimage\",\"url\":\"https:\/\/test.puhdasplus.ee\/wp-content\/uploads\/2025\/05\/44ewa-scaled.jpg\",\"contentUrl\":\"https:\/\/test.puhdasplus.ee\/wp-content\/uploads\/2025\/05\/44ewa-scaled.jpg\",\"width\":1862,\"height\":2560,\"caption\":\"Pret sirmiem matiem\"},{\"@type\":\"BreadcrumbList\",\"@id\":\"https:\/\/test.puhdasplus.ee\/lv\/tooted\/ada-mati-nagi\/pret-sirmiem-matiem-60-kapsulas\/#breadcrumb\",\"itemListElement\":[{\"@type\":\"ListItem\",\"position\":1,\"name\":\"S\u0101kums\",\"item\":\"https:\/\/test.puhdasplus.ee\/lv\/\"},{\"@type\":\"ListItem\",\"position\":2,\"name\":\"Produkti\",\"item\":\"https:\/\/test.puhdasplus.ee\/lv\/veikals\/\"},{\"@type\":\"ListItem\",\"position\":3,\"name\":\"Dabisk\u0101s matu kr\u0101sas atbalst\u012bt\u0101js 60 kapsulas\"}]},{\"@type\":\"WebSite\",\"@id\":\"https:\/\/test.puhdasplus.ee\/lv\/#website\",\"url\":\"https:\/\/test.puhdasplus.ee\/lv\/\",\"name\":\"Puhdas+\",\"description\":\"Vitamiinid, Toidulisandid, looduskosmeetika, tervis, sport\",\"publisher\":{\"@id\":\"https:\/\/test.puhdasplus.ee\/lv\/#organization\"},\"potentialAction\":[{\"@type\":\"SearchAction\",\"target\":{\"@type\":\"EntryPoint\",\"urlTemplate\":\"https:\/\/test.puhdasplus.ee\/lv\/?s={search_term_string}\"},\"query-input\":{\"@type\":\"PropertyValueSpecification\",\"valueRequired\":true,\"valueName\":\"search_term_string\"}}],\"inLanguage\":\"lv-LV\"},{\"@type\":\"Organization\",\"@id\":\"https:\/\/test.puhdasplus.ee\/lv\/#organization\",\"name\":\"Puhdas+\",\"alternateName\":\"Puhdasplus\",\"url\":\"https:\/\/test.puhdasplus.ee\/lv\/\",\"logo\":{\"@type\":\"ImageObject\",\"inLanguage\":\"lv-LV\",\"@id\":\"https:\/\/test.puhdasplus.ee\/lv\/#\/schema\/logo\/image\/\",\"url\":\"https:\/\/test.puhdasplus.ee\/\/wp-content\/uploads\/2019\/10\/puhdas_logo-arvele.png\",\"contentUrl\":\"https:\/\/test.puhdasplus.ee\/\/wp-content\/uploads\/2019\/10\/puhdas_logo-arvele.png\",\"width\":114,\"height\":94,\"caption\":\"Puhdas+\"},\"image\":{\"@id\":\"https:\/\/test.puhdasplus.ee\/lv\/#\/schema\/logo\/image\/\"},\"sameAs\":[\"https:\/\/www.facebook.com\/puhdasplus\",\"https:\/\/www.instagram.com\/puhdasplus_ee\/\"]}]}<\/script>\n<!-- \/ Yoast SEO plugin. -->","yoast_head_json":{"title":"Dabisk\u0101s matu kr\u0101sas atbalst\u012bt\u0101js 60 kapsulas - Puhdas+","description":"Puhdas+ l\u012bdzeklis pret sirmiem matiem ir efekt\u012bvs uztura bag\u0101tin\u0101t\u0101js, kas pal\u012bdz pal\u0113nin\u0101t sirmo matu att\u012bst\u012bbu un atbalsta dabisko matu kr\u0101su.","robots":{"index":"noindex","follow":"follow","max-snippet":"max-snippet:-1","max-image-preview":"max-image-preview:large","max-video-preview":"max-video-preview:-1"},"og_locale":"lv_LV","og_type":"article","og_title":"Dabisk\u0101s matu kr\u0101sas atbalst\u012bt\u0101js 60 kapsulas - Puhdas+","og_description":"Puhdas+ l\u012bdzeklis pret sirmiem matiem ir efekt\u012bvs uztura bag\u0101tin\u0101t\u0101js, kas pal\u012bdz pal\u0113nin\u0101t sirmo matu att\u012bst\u012bbu un atbalsta dabisko matu kr\u0101su.","og_url":"https:\/\/test.puhdasplus.ee\/lv\/tooted\/ada-mati-nagi\/pret-sirmiem-matiem-60-kapsulas\/","og_site_name":"Puhdas+","article_publisher":"https:\/\/www.facebook.com\/puhdasplus","article_modified_time":"2026-02-22T20:46:20+00:00","og_image":[{"width":1862,"height":2560,"url":"https:\/\/test.puhdasplus.ee\/wp-content\/uploads\/2025\/05\/44ewa-scaled.jpg","type":"image\/jpeg"}],"twitter_card":"summary_large_image","twitter_misc":{"Est. reading time":"4 min\u016btes"},"schema":{"@context":"https:\/\/schema.org","@graph":[{"@type":"WebPage","@id":"https:\/\/test.puhdasplus.ee\/lv\/tooted\/ada-mati-nagi\/pret-sirmiem-matiem-60-kapsulas\/","url":"https:\/\/test.puhdasplus.ee\/lv\/tooted\/ada-mati-nagi\/pret-sirmiem-matiem-60-kapsulas\/","name":"Dabisk\u0101s matu kr\u0101sas atbalst\u012bt\u0101js 60 kapsulas - Puhdas+","isPartOf":{"@id":"https:\/\/test.puhdasplus.ee\/lv\/#website"},"primaryImageOfPage":{"@id":"https:\/\/test.puhdasplus.ee\/lv\/tooted\/ada-mati-nagi\/pret-sirmiem-matiem-60-kapsulas\/#primaryimage"},"image":{"@id":"https:\/\/test.puhdasplus.ee\/lv\/tooted\/ada-mati-nagi\/pret-sirmiem-matiem-60-kapsulas\/#primaryimage"},"thumbnailUrl":"https:\/\/test.puhdasplus.ee\/wp-content\/uploads\/2025\/05\/44ewa-scaled.jpg","datePublished":"2025-05-21T12:51:27+00:00","dateModified":"2026-02-22T20:46:20+00:00","description":"Puhdas+ l\u012bdzeklis pret sirmiem matiem ir efekt\u012bvs uztura bag\u0101tin\u0101t\u0101js, kas pal\u012bdz pal\u0113nin\u0101t sirmo matu att\u012bst\u012bbu un atbalsta dabisko matu kr\u0101su.","breadcrumb":{"@id":"https:\/\/test.puhdasplus.ee\/lv\/tooted\/ada-mati-nagi\/pret-sirmiem-matiem-60-kapsulas\/#breadcrumb"},"inLanguage":"lv-LV","potentialAction":[{"@type":"ReadAction","target":["https:\/\/test.puhdasplus.ee\/lv\/tooted\/ada-mati-nagi\/pret-sirmiem-matiem-60-kapsulas\/"]}]},{"@type":"ImageObject","inLanguage":"lv-LV","@id":"https:\/\/test.puhdasplus.ee\/lv\/tooted\/ada-mati-nagi\/pret-sirmiem-matiem-60-kapsulas\/#primaryimage","url":"https:\/\/test.puhdasplus.ee\/wp-content\/uploads\/2025\/05\/44ewa-scaled.jpg","contentUrl":"https:\/\/test.puhdasplus.ee\/wp-content\/uploads\/2025\/05\/44ewa-scaled.jpg","width":1862,"height":2560,"caption":"Pret sirmiem matiem"},{"@type":"BreadcrumbList","@id":"https:\/\/test.puhdasplus.ee\/lv\/tooted\/ada-mati-nagi\/pret-sirmiem-matiem-60-kapsulas\/#breadcrumb","itemListElement":[{"@type":"ListItem","position":1,"name":"S\u0101kums","item":"https:\/\/test.puhdasplus.ee\/lv\/"},{"@type":"ListItem","position":2,"name":"Produkti","item":"https:\/\/test.puhdasplus.ee\/lv\/veikals\/"},{"@type":"ListItem","position":3,"name":"Dabisk\u0101s matu kr\u0101sas atbalst\u012bt\u0101js 60 kapsulas"}]},{"@type":"WebSite","@id":"https:\/\/test.puhdasplus.ee\/lv\/#website","url":"https:\/\/test.puhdasplus.ee\/lv\/","name":"Puhdas+","description":"Vitamiinid, Toidulisandid, looduskosmeetika, tervis, sport","publisher":{"@id":"https:\/\/test.puhdasplus.ee\/lv\/#organization"},"potentialAction":[{"@type":"SearchAction","target":{"@type":"EntryPoint","urlTemplate":"https:\/\/test.puhdasplus.ee\/lv\/?s={search_term_string}"},"query-input":{"@type":"PropertyValueSpecification","valueRequired":true,"valueName":"search_term_string"}}],"inLanguage":"lv-LV"},{"@type":"Organization","@id":"https:\/\/test.puhdasplus.ee\/lv\/#organization","name":"Puhdas+","alternateName":"Puhdasplus","url":"https:\/\/test.puhdasplus.ee\/lv\/","logo":{"@type":"ImageObject","inLanguage":"lv-LV","@id":"https:\/\/test.puhdasplus.ee\/lv\/#\/schema\/logo\/image\/","url":"https:\/\/test.puhdasplus.ee\/\/wp-content\/uploads\/2019\/10\/puhdas_logo-arvele.png","contentUrl":"https:\/\/test.puhdasplus.ee\/\/wp-content\/uploads\/2019\/10\/puhdas_logo-arvele.png","width":114,"height":94,"caption":"Puhdas+"},"image":{"@id":"https:\/\/test.puhdasplus.ee\/lv\/#\/schema\/logo\/image\/"},"sameAs":["https:\/\/www.facebook.com\/puhdasplus","https:\/\/www.instagram.com\/puhdasplus_ee\/"]}]}},"_links":{"self":[{"href":"https:\/\/test.puhdasplus.ee\/lv\/wp-json\/wp\/v2\/product\/34671","targetHints":{"allow":["GET"]}}],"collection":[{"href":"https:\/\/test.puhdasplus.ee\/lv\/wp-json\/wp\/v2\/product"}],"about":[{"href":"https:\/\/test.puhdasplus.ee\/lv\/wp-json\/wp\/v2\/types\/product"}],"replies":[{"embeddable":true,"href":"https:\/\/test.puhdasplus.ee\/lv\/wp-json\/wp\/v2\/comments?post=34671"}],"wp:featuredmedia":[{"embeddable":true,"href":"https:\/\/test.puhdasplus.ee\/lv\/wp-json\/wp\/v2\/media\/34674"}],"wp:attachment":[{"href":"https:\/\/test.puhdasplus.ee\/lv\/wp-json\/wp\/v2\/media?parent=34671"}],"wp:term":[{"taxonomy":"product_brand","embeddable":true,"href":"https:\/\/test.puhdasplus.ee\/lv\/wp-json\/wp\/v2\/product_brand?post=34671"},{"taxonomy":"product_cat","embeddable":true,"href":"https:\/\/test.puhdasplus.ee\/lv\/wp-json\/wp\/v2\/product_cat?post=34671"},{"taxonomy":"product_tag","embeddable":true,"href":"https:\/\/test.puhdasplus.ee\/lv\/wp-json\/wp\/v2\/product_tag?post=34671"}],"curies":[{"name":"wp","href":"https:\/\/api.w.org\/{rel}","templated":true}]}}