{"id":34666,"date":"2025-02-28T10:55:43","date_gmt":"2025-02-28T08:55:43","guid":{"rendered":"https:\/\/test.puhdasplus.ee\/\/tooted\/uncategorized\/zals-pulveris-200g\/"},"modified":"2026-03-04T22:06:00","modified_gmt":"2026-03-04T20:06:00","slug":"zals-pulveris-200g","status":"publish","type":"product","link":"https:\/\/test.puhdasplus.ee\/lv\/tooted\/superediens\/zals-pulveris-200g\/","title":{"rendered":"Za\u013c\u0161 pulveris 200g"},"content":{"rendered":"<h2 data-start=\"279\" data-end=\"313\"><strong data-start=\"283\" data-end=\"313\">Kas ir Pure+ za\u013cais pulveris?<\/strong><\/h2>\n<p data-start=\"315\" data-end=\"498\">Puhdas+ za\u013cais pulveris ir <strong data-start=\"337\" data-end=\"352\">uztura bag\u0101tin\u0101t\u0101js<\/strong>, kas apvieno se\u0161u uzturviel\u0101m bag\u0101tu augu \u2013 spin\u0101tu, broko\u013cu, spirul\u012bnas, mie\u017eu zelme\u0146a, kvie\u0161u d\u012bgstu un lapu k\u0101posta \u2013 \u012bpa\u0161\u012bbas vien\u0101 dab\u012bg\u0101 pulvera mais\u012bjum\u0101.<\/p>\n<p data-start=\"500\" data-end=\"660\">\u0160is augu mais\u012bjums pied\u0101v\u0101 organismam daudzveid\u012bgu dab\u012bgo uzturvielu kl\u0101stu un ir vienk\u0101r\u0161s veids, k\u0101 bag\u0101tin\u0101t ikdienas uzturu ar za\u013co augu uzturviel\u0101m.<\/p>\n<p data-start=\"662\" data-end=\"787\">Pulveris ir <strong data-start=\"672\" data-end=\"707\">100% dab\u012bgs un bez piedev\u0101m<\/strong>, nesatur m\u0101ksl\u012bg\u0101s kr\u0101svielas, aromatiz\u0113t\u0101jus vai konservantus un ir piem\u0113rots veg\u0101niem.<\/p>\n<h2 data-start=\"794\" data-end=\"825\"><strong data-start=\"798\" data-end=\"825\">K\u0101p\u0113c lietot za\u013co pulveri?<\/strong><\/h2>\n<p data-start=\"827\" data-end=\"980\">Za\u013cie augi dabiski satur da\u017e\u0101dus vitam\u012bnus, miner\u0101lvielas, \u0161\u0137iedrvielas un bioakt\u012bvus savienojumus, kas atbalsta sabalans\u0113tu uzturu.<\/p>\n<p data-start=\"982\" data-end=\"1130\">Za\u013cais pulveris ir \u0113rts veids, k\u0101 ikdienas \u0113dienkartei pievienot vair\u0101k augu izcelsmes sast\u0101vda\u013cu, \u012bpa\u0161i, ja ne vienm\u0113r izdodas uz\u0146emt pietiekami daudz svaigu d\u0101rze\u0146u.<\/p>\n<p data-start=\"1132\" data-end=\"1317\">Za\u013cie augi, piem\u0113ram, spin\u0101ti, broko\u013ci un lapu k\u0101posti, ir paz\u012bstami ar savu <strong data-start=\"1198\" data-end=\"1234\">uzturviel\u0101m bag\u0101to sast\u0101vu<\/strong>, savuk\u0101rt spirul\u012bna un mie\u017eu zelmenis satur daudz dab\u012bgu augu savienojumu.<\/p>\n<h2 data-start=\"1324\" data-end=\"1346\"><strong data-start=\"1328\" data-end=\"1346\">Kam tas ir piem\u0113rots?<\/strong><\/h2>\n<p data-start=\"1348\" data-end=\"1379\">Puhdas+ za\u013cais pulveris ir piem\u0113rots:<\/p>\n<ul data-start=\"1381\" data-end=\"1676\">\n<li data-start=\"1381\" data-end=\"1477\">\n<p data-start=\"1383\" data-end=\"1477\">cilv\u0113kiem, kuri v\u0113las <strong data-start=\"1408\" data-end=\"1477\">bag\u0101tin\u0101t savu ikdienas uzturu ar za\u013co augu uzturviel\u0101m<\/strong><\/p>\n<\/li>\n<li data-start=\"1478\" data-end=\"1512\">\n<p data-start=\"1480\" data-end=\"1512\">akt\u012bva dz\u012bvesveida piekrit\u0113jiem<\/p>\n<\/li>\n<li data-start=\"1513\" data-end=\"1579\">\n<p data-start=\"1515\" data-end=\"1579\">tiem, kuri dod priek\u0161roku <strong data-start=\"1537\" data-end=\"1579\">augu izcelsmes un dab\u012bgiem uztura bag\u0101tin\u0101t\u0101jiem<\/strong><\/p>\n<\/li>\n<li data-start=\"1580\" data-end=\"1676\">\n<p data-start=\"1582\" data-end=\"1676\">cilv\u0113kiem, kuri mekl\u0113 \u0113rtu veidu, k\u0101 koktei\u013ciem vai dz\u0113rieniem pievienot vair\u0101k za\u013co augu<\/p>\n<\/li>\n<\/ul>\n<p data-start=\"1678\" data-end=\"1739\">Produkts ir piem\u0113rots <strong data-start=\"1690\" data-end=\"1738\">veg\u0101niem, k\u0101 ar\u012b nesatur glut\u0113nu un laktozi<\/strong>.<\/p>\n<h2 data-start=\"1964\" data-end=\"1983\"><strong data-start=\"1968\" data-end=\"1983\">Sast\u0101vda\u013cas<\/strong><\/h2>\n<p data-start=\"1985\" data-end=\"2199\">Spin\u0101ti (Spinacia oleracea), broko\u013ci (Brassica oleracea), spirul\u012bna (Arthrospira platensis), mie\u017eu zelmenis (Hordeum vulgare), kvie\u0161u d\u012bgsti (Triticum aestivum), lapu k\u0101posts jeb kale (Brassica oleracea var. sabellica).<\/p>\n<h2 data-start=\"2206\" data-end=\"2240\"><strong data-start=\"2210\" data-end=\"2240\">Uzturv\u0113rt\u012bba (uz 100 g)<\/strong><\/h2>\n<p data-start=\"2242\" data-end=\"2457\">Ener\u0123\u0113tisk\u0101 v\u0113rt\u012bba \u2013 1266 kJ \/ 301 kcal<br data-start=\"2270\" data-end=\"2273\">Tauki \u2013 4,2 g<br data-start=\"2285\" data-end=\"2288\">\u2013 tostarp pies\u0101tin\u0101t\u0101s tauksk\u0101bes \u2013 0,4 g<br data-start=\"2328\" data-end=\"2331\">Og\u013chidr\u0101ti \u2013 34,4 g<br data-start=\"2351\" data-end=\"2354\">\u2013 tostarp cukuri \u2013 18,3 g<br data-start=\"2380\" data-end=\"2383\">\u0160\u0137iedrvielas \u2013 22,1 g<br data-start=\"2401\" data-end=\"2404\">Olbaltumvielas \u2013 28,1 g<br data-start=\"2419\" data-end=\"2422\">S\u0101ls \u2013 2,8 g<br data-start=\"2434\" data-end=\"2437\">Dzelzs \u2013 59 mg (420%*)<\/p>\n<p data-start=\"2459\" data-end=\"2489\">*no uzturvielu atsauces v\u0113rt\u012bbas.<\/p>\n<p data-start=\"1332\" data-end=\"1377\"><strong>100% dab\u012bgs un bez piedev\u0101m sast\u0101vs<\/strong><\/p>\n<p class=\"\" data-start=\"1379\" data-end=\"1600\">Produkts satur tikai t\u012bras, dab\u012bgas sast\u0101vda\u013cas \u2013 bez pievienota cukura, m\u0101ksl\u012bgaj\u0101m kr\u0101sviel\u0101m, saldin\u0101t\u0101jiem vai konservantiem.<br data-start=\"1513\" data-end=\"1516\">Puhdas+ za\u013cais pulveris ir ide\u0101li piem\u0113rots ar\u012b veg\u0101niem un nesatur glut\u0113nu un laktozi.<\/p>\n<h2 data-start=\"1746\" data-end=\"1770\"><strong data-start=\"1750\" data-end=\"1770\">K\u0101 lietot?<\/strong><\/h2>\n<p data-start=\"1772\" data-end=\"1851\">Pieaugu\u0161ajiem ieteicams lietot <strong data-start=\"1807\" data-end=\"1850\">1\u20132 t\u0113jkarotes (aptuveni 5\u201310 g) dien\u0101<\/strong>.<\/p>\n<p>Sajauciet ar \u016bdeni, sm\u016btijiem vai sulu, vai pievienojiet, piem\u0113ram, jogurtam vai brokastu b\u013codi\u0146ai.<\/p>\n<p class=\"\" data-start=\"2021\" data-end=\"2164\"><strong data-start=\"2021\" data-end=\"2032\">Piez\u012bme:<\/strong> Ieteicamo dienas devu nedr\u012bkst p\u0101rsniegt. Uztura bag\u0101tin\u0101t\u0101js neaizst\u0101j daudzveid\u012bgu un sabalans\u0113tu uzturu vai vesel\u012bgu dz\u012bvesveidu. <\/p>\n<p class=\"\" data-start=\"1847\" data-end=\"1877\">\n","protected":false},"excerpt":{"rendered":"<p data-start=\"586\" data-end=\"788\"><strong>Puhdas+ za\u013cais pulveris 200 g<\/strong> ir daudzpus\u012bgs augu izcelsmes uztura bag\u0101tin\u0101t\u0101js, kas apvieno se\u0161u uzturviel\u0101m bag\u0101tu augu \u2013 spin\u0101tu, broko\u013cu, spirul\u012bnas, mie\u017eu zelme\u0146a, kvie\u0161u d\u012bgstu un lapu k\u0101posta \u2013 \u012bpa\u0161\u012bbas vien\u0101 dab\u012bg\u0101 pulvera mais\u012bjum\u0101.<\/p>\n<p data-start=\"790\" data-end=\"1071\">\u0160is za\u013co augu mais\u012bjums dabiski satur da\u017e\u0101dus vitam\u012bnus, miner\u0101lvielas, aminosk\u0101bes un antioksidantus, kas rakstur\u012bgi augiem un pal\u012bdz bag\u0101tin\u0101t ikdienas uzturu. Pateicoties t\u0101 daudzveid\u012bgajam sast\u0101vam, tas ir vienk\u0101r\u0161s veids, k\u0101 \u0113dienkartei pievienot vair\u0101k za\u013co augu. <\/p>\n<p data-start=\"1073\" data-end=\"1314\">Puhdas+ za\u013cais pulveris ir piem\u0113rots akt\u012bva dz\u012bvesveida piekrit\u0113jiem un ikvienam, kur\u0161 v\u0113las da\u017e\u0101dot savu ikdienas uzturu ar dab\u012bg\u0101m augu izcelsmes sast\u0101vda\u013c\u0101m. Pulveri ir \u0113rti pievienot koktei\u013ciem, dz\u0113rieniem vai da\u017e\u0101diem \u0113dieniem. <\/p>\n<p class=\"\" data-start=\"860\" data-end=\"1020\">Produkts ir 100% t\u012brs \u2013 nesatur m\u0101ksl\u012bgas piedevas, saldin\u0101t\u0101jus, kr\u0101svielas vai konservantus \u2013 un ir piem\u0113rots veg\u0101niem un cilv\u0113kiem ar glut\u0113na nepanes\u012bbu.<\/p>\n<p class=\"\" data-start=\"1022\" data-end=\"1143\">Regul\u0101ra lieto\u0161ana atbalsta \u0137erme\u0146a visp\u0101r\u0113jo labsaj\u016btu, pal\u012bdz l\u012bdzsvarot ener\u0123ijas l\u012bmeni un saglab\u0101t vitalit\u0101ti ikdienas dz\u012bv\u0113.<\/p>\n","protected":false},"featured_media":34669,"comment_status":"closed","ping_status":"closed","template":"","meta":{"_acf_changed":false},"product_brand":[],"product_cat":[3067,3039],"product_tag":[5658,5651,4799,5656,5655,5653,5657,5649,5646,3043,4798,5648],"class_list":{"0":"post-34666","1":"product","2":"type-product","3":"status-publish","4":"has-post-thumbnail","6":"product_cat-ipasie-piedavajumi","7":"product_cat-superediens","8":"product_tag-augsts-skiedrvielu-saturs","9":"product_tag-brokoli-lv","10":"product_tag-dabigs-uztura-bagatinatajs","11":"product_tag-kaposti","12":"product_tag-kviesu-digli","13":"product_tag-miezu-lauks","14":"product_tag-smutija-pulveris","15":"product_tag-spinati","16":"product_tag-spirulina-lv","17":"product_tag-superediens","18":"product_tag-veseligs-uzturs","19":"product_tag-zalie-augi","21":"first","22":"instock","23":"sale","24":"taxable","25":"shipping-taxable","26":"purchasable","27":"product-type-simple"},"acf":[],"yoast_head":"<!-- This site is optimized with the Yoast SEO plugin v27.1.1 - https:\/\/yoast.com\/product\/yoast-seo-wordpress\/ -->\n<title>Za\u013c\u0161 pulveris 200g - Puhdas+<\/title>\n<meta name=\"description\" content=\"Ieg\u0101d\u0101jieties Pure+ Green Powder \u2013 dab\u012bgu spirul\u012bnas, spin\u0101tu, broko\u013cu un citu superproduktu mais\u012bjumu. Lieliski piem\u0113rots sm\u016btijiem un ikdienas malt\u012bt\u0113m.\" \/>\n<meta name=\"robots\" content=\"noindex, follow, max-snippet:-1, max-image-preview:large, max-video-preview:-1\" \/>\n<meta property=\"og:locale\" content=\"lv_LV\" \/>\n<meta property=\"og:type\" content=\"article\" \/>\n<meta property=\"og:title\" content=\"Za\u013c\u0161 pulveris 200g - Puhdas+\" \/>\n<meta property=\"og:description\" content=\"Ieg\u0101d\u0101jieties Pure+ Green Powder \u2013 dab\u012bgu spirul\u012bnas, spin\u0101tu, broko\u013cu un citu superproduktu mais\u012bjumu. Lieliski piem\u0113rots sm\u016btijiem un ikdienas malt\u012bt\u0113m.\" \/>\n<meta property=\"og:url\" content=\"https:\/\/test.puhdasplus.ee\/lv\/tooted\/superediens\/zals-pulveris-200g\/\" \/>\n<meta property=\"og:site_name\" content=\"Puhdas+\" \/>\n<meta property=\"article:publisher\" content=\"https:\/\/www.facebook.com\/puhdasplus\" \/>\n<meta property=\"article:modified_time\" content=\"2026-03-04T20:06:00+00:00\" \/>\n<meta property=\"og:image\" content=\"https:\/\/test.puhdasplus.ee\/wp-content\/uploads\/2025\/03\/123.jpg\" \/>\n\t<meta property=\"og:image:width\" content=\"1862\" \/>\n\t<meta property=\"og:image:height\" content=\"2560\" \/>\n\t<meta property=\"og:image:type\" content=\"image\/jpeg\" \/>\n<meta name=\"twitter:card\" content=\"summary_large_image\" \/>\n<meta name=\"twitter:label1\" content=\"Est. reading time\" \/>\n\t<meta name=\"twitter:data1\" content=\"2 min\u016btes\" \/>\n<script type=\"application\/ld+json\" class=\"yoast-schema-graph\">{\"@context\":\"https:\/\/schema.org\",\"@graph\":[{\"@type\":\"WebPage\",\"@id\":\"https:\/\/test.puhdasplus.ee\/lv\/tooted\/superediens\/zals-pulveris-200g\/\",\"url\":\"https:\/\/test.puhdasplus.ee\/lv\/tooted\/superediens\/zals-pulveris-200g\/\",\"name\":\"Za\u013c\u0161 pulveris 200g - Puhdas+\",\"isPartOf\":{\"@id\":\"https:\/\/test.puhdasplus.ee\/lv\/#website\"},\"primaryImageOfPage\":{\"@id\":\"https:\/\/test.puhdasplus.ee\/lv\/tooted\/superediens\/zals-pulveris-200g\/#primaryimage\"},\"image\":{\"@id\":\"https:\/\/test.puhdasplus.ee\/lv\/tooted\/superediens\/zals-pulveris-200g\/#primaryimage\"},\"thumbnailUrl\":\"https:\/\/test.puhdasplus.ee\/wp-content\/uploads\/2025\/03\/123.jpg\",\"datePublished\":\"2025-02-28T08:55:43+00:00\",\"dateModified\":\"2026-03-04T20:06:00+00:00\",\"description\":\"Ieg\u0101d\u0101jieties Pure+ Green Powder \u2013 dab\u012bgu spirul\u012bnas, spin\u0101tu, broko\u013cu un citu superproduktu mais\u012bjumu. Lieliski piem\u0113rots sm\u016btijiem un ikdienas malt\u012bt\u0113m.\",\"breadcrumb\":{\"@id\":\"https:\/\/test.puhdasplus.ee\/lv\/tooted\/superediens\/zals-pulveris-200g\/#breadcrumb\"},\"inLanguage\":\"lv-LV\",\"potentialAction\":[{\"@type\":\"ReadAction\",\"target\":[\"https:\/\/test.puhdasplus.ee\/lv\/tooted\/superediens\/zals-pulveris-200g\/\"]}]},{\"@type\":\"ImageObject\",\"inLanguage\":\"lv-LV\",\"@id\":\"https:\/\/test.puhdasplus.ee\/lv\/tooted\/superediens\/zals-pulveris-200g\/#primaryimage\",\"url\":\"https:\/\/test.puhdasplus.ee\/wp-content\/uploads\/2025\/03\/123.jpg\",\"contentUrl\":\"https:\/\/test.puhdasplus.ee\/wp-content\/uploads\/2025\/03\/123.jpg\",\"width\":1862,\"height\":2560,\"caption\":\"za\u013c\u0161 pulveris\"},{\"@type\":\"BreadcrumbList\",\"@id\":\"https:\/\/test.puhdasplus.ee\/lv\/tooted\/superediens\/zals-pulveris-200g\/#breadcrumb\",\"itemListElement\":[{\"@type\":\"ListItem\",\"position\":1,\"name\":\"S\u0101kums\",\"item\":\"https:\/\/test.puhdasplus.ee\/lv\/\"},{\"@type\":\"ListItem\",\"position\":2,\"name\":\"Produkti\",\"item\":\"https:\/\/test.puhdasplus.ee\/lv\/veikals\/\"},{\"@type\":\"ListItem\",\"position\":3,\"name\":\"Za\u013c\u0161 pulveris 200g\"}]},{\"@type\":\"WebSite\",\"@id\":\"https:\/\/test.puhdasplus.ee\/lv\/#website\",\"url\":\"https:\/\/test.puhdasplus.ee\/lv\/\",\"name\":\"Puhdas+\",\"description\":\"Vitamiinid, Toidulisandid, looduskosmeetika, tervis, sport\",\"publisher\":{\"@id\":\"https:\/\/test.puhdasplus.ee\/lv\/#organization\"},\"potentialAction\":[{\"@type\":\"SearchAction\",\"target\":{\"@type\":\"EntryPoint\",\"urlTemplate\":\"https:\/\/test.puhdasplus.ee\/lv\/?s={search_term_string}\"},\"query-input\":{\"@type\":\"PropertyValueSpecification\",\"valueRequired\":true,\"valueName\":\"search_term_string\"}}],\"inLanguage\":\"lv-LV\"},{\"@type\":\"Organization\",\"@id\":\"https:\/\/test.puhdasplus.ee\/lv\/#organization\",\"name\":\"Puhdas+\",\"alternateName\":\"Puhdasplus\",\"url\":\"https:\/\/test.puhdasplus.ee\/lv\/\",\"logo\":{\"@type\":\"ImageObject\",\"inLanguage\":\"lv-LV\",\"@id\":\"https:\/\/test.puhdasplus.ee\/lv\/#\/schema\/logo\/image\/\",\"url\":\"https:\/\/test.puhdasplus.ee\/\/wp-content\/uploads\/2019\/10\/puhdas_logo-arvele.png\",\"contentUrl\":\"https:\/\/test.puhdasplus.ee\/\/wp-content\/uploads\/2019\/10\/puhdas_logo-arvele.png\",\"width\":114,\"height\":94,\"caption\":\"Puhdas+\"},\"image\":{\"@id\":\"https:\/\/test.puhdasplus.ee\/lv\/#\/schema\/logo\/image\/\"},\"sameAs\":[\"https:\/\/www.facebook.com\/puhdasplus\",\"https:\/\/www.instagram.com\/puhdasplus_ee\/\"]}]}<\/script>\n<!-- \/ Yoast SEO plugin. -->","yoast_head_json":{"title":"Za\u013c\u0161 pulveris 200g - Puhdas+","description":"Ieg\u0101d\u0101jieties Pure+ Green Powder \u2013 dab\u012bgu spirul\u012bnas, spin\u0101tu, broko\u013cu un citu superproduktu mais\u012bjumu. Lieliski piem\u0113rots sm\u016btijiem un ikdienas malt\u012bt\u0113m.","robots":{"index":"noindex","follow":"follow","max-snippet":"max-snippet:-1","max-image-preview":"max-image-preview:large","max-video-preview":"max-video-preview:-1"},"og_locale":"lv_LV","og_type":"article","og_title":"Za\u013c\u0161 pulveris 200g - Puhdas+","og_description":"Ieg\u0101d\u0101jieties Pure+ Green Powder \u2013 dab\u012bgu spirul\u012bnas, spin\u0101tu, broko\u013cu un citu superproduktu mais\u012bjumu. Lieliski piem\u0113rots sm\u016btijiem un ikdienas malt\u012bt\u0113m.","og_url":"https:\/\/test.puhdasplus.ee\/lv\/tooted\/superediens\/zals-pulveris-200g\/","og_site_name":"Puhdas+","article_publisher":"https:\/\/www.facebook.com\/puhdasplus","article_modified_time":"2026-03-04T20:06:00+00:00","og_image":[{"width":1862,"height":2560,"url":"https:\/\/test.puhdasplus.ee\/wp-content\/uploads\/2025\/03\/123.jpg","type":"image\/jpeg"}],"twitter_card":"summary_large_image","twitter_misc":{"Est. reading time":"2 min\u016btes"},"schema":{"@context":"https:\/\/schema.org","@graph":[{"@type":"WebPage","@id":"https:\/\/test.puhdasplus.ee\/lv\/tooted\/superediens\/zals-pulveris-200g\/","url":"https:\/\/test.puhdasplus.ee\/lv\/tooted\/superediens\/zals-pulveris-200g\/","name":"Za\u013c\u0161 pulveris 200g - Puhdas+","isPartOf":{"@id":"https:\/\/test.puhdasplus.ee\/lv\/#website"},"primaryImageOfPage":{"@id":"https:\/\/test.puhdasplus.ee\/lv\/tooted\/superediens\/zals-pulveris-200g\/#primaryimage"},"image":{"@id":"https:\/\/test.puhdasplus.ee\/lv\/tooted\/superediens\/zals-pulveris-200g\/#primaryimage"},"thumbnailUrl":"https:\/\/test.puhdasplus.ee\/wp-content\/uploads\/2025\/03\/123.jpg","datePublished":"2025-02-28T08:55:43+00:00","dateModified":"2026-03-04T20:06:00+00:00","description":"Ieg\u0101d\u0101jieties Pure+ Green Powder \u2013 dab\u012bgu spirul\u012bnas, spin\u0101tu, broko\u013cu un citu superproduktu mais\u012bjumu. Lieliski piem\u0113rots sm\u016btijiem un ikdienas malt\u012bt\u0113m.","breadcrumb":{"@id":"https:\/\/test.puhdasplus.ee\/lv\/tooted\/superediens\/zals-pulveris-200g\/#breadcrumb"},"inLanguage":"lv-LV","potentialAction":[{"@type":"ReadAction","target":["https:\/\/test.puhdasplus.ee\/lv\/tooted\/superediens\/zals-pulveris-200g\/"]}]},{"@type":"ImageObject","inLanguage":"lv-LV","@id":"https:\/\/test.puhdasplus.ee\/lv\/tooted\/superediens\/zals-pulveris-200g\/#primaryimage","url":"https:\/\/test.puhdasplus.ee\/wp-content\/uploads\/2025\/03\/123.jpg","contentUrl":"https:\/\/test.puhdasplus.ee\/wp-content\/uploads\/2025\/03\/123.jpg","width":1862,"height":2560,"caption":"za\u013c\u0161 pulveris"},{"@type":"BreadcrumbList","@id":"https:\/\/test.puhdasplus.ee\/lv\/tooted\/superediens\/zals-pulveris-200g\/#breadcrumb","itemListElement":[{"@type":"ListItem","position":1,"name":"S\u0101kums","item":"https:\/\/test.puhdasplus.ee\/lv\/"},{"@type":"ListItem","position":2,"name":"Produkti","item":"https:\/\/test.puhdasplus.ee\/lv\/veikals\/"},{"@type":"ListItem","position":3,"name":"Za\u013c\u0161 pulveris 200g"}]},{"@type":"WebSite","@id":"https:\/\/test.puhdasplus.ee\/lv\/#website","url":"https:\/\/test.puhdasplus.ee\/lv\/","name":"Puhdas+","description":"Vitamiinid, Toidulisandid, looduskosmeetika, tervis, sport","publisher":{"@id":"https:\/\/test.puhdasplus.ee\/lv\/#organization"},"potentialAction":[{"@type":"SearchAction","target":{"@type":"EntryPoint","urlTemplate":"https:\/\/test.puhdasplus.ee\/lv\/?s={search_term_string}"},"query-input":{"@type":"PropertyValueSpecification","valueRequired":true,"valueName":"search_term_string"}}],"inLanguage":"lv-LV"},{"@type":"Organization","@id":"https:\/\/test.puhdasplus.ee\/lv\/#organization","name":"Puhdas+","alternateName":"Puhdasplus","url":"https:\/\/test.puhdasplus.ee\/lv\/","logo":{"@type":"ImageObject","inLanguage":"lv-LV","@id":"https:\/\/test.puhdasplus.ee\/lv\/#\/schema\/logo\/image\/","url":"https:\/\/test.puhdasplus.ee\/\/wp-content\/uploads\/2019\/10\/puhdas_logo-arvele.png","contentUrl":"https:\/\/test.puhdasplus.ee\/\/wp-content\/uploads\/2019\/10\/puhdas_logo-arvele.png","width":114,"height":94,"caption":"Puhdas+"},"image":{"@id":"https:\/\/test.puhdasplus.ee\/lv\/#\/schema\/logo\/image\/"},"sameAs":["https:\/\/www.facebook.com\/puhdasplus","https:\/\/www.instagram.com\/puhdasplus_ee\/"]}]}},"_links":{"self":[{"href":"https:\/\/test.puhdasplus.ee\/lv\/wp-json\/wp\/v2\/product\/34666","targetHints":{"allow":["GET"]}}],"collection":[{"href":"https:\/\/test.puhdasplus.ee\/lv\/wp-json\/wp\/v2\/product"}],"about":[{"href":"https:\/\/test.puhdasplus.ee\/lv\/wp-json\/wp\/v2\/types\/product"}],"replies":[{"embeddable":true,"href":"https:\/\/test.puhdasplus.ee\/lv\/wp-json\/wp\/v2\/comments?post=34666"}],"wp:featuredmedia":[{"embeddable":true,"href":"https:\/\/test.puhdasplus.ee\/lv\/wp-json\/wp\/v2\/media\/34669"}],"wp:attachment":[{"href":"https:\/\/test.puhdasplus.ee\/lv\/wp-json\/wp\/v2\/media?parent=34666"}],"wp:term":[{"taxonomy":"product_brand","embeddable":true,"href":"https:\/\/test.puhdasplus.ee\/lv\/wp-json\/wp\/v2\/product_brand?post=34666"},{"taxonomy":"product_cat","embeddable":true,"href":"https:\/\/test.puhdasplus.ee\/lv\/wp-json\/wp\/v2\/product_cat?post=34666"},{"taxonomy":"product_tag","embeddable":true,"href":"https:\/\/test.puhdasplus.ee\/lv\/wp-json\/wp\/v2\/product_tag?post=34666"}],"curies":[{"name":"wp","href":"https:\/\/api.w.org\/{rel}","templated":true}]}}