{"id":34649,"date":"2025-02-28T10:43:50","date_gmt":"2025-02-28T08:43:50","guid":{"rendered":"https:\/\/test.puhdasplus.ee\/\/tooted\/uncategorized\/menopauze-60-kapsulas\/"},"modified":"2026-02-22T22:46:16","modified_gmt":"2026-02-22T20:46:16","slug":"menopauze-60-kapsulas","status":"publish","type":"product","link":"https:\/\/test.puhdasplus.ee\/lv\/tooted\/vitamini\/b-vitamins\/menopauze-60-kapsulas\/","title":{"rendered":"Menopauze 60 kapsulas"},"content":{"rendered":"<h2 data-start=\"396\" data-end=\"451\">Kas ir Puhdas+ Menopauze un kam t\u0101 paredz\u0113ta?<\/h2>\n<p class=\"\" data-start=\"453\" data-end=\"906\">Puhdas+ Menopause ir Somij\u0101 ra\u017eots uztura bag\u0101tin\u0101t\u0101js, kas \u012bpa\u0161i paredz\u0113ts sieviet\u0113m, kuras tuvojas menopauzei vai jau ir to p\u0101rcietu\u0161as. T\u0101 m\u0113r\u0137is ir atbalst\u012bt organisma l\u012bdzsvaru un labsaj\u016btu \u0161\u012bs dabisk\u0101s p\u0101rejas laik\u0101. Produkts satur dab\u012bgas augu izcelsmes sast\u0101vda\u013cas apvienojum\u0101 ar atlas\u012btiem vitam\u012bniem, kas veicina norm\u0101lu organisma darb\u012bbu un atbalsta vitalit\u0101ti.  <\/p>\n<h2 data-start=\"913\" data-end=\"961\">K\u0101p\u0113c menopauzes laik\u0101 ir svar\u012bgi atbalst\u012bt \u0137ermeni?<\/h2>\n<p class=\"\" data-start=\"963\" data-end=\"1355\">Menopauze ir dabiska sievietes dz\u012bves sast\u0101vda\u013ca, ta\u010du izmai\u0146as, kas to pavada organism\u0101, var izpausties \u013coti da\u017e\u0101dos veidos. Lai gan t\u0101 nav slim\u012bba, \u0161aj\u0101 dz\u012bves posm\u0101 \u0137ermenim bie\u017ei vien ir nepiecie\u0161ams papildu atbalsts, lai tas saglab\u0101tu l\u012bdzsvaru un labi funkcion\u0113tu. Pareizi izv\u0113l\u0113ti uztura bag\u0101tin\u0101t\u0101ji var pal\u012bdz\u0113t uztur\u0113t ener\u0123iju, hormon\u0101lo l\u012bdzsvaru un ikdienas labsaj\u016btu.  <\/p>\n<h2 data-start=\"2068\" data-end=\"2095\">K\u0101 lietot produktu?<\/h2>\n<p class=\"\" data-start=\"2097\" data-end=\"2401\">Ieteicam\u0101 dienas deva ir 2 kapsulas, v\u0113lams \u0113\u0161anas laik\u0101. Kapsulas ir viegli norijamas un piem\u0113rotas ikdienas lieto\u0161anai. Ieteicamo dienas devu nedr\u012bkst p\u0101rsniegt. Uztura bag\u0101tin\u0101t\u0101js neaizst\u0101j daudzveid\u012bgu un sabalans\u0113tu uzturu vai vesel\u012bgu dz\u012bvesveidu. Sarg\u0101t no b\u0113rniem.    <\/p>\n<h2 data-start=\"2408\" data-end=\"2439\">K\u0101p\u0113c izv\u0113l\u0113ties \u0161o produktu?<\/h2>\n<ul data-start=\"2441\" data-end=\"2754\">\n<li class=\"\" data-start=\"2441\" data-end=\"2506\">\n<p class=\"\" data-start=\"2443\" data-end=\"2506\">Ra\u017eots Somij\u0101 \u2013 t\u012bras, kontrol\u0113tas un augstas kvalit\u0101tes sast\u0101vda\u013cas<\/p>\n<\/li>\n<li class=\"\" data-start=\"2507\" data-end=\"2581\">\n<p class=\"\" data-start=\"2509\" data-end=\"2581\">Dabiska izv\u0113le sieviet\u0113m, kas v\u0113las uzlabot savu labsaj\u016btu menopauzes laik\u0101<\/p>\n<\/li>\n<li class=\"\" data-start=\"2582\" data-end=\"2640\">\n<p class=\"\" data-start=\"2584\" data-end=\"2640\">Satur augu ekstraktus ar atbalsto\u0161iem vitam\u012bniem<\/p>\n<\/li>\n<li class=\"\" data-start=\"2641\" data-end=\"2699\">\n<p class=\"\" data-start=\"2643\" data-end=\"2699\">Nesatur m\u0101ksl\u012bgas piedevas vai dz\u012bvnieku izcelsmes sast\u0101vda\u013cas<\/p>\n<\/li>\n<li class=\"\" data-start=\"2700\" data-end=\"2754\">\n<p class=\"\" data-start=\"2702\" data-end=\"2754\">Piem\u0113rots ar\u012b sieviet\u0113m ar jut\u012bgu gremo\u0161anu vai \u012bpa\u0161\u0101m di\u0113t\u0101m<\/p>\n<\/li>\n<\/ul>\n<h2 data-start=\"1362\" data-end=\"1398\">Ko satur Puhdas+ Menopauze?<\/h2>\n<p class=\"\" data-start=\"1400\" data-end=\"1519\">Produkts satur vair\u0101kus labi zin\u0101mus augu ekstraktus, kas tradicion\u0101li tiek saist\u012bti ar labsaj\u016btu menopauzes laik\u0101, tostarp:<\/p>\n<ul>\n<li data-start=\"121\" data-end=\"158\"><span class=\"relative -mx-px my-[-0.2rem] rounded px-px py-[0.2rem] transition-colors duration-100 ease-in-out\">Salvijas lapu ekstrakts<\/span><\/li>\n<li data-start=\"161\" data-end=\"198\"><span class=\"relative -mx-px my-[-0.2rem] rounded px-px py-[0.2rem] transition-colors duration-100 ease-in-out\">Pildviela: mikrokrist\u0101lisk\u0101 celuloze<\/span><\/li>\n<li data-start=\"201\" data-end=\"238\"><span class=\"relative -mx-px my-[-0.2rem] rounded px-px py-[0.2rem] transition-colors duration-100 ease-in-out\">Kapsulas apvalks: hidroksipropilmetilceluloze, gell\u0101na sve\u0137i<\/span><\/li>\n<li data-start=\"241\" data-end=\"278\"><span class=\"relative -mx-px my-[-0.2rem] rounded px-px py-[0.2rem] transition-colors duration-100 ease-in-out\">L-askorb\u012bnsk\u0101be (C vitam\u012bns)<\/span><\/li>\n<li data-start=\"281\" data-end=\"318\"><span class=\"relative -mx-px my-[-0.2rem] rounded px-px py-[0.2rem] transition-colors duration-100 ease-in-out\">Nikot\u012bnam\u012bds (B3 vitam\u012bns)<\/span><\/li>\n<li data-start=\"321\" data-end=\"358\"><span class=\"relative -mx-px my-[-0.2rem] rounded px-px py-[0.2rem] transition-colors duration-100 ease-in-out\">D-biot\u012bns (B7 vitam\u012bns)<\/span><\/li>\n<li data-start=\"361\" data-end=\"398\"><span class=\"relative -mx-px my-[-0.2rem] rounded px-px py-[0.2rem] transition-colors duration-100 ease-in-out\">Retinilacet\u0101ts (A vitam\u012bns)<\/span><\/li>\n<li data-start=\"401\" data-end=\"484\"><span class=\"relative -mx-px my-[-0.2rem] rounded px-px py-[0.2rem] transition-colors duration-100 ease-in-out\">Piridoks\u012bna hidrohlor\u012bds (B6 vitam\u012bns)<\/span><\/li>\n<\/ul>\n<h2 data-start=\"1221\" data-end=\"1269\">UZTURV\u0112RT\u012aBA <em data-start=\"1255\" data-end=\"1267\">(1 kapsula)<\/em><\/h2>\n<table data-start=\"1271\" data-end=\"1675\">\n<thead data-start=\"1271\" data-end=\"1326\">\n<tr data-start=\"1271\" data-end=\"1326\">\n<th data-start=\"1271\" data-end=\"1284\">Sast\u0101vda\u013ca<\/th>\n<th data-start=\"1284\" data-end=\"1292\">Daudzums<\/th>\n<th data-start=\"1292\" data-end=\"1326\">% no dienas atsauces v\u0113rt\u012bbas*<\/th>\n<\/tr>\n<\/thead>\n<tbody data-start=\"1384\" data-end=\"1675\">\n<tr data-start=\"1384\" data-end=\"1436\">\n<td><strong data-start=\"1386\" data-end=\"1419\">Salvijas lapu ekstrakta pagatavo\u0161ana<\/strong><\/td>\n<td>105,3 mg<\/td>\n<td>\u2014<\/td>\n<\/tr>\n<tr data-start=\"1437\" data-end=\"1471\">\n<td><strong data-start=\"1439\" data-end=\"1457\">no kura salvijas<\/strong><\/td>\n<td>80 mg<\/td>\n<td>\u2014<\/td>\n<\/tr>\n<tr data-start=\"1472\" data-end=\"1508\">\n<td><strong data-start=\"1474\" data-end=\"1488\">C vitam\u012bns<\/strong><\/td>\n<td>40 mg<\/td>\n<td><strong data-start=\"1499\" data-end=\"1506\">50%<\/strong><\/td>\n<\/tr>\n<tr data-start=\"1509\" data-end=\"1558\">\n<td><strong data-start=\"1511\" data-end=\"1537\">B3 vitam\u012bns (niac\u012bns)<\/strong><\/td>\n<td>16 mg<\/td>\n<td><strong data-start=\"1548\" data-end=\"1556\">100%<\/strong><\/td>\n<\/tr>\n<tr data-start=\"1559\" data-end=\"1597\">\n<td><strong data-start=\"1561\" data-end=\"1572\">Biot\u012bns<\/strong><\/td>\n<td>5000 \u00b5g<\/td>\n<td><strong data-start=\"1585\" data-end=\"1595\">10000%<\/strong><\/td>\n<\/tr>\n<tr data-start=\"1598\" data-end=\"1635\">\n<td><strong data-start=\"1600\" data-end=\"1614\">A vitam\u012bns<\/strong><\/td>\n<td>400 \u00b5g<\/td>\n<td><strong data-start=\"1626\" data-end=\"1633\">50%<\/strong><\/td>\n<\/tr>\n<tr data-start=\"1636\" data-end=\"1675\">\n<td><strong data-start=\"1638\" data-end=\"1653\">B6 vitam\u012bns<\/strong><\/td>\n<td>1,4 mg<\/td>\n<td><strong data-start=\"1665\" data-end=\"1673\">100%<\/strong><\/td>\n<\/tr>\n<\/tbody>\n<\/table>\n<p data-start=\"1677\" data-end=\"1720\"><em data-start=\"1677\" data-end=\"1718\">*% no dienas ieteicam\u0101s devas.<\/em><\/p>\n","protected":false},"excerpt":{"rendered":"<p class=\"\" data-start=\"2702\" data-end=\"2754\">Puhdas+ Menopause ir \u012bpa\u0161i izstr\u0101d\u0101ts, lai atbalst\u012btu sievie\u0161u labsaj\u016btu menopauzes laik\u0101.<\/p>\n<p data-start=\"658\" data-end=\"997\">Dabisk\u0101s izmai\u0146as, kas notiek \u0161aj\u0101 dz\u012bves posm\u0101, var ietekm\u0113t j\u016bsu pa\u0161saj\u016btu, un \u0161is uztura bag\u0101tin\u0101t\u0101js pal\u012bdz uztur\u0113t l\u012bdzsvaru un ikdienas labsaj\u016btu. Produkts satur augu ekstraktus, piem\u0113ram, salviju, un vitam\u012bnus, kas atbalsta norm\u0101lu organisma darb\u012bbu. <\/p>\n<p data-start=\"999\" data-end=\"1397\">B6 vitam\u012bns pal\u012bdz regul\u0113t hormonu aktivit\u0101ti un atbalsta norm\u0101lu nervu sist\u0113mas darb\u012bbu. Biot\u012bns pal\u012bdz uztur\u0113t norm\u0101lu matu un \u0101das st\u0101vokli un atbalsta psiholo\u0123isko funkciju darb\u012bbu. C un B6 vitam\u012bns pal\u012bdz mazin\u0101t nogurumu un nesp\u0113ku, k\u0101 ar\u012b atbalsta norm\u0101lu ener\u0123ijas ieguves vielmai\u0146u. A un C vitam\u012bns pal\u012bdz atbalst\u012bt im\u016bnsist\u0113mu un aizsarg\u0101t \u0161\u016bnas no oksidat\u012bv\u0101 stresa.   <\/p>\n<p data-start=\"1399\" data-end=\"1621\">Produkts ir t\u012brs, nesatur m\u0101ksl\u012bgas piedevas, glut\u0113nu vai laktozi, un ir piem\u0113rots ar\u012b veg\u0101niem. Kapsulas ir \u0113rti lietot katru dienu \u2013 2 kapsulas kop\u0101 ar \u0113dienu, lai atbalst\u012btu l\u012bdzsvaru un labsaj\u016btu menopauzes laik\u0101. <\/p>\n<p data-start=\"386\" data-end=\"565\">\n","protected":false},"featured_media":34652,"comment_status":"closed","ping_status":"closed","template":"","meta":{"_acf_changed":false},"product_brand":[],"product_cat":[3207,3067,5573],"product_tag":[5578,4799,5580,3071,5574,5582,3218,5588,5576,5575,5586,5584,5577],"class_list":{"0":"post-34649","1":"product","2":"type-product","3":"status-publish","4":"has-post-thumbnail","6":"product_cat-b-vitamins","7":"product_cat-ipasie-piedavajumi","8":"product_cat-sievietem","9":"product_tag-ada-un-glotadas","10":"product_tag-dabigs-uztura-bagatinatajs","11":"product_tag-hormonala-regulacija","12":"product_tag-hormonalais-lidzsvars","13":"product_tag-menopauze-lv","14":"product_tag-menopauzes-uztura-bagatinatajs","15":"product_tag-noguruma-mazinasana","16":"product_tag-salvijas-ekstrakts","17":"product_tag-salvijas-lapu-ekstrakts","18":"product_tag-sieviesu-veseliba","19":"product_tag-uztura-bagatinatajs-sievietem","20":"product_tag-vitamini-menopauzei","21":"product_tag-vitamini-menopauzes-laika","23":"first","24":"instock","25":"sale","26":"taxable","27":"shipping-taxable","28":"purchasable","29":"product-type-simple"},"acf":[],"yoast_head":"<!-- This site is optimized with the Yoast SEO plugin v27.1.1 - https:\/\/yoast.com\/product\/yoast-seo-wordpress\/ -->\n<title>Puhdas+ Menopauze \u2013 uztura bag\u0101tin\u0101t\u0101js labsaj\u016btai menopauzes laik\u0101, 60 kapsulas<\/title>\n<meta name=\"description\" content=\"Menopauze \u2013 ar salviju bag\u0101tin\u0101ts uztura bag\u0101tin\u0101t\u0101js sieviet\u0113m menopauzes laik\u0101. Satur A un B6 vitam\u012bnus, bez nevajadz\u012bg\u0101m piedev\u0101m. Ieskatieties tuv\u0101k!\" \/>\n<meta name=\"robots\" content=\"noindex, follow, max-snippet:-1, max-image-preview:large, max-video-preview:-1\" \/>\n<meta property=\"og:locale\" content=\"lv_LV\" \/>\n<meta property=\"og:type\" content=\"article\" \/>\n<meta property=\"og:title\" content=\"Puhdas+ Menopauze \u2013 uztura bag\u0101tin\u0101t\u0101js labsaj\u016btai menopauzes laik\u0101, 60 kapsulas\" \/>\n<meta property=\"og:description\" content=\"Menopauze \u2013 ar salviju bag\u0101tin\u0101ts uztura bag\u0101tin\u0101t\u0101js sieviet\u0113m menopauzes laik\u0101. Satur A un B6 vitam\u012bnus, bez nevajadz\u012bg\u0101m piedev\u0101m. Ieskatieties tuv\u0101k!\" \/>\n<meta property=\"og:url\" content=\"https:\/\/test.puhdasplus.ee\/lv\/tooted\/vitamini\/b-vitamins\/menopauze-60-kapsulas\/\" \/>\n<meta property=\"og:site_name\" content=\"Puhdas+\" \/>\n<meta property=\"article:publisher\" content=\"https:\/\/www.facebook.com\/puhdasplus\" \/>\n<meta property=\"article:modified_time\" content=\"2026-02-22T20:46:16+00:00\" \/>\n<meta property=\"og:image\" content=\"https:\/\/test.puhdasplus.ee\/wp-content\/uploads\/2025\/03\/125.jpg\" \/>\n\t<meta property=\"og:image:width\" content=\"1862\" \/>\n\t<meta property=\"og:image:height\" content=\"2560\" \/>\n\t<meta property=\"og:image:type\" content=\"image\/jpeg\" \/>\n<meta name=\"twitter:card\" content=\"summary_large_image\" \/>\n<meta name=\"twitter:label1\" content=\"Est. reading time\" \/>\n\t<meta name=\"twitter:data1\" content=\"2 min\u016btes\" \/>\n<script type=\"application\/ld+json\" class=\"yoast-schema-graph\">{\"@context\":\"https:\/\/schema.org\",\"@graph\":[{\"@type\":\"WebPage\",\"@id\":\"https:\/\/test.puhdasplus.ee\/lv\/tooted\/vitamini\/b-vitamins\/menopauze-60-kapsulas\/\",\"url\":\"https:\/\/test.puhdasplus.ee\/lv\/tooted\/vitamini\/b-vitamins\/menopauze-60-kapsulas\/\",\"name\":\"Puhdas+ Menopauze \u2013 uztura bag\u0101tin\u0101t\u0101js labsaj\u016btai menopauzes laik\u0101, 60 kapsulas\",\"isPartOf\":{\"@id\":\"https:\/\/test.puhdasplus.ee\/lv\/#website\"},\"primaryImageOfPage\":{\"@id\":\"https:\/\/test.puhdasplus.ee\/lv\/tooted\/vitamini\/b-vitamins\/menopauze-60-kapsulas\/#primaryimage\"},\"image\":{\"@id\":\"https:\/\/test.puhdasplus.ee\/lv\/tooted\/vitamini\/b-vitamins\/menopauze-60-kapsulas\/#primaryimage\"},\"thumbnailUrl\":\"https:\/\/test.puhdasplus.ee\/wp-content\/uploads\/2025\/03\/125.jpg\",\"datePublished\":\"2025-02-28T08:43:50+00:00\",\"dateModified\":\"2026-02-22T20:46:16+00:00\",\"description\":\"Menopauze \u2013 ar salviju bag\u0101tin\u0101ts uztura bag\u0101tin\u0101t\u0101js sieviet\u0113m menopauzes laik\u0101. Satur A un B6 vitam\u012bnus, bez nevajadz\u012bg\u0101m piedev\u0101m. Ieskatieties tuv\u0101k!\",\"breadcrumb\":{\"@id\":\"https:\/\/test.puhdasplus.ee\/lv\/tooted\/vitamini\/b-vitamins\/menopauze-60-kapsulas\/#breadcrumb\"},\"inLanguage\":\"lv-LV\",\"potentialAction\":[{\"@type\":\"ReadAction\",\"target\":[\"https:\/\/test.puhdasplus.ee\/lv\/tooted\/vitamini\/b-vitamins\/menopauze-60-kapsulas\/\"]}]},{\"@type\":\"ImageObject\",\"inLanguage\":\"lv-LV\",\"@id\":\"https:\/\/test.puhdasplus.ee\/lv\/tooted\/vitamini\/b-vitamins\/menopauze-60-kapsulas\/#primaryimage\",\"url\":\"https:\/\/test.puhdasplus.ee\/wp-content\/uploads\/2025\/03\/125.jpg\",\"contentUrl\":\"https:\/\/test.puhdasplus.ee\/wp-content\/uploads\/2025\/03\/125.jpg\",\"width\":1862,\"height\":2560,\"caption\":\"Menopauze\"},{\"@type\":\"BreadcrumbList\",\"@id\":\"https:\/\/test.puhdasplus.ee\/lv\/tooted\/vitamini\/b-vitamins\/menopauze-60-kapsulas\/#breadcrumb\",\"itemListElement\":[{\"@type\":\"ListItem\",\"position\":1,\"name\":\"S\u0101kums\",\"item\":\"https:\/\/test.puhdasplus.ee\/lv\/\"},{\"@type\":\"ListItem\",\"position\":2,\"name\":\"Produkti\",\"item\":\"https:\/\/test.puhdasplus.ee\/lv\/veikals\/\"},{\"@type\":\"ListItem\",\"position\":3,\"name\":\"Menopauze 60 kapsulas\"}]},{\"@type\":\"WebSite\",\"@id\":\"https:\/\/test.puhdasplus.ee\/lv\/#website\",\"url\":\"https:\/\/test.puhdasplus.ee\/lv\/\",\"name\":\"Puhdas+\",\"description\":\"Vitamiinid, Toidulisandid, looduskosmeetika, tervis, sport\",\"publisher\":{\"@id\":\"https:\/\/test.puhdasplus.ee\/lv\/#organization\"},\"potentialAction\":[{\"@type\":\"SearchAction\",\"target\":{\"@type\":\"EntryPoint\",\"urlTemplate\":\"https:\/\/test.puhdasplus.ee\/lv\/?s={search_term_string}\"},\"query-input\":{\"@type\":\"PropertyValueSpecification\",\"valueRequired\":true,\"valueName\":\"search_term_string\"}}],\"inLanguage\":\"lv-LV\"},{\"@type\":\"Organization\",\"@id\":\"https:\/\/test.puhdasplus.ee\/lv\/#organization\",\"name\":\"Puhdas+\",\"alternateName\":\"Puhdasplus\",\"url\":\"https:\/\/test.puhdasplus.ee\/lv\/\",\"logo\":{\"@type\":\"ImageObject\",\"inLanguage\":\"lv-LV\",\"@id\":\"https:\/\/test.puhdasplus.ee\/lv\/#\/schema\/logo\/image\/\",\"url\":\"https:\/\/test.puhdasplus.ee\/\/wp-content\/uploads\/2019\/10\/puhdas_logo-arvele.png\",\"contentUrl\":\"https:\/\/test.puhdasplus.ee\/\/wp-content\/uploads\/2019\/10\/puhdas_logo-arvele.png\",\"width\":114,\"height\":94,\"caption\":\"Puhdas+\"},\"image\":{\"@id\":\"https:\/\/test.puhdasplus.ee\/lv\/#\/schema\/logo\/image\/\"},\"sameAs\":[\"https:\/\/www.facebook.com\/puhdasplus\",\"https:\/\/www.instagram.com\/puhdasplus_ee\/\"]}]}<\/script>\n<!-- \/ Yoast SEO plugin. -->","yoast_head_json":{"title":"Puhdas+ Menopauze \u2013 uztura bag\u0101tin\u0101t\u0101js labsaj\u016btai menopauzes laik\u0101, 60 kapsulas","description":"Menopauze \u2013 ar salviju bag\u0101tin\u0101ts uztura bag\u0101tin\u0101t\u0101js sieviet\u0113m menopauzes laik\u0101. Satur A un B6 vitam\u012bnus, bez nevajadz\u012bg\u0101m piedev\u0101m. Ieskatieties tuv\u0101k!","robots":{"index":"noindex","follow":"follow","max-snippet":"max-snippet:-1","max-image-preview":"max-image-preview:large","max-video-preview":"max-video-preview:-1"},"og_locale":"lv_LV","og_type":"article","og_title":"Puhdas+ Menopauze \u2013 uztura bag\u0101tin\u0101t\u0101js labsaj\u016btai menopauzes laik\u0101, 60 kapsulas","og_description":"Menopauze \u2013 ar salviju bag\u0101tin\u0101ts uztura bag\u0101tin\u0101t\u0101js sieviet\u0113m menopauzes laik\u0101. Satur A un B6 vitam\u012bnus, bez nevajadz\u012bg\u0101m piedev\u0101m. Ieskatieties tuv\u0101k!","og_url":"https:\/\/test.puhdasplus.ee\/lv\/tooted\/vitamini\/b-vitamins\/menopauze-60-kapsulas\/","og_site_name":"Puhdas+","article_publisher":"https:\/\/www.facebook.com\/puhdasplus","article_modified_time":"2026-02-22T20:46:16+00:00","og_image":[{"width":1862,"height":2560,"url":"https:\/\/test.puhdasplus.ee\/wp-content\/uploads\/2025\/03\/125.jpg","type":"image\/jpeg"}],"twitter_card":"summary_large_image","twitter_misc":{"Est. reading time":"2 min\u016btes"},"schema":{"@context":"https:\/\/schema.org","@graph":[{"@type":"WebPage","@id":"https:\/\/test.puhdasplus.ee\/lv\/tooted\/vitamini\/b-vitamins\/menopauze-60-kapsulas\/","url":"https:\/\/test.puhdasplus.ee\/lv\/tooted\/vitamini\/b-vitamins\/menopauze-60-kapsulas\/","name":"Puhdas+ Menopauze \u2013 uztura bag\u0101tin\u0101t\u0101js labsaj\u016btai menopauzes laik\u0101, 60 kapsulas","isPartOf":{"@id":"https:\/\/test.puhdasplus.ee\/lv\/#website"},"primaryImageOfPage":{"@id":"https:\/\/test.puhdasplus.ee\/lv\/tooted\/vitamini\/b-vitamins\/menopauze-60-kapsulas\/#primaryimage"},"image":{"@id":"https:\/\/test.puhdasplus.ee\/lv\/tooted\/vitamini\/b-vitamins\/menopauze-60-kapsulas\/#primaryimage"},"thumbnailUrl":"https:\/\/test.puhdasplus.ee\/wp-content\/uploads\/2025\/03\/125.jpg","datePublished":"2025-02-28T08:43:50+00:00","dateModified":"2026-02-22T20:46:16+00:00","description":"Menopauze \u2013 ar salviju bag\u0101tin\u0101ts uztura bag\u0101tin\u0101t\u0101js sieviet\u0113m menopauzes laik\u0101. Satur A un B6 vitam\u012bnus, bez nevajadz\u012bg\u0101m piedev\u0101m. Ieskatieties tuv\u0101k!","breadcrumb":{"@id":"https:\/\/test.puhdasplus.ee\/lv\/tooted\/vitamini\/b-vitamins\/menopauze-60-kapsulas\/#breadcrumb"},"inLanguage":"lv-LV","potentialAction":[{"@type":"ReadAction","target":["https:\/\/test.puhdasplus.ee\/lv\/tooted\/vitamini\/b-vitamins\/menopauze-60-kapsulas\/"]}]},{"@type":"ImageObject","inLanguage":"lv-LV","@id":"https:\/\/test.puhdasplus.ee\/lv\/tooted\/vitamini\/b-vitamins\/menopauze-60-kapsulas\/#primaryimage","url":"https:\/\/test.puhdasplus.ee\/wp-content\/uploads\/2025\/03\/125.jpg","contentUrl":"https:\/\/test.puhdasplus.ee\/wp-content\/uploads\/2025\/03\/125.jpg","width":1862,"height":2560,"caption":"Menopauze"},{"@type":"BreadcrumbList","@id":"https:\/\/test.puhdasplus.ee\/lv\/tooted\/vitamini\/b-vitamins\/menopauze-60-kapsulas\/#breadcrumb","itemListElement":[{"@type":"ListItem","position":1,"name":"S\u0101kums","item":"https:\/\/test.puhdasplus.ee\/lv\/"},{"@type":"ListItem","position":2,"name":"Produkti","item":"https:\/\/test.puhdasplus.ee\/lv\/veikals\/"},{"@type":"ListItem","position":3,"name":"Menopauze 60 kapsulas"}]},{"@type":"WebSite","@id":"https:\/\/test.puhdasplus.ee\/lv\/#website","url":"https:\/\/test.puhdasplus.ee\/lv\/","name":"Puhdas+","description":"Vitamiinid, Toidulisandid, looduskosmeetika, tervis, sport","publisher":{"@id":"https:\/\/test.puhdasplus.ee\/lv\/#organization"},"potentialAction":[{"@type":"SearchAction","target":{"@type":"EntryPoint","urlTemplate":"https:\/\/test.puhdasplus.ee\/lv\/?s={search_term_string}"},"query-input":{"@type":"PropertyValueSpecification","valueRequired":true,"valueName":"search_term_string"}}],"inLanguage":"lv-LV"},{"@type":"Organization","@id":"https:\/\/test.puhdasplus.ee\/lv\/#organization","name":"Puhdas+","alternateName":"Puhdasplus","url":"https:\/\/test.puhdasplus.ee\/lv\/","logo":{"@type":"ImageObject","inLanguage":"lv-LV","@id":"https:\/\/test.puhdasplus.ee\/lv\/#\/schema\/logo\/image\/","url":"https:\/\/test.puhdasplus.ee\/\/wp-content\/uploads\/2019\/10\/puhdas_logo-arvele.png","contentUrl":"https:\/\/test.puhdasplus.ee\/\/wp-content\/uploads\/2019\/10\/puhdas_logo-arvele.png","width":114,"height":94,"caption":"Puhdas+"},"image":{"@id":"https:\/\/test.puhdasplus.ee\/lv\/#\/schema\/logo\/image\/"},"sameAs":["https:\/\/www.facebook.com\/puhdasplus","https:\/\/www.instagram.com\/puhdasplus_ee\/"]}]}},"_links":{"self":[{"href":"https:\/\/test.puhdasplus.ee\/lv\/wp-json\/wp\/v2\/product\/34649","targetHints":{"allow":["GET"]}}],"collection":[{"href":"https:\/\/test.puhdasplus.ee\/lv\/wp-json\/wp\/v2\/product"}],"about":[{"href":"https:\/\/test.puhdasplus.ee\/lv\/wp-json\/wp\/v2\/types\/product"}],"replies":[{"embeddable":true,"href":"https:\/\/test.puhdasplus.ee\/lv\/wp-json\/wp\/v2\/comments?post=34649"}],"wp:featuredmedia":[{"embeddable":true,"href":"https:\/\/test.puhdasplus.ee\/lv\/wp-json\/wp\/v2\/media\/34652"}],"wp:attachment":[{"href":"https:\/\/test.puhdasplus.ee\/lv\/wp-json\/wp\/v2\/media?parent=34649"}],"wp:term":[{"taxonomy":"product_brand","embeddable":true,"href":"https:\/\/test.puhdasplus.ee\/lv\/wp-json\/wp\/v2\/product_brand?post=34649"},{"taxonomy":"product_cat","embeddable":true,"href":"https:\/\/test.puhdasplus.ee\/lv\/wp-json\/wp\/v2\/product_cat?post=34649"},{"taxonomy":"product_tag","embeddable":true,"href":"https:\/\/test.puhdasplus.ee\/lv\/wp-json\/wp\/v2\/product_tag?post=34649"}],"curies":[{"name":"wp","href":"https:\/\/api.w.org\/{rel}","templated":true}]}}