{"id":34645,"date":"2025-02-15T14:41:54","date_gmt":"2025-02-15T12:41:54","guid":{"rendered":"https:\/\/test.puhdasplus.ee\/\/tooted\/uncategorized\/efektiva-hialuronskabe-100-mg-veganiska\/"},"modified":"2026-03-04T22:03:57","modified_gmt":"2026-03-04T20:03:57","slug":"efektiva-hialuronskabe-100-mg-veganiska","status":"publish","type":"product","link":"https:\/\/test.puhdasplus.ee\/lv\/tooted\/ada-mati-nagi\/efektiva-hialuronskabe-100-mg-veganiska\/","title":{"rendered":"Efekt\u012bva hialuronsk\u0101be 100 mg"},"content":{"rendered":"<h2 data-start=\"145\" data-end=\"532\"><strong>Efekt\u012bva hialuronsk\u0101be \u2013 ikdienas lieto\u0161anai!<\/strong><\/h2>\n<p data-start=\"145\" data-end=\"532\">Papildiniet savu uzturu ar hialuronsk\u0101bi \u2013 organism\u0101 dabiski sastopamu vielu, kas atrodas \u0101d\u0101 un saistaudos. \u0112rt\u0101 kapsulu forma ir lieliski piem\u0113rota ikdienas lieto\u0161anai. <\/p>\n<h2 data-start=\"534\" data-end=\"556\"><strong data-start=\"534\" data-end=\"556\">Galven\u0101s \u012bpa\u0161\u012bbas<\/strong><\/h2>\n<ul>\n<li data-start=\"1992\" data-end=\"2099\"><strong data-start=\"1992\" data-end=\"2009\">Hialuronsk\u0101be<\/strong><br data-start=\"2009\" data-end=\"2012\">Hialuronsk\u0101be ir organism\u0101 dabiski sastopama viela, kas atrodas \u0101d\u0101 un saistaudos.<\/li>\n<li data-start=\"2101\" data-end=\"2207\"><strong data-start=\"2101\" data-end=\"2122\">T\u012br\u012bba un sast\u0101vs<\/strong><br data-start=\"2122\" data-end=\"2125\">Nesatur pienu, laktozi, raugu, glut\u0113nu, cukuru, s\u0101li, soju vai saldin\u0101t\u0101jus.<\/li>\n<li data-start=\"2209\" data-end=\"2269\"><strong data-start=\"2209\" data-end=\"2231\">Akt\u012bv\u0101s vielas saturs<\/strong><br data-start=\"2231\" data-end=\"2234\">100 mg hialuronsk\u0101bes vien\u0101 kapsul\u0101.<\/li>\n<\/ul>\n<h2 data-start=\"1001\" data-end=\"1228\"><strong>Lietojums<\/strong><\/h2>\n<p data-start=\"1001\" data-end=\"1228\">Ieteicam\u0101 deva ir 1 kapsula dien\u0101, uzdzerot \u016bdeni.<\/p>\n<h2 data-start=\"437\" data-end=\"457\"><strong data-start=\"441\" data-end=\"455\">Br\u012bdin\u0101jumi<\/strong><\/h2>\n<ul data-start=\"458\" data-end=\"679\">\n<li data-start=\"504\" data-end=\"547\">Nep\u0101rsniedziet ieteicamo dienas devu.<\/li>\n<li data-start=\"548\" data-end=\"640\">Uztura bag\u0101tin\u0101t\u0101js neaizst\u0101j daudzveid\u012bgu un sabalans\u0113tu uzturu vai vesel\u012bgu dz\u012bvesveidu.<\/li>\n<li data-start=\"641\" data-end=\"679\">Sarg\u0101t no b\u0113rniem.<\/li>\n<\/ul>\n<h2 data-start=\"681\" data-end=\"703\"><strong data-start=\"685\" data-end=\"701\">Uzglab\u0101\u0161ana<\/strong><\/h2>\n<p data-start=\"681\" data-end=\"703\">Uzglab\u0101t saus\u0101 viet\u0101, istabas temperat\u016br\u0101.<\/p>\n<h2 data-start=\"681\" data-end=\"703\"><strong data-start=\"685\" data-end=\"701\">Uzturv\u0113rt\u012bbas inform\u0101cija<\/strong><\/h2>\n<p data-start=\"1563\" data-end=\"1598\"><strong data-start=\"1563\" data-end=\"1598\">1 kapsula satur: <\/strong>Hialuronsk\u0101be 100 mg<\/p>\n<p><strong data-start=\"110\" data-end=\"133\">Sast\u0101vda\u013cas: <\/strong>Hialuronsk\u0101be, augu izcelsmes kapsulas apvalks (HPMC)<\/p>\n<p data-start=\"1563\" data-end=\"1598\"><strong data-start=\"145\" data-end=\"176\">Nesatur:<\/strong> cukuru, s\u0101li, raugu, pienu, laktozi, cieti, kukur\u016bzu, soju, saldin\u0101t\u0101jus, laktozi vai glut\u0113nu.<\/p>\n<p data-start=\"1563\" data-end=\"1598\">\n<p data-start=\"1563\" data-end=\"1598\"><strong data-start=\"145\" data-end=\"176\">Piem\u0113rots veg\u0101niem un ve\u0123et\u0101rie\u0161iem<\/strong><\/p>\n<p data-start=\"2882\" data-end=\"2920\"><strong data-start=\"2882\" data-end=\"2893\">Ra\u017eot\u0101js:<\/strong><br data-start=\"2893\" data-end=\"2896\">New Organics Oy, Somija<\/p>\n<p data-start=\"2922\" data-end=\"2987\"><strong data-start=\"2922\" data-end=\"2937\">Import\u0113t\u0101js:<\/strong><br data-start=\"2937\" data-end=\"2940\">NordenBio O\u00dc, Narva mnt 7, 10117 Tallina, Igaunija<\/p>\n","protected":false},"excerpt":{"rendered":"<p data-start=\"69\" data-end=\"397\"><strong>Puhdas+ Efekt\u012bva hialuronsk\u0101be<\/strong> 100 mg ir uztura bag\u0101tin\u0101t\u0101js kapsul\u0101s, kas satur hialuronsk\u0101bi \u2013 organism\u0101 dabiski sastopamu vielu, kas atrodas \u0101das un saistaudu sast\u0101v\u0101. \u0112rt\u0101 kapsulu forma ir piem\u0113rota ikdienas lieto\u0161anai tiem, kuri v\u0113las papildin\u0101t savu uzturu ar hialuronsk\u0101bi. <\/p>\n","protected":false},"featured_media":32411,"comment_status":"closed","ping_status":"closed","template":"","meta":{"_acf_changed":false},"product_brand":[],"product_cat":[3296],"product_tag":[5572,2605,2843,2535,5570,5562,5566,5559,5557,5571,5371,3225,5556,2559,5569,5568,2974,5564],"class_list":{"0":"post-34645","1":"product","2":"type-product","3":"status-publish","4":"has-post-thumbnail","6":"product_cat-ada-mati-nagi","7":"product_tag-adas-elastiba-un-mitrums","8":"product_tag-adas-mitrinasana","9":"product_tag-grumbu-samazinasana","10":"product_tag-hialuronskabe","11":"product_tag-hialuronskabe-adai","12":"product_tag-hialuronskabe-matiem-un-nagiem","13":"product_tag-hialuronskabes-kapsulas-lv","14":"product_tag-hialuronskabes-kapsulas","15":"product_tag-hialuronskabes-uztura-bagatinatajs","16":"product_tag-labaka-hialuronskabe","17":"product_tag-locitavu-veseliba","18":"product_tag-muskuli-un-locitavas","19":"product_tag-natrija-hialuronats","20":"product_tag-tirs-skaistums","21":"product_tag-uztura-bagatinatajs-locitavam","22":"product_tag-vegana-hialuronskabe","23":"product_tag-vegans","24":"product_tag-veganu-uztura-bagatinatajs","26":"first","27":"onbackorder","28":"taxable","29":"shipping-taxable","30":"purchasable","31":"product-type-variable","32":"has-default-attributes"},"acf":[],"yoast_head":"<!-- This site is optimized with the Yoast SEO plugin v27.1.1 - https:\/\/yoast.com\/product\/yoast-seo-wordpress\/ -->\n<title>Efekt\u012bva hialuronsk\u0101be 100 mg - Puhdas+<\/title>\n<meta name=\"description\" content=\"Efekt\u012bva hialuronsk\u0101be \u2013 100 mg t\u012bras hialuronsk\u0101bes kapsul\u0101s \u0101das mitrin\u0101\u0161anai un elast\u012bbas uztur\u0113\u0161anai. Piem\u0113rots veg\u0101niem.\" \/>\n<meta name=\"robots\" content=\"noindex, follow, max-snippet:-1, max-image-preview:large, max-video-preview:-1\" \/>\n<meta property=\"og:locale\" content=\"lv_LV\" \/>\n<meta property=\"og:type\" content=\"article\" \/>\n<meta property=\"og:title\" content=\"Efekt\u012bva hialuronsk\u0101be 100 mg - Puhdas+\" \/>\n<meta property=\"og:description\" content=\"Efekt\u012bva hialuronsk\u0101be \u2013 100 mg t\u012bras hialuronsk\u0101bes kapsul\u0101s \u0101das mitrin\u0101\u0161anai un elast\u012bbas uztur\u0113\u0161anai. Piem\u0113rots veg\u0101niem.\" \/>\n<meta property=\"og:url\" content=\"https:\/\/test.puhdasplus.ee\/lv\/tooted\/ada-mati-nagi\/efektiva-hialuronskabe-100-mg-veganiska\/\" \/>\n<meta property=\"og:site_name\" content=\"Puhdas+\" \/>\n<meta property=\"article:publisher\" content=\"https:\/\/www.facebook.com\/puhdasplus\" \/>\n<meta property=\"article:modified_time\" content=\"2026-03-04T20:03:57+00:00\" \/>\n<meta property=\"og:image\" content=\"https:\/\/test.puhdasplus.ee\/wp-content\/uploads\/2025\/02\/Hyaluronihappo_60kapstaustalla.jpg.webp\" \/>\n\t<meta property=\"og:image:width\" content=\"1100\" \/>\n\t<meta property=\"og:image:height\" content=\"1513\" \/>\n\t<meta property=\"og:image:type\" content=\"image\/webp\" \/>\n<meta name=\"twitter:card\" content=\"summary_large_image\" \/>\n<meta name=\"twitter:label1\" content=\"Est. reading time\" \/>\n\t<meta name=\"twitter:data1\" content=\"1 minute\" \/>\n<script type=\"application\/ld+json\" class=\"yoast-schema-graph\">{\"@context\":\"https:\/\/schema.org\",\"@graph\":[{\"@type\":\"WebPage\",\"@id\":\"https:\/\/test.puhdasplus.ee\/lv\/tooted\/ada-mati-nagi\/efektiva-hialuronskabe-100-mg-veganiska\/\",\"url\":\"https:\/\/test.puhdasplus.ee\/lv\/tooted\/ada-mati-nagi\/efektiva-hialuronskabe-100-mg-veganiska\/\",\"name\":\"Efekt\u012bva hialuronsk\u0101be 100 mg - Puhdas+\",\"isPartOf\":{\"@id\":\"https:\/\/test.puhdasplus.ee\/lv\/#website\"},\"primaryImageOfPage\":{\"@id\":\"https:\/\/test.puhdasplus.ee\/lv\/tooted\/ada-mati-nagi\/efektiva-hialuronskabe-100-mg-veganiska\/#primaryimage\"},\"image\":{\"@id\":\"https:\/\/test.puhdasplus.ee\/lv\/tooted\/ada-mati-nagi\/efektiva-hialuronskabe-100-mg-veganiska\/#primaryimage\"},\"thumbnailUrl\":\"https:\/\/test.puhdasplus.ee\/wp-content\/uploads\/2025\/02\/Hyaluronihappo_60kapstaustalla.jpg.webp\",\"datePublished\":\"2025-02-15T12:41:54+00:00\",\"dateModified\":\"2026-03-04T20:03:57+00:00\",\"description\":\"Efekt\u012bva hialuronsk\u0101be \u2013 100 mg t\u012bras hialuronsk\u0101bes kapsul\u0101s \u0101das mitrin\u0101\u0161anai un elast\u012bbas uztur\u0113\u0161anai. Piem\u0113rots veg\u0101niem.\",\"breadcrumb\":{\"@id\":\"https:\/\/test.puhdasplus.ee\/lv\/tooted\/ada-mati-nagi\/efektiva-hialuronskabe-100-mg-veganiska\/#breadcrumb\"},\"inLanguage\":\"lv-LV\",\"potentialAction\":[{\"@type\":\"ReadAction\",\"target\":[\"https:\/\/test.puhdasplus.ee\/lv\/tooted\/ada-mati-nagi\/efektiva-hialuronskabe-100-mg-veganiska\/\"]}]},{\"@type\":\"ImageObject\",\"inLanguage\":\"lv-LV\",\"@id\":\"https:\/\/test.puhdasplus.ee\/lv\/tooted\/ada-mati-nagi\/efektiva-hialuronskabe-100-mg-veganiska\/#primaryimage\",\"url\":\"https:\/\/test.puhdasplus.ee\/wp-content\/uploads\/2025\/02\/Hyaluronihappo_60kapstaustalla.jpg.webp\",\"contentUrl\":\"https:\/\/test.puhdasplus.ee\/wp-content\/uploads\/2025\/02\/Hyaluronihappo_60kapstaustalla.jpg.webp\",\"width\":1100,\"height\":1513,\"caption\":\"Hialuronsk\u0101be\"},{\"@type\":\"BreadcrumbList\",\"@id\":\"https:\/\/test.puhdasplus.ee\/lv\/tooted\/ada-mati-nagi\/efektiva-hialuronskabe-100-mg-veganiska\/#breadcrumb\",\"itemListElement\":[{\"@type\":\"ListItem\",\"position\":1,\"name\":\"S\u0101kums\",\"item\":\"https:\/\/test.puhdasplus.ee\/lv\/\"},{\"@type\":\"ListItem\",\"position\":2,\"name\":\"Produkti\",\"item\":\"https:\/\/test.puhdasplus.ee\/lv\/veikals\/\"},{\"@type\":\"ListItem\",\"position\":3,\"name\":\"Efekt\u012bva hialuronsk\u0101be 100 mg\"}]},{\"@type\":\"WebSite\",\"@id\":\"https:\/\/test.puhdasplus.ee\/lv\/#website\",\"url\":\"https:\/\/test.puhdasplus.ee\/lv\/\",\"name\":\"Puhdas+\",\"description\":\"Vitamiinid, Toidulisandid, looduskosmeetika, tervis, sport\",\"publisher\":{\"@id\":\"https:\/\/test.puhdasplus.ee\/lv\/#organization\"},\"potentialAction\":[{\"@type\":\"SearchAction\",\"target\":{\"@type\":\"EntryPoint\",\"urlTemplate\":\"https:\/\/test.puhdasplus.ee\/lv\/?s={search_term_string}\"},\"query-input\":{\"@type\":\"PropertyValueSpecification\",\"valueRequired\":true,\"valueName\":\"search_term_string\"}}],\"inLanguage\":\"lv-LV\"},{\"@type\":\"Organization\",\"@id\":\"https:\/\/test.puhdasplus.ee\/lv\/#organization\",\"name\":\"Puhdas+\",\"alternateName\":\"Puhdasplus\",\"url\":\"https:\/\/test.puhdasplus.ee\/lv\/\",\"logo\":{\"@type\":\"ImageObject\",\"inLanguage\":\"lv-LV\",\"@id\":\"https:\/\/test.puhdasplus.ee\/lv\/#\/schema\/logo\/image\/\",\"url\":\"https:\/\/test.puhdasplus.ee\/\/wp-content\/uploads\/2019\/10\/puhdas_logo-arvele.png\",\"contentUrl\":\"https:\/\/test.puhdasplus.ee\/\/wp-content\/uploads\/2019\/10\/puhdas_logo-arvele.png\",\"width\":114,\"height\":94,\"caption\":\"Puhdas+\"},\"image\":{\"@id\":\"https:\/\/test.puhdasplus.ee\/lv\/#\/schema\/logo\/image\/\"},\"sameAs\":[\"https:\/\/www.facebook.com\/puhdasplus\",\"https:\/\/www.instagram.com\/puhdasplus_ee\/\"]}]}<\/script>\n<!-- \/ Yoast SEO plugin. -->","yoast_head_json":{"title":"Efekt\u012bva hialuronsk\u0101be 100 mg - Puhdas+","description":"Efekt\u012bva hialuronsk\u0101be \u2013 100 mg t\u012bras hialuronsk\u0101bes kapsul\u0101s \u0101das mitrin\u0101\u0161anai un elast\u012bbas uztur\u0113\u0161anai. Piem\u0113rots veg\u0101niem.","robots":{"index":"noindex","follow":"follow","max-snippet":"max-snippet:-1","max-image-preview":"max-image-preview:large","max-video-preview":"max-video-preview:-1"},"og_locale":"lv_LV","og_type":"article","og_title":"Efekt\u012bva hialuronsk\u0101be 100 mg - Puhdas+","og_description":"Efekt\u012bva hialuronsk\u0101be \u2013 100 mg t\u012bras hialuronsk\u0101bes kapsul\u0101s \u0101das mitrin\u0101\u0161anai un elast\u012bbas uztur\u0113\u0161anai. Piem\u0113rots veg\u0101niem.","og_url":"https:\/\/test.puhdasplus.ee\/lv\/tooted\/ada-mati-nagi\/efektiva-hialuronskabe-100-mg-veganiska\/","og_site_name":"Puhdas+","article_publisher":"https:\/\/www.facebook.com\/puhdasplus","article_modified_time":"2026-03-04T20:03:57+00:00","og_image":[{"width":1100,"height":1513,"url":"https:\/\/test.puhdasplus.ee\/wp-content\/uploads\/2025\/02\/Hyaluronihappo_60kapstaustalla.jpg.webp","type":"image\/webp"}],"twitter_card":"summary_large_image","twitter_misc":{"Est. reading time":"1 minute"},"schema":{"@context":"https:\/\/schema.org","@graph":[{"@type":"WebPage","@id":"https:\/\/test.puhdasplus.ee\/lv\/tooted\/ada-mati-nagi\/efektiva-hialuronskabe-100-mg-veganiska\/","url":"https:\/\/test.puhdasplus.ee\/lv\/tooted\/ada-mati-nagi\/efektiva-hialuronskabe-100-mg-veganiska\/","name":"Efekt\u012bva hialuronsk\u0101be 100 mg - Puhdas+","isPartOf":{"@id":"https:\/\/test.puhdasplus.ee\/lv\/#website"},"primaryImageOfPage":{"@id":"https:\/\/test.puhdasplus.ee\/lv\/tooted\/ada-mati-nagi\/efektiva-hialuronskabe-100-mg-veganiska\/#primaryimage"},"image":{"@id":"https:\/\/test.puhdasplus.ee\/lv\/tooted\/ada-mati-nagi\/efektiva-hialuronskabe-100-mg-veganiska\/#primaryimage"},"thumbnailUrl":"https:\/\/test.puhdasplus.ee\/wp-content\/uploads\/2025\/02\/Hyaluronihappo_60kapstaustalla.jpg.webp","datePublished":"2025-02-15T12:41:54+00:00","dateModified":"2026-03-04T20:03:57+00:00","description":"Efekt\u012bva hialuronsk\u0101be \u2013 100 mg t\u012bras hialuronsk\u0101bes kapsul\u0101s \u0101das mitrin\u0101\u0161anai un elast\u012bbas uztur\u0113\u0161anai. Piem\u0113rots veg\u0101niem.","breadcrumb":{"@id":"https:\/\/test.puhdasplus.ee\/lv\/tooted\/ada-mati-nagi\/efektiva-hialuronskabe-100-mg-veganiska\/#breadcrumb"},"inLanguage":"lv-LV","potentialAction":[{"@type":"ReadAction","target":["https:\/\/test.puhdasplus.ee\/lv\/tooted\/ada-mati-nagi\/efektiva-hialuronskabe-100-mg-veganiska\/"]}]},{"@type":"ImageObject","inLanguage":"lv-LV","@id":"https:\/\/test.puhdasplus.ee\/lv\/tooted\/ada-mati-nagi\/efektiva-hialuronskabe-100-mg-veganiska\/#primaryimage","url":"https:\/\/test.puhdasplus.ee\/wp-content\/uploads\/2025\/02\/Hyaluronihappo_60kapstaustalla.jpg.webp","contentUrl":"https:\/\/test.puhdasplus.ee\/wp-content\/uploads\/2025\/02\/Hyaluronihappo_60kapstaustalla.jpg.webp","width":1100,"height":1513,"caption":"Hialuronsk\u0101be"},{"@type":"BreadcrumbList","@id":"https:\/\/test.puhdasplus.ee\/lv\/tooted\/ada-mati-nagi\/efektiva-hialuronskabe-100-mg-veganiska\/#breadcrumb","itemListElement":[{"@type":"ListItem","position":1,"name":"S\u0101kums","item":"https:\/\/test.puhdasplus.ee\/lv\/"},{"@type":"ListItem","position":2,"name":"Produkti","item":"https:\/\/test.puhdasplus.ee\/lv\/veikals\/"},{"@type":"ListItem","position":3,"name":"Efekt\u012bva hialuronsk\u0101be 100 mg"}]},{"@type":"WebSite","@id":"https:\/\/test.puhdasplus.ee\/lv\/#website","url":"https:\/\/test.puhdasplus.ee\/lv\/","name":"Puhdas+","description":"Vitamiinid, Toidulisandid, looduskosmeetika, tervis, sport","publisher":{"@id":"https:\/\/test.puhdasplus.ee\/lv\/#organization"},"potentialAction":[{"@type":"SearchAction","target":{"@type":"EntryPoint","urlTemplate":"https:\/\/test.puhdasplus.ee\/lv\/?s={search_term_string}"},"query-input":{"@type":"PropertyValueSpecification","valueRequired":true,"valueName":"search_term_string"}}],"inLanguage":"lv-LV"},{"@type":"Organization","@id":"https:\/\/test.puhdasplus.ee\/lv\/#organization","name":"Puhdas+","alternateName":"Puhdasplus","url":"https:\/\/test.puhdasplus.ee\/lv\/","logo":{"@type":"ImageObject","inLanguage":"lv-LV","@id":"https:\/\/test.puhdasplus.ee\/lv\/#\/schema\/logo\/image\/","url":"https:\/\/test.puhdasplus.ee\/\/wp-content\/uploads\/2019\/10\/puhdas_logo-arvele.png","contentUrl":"https:\/\/test.puhdasplus.ee\/\/wp-content\/uploads\/2019\/10\/puhdas_logo-arvele.png","width":114,"height":94,"caption":"Puhdas+"},"image":{"@id":"https:\/\/test.puhdasplus.ee\/lv\/#\/schema\/logo\/image\/"},"sameAs":["https:\/\/www.facebook.com\/puhdasplus","https:\/\/www.instagram.com\/puhdasplus_ee\/"]}]}},"_links":{"self":[{"href":"https:\/\/test.puhdasplus.ee\/lv\/wp-json\/wp\/v2\/product\/34645","targetHints":{"allow":["GET"]}}],"collection":[{"href":"https:\/\/test.puhdasplus.ee\/lv\/wp-json\/wp\/v2\/product"}],"about":[{"href":"https:\/\/test.puhdasplus.ee\/lv\/wp-json\/wp\/v2\/types\/product"}],"replies":[{"embeddable":true,"href":"https:\/\/test.puhdasplus.ee\/lv\/wp-json\/wp\/v2\/comments?post=34645"}],"wp:featuredmedia":[{"embeddable":true,"href":"https:\/\/test.puhdasplus.ee\/lv\/wp-json\/wp\/v2\/media\/32411"}],"wp:attachment":[{"href":"https:\/\/test.puhdasplus.ee\/lv\/wp-json\/wp\/v2\/media?parent=34645"}],"wp:term":[{"taxonomy":"product_brand","embeddable":true,"href":"https:\/\/test.puhdasplus.ee\/lv\/wp-json\/wp\/v2\/product_brand?post=34645"},{"taxonomy":"product_cat","embeddable":true,"href":"https:\/\/test.puhdasplus.ee\/lv\/wp-json\/wp\/v2\/product_cat?post=34645"},{"taxonomy":"product_tag","embeddable":true,"href":"https:\/\/test.puhdasplus.ee\/lv\/wp-json\/wp\/v2\/product_tag?post=34645"}],"curies":[{"name":"wp","href":"https:\/\/api.w.org\/{rel}","templated":true}]}}