{"id":34634,"date":"2025-02-28T10:19:09","date_gmt":"2025-02-28T08:19:09","guid":{"rendered":"https:\/\/test.puhdasplus.ee\/\/tooted\/uncategorized\/testosterona-pastiprinatajs-60-kapsulas\/"},"modified":"2026-02-22T22:46:31","modified_gmt":"2026-02-22T20:46:31","slug":"testosterona-pastiprinatajs-60-kapsulas","status":"publish","type":"product","link":"https:\/\/test.puhdasplus.ee\/lv\/tooted\/sports-lv\/testosterona-pastiprinatajs-60-kapsulas\/","title":{"rendered":"Testobooster 60 kapsulas"},"content":{"rendered":"<h1><b>Kas ir Pure+ TestoBooster?<\/b><\/h1>\n<p class=\"p3\">Pure+ TestoBooster ir augstas kvalit\u0101tes uztura bag\u0101tin\u0101t\u0101js v\u012brie\u0161iem, kas apvieno dabiskos augu ekstraktus, aminosk\u0101bi L-argin\u012bnu, miner\u0101lvielu cinku un vitam\u012bnus B6, C un E. Tas ir t\u012brs un sabalans\u0113ts sast\u0101vs, kas ir piem\u0113rots ikdienas lieto\u0161anai un nodro\u0161ina organismu ar nepiecie\u0161amaj\u0101m uzturviel\u0101m.<\/p>\n<p class=\"p3\">Produkts nesatur laktozi, glut\u0113nu, raugu, soju, kukur\u016bzu vai m\u0101ksl\u012bgos saldin\u0101t\u0101jus un ir piem\u0113rots v\u012brie\u0161iem, kuri nov\u0113rt\u0113 t\u012bras un dab\u012bgas iesp\u0113jas.<\/p>\n<h1><b>K\u0101p\u0113c izv\u0113l\u0113ties Pure+ TestoBooster?<\/b><\/h1>\n<p class=\"p4\"><b>Cinks<\/b><b><\/b><\/p>\n<ul>\n<li>\n<p class=\"p1\"><span class=\"s1\">pal\u012bdz uztur\u0113t<\/span> <b>norm\u0101lu testosterona l\u012bmeni asin\u012bs<\/b><b><\/b><\/p>\n<\/li>\n<li>\n<p class=\"p1\"><span class=\"s1\">atbalsta<\/span> <b>norm\u0101lu augl\u012bbu un reprodukt\u012bvo funkciju<\/b><\/p>\n<\/li>\n<\/ul>\n<p class=\"p4\"><b>C vitam\u012bns<\/b><b><\/b><\/p>\n<ul>\n<li>\n<p class=\"p1\"><span class=\"s1\">pal\u012bdz<\/span> <b>mazin\u0101t nogurumu un nesp\u0113ku<\/b><b><\/b><\/p>\n<\/li>\n<li>\n<p class=\"p1\">atbalsta norm\u0101lu im\u016bnsist\u0113mas darb\u012bbu<\/p>\n<\/li>\n<li>\n<p class=\"p1\">pal\u012bdz aizsarg\u0101t \u0161\u016bnas no oksidat\u012bv\u0101 stresa<\/p>\n<\/li>\n<\/ul>\n<p class=\"p4\"><b>B6 vitam\u012bns<\/b><b><\/b><\/p>\n<ul>\n<li>\n<p class=\"p1\"><span class=\"s1\">veicina<\/span> <b>norm\u0101lu ener\u0123ijas metabolismu<\/b><\/p>\n<\/li>\n<\/ul>\n<p class=\"p4\"><b>E vitam\u012bns<\/b><b><\/b><\/p>\n<ul>\n<li>\n<p class=\"p1\"><span class=\"s1\">pal\u012bdz aizsarg\u0101t \u0161\u016bnas<\/span> <b>no oksidat\u012bv\u0101 stresa<\/b><\/p>\n<\/li>\n<\/ul>\n<p class=\"p3\">Produkts satur ar\u012b \u017ee\u0146\u0161e\u0146a (Panax ginseng) un Tribulus terrestris ekstraktu, k\u0101 ar\u012b aminosk\u0101bi L-argin\u012bnu \u2013 t\u0101s ir popul\u0101ras sast\u0101vda\u013cas v\u012brie\u0161u uztura bag\u0101tin\u0101t\u0101jos un tradicion\u0101li tiek izmantotas v\u012brie\u0161iem paredz\u0113tos augu izcelsmes prepar\u0101tos.<\/p>\n<h1><b>Kam TestoBooster ir piem\u0113rots?<\/b><\/h1>\n<ul>\n<li>\n<p class=\"p1\">V\u012brie\u0161iem, kuri v\u0113las lietot <span class=\"s1\"><b>cinku<\/b><\/span> , kas pal\u012bdz uztur\u0113t norm\u0101lu testosterona l\u012bmeni asin\u012bs<\/p>\n<\/li>\n<li>\n<p class=\"p1\">Tiem, kas v\u0113las papildin\u0101t savu ikdienas uzturu ar vitam\u012bniem, miner\u0101lviel\u0101m un augu ekstraktiem<\/p>\n<\/li>\n<li>\n<p class=\"p1\">V\u012brie\u0161iem, kuru uzturs ir neregul\u0101rs vai vienveid\u012bgs<\/p>\n<\/li>\n<li>\n<p class=\"p1\">Tiem, kas dz\u012bvo akt\u012bvu dz\u012bvesveidu un v\u0113las savam uztura bag\u0101tin\u0101t\u0101jam pievienot praktisku un t\u012bru uzturu.<\/p>\n<\/li>\n<\/ul>\n<h1><b>Sast\u0101vda\u013cas<\/b><\/h1>\n<p class=\"p3\">Kalcija karbon\u0101ts, kapsula (hidroksipropilmetilceluloze, gell\u0101na sve\u0137i), Tribulus terrestris ekstrakts, L-askorb\u012bnsk\u0101be (C vitam\u012bns), L-argin\u012bns, melle\u0146u pulveris, DL-alfa-tokoferilacet\u0101ts (E vitam\u012bns), cinka citr\u0101ts, \u017ee\u0146\u0161e\u0146a ekstrakts (Panax ginseng), piridoks\u012bna hidrohlor\u012bds (B6 vitam\u012bns).<\/p>\n<p class=\"p3\">Nesatur laktozi, raugu, glut\u0113nu, s\u0101li, soju, kukur\u016bzu vai saldin\u0101t\u0101jus.<\/p>\n<h1><b>Uzturv\u0113rt\u012bba \u2013 2 kapsulas<\/b><\/h1>\n<ul>\n<li>\n<p class=\"p1\">Tribulus terrestris ekstrakts \u2014 150 mg<\/p>\n<\/li>\n<li>\n<p class=\"p1\">L-argin\u012bns \u2014 100 mg<\/p>\n<\/li>\n<li>\n<p class=\"p1\">\u017de\u0146\u0161e\u0146a ekstrakts \u2014 20 mg<\/p>\n<\/li>\n<li>\n<p class=\"p1\">B6 vitam\u012bns \u2014 2,8 mg (200% NRV)<\/p>\n<\/li>\n<li>\n<p class=\"p1\">E vitam\u012bns \u2014 12 mg (100% no DV)<\/p>\n<\/li>\n<li>\n<p class=\"p1\">Cinks \u2014 10 mg (100% no DV)<\/p>\n<\/li>\n<li>\n<p class=\"p1\">Kalcijs \u2014 130 mg (16% no DV)<\/p>\n<\/li>\n<li>\n<p class=\"p1\">C vitam\u012bns \u2014 120 mg (150% no DV)<\/p>\n<\/li>\n<\/ul>\n<h1><b>Lietojums<\/b><\/h1>\n<p class=\"p3\">2 kapsulas dien\u0101, uzdzerot \u016bdeni.<\/p>\n<p class=\"p3\">Nep\u0101rsniedziet ieteicamo dienas devu.<\/p>\n<p class=\"p3\">Uztura bag\u0101tin\u0101t\u0101js neaizst\u0101j daudzveid\u012bgu un sabalans\u0113tu uzturu vai vesel\u012bgu dz\u012bvesveidu.<\/p>\n<p class=\"p3\">Sarg\u0101t no b\u0113rniem.<\/p>\n","protected":false},"excerpt":{"rendered":"<p class=\"p1\"><b>Pure+ TestoBooster satur dabiskus augu ekstraktus, vitam\u012bnus un miner\u0101lvielas.<\/b><span class=\"s1\">  Produkts satur Tribulus terrestris ekstraktu, \u017ee\u0146\u0161e\u0146u, L-argin\u012bnu, cinku un C vitam\u012bnu.  <\/span><b>Cinks pal\u012bdz uztur\u0113t norm\u0101lu testosterona l\u012bmeni asin\u012bs un atbalsta norm\u0101lu augl\u012bbu un reprodukt\u012bvo funkciju.<\/b><span class=\"s1\">  Tribulus terrestris un \u017ee\u0146\u0161e\u0146s ir tradicion\u0101li izmantoti augu ekstrakti.<\/span><\/p>\n","protected":false},"featured_media":34637,"comment_status":"closed","ping_status":"closed","template":"","meta":{"_acf_changed":false},"product_brand":[],"product_cat":[3067,3038,5508],"product_tag":[5525,3202,4059,5519,5523,3721,5513,5511,5509,5515,5520,5517],"class_list":{"0":"post-34634","1":"product","2":"type-product","3":"status-publish","4":"has-post-thumbnail","6":"product_cat-ipasie-piedavajumi","7":"product_cat-sports-lv","8":"product_cat-virietim","9":"product_tag-augliba","10":"product_tag-c-vitamins-lv","11":"product_tag-cinks","12":"product_tag-dabigs-testosterona-pastiprinatajs","13":"product_tag-energija-un-izturiba","14":"product_tag-l-arginins","15":"product_tag-paaugstinot-testosterona-limeni","16":"product_tag-testosterona-atbalsts","17":"product_tag-testosterona-pastiprinatajs","18":"product_tag-tribulus-terrestris-lv","19":"product_tag-viriesu-veseliba","20":"product_tag-zensens","22":"first","23":"instock","24":"sale","25":"taxable","26":"shipping-taxable","27":"purchasable","28":"product-type-simple"},"acf":[],"yoast_head":"<!-- This site is optimized with the Yoast SEO plugin v27.1.1 - https:\/\/yoast.com\/product\/yoast-seo-wordpress\/ -->\n<title>Testobooster 60 kapsulas - Puhdas+<\/title>\n<meta name=\"description\" content=\"Pure+ TestoBooster atbalsta norm\u0101lu testosterona l\u012bmeni un augl\u012bbu. Pal\u012bdz uzlabot ener\u0123ijas l\u012bmeni un fizisko sniegumu ar dab\u012bg\u0101m akt\u012bvaj\u0101m sast\u0101vda\u013c\u0101m!\" \/>\n<meta name=\"robots\" content=\"noindex, follow, max-snippet:-1, max-image-preview:large, max-video-preview:-1\" \/>\n<meta property=\"og:locale\" content=\"lv_LV\" \/>\n<meta property=\"og:type\" content=\"article\" \/>\n<meta property=\"og:title\" content=\"Testobooster 60 kapsulas - Puhdas+\" \/>\n<meta property=\"og:description\" content=\"Pure+ TestoBooster atbalsta norm\u0101lu testosterona l\u012bmeni un augl\u012bbu. Pal\u012bdz uzlabot ener\u0123ijas l\u012bmeni un fizisko sniegumu ar dab\u012bg\u0101m akt\u012bvaj\u0101m sast\u0101vda\u013c\u0101m!\" \/>\n<meta property=\"og:url\" content=\"https:\/\/test.puhdasplus.ee\/lv\/tooted\/sports-lv\/testosterona-pastiprinatajs-60-kapsulas\/\" \/>\n<meta property=\"og:site_name\" content=\"Puhdas+\" \/>\n<meta property=\"article:publisher\" content=\"https:\/\/www.facebook.com\/puhdasplus\" \/>\n<meta property=\"article:modified_time\" content=\"2026-02-22T20:46:31+00:00\" \/>\n<meta property=\"og:image\" content=\"https:\/\/test.puhdasplus.ee\/wp-content\/uploads\/2025\/03\/126.jpg\" \/>\n\t<meta property=\"og:image:width\" content=\"1862\" \/>\n\t<meta property=\"og:image:height\" content=\"2560\" \/>\n\t<meta property=\"og:image:type\" content=\"image\/jpeg\" \/>\n<meta name=\"twitter:card\" content=\"summary_large_image\" \/>\n<meta name=\"twitter:label1\" content=\"Est. reading time\" \/>\n\t<meta name=\"twitter:data1\" content=\"2 min\u016btes\" \/>\n<script type=\"application\/ld+json\" class=\"yoast-schema-graph\">{\"@context\":\"https:\/\/schema.org\",\"@graph\":[{\"@type\":\"WebPage\",\"@id\":\"https:\/\/test.puhdasplus.ee\/lv\/tooted\/sports-lv\/testosterona-pastiprinatajs-60-kapsulas\/\",\"url\":\"https:\/\/test.puhdasplus.ee\/lv\/tooted\/sports-lv\/testosterona-pastiprinatajs-60-kapsulas\/\",\"name\":\"Testobooster 60 kapsulas - Puhdas+\",\"isPartOf\":{\"@id\":\"https:\/\/test.puhdasplus.ee\/lv\/#website\"},\"primaryImageOfPage\":{\"@id\":\"https:\/\/test.puhdasplus.ee\/lv\/tooted\/sports-lv\/testosterona-pastiprinatajs-60-kapsulas\/#primaryimage\"},\"image\":{\"@id\":\"https:\/\/test.puhdasplus.ee\/lv\/tooted\/sports-lv\/testosterona-pastiprinatajs-60-kapsulas\/#primaryimage\"},\"thumbnailUrl\":\"https:\/\/test.puhdasplus.ee\/wp-content\/uploads\/2025\/03\/126.jpg\",\"datePublished\":\"2025-02-28T08:19:09+00:00\",\"dateModified\":\"2026-02-22T20:46:31+00:00\",\"description\":\"Pure+ TestoBooster atbalsta norm\u0101lu testosterona l\u012bmeni un augl\u012bbu. Pal\u012bdz uzlabot ener\u0123ijas l\u012bmeni un fizisko sniegumu ar dab\u012bg\u0101m akt\u012bvaj\u0101m sast\u0101vda\u013c\u0101m!\",\"breadcrumb\":{\"@id\":\"https:\/\/test.puhdasplus.ee\/lv\/tooted\/sports-lv\/testosterona-pastiprinatajs-60-kapsulas\/#breadcrumb\"},\"inLanguage\":\"lv-LV\",\"potentialAction\":[{\"@type\":\"ReadAction\",\"target\":[\"https:\/\/test.puhdasplus.ee\/lv\/tooted\/sports-lv\/testosterona-pastiprinatajs-60-kapsulas\/\"]}]},{\"@type\":\"ImageObject\",\"inLanguage\":\"lv-LV\",\"@id\":\"https:\/\/test.puhdasplus.ee\/lv\/tooted\/sports-lv\/testosterona-pastiprinatajs-60-kapsulas\/#primaryimage\",\"url\":\"https:\/\/test.puhdasplus.ee\/wp-content\/uploads\/2025\/03\/126.jpg\",\"contentUrl\":\"https:\/\/test.puhdasplus.ee\/wp-content\/uploads\/2025\/03\/126.jpg\",\"width\":1862,\"height\":2560,\"caption\":\"Testosterona pastiprin\u0101t\u0101js\"},{\"@type\":\"BreadcrumbList\",\"@id\":\"https:\/\/test.puhdasplus.ee\/lv\/tooted\/sports-lv\/testosterona-pastiprinatajs-60-kapsulas\/#breadcrumb\",\"itemListElement\":[{\"@type\":\"ListItem\",\"position\":1,\"name\":\"S\u0101kums\",\"item\":\"https:\/\/test.puhdasplus.ee\/lv\/\"},{\"@type\":\"ListItem\",\"position\":2,\"name\":\"Produkti\",\"item\":\"https:\/\/test.puhdasplus.ee\/lv\/veikals\/\"},{\"@type\":\"ListItem\",\"position\":3,\"name\":\"Testobooster 60 kapsulas\"}]},{\"@type\":\"WebSite\",\"@id\":\"https:\/\/test.puhdasplus.ee\/lv\/#website\",\"url\":\"https:\/\/test.puhdasplus.ee\/lv\/\",\"name\":\"Puhdas+\",\"description\":\"Vitamiinid, Toidulisandid, looduskosmeetika, tervis, sport\",\"publisher\":{\"@id\":\"https:\/\/test.puhdasplus.ee\/lv\/#organization\"},\"potentialAction\":[{\"@type\":\"SearchAction\",\"target\":{\"@type\":\"EntryPoint\",\"urlTemplate\":\"https:\/\/test.puhdasplus.ee\/lv\/?s={search_term_string}\"},\"query-input\":{\"@type\":\"PropertyValueSpecification\",\"valueRequired\":true,\"valueName\":\"search_term_string\"}}],\"inLanguage\":\"lv-LV\"},{\"@type\":\"Organization\",\"@id\":\"https:\/\/test.puhdasplus.ee\/lv\/#organization\",\"name\":\"Puhdas+\",\"alternateName\":\"Puhdasplus\",\"url\":\"https:\/\/test.puhdasplus.ee\/lv\/\",\"logo\":{\"@type\":\"ImageObject\",\"inLanguage\":\"lv-LV\",\"@id\":\"https:\/\/test.puhdasplus.ee\/lv\/#\/schema\/logo\/image\/\",\"url\":\"https:\/\/test.puhdasplus.ee\/\/wp-content\/uploads\/2019\/10\/puhdas_logo-arvele.png\",\"contentUrl\":\"https:\/\/test.puhdasplus.ee\/\/wp-content\/uploads\/2019\/10\/puhdas_logo-arvele.png\",\"width\":114,\"height\":94,\"caption\":\"Puhdas+\"},\"image\":{\"@id\":\"https:\/\/test.puhdasplus.ee\/lv\/#\/schema\/logo\/image\/\"},\"sameAs\":[\"https:\/\/www.facebook.com\/puhdasplus\",\"https:\/\/www.instagram.com\/puhdasplus_ee\/\"]}]}<\/script>\n<!-- \/ Yoast SEO plugin. -->","yoast_head_json":{"title":"Testobooster 60 kapsulas - Puhdas+","description":"Pure+ TestoBooster atbalsta norm\u0101lu testosterona l\u012bmeni un augl\u012bbu. Pal\u012bdz uzlabot ener\u0123ijas l\u012bmeni un fizisko sniegumu ar dab\u012bg\u0101m akt\u012bvaj\u0101m sast\u0101vda\u013c\u0101m!","robots":{"index":"noindex","follow":"follow","max-snippet":"max-snippet:-1","max-image-preview":"max-image-preview:large","max-video-preview":"max-video-preview:-1"},"og_locale":"lv_LV","og_type":"article","og_title":"Testobooster 60 kapsulas - Puhdas+","og_description":"Pure+ TestoBooster atbalsta norm\u0101lu testosterona l\u012bmeni un augl\u012bbu. Pal\u012bdz uzlabot ener\u0123ijas l\u012bmeni un fizisko sniegumu ar dab\u012bg\u0101m akt\u012bvaj\u0101m sast\u0101vda\u013c\u0101m!","og_url":"https:\/\/test.puhdasplus.ee\/lv\/tooted\/sports-lv\/testosterona-pastiprinatajs-60-kapsulas\/","og_site_name":"Puhdas+","article_publisher":"https:\/\/www.facebook.com\/puhdasplus","article_modified_time":"2026-02-22T20:46:31+00:00","og_image":[{"width":1862,"height":2560,"url":"https:\/\/test.puhdasplus.ee\/wp-content\/uploads\/2025\/03\/126.jpg","type":"image\/jpeg"}],"twitter_card":"summary_large_image","twitter_misc":{"Est. reading time":"2 min\u016btes"},"schema":{"@context":"https:\/\/schema.org","@graph":[{"@type":"WebPage","@id":"https:\/\/test.puhdasplus.ee\/lv\/tooted\/sports-lv\/testosterona-pastiprinatajs-60-kapsulas\/","url":"https:\/\/test.puhdasplus.ee\/lv\/tooted\/sports-lv\/testosterona-pastiprinatajs-60-kapsulas\/","name":"Testobooster 60 kapsulas - Puhdas+","isPartOf":{"@id":"https:\/\/test.puhdasplus.ee\/lv\/#website"},"primaryImageOfPage":{"@id":"https:\/\/test.puhdasplus.ee\/lv\/tooted\/sports-lv\/testosterona-pastiprinatajs-60-kapsulas\/#primaryimage"},"image":{"@id":"https:\/\/test.puhdasplus.ee\/lv\/tooted\/sports-lv\/testosterona-pastiprinatajs-60-kapsulas\/#primaryimage"},"thumbnailUrl":"https:\/\/test.puhdasplus.ee\/wp-content\/uploads\/2025\/03\/126.jpg","datePublished":"2025-02-28T08:19:09+00:00","dateModified":"2026-02-22T20:46:31+00:00","description":"Pure+ TestoBooster atbalsta norm\u0101lu testosterona l\u012bmeni un augl\u012bbu. Pal\u012bdz uzlabot ener\u0123ijas l\u012bmeni un fizisko sniegumu ar dab\u012bg\u0101m akt\u012bvaj\u0101m sast\u0101vda\u013c\u0101m!","breadcrumb":{"@id":"https:\/\/test.puhdasplus.ee\/lv\/tooted\/sports-lv\/testosterona-pastiprinatajs-60-kapsulas\/#breadcrumb"},"inLanguage":"lv-LV","potentialAction":[{"@type":"ReadAction","target":["https:\/\/test.puhdasplus.ee\/lv\/tooted\/sports-lv\/testosterona-pastiprinatajs-60-kapsulas\/"]}]},{"@type":"ImageObject","inLanguage":"lv-LV","@id":"https:\/\/test.puhdasplus.ee\/lv\/tooted\/sports-lv\/testosterona-pastiprinatajs-60-kapsulas\/#primaryimage","url":"https:\/\/test.puhdasplus.ee\/wp-content\/uploads\/2025\/03\/126.jpg","contentUrl":"https:\/\/test.puhdasplus.ee\/wp-content\/uploads\/2025\/03\/126.jpg","width":1862,"height":2560,"caption":"Testosterona pastiprin\u0101t\u0101js"},{"@type":"BreadcrumbList","@id":"https:\/\/test.puhdasplus.ee\/lv\/tooted\/sports-lv\/testosterona-pastiprinatajs-60-kapsulas\/#breadcrumb","itemListElement":[{"@type":"ListItem","position":1,"name":"S\u0101kums","item":"https:\/\/test.puhdasplus.ee\/lv\/"},{"@type":"ListItem","position":2,"name":"Produkti","item":"https:\/\/test.puhdasplus.ee\/lv\/veikals\/"},{"@type":"ListItem","position":3,"name":"Testobooster 60 kapsulas"}]},{"@type":"WebSite","@id":"https:\/\/test.puhdasplus.ee\/lv\/#website","url":"https:\/\/test.puhdasplus.ee\/lv\/","name":"Puhdas+","description":"Vitamiinid, Toidulisandid, looduskosmeetika, tervis, sport","publisher":{"@id":"https:\/\/test.puhdasplus.ee\/lv\/#organization"},"potentialAction":[{"@type":"SearchAction","target":{"@type":"EntryPoint","urlTemplate":"https:\/\/test.puhdasplus.ee\/lv\/?s={search_term_string}"},"query-input":{"@type":"PropertyValueSpecification","valueRequired":true,"valueName":"search_term_string"}}],"inLanguage":"lv-LV"},{"@type":"Organization","@id":"https:\/\/test.puhdasplus.ee\/lv\/#organization","name":"Puhdas+","alternateName":"Puhdasplus","url":"https:\/\/test.puhdasplus.ee\/lv\/","logo":{"@type":"ImageObject","inLanguage":"lv-LV","@id":"https:\/\/test.puhdasplus.ee\/lv\/#\/schema\/logo\/image\/","url":"https:\/\/test.puhdasplus.ee\/\/wp-content\/uploads\/2019\/10\/puhdas_logo-arvele.png","contentUrl":"https:\/\/test.puhdasplus.ee\/\/wp-content\/uploads\/2019\/10\/puhdas_logo-arvele.png","width":114,"height":94,"caption":"Puhdas+"},"image":{"@id":"https:\/\/test.puhdasplus.ee\/lv\/#\/schema\/logo\/image\/"},"sameAs":["https:\/\/www.facebook.com\/puhdasplus","https:\/\/www.instagram.com\/puhdasplus_ee\/"]}]}},"_links":{"self":[{"href":"https:\/\/test.puhdasplus.ee\/lv\/wp-json\/wp\/v2\/product\/34634","targetHints":{"allow":["GET"]}}],"collection":[{"href":"https:\/\/test.puhdasplus.ee\/lv\/wp-json\/wp\/v2\/product"}],"about":[{"href":"https:\/\/test.puhdasplus.ee\/lv\/wp-json\/wp\/v2\/types\/product"}],"replies":[{"embeddable":true,"href":"https:\/\/test.puhdasplus.ee\/lv\/wp-json\/wp\/v2\/comments?post=34634"}],"wp:featuredmedia":[{"embeddable":true,"href":"https:\/\/test.puhdasplus.ee\/lv\/wp-json\/wp\/v2\/media\/34637"}],"wp:attachment":[{"href":"https:\/\/test.puhdasplus.ee\/lv\/wp-json\/wp\/v2\/media?parent=34634"}],"wp:term":[{"taxonomy":"product_brand","embeddable":true,"href":"https:\/\/test.puhdasplus.ee\/lv\/wp-json\/wp\/v2\/product_brand?post=34634"},{"taxonomy":"product_cat","embeddable":true,"href":"https:\/\/test.puhdasplus.ee\/lv\/wp-json\/wp\/v2\/product_cat?post=34634"},{"taxonomy":"product_tag","embeddable":true,"href":"https:\/\/test.puhdasplus.ee\/lv\/wp-json\/wp\/v2\/product_tag?post=34634"}],"curies":[{"name":"wp","href":"https:\/\/api.w.org\/{rel}","templated":true}]}}