{"id":34629,"date":"2025-02-15T14:08:33","date_gmt":"2025-02-15T12:08:33","guid":{"rendered":"https:\/\/test.puhdasplus.ee\/\/tooted\/uncategorized\/kolagens-un-smiltserkskis-120-kapsulas\/"},"modified":"2026-02-22T22:46:59","modified_gmt":"2026-02-22T20:46:59","slug":"kolagens-un-smiltserkskis-120-kapsulas","status":"publish","type":"product","link":"https:\/\/test.puhdasplus.ee\/lv\/tooted\/ada-mati-nagi\/kolagens\/kolagens-un-smiltserkskis-120-kapsulas\/","title":{"rendered":"Kolag\u0113ns un smilts\u0113rk\u0161\u0137is 120 kapsulas"},"content":{"rendered":"<h3 data-start=\"286\" data-end=\"323\"><strong>Kolag\u0113ns un smilts\u0113rk\u0161\u0137is \u2013 120 kapsulas | Atbalsts \u0101dai, matiem un loc\u012btav\u0101m  <\/strong><\/h3>\n<p data-start=\"364\" data-end=\"676\">Skaistums un labsaj\u016bta s\u0101kas no iek\u0161ienes \u2013 uztura bag\u0101tin\u0101t\u0101js <strong>ar kolag\u0113nu un smilts\u0113rk\u0161\u0137iem<\/strong> ir izstr\u0101d\u0101ts, lai atbalst\u012btu norm\u0101lu \u0101das, matu un loc\u012btavu st\u0101vokli. \u0160\u012b dabisko sast\u0101vda\u013cu kombin\u0101cija ir piem\u0113rota ikdienas lieto\u0161anai tiem, kas v\u0113las atbalst\u012bt sava \u0137erme\u0146a dabiskos procesus un veicin\u0101t vitalit\u0101ti jebkur\u0101 vecum\u0101. <\/p>\n<p data-start=\"678\" data-end=\"961\"><strong>Kolag\u0113ns<\/strong> ir viens no galvenajiem prote\u012bniem cilv\u0113ka organism\u0101, kas iesaist\u012bts \u0101das, matu, nagu, loc\u012btavu un kaulu strukt\u016br\u0101. Organisma dabiskais kolag\u0113na l\u012bmenis ar vecumu samazin\u0101s. Hidroliz\u0113tais kolag\u0113ns tiek sadal\u012bts maz\u0101k\u0101s da\u013c\u0101s un t\u0101p\u0113c viegli uzs\u016bcas, atbalstot organisma olbaltumvielu uz\u0146em\u0161anu.  <\/p>\n<p data-start=\"963\" data-end=\"1350\"><strong>Smilts\u0113rk\u0161\u0137u<\/strong> ogu pulveris ir dab\u012bgs C vitam\u012bna avots, kas veicina norm\u0101lu kolag\u0113na veido\u0161anos \u0101d\u0101, skrim\u0161\u013cos un asinsvados. C vitam\u012bns pal\u012bdz aizsarg\u0101t \u0161\u016bnas no oksidat\u012bv\u0101 stresa un atbalsta im\u016bnsist\u0113mas darb\u012bbu un ener\u0123ijas metabolismu. Smilts\u0113rk\u0161\u0137is satur ar\u012b da\u017e\u0101dus dabiskus bioakt\u012bvus savienojumus, kas, k\u0101 zin\u0101ms, atbalsta \u0101das labsaj\u016btu.  <\/p>\n<p data-start=\"1352\" data-end=\"1548\">Diatom\u012bta zeme satur dabisko sil\u012bciju, kas pal\u012bdz stiprin\u0101t matus un nagus. B3 vitam\u012bns jeb niac\u012bns pal\u012bdz uztur\u0113t norm\u0101lu g\u013cot\u0101du un \u0101das st\u0101vokli un atbalsta ener\u0123ijas vielmai\u0146u. <\/p>\n<p data-start=\"1094\" data-end=\"1116\"><strong data-start=\"1098\" data-end=\"1114\">Sast\u0101vda\u013cas:<\/strong><\/p>\n<ul data-start=\"1117\" data-end=\"1426\">\n<li data-start=\"1117\" data-end=\"1149\">Hidroliz\u0113ts liellopu kolag\u0113ns<\/li>\n<li data-start=\"1150\" data-end=\"1226\">Kapsula (stabilizatori: hidroksipropilmetilceluloze, gell\u0101na sve\u0137i)<\/li>\n<li data-start=\"1227\" data-end=\"1244\">Diatom\u012bta zeme<\/li>\n<li data-start=\"1245\" data-end=\"1264\">Smilts\u0113rk\u0161\u0137u pulveris<\/li>\n<li data-start=\"1265\" data-end=\"1306\">Pildviela (mikrokrist\u0101lisk\u0101 celuloze)<\/li>\n<li data-start=\"1307\" data-end=\"1426\">Nikot\u012bnam\u012bds (B3 vitam\u012bns)<br data-start=\"1336\" data-end=\"1339\"> <strong data-start=\"866\" data-end=\"881\">Nesatur:<\/strong> cukuru, s\u0101li, cieti, saldin\u0101t\u0101jus vai glut\u0113nu.<\/li>\n<\/ul>\n<p data-start=\"849\" data-end=\"871\"><strong data-start=\"853\" data-end=\"869\">Lieto\u0161ana:<\/strong> 1\u20134 kapsulas dien\u0101. Nep\u0101rsniedziet ieteicamo dienas devu. <\/p>\n<p data-start=\"849\" data-end=\"871\"><strong data-start=\"90\" data-end=\"104\">Neto svars:<\/strong> 72 g \/ 120 kapsulas<\/p>\n<p data-start=\"1485\" data-end=\"1529\"><strong data-start=\"1489\" data-end=\"1527\">Uzturv\u0113rt\u012bbas inform\u0101cija (1-4 kapsulas):<\/strong><\/p>\n<ul data-start=\"1530\" data-end=\"1753\">\n<li data-start=\"1530\" data-end=\"1565\"><strong data-start=\"1532\" data-end=\"1546\">Kolag\u0113ns:<\/strong> 250 mg \u2013 1000 mg<\/li>\n<li data-start=\"1566\" data-end=\"1598\"><strong data-start=\"1568\" data-end=\"1582\">Smilts\u0113rk\u0161\u0137is:<\/strong> 10 mg\u201340 mg<\/li>\n<li data-start=\"1599\" data-end=\"1669\"><strong data-start=\"1601\" data-end=\"1619\">Diatom\u012bta zeme:<\/strong> 23,8 mg \u2013 95,2 mg (tostarp sil\u012bcijs: 10 mg \u2013 40 mg)<\/li>\n<li data-start=\"1670\" data-end=\"1753\"><strong data-start=\"1672\" data-end=\"1699\">B3 vitam\u012bns (niac\u012bns):<\/strong> 4 mg\u201316 mg (25\u2013100 % no ieteicam\u0101s dienas devas)<\/li>\n<\/ul>\n<p data-start=\"935\" data-end=\"956\">Uzman\u012bbu: Uztura bag\u0101tin\u0101t\u0101ji neaizst\u0101j daudzveid\u012bgu un sabalans\u0113tu uzturu vai vesel\u012bgu dz\u012bvesveidu. Sarg\u0101t no b\u0113rniem.<\/p>\n","protected":false},"excerpt":{"rendered":"<h3 data-start=\"208\" data-end=\"285\"><strong data-start=\"212\" data-end=\"283\">KOLAG\u0112NS UN V\u012aTOLS \u2013 SKAISTUMS, ENER\u0122IJA UN SAGLAB\u0100TA LABKL\u0100J\u012aBA VIEN\u0100 KAPSUL\u0100!<\/strong><\/h3>\n<p data-start=\"287\" data-end=\"642\">Atbalstiet savas \u0101das, matu, nagu un loc\u012btavu dabisko st\u0101vokli ar \u0101tri uzs\u016bco\u0161u hidroliz\u0113tu kolag\u0113nu. Smilts\u0113rk\u0161\u0137u ogu pulveris nodro\u0161ina organismu ar dab\u012bgu C vitam\u012bnu, kas veicina kolag\u0113na veido\u0161anos un atbalsta im\u016bnsist\u0113mas darb\u012bbu. \u0160\u012b sp\u0113c\u012bg\u0101 kombin\u0101cija ir paredz\u0113ta jums, kas v\u0113laties justies ener\u0123iski, saglab\u0101t mirdzumu un kust\u012bgumu \u2013 jebkur\u0101 vecum\u0101!  <\/p>\n","protected":false},"featured_media":34633,"comment_status":"closed","ping_status":"closed","template":"","meta":{"_acf_changed":false},"product_brand":[],"product_cat":[3067,4069],"product_tag":[5504,5507,3348,3347,5505,5496,3484,5503,5506,5500,5502,5369,5371,4003,5498,4002,3206],"class_list":{"0":"post-34629","1":"product","2":"type-product","3":"status-publish","4":"has-post-thumbnail","6":"product_cat-ipasie-piedavajumi","7":"product_cat-kolagens","8":"product_tag-adas-jauniba","9":"product_tag-atbalstot-imunitati","10":"product_tag-bez-glutena","11":"product_tag-bez-laktozes","12":"product_tag-dabigais-kolagens","13":"product_tag-kolagena-kapsulas","14":"product_tag-kolagens","15":"product_tag-kolagens-ar-c-vitaminu","16":"product_tag-kolagens-kapsulas","17":"product_tag-kolagens-matiem-un-adai","18":"product_tag-labakais-kolagens","19":"product_tag-locitavam","20":"product_tag-locitavu-veseliba","21":"product_tag-matiem","22":"product_tag-smiltserksku-uztura-bagatinatajs","23":"product_tag-uz-adas","24":"product_tag-uztura-bagatinatajs","26":"first","27":"instock","28":"sale","29":"taxable","30":"shipping-taxable","31":"purchasable","32":"product-type-simple"},"acf":[],"yoast_head":"<!-- This site is optimized with the Yoast SEO plugin v27.1.1 - https:\/\/yoast.com\/product\/yoast-seo-wordpress\/ -->\n<title>Kolag\u0113ns un smilts\u0113rk\u0161\u0137is 120 kapsulas - Puhdas+<\/title>\n<meta name=\"description\" content=\"Dab\u012bgais kolag\u0113na un smilts\u0113rk\u0161\u0137u uztura bag\u0101tin\u0101t\u0101js atbalsta \u0101das elast\u012bbu, stiprina matus un nagus, k\u0101 ar\u012b uzlabo loc\u012btavu kust\u012bgumu.\" \/>\n<meta name=\"robots\" content=\"noindex, follow, max-snippet:-1, max-image-preview:large, max-video-preview:-1\" \/>\n<meta property=\"og:locale\" content=\"lv_LV\" \/>\n<meta property=\"og:type\" content=\"article\" \/>\n<meta property=\"og:title\" content=\"Kolag\u0113ns un smilts\u0113rk\u0161\u0137is 120 kapsulas - Puhdas+\" \/>\n<meta property=\"og:description\" content=\"Dab\u012bgais kolag\u0113na un smilts\u0113rk\u0161\u0137u uztura bag\u0101tin\u0101t\u0101js atbalsta \u0101das elast\u012bbu, stiprina matus un nagus, k\u0101 ar\u012b uzlabo loc\u012btavu kust\u012bgumu.\" \/>\n<meta property=\"og:url\" content=\"https:\/\/test.puhdasplus.ee\/lv\/tooted\/ada-mati-nagi\/kolagens\/kolagens-un-smiltserkskis-120-kapsulas\/\" \/>\n<meta property=\"og:site_name\" content=\"Puhdas+\" \/>\n<meta property=\"article:publisher\" content=\"https:\/\/www.facebook.com\/puhdasplus\" \/>\n<meta property=\"article:modified_time\" content=\"2026-02-22T20:46:59+00:00\" \/>\n<meta property=\"og:image\" content=\"https:\/\/test.puhdasplus.ee\/wp-content\/uploads\/2025\/03\/194.jpg\" \/>\n\t<meta property=\"og:image:width\" content=\"1862\" \/>\n\t<meta property=\"og:image:height\" content=\"2560\" \/>\n\t<meta property=\"og:image:type\" content=\"image\/jpeg\" \/>\n<meta name=\"twitter:card\" content=\"summary_large_image\" \/>\n<meta name=\"twitter:label1\" content=\"Est. reading time\" \/>\n\t<meta name=\"twitter:data1\" content=\"2 min\u016btes\" \/>\n<script type=\"application\/ld+json\" class=\"yoast-schema-graph\">{\"@context\":\"https:\/\/schema.org\",\"@graph\":[{\"@type\":\"WebPage\",\"@id\":\"https:\/\/test.puhdasplus.ee\/lv\/tooted\/ada-mati-nagi\/kolagens\/kolagens-un-smiltserkskis-120-kapsulas\/\",\"url\":\"https:\/\/test.puhdasplus.ee\/lv\/tooted\/ada-mati-nagi\/kolagens\/kolagens-un-smiltserkskis-120-kapsulas\/\",\"name\":\"Kolag\u0113ns un smilts\u0113rk\u0161\u0137is 120 kapsulas - Puhdas+\",\"isPartOf\":{\"@id\":\"https:\/\/test.puhdasplus.ee\/lv\/#website\"},\"primaryImageOfPage\":{\"@id\":\"https:\/\/test.puhdasplus.ee\/lv\/tooted\/ada-mati-nagi\/kolagens\/kolagens-un-smiltserkskis-120-kapsulas\/#primaryimage\"},\"image\":{\"@id\":\"https:\/\/test.puhdasplus.ee\/lv\/tooted\/ada-mati-nagi\/kolagens\/kolagens-un-smiltserkskis-120-kapsulas\/#primaryimage\"},\"thumbnailUrl\":\"https:\/\/test.puhdasplus.ee\/wp-content\/uploads\/2025\/03\/194.jpg\",\"datePublished\":\"2025-02-15T12:08:33+00:00\",\"dateModified\":\"2026-02-22T20:46:59+00:00\",\"description\":\"Dab\u012bgais kolag\u0113na un smilts\u0113rk\u0161\u0137u uztura bag\u0101tin\u0101t\u0101js atbalsta \u0101das elast\u012bbu, stiprina matus un nagus, k\u0101 ar\u012b uzlabo loc\u012btavu kust\u012bgumu.\",\"breadcrumb\":{\"@id\":\"https:\/\/test.puhdasplus.ee\/lv\/tooted\/ada-mati-nagi\/kolagens\/kolagens-un-smiltserkskis-120-kapsulas\/#breadcrumb\"},\"inLanguage\":\"lv-LV\",\"potentialAction\":[{\"@type\":\"ReadAction\",\"target\":[\"https:\/\/test.puhdasplus.ee\/lv\/tooted\/ada-mati-nagi\/kolagens\/kolagens-un-smiltserkskis-120-kapsulas\/\"]}]},{\"@type\":\"ImageObject\",\"inLanguage\":\"lv-LV\",\"@id\":\"https:\/\/test.puhdasplus.ee\/lv\/tooted\/ada-mati-nagi\/kolagens\/kolagens-un-smiltserkskis-120-kapsulas\/#primaryimage\",\"url\":\"https:\/\/test.puhdasplus.ee\/wp-content\/uploads\/2025\/03\/194.jpg\",\"contentUrl\":\"https:\/\/test.puhdasplus.ee\/wp-content\/uploads\/2025\/03\/194.jpg\",\"width\":1862,\"height\":2560,\"caption\":\"Kolag\u0113ns un smilts\u0113rk\u0161\u0137is\"},{\"@type\":\"BreadcrumbList\",\"@id\":\"https:\/\/test.puhdasplus.ee\/lv\/tooted\/ada-mati-nagi\/kolagens\/kolagens-un-smiltserkskis-120-kapsulas\/#breadcrumb\",\"itemListElement\":[{\"@type\":\"ListItem\",\"position\":1,\"name\":\"S\u0101kums\",\"item\":\"https:\/\/test.puhdasplus.ee\/lv\/\"},{\"@type\":\"ListItem\",\"position\":2,\"name\":\"Produkti\",\"item\":\"https:\/\/test.puhdasplus.ee\/lv\/veikals\/\"},{\"@type\":\"ListItem\",\"position\":3,\"name\":\"Kolag\u0113ns un smilts\u0113rk\u0161\u0137is 120 kapsulas\"}]},{\"@type\":\"WebSite\",\"@id\":\"https:\/\/test.puhdasplus.ee\/lv\/#website\",\"url\":\"https:\/\/test.puhdasplus.ee\/lv\/\",\"name\":\"Puhdas+\",\"description\":\"Vitamiinid, Toidulisandid, looduskosmeetika, tervis, sport\",\"publisher\":{\"@id\":\"https:\/\/test.puhdasplus.ee\/lv\/#organization\"},\"potentialAction\":[{\"@type\":\"SearchAction\",\"target\":{\"@type\":\"EntryPoint\",\"urlTemplate\":\"https:\/\/test.puhdasplus.ee\/lv\/?s={search_term_string}\"},\"query-input\":{\"@type\":\"PropertyValueSpecification\",\"valueRequired\":true,\"valueName\":\"search_term_string\"}}],\"inLanguage\":\"lv-LV\"},{\"@type\":\"Organization\",\"@id\":\"https:\/\/test.puhdasplus.ee\/lv\/#organization\",\"name\":\"Puhdas+\",\"alternateName\":\"Puhdasplus\",\"url\":\"https:\/\/test.puhdasplus.ee\/lv\/\",\"logo\":{\"@type\":\"ImageObject\",\"inLanguage\":\"lv-LV\",\"@id\":\"https:\/\/test.puhdasplus.ee\/lv\/#\/schema\/logo\/image\/\",\"url\":\"https:\/\/test.puhdasplus.ee\/\/wp-content\/uploads\/2019\/10\/puhdas_logo-arvele.png\",\"contentUrl\":\"https:\/\/test.puhdasplus.ee\/\/wp-content\/uploads\/2019\/10\/puhdas_logo-arvele.png\",\"width\":114,\"height\":94,\"caption\":\"Puhdas+\"},\"image\":{\"@id\":\"https:\/\/test.puhdasplus.ee\/lv\/#\/schema\/logo\/image\/\"},\"sameAs\":[\"https:\/\/www.facebook.com\/puhdasplus\",\"https:\/\/www.instagram.com\/puhdasplus_ee\/\"]}]}<\/script>\n<!-- \/ Yoast SEO plugin. -->","yoast_head_json":{"title":"Kolag\u0113ns un smilts\u0113rk\u0161\u0137is 120 kapsulas - Puhdas+","description":"Dab\u012bgais kolag\u0113na un smilts\u0113rk\u0161\u0137u uztura bag\u0101tin\u0101t\u0101js atbalsta \u0101das elast\u012bbu, stiprina matus un nagus, k\u0101 ar\u012b uzlabo loc\u012btavu kust\u012bgumu.","robots":{"index":"noindex","follow":"follow","max-snippet":"max-snippet:-1","max-image-preview":"max-image-preview:large","max-video-preview":"max-video-preview:-1"},"og_locale":"lv_LV","og_type":"article","og_title":"Kolag\u0113ns un smilts\u0113rk\u0161\u0137is 120 kapsulas - Puhdas+","og_description":"Dab\u012bgais kolag\u0113na un smilts\u0113rk\u0161\u0137u uztura bag\u0101tin\u0101t\u0101js atbalsta \u0101das elast\u012bbu, stiprina matus un nagus, k\u0101 ar\u012b uzlabo loc\u012btavu kust\u012bgumu.","og_url":"https:\/\/test.puhdasplus.ee\/lv\/tooted\/ada-mati-nagi\/kolagens\/kolagens-un-smiltserkskis-120-kapsulas\/","og_site_name":"Puhdas+","article_publisher":"https:\/\/www.facebook.com\/puhdasplus","article_modified_time":"2026-02-22T20:46:59+00:00","og_image":[{"width":1862,"height":2560,"url":"https:\/\/test.puhdasplus.ee\/wp-content\/uploads\/2025\/03\/194.jpg","type":"image\/jpeg"}],"twitter_card":"summary_large_image","twitter_misc":{"Est. reading time":"2 min\u016btes"},"schema":{"@context":"https:\/\/schema.org","@graph":[{"@type":"WebPage","@id":"https:\/\/test.puhdasplus.ee\/lv\/tooted\/ada-mati-nagi\/kolagens\/kolagens-un-smiltserkskis-120-kapsulas\/","url":"https:\/\/test.puhdasplus.ee\/lv\/tooted\/ada-mati-nagi\/kolagens\/kolagens-un-smiltserkskis-120-kapsulas\/","name":"Kolag\u0113ns un smilts\u0113rk\u0161\u0137is 120 kapsulas - Puhdas+","isPartOf":{"@id":"https:\/\/test.puhdasplus.ee\/lv\/#website"},"primaryImageOfPage":{"@id":"https:\/\/test.puhdasplus.ee\/lv\/tooted\/ada-mati-nagi\/kolagens\/kolagens-un-smiltserkskis-120-kapsulas\/#primaryimage"},"image":{"@id":"https:\/\/test.puhdasplus.ee\/lv\/tooted\/ada-mati-nagi\/kolagens\/kolagens-un-smiltserkskis-120-kapsulas\/#primaryimage"},"thumbnailUrl":"https:\/\/test.puhdasplus.ee\/wp-content\/uploads\/2025\/03\/194.jpg","datePublished":"2025-02-15T12:08:33+00:00","dateModified":"2026-02-22T20:46:59+00:00","description":"Dab\u012bgais kolag\u0113na un smilts\u0113rk\u0161\u0137u uztura bag\u0101tin\u0101t\u0101js atbalsta \u0101das elast\u012bbu, stiprina matus un nagus, k\u0101 ar\u012b uzlabo loc\u012btavu kust\u012bgumu.","breadcrumb":{"@id":"https:\/\/test.puhdasplus.ee\/lv\/tooted\/ada-mati-nagi\/kolagens\/kolagens-un-smiltserkskis-120-kapsulas\/#breadcrumb"},"inLanguage":"lv-LV","potentialAction":[{"@type":"ReadAction","target":["https:\/\/test.puhdasplus.ee\/lv\/tooted\/ada-mati-nagi\/kolagens\/kolagens-un-smiltserkskis-120-kapsulas\/"]}]},{"@type":"ImageObject","inLanguage":"lv-LV","@id":"https:\/\/test.puhdasplus.ee\/lv\/tooted\/ada-mati-nagi\/kolagens\/kolagens-un-smiltserkskis-120-kapsulas\/#primaryimage","url":"https:\/\/test.puhdasplus.ee\/wp-content\/uploads\/2025\/03\/194.jpg","contentUrl":"https:\/\/test.puhdasplus.ee\/wp-content\/uploads\/2025\/03\/194.jpg","width":1862,"height":2560,"caption":"Kolag\u0113ns un smilts\u0113rk\u0161\u0137is"},{"@type":"BreadcrumbList","@id":"https:\/\/test.puhdasplus.ee\/lv\/tooted\/ada-mati-nagi\/kolagens\/kolagens-un-smiltserkskis-120-kapsulas\/#breadcrumb","itemListElement":[{"@type":"ListItem","position":1,"name":"S\u0101kums","item":"https:\/\/test.puhdasplus.ee\/lv\/"},{"@type":"ListItem","position":2,"name":"Produkti","item":"https:\/\/test.puhdasplus.ee\/lv\/veikals\/"},{"@type":"ListItem","position":3,"name":"Kolag\u0113ns un smilts\u0113rk\u0161\u0137is 120 kapsulas"}]},{"@type":"WebSite","@id":"https:\/\/test.puhdasplus.ee\/lv\/#website","url":"https:\/\/test.puhdasplus.ee\/lv\/","name":"Puhdas+","description":"Vitamiinid, Toidulisandid, looduskosmeetika, tervis, sport","publisher":{"@id":"https:\/\/test.puhdasplus.ee\/lv\/#organization"},"potentialAction":[{"@type":"SearchAction","target":{"@type":"EntryPoint","urlTemplate":"https:\/\/test.puhdasplus.ee\/lv\/?s={search_term_string}"},"query-input":{"@type":"PropertyValueSpecification","valueRequired":true,"valueName":"search_term_string"}}],"inLanguage":"lv-LV"},{"@type":"Organization","@id":"https:\/\/test.puhdasplus.ee\/lv\/#organization","name":"Puhdas+","alternateName":"Puhdasplus","url":"https:\/\/test.puhdasplus.ee\/lv\/","logo":{"@type":"ImageObject","inLanguage":"lv-LV","@id":"https:\/\/test.puhdasplus.ee\/lv\/#\/schema\/logo\/image\/","url":"https:\/\/test.puhdasplus.ee\/\/wp-content\/uploads\/2019\/10\/puhdas_logo-arvele.png","contentUrl":"https:\/\/test.puhdasplus.ee\/\/wp-content\/uploads\/2019\/10\/puhdas_logo-arvele.png","width":114,"height":94,"caption":"Puhdas+"},"image":{"@id":"https:\/\/test.puhdasplus.ee\/lv\/#\/schema\/logo\/image\/"},"sameAs":["https:\/\/www.facebook.com\/puhdasplus","https:\/\/www.instagram.com\/puhdasplus_ee\/"]}]}},"_links":{"self":[{"href":"https:\/\/test.puhdasplus.ee\/lv\/wp-json\/wp\/v2\/product\/34629","targetHints":{"allow":["GET"]}}],"collection":[{"href":"https:\/\/test.puhdasplus.ee\/lv\/wp-json\/wp\/v2\/product"}],"about":[{"href":"https:\/\/test.puhdasplus.ee\/lv\/wp-json\/wp\/v2\/types\/product"}],"replies":[{"embeddable":true,"href":"https:\/\/test.puhdasplus.ee\/lv\/wp-json\/wp\/v2\/comments?post=34629"}],"wp:featuredmedia":[{"embeddable":true,"href":"https:\/\/test.puhdasplus.ee\/lv\/wp-json\/wp\/v2\/media\/34633"}],"wp:attachment":[{"href":"https:\/\/test.puhdasplus.ee\/lv\/wp-json\/wp\/v2\/media?parent=34629"}],"wp:term":[{"taxonomy":"product_brand","embeddable":true,"href":"https:\/\/test.puhdasplus.ee\/lv\/wp-json\/wp\/v2\/product_brand?post=34629"},{"taxonomy":"product_cat","embeddable":true,"href":"https:\/\/test.puhdasplus.ee\/lv\/wp-json\/wp\/v2\/product_cat?post=34629"},{"taxonomy":"product_tag","embeddable":true,"href":"https:\/\/test.puhdasplus.ee\/lv\/wp-json\/wp\/v2\/product_tag?post=34629"}],"curies":[{"name":"wp","href":"https:\/\/api.w.org\/{rel}","templated":true}]}}