{"id":34619,"date":"2025-02-14T18:59:06","date_gmt":"2025-02-14T16:59:06","guid":{"rendered":"https:\/\/test.puhdasplus.ee\/\/tooted\/uncategorized\/abolu-laima-kombuca-330ml\/"},"modified":"2026-02-22T22:48:30","modified_gmt":"2026-02-22T20:48:30","slug":"abolu-laima-kombuca-330ml","status":"publish","type":"product","link":"https:\/\/test.puhdasplus.ee\/lv\/tooted\/dzerieni\/kombuca-lv\/abolu-laima-kombuca-330ml\/","title":{"rendered":"\u0100bolu-laima kombu\u010da 330ml"},"content":{"rendered":"<h2 data-start=\"186\" data-end=\"204\">Kas ir Pure+ Organic Kombucha \u2013 \u0101bolu-laima gar\u0161a?<\/h2>\n<p class=\"\" data-start=\"206\" data-end=\"677\"><strong data-start=\"206\" data-end=\"262\">Pure+ Organic Kombucha \u2013 \u0101bolu-laima gar\u0161a<\/strong> ir dabiski ferment\u0113ts meln\u0101s t\u0113jas dz\u0113riens, kas pagatavots no biolo\u0123isk\u0101m sast\u0101vda\u013c\u0101m un bag\u0101tin\u0101ts ar dz\u012bv\u0101m piensk\u0101bes bakt\u0113rij\u0101m. Tas ir atsvaidzino\u0161s un viegli sk\u0101bens dzirksto\u0161s dz\u0113riens ar \u012bstu biolo\u0123isku \u0101bolu un laima gar\u0161u. Katr\u0101 burci\u0146\u0101 ir 5 miljardi dz\u012bvu bakt\u0113riju, un t\u0101 ir roku darbs Somij\u0101. \u0160\u012b kombucha nesatur m\u0101ksl\u012bgus konservantus, saldin\u0101t\u0101jus vai citas nevajadz\u012bgas piedevas.   <\/p>\n<h2 data-start=\"684\" data-end=\"711\">K\u0101p\u0113c tas ir noder\u012bgi?<\/h2>\n<p class=\"\" data-start=\"713\" data-end=\"999\"><strong data-start=\"713\" data-end=\"725\">Kombu\u010da<\/strong> ir tradicion\u0101ls ferment\u0113ts dz\u0113riens, ko gatavo, ferment\u0113jot meln\u0101s t\u0113jas un cukura \u0161\u0137\u012bdumu ar kombu\u010das kult\u016bras pal\u012bdz\u012bbu. Ferment\u0101cijas proces\u0101 rodas dabiskas sk\u0101bes un citi savienojumi, kas pie\u0161\u0137ir dz\u0113rienam rakstur\u012bgo gar\u0161u un padara to viegli sagremojamu. <\/p>\n<p class=\"\" data-start=\"1001\" data-end=\"1232\">Produkt\u0101 eso\u0161\u0101s <strong data-start=\"1019\" data-end=\"1088\">piensk\u0101bes bakt\u0113rijas (Lactobacillus paracasei un Bacillus coagulans)<\/strong> ir da\u013ca no dabisk\u0101 cilv\u0113ka mikrobioma un var atbalst\u012bt bakt\u0113riju l\u012bdzsvaru zarn\u0101s. Katr\u0101 burci\u0146\u0101 ir 5 miljardi dz\u012bvu bakt\u0113riju. <\/p>\n<p class=\"\" data-start=\"1234\" data-end=\"1515\">Turkl\u0101t tas ir <strong data-start=\"1253\" data-end=\"1268\">biolo\u0123isks produkts<\/strong> , kas noz\u012bm\u0113, ka visas sast\u0101vda\u013cas ir ieg\u016btas kontrol\u0113t\u0101 biolo\u0123iskaj\u0101 lauksaimniec\u012bb\u0101 \u2013 tas nodro\u0161ina t\u012br\u012bbu un atbilst\u012bbu dabas pras\u012bb\u0101m. Dz\u0113riens ir labs gremo\u0161anas atbalstam un k\u0101 atsvaidzino\u0161a alternat\u012bva limon\u0101d\u0113m un m\u0101ksl\u012bgi saldin\u0101tiem dz\u0113rieniem. <\/p>\n<ul data-start=\"563\" data-end=\"865\">\n<li class=\"\" data-start=\"563\" data-end=\"627\">\n<p class=\"\" data-start=\"565\" data-end=\"627\"><strong data-start=\"565\" data-end=\"586\">Piensk\u0101bes bakt\u0113rijas<\/strong> : <span class=\"relative -mx-px my-[-0.2rem] rounded px-px py-[0.2rem] transition-colors duration-100 ease-in-out\">pal\u012bdz uztur\u0113t zarnu mikrobioma l\u012bdzsvaru.<\/span><\/p>\n<\/li>\n<li class=\"\" data-start=\"628\" data-end=\"694\">\n<p class=\"\" data-start=\"630\" data-end=\"694\"><strong data-start=\"630\" data-end=\"653\">Raudz\u0113ts dz\u0113riens<\/strong> : <span class=\"relative -mx-px my-[-0.2rem] rounded px-px py-[0.2rem] transition-colors duration-100 ease-in-out\">tradicion\u0101la pagatavo\u0161anas metode, kas izce\u013c dabisk\u0101s gar\u0161as.<\/span><\/p>\n<\/li>\n<li class=\"\" data-start=\"695\" data-end=\"757\">\n<p class=\"\" data-start=\"697\" data-end=\"757\"><strong data-start=\"697\" data-end=\"716\">Biolo\u0123isk\u0101s sast\u0101vda\u013cas<\/strong> : <span class=\"relative -mx-px my-[-0.2rem] rounded px-px py-[0.2rem] transition-colors duration-100 ease-in-out\">Satur tikai biolo\u0123isk\u0101s lauksaimniec\u012bbas sast\u0101vda\u013cas.<\/span><\/p>\n<\/li>\n<li class=\"\" data-start=\"758\" data-end=\"865\">\n<p class=\"\" data-start=\"760\" data-end=\"865\"><strong data-start=\"760\" data-end=\"785\">Bez konservantiem<\/strong> : <span class=\"relative -mx-px my-[-0.2rem] rounded px-px py-[0.2rem] transition-colors duration-100 ease-in-out\">Produkts nesatur m\u0101ksl\u012bgas piedevas.<\/span><\/p>\n<\/li>\n<\/ul>\n<h2 data-start=\"121\" data-end=\"139\">Sast\u0101vda\u013cas<\/h2>\n<p class=\"\" data-start=\"34\" data-end=\"214\">\u016adens, bie\u0161u cukurs*, meln\u0101 t\u0113ja*, kombu\u010das kult\u016bra*, \u0101bolu sula*, laima sula*, piensk\u0101bes bakt\u0113rijas (Lactobacillus paracasei, Bacillus coagulans), og\u013csk\u0101b\u0101 g\u0101ze.<\/p>\n<p class=\"\" data-start=\"34\" data-end=\"214\">(*biolo\u0123isks)<\/p>\n<p class=\"\" data-start=\"381\" data-end=\"495\"><span class=\"relative -mx-px my-[-0.2rem] rounded px-px py-[0.2rem] transition-colors duration-100 ease-in-out\">Visas mar\u0137\u0113t\u0101s sast\u0101vda\u013cas ir ieg\u016btas biolo\u0123iskaj\u0101 lauksaimniec\u012bb\u0101, kas nodro\u0161ina produkta augstu kvalit\u0101ti un t\u012br\u012bbu.<\/span> <span class=\"relative -mx-px my-[-0.2rem] rounded px-px py-[0.2rem] transition-colors duration-100 ease-in-out\">Produkts nesatur m\u0101ksl\u012bgus konservantus vai piedevas un ir piem\u0113rots veg\u0101niem.<\/span><\/p>\n<h2 data-start=\"43\" data-end=\"83\">Uzturv\u0113rt\u012bbas inform\u0101cija (uz 100 g):<\/h2>\n<ul data-start=\"84\" data-end=\"211\">\n<li class=\"\" data-start=\"84\" data-end=\"113\">\n<p class=\"\" data-start=\"86\" data-end=\"113\">Ener\u0123\u0113tisk\u0101 v\u0113rt\u012bba: 25 kcal \/ 104 kJ<\/p>\n<\/li>\n<li class=\"\" data-start=\"114\" data-end=\"129\">\n<p class=\"\" data-start=\"116\" data-end=\"129\">Tauki: 0 g<\/p>\n<\/li>\n<li class=\"\" data-start=\"130\" data-end=\"181\">\n<p class=\"\" data-start=\"132\" data-end=\"152\">Og\u013chidr\u0101ti: 6,1 g<\/p>\n<ul data-start=\"155\" data-end=\"181\">\n<li class=\"\" data-start=\"155\" data-end=\"181\">\n<p class=\"\" data-start=\"157\" data-end=\"181\">tostarp cukuri: 5,6 g<\/p>\n<\/li>\n<\/ul>\n<\/li>\n<li class=\"\" data-start=\"182\" data-end=\"197\">\n<p class=\"\" data-start=\"184\" data-end=\"197\">Olbaltumvielas: 0 g<\/p>\n<\/li>\n<li class=\"\" data-start=\"198\" data-end=\"211\">\n<p class=\"\" data-start=\"200\" data-end=\"211\">S\u0101ls: 0 g<\/p>\n<\/li>\n<\/ul>\n<p class=\"\" data-start=\"213\" data-end=\"276\"><strong data-start=\"213\" data-end=\"234\">Alkohola saturs:<\/strong>&lt; 0,5%<\/p>\n<p class=\"\" data-start=\"213\" data-end=\"276\"><br data-start=\"240\" data-end=\"243\"><strong data-start=\"243\" data-end=\"254\">Iepakojums:<\/strong> 12 pudeles x 330 ml<\/p>\n<h2 data-start=\"977\" data-end=\"1015\"><span style=\"font-size: 16px;\">Lietojums<\/span><\/h2>\n<p class=\"\" data-start=\"1376\" data-end=\"1534\"><span class=\"relative -mx-px my-[-0.2rem] rounded px-px py-[0.2rem] transition-colors duration-100 ease-in-out\">Vislab\u0101k baud\u012bt aukstu.<\/span> <span class=\"relative -mx-px my-[-0.2rem] rounded px-px py-[0.2rem] transition-colors duration-100 ease-in-out\">Pirms atv\u0113r\u0161anas nekrat\u012bt.<\/span> <span class=\"relative -mx-px my-[-0.2rem] rounded px-px py-[0.2rem] transition-colors duration-100 ease-in-out\">Uzglab\u0101t v\u0113s\u0101, saus\u0101 viet\u0101.<\/span><\/p>\n","protected":false},"excerpt":{"rendered":"<p class=\"\" data-start=\"0\" data-end=\"445\"><strong data-start=\"0\" data-end=\"56\">Puhdas+ biolo\u0123isk\u0101 kombu\u010da ar \u0101bolu un laima gar\u0161u<\/strong> ir amatnieciski gatavots, dabiski ferment\u0113ts meln\u0101s t\u0113jas dz\u0113riens, kas apvieno tradicion\u0101l\u0101s kombu\u010das pagatavo\u0161anas prasmes, t\u012bras biolo\u0123isk\u0101s lauksaimniec\u012bbas sast\u0101vda\u013cas un probiotisku atbalstu m\u016bsdienu cilv\u0113kam. Tas nav tikai atsvaidzino\u0161s dz\u0113riens, bet gan apzin\u0101tai dz\u012bvesveida izv\u0113lei piem\u0113rots uztura bag\u0101tin\u0101t\u0101js, kura katr\u0101 bund\u017ei\u0146\u0101 ir 5 miljardi dz\u012bvu piensk\u0101bo bakt\u0113riju. <\/p>\n<p class=\"\" data-start=\"447\" data-end=\"818\">\u0160\u012b kombu\u010da ir pagatavota, ferment\u0113jot melno t\u0113ju un biolo\u0123isko cukuru ar \u012bpa\u0161u kombu\u010das kult\u016bru. Ferment\u0101cijas proces\u0101 rodas dabiskas sk\u0101bes, enz\u012bmi un citi labv\u0113l\u012bgi savienojumi, kas dz\u0113rienam pie\u0161\u0137ir viegli sk\u0101bu gar\u0161u un padara to viegli sagremojamu. Gar\u0161u l\u012bdzsvaro svaigu \u0101bolu un sk\u0101benas laima notis \u2013 ne p\u0101r\u0101k saldas un ne p\u0101r\u0101k eti\u0137ainas.  <\/p>\n<p class=\"\" data-start=\"820\" data-end=\"1181\">Papildus ferment\u0101cijas produktiem dz\u0113riens satur ar\u012b divus p\u0113t\u012btus piensk\u0101bes bakt\u0113riju celmus: <em data-start=\"906\" data-end=\"931\">Lactobacillus paracasei<\/em> un <em data-start=\"935\" data-end=\"955\">Bacillus coagulans<\/em> . \u0160\u012bs bakt\u0113rijas ir da\u013ca no cilv\u0113ka dabisk\u0101s zarnu mikrofloras un var atbalst\u012bt ku\u0146\u0123a-zarnu trakta mikrobioma l\u012bdzsvaru, \u012bpa\u0161i situ\u0101cij\u0101s, kad tas var b\u016bt trauc\u0113ts (piem\u0113ram, stresa, nevesel\u012bga uztura vai antibiotiku kursu d\u0113\u013c). <\/p>\n<p class=\"\" data-start=\"1183\" data-end=\"1513\">Produkt\u0101 izmantotais \u016bdens, meln\u0101 t\u0113ja, cukurs, \u0101bolu sula un laima sula ir ieg\u016bti biolo\u0123iskaj\u0101 lauksaimniec\u012bb\u0101. Kombu\u010da nesatur m\u0101ksl\u012bgos saldin\u0101t\u0101jus, kr\u0101svielas, konservantus vai piedevas. T\u0101 ir piem\u0113rota veg\u0101niem un tiem, kas v\u0113las izvair\u012bties no rafin\u0113tiem produktiem vai mekl\u0113 vesel\u012bgu un funkcion\u0101lu alternat\u012bvu bezalkoholiskajiem dz\u0113rieniem.  <\/p>\n<p class=\"\" data-start=\"1515\" data-end=\"1765\">Ar dz\u012bvaj\u0101m kult\u016br\u0101m, maigu formulu un dab\u012bgu gar\u0161u \u0161\u012b kombu\u010da ir ide\u0101ls sabiedrotais ikdienas labsaj\u016btas atbalstam \u2013 vai t\u0101 b\u016btu gremo\u0161anas, visp\u0101r\u0113j\u0101 l\u012bdzsvara vai vienk\u0101r\u0161i pat\u012bkamas gar\u0161as pieredzes nodro\u0161in\u0101\u0161ana. Vislab\u0101k baud\u012bt atdzes\u0113tu! <\/p>\n","protected":false},"featured_media":34625,"comment_status":"closed","ping_status":"closed","template":"","meta":{"_acf_changed":false},"product_brand":[],"product_cat":[5436,3067,5437],"product_tag":[5481,5484,5443,5438,3074,2904,5439,5440,5452,2974],"class_list":{"0":"post-34619","1":"product","2":"type-product","3":"status-publish","4":"has-post-thumbnail","6":"product_cat-dzerieni","7":"product_cat-ipasie-piedavajumi","8":"product_cat-kombuca-lv","9":"product_tag-abols","10":"product_tag-apmelojums","11":"product_tag-dzerieni","12":"product_tag-kombuca-lv","13":"product_tag-organisks-lv","14":"product_tag-organisks","15":"product_tag-pienskabes-bakterijas-lv","16":"product_tag-raudzets-dzeriens","17":"product_tag-rokdarbi","18":"product_tag-vegans","20":"first","21":"instock","22":"sale","23":"taxable","24":"shipping-taxable","25":"purchasable","26":"product-type-variable","27":"has-default-attributes"},"acf":[],"yoast_head":"<!-- This site is optimized with the Yoast SEO plugin v27.1.1 - https:\/\/yoast.com\/product\/yoast-seo-wordpress\/ -->\n<title>\u0100bolu-laima kombu\u010da 330ml - Puhdas+<\/title>\n<meta name=\"description\" content=\"\u0100bolu-laima kombu\u010da 330 ml. Organiska kombu\u010da, roku darbs, ra\u017eota Somij\u0101, satur 5 miljardus piensk\u0101bes bakt\u0113riju vien\u0101 pudel\u0113.\" \/>\n<meta name=\"robots\" content=\"noindex, follow, max-snippet:-1, max-image-preview:large, max-video-preview:-1\" \/>\n<meta property=\"og:locale\" content=\"lv_LV\" \/>\n<meta property=\"og:type\" content=\"article\" \/>\n<meta property=\"og:title\" content=\"\u0100bolu-laima kombu\u010da 330ml - Puhdas+\" \/>\n<meta property=\"og:description\" content=\"\u0100bolu-laima kombu\u010da 330 ml. Organiska kombu\u010da, roku darbs, ra\u017eota Somij\u0101, satur 5 miljardus piensk\u0101bes bakt\u0113riju vien\u0101 pudel\u0113.\" \/>\n<meta property=\"og:url\" content=\"https:\/\/test.puhdasplus.ee\/lv\/tooted\/dzerieni\/kombuca-lv\/abolu-laima-kombuca-330ml\/\" \/>\n<meta property=\"og:site_name\" content=\"Puhdas+\" \/>\n<meta property=\"article:publisher\" content=\"https:\/\/www.facebook.com\/puhdasplus\" \/>\n<meta property=\"article:modified_time\" content=\"2026-02-22T20:48:30+00:00\" \/>\n<meta property=\"og:image\" content=\"https:\/\/test.puhdasplus.ee\/wp-content\/uploads\/2025\/03\/198.jpg\" \/>\n\t<meta property=\"og:image:width\" content=\"1862\" \/>\n\t<meta property=\"og:image:height\" content=\"2560\" \/>\n\t<meta property=\"og:image:type\" content=\"image\/jpeg\" \/>\n<meta name=\"twitter:card\" content=\"summary_large_image\" \/>\n<meta name=\"twitter:label1\" content=\"Est. reading time\" \/>\n\t<meta name=\"twitter:data1\" content=\"2 min\u016btes\" \/>\n<script type=\"application\/ld+json\" class=\"yoast-schema-graph\">{\"@context\":\"https:\/\/schema.org\",\"@graph\":[{\"@type\":\"WebPage\",\"@id\":\"https:\/\/test.puhdasplus.ee\/lv\/tooted\/dzerieni\/kombuca-lv\/abolu-laima-kombuca-330ml\/\",\"url\":\"https:\/\/test.puhdasplus.ee\/lv\/tooted\/dzerieni\/kombuca-lv\/abolu-laima-kombuca-330ml\/\",\"name\":\"\u0100bolu-laima kombu\u010da 330ml - Puhdas+\",\"isPartOf\":{\"@id\":\"https:\/\/test.puhdasplus.ee\/lv\/#website\"},\"primaryImageOfPage\":{\"@id\":\"https:\/\/test.puhdasplus.ee\/lv\/tooted\/dzerieni\/kombuca-lv\/abolu-laima-kombuca-330ml\/#primaryimage\"},\"image\":{\"@id\":\"https:\/\/test.puhdasplus.ee\/lv\/tooted\/dzerieni\/kombuca-lv\/abolu-laima-kombuca-330ml\/#primaryimage\"},\"thumbnailUrl\":\"https:\/\/test.puhdasplus.ee\/wp-content\/uploads\/2025\/03\/198.jpg\",\"datePublished\":\"2025-02-14T16:59:06+00:00\",\"dateModified\":\"2026-02-22T20:48:30+00:00\",\"description\":\"\u0100bolu-laima kombu\u010da 330 ml. Organiska kombu\u010da, roku darbs, ra\u017eota Somij\u0101, satur 5 miljardus piensk\u0101bes bakt\u0113riju vien\u0101 pudel\u0113.\",\"breadcrumb\":{\"@id\":\"https:\/\/test.puhdasplus.ee\/lv\/tooted\/dzerieni\/kombuca-lv\/abolu-laima-kombuca-330ml\/#breadcrumb\"},\"inLanguage\":\"lv-LV\",\"potentialAction\":[{\"@type\":\"ReadAction\",\"target\":[\"https:\/\/test.puhdasplus.ee\/lv\/tooted\/dzerieni\/kombuca-lv\/abolu-laima-kombuca-330ml\/\"]}]},{\"@type\":\"ImageObject\",\"inLanguage\":\"lv-LV\",\"@id\":\"https:\/\/test.puhdasplus.ee\/lv\/tooted\/dzerieni\/kombuca-lv\/abolu-laima-kombuca-330ml\/#primaryimage\",\"url\":\"https:\/\/test.puhdasplus.ee\/wp-content\/uploads\/2025\/03\/198.jpg\",\"contentUrl\":\"https:\/\/test.puhdasplus.ee\/wp-content\/uploads\/2025\/03\/198.jpg\",\"width\":1862,\"height\":2560,\"caption\":\"\u0101bolu kombu\u010da\"},{\"@type\":\"BreadcrumbList\",\"@id\":\"https:\/\/test.puhdasplus.ee\/lv\/tooted\/dzerieni\/kombuca-lv\/abolu-laima-kombuca-330ml\/#breadcrumb\",\"itemListElement\":[{\"@type\":\"ListItem\",\"position\":1,\"name\":\"S\u0101kums\",\"item\":\"https:\/\/test.puhdasplus.ee\/lv\/\"},{\"@type\":\"ListItem\",\"position\":2,\"name\":\"Produkti\",\"item\":\"https:\/\/test.puhdasplus.ee\/lv\/veikals\/\"},{\"@type\":\"ListItem\",\"position\":3,\"name\":\"\u0100bolu-laima kombu\u010da 330ml\"}]},{\"@type\":\"WebSite\",\"@id\":\"https:\/\/test.puhdasplus.ee\/lv\/#website\",\"url\":\"https:\/\/test.puhdasplus.ee\/lv\/\",\"name\":\"Puhdas+\",\"description\":\"Vitamiinid, Toidulisandid, looduskosmeetika, tervis, sport\",\"publisher\":{\"@id\":\"https:\/\/test.puhdasplus.ee\/lv\/#organization\"},\"potentialAction\":[{\"@type\":\"SearchAction\",\"target\":{\"@type\":\"EntryPoint\",\"urlTemplate\":\"https:\/\/test.puhdasplus.ee\/lv\/?s={search_term_string}\"},\"query-input\":{\"@type\":\"PropertyValueSpecification\",\"valueRequired\":true,\"valueName\":\"search_term_string\"}}],\"inLanguage\":\"lv-LV\"},{\"@type\":\"Organization\",\"@id\":\"https:\/\/test.puhdasplus.ee\/lv\/#organization\",\"name\":\"Puhdas+\",\"alternateName\":\"Puhdasplus\",\"url\":\"https:\/\/test.puhdasplus.ee\/lv\/\",\"logo\":{\"@type\":\"ImageObject\",\"inLanguage\":\"lv-LV\",\"@id\":\"https:\/\/test.puhdasplus.ee\/lv\/#\/schema\/logo\/image\/\",\"url\":\"https:\/\/test.puhdasplus.ee\/\/wp-content\/uploads\/2019\/10\/puhdas_logo-arvele.png\",\"contentUrl\":\"https:\/\/test.puhdasplus.ee\/\/wp-content\/uploads\/2019\/10\/puhdas_logo-arvele.png\",\"width\":114,\"height\":94,\"caption\":\"Puhdas+\"},\"image\":{\"@id\":\"https:\/\/test.puhdasplus.ee\/lv\/#\/schema\/logo\/image\/\"},\"sameAs\":[\"https:\/\/www.facebook.com\/puhdasplus\",\"https:\/\/www.instagram.com\/puhdasplus_ee\/\"]}]}<\/script>\n<!-- \/ Yoast SEO plugin. -->","yoast_head_json":{"title":"\u0100bolu-laima kombu\u010da 330ml - Puhdas+","description":"\u0100bolu-laima kombu\u010da 330 ml. Organiska kombu\u010da, roku darbs, ra\u017eota Somij\u0101, satur 5 miljardus piensk\u0101bes bakt\u0113riju vien\u0101 pudel\u0113.","robots":{"index":"noindex","follow":"follow","max-snippet":"max-snippet:-1","max-image-preview":"max-image-preview:large","max-video-preview":"max-video-preview:-1"},"og_locale":"lv_LV","og_type":"article","og_title":"\u0100bolu-laima kombu\u010da 330ml - Puhdas+","og_description":"\u0100bolu-laima kombu\u010da 330 ml. Organiska kombu\u010da, roku darbs, ra\u017eota Somij\u0101, satur 5 miljardus piensk\u0101bes bakt\u0113riju vien\u0101 pudel\u0113.","og_url":"https:\/\/test.puhdasplus.ee\/lv\/tooted\/dzerieni\/kombuca-lv\/abolu-laima-kombuca-330ml\/","og_site_name":"Puhdas+","article_publisher":"https:\/\/www.facebook.com\/puhdasplus","article_modified_time":"2026-02-22T20:48:30+00:00","og_image":[{"width":1862,"height":2560,"url":"https:\/\/test.puhdasplus.ee\/wp-content\/uploads\/2025\/03\/198.jpg","type":"image\/jpeg"}],"twitter_card":"summary_large_image","twitter_misc":{"Est. reading time":"2 min\u016btes"},"schema":{"@context":"https:\/\/schema.org","@graph":[{"@type":"WebPage","@id":"https:\/\/test.puhdasplus.ee\/lv\/tooted\/dzerieni\/kombuca-lv\/abolu-laima-kombuca-330ml\/","url":"https:\/\/test.puhdasplus.ee\/lv\/tooted\/dzerieni\/kombuca-lv\/abolu-laima-kombuca-330ml\/","name":"\u0100bolu-laima kombu\u010da 330ml - Puhdas+","isPartOf":{"@id":"https:\/\/test.puhdasplus.ee\/lv\/#website"},"primaryImageOfPage":{"@id":"https:\/\/test.puhdasplus.ee\/lv\/tooted\/dzerieni\/kombuca-lv\/abolu-laima-kombuca-330ml\/#primaryimage"},"image":{"@id":"https:\/\/test.puhdasplus.ee\/lv\/tooted\/dzerieni\/kombuca-lv\/abolu-laima-kombuca-330ml\/#primaryimage"},"thumbnailUrl":"https:\/\/test.puhdasplus.ee\/wp-content\/uploads\/2025\/03\/198.jpg","datePublished":"2025-02-14T16:59:06+00:00","dateModified":"2026-02-22T20:48:30+00:00","description":"\u0100bolu-laima kombu\u010da 330 ml. Organiska kombu\u010da, roku darbs, ra\u017eota Somij\u0101, satur 5 miljardus piensk\u0101bes bakt\u0113riju vien\u0101 pudel\u0113.","breadcrumb":{"@id":"https:\/\/test.puhdasplus.ee\/lv\/tooted\/dzerieni\/kombuca-lv\/abolu-laima-kombuca-330ml\/#breadcrumb"},"inLanguage":"lv-LV","potentialAction":[{"@type":"ReadAction","target":["https:\/\/test.puhdasplus.ee\/lv\/tooted\/dzerieni\/kombuca-lv\/abolu-laima-kombuca-330ml\/"]}]},{"@type":"ImageObject","inLanguage":"lv-LV","@id":"https:\/\/test.puhdasplus.ee\/lv\/tooted\/dzerieni\/kombuca-lv\/abolu-laima-kombuca-330ml\/#primaryimage","url":"https:\/\/test.puhdasplus.ee\/wp-content\/uploads\/2025\/03\/198.jpg","contentUrl":"https:\/\/test.puhdasplus.ee\/wp-content\/uploads\/2025\/03\/198.jpg","width":1862,"height":2560,"caption":"\u0101bolu kombu\u010da"},{"@type":"BreadcrumbList","@id":"https:\/\/test.puhdasplus.ee\/lv\/tooted\/dzerieni\/kombuca-lv\/abolu-laima-kombuca-330ml\/#breadcrumb","itemListElement":[{"@type":"ListItem","position":1,"name":"S\u0101kums","item":"https:\/\/test.puhdasplus.ee\/lv\/"},{"@type":"ListItem","position":2,"name":"Produkti","item":"https:\/\/test.puhdasplus.ee\/lv\/veikals\/"},{"@type":"ListItem","position":3,"name":"\u0100bolu-laima kombu\u010da 330ml"}]},{"@type":"WebSite","@id":"https:\/\/test.puhdasplus.ee\/lv\/#website","url":"https:\/\/test.puhdasplus.ee\/lv\/","name":"Puhdas+","description":"Vitamiinid, Toidulisandid, looduskosmeetika, tervis, sport","publisher":{"@id":"https:\/\/test.puhdasplus.ee\/lv\/#organization"},"potentialAction":[{"@type":"SearchAction","target":{"@type":"EntryPoint","urlTemplate":"https:\/\/test.puhdasplus.ee\/lv\/?s={search_term_string}"},"query-input":{"@type":"PropertyValueSpecification","valueRequired":true,"valueName":"search_term_string"}}],"inLanguage":"lv-LV"},{"@type":"Organization","@id":"https:\/\/test.puhdasplus.ee\/lv\/#organization","name":"Puhdas+","alternateName":"Puhdasplus","url":"https:\/\/test.puhdasplus.ee\/lv\/","logo":{"@type":"ImageObject","inLanguage":"lv-LV","@id":"https:\/\/test.puhdasplus.ee\/lv\/#\/schema\/logo\/image\/","url":"https:\/\/test.puhdasplus.ee\/\/wp-content\/uploads\/2019\/10\/puhdas_logo-arvele.png","contentUrl":"https:\/\/test.puhdasplus.ee\/\/wp-content\/uploads\/2019\/10\/puhdas_logo-arvele.png","width":114,"height":94,"caption":"Puhdas+"},"image":{"@id":"https:\/\/test.puhdasplus.ee\/lv\/#\/schema\/logo\/image\/"},"sameAs":["https:\/\/www.facebook.com\/puhdasplus","https:\/\/www.instagram.com\/puhdasplus_ee\/"]}]}},"_links":{"self":[{"href":"https:\/\/test.puhdasplus.ee\/lv\/wp-json\/wp\/v2\/product\/34619","targetHints":{"allow":["GET"]}}],"collection":[{"href":"https:\/\/test.puhdasplus.ee\/lv\/wp-json\/wp\/v2\/product"}],"about":[{"href":"https:\/\/test.puhdasplus.ee\/lv\/wp-json\/wp\/v2\/types\/product"}],"replies":[{"embeddable":true,"href":"https:\/\/test.puhdasplus.ee\/lv\/wp-json\/wp\/v2\/comments?post=34619"}],"wp:featuredmedia":[{"embeddable":true,"href":"https:\/\/test.puhdasplus.ee\/lv\/wp-json\/wp\/v2\/media\/34625"}],"wp:attachment":[{"href":"https:\/\/test.puhdasplus.ee\/lv\/wp-json\/wp\/v2\/media?parent=34619"}],"wp:term":[{"taxonomy":"product_brand","embeddable":true,"href":"https:\/\/test.puhdasplus.ee\/lv\/wp-json\/wp\/v2\/product_brand?post=34619"},{"taxonomy":"product_cat","embeddable":true,"href":"https:\/\/test.puhdasplus.ee\/lv\/wp-json\/wp\/v2\/product_cat?post=34619"},{"taxonomy":"product_tag","embeddable":true,"href":"https:\/\/test.puhdasplus.ee\/lv\/wp-json\/wp\/v2\/product_tag?post=34619"}],"curies":[{"name":"wp","href":"https:\/\/api.w.org\/{rel}","templated":true}]}}