{"id":34601,"date":"2025-02-14T19:04:23","date_gmt":"2025-02-14T17:04:23","guid":{"rendered":"https:\/\/test.puhdasplus.ee\/\/tooted\/uncategorized\/arktiskais-udens-500-ml\/"},"modified":"2026-02-22T22:46:59","modified_gmt":"2026-02-22T20:46:59","slug":"arktiskais-udens-500-ml","status":"publish","type":"product","link":"https:\/\/test.puhdasplus.ee\/lv\/tooted\/ipasie-piedavajumi\/arktiskais-udens-500-ml\/","title":{"rendered":"Arktiskais \u016bdens 500 ml"},"content":{"rendered":"<div class=\"flex max-w-full flex-col flex-grow\">\n<div class=\"min-h-8 text-message flex w-full flex-col items-end gap-2 whitespace-normal break-words text-start [.text-message+&amp;]:mt-5\" dir=\"auto\" data-message-author-role=\"assistant\" data-message-id=\"e1eefafc-061b-4c39-bbc0-b443f5b33b30\" data-message-model-slug=\"gpt-4o-mini\">\n<div class=\"flex w-full flex-col gap-1 empty:hidden first:pt-[3px]\">\n<div class=\"markdown prose w-full break-words dark:prose-invert light\">\n<p data-start=\"283\" data-end=\"544\">Pure+ Arctic avota \u016bdens, dabiski t\u012brs, svaigs un viegls, ieg\u016bts no Viisava\u0101ras avota Zieme\u013clapzem\u0113, re\u0123ion\u0101, kas atrodas augstu virs j\u016bras l\u012bme\u0146a. \u0160is dabiskais reljefs nov\u0113r\u0161 noteci, kas var\u0113tu pies\u0101r\u0146ot vidi, un nodro\u0161ina izcili t\u012bru \u016bdens kvalit\u0101ti. <\/p>\n<p data-start=\"546\" data-end=\"814\">Ra\u017eotne atrodas biolo\u0123iski sertific\u0113t\u0101 sav\u0101k\u0161anas zon\u0101, kur avota \u016bdens non\u0101k pudel\u0113 neapstr\u0101d\u0101t\u0101 veid\u0101 \u2013 ar dabisku l\u012bdzsvaru un maigu gar\u0161u. T\u0101 ir ide\u0101la izv\u0113le apzin\u012bgam pat\u0113r\u0113t\u0101jam, kur\u0161 ikdienas \u016bdens pat\u0113ri\u0146\u0101 nov\u0113rt\u0113 dabisku izcelsmi un kvalit\u0101ti. <\/p>\n<h3 data-start=\"1067\" data-end=\"1088\"><strong data-start=\"1067\" data-end=\"1088\">Avota \u016bdens galven\u0101s priek\u0161roc\u012bbas:<\/strong><\/h3>\n<ul data-start=\"1089\" data-end=\"1644\">\n<li data-start=\"1089\" data-end=\"1173\"><strong data-start=\"1091\" data-end=\"1112\">T\u012brs avota \u016bdens:<\/strong> Ieg\u016bts no augstkalnu avota, nodro\u0161inot nepies\u0101r\u0146otu \u016bdeni.<\/li>\n<li data-start=\"1174\" data-end=\"1290\"><strong data-start=\"1176\" data-end=\"1209\">Maiga un izsmalcin\u0101ta gar\u0161a:<\/strong> filtr\u0113ts caur dab\u012bgiem zemes sl\u0101\u0146iem, kas pie\u0161\u0137ir \u016bdenim pat\u012bkamu gar\u0161u.<\/li>\n<li data-start=\"1291\" data-end=\"1384\"><span data-start=\"1293\" data-end=\"1319\"><b>Zema TDS<\/b><\/span> <strong data-start=\"1293\" data-end=\"1319\">v\u0113rt\u012bba:<\/strong> Zems iz\u0161\u0137\u012bdu\u0161o cietvielu saturs padara \u016bdeni viegli dzeramu.<\/li>\n<li data-start=\"1385\" data-end=\"1486\"><strong data-start=\"1387\" data-end=\"1404\">Zems nitr\u0101tu saturs.<\/strong><\/li>\n<li data-start=\"1487\" data-end=\"1644\"><strong data-start=\"1489\" data-end=\"1519\">Dabiski filtr\u0113ts:<\/strong> \u016adens tiek dabiski filtr\u0113ts caur ledus laikmeta laik\u0101 veidoju\u0161amies zemes sl\u0101\u0146iem, saglab\u0101jot t\u0101 t\u012br\u012bbu un miner\u0101lu l\u012bdzsvaru.<\/li>\n<\/ul>\n<p data-start=\"1646\" data-end=\"1706\"><strong data-start=\"1646\" data-end=\"1662\">Sast\u0101vda\u013cas:<\/strong> 100% dab\u012bgs avota \u016bdens no V\u012bsava\u0101ras re\u0123iona, Lapzem\u0113.<\/p>\n<p data-start=\"1708\" data-end=\"1945\"><strong data-start=\"1708\" data-end=\"1728\">Lieto\u0161ana:<\/strong> Izbaudiet atdzes\u0113tu tie\u0161i no pudeles vai ielejiet gl\u0101z\u0113. Piem\u0113rots ikdienas \u016bdens dzer\u0161anai, sporta laik\u0101 vai vienk\u0101r\u0161i k\u0101 atspirdzin\u0101jums. <\/p>\n<p data-start=\"1708\" data-end=\"1945\"><strong data-start=\"1708\" data-end=\"1728\">Uzglab\u0101\u0161ana:<\/strong> Uzglab\u0101t v\u0113s\u0101, saus\u0101 viet\u0101, sarg\u0101t no tie\u0161iem saules stariem.<\/p>\n<\/div>\n<\/div>\n<\/div>\n<\/div>\n","protected":false},"excerpt":{"rendered":"<p data-start=\"109\" data-end=\"235\"><strong data-start=\"109\" data-end=\"235\">Izcili t\u012brs un maigas gar\u0161as avota \u016bdens no Somijas Lapzemes \u2013 ar zemu TDS v\u0113rt\u012bbu un gandr\u012bz nulles nitr\u0101tu saturu.<\/strong><\/p>\n<p data-start=\"237\" data-end=\"511\">Arktiskais avota \u016bdens n\u0101k no Aavasaksas re\u0123iona Somijas zieme\u013cu Lapzem\u0113 \u2013 t\u012bras un nepies\u0101r\u0146otas vides. \u016adens dabiski filtr\u0113jas caur ledus laikmeta augsnes sl\u0101\u0146iem, pie\u0161\u0137irot tam \u0101rk\u0101rt\u012bgi t\u012bru sast\u0101vu un maigu, svaigu gar\u0161u. <\/p>\n<p data-start=\"513\" data-end=\"738\">Zem\u0101 TDS (kop\u0113j\u0101 iz\u0161\u0137\u012bdu\u0161o cietvielu) v\u0113rt\u012bbas d\u0113\u013c Arktikas \u016bden\u012b ir \u013coti maz iz\u0161\u0137\u012bdu\u0161o vielu, un nitr\u0101tu saturs ir minim\u0101ls, t\u0101p\u0113c tas ir labi piem\u0113rots tiem, kas nov\u0113rt\u0113 dabisko t\u012br\u012bbu un sabalans\u0113tu \u016bdens pat\u0113ri\u0146u.<\/p>\n","protected":false},"featured_media":34604,"comment_status":"closed","ping_status":"closed","template":"","meta":{"_acf_changed":false},"product_brand":[],"product_cat":[5436,3067],"product_tag":[5461,5465,5466,5443,5463,2904,5462,5467,2974,5464],"class_list":{"0":"post-34601","1":"product","2":"type-product","3":"status-publish","4":"has-post-thumbnail","6":"product_cat-dzerieni","7":"product_cat-ipasie-piedavajumi","8":"product_tag-avota-udens","9":"product_tag-bez-nitratiem","10":"product_tag-dabigs-udens","11":"product_tag-dzerieni","12":"product_tag-lapzemes-udens","13":"product_tag-organisks","14":"product_tag-tirs-udens","15":"product_tag-udens","16":"product_tag-vegans","17":"product_tag-zems-tds","19":"first","20":"instock","21":"sale","22":"taxable","23":"shipping-taxable","24":"purchasable","25":"product-type-variable","26":"has-default-attributes"},"acf":[],"yoast_head":"<!-- This site is optimized with the Yoast SEO plugin v27.1.1 - https:\/\/yoast.com\/product\/yoast-seo-wordpress\/ -->\n<title>Arktiskais \u016bdens 500 ml - Puhdas+<\/title>\n<meta name=\"description\" content=\"Arktikas \u016bdens 500 ml ir t\u012brs avota \u016bdens no Somijas Lapzemes Aavasaksas re\u0123iona. Ar zemu TDS v\u0113rt\u012bbu un zemu nitr\u0101tu saturu.\" \/>\n<meta name=\"robots\" content=\"noindex, follow, max-snippet:-1, max-image-preview:large, max-video-preview:-1\" \/>\n<meta property=\"og:locale\" content=\"lv_LV\" \/>\n<meta property=\"og:type\" content=\"article\" \/>\n<meta property=\"og:title\" content=\"Arktiskais \u016bdens 500 ml - Puhdas+\" \/>\n<meta property=\"og:description\" content=\"Arktikas \u016bdens 500 ml ir t\u012brs avota \u016bdens no Somijas Lapzemes Aavasaksas re\u0123iona. Ar zemu TDS v\u0113rt\u012bbu un zemu nitr\u0101tu saturu.\" \/>\n<meta property=\"og:url\" content=\"https:\/\/test.puhdasplus.ee\/lv\/tooted\/ipasie-piedavajumi\/arktiskais-udens-500-ml\/\" \/>\n<meta property=\"og:site_name\" content=\"Puhdas+\" \/>\n<meta property=\"article:publisher\" content=\"https:\/\/www.facebook.com\/puhdasplus\" \/>\n<meta property=\"article:modified_time\" content=\"2026-02-22T20:46:59+00:00\" \/>\n<meta property=\"og:image\" content=\"https:\/\/test.puhdasplus.ee\/wp-content\/uploads\/2025\/03\/197.jpg\" \/>\n\t<meta property=\"og:image:width\" content=\"1862\" \/>\n\t<meta property=\"og:image:height\" content=\"2560\" \/>\n\t<meta property=\"og:image:type\" content=\"image\/jpeg\" \/>\n<meta name=\"twitter:card\" content=\"summary_large_image\" \/>\n<meta name=\"twitter:label1\" content=\"Est. reading time\" \/>\n\t<meta name=\"twitter:data1\" content=\"1 minute\" \/>\n<script type=\"application\/ld+json\" class=\"yoast-schema-graph\">{\"@context\":\"https:\/\/schema.org\",\"@graph\":[{\"@type\":\"WebPage\",\"@id\":\"https:\/\/test.puhdasplus.ee\/lv\/tooted\/ipasie-piedavajumi\/arktiskais-udens-500-ml\/\",\"url\":\"https:\/\/test.puhdasplus.ee\/lv\/tooted\/ipasie-piedavajumi\/arktiskais-udens-500-ml\/\",\"name\":\"Arktiskais \u016bdens 500 ml - Puhdas+\",\"isPartOf\":{\"@id\":\"https:\/\/test.puhdasplus.ee\/lv\/#website\"},\"primaryImageOfPage\":{\"@id\":\"https:\/\/test.puhdasplus.ee\/lv\/tooted\/ipasie-piedavajumi\/arktiskais-udens-500-ml\/#primaryimage\"},\"image\":{\"@id\":\"https:\/\/test.puhdasplus.ee\/lv\/tooted\/ipasie-piedavajumi\/arktiskais-udens-500-ml\/#primaryimage\"},\"thumbnailUrl\":\"https:\/\/test.puhdasplus.ee\/wp-content\/uploads\/2025\/03\/197.jpg\",\"datePublished\":\"2025-02-14T17:04:23+00:00\",\"dateModified\":\"2026-02-22T20:46:59+00:00\",\"description\":\"Arktikas \u016bdens 500 ml ir t\u012brs avota \u016bdens no Somijas Lapzemes Aavasaksas re\u0123iona. Ar zemu TDS v\u0113rt\u012bbu un zemu nitr\u0101tu saturu.\",\"breadcrumb\":{\"@id\":\"https:\/\/test.puhdasplus.ee\/lv\/tooted\/ipasie-piedavajumi\/arktiskais-udens-500-ml\/#breadcrumb\"},\"inLanguage\":\"lv-LV\",\"potentialAction\":[{\"@type\":\"ReadAction\",\"target\":[\"https:\/\/test.puhdasplus.ee\/lv\/tooted\/ipasie-piedavajumi\/arktiskais-udens-500-ml\/\"]}]},{\"@type\":\"ImageObject\",\"inLanguage\":\"lv-LV\",\"@id\":\"https:\/\/test.puhdasplus.ee\/lv\/tooted\/ipasie-piedavajumi\/arktiskais-udens-500-ml\/#primaryimage\",\"url\":\"https:\/\/test.puhdasplus.ee\/wp-content\/uploads\/2025\/03\/197.jpg\",\"contentUrl\":\"https:\/\/test.puhdasplus.ee\/wp-content\/uploads\/2025\/03\/197.jpg\",\"width\":1862,\"height\":2560,\"caption\":\"Avota \u016bdens\"},{\"@type\":\"BreadcrumbList\",\"@id\":\"https:\/\/test.puhdasplus.ee\/lv\/tooted\/ipasie-piedavajumi\/arktiskais-udens-500-ml\/#breadcrumb\",\"itemListElement\":[{\"@type\":\"ListItem\",\"position\":1,\"name\":\"S\u0101kums\",\"item\":\"https:\/\/test.puhdasplus.ee\/lv\/\"},{\"@type\":\"ListItem\",\"position\":2,\"name\":\"Produkti\",\"item\":\"https:\/\/test.puhdasplus.ee\/lv\/veikals\/\"},{\"@type\":\"ListItem\",\"position\":3,\"name\":\"Arktiskais \u016bdens 500 ml\"}]},{\"@type\":\"WebSite\",\"@id\":\"https:\/\/test.puhdasplus.ee\/lv\/#website\",\"url\":\"https:\/\/test.puhdasplus.ee\/lv\/\",\"name\":\"Puhdas+\",\"description\":\"Vitamiinid, Toidulisandid, looduskosmeetika, tervis, sport\",\"publisher\":{\"@id\":\"https:\/\/test.puhdasplus.ee\/lv\/#organization\"},\"potentialAction\":[{\"@type\":\"SearchAction\",\"target\":{\"@type\":\"EntryPoint\",\"urlTemplate\":\"https:\/\/test.puhdasplus.ee\/lv\/?s={search_term_string}\"},\"query-input\":{\"@type\":\"PropertyValueSpecification\",\"valueRequired\":true,\"valueName\":\"search_term_string\"}}],\"inLanguage\":\"lv-LV\"},{\"@type\":\"Organization\",\"@id\":\"https:\/\/test.puhdasplus.ee\/lv\/#organization\",\"name\":\"Puhdas+\",\"alternateName\":\"Puhdasplus\",\"url\":\"https:\/\/test.puhdasplus.ee\/lv\/\",\"logo\":{\"@type\":\"ImageObject\",\"inLanguage\":\"lv-LV\",\"@id\":\"https:\/\/test.puhdasplus.ee\/lv\/#\/schema\/logo\/image\/\",\"url\":\"https:\/\/test.puhdasplus.ee\/\/wp-content\/uploads\/2019\/10\/puhdas_logo-arvele.png\",\"contentUrl\":\"https:\/\/test.puhdasplus.ee\/\/wp-content\/uploads\/2019\/10\/puhdas_logo-arvele.png\",\"width\":114,\"height\":94,\"caption\":\"Puhdas+\"},\"image\":{\"@id\":\"https:\/\/test.puhdasplus.ee\/lv\/#\/schema\/logo\/image\/\"},\"sameAs\":[\"https:\/\/www.facebook.com\/puhdasplus\",\"https:\/\/www.instagram.com\/puhdasplus_ee\/\"]}]}<\/script>\n<!-- \/ Yoast SEO plugin. -->","yoast_head_json":{"title":"Arktiskais \u016bdens 500 ml - Puhdas+","description":"Arktikas \u016bdens 500 ml ir t\u012brs avota \u016bdens no Somijas Lapzemes Aavasaksas re\u0123iona. Ar zemu TDS v\u0113rt\u012bbu un zemu nitr\u0101tu saturu.","robots":{"index":"noindex","follow":"follow","max-snippet":"max-snippet:-1","max-image-preview":"max-image-preview:large","max-video-preview":"max-video-preview:-1"},"og_locale":"lv_LV","og_type":"article","og_title":"Arktiskais \u016bdens 500 ml - Puhdas+","og_description":"Arktikas \u016bdens 500 ml ir t\u012brs avota \u016bdens no Somijas Lapzemes Aavasaksas re\u0123iona. Ar zemu TDS v\u0113rt\u012bbu un zemu nitr\u0101tu saturu.","og_url":"https:\/\/test.puhdasplus.ee\/lv\/tooted\/ipasie-piedavajumi\/arktiskais-udens-500-ml\/","og_site_name":"Puhdas+","article_publisher":"https:\/\/www.facebook.com\/puhdasplus","article_modified_time":"2026-02-22T20:46:59+00:00","og_image":[{"width":1862,"height":2560,"url":"https:\/\/test.puhdasplus.ee\/wp-content\/uploads\/2025\/03\/197.jpg","type":"image\/jpeg"}],"twitter_card":"summary_large_image","twitter_misc":{"Est. reading time":"1 minute"},"schema":{"@context":"https:\/\/schema.org","@graph":[{"@type":"WebPage","@id":"https:\/\/test.puhdasplus.ee\/lv\/tooted\/ipasie-piedavajumi\/arktiskais-udens-500-ml\/","url":"https:\/\/test.puhdasplus.ee\/lv\/tooted\/ipasie-piedavajumi\/arktiskais-udens-500-ml\/","name":"Arktiskais \u016bdens 500 ml - Puhdas+","isPartOf":{"@id":"https:\/\/test.puhdasplus.ee\/lv\/#website"},"primaryImageOfPage":{"@id":"https:\/\/test.puhdasplus.ee\/lv\/tooted\/ipasie-piedavajumi\/arktiskais-udens-500-ml\/#primaryimage"},"image":{"@id":"https:\/\/test.puhdasplus.ee\/lv\/tooted\/ipasie-piedavajumi\/arktiskais-udens-500-ml\/#primaryimage"},"thumbnailUrl":"https:\/\/test.puhdasplus.ee\/wp-content\/uploads\/2025\/03\/197.jpg","datePublished":"2025-02-14T17:04:23+00:00","dateModified":"2026-02-22T20:46:59+00:00","description":"Arktikas \u016bdens 500 ml ir t\u012brs avota \u016bdens no Somijas Lapzemes Aavasaksas re\u0123iona. Ar zemu TDS v\u0113rt\u012bbu un zemu nitr\u0101tu saturu.","breadcrumb":{"@id":"https:\/\/test.puhdasplus.ee\/lv\/tooted\/ipasie-piedavajumi\/arktiskais-udens-500-ml\/#breadcrumb"},"inLanguage":"lv-LV","potentialAction":[{"@type":"ReadAction","target":["https:\/\/test.puhdasplus.ee\/lv\/tooted\/ipasie-piedavajumi\/arktiskais-udens-500-ml\/"]}]},{"@type":"ImageObject","inLanguage":"lv-LV","@id":"https:\/\/test.puhdasplus.ee\/lv\/tooted\/ipasie-piedavajumi\/arktiskais-udens-500-ml\/#primaryimage","url":"https:\/\/test.puhdasplus.ee\/wp-content\/uploads\/2025\/03\/197.jpg","contentUrl":"https:\/\/test.puhdasplus.ee\/wp-content\/uploads\/2025\/03\/197.jpg","width":1862,"height":2560,"caption":"Avota \u016bdens"},{"@type":"BreadcrumbList","@id":"https:\/\/test.puhdasplus.ee\/lv\/tooted\/ipasie-piedavajumi\/arktiskais-udens-500-ml\/#breadcrumb","itemListElement":[{"@type":"ListItem","position":1,"name":"S\u0101kums","item":"https:\/\/test.puhdasplus.ee\/lv\/"},{"@type":"ListItem","position":2,"name":"Produkti","item":"https:\/\/test.puhdasplus.ee\/lv\/veikals\/"},{"@type":"ListItem","position":3,"name":"Arktiskais \u016bdens 500 ml"}]},{"@type":"WebSite","@id":"https:\/\/test.puhdasplus.ee\/lv\/#website","url":"https:\/\/test.puhdasplus.ee\/lv\/","name":"Puhdas+","description":"Vitamiinid, Toidulisandid, looduskosmeetika, tervis, sport","publisher":{"@id":"https:\/\/test.puhdasplus.ee\/lv\/#organization"},"potentialAction":[{"@type":"SearchAction","target":{"@type":"EntryPoint","urlTemplate":"https:\/\/test.puhdasplus.ee\/lv\/?s={search_term_string}"},"query-input":{"@type":"PropertyValueSpecification","valueRequired":true,"valueName":"search_term_string"}}],"inLanguage":"lv-LV"},{"@type":"Organization","@id":"https:\/\/test.puhdasplus.ee\/lv\/#organization","name":"Puhdas+","alternateName":"Puhdasplus","url":"https:\/\/test.puhdasplus.ee\/lv\/","logo":{"@type":"ImageObject","inLanguage":"lv-LV","@id":"https:\/\/test.puhdasplus.ee\/lv\/#\/schema\/logo\/image\/","url":"https:\/\/test.puhdasplus.ee\/\/wp-content\/uploads\/2019\/10\/puhdas_logo-arvele.png","contentUrl":"https:\/\/test.puhdasplus.ee\/\/wp-content\/uploads\/2019\/10\/puhdas_logo-arvele.png","width":114,"height":94,"caption":"Puhdas+"},"image":{"@id":"https:\/\/test.puhdasplus.ee\/lv\/#\/schema\/logo\/image\/"},"sameAs":["https:\/\/www.facebook.com\/puhdasplus","https:\/\/www.instagram.com\/puhdasplus_ee\/"]}]}},"_links":{"self":[{"href":"https:\/\/test.puhdasplus.ee\/lv\/wp-json\/wp\/v2\/product\/34601","targetHints":{"allow":["GET"]}}],"collection":[{"href":"https:\/\/test.puhdasplus.ee\/lv\/wp-json\/wp\/v2\/product"}],"about":[{"href":"https:\/\/test.puhdasplus.ee\/lv\/wp-json\/wp\/v2\/types\/product"}],"replies":[{"embeddable":true,"href":"https:\/\/test.puhdasplus.ee\/lv\/wp-json\/wp\/v2\/comments?post=34601"}],"wp:featuredmedia":[{"embeddable":true,"href":"https:\/\/test.puhdasplus.ee\/lv\/wp-json\/wp\/v2\/media\/34604"}],"wp:attachment":[{"href":"https:\/\/test.puhdasplus.ee\/lv\/wp-json\/wp\/v2\/media?parent=34601"}],"wp:term":[{"taxonomy":"product_brand","embeddable":true,"href":"https:\/\/test.puhdasplus.ee\/lv\/wp-json\/wp\/v2\/product_brand?post=34601"},{"taxonomy":"product_cat","embeddable":true,"href":"https:\/\/test.puhdasplus.ee\/lv\/wp-json\/wp\/v2\/product_cat?post=34601"},{"taxonomy":"product_tag","embeddable":true,"href":"https:\/\/test.puhdasplus.ee\/lv\/wp-json\/wp\/v2\/product_tag?post=34601"}],"curies":[{"name":"wp","href":"https:\/\/api.w.org\/{rel}","templated":true}]}}