{"id":34583,"date":"2025-02-14T13:53:24","date_gmt":"2025-02-14T11:53:24","guid":{"rendered":"https:\/\/test.puhdasplus.ee\/\/tooted\/uncategorized\/magnijs-lietosanai-nakti-120-kapsulas\/"},"modified":"2026-02-22T22:48:17","modified_gmt":"2026-02-22T20:48:17","slug":"magnijs-lietosanai-nakti-120-kapsulas","status":"publish","type":"product","link":"https:\/\/test.puhdasplus.ee\/lv\/tooted\/minerali\/magnijs\/magnijs-lietosanai-nakti-120-kapsulas\/","title":{"rendered":"Magnijs lieto\u0161anai nakt\u012b 120 kapsulas"},"content":{"rendered":"<h2 data-start=\"398\" data-end=\"817\">Kas ir Pure+ nakts magnijs?<\/h2>\n<p data-start=\"253\" data-end=\"487\">Pure+ Nighttime Magnesium ir augstas kvalit\u0101tes magnija uztura bag\u0101tin\u0101t\u0101js, kas satur magnija bisglicin\u0101tu \u2014 organismam draudz\u012bgu magnija formu. Tas noz\u012bm\u0113, ka magnijs ir saist\u012bts ar aminosk\u0101bi glic\u012bnu, kas veicina t\u0101 izmanto\u0161anu organism\u0101. <\/p>\n<p data-start=\"489\" data-end=\"778\">T\u0101 k\u0101 magnija bisglicin\u0101ts ir saudz\u012bgs pret gremo\u0161anas traktu, \u0161is produkts ir piem\u0113rots ar\u012b tiem, kam ir biju\u0161as gr\u016bt\u012bbas panest citas magnija formas. Pateicoties t\u0101 sast\u0101vam, Pure+ Night Time Magnesium ir ide\u0101li piem\u0113rots lieto\u0161anai vakar\u0101, atbalstot organisma dabisk\u0101s funkcijas dienas beig\u0101s. <\/p>\n<h2 data-start=\"807\" data-end=\"831\">K\u0101p\u0113c tas ir noder\u012bgi?<\/h2>\n<p class=\"\" data-start=\"833\" data-end=\"856\">Magnijs veicina:<\/p>\n<ul data-start=\"857\" data-end=\"1037\">\n<li class=\"\" data-start=\"857\" data-end=\"893\">\n<p class=\"\" data-start=\"859\" data-end=\"893\">norm\u0101la musku\u013cu darb\u012bba,<\/p>\n<\/li>\n<li class=\"\" data-start=\"894\" data-end=\"934\">\n<p class=\"\" data-start=\"896\" data-end=\"934\">l\u012bdzsvarota nervu sist\u0113mas darb\u012bba,<\/p>\n<\/li>\n<li class=\"\" data-start=\"935\" data-end=\"975\">\n<p class=\"\" data-start=\"937\" data-end=\"975\">mazina nogurumu un nesp\u0113ku,<\/p>\n<\/li>\n<li class=\"\" data-start=\"976\" data-end=\"1037\">\n<p class=\"\" data-start=\"978\" data-end=\"1037\">norm\u0101lu ener\u0123ijas metabolismu un elektrol\u012btu l\u012bdzsvaru.<\/p>\n<\/li>\n<\/ul>\n<p class=\"\" data-start=\"1039\" data-end=\"1275\">Magnija bisglicin\u0101ts tiek uzskat\u012bts par gremo\u0161anu labv\u0113l\u012bgu un ir piem\u0113rots ar\u012b tiem, kas dod priek\u0161roku \u0137ermenim draudz\u012bg\u0101m magnija form\u0101m.<\/p>\n<h2 data-start=\"1401\" data-end=\"1419\">Kam tas ir piem\u0113rots?<\/h2>\n<ul data-start=\"1421\" data-end=\"1750\">\n<li class=\"\" data-start=\"1421\" data-end=\"1484\">\n<p class=\"\" data-start=\"1423\" data-end=\"1484\">Tiem, kas v\u0113las atbalst\u012bt norm\u0101lu musku\u013cu un nervu sist\u0113mas darb\u012bbu<\/p>\n<\/li>\n<li class=\"\" data-start=\"1485\" data-end=\"1545\">\n<p class=\"\" data-start=\"1487\" data-end=\"1545\">Cilv\u0113kiem, kuri j\u016btas noguru\u0161i vai izsmelti<\/p>\n<\/li>\n<li class=\"\" data-start=\"1546\" data-end=\"1610\">\n<p class=\"\" data-start=\"1548\" data-end=\"1610\">Tiem, kas v\u0113las dabisku atbalstu lab\u0101kai miega kvalit\u0101tei<\/p>\n<\/li>\n<li class=\"\" data-start=\"1611\" data-end=\"1688\">\n<p class=\"\" data-start=\"1613\" data-end=\"1688\">Sportistiem un akt\u012bviem cilv\u0113kiem, kuru \u0137ermenim nepiecie\u0161ama atvese\u013co\u0161an\u0101s<\/p>\n<\/li>\n<li class=\"\" data-start=\"1689\" data-end=\"1750\">\n<p class=\"\" data-start=\"1691\" data-end=\"1750\">Veg\u0101niem un ikvienam, kur\u0161 dod priek\u0161roku produktiem bez piedev\u0101m<\/p>\n<\/li>\n<\/ul>\n<h2 data-start=\"1757\" data-end=\"1771\">Lietojums<\/h2>\n<p class=\"\" data-start=\"1773\" data-end=\"2046\"><strong data-start=\"1773\" data-end=\"1794\">Ieteicam\u0101 deva:<\/strong> 1-4 kapsulas dien\u0101, v\u0113lams apm\u0113ram 1 stundu pirms gul\u0113tie\u0161anas.<br data-start=\"1859\" data-end=\"1862\"> Kapsulas j\u0101norij, uzdzerot \u016bdeni.<br data-start=\"1884\" data-end=\"1887\"> Dienas devu nedr\u012bkst p\u0101rsniegt.<br data-start=\"1918\" data-end=\"1921\"> Uztura bag\u0101tin\u0101t\u0101js neaizst\u0101j daudzveid\u012bgu un sabalans\u0113tu uzturu vai vesel\u012bgu dz\u012bvesveidu.<br data-start=\"2009\" data-end=\"2012\"> Sarg\u0101t no b\u0113rniem.<\/p>\n<h2 data-start=\"2053\" data-end=\"2064\">1\u20134 kapsulas satur<\/h2>\n<p>Magnijs (no glicin\u0101ta) 110\u2013440 mg (29\u2013117 % NRV*), pildviela (mikrokrist\u0101lisk\u0101 celuloze), kapsula (hidroksipropilmetilceluloze), pretsalipes viela (kalcija karbon\u0101ts).<br \/>\n*NRV \u2013 ieteicam\u0101 dienas deva pieaugu\u0161ajam<br \/>\n Nesatur laktozi, glut\u0113nu, cukuru, s\u0101li, soju vai saldin\u0101t\u0101jus. Piem\u0113rots veg\u0101niem. <\/p>\n<p class=\"\" data-start=\"2153\" data-end=\"2262\">\n","protected":false},"excerpt":{"rendered":"<p data-start=\"669\" data-end=\"941\"><strong data-start=\"669\" data-end=\"696\">Pure+ Nighttime Magnesium<\/strong> ir augstas kvalit\u0101tes magnija uztura bag\u0101tin\u0101t\u0101js, kas satur \u013coti labi uzs\u016bco\u0161u magnija bisglicin\u0101tu \u2014 magnija formu, kur\u0101 miner\u0101lviela ir saist\u012bta ar aminosk\u0101bi glic\u012bnu. \u0160\u012b kombin\u0101cija nodro\u0161ina organismam draudz\u012bgu uzs\u016bk\u0161anos un ir piem\u0113rota ikdienas lieto\u0161anai. <\/p>\n<p data-start=\"943\" data-end=\"1202\">Magnijs pal\u012bdz mazin\u0101t nogurumu un nesp\u0113ku, atbalsta norm\u0101lu musku\u013cu un nervu sist\u0113mas darb\u012bbu un veicina norm\u0101lu ener\u0123ijas metabolismu. Pateicoties bisglicin\u0101ta formai, produkts ir labi piem\u0113rots ar\u012b tiem, kas dod priek\u0161roku maigam un efekt\u012bvam magnija avotam. <\/p>\n<p data-start=\"1204\" data-end=\"1408\">Produkts ir 100% t\u012brs \u2013 nesatur m\u0101ksl\u012bgas piedevas, glut\u0113nu, laktozi vai saldin\u0101t\u0101jus \u2013 un ir piem\u0113rots ar\u012b veg\u0101niem. Vienk\u0101r\u0161s un uzticams veids, k\u0101 atbalst\u012bt organisma miner\u0101lvielu l\u012bdzsvaru. <\/p>\n<p>&nbsp;<\/p>\n<p data-start=\"0\" data-end=\"53\">\n","protected":false},"featured_media":34586,"comment_status":"closed","ping_status":"closed","template":"","meta":{"_acf_changed":false},"product_brand":[],"product_cat":[3067,3280],"product_tag":[3203,5446,5447,3206,2974],"class_list":{"0":"post-34583","1":"product","2":"type-product","3":"status-publish","4":"has-post-thumbnail","6":"product_cat-ipasie-piedavajumi","7":"product_cat-magnijs","8":"product_tag-magnijs","9":"product_tag-miegs","10":"product_tag-nervu-sistema-lv","11":"product_tag-uztura-bagatinatajs","12":"product_tag-vegans","14":"first","15":"instock","16":"sale","17":"taxable","18":"shipping-taxable","19":"purchasable","20":"product-type-simple"},"acf":[],"yoast_head":"<!-- This site is optimized with the Yoast SEO plugin v27.1.1 - https:\/\/yoast.com\/product\/yoast-seo-wordpress\/ -->\n<title>Magnijs lieto\u0161anai nakt\u012b 120 kapsulas - Puhdas+<\/title>\n<meta name=\"description\" content=\"Nakts magnijs 120 kapsulas \u2013 viegli uzs\u016bcas magnija glicin\u0101ts musku\u013cu un nervu sist\u0113mas atbalstam. Veg\u0101ns, bez piedev\u0101m un ku\u0146\u0123im draudz\u012bgs. Pas\u016btiet t\u016bl\u012bt!\" \/>\n<meta name=\"robots\" content=\"noindex, follow, max-snippet:-1, max-image-preview:large, max-video-preview:-1\" \/>\n<meta property=\"og:locale\" content=\"lv_LV\" \/>\n<meta property=\"og:type\" content=\"article\" \/>\n<meta property=\"og:title\" content=\"Magnijs lieto\u0161anai nakt\u012b 120 kapsulas - Puhdas+\" \/>\n<meta property=\"og:description\" content=\"Nakts magnijs 120 kapsulas \u2013 viegli uzs\u016bcas magnija glicin\u0101ts musku\u013cu un nervu sist\u0113mas atbalstam. Veg\u0101ns, bez piedev\u0101m un ku\u0146\u0123im draudz\u012bgs. Pas\u016btiet t\u016bl\u012bt!\" \/>\n<meta property=\"og:url\" content=\"https:\/\/test.puhdasplus.ee\/lv\/tooted\/minerali\/magnijs\/magnijs-lietosanai-nakti-120-kapsulas\/\" \/>\n<meta property=\"og:site_name\" content=\"Puhdas+\" \/>\n<meta property=\"article:publisher\" content=\"https:\/\/www.facebook.com\/puhdasplus\" \/>\n<meta property=\"article:modified_time\" content=\"2026-02-22T20:48:17+00:00\" \/>\n<meta property=\"og:image\" content=\"https:\/\/test.puhdasplus.ee\/wp-content\/uploads\/2025\/03\/195.jpg\" \/>\n\t<meta property=\"og:image:width\" content=\"1862\" \/>\n\t<meta property=\"og:image:height\" content=\"2560\" \/>\n\t<meta property=\"og:image:type\" content=\"image\/jpeg\" \/>\n<meta name=\"twitter:card\" content=\"summary_large_image\" \/>\n<meta name=\"twitter:label1\" content=\"Est. reading time\" \/>\n\t<meta name=\"twitter:data1\" content=\"2 min\u016btes\" \/>\n<script type=\"application\/ld+json\" class=\"yoast-schema-graph\">{\"@context\":\"https:\/\/schema.org\",\"@graph\":[{\"@type\":\"WebPage\",\"@id\":\"https:\/\/test.puhdasplus.ee\/lv\/tooted\/minerali\/magnijs\/magnijs-lietosanai-nakti-120-kapsulas\/\",\"url\":\"https:\/\/test.puhdasplus.ee\/lv\/tooted\/minerali\/magnijs\/magnijs-lietosanai-nakti-120-kapsulas\/\",\"name\":\"Magnijs lieto\u0161anai nakt\u012b 120 kapsulas - Puhdas+\",\"isPartOf\":{\"@id\":\"https:\/\/test.puhdasplus.ee\/lv\/#website\"},\"primaryImageOfPage\":{\"@id\":\"https:\/\/test.puhdasplus.ee\/lv\/tooted\/minerali\/magnijs\/magnijs-lietosanai-nakti-120-kapsulas\/#primaryimage\"},\"image\":{\"@id\":\"https:\/\/test.puhdasplus.ee\/lv\/tooted\/minerali\/magnijs\/magnijs-lietosanai-nakti-120-kapsulas\/#primaryimage\"},\"thumbnailUrl\":\"https:\/\/test.puhdasplus.ee\/wp-content\/uploads\/2025\/03\/195.jpg\",\"datePublished\":\"2025-02-14T11:53:24+00:00\",\"dateModified\":\"2026-02-22T20:48:17+00:00\",\"description\":\"Nakts magnijs 120 kapsulas \u2013 viegli uzs\u016bcas magnija glicin\u0101ts musku\u013cu un nervu sist\u0113mas atbalstam. Veg\u0101ns, bez piedev\u0101m un ku\u0146\u0123im draudz\u012bgs. Pas\u016btiet t\u016bl\u012bt!\",\"breadcrumb\":{\"@id\":\"https:\/\/test.puhdasplus.ee\/lv\/tooted\/minerali\/magnijs\/magnijs-lietosanai-nakti-120-kapsulas\/#breadcrumb\"},\"inLanguage\":\"lv-LV\",\"potentialAction\":[{\"@type\":\"ReadAction\",\"target\":[\"https:\/\/test.puhdasplus.ee\/lv\/tooted\/minerali\/magnijs\/magnijs-lietosanai-nakti-120-kapsulas\/\"]}]},{\"@type\":\"ImageObject\",\"inLanguage\":\"lv-LV\",\"@id\":\"https:\/\/test.puhdasplus.ee\/lv\/tooted\/minerali\/magnijs\/magnijs-lietosanai-nakti-120-kapsulas\/#primaryimage\",\"url\":\"https:\/\/test.puhdasplus.ee\/wp-content\/uploads\/2025\/03\/195.jpg\",\"contentUrl\":\"https:\/\/test.puhdasplus.ee\/wp-content\/uploads\/2025\/03\/195.jpg\",\"width\":1862,\"height\":2560,\"caption\":\"ziedu magnijs\"},{\"@type\":\"BreadcrumbList\",\"@id\":\"https:\/\/test.puhdasplus.ee\/lv\/tooted\/minerali\/magnijs\/magnijs-lietosanai-nakti-120-kapsulas\/#breadcrumb\",\"itemListElement\":[{\"@type\":\"ListItem\",\"position\":1,\"name\":\"S\u0101kums\",\"item\":\"https:\/\/test.puhdasplus.ee\/lv\/\"},{\"@type\":\"ListItem\",\"position\":2,\"name\":\"Produkti\",\"item\":\"https:\/\/test.puhdasplus.ee\/lv\/veikals\/\"},{\"@type\":\"ListItem\",\"position\":3,\"name\":\"Magnijs lieto\u0161anai nakt\u012b 120 kapsulas\"}]},{\"@type\":\"WebSite\",\"@id\":\"https:\/\/test.puhdasplus.ee\/lv\/#website\",\"url\":\"https:\/\/test.puhdasplus.ee\/lv\/\",\"name\":\"Puhdas+\",\"description\":\"Vitamiinid, Toidulisandid, looduskosmeetika, tervis, sport\",\"publisher\":{\"@id\":\"https:\/\/test.puhdasplus.ee\/lv\/#organization\"},\"potentialAction\":[{\"@type\":\"SearchAction\",\"target\":{\"@type\":\"EntryPoint\",\"urlTemplate\":\"https:\/\/test.puhdasplus.ee\/lv\/?s={search_term_string}\"},\"query-input\":{\"@type\":\"PropertyValueSpecification\",\"valueRequired\":true,\"valueName\":\"search_term_string\"}}],\"inLanguage\":\"lv-LV\"},{\"@type\":\"Organization\",\"@id\":\"https:\/\/test.puhdasplus.ee\/lv\/#organization\",\"name\":\"Puhdas+\",\"alternateName\":\"Puhdasplus\",\"url\":\"https:\/\/test.puhdasplus.ee\/lv\/\",\"logo\":{\"@type\":\"ImageObject\",\"inLanguage\":\"lv-LV\",\"@id\":\"https:\/\/test.puhdasplus.ee\/lv\/#\/schema\/logo\/image\/\",\"url\":\"https:\/\/test.puhdasplus.ee\/\/wp-content\/uploads\/2019\/10\/puhdas_logo-arvele.png\",\"contentUrl\":\"https:\/\/test.puhdasplus.ee\/\/wp-content\/uploads\/2019\/10\/puhdas_logo-arvele.png\",\"width\":114,\"height\":94,\"caption\":\"Puhdas+\"},\"image\":{\"@id\":\"https:\/\/test.puhdasplus.ee\/lv\/#\/schema\/logo\/image\/\"},\"sameAs\":[\"https:\/\/www.facebook.com\/puhdasplus\",\"https:\/\/www.instagram.com\/puhdasplus_ee\/\"]}]}<\/script>\n<!-- \/ Yoast SEO plugin. -->","yoast_head_json":{"title":"Magnijs lieto\u0161anai nakt\u012b 120 kapsulas - Puhdas+","description":"Nakts magnijs 120 kapsulas \u2013 viegli uzs\u016bcas magnija glicin\u0101ts musku\u013cu un nervu sist\u0113mas atbalstam. Veg\u0101ns, bez piedev\u0101m un ku\u0146\u0123im draudz\u012bgs. Pas\u016btiet t\u016bl\u012bt!","robots":{"index":"noindex","follow":"follow","max-snippet":"max-snippet:-1","max-image-preview":"max-image-preview:large","max-video-preview":"max-video-preview:-1"},"og_locale":"lv_LV","og_type":"article","og_title":"Magnijs lieto\u0161anai nakt\u012b 120 kapsulas - Puhdas+","og_description":"Nakts magnijs 120 kapsulas \u2013 viegli uzs\u016bcas magnija glicin\u0101ts musku\u013cu un nervu sist\u0113mas atbalstam. Veg\u0101ns, bez piedev\u0101m un ku\u0146\u0123im draudz\u012bgs. Pas\u016btiet t\u016bl\u012bt!","og_url":"https:\/\/test.puhdasplus.ee\/lv\/tooted\/minerali\/magnijs\/magnijs-lietosanai-nakti-120-kapsulas\/","og_site_name":"Puhdas+","article_publisher":"https:\/\/www.facebook.com\/puhdasplus","article_modified_time":"2026-02-22T20:48:17+00:00","og_image":[{"width":1862,"height":2560,"url":"https:\/\/test.puhdasplus.ee\/wp-content\/uploads\/2025\/03\/195.jpg","type":"image\/jpeg"}],"twitter_card":"summary_large_image","twitter_misc":{"Est. reading time":"2 min\u016btes"},"schema":{"@context":"https:\/\/schema.org","@graph":[{"@type":"WebPage","@id":"https:\/\/test.puhdasplus.ee\/lv\/tooted\/minerali\/magnijs\/magnijs-lietosanai-nakti-120-kapsulas\/","url":"https:\/\/test.puhdasplus.ee\/lv\/tooted\/minerali\/magnijs\/magnijs-lietosanai-nakti-120-kapsulas\/","name":"Magnijs lieto\u0161anai nakt\u012b 120 kapsulas - Puhdas+","isPartOf":{"@id":"https:\/\/test.puhdasplus.ee\/lv\/#website"},"primaryImageOfPage":{"@id":"https:\/\/test.puhdasplus.ee\/lv\/tooted\/minerali\/magnijs\/magnijs-lietosanai-nakti-120-kapsulas\/#primaryimage"},"image":{"@id":"https:\/\/test.puhdasplus.ee\/lv\/tooted\/minerali\/magnijs\/magnijs-lietosanai-nakti-120-kapsulas\/#primaryimage"},"thumbnailUrl":"https:\/\/test.puhdasplus.ee\/wp-content\/uploads\/2025\/03\/195.jpg","datePublished":"2025-02-14T11:53:24+00:00","dateModified":"2026-02-22T20:48:17+00:00","description":"Nakts magnijs 120 kapsulas \u2013 viegli uzs\u016bcas magnija glicin\u0101ts musku\u013cu un nervu sist\u0113mas atbalstam. Veg\u0101ns, bez piedev\u0101m un ku\u0146\u0123im draudz\u012bgs. Pas\u016btiet t\u016bl\u012bt!","breadcrumb":{"@id":"https:\/\/test.puhdasplus.ee\/lv\/tooted\/minerali\/magnijs\/magnijs-lietosanai-nakti-120-kapsulas\/#breadcrumb"},"inLanguage":"lv-LV","potentialAction":[{"@type":"ReadAction","target":["https:\/\/test.puhdasplus.ee\/lv\/tooted\/minerali\/magnijs\/magnijs-lietosanai-nakti-120-kapsulas\/"]}]},{"@type":"ImageObject","inLanguage":"lv-LV","@id":"https:\/\/test.puhdasplus.ee\/lv\/tooted\/minerali\/magnijs\/magnijs-lietosanai-nakti-120-kapsulas\/#primaryimage","url":"https:\/\/test.puhdasplus.ee\/wp-content\/uploads\/2025\/03\/195.jpg","contentUrl":"https:\/\/test.puhdasplus.ee\/wp-content\/uploads\/2025\/03\/195.jpg","width":1862,"height":2560,"caption":"ziedu magnijs"},{"@type":"BreadcrumbList","@id":"https:\/\/test.puhdasplus.ee\/lv\/tooted\/minerali\/magnijs\/magnijs-lietosanai-nakti-120-kapsulas\/#breadcrumb","itemListElement":[{"@type":"ListItem","position":1,"name":"S\u0101kums","item":"https:\/\/test.puhdasplus.ee\/lv\/"},{"@type":"ListItem","position":2,"name":"Produkti","item":"https:\/\/test.puhdasplus.ee\/lv\/veikals\/"},{"@type":"ListItem","position":3,"name":"Magnijs lieto\u0161anai nakt\u012b 120 kapsulas"}]},{"@type":"WebSite","@id":"https:\/\/test.puhdasplus.ee\/lv\/#website","url":"https:\/\/test.puhdasplus.ee\/lv\/","name":"Puhdas+","description":"Vitamiinid, Toidulisandid, looduskosmeetika, tervis, sport","publisher":{"@id":"https:\/\/test.puhdasplus.ee\/lv\/#organization"},"potentialAction":[{"@type":"SearchAction","target":{"@type":"EntryPoint","urlTemplate":"https:\/\/test.puhdasplus.ee\/lv\/?s={search_term_string}"},"query-input":{"@type":"PropertyValueSpecification","valueRequired":true,"valueName":"search_term_string"}}],"inLanguage":"lv-LV"},{"@type":"Organization","@id":"https:\/\/test.puhdasplus.ee\/lv\/#organization","name":"Puhdas+","alternateName":"Puhdasplus","url":"https:\/\/test.puhdasplus.ee\/lv\/","logo":{"@type":"ImageObject","inLanguage":"lv-LV","@id":"https:\/\/test.puhdasplus.ee\/lv\/#\/schema\/logo\/image\/","url":"https:\/\/test.puhdasplus.ee\/\/wp-content\/uploads\/2019\/10\/puhdas_logo-arvele.png","contentUrl":"https:\/\/test.puhdasplus.ee\/\/wp-content\/uploads\/2019\/10\/puhdas_logo-arvele.png","width":114,"height":94,"caption":"Puhdas+"},"image":{"@id":"https:\/\/test.puhdasplus.ee\/lv\/#\/schema\/logo\/image\/"},"sameAs":["https:\/\/www.facebook.com\/puhdasplus","https:\/\/www.instagram.com\/puhdasplus_ee\/"]}]}},"_links":{"self":[{"href":"https:\/\/test.puhdasplus.ee\/lv\/wp-json\/wp\/v2\/product\/34583","targetHints":{"allow":["GET"]}}],"collection":[{"href":"https:\/\/test.puhdasplus.ee\/lv\/wp-json\/wp\/v2\/product"}],"about":[{"href":"https:\/\/test.puhdasplus.ee\/lv\/wp-json\/wp\/v2\/types\/product"}],"replies":[{"embeddable":true,"href":"https:\/\/test.puhdasplus.ee\/lv\/wp-json\/wp\/v2\/comments?post=34583"}],"wp:featuredmedia":[{"embeddable":true,"href":"https:\/\/test.puhdasplus.ee\/lv\/wp-json\/wp\/v2\/media\/34586"}],"wp:attachment":[{"href":"https:\/\/test.puhdasplus.ee\/lv\/wp-json\/wp\/v2\/media?parent=34583"}],"wp:term":[{"taxonomy":"product_brand","embeddable":true,"href":"https:\/\/test.puhdasplus.ee\/lv\/wp-json\/wp\/v2\/product_brand?post=34583"},{"taxonomy":"product_cat","embeddable":true,"href":"https:\/\/test.puhdasplus.ee\/lv\/wp-json\/wp\/v2\/product_cat?post=34583"},{"taxonomy":"product_tag","embeddable":true,"href":"https:\/\/test.puhdasplus.ee\/lv\/wp-json\/wp\/v2\/product_tag?post=34583"}],"curies":[{"name":"wp","href":"https:\/\/api.w.org\/{rel}","templated":true}]}}