{"id":34577,"date":"2025-02-14T18:55:16","date_gmt":"2025-02-14T16:55:16","guid":{"rendered":"https:\/\/test.puhdasplus.ee\/\/tooted\/uncategorized\/meza-mellenu-kombuca-330ml\/"},"modified":"2026-02-22T22:48:21","modified_gmt":"2026-02-22T20:48:21","slug":"meza-mellenu-kombuca-330ml","status":"publish","type":"product","link":"https:\/\/test.puhdasplus.ee\/lv\/tooted\/dzerieni\/kombuca-lv\/meza-mellenu-kombuca-330ml\/","title":{"rendered":"Me\u017ea melle\u0146u kombu\u010da 330ml"},"content":{"rendered":"<h2 data-start=\"389\" data-end=\"744\">Kas ir Pure+ me\u017ea melle\u0146u kombu\u010da?<\/h2>\n<p class=\"\" data-start=\"89\" data-end=\"256\"><strong data-start=\"89\" data-end=\"181\">\u0160\u012b autentisk\u0101, biolo\u0123isk\u0101 kombu\u010da, kas ar rok\u0101m darin\u0101ta Somij\u0101, tiek br\u016bv\u0113ta m\u016bsu pa\u0161u alus dar\u012btav\u0101.<\/strong><br data-start=\"181\" data-end=\"184\"> Katr\u0101 dz\u0113riena pudel\u0113 ir <strong data-start=\"198\" data-end=\"238\">5 miljardi dz\u012bvu piensk\u0101bes bakt\u0113riju<\/strong> .<\/p>\n<p class=\"\" data-start=\"746\" data-end=\"1052\">Kombu\u010da ir dabiski g\u0101z\u0113ta \u2013 burbu\u013ci rodas dabisk\u0101 ferment\u0101cijas proces\u0101, nevis m\u0101ksl\u012bgi pievienotas og\u013csk\u0101b\u0101s g\u0101zes ietekm\u0113. Dz\u0113riena viegl\u0101 sk\u0101ben\u012bba un ogu svaigums padara to par pat\u012bkamu uzkodu, gremo\u0161anas veicin\u0101t\u0101ju p\u0113c \u0113\u0161anas vai vesel\u012bgu alternat\u012bvu parastajiem bezalkoholiskajiem dz\u0113rieniem. <\/p>\n<h2 data-start=\"1059\" data-end=\"1083\">K\u0101p\u0113c Puhdas+ Wild Blueberry kombucha ir noder\u012bga?<\/h2>\n<p class=\"\" data-start=\"1085\" data-end=\"1326\"><strong data-start=\"1085\" data-end=\"1121\">Atbalsta zarnu mikrobiomu<\/strong><br data-start=\"1121\" data-end=\"1124\"> Satur dz\u012bvas piensk\u0101bes bakt\u0113rijas \u2013 <em data-start=\"1162\" data-end=\"1187\">Lactobacillus paracasei<\/em> un <em data-start=\"1191\" data-end=\"1211\">Bacillus coagulans<\/em> \u2013, kas atbalsta ku\u0146\u0123a-zarnu trakta mikrofloras l\u012bdzsvaru un t\u0101d\u0113j\u0101di var pozit\u012bvi ietekm\u0113t gremo\u0161anu un imunit\u0101ti.<\/p>\n<p class=\"\" data-start=\"1328\" data-end=\"1553\"><strong data-start=\"1328\" data-end=\"1357\">Melle\u0146u dabiskais sp\u0113ks<\/strong><br data-start=\"1357\" data-end=\"1360\"> Me\u017ea mellenes ir paz\u012bstamas ar augstu antioksidantu saturu. \u0160ie dabiskie savienojumi pal\u012bdz aizsarg\u0101t organisma \u0161\u016bnas no oksidat\u012bv\u0101 stresa un atbalsta visp\u0101r\u0113jo iztur\u012bbu un labsaj\u016btu. <\/p>\n<p class=\"\" data-start=\"1555\" data-end=\"1787\"><strong data-start=\"1555\" data-end=\"1588\">100% organiskas un t\u012bras sast\u0101vda\u013cas<\/strong><br data-start=\"1588\" data-end=\"1591\"> Visas sast\u0101vda\u013cas ir biolo\u0123iskas izcelsmes. Dz\u0113riens nesatur m\u0101ksl\u012bgos saldin\u0101t\u0101jus, konservantus vai kr\u0101svielas. Tas ir piem\u0113rots ar\u012b apzin\u012bgam pat\u0113r\u0113t\u0101jam, kur\u0161 nov\u0113rt\u0113 t\u012br\u012bbu un draudz\u012bgumu videi.  <\/p>\n<p class=\"\" data-start=\"1789\" data-end=\"1976\"><strong data-start=\"1789\" data-end=\"1834\">Zems cukura l\u012bmenis un atsvaidzino\u0161s<\/strong><br data-start=\"1834\" data-end=\"1837\"> Nedaudz sk\u0101bens, dabiski burbu\u013cojo\u0161s un ar zemu cukura saturu \u2013 lieliska izv\u0113le tiem, kas v\u0113las kaut ko gar\u0161\u012bgu, bet ne saldu.<\/p>\n<h3>Sast\u0101vda\u013cas<\/h3>\n<p class=\"\" data-start=\"2001\" data-end=\"2053\"><strong data-start=\"468\" data-end=\"484\">Sast\u0101vda\u013cas:<\/strong><br data-start=\"484\" data-end=\"487\"> \u016adens, bie\u0161u cukurs*, meln\u0101 t\u0113ja*, kombu\u010das kult\u016bra*, melle\u0146u sula*, piensk\u0101bes bakt\u0113rijas (Lactobacillus paracasei, Bacillus coagulans), og\u013csk\u0101b\u0101 g\u0101ze.<\/p>\n<p class=\"\" data-start=\"2001\" data-end=\"2053\">(*biolo\u0123isks)<\/p>\n<h3 data-start=\"640\" data-end=\"678\">Uzturv\u0113rt\u012bbas inform\u0101cija (uz 100 g):<\/h3>\n<ul data-start=\"679\" data-end=\"805\">\n<li class=\"\" data-start=\"679\" data-end=\"707\">\n<p class=\"\" data-start=\"681\" data-end=\"707\">Ener\u0123\u0113tisk\u0101 v\u0113rt\u012bba: 23 kcal \/ 95 kJ<\/p>\n<\/li>\n<li class=\"\" data-start=\"708\" data-end=\"723\">\n<p class=\"\" data-start=\"710\" data-end=\"723\">Tauki: 0 g<\/p>\n<\/li>\n<li class=\"\" data-start=\"724\" data-end=\"775\">\n<p class=\"\" data-start=\"726\" data-end=\"746\">Og\u013chidr\u0101ti: 5,6 g<\/p>\n<ul data-start=\"749\" data-end=\"775\">\n<li class=\"\" data-start=\"749\" data-end=\"775\">\n<p class=\"\" data-start=\"751\" data-end=\"775\">tostarp cukuri: 5,2 g<\/p>\n<\/li>\n<\/ul>\n<\/li>\n<li class=\"\" data-start=\"776\" data-end=\"791\">\n<p class=\"\" data-start=\"778\" data-end=\"791\">Olbaltumvielas: 0 g<\/p>\n<\/li>\n<li class=\"\" data-start=\"792\" data-end=\"805\">\n<p class=\"\" data-start=\"794\" data-end=\"805\">S\u0101ls: 0 g<\/p>\n<\/li>\n<\/ul>\n<p class=\"\" data-start=\"807\" data-end=\"834\"><strong data-start=\"807\" data-end=\"828\">Alkohola saturs:<\/strong>&lt; 0,5%<\/p>\n<p class=\"\" data-start=\"836\" data-end=\"869\"><strong data-start=\"836\" data-end=\"847\">Iepakojums:<\/strong> 12 pudeles x 330 ml<\/p>\n<h2 data-start=\"2492\" data-end=\"2523\">Lieto\u0161ana un uzglab\u0101\u0161ana<\/h2>\n<p class=\"\" data-start=\"2524\" data-end=\"2696\">Baudiet atdzes\u0113tu. Ide\u0101li piem\u0113rots k\u0101 viegla uzkoda, gremo\u0161anas veicin\u0101\u0161anai p\u0113c \u0113dienreizes vai vienk\u0101r\u0161i atsvaidzin\u0101\u0161anai.<br data-start=\"2631\" data-end=\"2634\"> P\u0113c atv\u0113r\u0161anas uzglab\u0101t ledusskap\u012b un izlietot 2 dienu laik\u0101. <\/p>\n","protected":false},"excerpt":{"rendered":"<p class=\"\" data-start=\"248\" data-end=\"661\">Pure+ Wild Blueberry Kombucha ir augstas kvalit\u0101tes, biolo\u0123iski ra\u017eota ferment\u0113ta t\u0113ja, kas apvieno tradicion\u0101l\u0101s kombucha priek\u0161roc\u012bbas ar \u012bstu me\u017ea melle\u0146u svaigumu. Tas ir dabiski ferment\u0113ts dz\u0113riens, kas pagatavots no meln\u0101s t\u0113jas, biolo\u0123isk\u0101 cukura un dz\u012bv\u0101s kult\u016bras (SCOBY), kas rada vieglu sk\u0101bumu, dabisku karboniz\u0101ciju un bioakt\u012bvu sast\u0101vu. <\/p>\n<p class=\"\" data-start=\"663\" data-end=\"1097\">Katr\u0101 pudel\u012bt\u0113 ir dz\u012bvas piensk\u0101bes bakt\u0113rijas \u2013 <em data-start=\"711\" data-end=\"736\">Lactobacillus paracasei<\/em> un <em data-start=\"740\" data-end=\"760\">Bacillus coagulans<\/em> \u2013, kas atbalsta l\u012bdzsvarotu zarnu mikrobiomu. Regul\u0101ra probiotisko bakt\u0113riju lieto\u0161ana var veicin\u0101t norm\u0101lu gremo\u0161anas darb\u012bbu, uzlabotu bar\u012bbas vielu uzs\u016bk\u0161anos un visp\u0101r\u0113jo labsaj\u016btu. Kombu\u010da ir paz\u012bstama ar\u012b ar sav\u0101m maigaj\u0101m gremo\u0161anu veicino\u0161aj\u0101m \u012bpa\u0161\u012bb\u0101m, padarot to par lielisku izv\u0113li p\u0113c \u0113dienreiz\u0113m.  <\/p>\n<p class=\"\" data-start=\"1099\" data-end=\"1468\">Dz\u0113riena pievienot\u0101 v\u0113rt\u012bba ir biolo\u0123isk\u0101 melle\u0146u sula, kas pie\u0161\u0137ir kombu\u010dai dabisko kr\u0101su, pat\u012bkamu ogu gar\u0161u un pievieno antioksidanta iedarb\u012bbu. Me\u017ea mellenes ir dabiski bag\u0101tas ar antocian\u012bniem \u2013 bioakt\u012bviem savienojumiem, kas pal\u012bdz aizsarg\u0101t organisma \u0161\u016bnas no oksidat\u012bv\u0101 stresa un atbalsta norm\u0101lu acu, \u0101das un asinsvadu darb\u012bbu. <\/p>\n","protected":false},"featured_media":34579,"comment_status":"closed","ping_status":"closed","template":"","meta":{"_acf_changed":false},"product_brand":[],"product_cat":[5436,3067,5437],"product_tag":[5443,5438,5441,5442,2904,3074,5439,5440,2974],"class_list":{"0":"post-34577","1":"product","2":"type-product","3":"status-publish","4":"has-post-thumbnail","6":"product_cat-dzerieni","7":"product_cat-ipasie-piedavajumi","8":"product_cat-kombuca-lv","9":"product_tag-dzerieni","10":"product_tag-kombuca-lv","11":"product_tag-mellenu","12":"product_tag-meza-mellenu","13":"product_tag-organisks","14":"product_tag-organisks-lv","15":"product_tag-pienskabes-bakterijas-lv","16":"product_tag-raudzets-dzeriens","17":"product_tag-vegans","19":"first","20":"instock","21":"sale","22":"taxable","23":"shipping-taxable","24":"purchasable","25":"product-type-variable","26":"has-default-attributes"},"acf":[],"yoast_head":"<!-- This site is optimized with the Yoast SEO plugin v27.1.1 - https:\/\/yoast.com\/product\/yoast-seo-wordpress\/ -->\n<title>Me\u017ea melle\u0146u kombu\u010da 330ml - Puhdas+<\/title>\n<meta name=\"description\" content=\"Me\u017ea melle\u0146u kombu\u010da 330 ml. Organiska kombu\u010da, roku darbs, ra\u017eota Somij\u0101, satur 5 miljardus piensk\u0101bes bakt\u0113riju vien\u0101 pudel\u0113.\" \/>\n<meta name=\"robots\" content=\"noindex, follow, max-snippet:-1, max-image-preview:large, max-video-preview:-1\" \/>\n<meta property=\"og:locale\" content=\"lv_LV\" \/>\n<meta property=\"og:type\" content=\"article\" \/>\n<meta property=\"og:title\" content=\"Me\u017ea melle\u0146u kombu\u010da 330ml - Puhdas+\" \/>\n<meta property=\"og:description\" content=\"Me\u017ea melle\u0146u kombu\u010da 330 ml. Organiska kombu\u010da, roku darbs, ra\u017eota Somij\u0101, satur 5 miljardus piensk\u0101bes bakt\u0113riju vien\u0101 pudel\u0113.\" \/>\n<meta property=\"og:url\" content=\"https:\/\/test.puhdasplus.ee\/lv\/tooted\/dzerieni\/kombuca-lv\/meza-mellenu-kombuca-330ml\/\" \/>\n<meta property=\"og:site_name\" content=\"Puhdas+\" \/>\n<meta property=\"article:publisher\" content=\"https:\/\/www.facebook.com\/puhdasplus\" \/>\n<meta property=\"article:modified_time\" content=\"2026-02-22T20:48:21+00:00\" \/>\n<meta property=\"og:image\" content=\"https:\/\/test.puhdasplus.ee\/wp-content\/uploads\/2025\/03\/201.jpg\" \/>\n\t<meta property=\"og:image:width\" content=\"1862\" \/>\n\t<meta property=\"og:image:height\" content=\"2560\" \/>\n\t<meta property=\"og:image:type\" content=\"image\/jpeg\" \/>\n<meta name=\"twitter:card\" content=\"summary_large_image\" \/>\n<meta name=\"twitter:label1\" content=\"Est. reading time\" \/>\n\t<meta name=\"twitter:data1\" content=\"2 min\u016btes\" \/>\n<script type=\"application\/ld+json\" class=\"yoast-schema-graph\">{\"@context\":\"https:\/\/schema.org\",\"@graph\":[{\"@type\":\"WebPage\",\"@id\":\"https:\/\/test.puhdasplus.ee\/lv\/tooted\/dzerieni\/kombuca-lv\/meza-mellenu-kombuca-330ml\/\",\"url\":\"https:\/\/test.puhdasplus.ee\/lv\/tooted\/dzerieni\/kombuca-lv\/meza-mellenu-kombuca-330ml\/\",\"name\":\"Me\u017ea melle\u0146u kombu\u010da 330ml - Puhdas+\",\"isPartOf\":{\"@id\":\"https:\/\/test.puhdasplus.ee\/lv\/#website\"},\"primaryImageOfPage\":{\"@id\":\"https:\/\/test.puhdasplus.ee\/lv\/tooted\/dzerieni\/kombuca-lv\/meza-mellenu-kombuca-330ml\/#primaryimage\"},\"image\":{\"@id\":\"https:\/\/test.puhdasplus.ee\/lv\/tooted\/dzerieni\/kombuca-lv\/meza-mellenu-kombuca-330ml\/#primaryimage\"},\"thumbnailUrl\":\"https:\/\/test.puhdasplus.ee\/wp-content\/uploads\/2025\/03\/201.jpg\",\"datePublished\":\"2025-02-14T16:55:16+00:00\",\"dateModified\":\"2026-02-22T20:48:21+00:00\",\"description\":\"Me\u017ea melle\u0146u kombu\u010da 330 ml. Organiska kombu\u010da, roku darbs, ra\u017eota Somij\u0101, satur 5 miljardus piensk\u0101bes bakt\u0113riju vien\u0101 pudel\u0113.\",\"breadcrumb\":{\"@id\":\"https:\/\/test.puhdasplus.ee\/lv\/tooted\/dzerieni\/kombuca-lv\/meza-mellenu-kombuca-330ml\/#breadcrumb\"},\"inLanguage\":\"lv-LV\",\"potentialAction\":[{\"@type\":\"ReadAction\",\"target\":[\"https:\/\/test.puhdasplus.ee\/lv\/tooted\/dzerieni\/kombuca-lv\/meza-mellenu-kombuca-330ml\/\"]}]},{\"@type\":\"ImageObject\",\"inLanguage\":\"lv-LV\",\"@id\":\"https:\/\/test.puhdasplus.ee\/lv\/tooted\/dzerieni\/kombuca-lv\/meza-mellenu-kombuca-330ml\/#primaryimage\",\"url\":\"https:\/\/test.puhdasplus.ee\/wp-content\/uploads\/2025\/03\/201.jpg\",\"contentUrl\":\"https:\/\/test.puhdasplus.ee\/wp-content\/uploads\/2025\/03\/201.jpg\",\"width\":1862,\"height\":2560,\"caption\":\"melle\u0146u kombu\u010da\"},{\"@type\":\"BreadcrumbList\",\"@id\":\"https:\/\/test.puhdasplus.ee\/lv\/tooted\/dzerieni\/kombuca-lv\/meza-mellenu-kombuca-330ml\/#breadcrumb\",\"itemListElement\":[{\"@type\":\"ListItem\",\"position\":1,\"name\":\"S\u0101kums\",\"item\":\"https:\/\/test.puhdasplus.ee\/lv\/\"},{\"@type\":\"ListItem\",\"position\":2,\"name\":\"Produkti\",\"item\":\"https:\/\/test.puhdasplus.ee\/lv\/veikals\/\"},{\"@type\":\"ListItem\",\"position\":3,\"name\":\"Me\u017ea melle\u0146u kombu\u010da 330ml\"}]},{\"@type\":\"WebSite\",\"@id\":\"https:\/\/test.puhdasplus.ee\/lv\/#website\",\"url\":\"https:\/\/test.puhdasplus.ee\/lv\/\",\"name\":\"Puhdas+\",\"description\":\"Vitamiinid, Toidulisandid, looduskosmeetika, tervis, sport\",\"publisher\":{\"@id\":\"https:\/\/test.puhdasplus.ee\/lv\/#organization\"},\"potentialAction\":[{\"@type\":\"SearchAction\",\"target\":{\"@type\":\"EntryPoint\",\"urlTemplate\":\"https:\/\/test.puhdasplus.ee\/lv\/?s={search_term_string}\"},\"query-input\":{\"@type\":\"PropertyValueSpecification\",\"valueRequired\":true,\"valueName\":\"search_term_string\"}}],\"inLanguage\":\"lv-LV\"},{\"@type\":\"Organization\",\"@id\":\"https:\/\/test.puhdasplus.ee\/lv\/#organization\",\"name\":\"Puhdas+\",\"alternateName\":\"Puhdasplus\",\"url\":\"https:\/\/test.puhdasplus.ee\/lv\/\",\"logo\":{\"@type\":\"ImageObject\",\"inLanguage\":\"lv-LV\",\"@id\":\"https:\/\/test.puhdasplus.ee\/lv\/#\/schema\/logo\/image\/\",\"url\":\"https:\/\/test.puhdasplus.ee\/\/wp-content\/uploads\/2019\/10\/puhdas_logo-arvele.png\",\"contentUrl\":\"https:\/\/test.puhdasplus.ee\/\/wp-content\/uploads\/2019\/10\/puhdas_logo-arvele.png\",\"width\":114,\"height\":94,\"caption\":\"Puhdas+\"},\"image\":{\"@id\":\"https:\/\/test.puhdasplus.ee\/lv\/#\/schema\/logo\/image\/\"},\"sameAs\":[\"https:\/\/www.facebook.com\/puhdasplus\",\"https:\/\/www.instagram.com\/puhdasplus_ee\/\"]}]}<\/script>\n<!-- \/ Yoast SEO plugin. -->","yoast_head_json":{"title":"Me\u017ea melle\u0146u kombu\u010da 330ml - Puhdas+","description":"Me\u017ea melle\u0146u kombu\u010da 330 ml. Organiska kombu\u010da, roku darbs, ra\u017eota Somij\u0101, satur 5 miljardus piensk\u0101bes bakt\u0113riju vien\u0101 pudel\u0113.","robots":{"index":"noindex","follow":"follow","max-snippet":"max-snippet:-1","max-image-preview":"max-image-preview:large","max-video-preview":"max-video-preview:-1"},"og_locale":"lv_LV","og_type":"article","og_title":"Me\u017ea melle\u0146u kombu\u010da 330ml - Puhdas+","og_description":"Me\u017ea melle\u0146u kombu\u010da 330 ml. Organiska kombu\u010da, roku darbs, ra\u017eota Somij\u0101, satur 5 miljardus piensk\u0101bes bakt\u0113riju vien\u0101 pudel\u0113.","og_url":"https:\/\/test.puhdasplus.ee\/lv\/tooted\/dzerieni\/kombuca-lv\/meza-mellenu-kombuca-330ml\/","og_site_name":"Puhdas+","article_publisher":"https:\/\/www.facebook.com\/puhdasplus","article_modified_time":"2026-02-22T20:48:21+00:00","og_image":[{"width":1862,"height":2560,"url":"https:\/\/test.puhdasplus.ee\/wp-content\/uploads\/2025\/03\/201.jpg","type":"image\/jpeg"}],"twitter_card":"summary_large_image","twitter_misc":{"Est. reading time":"2 min\u016btes"},"schema":{"@context":"https:\/\/schema.org","@graph":[{"@type":"WebPage","@id":"https:\/\/test.puhdasplus.ee\/lv\/tooted\/dzerieni\/kombuca-lv\/meza-mellenu-kombuca-330ml\/","url":"https:\/\/test.puhdasplus.ee\/lv\/tooted\/dzerieni\/kombuca-lv\/meza-mellenu-kombuca-330ml\/","name":"Me\u017ea melle\u0146u kombu\u010da 330ml - Puhdas+","isPartOf":{"@id":"https:\/\/test.puhdasplus.ee\/lv\/#website"},"primaryImageOfPage":{"@id":"https:\/\/test.puhdasplus.ee\/lv\/tooted\/dzerieni\/kombuca-lv\/meza-mellenu-kombuca-330ml\/#primaryimage"},"image":{"@id":"https:\/\/test.puhdasplus.ee\/lv\/tooted\/dzerieni\/kombuca-lv\/meza-mellenu-kombuca-330ml\/#primaryimage"},"thumbnailUrl":"https:\/\/test.puhdasplus.ee\/wp-content\/uploads\/2025\/03\/201.jpg","datePublished":"2025-02-14T16:55:16+00:00","dateModified":"2026-02-22T20:48:21+00:00","description":"Me\u017ea melle\u0146u kombu\u010da 330 ml. Organiska kombu\u010da, roku darbs, ra\u017eota Somij\u0101, satur 5 miljardus piensk\u0101bes bakt\u0113riju vien\u0101 pudel\u0113.","breadcrumb":{"@id":"https:\/\/test.puhdasplus.ee\/lv\/tooted\/dzerieni\/kombuca-lv\/meza-mellenu-kombuca-330ml\/#breadcrumb"},"inLanguage":"lv-LV","potentialAction":[{"@type":"ReadAction","target":["https:\/\/test.puhdasplus.ee\/lv\/tooted\/dzerieni\/kombuca-lv\/meza-mellenu-kombuca-330ml\/"]}]},{"@type":"ImageObject","inLanguage":"lv-LV","@id":"https:\/\/test.puhdasplus.ee\/lv\/tooted\/dzerieni\/kombuca-lv\/meza-mellenu-kombuca-330ml\/#primaryimage","url":"https:\/\/test.puhdasplus.ee\/wp-content\/uploads\/2025\/03\/201.jpg","contentUrl":"https:\/\/test.puhdasplus.ee\/wp-content\/uploads\/2025\/03\/201.jpg","width":1862,"height":2560,"caption":"melle\u0146u kombu\u010da"},{"@type":"BreadcrumbList","@id":"https:\/\/test.puhdasplus.ee\/lv\/tooted\/dzerieni\/kombuca-lv\/meza-mellenu-kombuca-330ml\/#breadcrumb","itemListElement":[{"@type":"ListItem","position":1,"name":"S\u0101kums","item":"https:\/\/test.puhdasplus.ee\/lv\/"},{"@type":"ListItem","position":2,"name":"Produkti","item":"https:\/\/test.puhdasplus.ee\/lv\/veikals\/"},{"@type":"ListItem","position":3,"name":"Me\u017ea melle\u0146u kombu\u010da 330ml"}]},{"@type":"WebSite","@id":"https:\/\/test.puhdasplus.ee\/lv\/#website","url":"https:\/\/test.puhdasplus.ee\/lv\/","name":"Puhdas+","description":"Vitamiinid, Toidulisandid, looduskosmeetika, tervis, sport","publisher":{"@id":"https:\/\/test.puhdasplus.ee\/lv\/#organization"},"potentialAction":[{"@type":"SearchAction","target":{"@type":"EntryPoint","urlTemplate":"https:\/\/test.puhdasplus.ee\/lv\/?s={search_term_string}"},"query-input":{"@type":"PropertyValueSpecification","valueRequired":true,"valueName":"search_term_string"}}],"inLanguage":"lv-LV"},{"@type":"Organization","@id":"https:\/\/test.puhdasplus.ee\/lv\/#organization","name":"Puhdas+","alternateName":"Puhdasplus","url":"https:\/\/test.puhdasplus.ee\/lv\/","logo":{"@type":"ImageObject","inLanguage":"lv-LV","@id":"https:\/\/test.puhdasplus.ee\/lv\/#\/schema\/logo\/image\/","url":"https:\/\/test.puhdasplus.ee\/\/wp-content\/uploads\/2019\/10\/puhdas_logo-arvele.png","contentUrl":"https:\/\/test.puhdasplus.ee\/\/wp-content\/uploads\/2019\/10\/puhdas_logo-arvele.png","width":114,"height":94,"caption":"Puhdas+"},"image":{"@id":"https:\/\/test.puhdasplus.ee\/lv\/#\/schema\/logo\/image\/"},"sameAs":["https:\/\/www.facebook.com\/puhdasplus","https:\/\/www.instagram.com\/puhdasplus_ee\/"]}]}},"_links":{"self":[{"href":"https:\/\/test.puhdasplus.ee\/lv\/wp-json\/wp\/v2\/product\/34577","targetHints":{"allow":["GET"]}}],"collection":[{"href":"https:\/\/test.puhdasplus.ee\/lv\/wp-json\/wp\/v2\/product"}],"about":[{"href":"https:\/\/test.puhdasplus.ee\/lv\/wp-json\/wp\/v2\/types\/product"}],"replies":[{"embeddable":true,"href":"https:\/\/test.puhdasplus.ee\/lv\/wp-json\/wp\/v2\/comments?post=34577"}],"wp:featuredmedia":[{"embeddable":true,"href":"https:\/\/test.puhdasplus.ee\/lv\/wp-json\/wp\/v2\/media\/34579"}],"wp:attachment":[{"href":"https:\/\/test.puhdasplus.ee\/lv\/wp-json\/wp\/v2\/media?parent=34577"}],"wp:term":[{"taxonomy":"product_brand","embeddable":true,"href":"https:\/\/test.puhdasplus.ee\/lv\/wp-json\/wp\/v2\/product_brand?post=34577"},{"taxonomy":"product_cat","embeddable":true,"href":"https:\/\/test.puhdasplus.ee\/lv\/wp-json\/wp\/v2\/product_cat?post=34577"},{"taxonomy":"product_tag","embeddable":true,"href":"https:\/\/test.puhdasplus.ee\/lv\/wp-json\/wp\/v2\/product_tag?post=34577"}],"curies":[{"name":"wp","href":"https:\/\/api.w.org\/{rel}","templated":true}]}}