{"id":34554,"date":"2025-02-02T16:03:19","date_gmt":"2025-02-02T14:03:19","guid":{"rendered":"https:\/\/test.puhdasplus.ee\/\/tooted\/uncategorized\/l-karnitina-pulveris-100-g\/"},"modified":"2026-02-22T22:48:03","modified_gmt":"2026-02-22T20:48:03","slug":"l-karnitina-pulveris-100-g","status":"publish","type":"product","link":"https:\/\/test.puhdasplus.ee\/lv\/tooted\/gremosana-un-vielmaina\/l-karnitina-pulveris-100-g\/","title":{"rendered":"L-karnit\u012bna pulveris 100 g"},"content":{"rendered":"<h2>Kas ir L-karnit\u012bna pulveris?<\/h2>\n<p>Pure+ L-karnit\u012bna pulveris ir 100% t\u012brs L-karnit\u012bns, aminosk\u0101be, ko organisms izmanto ener\u0123ijas metabolismam. Tas ir vienk\u0101r\u0161s un elast\u012bgs veids, k\u0101 ikdienas uztur\u0101 iek\u013caut vielu, kas saist\u012bta ar vitalit\u0101ti un akt\u012bvu dz\u012bvesveidu. Pulvera forma nodro\u0161ina \u0113rtu lieto\u0161anu \u2013 vienk\u0101r\u0161i sajauciet to ar \u016bdeni, sulu vai koktei\u013ciem.  <\/p>\n<h2 data-start=\"644\" data-end=\"683\">K\u0101p\u0113c L-karnit\u012bns ir noder\u012bgs?<\/h2>\n<p data-start=\"685\" data-end=\"727\"><strong>Piedal\u0101s ener\u0123ijas metabolism\u0101<\/strong><\/p>\n<p data-start=\"190\" data-end=\"338\">L-karnit\u012bns ir aminosk\u0101be, kas iesaist\u012bta tauksk\u0101bju metabolism\u0101 un pal\u012bdz organismam efekt\u012bv\u0101k izmantot ener\u0123iju.<\/p>\n<p data-start=\"340\" data-end=\"552\"><strong data-start=\"340\" data-end=\"369\">Atbalsta akt\u012bvu dz\u012bvesveidu<\/strong><\/p>\n<p data-start=\"340\" data-end=\"552\">Karnit\u012bna popularit\u0101te izriet no t\u0101 saist\u012bbas ar ener\u0123ijas l\u012bme\u0146a un iztur\u012bbas uztur\u0113\u0161anu \u2013 to bie\u017ei lieto gan sportistu, gan akt\u012bvu cilv\u0113ku ikdienas uztur\u0101.<\/p>\n<p data-start=\"554\" data-end=\"739\"><strong data-start=\"554\" data-end=\"589\">Ikdienas ener\u0123ijas atbalstam<\/strong><\/p>\n<p data-start=\"554\" data-end=\"739\">L-karnit\u012bna papildin\u0101\u0161ana var b\u016bt noder\u012bga noguruma un stresa periodos, kad \u0137ermenim nepiecie\u0161ams papildu atbalsts dabiskajiem vielmai\u0146as procesiem.<\/p>\n<p data-start=\"741\" data-end=\"920\"><strong data-start=\"741\" data-end=\"766\">Piln\u012bgi t\u012brs sast\u0101vs<\/strong><\/p>\n<p data-start=\"741\" data-end=\"920\">Produkts nesatur glut\u0113nu, laktozi, raugu, m\u0101ksl\u012bgos saldin\u0101t\u0101jus vai citas piedevas. Tas ir piem\u0113rots ar\u012b veg\u0101niem un cilv\u0113kiem ar jut\u012bgu gremo\u0161anas sist\u0113mu. <\/p>\n<h2 data-start=\"1488\" data-end=\"1533\">Kam ir piem\u0113rots Pure+ L-karnit\u012bns?<\/h2>\n<ul data-start=\"1535\" data-end=\"1807\">\n<li class=\"\" data-start=\"1535\" data-end=\"1605\">\n<p class=\"\" data-start=\"1537\" data-end=\"1605\">Cilv\u0113kiem, kuri v\u0113las atbalst\u012bt ener\u0123ijas l\u012bmeni un vielmai\u0146u<\/p>\n<\/li>\n<li class=\"\" data-start=\"1606\" data-end=\"1663\">\n<p class=\"\" data-start=\"1608\" data-end=\"1663\">Treneriem, sportistiem un akt\u012bviem cilv\u0113kiem<\/p>\n<\/li>\n<li class=\"\" data-start=\"1664\" data-end=\"1742\">\n<p class=\"\" data-start=\"1666\" data-end=\"1742\">Veg\u0101niem un ve\u0123et\u0101rie\u0161iem, kuru uztur\u0101 var b\u016bt karnit\u012bna tr\u016bkums<\/p>\n<\/li>\n<li class=\"\" data-start=\"1743\" data-end=\"1807\">\n<p class=\"\" data-start=\"1745\" data-end=\"1807\">Ikvienam, kur\u0161 v\u0113las t\u012bru un bez piedev\u0101m eso\u0161u uztura bag\u0101tin\u0101t\u0101ju<\/p>\n<\/li>\n<\/ul>\n<h2 data-start=\"1814\" data-end=\"1835\">Lietojums<\/h2>\n<p class=\"\" data-start=\"1837\" data-end=\"1983\"><strong data-start=\"1837\" data-end=\"1866\">Ieteicam\u0101 dienas deva:<\/strong> 3 m\u0113rkarotes (1 ml) dien\u0101.<br data-start=\"1899\" data-end=\"1902\"> Sajauciet ar nelielu daudzumu \u016bdens vai sulas. Lieliski piem\u0113rots ar\u012b pievieno\u0161anai sm\u016btijiem. <\/p>\n<p class=\"\" data-start=\"1985\" data-end=\"2136\">Dienas devu nedr\u012bkst p\u0101rsniegt. Uztura bag\u0101tin\u0101t\u0101js neaizst\u0101j daudzveid\u012bgu uzturu vai vesel\u012bgu dz\u012bvesveidu. Sarg\u0101t no b\u0113rniem.<\/p>\n<h2 data-start=\"2143\" data-end=\"2181\">Sast\u0101vda\u013cas un uzturv\u0113rt\u012bba<\/h2>\n<ul data-start=\"2183\" data-end=\"2299\">\n<li class=\"\" data-start=\"2183\" data-end=\"2215\">\n<p class=\"\" data-start=\"2185\" data-end=\"2215\"><strong data-start=\"2185\" data-end=\"2201\">Sast\u0101vda\u013cas:<\/strong> L-karnit\u012bns<\/p>\n<\/li>\n<li class=\"\" data-start=\"2216\" data-end=\"2299\">\n<p class=\"\" data-start=\"2218\" data-end=\"2274\"><strong data-start=\"2218\" data-end=\"2272\">Dienas deva (3 m\u0113rkarotes \/ 1 ml) satur:<\/strong><\/p>\n<ul data-start=\"2277\" data-end=\"2299\">\n<li class=\"\" data-start=\"2277\" data-end=\"2299\">\n<p class=\"\" data-start=\"2279\" data-end=\"2299\">L-karnit\u012bns: 2000 mg<\/p>\n<\/li>\n<\/ul>\n<\/li>\n<\/ul>\n","protected":false},"excerpt":{"rendered":"<p data-start=\"364\" data-end=\"658\"><strong data-start=\"364\" data-end=\"504\">Pure+ L-karnit\u012bna pulveris 100 g ir dab\u012bgs un t\u012brs uztura bag\u0101tin\u0101t\u0101js, kas atbalsta ener\u0123ijas metabolismu un pal\u012bdz uztur\u0113t ikdienas vitalit\u0101ti.<\/strong>  L-karnit\u012bns ir aminosk\u0101be, ko organisms izmanto tauksk\u0101bju metabolism\u0101, t\u0101p\u0113c tas ir \u012bpa\u0161i popul\u0101rs akt\u012bvu cilv\u0113ku un vingrot\u0101ju vid\u016b.<\/p>\n<p data-start=\"660\" data-end=\"950\">Pulveris ir piem\u0113rots ar\u012b noguruma un stresa laik\u0101, sniedzot papildu atbalstu organisma dabiskajiem procesiem. Pateicoties neitr\u0101lajai gar\u0161ai, to ir viegli sajaukt ar \u016bdeni, sulu vai sm\u016btijiem. Produkts ir 100% t\u012brs, nesatur glut\u0113nu, laktozi vai m\u0101ksl\u012bgas piedevas, un ir piem\u0113rots ar\u012b veg\u0101niem.  <\/p>\n","protected":false},"featured_media":34556,"comment_status":"closed","ping_status":"closed","template":"","meta":{"_acf_changed":false},"product_brand":[],"product_cat":[3509,3344],"product_tag":[3485,3042,5395,5394,4571,3206,2974,3879],"class_list":{"0":"post-34554","1":"product","2":"type-product","3":"status-publish","4":"has-post-thumbnail","6":"product_cat-aminoskabes","7":"product_cat-gremosana-un-vielmaina","8":"product_tag-aminoskabe","9":"product_tag-energija-lv","10":"product_tag-energijas-limenis","11":"product_tag-l-karnitins","12":"product_tag-tauku-vielmaina","13":"product_tag-uztura-bagatinatajs","14":"product_tag-vegans","15":"product_tag-vielmaina","17":"first","18":"onbackorder","19":"taxable","20":"shipping-taxable","21":"purchasable","22":"product-type-simple"},"acf":[],"yoast_head":"<!-- This site is optimized with the Yoast SEO plugin v27.1.1 - https:\/\/yoast.com\/product\/yoast-seo-wordpress\/ -->\n<title>L-karnit\u012bna pulveris 100 g - Puhdas+<\/title>\n<meta name=\"description\" content=\"L-karnit\u012bna pulveris 100 g ir t\u012brs uztura bag\u0101tin\u0101t\u0101js, kas atbalsta tauku vielmai\u0146u un ener\u0123ijas l\u012bmeni. Bez piedev\u0101m, piem\u0113rots veg\u0101niem un ve\u0123et\u0101rie\u0161iem.\" \/>\n<meta name=\"robots\" content=\"noindex, follow, max-snippet:-1, max-image-preview:large, max-video-preview:-1\" \/>\n<meta property=\"og:locale\" content=\"lv_LV\" \/>\n<meta property=\"og:type\" content=\"article\" \/>\n<meta property=\"og:title\" content=\"L-karnit\u012bna pulveris 100 g - Puhdas+\" \/>\n<meta property=\"og:description\" content=\"L-karnit\u012bna pulveris 100 g ir t\u012brs uztura bag\u0101tin\u0101t\u0101js, kas atbalsta tauku vielmai\u0146u un ener\u0123ijas l\u012bmeni. Bez piedev\u0101m, piem\u0113rots veg\u0101niem un ve\u0123et\u0101rie\u0161iem.\" \/>\n<meta property=\"og:url\" content=\"https:\/\/test.puhdasplus.ee\/lv\/tooted\/gremosana-un-vielmaina\/l-karnitina-pulveris-100-g\/\" \/>\n<meta property=\"og:site_name\" content=\"Puhdas+\" \/>\n<meta property=\"article:publisher\" content=\"https:\/\/www.facebook.com\/puhdasplus\" \/>\n<meta property=\"article:modified_time\" content=\"2026-02-22T20:48:03+00:00\" \/>\n<meta property=\"og:image\" content=\"https:\/\/test.puhdasplus.ee\/wp-content\/uploads\/2025\/03\/179.jpg\" \/>\n\t<meta property=\"og:image:width\" content=\"1862\" \/>\n\t<meta property=\"og:image:height\" content=\"2560\" \/>\n\t<meta property=\"og:image:type\" content=\"image\/jpeg\" \/>\n<meta name=\"twitter:card\" content=\"summary_large_image\" \/>\n<meta name=\"twitter:label1\" content=\"Est. reading time\" \/>\n\t<meta name=\"twitter:data1\" content=\"2 min\u016btes\" \/>\n<script type=\"application\/ld+json\" class=\"yoast-schema-graph\">{\"@context\":\"https:\/\/schema.org\",\"@graph\":[{\"@type\":\"WebPage\",\"@id\":\"https:\/\/test.puhdasplus.ee\/lv\/tooted\/gremosana-un-vielmaina\/l-karnitina-pulveris-100-g\/\",\"url\":\"https:\/\/test.puhdasplus.ee\/lv\/tooted\/gremosana-un-vielmaina\/l-karnitina-pulveris-100-g\/\",\"name\":\"L-karnit\u012bna pulveris 100 g - Puhdas+\",\"isPartOf\":{\"@id\":\"https:\/\/test.puhdasplus.ee\/lv\/#website\"},\"primaryImageOfPage\":{\"@id\":\"https:\/\/test.puhdasplus.ee\/lv\/tooted\/gremosana-un-vielmaina\/l-karnitina-pulveris-100-g\/#primaryimage\"},\"image\":{\"@id\":\"https:\/\/test.puhdasplus.ee\/lv\/tooted\/gremosana-un-vielmaina\/l-karnitina-pulveris-100-g\/#primaryimage\"},\"thumbnailUrl\":\"https:\/\/test.puhdasplus.ee\/wp-content\/uploads\/2025\/03\/179.jpg\",\"datePublished\":\"2025-02-02T14:03:19+00:00\",\"dateModified\":\"2026-02-22T20:48:03+00:00\",\"description\":\"L-karnit\u012bna pulveris 100 g ir t\u012brs uztura bag\u0101tin\u0101t\u0101js, kas atbalsta tauku vielmai\u0146u un ener\u0123ijas l\u012bmeni. Bez piedev\u0101m, piem\u0113rots veg\u0101niem un ve\u0123et\u0101rie\u0161iem.\",\"breadcrumb\":{\"@id\":\"https:\/\/test.puhdasplus.ee\/lv\/tooted\/gremosana-un-vielmaina\/l-karnitina-pulveris-100-g\/#breadcrumb\"},\"inLanguage\":\"lv-LV\",\"potentialAction\":[{\"@type\":\"ReadAction\",\"target\":[\"https:\/\/test.puhdasplus.ee\/lv\/tooted\/gremosana-un-vielmaina\/l-karnitina-pulveris-100-g\/\"]}]},{\"@type\":\"ImageObject\",\"inLanguage\":\"lv-LV\",\"@id\":\"https:\/\/test.puhdasplus.ee\/lv\/tooted\/gremosana-un-vielmaina\/l-karnitina-pulveris-100-g\/#primaryimage\",\"url\":\"https:\/\/test.puhdasplus.ee\/wp-content\/uploads\/2025\/03\/179.jpg\",\"contentUrl\":\"https:\/\/test.puhdasplus.ee\/wp-content\/uploads\/2025\/03\/179.jpg\",\"width\":1862,\"height\":2560,\"caption\":\"L-karnit\u012bna pulveris\"},{\"@type\":\"BreadcrumbList\",\"@id\":\"https:\/\/test.puhdasplus.ee\/lv\/tooted\/gremosana-un-vielmaina\/l-karnitina-pulveris-100-g\/#breadcrumb\",\"itemListElement\":[{\"@type\":\"ListItem\",\"position\":1,\"name\":\"S\u0101kums\",\"item\":\"https:\/\/test.puhdasplus.ee\/lv\/\"},{\"@type\":\"ListItem\",\"position\":2,\"name\":\"Produkti\",\"item\":\"https:\/\/test.puhdasplus.ee\/lv\/veikals\/\"},{\"@type\":\"ListItem\",\"position\":3,\"name\":\"L-karnit\u012bna pulveris 100 g\"}]},{\"@type\":\"WebSite\",\"@id\":\"https:\/\/test.puhdasplus.ee\/lv\/#website\",\"url\":\"https:\/\/test.puhdasplus.ee\/lv\/\",\"name\":\"Puhdas+\",\"description\":\"Vitamiinid, Toidulisandid, looduskosmeetika, tervis, sport\",\"publisher\":{\"@id\":\"https:\/\/test.puhdasplus.ee\/lv\/#organization\"},\"potentialAction\":[{\"@type\":\"SearchAction\",\"target\":{\"@type\":\"EntryPoint\",\"urlTemplate\":\"https:\/\/test.puhdasplus.ee\/lv\/?s={search_term_string}\"},\"query-input\":{\"@type\":\"PropertyValueSpecification\",\"valueRequired\":true,\"valueName\":\"search_term_string\"}}],\"inLanguage\":\"lv-LV\"},{\"@type\":\"Organization\",\"@id\":\"https:\/\/test.puhdasplus.ee\/lv\/#organization\",\"name\":\"Puhdas+\",\"alternateName\":\"Puhdasplus\",\"url\":\"https:\/\/test.puhdasplus.ee\/lv\/\",\"logo\":{\"@type\":\"ImageObject\",\"inLanguage\":\"lv-LV\",\"@id\":\"https:\/\/test.puhdasplus.ee\/lv\/#\/schema\/logo\/image\/\",\"url\":\"https:\/\/test.puhdasplus.ee\/\/wp-content\/uploads\/2019\/10\/puhdas_logo-arvele.png\",\"contentUrl\":\"https:\/\/test.puhdasplus.ee\/\/wp-content\/uploads\/2019\/10\/puhdas_logo-arvele.png\",\"width\":114,\"height\":94,\"caption\":\"Puhdas+\"},\"image\":{\"@id\":\"https:\/\/test.puhdasplus.ee\/lv\/#\/schema\/logo\/image\/\"},\"sameAs\":[\"https:\/\/www.facebook.com\/puhdasplus\",\"https:\/\/www.instagram.com\/puhdasplus_ee\/\"]}]}<\/script>\n<!-- \/ Yoast SEO plugin. -->","yoast_head_json":{"title":"L-karnit\u012bna pulveris 100 g - Puhdas+","description":"L-karnit\u012bna pulveris 100 g ir t\u012brs uztura bag\u0101tin\u0101t\u0101js, kas atbalsta tauku vielmai\u0146u un ener\u0123ijas l\u012bmeni. Bez piedev\u0101m, piem\u0113rots veg\u0101niem un ve\u0123et\u0101rie\u0161iem.","robots":{"index":"noindex","follow":"follow","max-snippet":"max-snippet:-1","max-image-preview":"max-image-preview:large","max-video-preview":"max-video-preview:-1"},"og_locale":"lv_LV","og_type":"article","og_title":"L-karnit\u012bna pulveris 100 g - Puhdas+","og_description":"L-karnit\u012bna pulveris 100 g ir t\u012brs uztura bag\u0101tin\u0101t\u0101js, kas atbalsta tauku vielmai\u0146u un ener\u0123ijas l\u012bmeni. Bez piedev\u0101m, piem\u0113rots veg\u0101niem un ve\u0123et\u0101rie\u0161iem.","og_url":"https:\/\/test.puhdasplus.ee\/lv\/tooted\/gremosana-un-vielmaina\/l-karnitina-pulveris-100-g\/","og_site_name":"Puhdas+","article_publisher":"https:\/\/www.facebook.com\/puhdasplus","article_modified_time":"2026-02-22T20:48:03+00:00","og_image":[{"width":1862,"height":2560,"url":"https:\/\/test.puhdasplus.ee\/wp-content\/uploads\/2025\/03\/179.jpg","type":"image\/jpeg"}],"twitter_card":"summary_large_image","twitter_misc":{"Est. reading time":"2 min\u016btes"},"schema":{"@context":"https:\/\/schema.org","@graph":[{"@type":"WebPage","@id":"https:\/\/test.puhdasplus.ee\/lv\/tooted\/gremosana-un-vielmaina\/l-karnitina-pulveris-100-g\/","url":"https:\/\/test.puhdasplus.ee\/lv\/tooted\/gremosana-un-vielmaina\/l-karnitina-pulveris-100-g\/","name":"L-karnit\u012bna pulveris 100 g - Puhdas+","isPartOf":{"@id":"https:\/\/test.puhdasplus.ee\/lv\/#website"},"primaryImageOfPage":{"@id":"https:\/\/test.puhdasplus.ee\/lv\/tooted\/gremosana-un-vielmaina\/l-karnitina-pulveris-100-g\/#primaryimage"},"image":{"@id":"https:\/\/test.puhdasplus.ee\/lv\/tooted\/gremosana-un-vielmaina\/l-karnitina-pulveris-100-g\/#primaryimage"},"thumbnailUrl":"https:\/\/test.puhdasplus.ee\/wp-content\/uploads\/2025\/03\/179.jpg","datePublished":"2025-02-02T14:03:19+00:00","dateModified":"2026-02-22T20:48:03+00:00","description":"L-karnit\u012bna pulveris 100 g ir t\u012brs uztura bag\u0101tin\u0101t\u0101js, kas atbalsta tauku vielmai\u0146u un ener\u0123ijas l\u012bmeni. Bez piedev\u0101m, piem\u0113rots veg\u0101niem un ve\u0123et\u0101rie\u0161iem.","breadcrumb":{"@id":"https:\/\/test.puhdasplus.ee\/lv\/tooted\/gremosana-un-vielmaina\/l-karnitina-pulveris-100-g\/#breadcrumb"},"inLanguage":"lv-LV","potentialAction":[{"@type":"ReadAction","target":["https:\/\/test.puhdasplus.ee\/lv\/tooted\/gremosana-un-vielmaina\/l-karnitina-pulveris-100-g\/"]}]},{"@type":"ImageObject","inLanguage":"lv-LV","@id":"https:\/\/test.puhdasplus.ee\/lv\/tooted\/gremosana-un-vielmaina\/l-karnitina-pulveris-100-g\/#primaryimage","url":"https:\/\/test.puhdasplus.ee\/wp-content\/uploads\/2025\/03\/179.jpg","contentUrl":"https:\/\/test.puhdasplus.ee\/wp-content\/uploads\/2025\/03\/179.jpg","width":1862,"height":2560,"caption":"L-karnit\u012bna pulveris"},{"@type":"BreadcrumbList","@id":"https:\/\/test.puhdasplus.ee\/lv\/tooted\/gremosana-un-vielmaina\/l-karnitina-pulveris-100-g\/#breadcrumb","itemListElement":[{"@type":"ListItem","position":1,"name":"S\u0101kums","item":"https:\/\/test.puhdasplus.ee\/lv\/"},{"@type":"ListItem","position":2,"name":"Produkti","item":"https:\/\/test.puhdasplus.ee\/lv\/veikals\/"},{"@type":"ListItem","position":3,"name":"L-karnit\u012bna pulveris 100 g"}]},{"@type":"WebSite","@id":"https:\/\/test.puhdasplus.ee\/lv\/#website","url":"https:\/\/test.puhdasplus.ee\/lv\/","name":"Puhdas+","description":"Vitamiinid, Toidulisandid, looduskosmeetika, tervis, sport","publisher":{"@id":"https:\/\/test.puhdasplus.ee\/lv\/#organization"},"potentialAction":[{"@type":"SearchAction","target":{"@type":"EntryPoint","urlTemplate":"https:\/\/test.puhdasplus.ee\/lv\/?s={search_term_string}"},"query-input":{"@type":"PropertyValueSpecification","valueRequired":true,"valueName":"search_term_string"}}],"inLanguage":"lv-LV"},{"@type":"Organization","@id":"https:\/\/test.puhdasplus.ee\/lv\/#organization","name":"Puhdas+","alternateName":"Puhdasplus","url":"https:\/\/test.puhdasplus.ee\/lv\/","logo":{"@type":"ImageObject","inLanguage":"lv-LV","@id":"https:\/\/test.puhdasplus.ee\/lv\/#\/schema\/logo\/image\/","url":"https:\/\/test.puhdasplus.ee\/\/wp-content\/uploads\/2019\/10\/puhdas_logo-arvele.png","contentUrl":"https:\/\/test.puhdasplus.ee\/\/wp-content\/uploads\/2019\/10\/puhdas_logo-arvele.png","width":114,"height":94,"caption":"Puhdas+"},"image":{"@id":"https:\/\/test.puhdasplus.ee\/lv\/#\/schema\/logo\/image\/"},"sameAs":["https:\/\/www.facebook.com\/puhdasplus","https:\/\/www.instagram.com\/puhdasplus_ee\/"]}]}},"_links":{"self":[{"href":"https:\/\/test.puhdasplus.ee\/lv\/wp-json\/wp\/v2\/product\/34554","targetHints":{"allow":["GET"]}}],"collection":[{"href":"https:\/\/test.puhdasplus.ee\/lv\/wp-json\/wp\/v2\/product"}],"about":[{"href":"https:\/\/test.puhdasplus.ee\/lv\/wp-json\/wp\/v2\/types\/product"}],"replies":[{"embeddable":true,"href":"https:\/\/test.puhdasplus.ee\/lv\/wp-json\/wp\/v2\/comments?post=34554"}],"wp:featuredmedia":[{"embeddable":true,"href":"https:\/\/test.puhdasplus.ee\/lv\/wp-json\/wp\/v2\/media\/34556"}],"wp:attachment":[{"href":"https:\/\/test.puhdasplus.ee\/lv\/wp-json\/wp\/v2\/media?parent=34554"}],"wp:term":[{"taxonomy":"product_brand","embeddable":true,"href":"https:\/\/test.puhdasplus.ee\/lv\/wp-json\/wp\/v2\/product_brand?post=34554"},{"taxonomy":"product_cat","embeddable":true,"href":"https:\/\/test.puhdasplus.ee\/lv\/wp-json\/wp\/v2\/product_cat?post=34554"},{"taxonomy":"product_tag","embeddable":true,"href":"https:\/\/test.puhdasplus.ee\/lv\/wp-json\/wp\/v2\/product_tag?post=34554"}],"curies":[{"name":"wp","href":"https:\/\/api.w.org\/{rel}","templated":true}]}}