{"id":34553,"date":"2025-02-03T15:00:02","date_gmt":"2025-02-03T13:00:02","guid":{"rendered":"https:\/\/test.puhdasplus.ee\/\/tooted\/uncategorized\/holins-300-mg\/"},"modified":"2026-03-04T22:03:14","modified_gmt":"2026-03-04T20:03:14","slug":"holins-300-mg","status":"publish","type":"product","link":"https:\/\/test.puhdasplus.ee\/lv\/tooted\/ipasie-piedavajumi\/holins-300-mg\/","title":{"rendered":"Hol\u012bns 300 mg"},"content":{"rendered":"<h3 data-start=\"77\" data-end=\"201\">Hol\u012bns <b>\u2013 pal\u012bdz uztur\u0113t norm\u0101lu aknu darb\u012bbu un homociste\u012bna metabolismu.<\/b><\/h3>\n<p data-start=\"77\" data-end=\"201\">Hol\u012bns nesen ir iek\u013cauts Zieme\u013cvalstu uztura ieteikumos.<\/p>\n<p class=\"p1\">Hol\u012bns ir b\u016btiska organisma uzturviela, kas veicina <b>tauku vielmai\u0146u un norm\u0101lu aknu darb\u012bbu.<\/b> Hol\u012bns atbalsta tauku transport\u0113\u0161anu no akn\u0101m uz cit\u0101m \u0137erme\u0146a da\u013c\u0101m, t\u0101d\u0113j\u0101di pal\u012bdzot <b>uztur\u0113t aknu dabisko l\u012bdzsvaru un darb\u012bbu<\/b> . Hol\u012bns piedal\u0101s ar\u012b vielmai\u0146as procesos, kas <b>p\u0101rv\u0113r\u0161 bar\u012bbas vielas ener\u0123ij\u0101, ko organisms var izmantot.<\/b> T\u0101p\u0113c hol\u012bns ir svar\u012bgs elements <b>gan aknu vesel\u012bbas, gan tauku vielmai\u0146as atbalst\u012b\u0161an\u0101.<\/b> Pietiekama hol\u012bna uz\u0146em\u0161ana pal\u012bdz uztur\u0113t aknu darb\u012bbu un <strong>atbalsta organisma dabisko ener\u0123ijas izmanto\u0161anu.<\/strong> <\/p>\n<p data-start=\"848\" data-end=\"885\"><strong data-start=\"852\" data-end=\"883\">Hol\u012bna labv\u0113l\u012bg\u0101s \u012bpa\u0161\u012bbas:<\/strong><\/p>\n<ul>\n<li data-start=\"886\" data-end=\"1025\">Pal\u012bdz <strong data-start=\"894\" data-end=\"939\">uztur\u0113t norm\u0101lu tauku vielmai\u0146u<\/strong><\/li>\n<li data-start=\"886\" data-end=\"1025\">Atbalsta <strong data-start=\"951\" data-end=\"983\">norm\u0101lu aknu darb\u012bbu<\/strong><\/li>\n<\/ul>\n<p data-start=\"1027\" data-end=\"1191\" data-is-last-node=\"\">  Produkts ir augstas kvalit\u0101tes uztura bag\u0101tin\u0101t\u0101js, kas ra\u017eots bez nevajadz\u012bg\u0101m piedev\u0101m \u2013 <strong data-start=\"1126\" data-end=\"1190\">tas nesatur konservantus, kr\u0101svielas vai virsmas apstr\u0101des l\u012bdzek\u013cus<\/strong> .<\/p>\n<p data-start=\"0\" data-end=\"96\"><strong>Sast\u0101vda\u013cas:<\/strong> hol\u012bns (L-bitartr\u0101ts), augu izcelsmes kapsula (stabilizators: hidroksipropilmetilceluloze).<\/p>\n<p data-start=\"98\" data-end=\"209\"><strong data-start=\"98\" data-end=\"112\">Nesatur<\/strong> laktozi, raugu vai glut\u0113nu.<br data-start=\"142\" data-end=\"145\"> <strong data-start=\"145\" data-end=\"159\">Nesatur<\/strong> cukuru, cieti, kukur\u016bzu, soju vai saldin\u0101t\u0101jus.<\/p>\n<p data-start=\"0\" data-end=\"22\"><strong>Deva<\/strong> : Dienas deva 1\u20132 kapsulas satur 300\u2013600 mg hol\u012bna. Nep\u0101rsniedziet ieteicamo dienas devu. <\/p>\n<p data-start=\"83\" data-end=\"211\" data-is-last-node=\"\">Uztura bag\u0101tin\u0101t\u0101js neaizst\u0101j daudzveid\u012bgu un sabalans\u0113tu uzturu vai vesel\u012bgu dz\u012bvesveidu.<br data-start=\"171\" data-end=\"174\"> Sarg\u0101t no b\u0113rniem.<\/p>\n<p data-start=\"83\" data-end=\"211\" data-is-last-node=\"\"><strong data-start=\"796\" data-end=\"807\">Ra\u017eot\u0101js:<\/strong> New Organics Oy, Somija<br data-start=\"830\" data-end=\"833\"><strong data-start=\"833\" data-end=\"848\">Import\u0113t\u0101js:<\/strong> NordenBio O\u00dc, Narva mnt 7, 10117 Tallina<\/p>\n","protected":false},"excerpt":{"rendered":"<p class=\"p1\"><b>Hol\u012bns \u2013 svar\u012bga uzturviela aknu un tauku metabolisma atbalstam.<\/b><b><\/b><\/p>\n<p class=\"p2\">Pure+ Strong Choline ir augstas kvalit\u0101tes uztura bag\u0101tin\u0101t\u0101js, kas satur hol\u012bnu L-bitartr\u0101ta veid\u0101. Hol\u012bns pal\u012bdz uztur\u0113t norm\u0101lu tauku vielmai\u0146u un atbalsta norm\u0101lu aknu darb\u012bbu. Produktam ir t\u012brs sast\u0101vs un tas nesatur m\u0101ksl\u012bgas piedevas, piem\u0113ram, konservantus, kr\u0101svielas vai saldin\u0101t\u0101jus.  <\/p>\n","protected":false},"featured_media":32445,"comment_status":"closed","ping_status":"closed","template":"","meta":{"_acf_changed":false},"product_brand":[],"product_cat":[3344,3067],"product_tag":[5391,3348,3347,5393,5390,4568,5392,3879],"class_list":{"0":"post-34553","1":"product","2":"type-product","3":"status-publish","4":"has-post-thumbnail","6":"product_cat-gremosana-un-vielmaina","7":"product_cat-ipasie-piedavajumi","8":"product_tag-aknu-atbalstam","9":"product_tag-bez-glutena","10":"product_tag-bez-laktozes","11":"product_tag-bez-piedevam","12":"product_tag-holina-piedeva","13":"product_tag-holins","14":"product_tag-vegans-holins","15":"product_tag-vielmaina","17":"first","18":"instock","19":"sale","20":"taxable","21":"shipping-taxable","22":"purchasable","23":"product-type-variable","24":"has-default-attributes"},"acf":[],"yoast_head":"<!-- This site is optimized with the Yoast SEO plugin v27.1.1 - https:\/\/yoast.com\/product\/yoast-seo-wordpress\/ -->\n<title>Hol\u012bns 300 mg - Puhdas+<\/title>\n<meta name=\"description\" content=\"Hol\u012bna 50 kapsulas \u2013 augstas kvalit\u0101tes, bez piedev\u0101m uztura bag\u0101tin\u0101t\u0101js, kas satur hol\u012bnu, svar\u012bgu uzturvielu norm\u0101lai aknu darb\u012bbai. Piem\u0113rots veg\u0101niem.\" \/>\n<meta name=\"robots\" content=\"noindex, follow, max-snippet:-1, max-image-preview:large, max-video-preview:-1\" \/>\n<meta property=\"og:locale\" content=\"lv_LV\" \/>\n<meta property=\"og:type\" content=\"article\" \/>\n<meta property=\"og:title\" content=\"Hol\u012bns 300 mg - Puhdas+\" \/>\n<meta property=\"og:description\" content=\"Hol\u012bna 50 kapsulas \u2013 augstas kvalit\u0101tes, bez piedev\u0101m uztura bag\u0101tin\u0101t\u0101js, kas satur hol\u012bnu, svar\u012bgu uzturvielu norm\u0101lai aknu darb\u012bbai. Piem\u0113rots veg\u0101niem.\" \/>\n<meta property=\"og:url\" content=\"https:\/\/test.puhdasplus.ee\/lv\/tooted\/ipasie-piedavajumi\/holins-300-mg\/\" \/>\n<meta property=\"og:site_name\" content=\"Puhdas+\" \/>\n<meta property=\"article:publisher\" content=\"https:\/\/www.facebook.com\/puhdasplus\" \/>\n<meta property=\"article:modified_time\" content=\"2026-03-04T20:03:14+00:00\" \/>\n<meta property=\"og:image\" content=\"https:\/\/test.puhdasplus.ee\/wp-content\/uploads\/2025\/03\/192.jpg\" \/>\n\t<meta property=\"og:image:width\" content=\"1862\" \/>\n\t<meta property=\"og:image:height\" content=\"2560\" \/>\n\t<meta property=\"og:image:type\" content=\"image\/jpeg\" \/>\n<meta name=\"twitter:card\" content=\"summary_large_image\" \/>\n<meta name=\"twitter:label1\" content=\"Est. reading time\" \/>\n\t<meta name=\"twitter:data1\" content=\"1 minute\" \/>\n<script type=\"application\/ld+json\" class=\"yoast-schema-graph\">{\"@context\":\"https:\/\/schema.org\",\"@graph\":[{\"@type\":\"WebPage\",\"@id\":\"https:\/\/test.puhdasplus.ee\/lv\/tooted\/ipasie-piedavajumi\/holins-300-mg\/\",\"url\":\"https:\/\/test.puhdasplus.ee\/lv\/tooted\/ipasie-piedavajumi\/holins-300-mg\/\",\"name\":\"Hol\u012bns 300 mg - Puhdas+\",\"isPartOf\":{\"@id\":\"https:\/\/test.puhdasplus.ee\/lv\/#website\"},\"primaryImageOfPage\":{\"@id\":\"https:\/\/test.puhdasplus.ee\/lv\/tooted\/ipasie-piedavajumi\/holins-300-mg\/#primaryimage\"},\"image\":{\"@id\":\"https:\/\/test.puhdasplus.ee\/lv\/tooted\/ipasie-piedavajumi\/holins-300-mg\/#primaryimage\"},\"thumbnailUrl\":\"https:\/\/test.puhdasplus.ee\/wp-content\/uploads\/2025\/03\/192.jpg\",\"datePublished\":\"2025-02-03T13:00:02+00:00\",\"dateModified\":\"2026-03-04T20:03:14+00:00\",\"description\":\"Hol\u012bna 50 kapsulas \u2013 augstas kvalit\u0101tes, bez piedev\u0101m uztura bag\u0101tin\u0101t\u0101js, kas satur hol\u012bnu, svar\u012bgu uzturvielu norm\u0101lai aknu darb\u012bbai. Piem\u0113rots veg\u0101niem.\",\"breadcrumb\":{\"@id\":\"https:\/\/test.puhdasplus.ee\/lv\/tooted\/ipasie-piedavajumi\/holins-300-mg\/#breadcrumb\"},\"inLanguage\":\"lv-LV\",\"potentialAction\":[{\"@type\":\"ReadAction\",\"target\":[\"https:\/\/test.puhdasplus.ee\/lv\/tooted\/ipasie-piedavajumi\/holins-300-mg\/\"]}]},{\"@type\":\"ImageObject\",\"inLanguage\":\"lv-LV\",\"@id\":\"https:\/\/test.puhdasplus.ee\/lv\/tooted\/ipasie-piedavajumi\/holins-300-mg\/#primaryimage\",\"url\":\"https:\/\/test.puhdasplus.ee\/wp-content\/uploads\/2025\/03\/192.jpg\",\"contentUrl\":\"https:\/\/test.puhdasplus.ee\/wp-content\/uploads\/2025\/03\/192.jpg\",\"width\":1862,\"height\":2560,\"caption\":\"hol\u012bns\"},{\"@type\":\"BreadcrumbList\",\"@id\":\"https:\/\/test.puhdasplus.ee\/lv\/tooted\/ipasie-piedavajumi\/holins-300-mg\/#breadcrumb\",\"itemListElement\":[{\"@type\":\"ListItem\",\"position\":1,\"name\":\"S\u0101kums\",\"item\":\"https:\/\/test.puhdasplus.ee\/lv\/\"},{\"@type\":\"ListItem\",\"position\":2,\"name\":\"Produkti\",\"item\":\"https:\/\/test.puhdasplus.ee\/lv\/veikals\/\"},{\"@type\":\"ListItem\",\"position\":3,\"name\":\"Hol\u012bns 300 mg\"}]},{\"@type\":\"WebSite\",\"@id\":\"https:\/\/test.puhdasplus.ee\/lv\/#website\",\"url\":\"https:\/\/test.puhdasplus.ee\/lv\/\",\"name\":\"Puhdas+\",\"description\":\"Vitamiinid, Toidulisandid, looduskosmeetika, tervis, sport\",\"publisher\":{\"@id\":\"https:\/\/test.puhdasplus.ee\/lv\/#organization\"},\"potentialAction\":[{\"@type\":\"SearchAction\",\"target\":{\"@type\":\"EntryPoint\",\"urlTemplate\":\"https:\/\/test.puhdasplus.ee\/lv\/?s={search_term_string}\"},\"query-input\":{\"@type\":\"PropertyValueSpecification\",\"valueRequired\":true,\"valueName\":\"search_term_string\"}}],\"inLanguage\":\"lv-LV\"},{\"@type\":\"Organization\",\"@id\":\"https:\/\/test.puhdasplus.ee\/lv\/#organization\",\"name\":\"Puhdas+\",\"alternateName\":\"Puhdasplus\",\"url\":\"https:\/\/test.puhdasplus.ee\/lv\/\",\"logo\":{\"@type\":\"ImageObject\",\"inLanguage\":\"lv-LV\",\"@id\":\"https:\/\/test.puhdasplus.ee\/lv\/#\/schema\/logo\/image\/\",\"url\":\"https:\/\/test.puhdasplus.ee\/\/wp-content\/uploads\/2019\/10\/puhdas_logo-arvele.png\",\"contentUrl\":\"https:\/\/test.puhdasplus.ee\/\/wp-content\/uploads\/2019\/10\/puhdas_logo-arvele.png\",\"width\":114,\"height\":94,\"caption\":\"Puhdas+\"},\"image\":{\"@id\":\"https:\/\/test.puhdasplus.ee\/lv\/#\/schema\/logo\/image\/\"},\"sameAs\":[\"https:\/\/www.facebook.com\/puhdasplus\",\"https:\/\/www.instagram.com\/puhdasplus_ee\/\"]}]}<\/script>\n<!-- \/ Yoast SEO plugin. -->","yoast_head_json":{"title":"Hol\u012bns 300 mg - Puhdas+","description":"Hol\u012bna 50 kapsulas \u2013 augstas kvalit\u0101tes, bez piedev\u0101m uztura bag\u0101tin\u0101t\u0101js, kas satur hol\u012bnu, svar\u012bgu uzturvielu norm\u0101lai aknu darb\u012bbai. Piem\u0113rots veg\u0101niem.","robots":{"index":"noindex","follow":"follow","max-snippet":"max-snippet:-1","max-image-preview":"max-image-preview:large","max-video-preview":"max-video-preview:-1"},"og_locale":"lv_LV","og_type":"article","og_title":"Hol\u012bns 300 mg - Puhdas+","og_description":"Hol\u012bna 50 kapsulas \u2013 augstas kvalit\u0101tes, bez piedev\u0101m uztura bag\u0101tin\u0101t\u0101js, kas satur hol\u012bnu, svar\u012bgu uzturvielu norm\u0101lai aknu darb\u012bbai. Piem\u0113rots veg\u0101niem.","og_url":"https:\/\/test.puhdasplus.ee\/lv\/tooted\/ipasie-piedavajumi\/holins-300-mg\/","og_site_name":"Puhdas+","article_publisher":"https:\/\/www.facebook.com\/puhdasplus","article_modified_time":"2026-03-04T20:03:14+00:00","og_image":[{"width":1862,"height":2560,"url":"https:\/\/test.puhdasplus.ee\/wp-content\/uploads\/2025\/03\/192.jpg","type":"image\/jpeg"}],"twitter_card":"summary_large_image","twitter_misc":{"Est. reading time":"1 minute"},"schema":{"@context":"https:\/\/schema.org","@graph":[{"@type":"WebPage","@id":"https:\/\/test.puhdasplus.ee\/lv\/tooted\/ipasie-piedavajumi\/holins-300-mg\/","url":"https:\/\/test.puhdasplus.ee\/lv\/tooted\/ipasie-piedavajumi\/holins-300-mg\/","name":"Hol\u012bns 300 mg - Puhdas+","isPartOf":{"@id":"https:\/\/test.puhdasplus.ee\/lv\/#website"},"primaryImageOfPage":{"@id":"https:\/\/test.puhdasplus.ee\/lv\/tooted\/ipasie-piedavajumi\/holins-300-mg\/#primaryimage"},"image":{"@id":"https:\/\/test.puhdasplus.ee\/lv\/tooted\/ipasie-piedavajumi\/holins-300-mg\/#primaryimage"},"thumbnailUrl":"https:\/\/test.puhdasplus.ee\/wp-content\/uploads\/2025\/03\/192.jpg","datePublished":"2025-02-03T13:00:02+00:00","dateModified":"2026-03-04T20:03:14+00:00","description":"Hol\u012bna 50 kapsulas \u2013 augstas kvalit\u0101tes, bez piedev\u0101m uztura bag\u0101tin\u0101t\u0101js, kas satur hol\u012bnu, svar\u012bgu uzturvielu norm\u0101lai aknu darb\u012bbai. Piem\u0113rots veg\u0101niem.","breadcrumb":{"@id":"https:\/\/test.puhdasplus.ee\/lv\/tooted\/ipasie-piedavajumi\/holins-300-mg\/#breadcrumb"},"inLanguage":"lv-LV","potentialAction":[{"@type":"ReadAction","target":["https:\/\/test.puhdasplus.ee\/lv\/tooted\/ipasie-piedavajumi\/holins-300-mg\/"]}]},{"@type":"ImageObject","inLanguage":"lv-LV","@id":"https:\/\/test.puhdasplus.ee\/lv\/tooted\/ipasie-piedavajumi\/holins-300-mg\/#primaryimage","url":"https:\/\/test.puhdasplus.ee\/wp-content\/uploads\/2025\/03\/192.jpg","contentUrl":"https:\/\/test.puhdasplus.ee\/wp-content\/uploads\/2025\/03\/192.jpg","width":1862,"height":2560,"caption":"hol\u012bns"},{"@type":"BreadcrumbList","@id":"https:\/\/test.puhdasplus.ee\/lv\/tooted\/ipasie-piedavajumi\/holins-300-mg\/#breadcrumb","itemListElement":[{"@type":"ListItem","position":1,"name":"S\u0101kums","item":"https:\/\/test.puhdasplus.ee\/lv\/"},{"@type":"ListItem","position":2,"name":"Produkti","item":"https:\/\/test.puhdasplus.ee\/lv\/veikals\/"},{"@type":"ListItem","position":3,"name":"Hol\u012bns 300 mg"}]},{"@type":"WebSite","@id":"https:\/\/test.puhdasplus.ee\/lv\/#website","url":"https:\/\/test.puhdasplus.ee\/lv\/","name":"Puhdas+","description":"Vitamiinid, Toidulisandid, looduskosmeetika, tervis, sport","publisher":{"@id":"https:\/\/test.puhdasplus.ee\/lv\/#organization"},"potentialAction":[{"@type":"SearchAction","target":{"@type":"EntryPoint","urlTemplate":"https:\/\/test.puhdasplus.ee\/lv\/?s={search_term_string}"},"query-input":{"@type":"PropertyValueSpecification","valueRequired":true,"valueName":"search_term_string"}}],"inLanguage":"lv-LV"},{"@type":"Organization","@id":"https:\/\/test.puhdasplus.ee\/lv\/#organization","name":"Puhdas+","alternateName":"Puhdasplus","url":"https:\/\/test.puhdasplus.ee\/lv\/","logo":{"@type":"ImageObject","inLanguage":"lv-LV","@id":"https:\/\/test.puhdasplus.ee\/lv\/#\/schema\/logo\/image\/","url":"https:\/\/test.puhdasplus.ee\/\/wp-content\/uploads\/2019\/10\/puhdas_logo-arvele.png","contentUrl":"https:\/\/test.puhdasplus.ee\/\/wp-content\/uploads\/2019\/10\/puhdas_logo-arvele.png","width":114,"height":94,"caption":"Puhdas+"},"image":{"@id":"https:\/\/test.puhdasplus.ee\/lv\/#\/schema\/logo\/image\/"},"sameAs":["https:\/\/www.facebook.com\/puhdasplus","https:\/\/www.instagram.com\/puhdasplus_ee\/"]}]}},"_links":{"self":[{"href":"https:\/\/test.puhdasplus.ee\/lv\/wp-json\/wp\/v2\/product\/34553","targetHints":{"allow":["GET"]}}],"collection":[{"href":"https:\/\/test.puhdasplus.ee\/lv\/wp-json\/wp\/v2\/product"}],"about":[{"href":"https:\/\/test.puhdasplus.ee\/lv\/wp-json\/wp\/v2\/types\/product"}],"replies":[{"embeddable":true,"href":"https:\/\/test.puhdasplus.ee\/lv\/wp-json\/wp\/v2\/comments?post=34553"}],"wp:featuredmedia":[{"embeddable":true,"href":"https:\/\/test.puhdasplus.ee\/lv\/wp-json\/wp\/v2\/media\/32445"}],"wp:attachment":[{"href":"https:\/\/test.puhdasplus.ee\/lv\/wp-json\/wp\/v2\/media?parent=34553"}],"wp:term":[{"taxonomy":"product_brand","embeddable":true,"href":"https:\/\/test.puhdasplus.ee\/lv\/wp-json\/wp\/v2\/product_brand?post=34553"},{"taxonomy":"product_cat","embeddable":true,"href":"https:\/\/test.puhdasplus.ee\/lv\/wp-json\/wp\/v2\/product_cat?post=34553"},{"taxonomy":"product_tag","embeddable":true,"href":"https:\/\/test.puhdasplus.ee\/lv\/wp-json\/wp\/v2\/product_tag?post=34553"}],"curies":[{"name":"wp","href":"https:\/\/api.w.org\/{rel}","templated":true}]}}