{"id":34537,"date":"2025-02-02T15:24:33","date_gmt":"2025-02-02T13:24:33","guid":{"rendered":"https:\/\/test.puhdasplus.ee\/\/tooted\/uncategorized\/glikozamins\/"},"modified":"2026-02-22T22:47:56","modified_gmt":"2026-02-22T20:47:56","slug":"glikozamins","status":"publish","type":"product","link":"https:\/\/test.puhdasplus.ee\/lv\/tooted\/sports-lv\/glikozamins\/","title":{"rendered":"Glikozam\u012bns"},"content":{"rendered":"<h2 class=\"\" data-start=\"511\" data-end=\"563\">Kas ir glikozam\u012bns un kam tas ir labs?<\/h2>\n<p class=\"p1\">Pure+ Glucosamine ir 100% augu izcelsmes uztura bag\u0101tin\u0101t\u0101js, kas satur glikozam\u012bna sulf\u0101tu un ir ra\u017eots bez m\u0101ksl\u012bg\u0101m piedev\u0101m. Glikozam\u012bns ir dabisks savienojums, kas atrodams organism\u0101, tostarp loc\u012btavu skrim\u0161\u013cos un saistaudos. Vecums un dz\u012bvesveida izmai\u0146as var ietekm\u0113t organisma glikozam\u012bna kr\u0101jumus, padarot \u0161o vielu par popul\u0101ru uztura bag\u0101tin\u0101t\u0101ju ikdienas uztura sast\u0101vda\u013cai.  <\/p>\n<p class=\"p1\">Glikozam\u012bna uztura bag\u0101tin\u0101t\u0101jus bie\u017ei lieto cilv\u0113ki ar akt\u012bvu dz\u012bvesveidu. \u0160is uztura bag\u0101tin\u0101t\u0101js ir labi piem\u0113rots tiem, kas v\u0113las apzin\u0101ti papildin\u0101t savu uzturu ar vielu, kas ir da\u013ca no organisma dabiskaj\u0101m strukt\u016br\u0101m. <\/p>\n<h2>Kam ir piem\u0113rots Pure+ glikozam\u012bns?<\/h2>\n<ul data-start=\"1007\" data-end=\"1135\">\n<li class=\"\" data-start=\"1007\" data-end=\"1063\">\n<p class=\"\" data-start=\"1009\" data-end=\"1063\">Cilv\u0113kiem, kuri nov\u0113rt\u0113 apzin\u0101tu uzturu un v\u0113las iek\u013caut glikozam\u012bnu sav\u0101 ikdienas \u0113dienkart\u0113<\/p>\n<\/li>\n<li class=\"\" data-start=\"1064\" data-end=\"1094\">\n<p class=\"\" data-start=\"1066\" data-end=\"1094\">Fiziski akt\u012bviem cilv\u0113kiem<\/p>\n<\/li>\n<li class=\"\" data-start=\"1095\" data-end=\"1135\">\n<p class=\"\" data-start=\"1097\" data-end=\"1135\">Ve\u0123et\u0101rie\u0161iem un veg\u0101niem \u2013 produkts ir 100% augu izcelsmes<\/p>\n<\/li>\n<\/ul>\n<ul data-start=\"1158\" data-end=\"1306\">\n<li class=\"\" data-start=\"1224\" data-end=\"1306\">\n<p class=\"\" data-start=\"1226\" data-end=\"1306\">Tiem, kas dod priek\u0161roku t\u012briem uztura bag\u0101tin\u0101t\u0101jiem bez m\u0101ksl\u012bg\u0101m piedev\u0101m<\/p>\n<\/li>\n<\/ul>\n<h2 class=\"\" data-start=\"141\" data-end=\"159\">Sast\u0101vda\u013cas<\/h2>\n<ul data-start=\"161\" data-end=\"294\">\n<li class=\"\" data-start=\"161\" data-end=\"205\">\n<p class=\"\" data-start=\"163\" data-end=\"205\"><strong data-start=\"163\" data-end=\"185\">Glikozam\u012bna sulf\u0101ts<\/strong> (augu izcelsmes)<\/p>\n<\/li>\n<li class=\"\" data-start=\"206\" data-end=\"234\">\n<p class=\"\" data-start=\"208\" data-end=\"234\"><strong data-start=\"208\" data-end=\"222\">Pild\u012bjums:<\/strong> R\u012bsu milti<\/p>\n<\/li>\n<li class=\"\" data-start=\"235\" data-end=\"294\">\n<p class=\"\" data-start=\"237\" data-end=\"294\"><strong data-start=\"237\" data-end=\"253\">Kapsulas apvalks:<\/strong> hidroksipropilmetilceluloze (augu izcelsmes)<\/p>\n<\/li>\n<\/ul>\n<p class=\"\" data-start=\"296\" data-end=\"472\"><strong data-start=\"296\" data-end=\"311\">Neietver:<\/strong><br data-start=\"311\" data-end=\"314\"> Bez piena produktiem, laktozes, glut\u0113na, sojas, rauga, pievienota cukura vai saldin\u0101t\u0101jiem, konservantiem, kr\u0101sviel\u0101m vai m\u0101ksl\u012bg\u0101m gar\u0161\u0101m<\/p>\n<h2 class=\"\" data-start=\"519\" data-end=\"567\">Uzturv\u0113rt\u012bba (dienas deva \u2013 2 kapsulas):<\/h2>\n<div class=\"group pointer-events-none relative flex justify-center *:pointer-events-auto\">\n<div class=\"tableContainer horzScrollShadows relative\">\n<p class=\"p1\">Glikozam\u012bna sulf\u0101ts 1000 mg, tostarp glikozam\u012bns 600 mg.<\/p>\n<h2 class=\"\" data-start=\"1889\" data-end=\"1909\">Lietojums<\/h2>\n<p class=\"\" data-start=\"1911\" data-end=\"2018\">Ieteicam\u0101 dienas deva: 2 kapsulas dien\u0101, uzdzerot \u016bdeni. <br data-start=\"1969\" data-end=\"1972\"> Nep\u0101rsniedziet dienas devu.<\/p>\n<h2 class=\"\" data-start=\"2025\" data-end=\"2065\">Br\u012bdin\u0101jumi un uzglab\u0101\u0161anas apst\u0101k\u013ci<\/h2>\n<ul data-start=\"2067\" data-end=\"2235\">\n<li class=\"\" data-start=\"2067\" data-end=\"2159\">\n<p class=\"\" data-start=\"2069\" data-end=\"2159\">Uztura bag\u0101tin\u0101t\u0101js neaizst\u0101j daudzveid\u012bgu un sabalans\u0113tu uzturu vai vesel\u012bgu dz\u012bvesveidu.<\/p>\n<\/li>\n<li class=\"\" data-start=\"2160\" data-end=\"2198\">\n<p class=\"\" data-start=\"2162\" data-end=\"2198\">Sarg\u0101t no b\u0113rniem.<\/p>\n<\/li>\n<li class=\"\" data-start=\"2199\" data-end=\"2235\">\n<p class=\"\" data-start=\"2201\" data-end=\"2235\">Uzglab\u0101t saus\u0101 un v\u0113s\u0101 viet\u0101.<\/p>\n<\/li>\n<\/ul>\n<\/div>\n<\/div>\n","protected":false},"excerpt":{"rendered":"<p class=\"\" data-start=\"269\" data-end=\"631\">Pure+ Glucosamine ir augstas kvalit\u0101tes augu izcelsmes uztura bag\u0101tin\u0101t\u0101js, kas satur glikozam\u012bna sulf\u0101tu \u2013 dabisku vielu, kas atrodama cilv\u0113ka organism\u0101 loc\u012btavu skrim\u0161\u013cos un saistaudos. Glikozam\u012bna l\u012bmenis organism\u0101 var samazin\u0101ties vecuma, akt\u012bva dz\u012bvesveida vai fiziskas slodzes d\u0113\u013c, kas var rad\u012bt nepiecie\u0161am\u012bbu lietot \u0161o vielu k\u0101 uztura bag\u0101tin\u0101t\u0101ju. <\/p>\n<p class=\"\" data-start=\"633\" data-end=\"943\">\u0160is uztura bag\u0101tin\u0101t\u0101js ir paredz\u0113ts, lai papildin\u0101tu ikdienas uzturu cilv\u0113kiem, kuri v\u0113las <b>uztur\u0113t akt\u012bvu dz\u012bvesveidu un r\u016bp\u0113ties par savu kust\u012bbu komfortu<\/b> <span class=\"s1\">.<\/span> <\/p>\n<p class=\"p1\"><span class=\"s1\">Pure+ glikozam\u012bns ir ra\u017eots p\u0113c t\u012bru sast\u0101vda\u013cu principa \u2013<\/span> <b>bez konservantiem, glut\u0113na, laktozes, sojas, rauga un m\u0101ksl\u012bg\u0101m piedev\u0101m.<\/b><\/p>\n<p class=\"\" data-start=\"945\" data-end=\"969\">Pure+ glikozam\u012bns:<\/p>\n<ul data-start=\"970\" data-end=\"1262\">\n<li class=\"\" data-start=\"970\" data-end=\"1033\">\n<p class=\"\" data-start=\"972\" data-end=\"1033\">Satur <strong data-start=\"981\" data-end=\"1012\">1000 mg glikozam\u012bna sulf\u0101ta<\/strong> div\u0101s kapsul\u0101s dien\u0101<\/p>\n<\/li>\n<li class=\"\" data-start=\"1034\" data-end=\"1099\">\n<p class=\"\" data-start=\"1036\" data-end=\"1099\"><strong data-start=\"1039\" data-end=\"1060\">Piln\u012bb\u0101 augu izcelsmes<\/strong> \u2013 piem\u0113rots veg\u0101niem un ve\u0123et\u0101rie\u0161iem<\/p>\n<\/li>\n<li class=\"\" data-start=\"1100\" data-end=\"1190\">\n<p class=\"\" data-start=\"1102\" data-end=\"1190\"><strong data-start=\"1102\" data-end=\"1116\">Nesatur<\/strong> konservantus, laktozi, glut\u0113nu, soju, raugu vai m\u0101ksl\u012bgas piedevas. Piem\u0113rots veg\u0101niem. <\/p>\n<\/li>\n<li class=\"\" data-start=\"1191\" data-end=\"1262\">\n<p class=\"\" data-start=\"1193\" data-end=\"1262\">Pagatavots no <strong data-start=\"1205\" data-end=\"1234\">t\u012br\u0101m sast\u0101vda\u013c\u0101m<\/strong> , bez nevajadz\u012bg\u0101m piedev\u0101m<\/p>\n<\/li>\n<\/ul>\n<h4 data-start=\"325\" data-end=\"351\"><\/h4>\n","protected":false},"featured_media":32450,"comment_status":"closed","ping_status":"closed","template":"","meta":{"_acf_changed":false},"product_brand":[],"product_cat":[3067,3483,3038],"product_tag":[5373,5374,5376,5370,5369,5372,5375,5371,3225,2974,5377],"class_list":{"0":"post-34537","1":"product","2":"type-product","3":"status-publish","4":"has-post-thumbnail","6":"product_cat-ipasie-piedavajumi","7":"product_cat-locitavas-muskuli-un-kauli","8":"product_cat-sports-lv","9":"product_tag-dabisks-locitavu-atbalsts","10":"product_tag-glikozamina-sulfats","11":"product_tag-glikozamina-uztura-bagatinatajs","12":"product_tag-glikozamins","13":"product_tag-locitavam","14":"product_tag-locitavas-un-kustigums","15":"product_tag-locitavu-elastiba","16":"product_tag-locitavu-veseliba","17":"product_tag-muskuli-un-locitavas","18":"product_tag-vegans","19":"product_tag-vegans-glikozamins","21":"first","22":"instock","23":"sale","24":"taxable","25":"shipping-taxable","26":"purchasable","27":"product-type-variable","28":"has-default-attributes"},"acf":[],"yoast_head":"<!-- This site is optimized with the Yoast SEO plugin v27.1.1 - https:\/\/yoast.com\/product\/yoast-seo-wordpress\/ -->\n<title>Glikozam\u012bns - Puhdas+<\/title>\n<meta name=\"description\" content=\"Glikozam\u012bns 50 kapsulas \u2013 veg\u0101ns glikozam\u012bna uztura bag\u0101tin\u0101t\u0101js ar t\u012br\u0101m sast\u0101vda\u013c\u0101m. Piem\u0113rots ikdienas lieto\u0161anai loc\u012btavu un skrim\u0161\u013cu labsaj\u016btas atbalstam.\" \/>\n<meta name=\"robots\" content=\"noindex, follow, max-snippet:-1, max-image-preview:large, max-video-preview:-1\" \/>\n<meta property=\"og:locale\" content=\"lv_LV\" \/>\n<meta property=\"og:type\" content=\"article\" \/>\n<meta property=\"og:title\" content=\"Glikozam\u012bns - Puhdas+\" \/>\n<meta property=\"og:description\" content=\"Glikozam\u012bns 50 kapsulas \u2013 veg\u0101ns glikozam\u012bna uztura bag\u0101tin\u0101t\u0101js ar t\u012br\u0101m sast\u0101vda\u013c\u0101m. Piem\u0113rots ikdienas lieto\u0161anai loc\u012btavu un skrim\u0161\u013cu labsaj\u016btas atbalstam.\" \/>\n<meta property=\"og:url\" content=\"https:\/\/test.puhdasplus.ee\/lv\/tooted\/sports-lv\/glikozamins\/\" \/>\n<meta property=\"og:site_name\" content=\"Puhdas+\" \/>\n<meta property=\"article:publisher\" content=\"https:\/\/www.facebook.com\/puhdasplus\" \/>\n<meta property=\"article:modified_time\" content=\"2026-02-22T20:47:56+00:00\" \/>\n<meta property=\"og:image\" content=\"https:\/\/test.puhdasplus.ee\/wp-content\/uploads\/2025\/03\/190.jpg\" \/>\n\t<meta property=\"og:image:width\" content=\"1862\" \/>\n\t<meta property=\"og:image:height\" content=\"2560\" \/>\n\t<meta property=\"og:image:type\" content=\"image\/jpeg\" \/>\n<meta name=\"twitter:card\" content=\"summary_large_image\" \/>\n<meta name=\"twitter:label1\" content=\"Est. reading time\" \/>\n\t<meta name=\"twitter:data1\" content=\"2 min\u016btes\" \/>\n<script type=\"application\/ld+json\" class=\"yoast-schema-graph\">{\"@context\":\"https:\/\/schema.org\",\"@graph\":[{\"@type\":\"WebPage\",\"@id\":\"https:\/\/test.puhdasplus.ee\/lv\/tooted\/sports-lv\/glikozamins\/\",\"url\":\"https:\/\/test.puhdasplus.ee\/lv\/tooted\/sports-lv\/glikozamins\/\",\"name\":\"Glikozam\u012bns - Puhdas+\",\"isPartOf\":{\"@id\":\"https:\/\/test.puhdasplus.ee\/lv\/#website\"},\"primaryImageOfPage\":{\"@id\":\"https:\/\/test.puhdasplus.ee\/lv\/tooted\/sports-lv\/glikozamins\/#primaryimage\"},\"image\":{\"@id\":\"https:\/\/test.puhdasplus.ee\/lv\/tooted\/sports-lv\/glikozamins\/#primaryimage\"},\"thumbnailUrl\":\"https:\/\/test.puhdasplus.ee\/wp-content\/uploads\/2025\/03\/190.jpg\",\"datePublished\":\"2025-02-02T13:24:33+00:00\",\"dateModified\":\"2026-02-22T20:47:56+00:00\",\"description\":\"Glikozam\u012bns 50 kapsulas \u2013 veg\u0101ns glikozam\u012bna uztura bag\u0101tin\u0101t\u0101js ar t\u012br\u0101m sast\u0101vda\u013c\u0101m. Piem\u0113rots ikdienas lieto\u0161anai loc\u012btavu un skrim\u0161\u013cu labsaj\u016btas atbalstam.\",\"breadcrumb\":{\"@id\":\"https:\/\/test.puhdasplus.ee\/lv\/tooted\/sports-lv\/glikozamins\/#breadcrumb\"},\"inLanguage\":\"lv-LV\",\"potentialAction\":[{\"@type\":\"ReadAction\",\"target\":[\"https:\/\/test.puhdasplus.ee\/lv\/tooted\/sports-lv\/glikozamins\/\"]}]},{\"@type\":\"ImageObject\",\"inLanguage\":\"lv-LV\",\"@id\":\"https:\/\/test.puhdasplus.ee\/lv\/tooted\/sports-lv\/glikozamins\/#primaryimage\",\"url\":\"https:\/\/test.puhdasplus.ee\/wp-content\/uploads\/2025\/03\/190.jpg\",\"contentUrl\":\"https:\/\/test.puhdasplus.ee\/wp-content\/uploads\/2025\/03\/190.jpg\",\"width\":1862,\"height\":2560,\"caption\":\"glikozam\u012bns\"},{\"@type\":\"BreadcrumbList\",\"@id\":\"https:\/\/test.puhdasplus.ee\/lv\/tooted\/sports-lv\/glikozamins\/#breadcrumb\",\"itemListElement\":[{\"@type\":\"ListItem\",\"position\":1,\"name\":\"S\u0101kums\",\"item\":\"https:\/\/test.puhdasplus.ee\/lv\/\"},{\"@type\":\"ListItem\",\"position\":2,\"name\":\"Produkti\",\"item\":\"https:\/\/test.puhdasplus.ee\/lv\/veikals\/\"},{\"@type\":\"ListItem\",\"position\":3,\"name\":\"Glikozam\u012bns\"}]},{\"@type\":\"WebSite\",\"@id\":\"https:\/\/test.puhdasplus.ee\/lv\/#website\",\"url\":\"https:\/\/test.puhdasplus.ee\/lv\/\",\"name\":\"Puhdas+\",\"description\":\"Vitamiinid, Toidulisandid, looduskosmeetika, tervis, sport\",\"publisher\":{\"@id\":\"https:\/\/test.puhdasplus.ee\/lv\/#organization\"},\"potentialAction\":[{\"@type\":\"SearchAction\",\"target\":{\"@type\":\"EntryPoint\",\"urlTemplate\":\"https:\/\/test.puhdasplus.ee\/lv\/?s={search_term_string}\"},\"query-input\":{\"@type\":\"PropertyValueSpecification\",\"valueRequired\":true,\"valueName\":\"search_term_string\"}}],\"inLanguage\":\"lv-LV\"},{\"@type\":\"Organization\",\"@id\":\"https:\/\/test.puhdasplus.ee\/lv\/#organization\",\"name\":\"Puhdas+\",\"alternateName\":\"Puhdasplus\",\"url\":\"https:\/\/test.puhdasplus.ee\/lv\/\",\"logo\":{\"@type\":\"ImageObject\",\"inLanguage\":\"lv-LV\",\"@id\":\"https:\/\/test.puhdasplus.ee\/lv\/#\/schema\/logo\/image\/\",\"url\":\"https:\/\/test.puhdasplus.ee\/\/wp-content\/uploads\/2019\/10\/puhdas_logo-arvele.png\",\"contentUrl\":\"https:\/\/test.puhdasplus.ee\/\/wp-content\/uploads\/2019\/10\/puhdas_logo-arvele.png\",\"width\":114,\"height\":94,\"caption\":\"Puhdas+\"},\"image\":{\"@id\":\"https:\/\/test.puhdasplus.ee\/lv\/#\/schema\/logo\/image\/\"},\"sameAs\":[\"https:\/\/www.facebook.com\/puhdasplus\",\"https:\/\/www.instagram.com\/puhdasplus_ee\/\"]}]}<\/script>\n<!-- \/ Yoast SEO plugin. -->","yoast_head_json":{"title":"Glikozam\u012bns - Puhdas+","description":"Glikozam\u012bns 50 kapsulas \u2013 veg\u0101ns glikozam\u012bna uztura bag\u0101tin\u0101t\u0101js ar t\u012br\u0101m sast\u0101vda\u013c\u0101m. Piem\u0113rots ikdienas lieto\u0161anai loc\u012btavu un skrim\u0161\u013cu labsaj\u016btas atbalstam.","robots":{"index":"noindex","follow":"follow","max-snippet":"max-snippet:-1","max-image-preview":"max-image-preview:large","max-video-preview":"max-video-preview:-1"},"og_locale":"lv_LV","og_type":"article","og_title":"Glikozam\u012bns - Puhdas+","og_description":"Glikozam\u012bns 50 kapsulas \u2013 veg\u0101ns glikozam\u012bna uztura bag\u0101tin\u0101t\u0101js ar t\u012br\u0101m sast\u0101vda\u013c\u0101m. Piem\u0113rots ikdienas lieto\u0161anai loc\u012btavu un skrim\u0161\u013cu labsaj\u016btas atbalstam.","og_url":"https:\/\/test.puhdasplus.ee\/lv\/tooted\/sports-lv\/glikozamins\/","og_site_name":"Puhdas+","article_publisher":"https:\/\/www.facebook.com\/puhdasplus","article_modified_time":"2026-02-22T20:47:56+00:00","og_image":[{"width":1862,"height":2560,"url":"https:\/\/test.puhdasplus.ee\/wp-content\/uploads\/2025\/03\/190.jpg","type":"image\/jpeg"}],"twitter_card":"summary_large_image","twitter_misc":{"Est. reading time":"2 min\u016btes"},"schema":{"@context":"https:\/\/schema.org","@graph":[{"@type":"WebPage","@id":"https:\/\/test.puhdasplus.ee\/lv\/tooted\/sports-lv\/glikozamins\/","url":"https:\/\/test.puhdasplus.ee\/lv\/tooted\/sports-lv\/glikozamins\/","name":"Glikozam\u012bns - Puhdas+","isPartOf":{"@id":"https:\/\/test.puhdasplus.ee\/lv\/#website"},"primaryImageOfPage":{"@id":"https:\/\/test.puhdasplus.ee\/lv\/tooted\/sports-lv\/glikozamins\/#primaryimage"},"image":{"@id":"https:\/\/test.puhdasplus.ee\/lv\/tooted\/sports-lv\/glikozamins\/#primaryimage"},"thumbnailUrl":"https:\/\/test.puhdasplus.ee\/wp-content\/uploads\/2025\/03\/190.jpg","datePublished":"2025-02-02T13:24:33+00:00","dateModified":"2026-02-22T20:47:56+00:00","description":"Glikozam\u012bns 50 kapsulas \u2013 veg\u0101ns glikozam\u012bna uztura bag\u0101tin\u0101t\u0101js ar t\u012br\u0101m sast\u0101vda\u013c\u0101m. Piem\u0113rots ikdienas lieto\u0161anai loc\u012btavu un skrim\u0161\u013cu labsaj\u016btas atbalstam.","breadcrumb":{"@id":"https:\/\/test.puhdasplus.ee\/lv\/tooted\/sports-lv\/glikozamins\/#breadcrumb"},"inLanguage":"lv-LV","potentialAction":[{"@type":"ReadAction","target":["https:\/\/test.puhdasplus.ee\/lv\/tooted\/sports-lv\/glikozamins\/"]}]},{"@type":"ImageObject","inLanguage":"lv-LV","@id":"https:\/\/test.puhdasplus.ee\/lv\/tooted\/sports-lv\/glikozamins\/#primaryimage","url":"https:\/\/test.puhdasplus.ee\/wp-content\/uploads\/2025\/03\/190.jpg","contentUrl":"https:\/\/test.puhdasplus.ee\/wp-content\/uploads\/2025\/03\/190.jpg","width":1862,"height":2560,"caption":"glikozam\u012bns"},{"@type":"BreadcrumbList","@id":"https:\/\/test.puhdasplus.ee\/lv\/tooted\/sports-lv\/glikozamins\/#breadcrumb","itemListElement":[{"@type":"ListItem","position":1,"name":"S\u0101kums","item":"https:\/\/test.puhdasplus.ee\/lv\/"},{"@type":"ListItem","position":2,"name":"Produkti","item":"https:\/\/test.puhdasplus.ee\/lv\/veikals\/"},{"@type":"ListItem","position":3,"name":"Glikozam\u012bns"}]},{"@type":"WebSite","@id":"https:\/\/test.puhdasplus.ee\/lv\/#website","url":"https:\/\/test.puhdasplus.ee\/lv\/","name":"Puhdas+","description":"Vitamiinid, Toidulisandid, looduskosmeetika, tervis, sport","publisher":{"@id":"https:\/\/test.puhdasplus.ee\/lv\/#organization"},"potentialAction":[{"@type":"SearchAction","target":{"@type":"EntryPoint","urlTemplate":"https:\/\/test.puhdasplus.ee\/lv\/?s={search_term_string}"},"query-input":{"@type":"PropertyValueSpecification","valueRequired":true,"valueName":"search_term_string"}}],"inLanguage":"lv-LV"},{"@type":"Organization","@id":"https:\/\/test.puhdasplus.ee\/lv\/#organization","name":"Puhdas+","alternateName":"Puhdasplus","url":"https:\/\/test.puhdasplus.ee\/lv\/","logo":{"@type":"ImageObject","inLanguage":"lv-LV","@id":"https:\/\/test.puhdasplus.ee\/lv\/#\/schema\/logo\/image\/","url":"https:\/\/test.puhdasplus.ee\/\/wp-content\/uploads\/2019\/10\/puhdas_logo-arvele.png","contentUrl":"https:\/\/test.puhdasplus.ee\/\/wp-content\/uploads\/2019\/10\/puhdas_logo-arvele.png","width":114,"height":94,"caption":"Puhdas+"},"image":{"@id":"https:\/\/test.puhdasplus.ee\/lv\/#\/schema\/logo\/image\/"},"sameAs":["https:\/\/www.facebook.com\/puhdasplus","https:\/\/www.instagram.com\/puhdasplus_ee\/"]}]}},"_links":{"self":[{"href":"https:\/\/test.puhdasplus.ee\/lv\/wp-json\/wp\/v2\/product\/34537","targetHints":{"allow":["GET"]}}],"collection":[{"href":"https:\/\/test.puhdasplus.ee\/lv\/wp-json\/wp\/v2\/product"}],"about":[{"href":"https:\/\/test.puhdasplus.ee\/lv\/wp-json\/wp\/v2\/types\/product"}],"replies":[{"embeddable":true,"href":"https:\/\/test.puhdasplus.ee\/lv\/wp-json\/wp\/v2\/comments?post=34537"}],"wp:featuredmedia":[{"embeddable":true,"href":"https:\/\/test.puhdasplus.ee\/lv\/wp-json\/wp\/v2\/media\/32450"}],"wp:attachment":[{"href":"https:\/\/test.puhdasplus.ee\/lv\/wp-json\/wp\/v2\/media?parent=34537"}],"wp:term":[{"taxonomy":"product_brand","embeddable":true,"href":"https:\/\/test.puhdasplus.ee\/lv\/wp-json\/wp\/v2\/product_brand?post=34537"},{"taxonomy":"product_cat","embeddable":true,"href":"https:\/\/test.puhdasplus.ee\/lv\/wp-json\/wp\/v2\/product_cat?post=34537"},{"taxonomy":"product_tag","embeddable":true,"href":"https:\/\/test.puhdasplus.ee\/lv\/wp-json\/wp\/v2\/product_tag?post=34537"}],"curies":[{"name":"wp","href":"https:\/\/api.w.org\/{rel}","templated":true}]}}