{"id":34528,"date":"2025-01-17T11:15:32","date_gmt":"2025-01-17T09:15:32","guid":{"rendered":"https:\/\/test.puhdasplus.ee\/\/tooted\/uncategorized\/tejas-koka-rullitis-10-ml\/"},"modified":"2026-02-22T22:47:47","modified_gmt":"2026-02-22T20:47:47","slug":"tejas-koka-rullitis-10-ml","status":"publish","type":"product","link":"https:\/\/test.puhdasplus.ee\/lv\/tooted\/eteriskas-ellas\/tejas-koka-rullitis-10-ml\/","title":{"rendered":"T\u0113jas koka rull\u012btis 10 ml"},"content":{"rendered":"<h3>T\u0113jas koka rull\u012btis \u2013 dab\u012bgs antibakteri\u0101ls un nomierino\u0161s l\u012bdzeklis<\/h3>\n<p>T\u0113jas koka rull\u012btis ir praktisks un dab\u012bgs kop\u0161anas l\u012bdzeklis, kas pal\u012bdz att\u012br\u012bt, nomierin\u0101t un aizsarg\u0101t \u0101du. <strong data-start=\"230\" data-end=\"243\">T\u0113jas koka e\u013c\u013ca<\/strong> ir paz\u012bstama ar sav\u0101m <strong data-start=\"258\" data-end=\"322\">antibakteri\u0101laj\u0101m, pretiekaisuma un nomierino\u0161aj\u0101m \u012bpa\u0161\u012bb\u0101m<\/strong> , pal\u012bdzot c\u012bn\u012bties pret pinn\u0113m, kairin\u0101jumiem un neliel\u0101m \u0101das probl\u0113m\u0101m. Vieglais rull\u012b\u0161a aplikators \u013cauj \u0113rti un prec\u012bzi uzkl\u0101t tie\u0161i uz probl\u0113mzon\u0101m. Ide\u0101li piem\u0113rots pinn\u0113m pak\u013cautas \u0101das kop\u0161anai, kukai\u0146u kodumu atvieglo\u0161anai un nelielu br\u016b\u010du un kairin\u0101jumu nomierin\u0101\u0161anai.   <\/p>\n<h4 data-start=\"804\" data-end=\"833\"><strong data-start=\"809\" data-end=\"831\">Lieto\u0161anas instrukcija:<\/strong><\/h4>\n<ol data-start=\"834\" data-end=\"1267\">\n<li data-start=\"834\" data-end=\"927\"><strong data-start=\"837\" data-end=\"866\">Pin\u0146u un pumpu kop\u0161ana:<\/strong> Uzkl\u0101t tie\u0161i uz probl\u0113mzon\u0101m 1-2 reizes dien\u0101.<\/li>\n<li data-start=\"928\" data-end=\"1029\"><strong data-start=\"931\" data-end=\"970\">Kukai\u0146u kodumi un \u0101das kairin\u0101jums:<\/strong> P\u0113c nepiecie\u0161am\u012bbas uzkl\u0101t tie\u0161i uz koduma vai kairin\u0101t\u0101s vietas.<\/li>\n<li data-start=\"1030\" data-end=\"1155\"><strong data-start=\"1033\" data-end=\"1080\">Nelielu br\u016b\u010du un griezumu kop\u0161ana:<\/strong> Not\u012briet \u0101du un uzkl\u0101jiet rull\u012bti uz br\u016bc\u0113m, lai veicin\u0101tu to dz\u012b\u0161anu.<\/li>\n<li data-start=\"1156\" data-end=\"1267\"><strong data-start=\"1159\" data-end=\"1194\">P\u0101rn\u0113s\u0101jama dabiska kop\u0161ana:<\/strong> Pateicoties praktiskajam izm\u0113ram, piem\u0113rota lieto\u0161anai jebkur\u0101 laik\u0101 un viet\u0101.<\/li>\n<\/ol>\n<h4 data-start=\"1269\" data-end=\"1312\"><strong data-start=\"1274\" data-end=\"1310\">Sast\u0101vda\u013cas un to priek\u0161roc\u012bbas:<\/strong><\/h4>\n<ul data-start=\"1313\" data-end=\"1668\">\n<li data-start=\"1313\" data-end=\"1473\"><strong data-start=\"1315\" data-end=\"1368\">100% dab\u012bga t\u0113jas koka e\u013c\u013ca (Melaleuca Alternifolia)<\/strong> \u2013 antibakteri\u0101las, pretiekaisuma un nomierino\u0161as \u012bpa\u0161\u012bbas, kas pal\u012bdz mazin\u0101t pumpas un \u0101das kairin\u0101jumu.<\/li>\n<li data-start=\"1474\" data-end=\"1562\"><strong data-start=\"1476\" data-end=\"1500\">Dab\u012bgs antisepti\u0137is<\/strong> \u2013 pal\u012bdz c\u012bn\u012bties ar \u0101das probl\u0113m\u0101m un neliel\u0101m br\u016bc\u0113m.<\/li>\n<li data-start=\"1563\" data-end=\"1668\"><strong data-start=\"1565\" data-end=\"1608\">Piem\u0113rots jut\u012bgai un problem\u0101tiskai \u0101dai<\/strong> \u2013 pal\u012bdz l\u012bdzsvarot sebuma izdal\u012b\u0161anos un mazin\u0101t aps\u0101rtumu.<\/li>\n<\/ul>\n","protected":false},"excerpt":{"rendered":"<p>Dab\u012bgs t\u0113jas koka e\u013c\u013cas rull\u012btis, kas att\u012bra, l\u012bdzsvaro un nomierina \u0101du, pal\u012bdzot mazin\u0101t akni, kukai\u0146u kodumus un \u0101das kairin\u0101jumu.<\/p>\n","protected":false},"featured_media":34532,"comment_status":"closed","ping_status":"closed","template":"","meta":{"_acf_changed":false},"product_brand":[],"product_cat":[2761,3067],"product_tag":[4458,4461,5347,2541,5349,5350,4462,5348,2559],"class_list":{"0":"post-34528","1":"product","2":"type-product","3":"status-publish","4":"has-post-thumbnail","6":"product_cat-eteriskas-ellas","7":"product_cat-ipasie-piedavajumi","8":"product_tag-aknes-aprupe","9":"product_tag-antibakteriala-aprupe","10":"product_tag-dabigs-antiseptikis","11":"product_tag-dabiska-skaistumkopsana","12":"product_tag-kukainu-kodumu-atvieglojums","13":"product_tag-pret-pinnem","14":"product_tag-pretiekaisuma-aprupe","15":"product_tag-tejas-koka-ellas-rullitis","16":"product_tag-tirs-skaistums","18":"first","19":"instock","20":"sale","21":"taxable","22":"shipping-taxable","23":"purchasable","24":"product-type-simple"},"acf":[],"yoast_head":"<!-- This site is optimized with the Yoast SEO plugin v27.1.1 - https:\/\/yoast.com\/product\/yoast-seo-wordpress\/ -->\n<title>T\u0113jas koka rull\u012btis 10 ml - Puhdas+<\/title>\n<meta name=\"description\" content=\"T\u0113jas koka rull\u012btis 10 ml ir dab\u012bgs antibakteri\u0101ls l\u012bdzeklis, kas pal\u012bdz mazin\u0101t akni, kukai\u0146u kodumus un \u0101das kairin\u0101jumu.\" \/>\n<meta name=\"robots\" content=\"noindex, follow, max-snippet:-1, max-image-preview:large, max-video-preview:-1\" \/>\n<meta property=\"og:locale\" content=\"lv_LV\" \/>\n<meta property=\"og:type\" content=\"article\" \/>\n<meta property=\"og:title\" content=\"T\u0113jas koka rull\u012btis 10 ml - Puhdas+\" \/>\n<meta property=\"og:description\" content=\"T\u0113jas koka rull\u012btis 10 ml ir dab\u012bgs antibakteri\u0101ls l\u012bdzeklis, kas pal\u012bdz mazin\u0101t akni, kukai\u0146u kodumus un \u0101das kairin\u0101jumu.\" \/>\n<meta property=\"og:url\" content=\"https:\/\/test.puhdasplus.ee\/lv\/tooted\/eteriskas-ellas\/tejas-koka-rullitis-10-ml\/\" \/>\n<meta property=\"og:site_name\" content=\"Puhdas+\" \/>\n<meta property=\"article:publisher\" content=\"https:\/\/www.facebook.com\/puhdasplus\" \/>\n<meta property=\"article:modified_time\" content=\"2026-02-22T20:47:47+00:00\" \/>\n<meta property=\"og:image\" content=\"https:\/\/test.puhdasplus.ee\/wp-content\/uploads\/2025\/03\/127.jpg\" \/>\n\t<meta property=\"og:image:width\" content=\"1862\" \/>\n\t<meta property=\"og:image:height\" content=\"2560\" \/>\n\t<meta property=\"og:image:type\" content=\"image\/jpeg\" \/>\n<meta name=\"twitter:card\" content=\"summary_large_image\" \/>\n<meta name=\"twitter:label1\" content=\"Est. reading time\" \/>\n\t<meta name=\"twitter:data1\" content=\"1 minute\" \/>\n<script type=\"application\/ld+json\" class=\"yoast-schema-graph\">{\"@context\":\"https:\/\/schema.org\",\"@graph\":[{\"@type\":\"WebPage\",\"@id\":\"https:\/\/test.puhdasplus.ee\/lv\/tooted\/eteriskas-ellas\/tejas-koka-rullitis-10-ml\/\",\"url\":\"https:\/\/test.puhdasplus.ee\/lv\/tooted\/eteriskas-ellas\/tejas-koka-rullitis-10-ml\/\",\"name\":\"T\u0113jas koka rull\u012btis 10 ml - Puhdas+\",\"isPartOf\":{\"@id\":\"https:\/\/test.puhdasplus.ee\/lv\/#website\"},\"primaryImageOfPage\":{\"@id\":\"https:\/\/test.puhdasplus.ee\/lv\/tooted\/eteriskas-ellas\/tejas-koka-rullitis-10-ml\/#primaryimage\"},\"image\":{\"@id\":\"https:\/\/test.puhdasplus.ee\/lv\/tooted\/eteriskas-ellas\/tejas-koka-rullitis-10-ml\/#primaryimage\"},\"thumbnailUrl\":\"https:\/\/test.puhdasplus.ee\/wp-content\/uploads\/2025\/03\/127.jpg\",\"datePublished\":\"2025-01-17T09:15:32+00:00\",\"dateModified\":\"2026-02-22T20:47:47+00:00\",\"description\":\"T\u0113jas koka rull\u012btis 10 ml ir dab\u012bgs antibakteri\u0101ls l\u012bdzeklis, kas pal\u012bdz mazin\u0101t akni, kukai\u0146u kodumus un \u0101das kairin\u0101jumu.\",\"breadcrumb\":{\"@id\":\"https:\/\/test.puhdasplus.ee\/lv\/tooted\/eteriskas-ellas\/tejas-koka-rullitis-10-ml\/#breadcrumb\"},\"inLanguage\":\"lv-LV\",\"potentialAction\":[{\"@type\":\"ReadAction\",\"target\":[\"https:\/\/test.puhdasplus.ee\/lv\/tooted\/eteriskas-ellas\/tejas-koka-rullitis-10-ml\/\"]}]},{\"@type\":\"ImageObject\",\"inLanguage\":\"lv-LV\",\"@id\":\"https:\/\/test.puhdasplus.ee\/lv\/tooted\/eteriskas-ellas\/tejas-koka-rullitis-10-ml\/#primaryimage\",\"url\":\"https:\/\/test.puhdasplus.ee\/wp-content\/uploads\/2025\/03\/127.jpg\",\"contentUrl\":\"https:\/\/test.puhdasplus.ee\/wp-content\/uploads\/2025\/03\/127.jpg\",\"width\":1862,\"height\":2560,\"caption\":\"T\u0113jas koka rull\u012btis\"},{\"@type\":\"BreadcrumbList\",\"@id\":\"https:\/\/test.puhdasplus.ee\/lv\/tooted\/eteriskas-ellas\/tejas-koka-rullitis-10-ml\/#breadcrumb\",\"itemListElement\":[{\"@type\":\"ListItem\",\"position\":1,\"name\":\"S\u0101kums\",\"item\":\"https:\/\/test.puhdasplus.ee\/lv\/\"},{\"@type\":\"ListItem\",\"position\":2,\"name\":\"Produkti\",\"item\":\"https:\/\/test.puhdasplus.ee\/lv\/veikals\/\"},{\"@type\":\"ListItem\",\"position\":3,\"name\":\"T\u0113jas koka rull\u012btis 10 ml\"}]},{\"@type\":\"WebSite\",\"@id\":\"https:\/\/test.puhdasplus.ee\/lv\/#website\",\"url\":\"https:\/\/test.puhdasplus.ee\/lv\/\",\"name\":\"Puhdas+\",\"description\":\"Vitamiinid, Toidulisandid, looduskosmeetika, tervis, sport\",\"publisher\":{\"@id\":\"https:\/\/test.puhdasplus.ee\/lv\/#organization\"},\"potentialAction\":[{\"@type\":\"SearchAction\",\"target\":{\"@type\":\"EntryPoint\",\"urlTemplate\":\"https:\/\/test.puhdasplus.ee\/lv\/?s={search_term_string}\"},\"query-input\":{\"@type\":\"PropertyValueSpecification\",\"valueRequired\":true,\"valueName\":\"search_term_string\"}}],\"inLanguage\":\"lv-LV\"},{\"@type\":\"Organization\",\"@id\":\"https:\/\/test.puhdasplus.ee\/lv\/#organization\",\"name\":\"Puhdas+\",\"alternateName\":\"Puhdasplus\",\"url\":\"https:\/\/test.puhdasplus.ee\/lv\/\",\"logo\":{\"@type\":\"ImageObject\",\"inLanguage\":\"lv-LV\",\"@id\":\"https:\/\/test.puhdasplus.ee\/lv\/#\/schema\/logo\/image\/\",\"url\":\"https:\/\/test.puhdasplus.ee\/\/wp-content\/uploads\/2019\/10\/puhdas_logo-arvele.png\",\"contentUrl\":\"https:\/\/test.puhdasplus.ee\/\/wp-content\/uploads\/2019\/10\/puhdas_logo-arvele.png\",\"width\":114,\"height\":94,\"caption\":\"Puhdas+\"},\"image\":{\"@id\":\"https:\/\/test.puhdasplus.ee\/lv\/#\/schema\/logo\/image\/\"},\"sameAs\":[\"https:\/\/www.facebook.com\/puhdasplus\",\"https:\/\/www.instagram.com\/puhdasplus_ee\/\"]}]}<\/script>\n<!-- \/ Yoast SEO plugin. -->","yoast_head_json":{"title":"T\u0113jas koka rull\u012btis 10 ml - Puhdas+","description":"T\u0113jas koka rull\u012btis 10 ml ir dab\u012bgs antibakteri\u0101ls l\u012bdzeklis, kas pal\u012bdz mazin\u0101t akni, kukai\u0146u kodumus un \u0101das kairin\u0101jumu.","robots":{"index":"noindex","follow":"follow","max-snippet":"max-snippet:-1","max-image-preview":"max-image-preview:large","max-video-preview":"max-video-preview:-1"},"og_locale":"lv_LV","og_type":"article","og_title":"T\u0113jas koka rull\u012btis 10 ml - Puhdas+","og_description":"T\u0113jas koka rull\u012btis 10 ml ir dab\u012bgs antibakteri\u0101ls l\u012bdzeklis, kas pal\u012bdz mazin\u0101t akni, kukai\u0146u kodumus un \u0101das kairin\u0101jumu.","og_url":"https:\/\/test.puhdasplus.ee\/lv\/tooted\/eteriskas-ellas\/tejas-koka-rullitis-10-ml\/","og_site_name":"Puhdas+","article_publisher":"https:\/\/www.facebook.com\/puhdasplus","article_modified_time":"2026-02-22T20:47:47+00:00","og_image":[{"width":1862,"height":2560,"url":"https:\/\/test.puhdasplus.ee\/wp-content\/uploads\/2025\/03\/127.jpg","type":"image\/jpeg"}],"twitter_card":"summary_large_image","twitter_misc":{"Est. reading time":"1 minute"},"schema":{"@context":"https:\/\/schema.org","@graph":[{"@type":"WebPage","@id":"https:\/\/test.puhdasplus.ee\/lv\/tooted\/eteriskas-ellas\/tejas-koka-rullitis-10-ml\/","url":"https:\/\/test.puhdasplus.ee\/lv\/tooted\/eteriskas-ellas\/tejas-koka-rullitis-10-ml\/","name":"T\u0113jas koka rull\u012btis 10 ml - Puhdas+","isPartOf":{"@id":"https:\/\/test.puhdasplus.ee\/lv\/#website"},"primaryImageOfPage":{"@id":"https:\/\/test.puhdasplus.ee\/lv\/tooted\/eteriskas-ellas\/tejas-koka-rullitis-10-ml\/#primaryimage"},"image":{"@id":"https:\/\/test.puhdasplus.ee\/lv\/tooted\/eteriskas-ellas\/tejas-koka-rullitis-10-ml\/#primaryimage"},"thumbnailUrl":"https:\/\/test.puhdasplus.ee\/wp-content\/uploads\/2025\/03\/127.jpg","datePublished":"2025-01-17T09:15:32+00:00","dateModified":"2026-02-22T20:47:47+00:00","description":"T\u0113jas koka rull\u012btis 10 ml ir dab\u012bgs antibakteri\u0101ls l\u012bdzeklis, kas pal\u012bdz mazin\u0101t akni, kukai\u0146u kodumus un \u0101das kairin\u0101jumu.","breadcrumb":{"@id":"https:\/\/test.puhdasplus.ee\/lv\/tooted\/eteriskas-ellas\/tejas-koka-rullitis-10-ml\/#breadcrumb"},"inLanguage":"lv-LV","potentialAction":[{"@type":"ReadAction","target":["https:\/\/test.puhdasplus.ee\/lv\/tooted\/eteriskas-ellas\/tejas-koka-rullitis-10-ml\/"]}]},{"@type":"ImageObject","inLanguage":"lv-LV","@id":"https:\/\/test.puhdasplus.ee\/lv\/tooted\/eteriskas-ellas\/tejas-koka-rullitis-10-ml\/#primaryimage","url":"https:\/\/test.puhdasplus.ee\/wp-content\/uploads\/2025\/03\/127.jpg","contentUrl":"https:\/\/test.puhdasplus.ee\/wp-content\/uploads\/2025\/03\/127.jpg","width":1862,"height":2560,"caption":"T\u0113jas koka rull\u012btis"},{"@type":"BreadcrumbList","@id":"https:\/\/test.puhdasplus.ee\/lv\/tooted\/eteriskas-ellas\/tejas-koka-rullitis-10-ml\/#breadcrumb","itemListElement":[{"@type":"ListItem","position":1,"name":"S\u0101kums","item":"https:\/\/test.puhdasplus.ee\/lv\/"},{"@type":"ListItem","position":2,"name":"Produkti","item":"https:\/\/test.puhdasplus.ee\/lv\/veikals\/"},{"@type":"ListItem","position":3,"name":"T\u0113jas koka rull\u012btis 10 ml"}]},{"@type":"WebSite","@id":"https:\/\/test.puhdasplus.ee\/lv\/#website","url":"https:\/\/test.puhdasplus.ee\/lv\/","name":"Puhdas+","description":"Vitamiinid, Toidulisandid, looduskosmeetika, tervis, sport","publisher":{"@id":"https:\/\/test.puhdasplus.ee\/lv\/#organization"},"potentialAction":[{"@type":"SearchAction","target":{"@type":"EntryPoint","urlTemplate":"https:\/\/test.puhdasplus.ee\/lv\/?s={search_term_string}"},"query-input":{"@type":"PropertyValueSpecification","valueRequired":true,"valueName":"search_term_string"}}],"inLanguage":"lv-LV"},{"@type":"Organization","@id":"https:\/\/test.puhdasplus.ee\/lv\/#organization","name":"Puhdas+","alternateName":"Puhdasplus","url":"https:\/\/test.puhdasplus.ee\/lv\/","logo":{"@type":"ImageObject","inLanguage":"lv-LV","@id":"https:\/\/test.puhdasplus.ee\/lv\/#\/schema\/logo\/image\/","url":"https:\/\/test.puhdasplus.ee\/\/wp-content\/uploads\/2019\/10\/puhdas_logo-arvele.png","contentUrl":"https:\/\/test.puhdasplus.ee\/\/wp-content\/uploads\/2019\/10\/puhdas_logo-arvele.png","width":114,"height":94,"caption":"Puhdas+"},"image":{"@id":"https:\/\/test.puhdasplus.ee\/lv\/#\/schema\/logo\/image\/"},"sameAs":["https:\/\/www.facebook.com\/puhdasplus","https:\/\/www.instagram.com\/puhdasplus_ee\/"]}]}},"_links":{"self":[{"href":"https:\/\/test.puhdasplus.ee\/lv\/wp-json\/wp\/v2\/product\/34528","targetHints":{"allow":["GET"]}}],"collection":[{"href":"https:\/\/test.puhdasplus.ee\/lv\/wp-json\/wp\/v2\/product"}],"about":[{"href":"https:\/\/test.puhdasplus.ee\/lv\/wp-json\/wp\/v2\/types\/product"}],"replies":[{"embeddable":true,"href":"https:\/\/test.puhdasplus.ee\/lv\/wp-json\/wp\/v2\/comments?post=34528"}],"wp:featuredmedia":[{"embeddable":true,"href":"https:\/\/test.puhdasplus.ee\/lv\/wp-json\/wp\/v2\/media\/34532"}],"wp:attachment":[{"href":"https:\/\/test.puhdasplus.ee\/lv\/wp-json\/wp\/v2\/media?parent=34528"}],"wp:term":[{"taxonomy":"product_brand","embeddable":true,"href":"https:\/\/test.puhdasplus.ee\/lv\/wp-json\/wp\/v2\/product_brand?post=34528"},{"taxonomy":"product_cat","embeddable":true,"href":"https:\/\/test.puhdasplus.ee\/lv\/wp-json\/wp\/v2\/product_cat?post=34528"},{"taxonomy":"product_tag","embeddable":true,"href":"https:\/\/test.puhdasplus.ee\/lv\/wp-json\/wp\/v2\/product_tag?post=34528"}],"curies":[{"name":"wp","href":"https:\/\/api.w.org\/{rel}","templated":true}]}}