{"id":34527,"date":"2025-02-02T15:12:08","date_gmt":"2025-02-02T13:12:08","guid":{"rendered":"https:\/\/test.puhdasplus.ee\/\/tooted\/uncategorized\/berberina-barbelu-sakne-60-kapsulas\/"},"modified":"2026-02-22T22:47:52","modified_gmt":"2026-02-22T20:47:52","slug":"berberina-barbelu-sakne-60-kapsulas","status":"publish","type":"product","link":"https:\/\/test.puhdasplus.ee\/lv\/tooted\/gremosana-un-vielmaina\/berberina-barbelu-sakne-60-kapsulas\/","title":{"rendered":"Berber\u012bna b\u0101rbe\u013cu sakne 60 kapsulas"},"content":{"rendered":"<p class=\"p1\"><span class=\"s1\"><b>Pure+ Berberine 800 mg<\/b><\/span> ir augstas kvalit\u0101tes, dab\u012bgas izcelsmes uztura bag\u0101tin\u0101t\u0101js, kas satur berber\u012bnu, kas ieg\u016bts no b\u0101rbeles (Berberis vulgaris) saknes. Tas ir augu savienojums, ko tradicion\u0101li lieto vielmai\u0146as un gremo\u0161anas atbalstam. Berber\u012bns nesen ir k\u013cuvis par popul\u0101ru uztura bag\u0101tin\u0101t\u0101ju k\u0101 da\u013cu no apzin\u0101ta dz\u012bvesveida.  <\/p>\n<p class=\"p1\">Produkts ir piem\u0113rots tiem, kas v\u0113las atbalst\u012bt organisma <span class=\"s1\"><b>iek\u0161\u0113jo l\u012bdzsvaru<\/b><\/span> un <span class=\"s1\"><b>mikrobioma daudzveid\u012bbu<\/b><\/span> , vienlaikus nov\u0113rt\u0113jot t\u012bras un augu izcelsmes sast\u0101vda\u013cas.<\/p>\n<p data-start=\"496\" data-end=\"518\"><b>K\u0101p\u0113c izv\u0113l\u0113ties Pure+ Berberine?<\/b><\/p>\n<ul data-start=\"519\" data-end=\"900\">\n<li data-start=\"519\" data-end=\"591\"><span class=\"s1\"><b>Augu un dab\u012bgs sast\u0101vs<\/b><\/span> \u2013 ieg\u016bts no parast\u0101s \u0113rk\u0161\u0137ogas saknes<\/li>\n<li data-start=\"592\" data-end=\"710\"><b>Nesatur m\u0101ksl\u012bgas piedevas<\/b> <span class=\"s1\">vai izplat\u012btus alerg\u0113nus<\/span><\/li>\n<li data-start=\"592\" data-end=\"710\"><span class=\"s1\"><b>Piem\u0113rots apzin\u012bgam dz\u012bvesveidam<\/b><\/span> un cilv\u0113kiem, kuri piev\u0113r\u0161 uzman\u012bbu gremo\u0161anai un vielmai\u0146ai<\/li>\n<li data-start=\"711\" data-end=\"804\"><strong data-start=\"713\" data-end=\"754\">Piem\u0113rots veg\u0101niem un ve\u0123et\u0101rie\u0161iem:<\/strong><\/li>\n<li data-start=\"805\" data-end=\"900\"><strong data-start=\"807\" data-end=\"835\"><strong data-start=\"807\" data-end=\"835\">Ra\u017eots<\/strong><\/strong> <span class=\"s1\"><b>Somij\u0101<\/b><\/span> atbilsto\u0161i augstiem kvalit\u0101tes standartiem<\/li>\n<\/ul>\n<p data-start=\"902\" data-end=\"1119\"><strong data-start=\"902\" data-end=\"917\">Lieto\u0161ana:<\/strong> Ieteicam\u0101 deva ir 2 kapsulas dien\u0101. Nep\u0101rsniedziet ieteicamo dienas devu. Uztura bag\u0101tin\u0101t\u0101js neaizst\u0101j daudzveid\u012bgu un sabalans\u0113tu uzturu vai vesel\u012bgu dz\u012bvesveidu. Sarg\u0101t no b\u0113rniem.   <\/p>\n<p data-start=\"1121\" data-end=\"1383\"><strong data-start=\"1121\" data-end=\"1137\">Sast\u0101vda\u013cas:<\/strong> kapsula (stabilizators: hidroksipropilmetilceluloze), b\u0101rbeles sakne (Berberis vulgaris). Nesatur laktozi, raugu vai glut\u0113nu. Nesatur cukuru, s\u0101li, cieti, kukur\u016bzu, soju vai saldin\u0101t\u0101jus. Piem\u0113rots veg\u0101niem un ve\u0123et\u0101rie\u0161iem.   <\/p>\n<p data-start=\"1385\" data-end=\"1421\"><strong data-start=\"1385\" data-end=\"1421\">Uzturv\u0113rt\u012bbas inform\u0101cija (2 kapsulas):<\/strong><\/p>\n<ul data-start=\"1422\" data-end=\"1496\">\n<li data-start=\"1422\" data-end=\"1496\"><strong data-start=\"1424\" data-end=\"1455\">Parast\u0101s \u0113rk\u0161\u0137oga ekstrakts:<\/strong> 800 mg\n<ul data-start=\"1465\" data-end=\"1496\">\n<li data-start=\"1465\" data-end=\"1496\"><strong data-start=\"1467\" data-end=\"1489\">tostarp berber\u012bns:<\/strong> 560 mg<\/li>\n<\/ul>\n<\/li>\n<\/ul>\n","protected":false},"excerpt":{"rendered":"<p class=\"p1\"><span class=\"s1\"><b>Berber\u012bns 800 mg<\/b><\/span> ir dab\u012bgs uztura bag\u0101tin\u0101t\u0101js, kas satur b\u0101rbeles (Berberis vulgaris) saknes ekstraktu. Augu savienojums <span class=\"s1\"><b>berber\u012bns<\/b><\/span> ir zin\u0101ms ar savu <span class=\"s1\"><b>sp\u0113ju atbalst\u012bt gremo\u0161anu un vielmai\u0146u<\/b><\/span> , un to tradicion\u0101li lieto iek\u0161\u0113j\u0101 l\u012bdzsvara uztur\u0113\u0161anai. Produkts ir labi piem\u0113rots <span class=\"s1\"><b>cilv\u0113kiem, kuri nov\u0113rt\u0113 apzin\u0101tu dz\u012bvesveidu<\/b><\/span> un v\u0113las veicin\u0101t savu labsaj\u016btu t\u012br\u0101 un dabisk\u0101 veid\u0101.  <\/p>\n<p class=\"p1\">Pagatavots bez nevajadz\u012bg\u0101m piedev\u0101m un piem\u0113rots veg\u0101niem un ve\u0123et\u0101rie\u0161iem.<\/p>\n","protected":false},"featured_media":34530,"comment_status":"closed","ping_status":"closed","template":"","meta":{"_acf_changed":false},"product_brand":[],"product_cat":[3344],"product_tag":[5345,3425,5344,5340,5341,5337,5334,5335,3421,5339,3880,3878,3424,5343,5342,5336,5338,3426,5346,2974,3422,3510,3879],"class_list":{"0":"post-34527","1":"product","2":"type-product","3":"status-publish","4":"has-post-thumbnail","6":"product_cat-gremosana-un-vielmaina","7":"product_tag-antibakteriala-iedarbiba","8":"product_tag-antioksidantu-aizsardziba","9":"product_tag-atbalstot-gremosanu","10":"product_tag-atbalstot-imunsistemu","11":"product_tag-atbalstot-vielmainu","12":"product_tag-augstas-kvalitates-uztura-bagatinataji","13":"product_tag-berberins","14":"product_tag-cukura-limenis-asinis","15":"product_tag-dabigi-uztura-bagatinataji","16":"product_tag-dabisks-veselibas-atbalsts","17":"product_tag-gremosana","18":"product_tag-gremosana-un-vielmaina","19":"product_tag-hidroksipropilmetilceluloze","20":"product_tag-holesterina-limena-regulesana","21":"product_tag-lidzsvarojot-cukura-limeni-asinis","22":"product_tag-parasta-berbere","23":"product_tag-parasto-erkskogu-ekstrakts","24":"product_tag-pretiekaisuma-iedarbiba","25":"product_tag-sirds-un-asinsvadu-veseliba","26":"product_tag-vegans","27":"product_tag-veganu-uztura-bagatinataji","28":"product_tag-vegetarie-uztura-bagatinataji","29":"product_tag-vielmaina","31":"first","32":"instock","33":"featured","34":"taxable","35":"shipping-taxable","36":"purchasable","37":"product-type-simple"},"acf":[],"yoast_head":"<!-- This site is optimized with the Yoast SEO plugin v27.1.1 - https:\/\/yoast.com\/product\/yoast-seo-wordpress\/ -->\n<title>Berber\u012bna b\u0101rbe\u013cu sakne 60 kapsulas - Puhdas+<\/title>\n<meta name=\"description\" content=\"Berber\u012bns 800 mg \u2013 60 kapsulas. Dab\u012bgs uztura bag\u0101tin\u0101t\u0101js, kas satur berber\u012bnu no parast\u0101s vilk\u0101beles saknes. Piem\u0113rots veg\u0101niem.\" \/>\n<meta name=\"robots\" content=\"noindex, follow, max-snippet:-1, max-image-preview:large, max-video-preview:-1\" \/>\n<meta property=\"og:locale\" content=\"lv_LV\" \/>\n<meta property=\"og:type\" content=\"article\" \/>\n<meta property=\"og:title\" content=\"Berber\u012bna b\u0101rbe\u013cu sakne 60 kapsulas - Puhdas+\" \/>\n<meta property=\"og:description\" content=\"Berber\u012bns 800 mg \u2013 60 kapsulas. Dab\u012bgs uztura bag\u0101tin\u0101t\u0101js, kas satur berber\u012bnu no parast\u0101s vilk\u0101beles saknes. Piem\u0113rots veg\u0101niem.\" \/>\n<meta property=\"og:url\" content=\"https:\/\/test.puhdasplus.ee\/lv\/tooted\/gremosana-un-vielmaina\/berberina-barbelu-sakne-60-kapsulas\/\" \/>\n<meta property=\"og:site_name\" content=\"Puhdas+\" \/>\n<meta property=\"article:publisher\" content=\"https:\/\/www.facebook.com\/puhdasplus\" \/>\n<meta property=\"article:modified_time\" content=\"2026-02-22T20:47:52+00:00\" \/>\n<meta property=\"og:image\" content=\"https:\/\/test.puhdasplus.ee\/wp-content\/uploads\/2025\/03\/191.jpg\" \/>\n\t<meta property=\"og:image:width\" content=\"1862\" \/>\n\t<meta property=\"og:image:height\" content=\"2560\" \/>\n\t<meta property=\"og:image:type\" content=\"image\/jpeg\" \/>\n<meta name=\"twitter:card\" content=\"summary_large_image\" \/>\n<meta name=\"twitter:label1\" content=\"Est. reading time\" \/>\n\t<meta name=\"twitter:data1\" content=\"1 minute\" \/>\n<script type=\"application\/ld+json\" class=\"yoast-schema-graph\">{\"@context\":\"https:\/\/schema.org\",\"@graph\":[{\"@type\":\"WebPage\",\"@id\":\"https:\/\/test.puhdasplus.ee\/lv\/tooted\/gremosana-un-vielmaina\/berberina-barbelu-sakne-60-kapsulas\/\",\"url\":\"https:\/\/test.puhdasplus.ee\/lv\/tooted\/gremosana-un-vielmaina\/berberina-barbelu-sakne-60-kapsulas\/\",\"name\":\"Berber\u012bna b\u0101rbe\u013cu sakne 60 kapsulas - Puhdas+\",\"isPartOf\":{\"@id\":\"https:\/\/test.puhdasplus.ee\/lv\/#website\"},\"primaryImageOfPage\":{\"@id\":\"https:\/\/test.puhdasplus.ee\/lv\/tooted\/gremosana-un-vielmaina\/berberina-barbelu-sakne-60-kapsulas\/#primaryimage\"},\"image\":{\"@id\":\"https:\/\/test.puhdasplus.ee\/lv\/tooted\/gremosana-un-vielmaina\/berberina-barbelu-sakne-60-kapsulas\/#primaryimage\"},\"thumbnailUrl\":\"https:\/\/test.puhdasplus.ee\/wp-content\/uploads\/2025\/03\/191.jpg\",\"datePublished\":\"2025-02-02T13:12:08+00:00\",\"dateModified\":\"2026-02-22T20:47:52+00:00\",\"description\":\"Berber\u012bns 800 mg \u2013 60 kapsulas. Dab\u012bgs uztura bag\u0101tin\u0101t\u0101js, kas satur berber\u012bnu no parast\u0101s vilk\u0101beles saknes. Piem\u0113rots veg\u0101niem.\",\"breadcrumb\":{\"@id\":\"https:\/\/test.puhdasplus.ee\/lv\/tooted\/gremosana-un-vielmaina\/berberina-barbelu-sakne-60-kapsulas\/#breadcrumb\"},\"inLanguage\":\"lv-LV\",\"potentialAction\":[{\"@type\":\"ReadAction\",\"target\":[\"https:\/\/test.puhdasplus.ee\/lv\/tooted\/gremosana-un-vielmaina\/berberina-barbelu-sakne-60-kapsulas\/\"]}]},{\"@type\":\"ImageObject\",\"inLanguage\":\"lv-LV\",\"@id\":\"https:\/\/test.puhdasplus.ee\/lv\/tooted\/gremosana-un-vielmaina\/berberina-barbelu-sakne-60-kapsulas\/#primaryimage\",\"url\":\"https:\/\/test.puhdasplus.ee\/wp-content\/uploads\/2025\/03\/191.jpg\",\"contentUrl\":\"https:\/\/test.puhdasplus.ee\/wp-content\/uploads\/2025\/03\/191.jpg\",\"width\":1862,\"height\":2560,\"caption\":\"berber\u012bns\"},{\"@type\":\"BreadcrumbList\",\"@id\":\"https:\/\/test.puhdasplus.ee\/lv\/tooted\/gremosana-un-vielmaina\/berberina-barbelu-sakne-60-kapsulas\/#breadcrumb\",\"itemListElement\":[{\"@type\":\"ListItem\",\"position\":1,\"name\":\"S\u0101kums\",\"item\":\"https:\/\/test.puhdasplus.ee\/lv\/\"},{\"@type\":\"ListItem\",\"position\":2,\"name\":\"Produkti\",\"item\":\"https:\/\/test.puhdasplus.ee\/lv\/veikals\/\"},{\"@type\":\"ListItem\",\"position\":3,\"name\":\"Berber\u012bna b\u0101rbe\u013cu sakne 60 kapsulas\"}]},{\"@type\":\"WebSite\",\"@id\":\"https:\/\/test.puhdasplus.ee\/lv\/#website\",\"url\":\"https:\/\/test.puhdasplus.ee\/lv\/\",\"name\":\"Puhdas+\",\"description\":\"Vitamiinid, Toidulisandid, looduskosmeetika, tervis, sport\",\"publisher\":{\"@id\":\"https:\/\/test.puhdasplus.ee\/lv\/#organization\"},\"potentialAction\":[{\"@type\":\"SearchAction\",\"target\":{\"@type\":\"EntryPoint\",\"urlTemplate\":\"https:\/\/test.puhdasplus.ee\/lv\/?s={search_term_string}\"},\"query-input\":{\"@type\":\"PropertyValueSpecification\",\"valueRequired\":true,\"valueName\":\"search_term_string\"}}],\"inLanguage\":\"lv-LV\"},{\"@type\":\"Organization\",\"@id\":\"https:\/\/test.puhdasplus.ee\/lv\/#organization\",\"name\":\"Puhdas+\",\"alternateName\":\"Puhdasplus\",\"url\":\"https:\/\/test.puhdasplus.ee\/lv\/\",\"logo\":{\"@type\":\"ImageObject\",\"inLanguage\":\"lv-LV\",\"@id\":\"https:\/\/test.puhdasplus.ee\/lv\/#\/schema\/logo\/image\/\",\"url\":\"https:\/\/test.puhdasplus.ee\/\/wp-content\/uploads\/2019\/10\/puhdas_logo-arvele.png\",\"contentUrl\":\"https:\/\/test.puhdasplus.ee\/\/wp-content\/uploads\/2019\/10\/puhdas_logo-arvele.png\",\"width\":114,\"height\":94,\"caption\":\"Puhdas+\"},\"image\":{\"@id\":\"https:\/\/test.puhdasplus.ee\/lv\/#\/schema\/logo\/image\/\"},\"sameAs\":[\"https:\/\/www.facebook.com\/puhdasplus\",\"https:\/\/www.instagram.com\/puhdasplus_ee\/\"]}]}<\/script>\n<!-- \/ Yoast SEO plugin. -->","yoast_head_json":{"title":"Berber\u012bna b\u0101rbe\u013cu sakne 60 kapsulas - Puhdas+","description":"Berber\u012bns 800 mg \u2013 60 kapsulas. Dab\u012bgs uztura bag\u0101tin\u0101t\u0101js, kas satur berber\u012bnu no parast\u0101s vilk\u0101beles saknes. Piem\u0113rots veg\u0101niem.","robots":{"index":"noindex","follow":"follow","max-snippet":"max-snippet:-1","max-image-preview":"max-image-preview:large","max-video-preview":"max-video-preview:-1"},"og_locale":"lv_LV","og_type":"article","og_title":"Berber\u012bna b\u0101rbe\u013cu sakne 60 kapsulas - Puhdas+","og_description":"Berber\u012bns 800 mg \u2013 60 kapsulas. Dab\u012bgs uztura bag\u0101tin\u0101t\u0101js, kas satur berber\u012bnu no parast\u0101s vilk\u0101beles saknes. Piem\u0113rots veg\u0101niem.","og_url":"https:\/\/test.puhdasplus.ee\/lv\/tooted\/gremosana-un-vielmaina\/berberina-barbelu-sakne-60-kapsulas\/","og_site_name":"Puhdas+","article_publisher":"https:\/\/www.facebook.com\/puhdasplus","article_modified_time":"2026-02-22T20:47:52+00:00","og_image":[{"width":1862,"height":2560,"url":"https:\/\/test.puhdasplus.ee\/wp-content\/uploads\/2025\/03\/191.jpg","type":"image\/jpeg"}],"twitter_card":"summary_large_image","twitter_misc":{"Est. reading time":"1 minute"},"schema":{"@context":"https:\/\/schema.org","@graph":[{"@type":"WebPage","@id":"https:\/\/test.puhdasplus.ee\/lv\/tooted\/gremosana-un-vielmaina\/berberina-barbelu-sakne-60-kapsulas\/","url":"https:\/\/test.puhdasplus.ee\/lv\/tooted\/gremosana-un-vielmaina\/berberina-barbelu-sakne-60-kapsulas\/","name":"Berber\u012bna b\u0101rbe\u013cu sakne 60 kapsulas - Puhdas+","isPartOf":{"@id":"https:\/\/test.puhdasplus.ee\/lv\/#website"},"primaryImageOfPage":{"@id":"https:\/\/test.puhdasplus.ee\/lv\/tooted\/gremosana-un-vielmaina\/berberina-barbelu-sakne-60-kapsulas\/#primaryimage"},"image":{"@id":"https:\/\/test.puhdasplus.ee\/lv\/tooted\/gremosana-un-vielmaina\/berberina-barbelu-sakne-60-kapsulas\/#primaryimage"},"thumbnailUrl":"https:\/\/test.puhdasplus.ee\/wp-content\/uploads\/2025\/03\/191.jpg","datePublished":"2025-02-02T13:12:08+00:00","dateModified":"2026-02-22T20:47:52+00:00","description":"Berber\u012bns 800 mg \u2013 60 kapsulas. Dab\u012bgs uztura bag\u0101tin\u0101t\u0101js, kas satur berber\u012bnu no parast\u0101s vilk\u0101beles saknes. Piem\u0113rots veg\u0101niem.","breadcrumb":{"@id":"https:\/\/test.puhdasplus.ee\/lv\/tooted\/gremosana-un-vielmaina\/berberina-barbelu-sakne-60-kapsulas\/#breadcrumb"},"inLanguage":"lv-LV","potentialAction":[{"@type":"ReadAction","target":["https:\/\/test.puhdasplus.ee\/lv\/tooted\/gremosana-un-vielmaina\/berberina-barbelu-sakne-60-kapsulas\/"]}]},{"@type":"ImageObject","inLanguage":"lv-LV","@id":"https:\/\/test.puhdasplus.ee\/lv\/tooted\/gremosana-un-vielmaina\/berberina-barbelu-sakne-60-kapsulas\/#primaryimage","url":"https:\/\/test.puhdasplus.ee\/wp-content\/uploads\/2025\/03\/191.jpg","contentUrl":"https:\/\/test.puhdasplus.ee\/wp-content\/uploads\/2025\/03\/191.jpg","width":1862,"height":2560,"caption":"berber\u012bns"},{"@type":"BreadcrumbList","@id":"https:\/\/test.puhdasplus.ee\/lv\/tooted\/gremosana-un-vielmaina\/berberina-barbelu-sakne-60-kapsulas\/#breadcrumb","itemListElement":[{"@type":"ListItem","position":1,"name":"S\u0101kums","item":"https:\/\/test.puhdasplus.ee\/lv\/"},{"@type":"ListItem","position":2,"name":"Produkti","item":"https:\/\/test.puhdasplus.ee\/lv\/veikals\/"},{"@type":"ListItem","position":3,"name":"Berber\u012bna b\u0101rbe\u013cu sakne 60 kapsulas"}]},{"@type":"WebSite","@id":"https:\/\/test.puhdasplus.ee\/lv\/#website","url":"https:\/\/test.puhdasplus.ee\/lv\/","name":"Puhdas+","description":"Vitamiinid, Toidulisandid, looduskosmeetika, tervis, sport","publisher":{"@id":"https:\/\/test.puhdasplus.ee\/lv\/#organization"},"potentialAction":[{"@type":"SearchAction","target":{"@type":"EntryPoint","urlTemplate":"https:\/\/test.puhdasplus.ee\/lv\/?s={search_term_string}"},"query-input":{"@type":"PropertyValueSpecification","valueRequired":true,"valueName":"search_term_string"}}],"inLanguage":"lv-LV"},{"@type":"Organization","@id":"https:\/\/test.puhdasplus.ee\/lv\/#organization","name":"Puhdas+","alternateName":"Puhdasplus","url":"https:\/\/test.puhdasplus.ee\/lv\/","logo":{"@type":"ImageObject","inLanguage":"lv-LV","@id":"https:\/\/test.puhdasplus.ee\/lv\/#\/schema\/logo\/image\/","url":"https:\/\/test.puhdasplus.ee\/\/wp-content\/uploads\/2019\/10\/puhdas_logo-arvele.png","contentUrl":"https:\/\/test.puhdasplus.ee\/\/wp-content\/uploads\/2019\/10\/puhdas_logo-arvele.png","width":114,"height":94,"caption":"Puhdas+"},"image":{"@id":"https:\/\/test.puhdasplus.ee\/lv\/#\/schema\/logo\/image\/"},"sameAs":["https:\/\/www.facebook.com\/puhdasplus","https:\/\/www.instagram.com\/puhdasplus_ee\/"]}]}},"_links":{"self":[{"href":"https:\/\/test.puhdasplus.ee\/lv\/wp-json\/wp\/v2\/product\/34527","targetHints":{"allow":["GET"]}}],"collection":[{"href":"https:\/\/test.puhdasplus.ee\/lv\/wp-json\/wp\/v2\/product"}],"about":[{"href":"https:\/\/test.puhdasplus.ee\/lv\/wp-json\/wp\/v2\/types\/product"}],"replies":[{"embeddable":true,"href":"https:\/\/test.puhdasplus.ee\/lv\/wp-json\/wp\/v2\/comments?post=34527"}],"wp:featuredmedia":[{"embeddable":true,"href":"https:\/\/test.puhdasplus.ee\/lv\/wp-json\/wp\/v2\/media\/34530"}],"wp:attachment":[{"href":"https:\/\/test.puhdasplus.ee\/lv\/wp-json\/wp\/v2\/media?parent=34527"}],"wp:term":[{"taxonomy":"product_brand","embeddable":true,"href":"https:\/\/test.puhdasplus.ee\/lv\/wp-json\/wp\/v2\/product_brand?post=34527"},{"taxonomy":"product_cat","embeddable":true,"href":"https:\/\/test.puhdasplus.ee\/lv\/wp-json\/wp\/v2\/product_cat?post=34527"},{"taxonomy":"product_tag","embeddable":true,"href":"https:\/\/test.puhdasplus.ee\/lv\/wp-json\/wp\/v2\/product_tag?post=34527"}],"curies":[{"name":"wp","href":"https:\/\/api.w.org\/{rel}","templated":true}]}}