{"id":34513,"date":"2025-01-17T11:07:00","date_gmt":"2025-01-17T09:07:00","guid":{"rendered":"https:\/\/test.puhdasplus.ee\/\/tooted\/uncategorized\/kermena-un-masazas-ella-ar-saldo-apelsinu-un-vanilu-150ml\/"},"modified":"2026-02-22T22:47:46","modified_gmt":"2026-02-22T20:47:46","slug":"kermena-un-masazas-ella-ar-saldo-apelsinu-un-vanilu-150ml","status":"publish","type":"product","link":"https:\/\/test.puhdasplus.ee\/lv\/tooted\/kosmetika\/kermena-un-masazas-ella-ar-saldo-apelsinu-un-vanilu-150ml\/","title":{"rendered":"\u0136erme\u0146a un mas\u0101\u017eas e\u013c\u013ca ar saldo apels\u012bnu un vani\u013cu 150ml"},"content":{"rendered":"<p>\u0136erme\u0146a un mas\u0101\u017eas e\u013c\u013ca ar saldo apels\u012bnu un vani\u013cu ir grezni aromatiz\u0113ta un dzi\u013ci mitrino\u0161a e\u013c\u013ca, kas pal\u012bdz atsl\u0101bin\u0101ties, uzlabot garast\u0101vokli un palutin\u0101t \u0101du. <strong data-start=\"299\" data-end=\"331\">Saldo apels\u012bnu \u0113terisk\u0101 e\u013c\u013ca<\/strong> ir paz\u012bstama ar sav\u0101m <strong data-start=\"346\" data-end=\"396\">atsvaidzino\u0161aj\u0101m un stresa mazino\u0161aj\u0101m \u012bpa\u0161\u012bb\u0101m<\/strong> , pal\u012bdzot uzlabot garast\u0101vokli un stimul\u0113t saj\u016btas. <strong data-start=\"444\" data-end=\"463\">Vani\u013cas ekstrakts<\/strong> pie\u0161\u0137ir siltu un nomierino\u0161u arom\u0101tu, padarot mas\u0101\u017eu vai ikdienas \u0137erme\u0146a kop\u0161anas ritu\u0101lu par pat\u012bkamu ritu\u0101lu. Barojo\u0161\u0101 formula \u0101tri ies\u016bcas \u0101d\u0101, atst\u0101jot to z\u012bdaini maigu un starojo\u0161u. Piem\u0113rota visiem \u0101das tipiem un ir ide\u0101li piem\u0113rota k\u0101 mas\u0101\u017eas e\u013c\u013ca vai ikdienas \u0137erme\u0146a mitrin\u0101t\u0101js.  <\/p>\n<h4 data-start=\"912\" data-end=\"941\"><strong data-start=\"917\" data-end=\"939\">Lieto\u0161anas instrukcija:<\/strong><\/h4>\n<ol data-start=\"942\" data-end=\"1303\">\n<li data-start=\"942\" data-end=\"1064\"><strong data-start=\"945\" data-end=\"960\">Mas\u0101\u017eai:<\/strong> Sasildiet nelielu daudzumu e\u013c\u013cas starp rok\u0101m un iemas\u0113jiet \u0101d\u0101, lai mazin\u0101tu sasprindzin\u0101jumu un mitrin\u0101tu.<\/li>\n<li data-start=\"1065\" data-end=\"1186\"><strong data-start=\"1068\" data-end=\"1088\">K\u0101 \u0137erme\u0146a mitrin\u0101t\u0101js:<\/strong> uzkl\u0101jiet e\u013c\u013cu uz t\u012bras, sausas \u0101das p\u0113c du\u0161as vai vannas, lai saglab\u0101tu \u0101du m\u012bkstu un mitrin\u0101tu.<\/li>\n<li data-start=\"1187\" data-end=\"1303\"><strong data-start=\"1190\" data-end=\"1214\">Lai uzlabotu garast\u0101vokli:<\/strong> maigi iemas\u0113jiet kaklu un dekolt\u0113 zonu, lai izbaud\u012btu dabisko aromterapiju.<\/li>\n<\/ol>\n<h4 data-start=\"1305\" data-end=\"1348\"><strong data-start=\"1310\" data-end=\"1346\">Sast\u0101vda\u013cas un to priek\u0161roc\u012bbas:<\/strong><\/h4>\n<ul data-start=\"1349\" data-end=\"1954\">\n<li data-start=\"1349\" data-end=\"1481\"><strong data-start=\"1351\" data-end=\"1401\">Citrus Sinensis (saldo apels\u012bnu \u0113terisk\u0101 e\u013c\u013ca)<\/strong> \u2013 atsvaidzino\u0161a un uzmundrino\u0161a, stimul\u0113 asinsriti un mazina stresu.<\/li>\n<li data-start=\"1482\" data-end=\"1591\"><strong data-start=\"1484\" data-end=\"1524\">Vanilla Planifolia (vani\u013cas ekstrakts)<\/strong> \u2013 piem\u012bt nomierino\u0161a un relaks\u0113jo\u0161a iedarb\u012bba, pie\u0161\u0137ir greznu un siltu arom\u0101tu.<\/li>\n<li data-start=\"1592\" data-end=\"1707\"><strong data-start=\"1594\" data-end=\"1638\">Prunus Amygdalus Dulcis (saldo mande\u013cu e\u013c\u013ca)<\/strong> \u2013 dzi\u013ci mitrino\u0161a un m\u012bkstino\u0161a iedarb\u012bba, pal\u012bdz atjaunot \u0101das elast\u012bbu.<\/li>\n<li data-start=\"1708\" data-end=\"1839\"><strong data-start=\"1710\" data-end=\"1750\">Vitis Vinifera (v\u012bnogu kauli\u0146u e\u013c\u013ca)<\/strong> \u2013 antioksidantiem bag\u0101ta e\u013c\u013ca, kas atbalsta \u0101das atjauno\u0161anos un aizsarg\u0101 pret vides agresoriem.<\/li>\n<li data-start=\"1840\" data-end=\"1954\"><strong data-start=\"1842\" data-end=\"1869\">Tokoferols (E vitam\u012bns)<\/strong> \u2013 dab\u012bgs antioksidants, kas mitrina \u0101du un aizsarg\u0101 to no priek\u0161laic\u012bgas noveco\u0161an\u0101s.<\/li>\n<\/ul>\n","protected":false},"excerpt":{"rendered":"<p>Dab\u012bga \u0137erme\u0146a un mas\u0101\u017eas e\u013c\u013ca ar saldo apels\u012bnu un vani\u013cu, kas mitrina \u0101du, atsl\u0101bina saj\u016btas un rada greznu aromterapijas pieredzi.<\/p>\n","protected":false},"featured_media":34517,"comment_status":"closed","ping_status":"closed","template":"","meta":{"_acf_changed":false},"product_brand":[],"product_cat":[3296,2533],"product_tag":[5308,5312,2541,2766,5311,5280,5276,4116,5310,2762,2559,5309],"class_list":{"0":"post-34513","1":"product","2":"type-product","3":"status-publish","4":"has-post-thumbnail","6":"product_cat-ada-mati-nagi","7":"product_cat-kosmetika","8":"product_tag-apelsinu-ella","9":"product_tag-dabigs-kermena-mazgasanas-lidzeklis-lv","10":"product_tag-dabiska-skaistumkopsana","11":"product_tag-garastavokla-uzlabosana","12":"product_tag-grezna-aprupe","13":"product_tag-kermena-ella","14":"product_tag-masazas-ella","15":"product_tag-mitrinosa-kopsana","16":"product_tag-relaksejosa-masaza","17":"product_tag-stresa-mazinasana","18":"product_tag-tirs-skaistums","19":"product_tag-vanilas-ekstrakts","21":"first","22":"onbackorder","23":"taxable","24":"shipping-taxable","25":"purchasable","26":"product-type-simple"},"acf":[],"yoast_head":"<!-- This site is optimized with the Yoast SEO plugin v27.1.1 - https:\/\/yoast.com\/product\/yoast-seo-wordpress\/ -->\n<title>\u0136erme\u0146a un mas\u0101\u017eas e\u013c\u013ca ar saldo apels\u012bnu un vani\u013cu 150ml - Puhdas+<\/title>\n<meta name=\"description\" content=\"\u0136erme\u0146a un mas\u0101\u017eas e\u013c\u013ca ar saldo apels\u012bnu un vani\u013cu 150 ml mitrina \u0101du, atsl\u0101bina saj\u016btas un pied\u0101v\u0101 greznu aromterapiju.\" \/>\n<meta name=\"robots\" content=\"noindex, follow, max-snippet:-1, max-image-preview:large, max-video-preview:-1\" \/>\n<meta property=\"og:locale\" content=\"lv_LV\" \/>\n<meta property=\"og:type\" content=\"article\" \/>\n<meta property=\"og:title\" content=\"\u0136erme\u0146a un mas\u0101\u017eas e\u013c\u013ca ar saldo apels\u012bnu un vani\u013cu 150ml - Puhdas+\" \/>\n<meta property=\"og:description\" content=\"\u0136erme\u0146a un mas\u0101\u017eas e\u013c\u013ca ar saldo apels\u012bnu un vani\u013cu 150 ml mitrina \u0101du, atsl\u0101bina saj\u016btas un pied\u0101v\u0101 greznu aromterapiju.\" \/>\n<meta property=\"og:url\" content=\"https:\/\/test.puhdasplus.ee\/lv\/tooted\/kosmetika\/kermena-un-masazas-ella-ar-saldo-apelsinu-un-vanilu-150ml\/\" \/>\n<meta property=\"og:site_name\" content=\"Puhdas+\" \/>\n<meta property=\"article:publisher\" content=\"https:\/\/www.facebook.com\/puhdasplus\" \/>\n<meta property=\"article:modified_time\" content=\"2026-02-22T20:47:46+00:00\" \/>\n<meta property=\"og:image\" content=\"https:\/\/test.puhdasplus.ee\/wp-content\/uploads\/2025\/03\/128.jpg\" \/>\n\t<meta property=\"og:image:width\" content=\"1862\" \/>\n\t<meta property=\"og:image:height\" content=\"2560\" \/>\n\t<meta property=\"og:image:type\" content=\"image\/jpeg\" \/>\n<meta name=\"twitter:card\" content=\"summary_large_image\" \/>\n<meta name=\"twitter:label1\" content=\"Est. reading time\" \/>\n\t<meta name=\"twitter:data1\" content=\"2 min\u016btes\" \/>\n<script type=\"application\/ld+json\" class=\"yoast-schema-graph\">{\"@context\":\"https:\/\/schema.org\",\"@graph\":[{\"@type\":\"WebPage\",\"@id\":\"https:\/\/test.puhdasplus.ee\/lv\/tooted\/kosmetika\/kermena-un-masazas-ella-ar-saldo-apelsinu-un-vanilu-150ml\/\",\"url\":\"https:\/\/test.puhdasplus.ee\/lv\/tooted\/kosmetika\/kermena-un-masazas-ella-ar-saldo-apelsinu-un-vanilu-150ml\/\",\"name\":\"\u0136erme\u0146a un mas\u0101\u017eas e\u013c\u013ca ar saldo apels\u012bnu un vani\u013cu 150ml - Puhdas+\",\"isPartOf\":{\"@id\":\"https:\/\/test.puhdasplus.ee\/lv\/#website\"},\"primaryImageOfPage\":{\"@id\":\"https:\/\/test.puhdasplus.ee\/lv\/tooted\/kosmetika\/kermena-un-masazas-ella-ar-saldo-apelsinu-un-vanilu-150ml\/#primaryimage\"},\"image\":{\"@id\":\"https:\/\/test.puhdasplus.ee\/lv\/tooted\/kosmetika\/kermena-un-masazas-ella-ar-saldo-apelsinu-un-vanilu-150ml\/#primaryimage\"},\"thumbnailUrl\":\"https:\/\/test.puhdasplus.ee\/wp-content\/uploads\/2025\/03\/128.jpg\",\"datePublished\":\"2025-01-17T09:07:00+00:00\",\"dateModified\":\"2026-02-22T20:47:46+00:00\",\"description\":\"\u0136erme\u0146a un mas\u0101\u017eas e\u013c\u013ca ar saldo apels\u012bnu un vani\u013cu 150 ml mitrina \u0101du, atsl\u0101bina saj\u016btas un pied\u0101v\u0101 greznu aromterapiju.\",\"breadcrumb\":{\"@id\":\"https:\/\/test.puhdasplus.ee\/lv\/tooted\/kosmetika\/kermena-un-masazas-ella-ar-saldo-apelsinu-un-vanilu-150ml\/#breadcrumb\"},\"inLanguage\":\"lv-LV\",\"potentialAction\":[{\"@type\":\"ReadAction\",\"target\":[\"https:\/\/test.puhdasplus.ee\/lv\/tooted\/kosmetika\/kermena-un-masazas-ella-ar-saldo-apelsinu-un-vanilu-150ml\/\"]}]},{\"@type\":\"ImageObject\",\"inLanguage\":\"lv-LV\",\"@id\":\"https:\/\/test.puhdasplus.ee\/lv\/tooted\/kosmetika\/kermena-un-masazas-ella-ar-saldo-apelsinu-un-vanilu-150ml\/#primaryimage\",\"url\":\"https:\/\/test.puhdasplus.ee\/wp-content\/uploads\/2025\/03\/128.jpg\",\"contentUrl\":\"https:\/\/test.puhdasplus.ee\/wp-content\/uploads\/2025\/03\/128.jpg\",\"width\":1862,\"height\":2560,\"caption\":\"\u0137erme\u0146a mas\u0101\u017eas e\u013c\u013ca\"},{\"@type\":\"BreadcrumbList\",\"@id\":\"https:\/\/test.puhdasplus.ee\/lv\/tooted\/kosmetika\/kermena-un-masazas-ella-ar-saldo-apelsinu-un-vanilu-150ml\/#breadcrumb\",\"itemListElement\":[{\"@type\":\"ListItem\",\"position\":1,\"name\":\"S\u0101kums\",\"item\":\"https:\/\/test.puhdasplus.ee\/lv\/\"},{\"@type\":\"ListItem\",\"position\":2,\"name\":\"Produkti\",\"item\":\"https:\/\/test.puhdasplus.ee\/lv\/veikals\/\"},{\"@type\":\"ListItem\",\"position\":3,\"name\":\"\u0136erme\u0146a un mas\u0101\u017eas e\u013c\u013ca ar saldo apels\u012bnu un vani\u013cu 150ml\"}]},{\"@type\":\"WebSite\",\"@id\":\"https:\/\/test.puhdasplus.ee\/lv\/#website\",\"url\":\"https:\/\/test.puhdasplus.ee\/lv\/\",\"name\":\"Puhdas+\",\"description\":\"Vitamiinid, Toidulisandid, looduskosmeetika, tervis, sport\",\"publisher\":{\"@id\":\"https:\/\/test.puhdasplus.ee\/lv\/#organization\"},\"potentialAction\":[{\"@type\":\"SearchAction\",\"target\":{\"@type\":\"EntryPoint\",\"urlTemplate\":\"https:\/\/test.puhdasplus.ee\/lv\/?s={search_term_string}\"},\"query-input\":{\"@type\":\"PropertyValueSpecification\",\"valueRequired\":true,\"valueName\":\"search_term_string\"}}],\"inLanguage\":\"lv-LV\"},{\"@type\":\"Organization\",\"@id\":\"https:\/\/test.puhdasplus.ee\/lv\/#organization\",\"name\":\"Puhdas+\",\"alternateName\":\"Puhdasplus\",\"url\":\"https:\/\/test.puhdasplus.ee\/lv\/\",\"logo\":{\"@type\":\"ImageObject\",\"inLanguage\":\"lv-LV\",\"@id\":\"https:\/\/test.puhdasplus.ee\/lv\/#\/schema\/logo\/image\/\",\"url\":\"https:\/\/test.puhdasplus.ee\/\/wp-content\/uploads\/2019\/10\/puhdas_logo-arvele.png\",\"contentUrl\":\"https:\/\/test.puhdasplus.ee\/\/wp-content\/uploads\/2019\/10\/puhdas_logo-arvele.png\",\"width\":114,\"height\":94,\"caption\":\"Puhdas+\"},\"image\":{\"@id\":\"https:\/\/test.puhdasplus.ee\/lv\/#\/schema\/logo\/image\/\"},\"sameAs\":[\"https:\/\/www.facebook.com\/puhdasplus\",\"https:\/\/www.instagram.com\/puhdasplus_ee\/\"]}]}<\/script>\n<!-- \/ Yoast SEO plugin. -->","yoast_head_json":{"title":"\u0136erme\u0146a un mas\u0101\u017eas e\u013c\u013ca ar saldo apels\u012bnu un vani\u013cu 150ml - Puhdas+","description":"\u0136erme\u0146a un mas\u0101\u017eas e\u013c\u013ca ar saldo apels\u012bnu un vani\u013cu 150 ml mitrina \u0101du, atsl\u0101bina saj\u016btas un pied\u0101v\u0101 greznu aromterapiju.","robots":{"index":"noindex","follow":"follow","max-snippet":"max-snippet:-1","max-image-preview":"max-image-preview:large","max-video-preview":"max-video-preview:-1"},"og_locale":"lv_LV","og_type":"article","og_title":"\u0136erme\u0146a un mas\u0101\u017eas e\u013c\u013ca ar saldo apels\u012bnu un vani\u013cu 150ml - Puhdas+","og_description":"\u0136erme\u0146a un mas\u0101\u017eas e\u013c\u013ca ar saldo apels\u012bnu un vani\u013cu 150 ml mitrina \u0101du, atsl\u0101bina saj\u016btas un pied\u0101v\u0101 greznu aromterapiju.","og_url":"https:\/\/test.puhdasplus.ee\/lv\/tooted\/kosmetika\/kermena-un-masazas-ella-ar-saldo-apelsinu-un-vanilu-150ml\/","og_site_name":"Puhdas+","article_publisher":"https:\/\/www.facebook.com\/puhdasplus","article_modified_time":"2026-02-22T20:47:46+00:00","og_image":[{"width":1862,"height":2560,"url":"https:\/\/test.puhdasplus.ee\/wp-content\/uploads\/2025\/03\/128.jpg","type":"image\/jpeg"}],"twitter_card":"summary_large_image","twitter_misc":{"Est. reading time":"2 min\u016btes"},"schema":{"@context":"https:\/\/schema.org","@graph":[{"@type":"WebPage","@id":"https:\/\/test.puhdasplus.ee\/lv\/tooted\/kosmetika\/kermena-un-masazas-ella-ar-saldo-apelsinu-un-vanilu-150ml\/","url":"https:\/\/test.puhdasplus.ee\/lv\/tooted\/kosmetika\/kermena-un-masazas-ella-ar-saldo-apelsinu-un-vanilu-150ml\/","name":"\u0136erme\u0146a un mas\u0101\u017eas e\u013c\u013ca ar saldo apels\u012bnu un vani\u013cu 150ml - Puhdas+","isPartOf":{"@id":"https:\/\/test.puhdasplus.ee\/lv\/#website"},"primaryImageOfPage":{"@id":"https:\/\/test.puhdasplus.ee\/lv\/tooted\/kosmetika\/kermena-un-masazas-ella-ar-saldo-apelsinu-un-vanilu-150ml\/#primaryimage"},"image":{"@id":"https:\/\/test.puhdasplus.ee\/lv\/tooted\/kosmetika\/kermena-un-masazas-ella-ar-saldo-apelsinu-un-vanilu-150ml\/#primaryimage"},"thumbnailUrl":"https:\/\/test.puhdasplus.ee\/wp-content\/uploads\/2025\/03\/128.jpg","datePublished":"2025-01-17T09:07:00+00:00","dateModified":"2026-02-22T20:47:46+00:00","description":"\u0136erme\u0146a un mas\u0101\u017eas e\u013c\u013ca ar saldo apels\u012bnu un vani\u013cu 150 ml mitrina \u0101du, atsl\u0101bina saj\u016btas un pied\u0101v\u0101 greznu aromterapiju.","breadcrumb":{"@id":"https:\/\/test.puhdasplus.ee\/lv\/tooted\/kosmetika\/kermena-un-masazas-ella-ar-saldo-apelsinu-un-vanilu-150ml\/#breadcrumb"},"inLanguage":"lv-LV","potentialAction":[{"@type":"ReadAction","target":["https:\/\/test.puhdasplus.ee\/lv\/tooted\/kosmetika\/kermena-un-masazas-ella-ar-saldo-apelsinu-un-vanilu-150ml\/"]}]},{"@type":"ImageObject","inLanguage":"lv-LV","@id":"https:\/\/test.puhdasplus.ee\/lv\/tooted\/kosmetika\/kermena-un-masazas-ella-ar-saldo-apelsinu-un-vanilu-150ml\/#primaryimage","url":"https:\/\/test.puhdasplus.ee\/wp-content\/uploads\/2025\/03\/128.jpg","contentUrl":"https:\/\/test.puhdasplus.ee\/wp-content\/uploads\/2025\/03\/128.jpg","width":1862,"height":2560,"caption":"\u0137erme\u0146a mas\u0101\u017eas e\u013c\u013ca"},{"@type":"BreadcrumbList","@id":"https:\/\/test.puhdasplus.ee\/lv\/tooted\/kosmetika\/kermena-un-masazas-ella-ar-saldo-apelsinu-un-vanilu-150ml\/#breadcrumb","itemListElement":[{"@type":"ListItem","position":1,"name":"S\u0101kums","item":"https:\/\/test.puhdasplus.ee\/lv\/"},{"@type":"ListItem","position":2,"name":"Produkti","item":"https:\/\/test.puhdasplus.ee\/lv\/veikals\/"},{"@type":"ListItem","position":3,"name":"\u0136erme\u0146a un mas\u0101\u017eas e\u013c\u013ca ar saldo apels\u012bnu un vani\u013cu 150ml"}]},{"@type":"WebSite","@id":"https:\/\/test.puhdasplus.ee\/lv\/#website","url":"https:\/\/test.puhdasplus.ee\/lv\/","name":"Puhdas+","description":"Vitamiinid, Toidulisandid, looduskosmeetika, tervis, sport","publisher":{"@id":"https:\/\/test.puhdasplus.ee\/lv\/#organization"},"potentialAction":[{"@type":"SearchAction","target":{"@type":"EntryPoint","urlTemplate":"https:\/\/test.puhdasplus.ee\/lv\/?s={search_term_string}"},"query-input":{"@type":"PropertyValueSpecification","valueRequired":true,"valueName":"search_term_string"}}],"inLanguage":"lv-LV"},{"@type":"Organization","@id":"https:\/\/test.puhdasplus.ee\/lv\/#organization","name":"Puhdas+","alternateName":"Puhdasplus","url":"https:\/\/test.puhdasplus.ee\/lv\/","logo":{"@type":"ImageObject","inLanguage":"lv-LV","@id":"https:\/\/test.puhdasplus.ee\/lv\/#\/schema\/logo\/image\/","url":"https:\/\/test.puhdasplus.ee\/\/wp-content\/uploads\/2019\/10\/puhdas_logo-arvele.png","contentUrl":"https:\/\/test.puhdasplus.ee\/\/wp-content\/uploads\/2019\/10\/puhdas_logo-arvele.png","width":114,"height":94,"caption":"Puhdas+"},"image":{"@id":"https:\/\/test.puhdasplus.ee\/lv\/#\/schema\/logo\/image\/"},"sameAs":["https:\/\/www.facebook.com\/puhdasplus","https:\/\/www.instagram.com\/puhdasplus_ee\/"]}]}},"_links":{"self":[{"href":"https:\/\/test.puhdasplus.ee\/lv\/wp-json\/wp\/v2\/product\/34513","targetHints":{"allow":["GET"]}}],"collection":[{"href":"https:\/\/test.puhdasplus.ee\/lv\/wp-json\/wp\/v2\/product"}],"about":[{"href":"https:\/\/test.puhdasplus.ee\/lv\/wp-json\/wp\/v2\/types\/product"}],"replies":[{"embeddable":true,"href":"https:\/\/test.puhdasplus.ee\/lv\/wp-json\/wp\/v2\/comments?post=34513"}],"wp:featuredmedia":[{"embeddable":true,"href":"https:\/\/test.puhdasplus.ee\/lv\/wp-json\/wp\/v2\/media\/34517"}],"wp:attachment":[{"href":"https:\/\/test.puhdasplus.ee\/lv\/wp-json\/wp\/v2\/media?parent=34513"}],"wp:term":[{"taxonomy":"product_brand","embeddable":true,"href":"https:\/\/test.puhdasplus.ee\/lv\/wp-json\/wp\/v2\/product_brand?post=34513"},{"taxonomy":"product_cat","embeddable":true,"href":"https:\/\/test.puhdasplus.ee\/lv\/wp-json\/wp\/v2\/product_cat?post=34513"},{"taxonomy":"product_tag","embeddable":true,"href":"https:\/\/test.puhdasplus.ee\/lv\/wp-json\/wp\/v2\/product_tag?post=34513"}],"curies":[{"name":"wp","href":"https:\/\/api.w.org\/{rel}","templated":true}]}}