{"id":34500,"date":"2025-01-17T11:05:05","date_gmt":"2025-01-17T09:05:05","guid":{"rendered":"https:\/\/test.puhdasplus.ee\/\/tooted\/uncategorized\/kermena-un-masazas-ella-ar-lavandu-150-ml\/"},"modified":"2026-02-22T22:48:45","modified_gmt":"2026-02-22T20:48:45","slug":"kermena-un-masazas-ella-ar-lavandu-150-ml","status":"publish","type":"product","link":"https:\/\/test.puhdasplus.ee\/lv\/tooted\/kosmetika\/kermena-un-masazas-ella-ar-lavandu-150-ml\/","title":{"rendered":"\u0136erme\u0146a un mas\u0101\u017eas e\u013c\u013ca ar lavandu 150 ml"},"content":{"rendered":"<p>Relaks\u0113jo\u0161a lavandas \u0137erme\u0146a un mas\u0101\u017eas e\u013c\u013ca ir dabiski nomierino\u0161a un mitrino\u0161a proced\u016bra, kas pal\u012bdz atsl\u0101bin\u0101ties un mazin\u0101t spriedzi. Lavandas \u0113terisk\u0101 e\u013c\u013ca ir paz\u012bstama ar sav\u0101m <strong data-start=\"304\" data-end=\"327\">stresa mazin\u0101\u0161anas<\/strong> , <strong data-start=\"329\" data-end=\"349\">pretiekaisuma<\/strong> un <strong data-start=\"353\" data-end=\"377\">nomierino\u0161aj\u0101m \u012bpa\u0161\u012bb\u0101m<\/strong> , kas veicina dzi\u013cu relaks\u0101ciju un lab\u0101ku miega kvalit\u0101ti. Viegl\u0101 un barojo\u0161\u0101 formula \u0101tri ies\u016bcas, atst\u0101jot \u0101du z\u012bdaini maigu un mitrin\u0101tu. Ide\u0101li piem\u0113rota k\u0101 mas\u0101\u017eas e\u013c\u013ca vai ikdienas \u0137erme\u0146a proced\u016bra, lai nodro\u0161in\u0101tu dzi\u013cu mitrin\u0101\u0161anu un nomierino\u0161u aromterapiju \u0101dai.   <\/p>\n<h4 data-start=\"826\" data-end=\"855\"><strong data-start=\"831\" data-end=\"853\">Lieto\u0161anas instrukcija:<\/strong><\/h4>\n<ol data-start=\"856\" data-end=\"1170\">\n<li data-start=\"856\" data-end=\"955\"><strong data-start=\"859\" data-end=\"874\">Mas\u0101\u017eai:<\/strong> Uzkl\u0101jiet nelielu daudzumu e\u013c\u013cas uz plaukst\u0101m, sasildiet un viegli iemas\u0113jiet \u0101d\u0101.<\/li>\n<li data-start=\"956\" data-end=\"1061\"><strong data-start=\"959\" data-end=\"979\">K\u0101 \u0137erme\u0146a mitrin\u0101t\u0101js:<\/strong> uzkl\u0101t uz t\u012bras, sausas \u0101das p\u0113c mazg\u0101\u0161anas, lai nodro\u0161in\u0101tu dzi\u013cu mitrin\u0101\u0161anu.<\/li>\n<li data-start=\"1062\" data-end=\"1170\"><strong data-start=\"1065\" data-end=\"1088\">Pirms gul\u0113tie\u0161anas:<\/strong> iemas\u0113jiet kaklu un kr\u016btis, lai atp\u016bstos un mier\u012bgi aizmigtu.<\/li>\n<\/ol>\n<h4 data-start=\"1172\" data-end=\"1215\"><strong data-start=\"1177\" data-end=\"1213\">Sast\u0101vda\u013cas un to priek\u0161roc\u012bbas:<\/strong><\/h4>\n<ul data-start=\"1216\" data-end=\"1685\">\n<li data-start=\"1216\" data-end=\"1320\"><strong data-start=\"1218\" data-end=\"1258\">Lavandula Angustifolia (lavandas e\u013c\u013ca)<\/strong> \u2013 nomierina, mazina stresu un veicina lab\u0101ku miegu.<\/li>\n<li data-start=\"1321\" data-end=\"1436\"><strong data-start=\"1323\" data-end=\"1367\">Prunus Amygdalus Dulcis (saldo mande\u013cu e\u013c\u013ca)<\/strong> \u2013 dzi\u013ci mitrina un m\u012bkstina \u0101du, pal\u012bdz atjaunot \u0101das elast\u012bbu.<\/li>\n<li data-start=\"1437\" data-end=\"1570\"><strong data-start=\"1439\" data-end=\"1479\">Vitis Vinifera (v\u012bnogu kauli\u0146u e\u013c\u013ca)<\/strong> \u2013 bag\u0101ta ar antioksidantiem, atbalsta \u0101das atjauno\u0161anos un aizsarg\u0101 pret vides agresoriem.<\/li>\n<li data-start=\"1571\" data-end=\"1685\"><strong data-start=\"1573\" data-end=\"1600\">Tokoferols (E vitam\u012bns)<\/strong> \u2013 dab\u012bgs antioksidants, kas mitrina \u0101du un aizsarg\u0101 to no priek\u0161laic\u012bgas noveco\u0161an\u0101s.<\/li>\n<\/ul>\n","protected":false},"excerpt":{"rendered":"<p>Dab\u012bga \u0137erme\u0146a un mas\u0101\u017eas e\u013c\u013ca ar lavandas e\u013c\u013cu, kas mitrina \u0101du un atsl\u0101bina saj\u016btas, pal\u012bdzot mazin\u0101t stresu un spriedzi.<\/p>\n","protected":false},"featured_media":34503,"comment_status":"closed","ping_status":"closed","template":"","meta":{"_acf_changed":false},"product_brand":[],"product_cat":[3296,2533],"product_tag":[4485,5278,2541,5282,5280,5275,5276,5274,4116,5277,2559],"class_list":{"0":"post-34500","1":"product","2":"type-product","3":"status-publish","4":"has-post-thumbnail","6":"product_cat-ada-mati-nagi","7":"product_cat-kosmetika","8":"product_tag-dabigs-kermena-mazgasanas-lidzeklis","9":"product_tag-dabiska-relaksacija","10":"product_tag-dabiska-skaistumkopsana","11":"product_tag-dzila-relaksacija","12":"product_tag-kermena-ella","13":"product_tag-lavandas-ella","14":"product_tag-masazas-ella","15":"product_tag-miega-kvalitates-uzlabosana","16":"product_tag-mitrinosa-kopsana","17":"product_tag-stresa-mazinasana-lv","18":"product_tag-tirs-skaistums","20":"first","21":"onbackorder","22":"taxable","23":"shipping-taxable","24":"purchasable","25":"product-type-simple"},"acf":[],"yoast_head":"<!-- This site is optimized with the Yoast SEO plugin v27.1.1 - https:\/\/yoast.com\/product\/yoast-seo-wordpress\/ -->\n<title>\u0136erme\u0146a un mas\u0101\u017eas e\u013c\u013ca ar lavandu 150 ml - Puhdas+<\/title>\n<meta name=\"description\" content=\"\u0136erme\u0146a un mas\u0101\u017eas e\u013c\u013ca ar relaks\u0113jo\u0161u lavandu 150 ml nomierina, mitrina un pal\u012bdz mazin\u0101t spriedzi. Dab\u012bga kop\u0161ana lab\u0101kam miegam un relaks\u0101cijai!\" \/>\n<meta name=\"robots\" content=\"noindex, follow, max-snippet:-1, max-image-preview:large, max-video-preview:-1\" \/>\n<meta property=\"og:locale\" content=\"lv_LV\" \/>\n<meta property=\"og:type\" content=\"article\" \/>\n<meta property=\"og:title\" content=\"\u0136erme\u0146a un mas\u0101\u017eas e\u013c\u013ca ar lavandu 150 ml - Puhdas+\" \/>\n<meta property=\"og:description\" content=\"\u0136erme\u0146a un mas\u0101\u017eas e\u013c\u013ca ar relaks\u0113jo\u0161u lavandu 150 ml nomierina, mitrina un pal\u012bdz mazin\u0101t spriedzi. Dab\u012bga kop\u0161ana lab\u0101kam miegam un relaks\u0101cijai!\" \/>\n<meta property=\"og:url\" content=\"https:\/\/test.puhdasplus.ee\/lv\/tooted\/kosmetika\/kermena-un-masazas-ella-ar-lavandu-150-ml\/\" \/>\n<meta property=\"og:site_name\" content=\"Puhdas+\" \/>\n<meta property=\"article:publisher\" content=\"https:\/\/www.facebook.com\/puhdasplus\" \/>\n<meta property=\"article:modified_time\" content=\"2026-02-22T20:48:45+00:00\" \/>\n<meta property=\"og:image\" content=\"https:\/\/test.puhdasplus.ee\/wp-content\/uploads\/2025\/03\/129.jpg\" \/>\n\t<meta property=\"og:image:width\" content=\"1862\" \/>\n\t<meta property=\"og:image:height\" content=\"2560\" \/>\n\t<meta property=\"og:image:type\" content=\"image\/jpeg\" \/>\n<meta name=\"twitter:card\" content=\"summary_large_image\" \/>\n<meta name=\"twitter:label1\" content=\"Est. reading time\" \/>\n\t<meta name=\"twitter:data1\" content=\"1 minute\" \/>\n<script type=\"application\/ld+json\" class=\"yoast-schema-graph\">{\"@context\":\"https:\/\/schema.org\",\"@graph\":[{\"@type\":\"WebPage\",\"@id\":\"https:\/\/test.puhdasplus.ee\/lv\/tooted\/kosmetika\/kermena-un-masazas-ella-ar-lavandu-150-ml\/\",\"url\":\"https:\/\/test.puhdasplus.ee\/lv\/tooted\/kosmetika\/kermena-un-masazas-ella-ar-lavandu-150-ml\/\",\"name\":\"\u0136erme\u0146a un mas\u0101\u017eas e\u013c\u013ca ar lavandu 150 ml - Puhdas+\",\"isPartOf\":{\"@id\":\"https:\/\/test.puhdasplus.ee\/lv\/#website\"},\"primaryImageOfPage\":{\"@id\":\"https:\/\/test.puhdasplus.ee\/lv\/tooted\/kosmetika\/kermena-un-masazas-ella-ar-lavandu-150-ml\/#primaryimage\"},\"image\":{\"@id\":\"https:\/\/test.puhdasplus.ee\/lv\/tooted\/kosmetika\/kermena-un-masazas-ella-ar-lavandu-150-ml\/#primaryimage\"},\"thumbnailUrl\":\"https:\/\/test.puhdasplus.ee\/wp-content\/uploads\/2025\/03\/129.jpg\",\"datePublished\":\"2025-01-17T09:05:05+00:00\",\"dateModified\":\"2026-02-22T20:48:45+00:00\",\"description\":\"\u0136erme\u0146a un mas\u0101\u017eas e\u013c\u013ca ar relaks\u0113jo\u0161u lavandu 150 ml nomierina, mitrina un pal\u012bdz mazin\u0101t spriedzi. Dab\u012bga kop\u0161ana lab\u0101kam miegam un relaks\u0101cijai!\",\"breadcrumb\":{\"@id\":\"https:\/\/test.puhdasplus.ee\/lv\/tooted\/kosmetika\/kermena-un-masazas-ella-ar-lavandu-150-ml\/#breadcrumb\"},\"inLanguage\":\"lv-LV\",\"potentialAction\":[{\"@type\":\"ReadAction\",\"target\":[\"https:\/\/test.puhdasplus.ee\/lv\/tooted\/kosmetika\/kermena-un-masazas-ella-ar-lavandu-150-ml\/\"]}]},{\"@type\":\"ImageObject\",\"inLanguage\":\"lv-LV\",\"@id\":\"https:\/\/test.puhdasplus.ee\/lv\/tooted\/kosmetika\/kermena-un-masazas-ella-ar-lavandu-150-ml\/#primaryimage\",\"url\":\"https:\/\/test.puhdasplus.ee\/wp-content\/uploads\/2025\/03\/129.jpg\",\"contentUrl\":\"https:\/\/test.puhdasplus.ee\/wp-content\/uploads\/2025\/03\/129.jpg\",\"width\":1862,\"height\":2560,\"caption\":\"\u0136erme\u0146a un mas\u0101\u017eas e\u013c\u013ca ar lavandu\"},{\"@type\":\"BreadcrumbList\",\"@id\":\"https:\/\/test.puhdasplus.ee\/lv\/tooted\/kosmetika\/kermena-un-masazas-ella-ar-lavandu-150-ml\/#breadcrumb\",\"itemListElement\":[{\"@type\":\"ListItem\",\"position\":1,\"name\":\"S\u0101kums\",\"item\":\"https:\/\/test.puhdasplus.ee\/lv\/\"},{\"@type\":\"ListItem\",\"position\":2,\"name\":\"Produkti\",\"item\":\"https:\/\/test.puhdasplus.ee\/lv\/veikals\/\"},{\"@type\":\"ListItem\",\"position\":3,\"name\":\"\u0136erme\u0146a un mas\u0101\u017eas e\u013c\u013ca ar lavandu 150 ml\"}]},{\"@type\":\"WebSite\",\"@id\":\"https:\/\/test.puhdasplus.ee\/lv\/#website\",\"url\":\"https:\/\/test.puhdasplus.ee\/lv\/\",\"name\":\"Puhdas+\",\"description\":\"Vitamiinid, Toidulisandid, looduskosmeetika, tervis, sport\",\"publisher\":{\"@id\":\"https:\/\/test.puhdasplus.ee\/lv\/#organization\"},\"potentialAction\":[{\"@type\":\"SearchAction\",\"target\":{\"@type\":\"EntryPoint\",\"urlTemplate\":\"https:\/\/test.puhdasplus.ee\/lv\/?s={search_term_string}\"},\"query-input\":{\"@type\":\"PropertyValueSpecification\",\"valueRequired\":true,\"valueName\":\"search_term_string\"}}],\"inLanguage\":\"lv-LV\"},{\"@type\":\"Organization\",\"@id\":\"https:\/\/test.puhdasplus.ee\/lv\/#organization\",\"name\":\"Puhdas+\",\"alternateName\":\"Puhdasplus\",\"url\":\"https:\/\/test.puhdasplus.ee\/lv\/\",\"logo\":{\"@type\":\"ImageObject\",\"inLanguage\":\"lv-LV\",\"@id\":\"https:\/\/test.puhdasplus.ee\/lv\/#\/schema\/logo\/image\/\",\"url\":\"https:\/\/test.puhdasplus.ee\/\/wp-content\/uploads\/2019\/10\/puhdas_logo-arvele.png\",\"contentUrl\":\"https:\/\/test.puhdasplus.ee\/\/wp-content\/uploads\/2019\/10\/puhdas_logo-arvele.png\",\"width\":114,\"height\":94,\"caption\":\"Puhdas+\"},\"image\":{\"@id\":\"https:\/\/test.puhdasplus.ee\/lv\/#\/schema\/logo\/image\/\"},\"sameAs\":[\"https:\/\/www.facebook.com\/puhdasplus\",\"https:\/\/www.instagram.com\/puhdasplus_ee\/\"]}]}<\/script>\n<!-- \/ Yoast SEO plugin. -->","yoast_head_json":{"title":"\u0136erme\u0146a un mas\u0101\u017eas e\u013c\u013ca ar lavandu 150 ml - Puhdas+","description":"\u0136erme\u0146a un mas\u0101\u017eas e\u013c\u013ca ar relaks\u0113jo\u0161u lavandu 150 ml nomierina, mitrina un pal\u012bdz mazin\u0101t spriedzi. Dab\u012bga kop\u0161ana lab\u0101kam miegam un relaks\u0101cijai!","robots":{"index":"noindex","follow":"follow","max-snippet":"max-snippet:-1","max-image-preview":"max-image-preview:large","max-video-preview":"max-video-preview:-1"},"og_locale":"lv_LV","og_type":"article","og_title":"\u0136erme\u0146a un mas\u0101\u017eas e\u013c\u013ca ar lavandu 150 ml - Puhdas+","og_description":"\u0136erme\u0146a un mas\u0101\u017eas e\u013c\u013ca ar relaks\u0113jo\u0161u lavandu 150 ml nomierina, mitrina un pal\u012bdz mazin\u0101t spriedzi. Dab\u012bga kop\u0161ana lab\u0101kam miegam un relaks\u0101cijai!","og_url":"https:\/\/test.puhdasplus.ee\/lv\/tooted\/kosmetika\/kermena-un-masazas-ella-ar-lavandu-150-ml\/","og_site_name":"Puhdas+","article_publisher":"https:\/\/www.facebook.com\/puhdasplus","article_modified_time":"2026-02-22T20:48:45+00:00","og_image":[{"width":1862,"height":2560,"url":"https:\/\/test.puhdasplus.ee\/wp-content\/uploads\/2025\/03\/129.jpg","type":"image\/jpeg"}],"twitter_card":"summary_large_image","twitter_misc":{"Est. reading time":"1 minute"},"schema":{"@context":"https:\/\/schema.org","@graph":[{"@type":"WebPage","@id":"https:\/\/test.puhdasplus.ee\/lv\/tooted\/kosmetika\/kermena-un-masazas-ella-ar-lavandu-150-ml\/","url":"https:\/\/test.puhdasplus.ee\/lv\/tooted\/kosmetika\/kermena-un-masazas-ella-ar-lavandu-150-ml\/","name":"\u0136erme\u0146a un mas\u0101\u017eas e\u013c\u013ca ar lavandu 150 ml - Puhdas+","isPartOf":{"@id":"https:\/\/test.puhdasplus.ee\/lv\/#website"},"primaryImageOfPage":{"@id":"https:\/\/test.puhdasplus.ee\/lv\/tooted\/kosmetika\/kermena-un-masazas-ella-ar-lavandu-150-ml\/#primaryimage"},"image":{"@id":"https:\/\/test.puhdasplus.ee\/lv\/tooted\/kosmetika\/kermena-un-masazas-ella-ar-lavandu-150-ml\/#primaryimage"},"thumbnailUrl":"https:\/\/test.puhdasplus.ee\/wp-content\/uploads\/2025\/03\/129.jpg","datePublished":"2025-01-17T09:05:05+00:00","dateModified":"2026-02-22T20:48:45+00:00","description":"\u0136erme\u0146a un mas\u0101\u017eas e\u013c\u013ca ar relaks\u0113jo\u0161u lavandu 150 ml nomierina, mitrina un pal\u012bdz mazin\u0101t spriedzi. Dab\u012bga kop\u0161ana lab\u0101kam miegam un relaks\u0101cijai!","breadcrumb":{"@id":"https:\/\/test.puhdasplus.ee\/lv\/tooted\/kosmetika\/kermena-un-masazas-ella-ar-lavandu-150-ml\/#breadcrumb"},"inLanguage":"lv-LV","potentialAction":[{"@type":"ReadAction","target":["https:\/\/test.puhdasplus.ee\/lv\/tooted\/kosmetika\/kermena-un-masazas-ella-ar-lavandu-150-ml\/"]}]},{"@type":"ImageObject","inLanguage":"lv-LV","@id":"https:\/\/test.puhdasplus.ee\/lv\/tooted\/kosmetika\/kermena-un-masazas-ella-ar-lavandu-150-ml\/#primaryimage","url":"https:\/\/test.puhdasplus.ee\/wp-content\/uploads\/2025\/03\/129.jpg","contentUrl":"https:\/\/test.puhdasplus.ee\/wp-content\/uploads\/2025\/03\/129.jpg","width":1862,"height":2560,"caption":"\u0136erme\u0146a un mas\u0101\u017eas e\u013c\u013ca ar lavandu"},{"@type":"BreadcrumbList","@id":"https:\/\/test.puhdasplus.ee\/lv\/tooted\/kosmetika\/kermena-un-masazas-ella-ar-lavandu-150-ml\/#breadcrumb","itemListElement":[{"@type":"ListItem","position":1,"name":"S\u0101kums","item":"https:\/\/test.puhdasplus.ee\/lv\/"},{"@type":"ListItem","position":2,"name":"Produkti","item":"https:\/\/test.puhdasplus.ee\/lv\/veikals\/"},{"@type":"ListItem","position":3,"name":"\u0136erme\u0146a un mas\u0101\u017eas e\u013c\u013ca ar lavandu 150 ml"}]},{"@type":"WebSite","@id":"https:\/\/test.puhdasplus.ee\/lv\/#website","url":"https:\/\/test.puhdasplus.ee\/lv\/","name":"Puhdas+","description":"Vitamiinid, Toidulisandid, looduskosmeetika, tervis, sport","publisher":{"@id":"https:\/\/test.puhdasplus.ee\/lv\/#organization"},"potentialAction":[{"@type":"SearchAction","target":{"@type":"EntryPoint","urlTemplate":"https:\/\/test.puhdasplus.ee\/lv\/?s={search_term_string}"},"query-input":{"@type":"PropertyValueSpecification","valueRequired":true,"valueName":"search_term_string"}}],"inLanguage":"lv-LV"},{"@type":"Organization","@id":"https:\/\/test.puhdasplus.ee\/lv\/#organization","name":"Puhdas+","alternateName":"Puhdasplus","url":"https:\/\/test.puhdasplus.ee\/lv\/","logo":{"@type":"ImageObject","inLanguage":"lv-LV","@id":"https:\/\/test.puhdasplus.ee\/lv\/#\/schema\/logo\/image\/","url":"https:\/\/test.puhdasplus.ee\/\/wp-content\/uploads\/2019\/10\/puhdas_logo-arvele.png","contentUrl":"https:\/\/test.puhdasplus.ee\/\/wp-content\/uploads\/2019\/10\/puhdas_logo-arvele.png","width":114,"height":94,"caption":"Puhdas+"},"image":{"@id":"https:\/\/test.puhdasplus.ee\/lv\/#\/schema\/logo\/image\/"},"sameAs":["https:\/\/www.facebook.com\/puhdasplus","https:\/\/www.instagram.com\/puhdasplus_ee\/"]}]}},"_links":{"self":[{"href":"https:\/\/test.puhdasplus.ee\/lv\/wp-json\/wp\/v2\/product\/34500","targetHints":{"allow":["GET"]}}],"collection":[{"href":"https:\/\/test.puhdasplus.ee\/lv\/wp-json\/wp\/v2\/product"}],"about":[{"href":"https:\/\/test.puhdasplus.ee\/lv\/wp-json\/wp\/v2\/types\/product"}],"replies":[{"embeddable":true,"href":"https:\/\/test.puhdasplus.ee\/lv\/wp-json\/wp\/v2\/comments?post=34500"}],"wp:featuredmedia":[{"embeddable":true,"href":"https:\/\/test.puhdasplus.ee\/lv\/wp-json\/wp\/v2\/media\/34503"}],"wp:attachment":[{"href":"https:\/\/test.puhdasplus.ee\/lv\/wp-json\/wp\/v2\/media?parent=34500"}],"wp:term":[{"taxonomy":"product_brand","embeddable":true,"href":"https:\/\/test.puhdasplus.ee\/lv\/wp-json\/wp\/v2\/product_brand?post=34500"},{"taxonomy":"product_cat","embeddable":true,"href":"https:\/\/test.puhdasplus.ee\/lv\/wp-json\/wp\/v2\/product_cat?post=34500"},{"taxonomy":"product_tag","embeddable":true,"href":"https:\/\/test.puhdasplus.ee\/lv\/wp-json\/wp\/v2\/product_tag?post=34500"}],"curies":[{"name":"wp","href":"https:\/\/api.w.org\/{rel}","templated":true}]}}