{"id":34491,"date":"2025-01-17T10:58:37","date_gmt":"2025-01-17T08:58:37","guid":{"rendered":"https:\/\/test.puhdasplus.ee\/\/tooted\/uncategorized\/skaistumkopsanas-ella-argana-ella-50-ml\/"},"modified":"2026-02-22T22:48:42","modified_gmt":"2026-02-22T20:48:42","slug":"skaistumkopsanas-ella-argana-ella-50-ml","status":"publish","type":"product","link":"https:\/\/test.puhdasplus.ee\/lv\/tooted\/kosmetika\/skaistumkopsanas-ella-argana-ella-50-ml\/","title":{"rendered":"Skaistumkop\u0161anas e\u013c\u013ca Argana e\u013c\u013ca 50 ml"},"content":{"rendered":"<p>Skaistumkop\u0161anas e\u013c\u013ca Arg\u0101na e\u013c\u013ca ir 100% dab\u012bga un auksti spiesta skaistumkop\u0161anas e\u013c\u013ca, kas dzi\u013ci mitrina, atjauno \u0101das elast\u012bbu un pie\u0161\u0137ir matiem vesel\u012bgu sp\u012bdumu. Arg\u0101na e\u013c\u013ca ir bag\u0101ta ar <strong data-start=\"278\" data-end=\"293\">E vitam\u012bnu<\/strong> , <strong data-start=\"295\" data-end=\"322\">neaizvietojam\u0101m tauksk\u0101b\u0113m<\/strong> un <strong data-start=\"326\" data-end=\"345\">antioksidantiem<\/strong> , kas pal\u012bdz mazin\u0101t \u0101das sausumu, aizsarg\u0101 pret noveco\u0161an\u0101s paz\u012bm\u0113m un stiprina matus. Pateicoties vieglajam sast\u0101vam, t\u0101 \u0101tri ies\u016bcas \u0101d\u0101, padarot to z\u012bdaini maigu un mirdzo\u0161u. Piem\u0113rota visiem \u0101das tipiem, \u012bpa\u0161i sausai un nobriedu\u0161ai \u0101dai. Ide\u0101li piem\u0113rota ar\u012b matu un nagu kop\u0161anai.    <\/p>\n<h4 data-start=\"779\" data-end=\"808\"><strong data-start=\"784\" data-end=\"806\">Lieto\u0161anas instrukcija:<\/strong><\/h4>\n<ol data-start=\"809\" data-end=\"1204\">\n<li data-start=\"809\" data-end=\"911\"><strong data-start=\"812\" data-end=\"832\">Sejai un \u0137ermenim:<\/strong> Uzkl\u0101jiet da\u017eus pilienus e\u013c\u013cas uz t\u012bras \u0101das un viegli iemas\u0113jiet, l\u012bdz t\u0101 ies\u016bcas.<\/li>\n<li data-start=\"912\" data-end=\"1016\"><strong data-start=\"915\" data-end=\"928\">Matiem:<\/strong> Iemas\u0113jiet nelielu daudzumu e\u013c\u013cas matu galos, lai mazin\u0101tu sausumu un saglab\u0101tu elast\u012bbu.<\/li>\n<li data-start=\"1017\" data-end=\"1111\"><strong data-start=\"1020\" data-end=\"1034\">Galvas \u0101dai:<\/strong> Pirms mazg\u0101\u0161anas iemas\u0113jiet e\u013c\u013cu galvas \u0101d\u0101, lai mitrin\u0101tu un stiprin\u0101tu matu saknes.<\/li>\n<li data-start=\"1112\" data-end=\"1204\"><strong data-start=\"1115\" data-end=\"1128\">Nagiem:<\/strong> Uzkl\u0101jiet e\u013c\u013cu uz nagu pl\u0101ksn\u0113m un kutikul\u0101m, lai t\u0101s barotu un stiprin\u0101tu.<\/li>\n<\/ol>\n<h4 data-start=\"1206\" data-end=\"1249\"><strong data-start=\"1211\" data-end=\"1247\">Sast\u0101vda\u013cas un to priek\u0161roc\u012bbas:<\/strong><\/h4>\n<ul data-start=\"1250\" data-end=\"1624\">\n<li data-start=\"1250\" data-end=\"1383\"><strong data-start=\"1252\" data-end=\"1306\">100% t\u012bra Argania Spinosa (arg\u0101na koka) s\u0113klu e\u013c\u013ca<\/strong> \u2013 dzi\u013ci mitrino\u0161a un barojo\u0161a e\u013c\u013ca, kas pal\u012bdz atjaunot \u0101das un matu vitalit\u0101ti.<\/li>\n<li data-start=\"1384\" data-end=\"1501\"><strong data-start=\"1386\" data-end=\"1400\">E vitam\u012bns<\/strong> \u2013 sp\u0113c\u012bgs antioksidants, kas aizsarg\u0101 \u0101du no br\u012bvajiem radik\u0101\u013ciem un nov\u0113r\u0161 priek\u0161laic\u012bgu noveco\u0161anos.<\/li>\n<li data-start=\"1502\" data-end=\"1624\"><strong data-start=\"1504\" data-end=\"1551\">Neaizvietojam\u0101s tauksk\u0101bes (Omega-6 un Omega-9)<\/strong> \u2013 pal\u012bdz atjaunot \u0101das mitruma l\u012bdzsvaru un uzlabo t\u0101s elast\u012bbu.<\/li>\n<\/ul>\n","protected":false},"excerpt":{"rendered":"<p>Dab\u012bga un dzi\u013ci mitrino\u0161a arg\u0101na e\u013c\u013ca, kas baro \u0101du, stiprina matus un pie\u0161\u0137ir tiem vesel\u012bgu sp\u012bdumu.<\/p>\n","protected":false},"featured_media":34493,"comment_status":"closed","ping_status":"closed","template":"","meta":{"_acf_changed":false},"product_brand":[],"product_cat":[2533],"product_tag":[2537,2551,5262,5261,2549,2541,2579,2580,2555,2588,2545,2559],"class_list":{"0":"post-34491","1":"product","2":"type-product","3":"status-publish","4":"has-post-thumbnail","6":"product_cat-kosmetika","7":"product_tag-adas-elastiba","8":"product_tag-antioksidantu-ella","9":"product_tag-argana-ella","10":"product_tag-atjaunojosa-aprupe","11":"product_tag-dabiska-adas-kopsana","12":"product_tag-dabiska-skaistumkopsana","13":"product_tag-e-vitamins","14":"product_tag-matu-kopsana","15":"product_tag-mitrinosa-ella","16":"product_tag-nagu-kopsana","17":"product_tag-pretgrumbu-kopsana","18":"product_tag-tirs-skaistums","20":"first","21":"onbackorder","22":"taxable","23":"shipping-taxable","24":"purchasable","25":"product-type-simple"},"acf":[],"yoast_head":"<!-- This site is optimized with the Yoast SEO plugin v27.1.1 - https:\/\/yoast.com\/product\/yoast-seo-wordpress\/ -->\n<title>Skaistumkop\u0161anas e\u013c\u013ca Argana e\u013c\u013ca 50 ml - Puhdas+<\/title>\n<meta name=\"description\" content=\"Skaistumkop\u0161anas e\u013c\u013ca Argana e\u013c\u013ca 50 ml ir 100% dab\u012bga un dzi\u013ci mitrino\u0161a skaistumkop\u0161anas e\u013c\u013ca, kas baro \u0101du, stiprina matus un aizsarg\u0101 pret noveco\u0161anos.\" \/>\n<meta name=\"robots\" content=\"noindex, follow, max-snippet:-1, max-image-preview:large, max-video-preview:-1\" \/>\n<meta property=\"og:locale\" content=\"lv_LV\" \/>\n<meta property=\"og:type\" content=\"article\" \/>\n<meta property=\"og:title\" content=\"Skaistumkop\u0161anas e\u013c\u013ca Argana e\u013c\u013ca 50 ml - Puhdas+\" \/>\n<meta property=\"og:description\" content=\"Skaistumkop\u0161anas e\u013c\u013ca Argana e\u013c\u013ca 50 ml ir 100% dab\u012bga un dzi\u013ci mitrino\u0161a skaistumkop\u0161anas e\u013c\u013ca, kas baro \u0101du, stiprina matus un aizsarg\u0101 pret noveco\u0161anos.\" \/>\n<meta property=\"og:url\" content=\"https:\/\/test.puhdasplus.ee\/lv\/tooted\/kosmetika\/skaistumkopsanas-ella-argana-ella-50-ml\/\" \/>\n<meta property=\"og:site_name\" content=\"Puhdas+\" \/>\n<meta property=\"article:publisher\" content=\"https:\/\/www.facebook.com\/puhdasplus\" \/>\n<meta property=\"article:modified_time\" content=\"2026-02-22T20:48:42+00:00\" \/>\n<meta property=\"og:image\" content=\"https:\/\/test.puhdasplus.ee\/wp-content\/uploads\/2025\/03\/131.jpg\" \/>\n\t<meta property=\"og:image:width\" content=\"1862\" \/>\n\t<meta property=\"og:image:height\" content=\"2560\" \/>\n\t<meta property=\"og:image:type\" content=\"image\/jpeg\" \/>\n<meta name=\"twitter:card\" content=\"summary_large_image\" \/>\n<meta name=\"twitter:label1\" content=\"Est. reading time\" \/>\n\t<meta name=\"twitter:data1\" content=\"1 minute\" \/>\n<script type=\"application\/ld+json\" class=\"yoast-schema-graph\">{\"@context\":\"https:\/\/schema.org\",\"@graph\":[{\"@type\":\"WebPage\",\"@id\":\"https:\/\/test.puhdasplus.ee\/lv\/tooted\/kosmetika\/skaistumkopsanas-ella-argana-ella-50-ml\/\",\"url\":\"https:\/\/test.puhdasplus.ee\/lv\/tooted\/kosmetika\/skaistumkopsanas-ella-argana-ella-50-ml\/\",\"name\":\"Skaistumkop\u0161anas e\u013c\u013ca Argana e\u013c\u013ca 50 ml - Puhdas+\",\"isPartOf\":{\"@id\":\"https:\/\/test.puhdasplus.ee\/lv\/#website\"},\"primaryImageOfPage\":{\"@id\":\"https:\/\/test.puhdasplus.ee\/lv\/tooted\/kosmetika\/skaistumkopsanas-ella-argana-ella-50-ml\/#primaryimage\"},\"image\":{\"@id\":\"https:\/\/test.puhdasplus.ee\/lv\/tooted\/kosmetika\/skaistumkopsanas-ella-argana-ella-50-ml\/#primaryimage\"},\"thumbnailUrl\":\"https:\/\/test.puhdasplus.ee\/wp-content\/uploads\/2025\/03\/131.jpg\",\"datePublished\":\"2025-01-17T08:58:37+00:00\",\"dateModified\":\"2026-02-22T20:48:42+00:00\",\"description\":\"Skaistumkop\u0161anas e\u013c\u013ca Argana e\u013c\u013ca 50 ml ir 100% dab\u012bga un dzi\u013ci mitrino\u0161a skaistumkop\u0161anas e\u013c\u013ca, kas baro \u0101du, stiprina matus un aizsarg\u0101 pret noveco\u0161anos.\",\"breadcrumb\":{\"@id\":\"https:\/\/test.puhdasplus.ee\/lv\/tooted\/kosmetika\/skaistumkopsanas-ella-argana-ella-50-ml\/#breadcrumb\"},\"inLanguage\":\"lv-LV\",\"potentialAction\":[{\"@type\":\"ReadAction\",\"target\":[\"https:\/\/test.puhdasplus.ee\/lv\/tooted\/kosmetika\/skaistumkopsanas-ella-argana-ella-50-ml\/\"]}]},{\"@type\":\"ImageObject\",\"inLanguage\":\"lv-LV\",\"@id\":\"https:\/\/test.puhdasplus.ee\/lv\/tooted\/kosmetika\/skaistumkopsanas-ella-argana-ella-50-ml\/#primaryimage\",\"url\":\"https:\/\/test.puhdasplus.ee\/wp-content\/uploads\/2025\/03\/131.jpg\",\"contentUrl\":\"https:\/\/test.puhdasplus.ee\/wp-content\/uploads\/2025\/03\/131.jpg\",\"width\":1862,\"height\":2560,\"caption\":\"Skaistuma e\u013c\u013ca Arg\u0101na e\u013c\u013ca\"},{\"@type\":\"BreadcrumbList\",\"@id\":\"https:\/\/test.puhdasplus.ee\/lv\/tooted\/kosmetika\/skaistumkopsanas-ella-argana-ella-50-ml\/#breadcrumb\",\"itemListElement\":[{\"@type\":\"ListItem\",\"position\":1,\"name\":\"S\u0101kums\",\"item\":\"https:\/\/test.puhdasplus.ee\/lv\/\"},{\"@type\":\"ListItem\",\"position\":2,\"name\":\"Produkti\",\"item\":\"https:\/\/test.puhdasplus.ee\/lv\/veikals\/\"},{\"@type\":\"ListItem\",\"position\":3,\"name\":\"Skaistumkop\u0161anas e\u013c\u013ca Argana e\u013c\u013ca 50 ml\"}]},{\"@type\":\"WebSite\",\"@id\":\"https:\/\/test.puhdasplus.ee\/lv\/#website\",\"url\":\"https:\/\/test.puhdasplus.ee\/lv\/\",\"name\":\"Puhdas+\",\"description\":\"Vitamiinid, Toidulisandid, looduskosmeetika, tervis, sport\",\"publisher\":{\"@id\":\"https:\/\/test.puhdasplus.ee\/lv\/#organization\"},\"potentialAction\":[{\"@type\":\"SearchAction\",\"target\":{\"@type\":\"EntryPoint\",\"urlTemplate\":\"https:\/\/test.puhdasplus.ee\/lv\/?s={search_term_string}\"},\"query-input\":{\"@type\":\"PropertyValueSpecification\",\"valueRequired\":true,\"valueName\":\"search_term_string\"}}],\"inLanguage\":\"lv-LV\"},{\"@type\":\"Organization\",\"@id\":\"https:\/\/test.puhdasplus.ee\/lv\/#organization\",\"name\":\"Puhdas+\",\"alternateName\":\"Puhdasplus\",\"url\":\"https:\/\/test.puhdasplus.ee\/lv\/\",\"logo\":{\"@type\":\"ImageObject\",\"inLanguage\":\"lv-LV\",\"@id\":\"https:\/\/test.puhdasplus.ee\/lv\/#\/schema\/logo\/image\/\",\"url\":\"https:\/\/test.puhdasplus.ee\/\/wp-content\/uploads\/2019\/10\/puhdas_logo-arvele.png\",\"contentUrl\":\"https:\/\/test.puhdasplus.ee\/\/wp-content\/uploads\/2019\/10\/puhdas_logo-arvele.png\",\"width\":114,\"height\":94,\"caption\":\"Puhdas+\"},\"image\":{\"@id\":\"https:\/\/test.puhdasplus.ee\/lv\/#\/schema\/logo\/image\/\"},\"sameAs\":[\"https:\/\/www.facebook.com\/puhdasplus\",\"https:\/\/www.instagram.com\/puhdasplus_ee\/\"]}]}<\/script>\n<!-- \/ Yoast SEO plugin. -->","yoast_head_json":{"title":"Skaistumkop\u0161anas e\u013c\u013ca Argana e\u013c\u013ca 50 ml - Puhdas+","description":"Skaistumkop\u0161anas e\u013c\u013ca Argana e\u013c\u013ca 50 ml ir 100% dab\u012bga un dzi\u013ci mitrino\u0161a skaistumkop\u0161anas e\u013c\u013ca, kas baro \u0101du, stiprina matus un aizsarg\u0101 pret noveco\u0161anos.","robots":{"index":"noindex","follow":"follow","max-snippet":"max-snippet:-1","max-image-preview":"max-image-preview:large","max-video-preview":"max-video-preview:-1"},"og_locale":"lv_LV","og_type":"article","og_title":"Skaistumkop\u0161anas e\u013c\u013ca Argana e\u013c\u013ca 50 ml - Puhdas+","og_description":"Skaistumkop\u0161anas e\u013c\u013ca Argana e\u013c\u013ca 50 ml ir 100% dab\u012bga un dzi\u013ci mitrino\u0161a skaistumkop\u0161anas e\u013c\u013ca, kas baro \u0101du, stiprina matus un aizsarg\u0101 pret noveco\u0161anos.","og_url":"https:\/\/test.puhdasplus.ee\/lv\/tooted\/kosmetika\/skaistumkopsanas-ella-argana-ella-50-ml\/","og_site_name":"Puhdas+","article_publisher":"https:\/\/www.facebook.com\/puhdasplus","article_modified_time":"2026-02-22T20:48:42+00:00","og_image":[{"width":1862,"height":2560,"url":"https:\/\/test.puhdasplus.ee\/wp-content\/uploads\/2025\/03\/131.jpg","type":"image\/jpeg"}],"twitter_card":"summary_large_image","twitter_misc":{"Est. reading time":"1 minute"},"schema":{"@context":"https:\/\/schema.org","@graph":[{"@type":"WebPage","@id":"https:\/\/test.puhdasplus.ee\/lv\/tooted\/kosmetika\/skaistumkopsanas-ella-argana-ella-50-ml\/","url":"https:\/\/test.puhdasplus.ee\/lv\/tooted\/kosmetika\/skaistumkopsanas-ella-argana-ella-50-ml\/","name":"Skaistumkop\u0161anas e\u013c\u013ca Argana e\u013c\u013ca 50 ml - Puhdas+","isPartOf":{"@id":"https:\/\/test.puhdasplus.ee\/lv\/#website"},"primaryImageOfPage":{"@id":"https:\/\/test.puhdasplus.ee\/lv\/tooted\/kosmetika\/skaistumkopsanas-ella-argana-ella-50-ml\/#primaryimage"},"image":{"@id":"https:\/\/test.puhdasplus.ee\/lv\/tooted\/kosmetika\/skaistumkopsanas-ella-argana-ella-50-ml\/#primaryimage"},"thumbnailUrl":"https:\/\/test.puhdasplus.ee\/wp-content\/uploads\/2025\/03\/131.jpg","datePublished":"2025-01-17T08:58:37+00:00","dateModified":"2026-02-22T20:48:42+00:00","description":"Skaistumkop\u0161anas e\u013c\u013ca Argana e\u013c\u013ca 50 ml ir 100% dab\u012bga un dzi\u013ci mitrino\u0161a skaistumkop\u0161anas e\u013c\u013ca, kas baro \u0101du, stiprina matus un aizsarg\u0101 pret noveco\u0161anos.","breadcrumb":{"@id":"https:\/\/test.puhdasplus.ee\/lv\/tooted\/kosmetika\/skaistumkopsanas-ella-argana-ella-50-ml\/#breadcrumb"},"inLanguage":"lv-LV","potentialAction":[{"@type":"ReadAction","target":["https:\/\/test.puhdasplus.ee\/lv\/tooted\/kosmetika\/skaistumkopsanas-ella-argana-ella-50-ml\/"]}]},{"@type":"ImageObject","inLanguage":"lv-LV","@id":"https:\/\/test.puhdasplus.ee\/lv\/tooted\/kosmetika\/skaistumkopsanas-ella-argana-ella-50-ml\/#primaryimage","url":"https:\/\/test.puhdasplus.ee\/wp-content\/uploads\/2025\/03\/131.jpg","contentUrl":"https:\/\/test.puhdasplus.ee\/wp-content\/uploads\/2025\/03\/131.jpg","width":1862,"height":2560,"caption":"Skaistuma e\u013c\u013ca Arg\u0101na e\u013c\u013ca"},{"@type":"BreadcrumbList","@id":"https:\/\/test.puhdasplus.ee\/lv\/tooted\/kosmetika\/skaistumkopsanas-ella-argana-ella-50-ml\/#breadcrumb","itemListElement":[{"@type":"ListItem","position":1,"name":"S\u0101kums","item":"https:\/\/test.puhdasplus.ee\/lv\/"},{"@type":"ListItem","position":2,"name":"Produkti","item":"https:\/\/test.puhdasplus.ee\/lv\/veikals\/"},{"@type":"ListItem","position":3,"name":"Skaistumkop\u0161anas e\u013c\u013ca Argana e\u013c\u013ca 50 ml"}]},{"@type":"WebSite","@id":"https:\/\/test.puhdasplus.ee\/lv\/#website","url":"https:\/\/test.puhdasplus.ee\/lv\/","name":"Puhdas+","description":"Vitamiinid, Toidulisandid, looduskosmeetika, tervis, sport","publisher":{"@id":"https:\/\/test.puhdasplus.ee\/lv\/#organization"},"potentialAction":[{"@type":"SearchAction","target":{"@type":"EntryPoint","urlTemplate":"https:\/\/test.puhdasplus.ee\/lv\/?s={search_term_string}"},"query-input":{"@type":"PropertyValueSpecification","valueRequired":true,"valueName":"search_term_string"}}],"inLanguage":"lv-LV"},{"@type":"Organization","@id":"https:\/\/test.puhdasplus.ee\/lv\/#organization","name":"Puhdas+","alternateName":"Puhdasplus","url":"https:\/\/test.puhdasplus.ee\/lv\/","logo":{"@type":"ImageObject","inLanguage":"lv-LV","@id":"https:\/\/test.puhdasplus.ee\/lv\/#\/schema\/logo\/image\/","url":"https:\/\/test.puhdasplus.ee\/\/wp-content\/uploads\/2019\/10\/puhdas_logo-arvele.png","contentUrl":"https:\/\/test.puhdasplus.ee\/\/wp-content\/uploads\/2019\/10\/puhdas_logo-arvele.png","width":114,"height":94,"caption":"Puhdas+"},"image":{"@id":"https:\/\/test.puhdasplus.ee\/lv\/#\/schema\/logo\/image\/"},"sameAs":["https:\/\/www.facebook.com\/puhdasplus","https:\/\/www.instagram.com\/puhdasplus_ee\/"]}]}},"_links":{"self":[{"href":"https:\/\/test.puhdasplus.ee\/lv\/wp-json\/wp\/v2\/product\/34491","targetHints":{"allow":["GET"]}}],"collection":[{"href":"https:\/\/test.puhdasplus.ee\/lv\/wp-json\/wp\/v2\/product"}],"about":[{"href":"https:\/\/test.puhdasplus.ee\/lv\/wp-json\/wp\/v2\/types\/product"}],"replies":[{"embeddable":true,"href":"https:\/\/test.puhdasplus.ee\/lv\/wp-json\/wp\/v2\/comments?post=34491"}],"wp:featuredmedia":[{"embeddable":true,"href":"https:\/\/test.puhdasplus.ee\/lv\/wp-json\/wp\/v2\/media\/34493"}],"wp:attachment":[{"href":"https:\/\/test.puhdasplus.ee\/lv\/wp-json\/wp\/v2\/media?parent=34491"}],"wp:term":[{"taxonomy":"product_brand","embeddable":true,"href":"https:\/\/test.puhdasplus.ee\/lv\/wp-json\/wp\/v2\/product_brand?post=34491"},{"taxonomy":"product_cat","embeddable":true,"href":"https:\/\/test.puhdasplus.ee\/lv\/wp-json\/wp\/v2\/product_cat?post=34491"},{"taxonomy":"product_tag","embeddable":true,"href":"https:\/\/test.puhdasplus.ee\/lv\/wp-json\/wp\/v2\/product_tag?post=34491"}],"curies":[{"name":"wp","href":"https:\/\/api.w.org\/{rel}","templated":true}]}}