{"id":34480,"date":"2025-01-17T11:01:48","date_gmt":"2025-01-17T09:01:48","guid":{"rendered":"https:\/\/test.puhdasplus.ee\/\/tooted\/uncategorized\/skaistumkopsanas-ella-ricinella-50-ml\/"},"modified":"2026-02-22T22:48:44","modified_gmt":"2026-02-22T20:48:44","slug":"skaistumkopsanas-ella-ricinella-50-ml","status":"publish","type":"product","link":"https:\/\/test.puhdasplus.ee\/lv\/tooted\/kosmetika\/skaistumkopsanas-ella-ricinella-50-ml\/","title":{"rendered":"Skaistumkop\u0161anas e\u013c\u013ca R\u012bcine\u013c\u013ca 50 ml"},"content":{"rendered":"<p data-start=\"103\" data-end=\"613\">R\u012bcine\u013c\u013ca ir 100% dab\u012bga un auksti spiesta e\u013c\u013ca, kas stiprina skropstas, uzacis, matus un nagus, nodro\u0161inot intens\u012bvu mitrin\u0101\u0161anu un aizsardz\u012bbu. R\u012bcine\u013c\u013ca ir bag\u0101ta ar <strong data-start=\"286\" data-end=\"300\">tauksk\u0101b\u0113m<\/strong> , <strong data-start=\"302\" data-end=\"317\">E vitam\u012bnu<\/strong> un <strong data-start=\"321\" data-end=\"340\">antioksidantiem<\/strong> , kas baro \u0101du, pa\u0101trina skropstu un matu aug\u0161anu un pal\u012bdz mazin\u0101t sausumu un kairin\u0101jumu. Pateicoties viskozajam sast\u0101vam, t\u0101 rada aizsargsl\u0101ni, kas uztur \u0101du un matus m\u012bkstus un elast\u012bgus. Piem\u0113rota lieto\u0161anai uz sejas, \u0137erme\u0146a, matiem un nagiem.   <\/p>\n<h4 data-start=\"756\" data-end=\"785\"><strong data-start=\"761\" data-end=\"783\">Lieto\u0161anas instrukcija:<\/strong><\/h4>\n<ol data-start=\"786\" data-end=\"1203\">\n<li data-start=\"786\" data-end=\"893\"><strong data-start=\"789\" data-end=\"817\">Skropst\u0101m un uzac\u012bm:<\/strong> Pirms gul\u0113tie\u0161anas viegli uzkl\u0101jiet uz skropst\u0101m un uzac\u012bm ar nelielu oti\u0146u.<\/li>\n<li data-start=\"894\" data-end=\"1006\"><strong data-start=\"897\" data-end=\"923\">Matiem un galvas \u0101dai:<\/strong> iemas\u0113jiet e\u013c\u013cu matu sakn\u0113s un atst\u0101jiet iedarboties vismaz 30 min\u016btes pirms mazg\u0101\u0161anas.<\/li>\n<li data-start=\"1007\" data-end=\"1119\"><strong data-start=\"1010\" data-end=\"1033\">Nagu un roku kop\u0161anai:<\/strong> Ier\u012bv\u0113jiet nelielu daudzumu e\u013c\u013cas kutikul\u0101s un nagos, lai tos stiprin\u0101tu un mitrin\u0101tu.<\/li>\n<li data-start=\"1120\" data-end=\"1203\"><strong data-start=\"1123\" data-end=\"1134\">\u0100dai:<\/strong> Uzkl\u0101t uz saus\u0101m viet\u0101m, lai nodro\u0161in\u0101tu dzi\u013cu mitrin\u0101\u0161anu un aizsardz\u012bbu.<\/li>\n<\/ol>\n<h4 data-start=\"1205\" data-end=\"1248\"><strong data-start=\"1210\" data-end=\"1246\">Sast\u0101vda\u013cas un to priek\u0161roc\u012bbas:<\/strong><\/h4>\n<ul data-start=\"1249\" data-end=\"1586\">\n<li data-start=\"1249\" data-end=\"1373\"><strong data-start=\"1251\" data-end=\"1304\">100% t\u012bra Ricinus Communis (r\u012bcine\u013c\u013ca)<\/strong> \u2013 stiprina skropstas, uzacis un matus un veicina to aug\u0161anu.<\/li>\n<li data-start=\"1374\" data-end=\"1477\"><strong data-start=\"1376\" data-end=\"1411\">Tauksk\u0101bes (Omega-9 un Omega-6)<\/strong> \u2013 mitrina \u0101du un veido aizsargsl\u0101ni, kas nov\u0113r\u0161 mitruma zudumu.<\/li>\n<li data-start=\"1478\" data-end=\"1586\"><strong data-start=\"1480\" data-end=\"1494\">E vitam\u012bns<\/strong> \u2013 antioksidants, kas aizsarg\u0101 \u0101du un matus no boj\u0101jumiem un atbalsta to vesel\u012bbu.<\/li>\n<\/ul>\n","protected":false},"excerpt":{"rendered":"<p>Dab\u012bga r\u012bcine\u013c\u013ca, kas dzi\u013ci mitrina, stiprina skropstas, uzacis un matus, k\u0101 ar\u012b veicina to aug\u0161anu.<\/p>\n","protected":false},"featured_media":34484,"comment_status":"closed","ping_status":"closed","template":"","meta":{"_acf_changed":false},"product_brand":[],"product_cat":[3296,2533],"product_tag":[5250,2585,2541,2539,2579,4216,2588,5246,5251,5249,2559],"class_list":{"0":"post-34480","1":"product","2":"type-product","3":"status-publish","4":"has-post-thumbnail","6":"product_cat-ada-mati-nagi","7":"product_cat-kosmetika","8":"product_tag-adu-aizsargajosa-ella","9":"product_tag-dabigs-mitrinatajs","10":"product_tag-dabiska-skaistumkopsana","11":"product_tag-dzila-apudenosana","12":"product_tag-e-vitamins","13":"product_tag-matu-stiprinasana","14":"product_tag-nagu-kopsana","15":"product_tag-ricinella","16":"product_tag-ricinella-lv","17":"product_tag-skropstu-un-uzacu-kopsana","18":"product_tag-tirs-skaistums","20":"first","21":"onbackorder","22":"taxable","23":"shipping-taxable","24":"purchasable","25":"product-type-simple"},"acf":[],"yoast_head":"<!-- This site is optimized with the Yoast SEO plugin v27.1.1 - https:\/\/yoast.com\/product\/yoast-seo-wordpress\/ -->\n<title>Skaistumkop\u0161anas e\u013c\u013ca R\u012bcine\u013c\u013ca 50 ml - Puhdas+<\/title>\n<meta name=\"description\" content=\"Skaistumkop\u0161anas e\u013c\u013ca R\u012bcine\u013c\u013ca 50 ml ir 100% dab\u012bga e\u013c\u013ca, kas stiprina skropstas, uzacis un matus, k\u0101 ar\u012b dzi\u013ci mitrina \u0101du. Ide\u0101li piem\u0113rota ikdienas lieto\u0161anai!\" \/>\n<meta name=\"robots\" content=\"noindex, follow, max-snippet:-1, max-image-preview:large, max-video-preview:-1\" \/>\n<meta property=\"og:locale\" content=\"lv_LV\" \/>\n<meta property=\"og:type\" content=\"article\" \/>\n<meta property=\"og:title\" content=\"Skaistumkop\u0161anas e\u013c\u013ca R\u012bcine\u013c\u013ca 50 ml - Puhdas+\" \/>\n<meta property=\"og:description\" content=\"Skaistumkop\u0161anas e\u013c\u013ca R\u012bcine\u013c\u013ca 50 ml ir 100% dab\u012bga e\u013c\u013ca, kas stiprina skropstas, uzacis un matus, k\u0101 ar\u012b dzi\u013ci mitrina \u0101du. Ide\u0101li piem\u0113rota ikdienas lieto\u0161anai!\" \/>\n<meta property=\"og:url\" content=\"https:\/\/test.puhdasplus.ee\/lv\/tooted\/kosmetika\/skaistumkopsanas-ella-ricinella-50-ml\/\" \/>\n<meta property=\"og:site_name\" content=\"Puhdas+\" \/>\n<meta property=\"article:publisher\" content=\"https:\/\/www.facebook.com\/puhdasplus\" \/>\n<meta property=\"article:modified_time\" content=\"2026-02-22T20:48:44+00:00\" \/>\n<meta property=\"og:image\" content=\"https:\/\/test.puhdasplus.ee\/wp-content\/uploads\/2025\/03\/130.jpg\" \/>\n\t<meta property=\"og:image:width\" content=\"1862\" \/>\n\t<meta property=\"og:image:height\" content=\"2560\" \/>\n\t<meta property=\"og:image:type\" content=\"image\/jpeg\" \/>\n<meta name=\"twitter:card\" content=\"summary_large_image\" \/>\n<meta name=\"twitter:label1\" content=\"Est. reading time\" \/>\n\t<meta name=\"twitter:data1\" content=\"1 minute\" \/>\n<script type=\"application\/ld+json\" class=\"yoast-schema-graph\">{\"@context\":\"https:\/\/schema.org\",\"@graph\":[{\"@type\":\"WebPage\",\"@id\":\"https:\/\/test.puhdasplus.ee\/lv\/tooted\/kosmetika\/skaistumkopsanas-ella-ricinella-50-ml\/\",\"url\":\"https:\/\/test.puhdasplus.ee\/lv\/tooted\/kosmetika\/skaistumkopsanas-ella-ricinella-50-ml\/\",\"name\":\"Skaistumkop\u0161anas e\u013c\u013ca R\u012bcine\u013c\u013ca 50 ml - Puhdas+\",\"isPartOf\":{\"@id\":\"https:\/\/test.puhdasplus.ee\/lv\/#website\"},\"primaryImageOfPage\":{\"@id\":\"https:\/\/test.puhdasplus.ee\/lv\/tooted\/kosmetika\/skaistumkopsanas-ella-ricinella-50-ml\/#primaryimage\"},\"image\":{\"@id\":\"https:\/\/test.puhdasplus.ee\/lv\/tooted\/kosmetika\/skaistumkopsanas-ella-ricinella-50-ml\/#primaryimage\"},\"thumbnailUrl\":\"https:\/\/test.puhdasplus.ee\/wp-content\/uploads\/2025\/03\/130.jpg\",\"datePublished\":\"2025-01-17T09:01:48+00:00\",\"dateModified\":\"2026-02-22T20:48:44+00:00\",\"description\":\"Skaistumkop\u0161anas e\u013c\u013ca R\u012bcine\u013c\u013ca 50 ml ir 100% dab\u012bga e\u013c\u013ca, kas stiprina skropstas, uzacis un matus, k\u0101 ar\u012b dzi\u013ci mitrina \u0101du. Ide\u0101li piem\u0113rota ikdienas lieto\u0161anai!\",\"breadcrumb\":{\"@id\":\"https:\/\/test.puhdasplus.ee\/lv\/tooted\/kosmetika\/skaistumkopsanas-ella-ricinella-50-ml\/#breadcrumb\"},\"inLanguage\":\"lv-LV\",\"potentialAction\":[{\"@type\":\"ReadAction\",\"target\":[\"https:\/\/test.puhdasplus.ee\/lv\/tooted\/kosmetika\/skaistumkopsanas-ella-ricinella-50-ml\/\"]}]},{\"@type\":\"ImageObject\",\"inLanguage\":\"lv-LV\",\"@id\":\"https:\/\/test.puhdasplus.ee\/lv\/tooted\/kosmetika\/skaistumkopsanas-ella-ricinella-50-ml\/#primaryimage\",\"url\":\"https:\/\/test.puhdasplus.ee\/wp-content\/uploads\/2025\/03\/130.jpg\",\"contentUrl\":\"https:\/\/test.puhdasplus.ee\/wp-content\/uploads\/2025\/03\/130.jpg\",\"width\":1862,\"height\":2560,\"caption\":\"Skaistumkop\u0161anas r\u012bcine\u013c\u013ca (Castor Oil)\"},{\"@type\":\"BreadcrumbList\",\"@id\":\"https:\/\/test.puhdasplus.ee\/lv\/tooted\/kosmetika\/skaistumkopsanas-ella-ricinella-50-ml\/#breadcrumb\",\"itemListElement\":[{\"@type\":\"ListItem\",\"position\":1,\"name\":\"S\u0101kums\",\"item\":\"https:\/\/test.puhdasplus.ee\/lv\/\"},{\"@type\":\"ListItem\",\"position\":2,\"name\":\"Produkti\",\"item\":\"https:\/\/test.puhdasplus.ee\/lv\/veikals\/\"},{\"@type\":\"ListItem\",\"position\":3,\"name\":\"Skaistumkop\u0161anas e\u013c\u013ca R\u012bcine\u013c\u013ca 50 ml\"}]},{\"@type\":\"WebSite\",\"@id\":\"https:\/\/test.puhdasplus.ee\/lv\/#website\",\"url\":\"https:\/\/test.puhdasplus.ee\/lv\/\",\"name\":\"Puhdas+\",\"description\":\"Vitamiinid, Toidulisandid, looduskosmeetika, tervis, sport\",\"publisher\":{\"@id\":\"https:\/\/test.puhdasplus.ee\/lv\/#organization\"},\"potentialAction\":[{\"@type\":\"SearchAction\",\"target\":{\"@type\":\"EntryPoint\",\"urlTemplate\":\"https:\/\/test.puhdasplus.ee\/lv\/?s={search_term_string}\"},\"query-input\":{\"@type\":\"PropertyValueSpecification\",\"valueRequired\":true,\"valueName\":\"search_term_string\"}}],\"inLanguage\":\"lv-LV\"},{\"@type\":\"Organization\",\"@id\":\"https:\/\/test.puhdasplus.ee\/lv\/#organization\",\"name\":\"Puhdas+\",\"alternateName\":\"Puhdasplus\",\"url\":\"https:\/\/test.puhdasplus.ee\/lv\/\",\"logo\":{\"@type\":\"ImageObject\",\"inLanguage\":\"lv-LV\",\"@id\":\"https:\/\/test.puhdasplus.ee\/lv\/#\/schema\/logo\/image\/\",\"url\":\"https:\/\/test.puhdasplus.ee\/\/wp-content\/uploads\/2019\/10\/puhdas_logo-arvele.png\",\"contentUrl\":\"https:\/\/test.puhdasplus.ee\/\/wp-content\/uploads\/2019\/10\/puhdas_logo-arvele.png\",\"width\":114,\"height\":94,\"caption\":\"Puhdas+\"},\"image\":{\"@id\":\"https:\/\/test.puhdasplus.ee\/lv\/#\/schema\/logo\/image\/\"},\"sameAs\":[\"https:\/\/www.facebook.com\/puhdasplus\",\"https:\/\/www.instagram.com\/puhdasplus_ee\/\"]}]}<\/script>\n<!-- \/ Yoast SEO plugin. -->","yoast_head_json":{"title":"Skaistumkop\u0161anas e\u013c\u013ca R\u012bcine\u013c\u013ca 50 ml - Puhdas+","description":"Skaistumkop\u0161anas e\u013c\u013ca R\u012bcine\u013c\u013ca 50 ml ir 100% dab\u012bga e\u013c\u013ca, kas stiprina skropstas, uzacis un matus, k\u0101 ar\u012b dzi\u013ci mitrina \u0101du. Ide\u0101li piem\u0113rota ikdienas lieto\u0161anai!","robots":{"index":"noindex","follow":"follow","max-snippet":"max-snippet:-1","max-image-preview":"max-image-preview:large","max-video-preview":"max-video-preview:-1"},"og_locale":"lv_LV","og_type":"article","og_title":"Skaistumkop\u0161anas e\u013c\u013ca R\u012bcine\u013c\u013ca 50 ml - Puhdas+","og_description":"Skaistumkop\u0161anas e\u013c\u013ca R\u012bcine\u013c\u013ca 50 ml ir 100% dab\u012bga e\u013c\u013ca, kas stiprina skropstas, uzacis un matus, k\u0101 ar\u012b dzi\u013ci mitrina \u0101du. Ide\u0101li piem\u0113rota ikdienas lieto\u0161anai!","og_url":"https:\/\/test.puhdasplus.ee\/lv\/tooted\/kosmetika\/skaistumkopsanas-ella-ricinella-50-ml\/","og_site_name":"Puhdas+","article_publisher":"https:\/\/www.facebook.com\/puhdasplus","article_modified_time":"2026-02-22T20:48:44+00:00","og_image":[{"width":1862,"height":2560,"url":"https:\/\/test.puhdasplus.ee\/wp-content\/uploads\/2025\/03\/130.jpg","type":"image\/jpeg"}],"twitter_card":"summary_large_image","twitter_misc":{"Est. reading time":"1 minute"},"schema":{"@context":"https:\/\/schema.org","@graph":[{"@type":"WebPage","@id":"https:\/\/test.puhdasplus.ee\/lv\/tooted\/kosmetika\/skaistumkopsanas-ella-ricinella-50-ml\/","url":"https:\/\/test.puhdasplus.ee\/lv\/tooted\/kosmetika\/skaistumkopsanas-ella-ricinella-50-ml\/","name":"Skaistumkop\u0161anas e\u013c\u013ca R\u012bcine\u013c\u013ca 50 ml - Puhdas+","isPartOf":{"@id":"https:\/\/test.puhdasplus.ee\/lv\/#website"},"primaryImageOfPage":{"@id":"https:\/\/test.puhdasplus.ee\/lv\/tooted\/kosmetika\/skaistumkopsanas-ella-ricinella-50-ml\/#primaryimage"},"image":{"@id":"https:\/\/test.puhdasplus.ee\/lv\/tooted\/kosmetika\/skaistumkopsanas-ella-ricinella-50-ml\/#primaryimage"},"thumbnailUrl":"https:\/\/test.puhdasplus.ee\/wp-content\/uploads\/2025\/03\/130.jpg","datePublished":"2025-01-17T09:01:48+00:00","dateModified":"2026-02-22T20:48:44+00:00","description":"Skaistumkop\u0161anas e\u013c\u013ca R\u012bcine\u013c\u013ca 50 ml ir 100% dab\u012bga e\u013c\u013ca, kas stiprina skropstas, uzacis un matus, k\u0101 ar\u012b dzi\u013ci mitrina \u0101du. Ide\u0101li piem\u0113rota ikdienas lieto\u0161anai!","breadcrumb":{"@id":"https:\/\/test.puhdasplus.ee\/lv\/tooted\/kosmetika\/skaistumkopsanas-ella-ricinella-50-ml\/#breadcrumb"},"inLanguage":"lv-LV","potentialAction":[{"@type":"ReadAction","target":["https:\/\/test.puhdasplus.ee\/lv\/tooted\/kosmetika\/skaistumkopsanas-ella-ricinella-50-ml\/"]}]},{"@type":"ImageObject","inLanguage":"lv-LV","@id":"https:\/\/test.puhdasplus.ee\/lv\/tooted\/kosmetika\/skaistumkopsanas-ella-ricinella-50-ml\/#primaryimage","url":"https:\/\/test.puhdasplus.ee\/wp-content\/uploads\/2025\/03\/130.jpg","contentUrl":"https:\/\/test.puhdasplus.ee\/wp-content\/uploads\/2025\/03\/130.jpg","width":1862,"height":2560,"caption":"Skaistumkop\u0161anas r\u012bcine\u013c\u013ca (Castor Oil)"},{"@type":"BreadcrumbList","@id":"https:\/\/test.puhdasplus.ee\/lv\/tooted\/kosmetika\/skaistumkopsanas-ella-ricinella-50-ml\/#breadcrumb","itemListElement":[{"@type":"ListItem","position":1,"name":"S\u0101kums","item":"https:\/\/test.puhdasplus.ee\/lv\/"},{"@type":"ListItem","position":2,"name":"Produkti","item":"https:\/\/test.puhdasplus.ee\/lv\/veikals\/"},{"@type":"ListItem","position":3,"name":"Skaistumkop\u0161anas e\u013c\u013ca R\u012bcine\u013c\u013ca 50 ml"}]},{"@type":"WebSite","@id":"https:\/\/test.puhdasplus.ee\/lv\/#website","url":"https:\/\/test.puhdasplus.ee\/lv\/","name":"Puhdas+","description":"Vitamiinid, Toidulisandid, looduskosmeetika, tervis, sport","publisher":{"@id":"https:\/\/test.puhdasplus.ee\/lv\/#organization"},"potentialAction":[{"@type":"SearchAction","target":{"@type":"EntryPoint","urlTemplate":"https:\/\/test.puhdasplus.ee\/lv\/?s={search_term_string}"},"query-input":{"@type":"PropertyValueSpecification","valueRequired":true,"valueName":"search_term_string"}}],"inLanguage":"lv-LV"},{"@type":"Organization","@id":"https:\/\/test.puhdasplus.ee\/lv\/#organization","name":"Puhdas+","alternateName":"Puhdasplus","url":"https:\/\/test.puhdasplus.ee\/lv\/","logo":{"@type":"ImageObject","inLanguage":"lv-LV","@id":"https:\/\/test.puhdasplus.ee\/lv\/#\/schema\/logo\/image\/","url":"https:\/\/test.puhdasplus.ee\/\/wp-content\/uploads\/2019\/10\/puhdas_logo-arvele.png","contentUrl":"https:\/\/test.puhdasplus.ee\/\/wp-content\/uploads\/2019\/10\/puhdas_logo-arvele.png","width":114,"height":94,"caption":"Puhdas+"},"image":{"@id":"https:\/\/test.puhdasplus.ee\/lv\/#\/schema\/logo\/image\/"},"sameAs":["https:\/\/www.facebook.com\/puhdasplus","https:\/\/www.instagram.com\/puhdasplus_ee\/"]}]}},"_links":{"self":[{"href":"https:\/\/test.puhdasplus.ee\/lv\/wp-json\/wp\/v2\/product\/34480","targetHints":{"allow":["GET"]}}],"collection":[{"href":"https:\/\/test.puhdasplus.ee\/lv\/wp-json\/wp\/v2\/product"}],"about":[{"href":"https:\/\/test.puhdasplus.ee\/lv\/wp-json\/wp\/v2\/types\/product"}],"replies":[{"embeddable":true,"href":"https:\/\/test.puhdasplus.ee\/lv\/wp-json\/wp\/v2\/comments?post=34480"}],"wp:featuredmedia":[{"embeddable":true,"href":"https:\/\/test.puhdasplus.ee\/lv\/wp-json\/wp\/v2\/media\/34484"}],"wp:attachment":[{"href":"https:\/\/test.puhdasplus.ee\/lv\/wp-json\/wp\/v2\/media?parent=34480"}],"wp:term":[{"taxonomy":"product_brand","embeddable":true,"href":"https:\/\/test.puhdasplus.ee\/lv\/wp-json\/wp\/v2\/product_brand?post=34480"},{"taxonomy":"product_cat","embeddable":true,"href":"https:\/\/test.puhdasplus.ee\/lv\/wp-json\/wp\/v2\/product_cat?post=34480"},{"taxonomy":"product_tag","embeddable":true,"href":"https:\/\/test.puhdasplus.ee\/lv\/wp-json\/wp\/v2\/product_tag?post=34480"}],"curies":[{"name":"wp","href":"https:\/\/api.w.org\/{rel}","templated":true}]}}