{"id":34173,"date":"2022-08-06T20:52:01","date_gmt":"2022-08-06T17:52:01","guid":{"rendered":"https:\/\/test.puhdasplus.ee\/\/tooted\/uncategorized\/quattro-magnijs-150-g\/"},"modified":"2026-02-27T13:12:35","modified_gmt":"2026-02-27T11:12:35","slug":"quattro-magnijs-150-g","status":"publish","type":"product","link":"https:\/\/test.puhdasplus.ee\/lv\/tooted\/minerali\/magnijs\/quattro-magnijs-150-g\/","title":{"rendered":"Quattro Magnijs 150 g"},"content":{"rendered":"<h2>Kas ir Pure+ Quattro magnija pulveris un k\u0101p\u0113c tas ir noder\u012bgs?<\/h2>\n<p class=\"\" data-start=\"365\" data-end=\"900\">Quattro Magnesium ir augstas kvalit\u0101tes un daudzpus\u012bgs magnija pulveris, kas atbalsta organismu daudzos l\u012bme\u0146os \u2013 tas pal\u012bdz uztur\u0113t norm\u0101lu musku\u013cu darb\u012bbu, atbalsta nervu sist\u0113mu un pal\u012bdz mazin\u0101t nogurumu un nesp\u0113ku. Produkts satur <b>\u010detras da\u017e\u0101das magnija formas<\/b> : mal\u0101tu, bisglicin\u0101tu, taur\u0101tu un glikon\u0101tu. <\/p>\n<p class=\"\" data-start=\"902\" data-end=\"1273\">Magnijs ir svar\u012bgs miner\u0101ls, kas veicina <b>ener\u0123ijas ra\u017eo\u0161anu<\/b> , <b>norm\u0101lu nervu sist\u0113mas un musku\u013cu darb\u012bbu<\/b> , k\u0101 ar\u012b <b>norm\u0101lu kaulu<\/b> vesel\u012bbas uztur\u0113\u0161anu.<\/p>\n<p class=\"\" data-start=\"1275\" data-end=\"1583\">Pulverveida forma \u013cauj produktu <b>viegli sajaukt ar \u016bdeni, sulu vai sm\u016btijiem<\/b> , padarot to par labu izv\u0113li tiem, kas dod priek\u0161roku dzeramajam variantam, nevis kapsul\u0101m. T\u012br\u0101 un bezpiedevu formula ir piem\u0113rota ar\u012b ve\u0123et\u0101rie\u0161iem un cilv\u0113kiem ar jut\u012bgu gremo\u0161anu. <\/p>\n<p data-start=\"192\" data-end=\"269\"><strong data-start=\"192\" data-end=\"267\">\u010cetru da\u017e\u0101du magnija formu kombin\u0101cija nodro\u0161ina daudzpus\u012bgu atbalstu:<\/strong><\/p>\n<ul data-start=\"271\" data-end=\"623\">\n<li data-start=\"271\" data-end=\"341\">\n<p data-start=\"273\" data-end=\"341\"><strong data-start=\"273\" data-end=\"294\">Magnija mal\u0101ts<\/strong> \u2013 veicina norm\u0101lu ener\u0123ijas metabolismu.<\/p>\n<\/li>\n<li data-start=\"342\" data-end=\"439\">\n<p data-start=\"344\" data-end=\"439\"><strong data-start=\"344\" data-end=\"371\">Magnija bisglicin\u0101ts<\/strong> \u2013 labi panesama magnija forma, kas piem\u0113rota ikdienas lieto\u0161anai.<\/p>\n<\/li>\n<li data-start=\"440\" data-end=\"532\">\n<p data-start=\"442\" data-end=\"532\"><strong data-start=\"442\" data-end=\"463\">Magnija taur\u0101ts<\/strong> \u2013 kombin\u0101cij\u0101 ar taur\u012bnu atbalsta norm\u0101lu nervu sist\u0113mas darb\u012bbu.<\/p>\n<\/li>\n<li data-start=\"533\" data-end=\"623\">\n<p data-start=\"535\" data-end=\"623\"><strong data-start=\"535\" data-end=\"558\">Magnija glikon\u0101ts<\/strong> \u2013 viegli uzs\u016bco\u0161a un pla\u0161i izmantota magnija forma.<\/p>\n<\/li>\n<\/ul>\n<p data-start=\"625\" data-end=\"833\">Tas padara produktu par ide\u0101lu ikdienas atbalstu tiem, kuru dz\u012bvesveids ir akt\u012bvs, stresa pilns vai fiziski pras\u012bgs, k\u0101 ar\u012b tiem, kas vienk\u0101r\u0161i v\u0113las atbalst\u012bt organisma norm\u0101lu darb\u012bbu un ikdienas labsaj\u016btu.<\/p>\n<h2 data-start=\"1585\" data-end=\"1662\">Kam tas ir piem\u0113rots?<\/h2>\n<p class=\"\" data-start=\"400\" data-end=\"481\">Produkts ir piem\u0113rots pieaugu\u0161ajiem, kuri v\u0113las papildin\u0101t magnija l\u012bmeni, \u012bpa\u0161i fiziski akt\u012bviem cilv\u0113kiem, sportistiem vai tiem, kuri bie\u017ei j\u016btas noguru\u0161i.<\/p>\n<h2 data-start=\"488\" data-end=\"508\">K\u0101 lietot?<\/h2>\n<p class=\"\" data-start=\"510\" data-end=\"749\">Ieteicam\u0101 deva ir 1\u20134 m\u0113rkarotes dien\u0101. Pulveri var sajaukt ar gl\u0101zi \u016bdens, sulas vai sm\u016btija. Ieteicamo dienas devu nedr\u012bkst p\u0101rsniegt. Uztura bag\u0101tin\u0101t\u0101js neaizst\u0101j daudzveid\u012bgu un sabalans\u0113tu uzturu vai vesel\u012bgu dz\u012bvesveidu. Sarg\u0101t no b\u0113rniem.    <\/p>\n<h2 data-start=\"756\" data-end=\"771\">Sast\u0101vda\u013cas<\/h2>\n<p class=\"\" data-start=\"773\" data-end=\"978\">Magnija mal\u0101ts, magnija bisglicin\u0101ts, magnija taur\u0101ts, magnija glikon\u0101ts. Nesatur laktozi, raugu vai glut\u0113nu. Nesatur cukuru, s\u0101li, cieti, kukur\u016bzu, soju vai saldin\u0101t\u0101jus. Piem\u0113rots ve\u0123et\u0101rie\u0161iem.<\/p>\n<h2 data-start=\"985\" data-end=\"1001\">Uzturv\u0113rt\u012bba<\/h2>\n<p class=\"\" data-start=\"1003\" data-end=\"1088\"><span class=\"relative -mx-px my-[-0.2rem] rounded px-px py-[0.2rem] transition-colors duration-100 ease-in-out\">1\u20134 m\u0113rkarotes satur:<\/span><\/p>\n<ul data-start=\"1090\" data-end=\"1177\">\n<li class=\"\" data-start=\"1090\" data-end=\"1177\">\n<p class=\"\" data-start=\"1092\" data-end=\"1177\"><span class=\"relative -mx-px my-[-0.2rem] rounded px-px py-[0.2rem] transition-colors duration-100 ease-in-out\">Magnijs: 85\u2013340 mg (23\u201391 % no ieteicam\u0101s dienas devas)<\/span><\/p>\n<\/li>\n<\/ul>\n<h2 data-start=\"1184\" data-end=\"1233\">K\u0101p\u0113c izv\u0113l\u0113ties Pure+ Quattro magnija pulveri?<\/h2>\n<ul data-start=\"1235\" data-end=\"1532\">\n<li class=\"\" data-start=\"1235\" data-end=\"1276\">\n<p class=\"\" data-start=\"1237\" data-end=\"1276\"><span class=\"relative -mx-px my-[-0.2rem] rounded px-px py-[0.2rem] transition-colors duration-100 ease-in-out\">Satur \u010detras da\u017e\u0101das magnija formas \u2013 lab\u0101ka uzs\u016bk\u0161an\u0101s un daudzpus\u012bga iedarb\u012bba<\/span><\/p>\n<\/li>\n<li class=\"\" data-start=\"1277\" data-end=\"1318\">\n<p class=\"\" data-start=\"1279\" data-end=\"1318\"><span class=\"relative -mx-px my-[-0.2rem] rounded px-px py-[0.2rem] transition-colors duration-100 ease-in-out\">Atbalsta norm\u0101lu musku\u013cu un nervu sist\u0113mas darb\u012bbu<\/span><\/p>\n<\/li>\n<li class=\"\" data-start=\"1319\" data-end=\"1360\">\n<p class=\"\" data-start=\"1321\" data-end=\"1360\"><span class=\"relative -mx-px my-[-0.2rem] rounded px-px py-[0.2rem] transition-colors duration-100 ease-in-out\">Pal\u012bdz mazin\u0101t nogurumu un nesp\u0113ku<\/span><\/p>\n<\/li>\n<li class=\"\" data-start=\"1361\" data-end=\"1402\">\n<p class=\"\" data-start=\"1363\" data-end=\"1402\"><span class=\"relative -mx-px my-[-0.2rem] rounded px-px py-[0.2rem] transition-colors duration-100 ease-in-out\">Nesatur m\u0101ksl\u012bgas piedevas vai alerg\u0113nus<\/span><\/p>\n<\/li>\n<li class=\"\" data-start=\"1403\" data-end=\"1444\">\n<p class=\"\" data-start=\"1405\" data-end=\"1444\"><span class=\"relative -mx-px my-[-0.2rem] rounded px-px py-[0.2rem] transition-colors duration-100 ease-in-out\">Piem\u0113rots ve\u0123et\u0101rie\u0161iem<\/span><\/p>\n<\/li>\n<li class=\"\" data-start=\"1445\" data-end=\"1532\">\n<p class=\"\" data-start=\"1447\" data-end=\"1532\"><span class=\"relative -mx-px my-[-0.2rem] rounded px-px py-[0.2rem] transition-colors duration-100 ease-in-out\">Ra\u017eots Somij\u0101<\/span><\/p>\n<\/li>\n<\/ul>\n","protected":false},"excerpt":{"rendered":"<p data-start=\"463\" data-end=\"898\">Quattro magnija pulveris ir efekt\u012bvs un t\u012brs magnija uztura bag\u0101tin\u0101t\u0101js, kas apvieno \u010detras da\u017e\u0101das magnija formas \u2013 mal\u0101tu, bisglicin\u0101tu, taur\u0101tu un glikon\u0101tu. Magnijs veicina norm\u0101lu musku\u013cu darb\u012bbu, atbalsta nervu sist\u0113mu un pal\u012bdz mazin\u0101t nogurumu un nesp\u0113ku. Pateicoties pulvera formai, produktu ir viegli sajaukt ar \u016bdeni, sulu vai koktei\u013ciem, padarot to ide\u0101li piem\u0113rotu tiem, kas dod priek\u0161roku dzeramajai versijai, nevis kapsul\u0101m.  <\/p>\n<p data-start=\"900\" data-end=\"1130\">Produkts ir piem\u0113rots ikdienas lieto\u0161anai pieaugu\u0161ajiem, tostarp cilv\u0113kiem ar akt\u012bvu dz\u012bvesveidu un sportistiem. Quattro Magnesium pulveris nesatur piedevas, cukuru, glut\u0113nu vai laktozi, un tas ir piem\u0113rots ar\u012b ve\u0123et\u0101rie\u0161iem. <\/p>\n","protected":false},"featured_media":34179,"comment_status":"closed","ping_status":"closed","template":"","meta":{"_acf_changed":false},"product_brand":[],"product_cat":[3280,3200],"product_tag":[3044,4966,4965,3203,3522,3225],"class_list":{"0":"post-34173","1":"product","2":"type-product","3":"status-publish","4":"has-post-thumbnail","6":"product_cat-magnijs","7":"product_cat-minerali","8":"product_tag-energija-un-nogurums","9":"product_tag-magnija-komplekss","10":"product_tag-magnija-pulveris","11":"product_tag-magnijs","12":"product_tag-miegs-un-stress","13":"product_tag-muskuli-un-locitavas","15":"first","16":"instock","17":"taxable","18":"shipping-taxable","19":"purchasable","20":"product-type-simple"},"acf":[],"yoast_head":"<!-- This site is optimized with the Yoast SEO plugin v27.1.1 - https:\/\/yoast.com\/product\/yoast-seo-wordpress\/ -->\n<title>Quattro Magnijs 150 g - Puhdas+<\/title>\n<meta name=\"description\" content=\"Efekt\u012bvs magnija pulveris ar \u010detr\u0101m magnija form\u0101m. Pal\u012bdz mazin\u0101t nogurumu, atbalsta musku\u013cus un nervu sist\u0113mu. Piem\u0113rots veg\u0101niem un ikdienas lieto\u0161anai.\" \/>\n<meta name=\"robots\" content=\"noindex, follow, max-snippet:-1, max-image-preview:large, max-video-preview:-1\" \/>\n<meta property=\"og:locale\" content=\"lv_LV\" \/>\n<meta property=\"og:type\" content=\"article\" \/>\n<meta property=\"og:title\" content=\"Quattro Magnijs 150 g - Puhdas+\" \/>\n<meta property=\"og:description\" content=\"Efekt\u012bvs magnija pulveris ar \u010detr\u0101m magnija form\u0101m. Pal\u012bdz mazin\u0101t nogurumu, atbalsta musku\u013cus un nervu sist\u0113mu. Piem\u0113rots veg\u0101niem un ikdienas lieto\u0161anai.\" \/>\n<meta property=\"og:url\" content=\"https:\/\/test.puhdasplus.ee\/lv\/tooted\/minerali\/magnijs\/quattro-magnijs-150-g\/\" \/>\n<meta property=\"og:site_name\" content=\"Puhdas+\" \/>\n<meta property=\"article:publisher\" content=\"https:\/\/www.facebook.com\/puhdasplus\" \/>\n<meta property=\"article:modified_time\" content=\"2026-02-27T11:12:35+00:00\" \/>\n<meta property=\"og:image\" content=\"https:\/\/test.puhdasplus.ee\/wp-content\/uploads\/2025\/03\/34.jpg\" \/>\n\t<meta property=\"og:image:width\" content=\"1862\" \/>\n\t<meta property=\"og:image:height\" content=\"2560\" \/>\n\t<meta property=\"og:image:type\" content=\"image\/jpeg\" \/>\n<meta name=\"twitter:card\" content=\"summary_large_image\" \/>\n<meta name=\"twitter:label1\" content=\"Est. reading time\" \/>\n\t<meta name=\"twitter:data1\" content=\"2 min\u016btes\" \/>\n<script type=\"application\/ld+json\" class=\"yoast-schema-graph\">{\"@context\":\"https:\/\/schema.org\",\"@graph\":[{\"@type\":\"WebPage\",\"@id\":\"https:\/\/test.puhdasplus.ee\/lv\/tooted\/minerali\/magnijs\/quattro-magnijs-150-g\/\",\"url\":\"https:\/\/test.puhdasplus.ee\/lv\/tooted\/minerali\/magnijs\/quattro-magnijs-150-g\/\",\"name\":\"Quattro Magnijs 150 g - Puhdas+\",\"isPartOf\":{\"@id\":\"https:\/\/test.puhdasplus.ee\/lv\/#website\"},\"primaryImageOfPage\":{\"@id\":\"https:\/\/test.puhdasplus.ee\/lv\/tooted\/minerali\/magnijs\/quattro-magnijs-150-g\/#primaryimage\"},\"image\":{\"@id\":\"https:\/\/test.puhdasplus.ee\/lv\/tooted\/minerali\/magnijs\/quattro-magnijs-150-g\/#primaryimage\"},\"thumbnailUrl\":\"https:\/\/test.puhdasplus.ee\/wp-content\/uploads\/2025\/03\/34.jpg\",\"datePublished\":\"2022-08-06T17:52:01+00:00\",\"dateModified\":\"2026-02-27T11:12:35+00:00\",\"description\":\"Efekt\u012bvs magnija pulveris ar \u010detr\u0101m magnija form\u0101m. Pal\u012bdz mazin\u0101t nogurumu, atbalsta musku\u013cus un nervu sist\u0113mu. Piem\u0113rots veg\u0101niem un ikdienas lieto\u0161anai.\",\"breadcrumb\":{\"@id\":\"https:\/\/test.puhdasplus.ee\/lv\/tooted\/minerali\/magnijs\/quattro-magnijs-150-g\/#breadcrumb\"},\"inLanguage\":\"lv-LV\",\"potentialAction\":[{\"@type\":\"ReadAction\",\"target\":[\"https:\/\/test.puhdasplus.ee\/lv\/tooted\/minerali\/magnijs\/quattro-magnijs-150-g\/\"]}]},{\"@type\":\"ImageObject\",\"inLanguage\":\"lv-LV\",\"@id\":\"https:\/\/test.puhdasplus.ee\/lv\/tooted\/minerali\/magnijs\/quattro-magnijs-150-g\/#primaryimage\",\"url\":\"https:\/\/test.puhdasplus.ee\/wp-content\/uploads\/2025\/03\/34.jpg\",\"contentUrl\":\"https:\/\/test.puhdasplus.ee\/wp-content\/uploads\/2025\/03\/34.jpg\",\"width\":1862,\"height\":2560,\"caption\":\"Quattro Magnijs - pulveris 150 g\"},{\"@type\":\"BreadcrumbList\",\"@id\":\"https:\/\/test.puhdasplus.ee\/lv\/tooted\/minerali\/magnijs\/quattro-magnijs-150-g\/#breadcrumb\",\"itemListElement\":[{\"@type\":\"ListItem\",\"position\":1,\"name\":\"S\u0101kums\",\"item\":\"https:\/\/test.puhdasplus.ee\/lv\/\"},{\"@type\":\"ListItem\",\"position\":2,\"name\":\"Produkti\",\"item\":\"https:\/\/test.puhdasplus.ee\/lv\/veikals\/\"},{\"@type\":\"ListItem\",\"position\":3,\"name\":\"Quattro Magnijs 150 g\"}]},{\"@type\":\"WebSite\",\"@id\":\"https:\/\/test.puhdasplus.ee\/lv\/#website\",\"url\":\"https:\/\/test.puhdasplus.ee\/lv\/\",\"name\":\"Puhdas+\",\"description\":\"Vitamiinid, Toidulisandid, looduskosmeetika, tervis, sport\",\"publisher\":{\"@id\":\"https:\/\/test.puhdasplus.ee\/lv\/#organization\"},\"potentialAction\":[{\"@type\":\"SearchAction\",\"target\":{\"@type\":\"EntryPoint\",\"urlTemplate\":\"https:\/\/test.puhdasplus.ee\/lv\/?s={search_term_string}\"},\"query-input\":{\"@type\":\"PropertyValueSpecification\",\"valueRequired\":true,\"valueName\":\"search_term_string\"}}],\"inLanguage\":\"lv-LV\"},{\"@type\":\"Organization\",\"@id\":\"https:\/\/test.puhdasplus.ee\/lv\/#organization\",\"name\":\"Puhdas+\",\"alternateName\":\"Puhdasplus\",\"url\":\"https:\/\/test.puhdasplus.ee\/lv\/\",\"logo\":{\"@type\":\"ImageObject\",\"inLanguage\":\"lv-LV\",\"@id\":\"https:\/\/test.puhdasplus.ee\/lv\/#\/schema\/logo\/image\/\",\"url\":\"https:\/\/test.puhdasplus.ee\/\/wp-content\/uploads\/2019\/10\/puhdas_logo-arvele.png\",\"contentUrl\":\"https:\/\/test.puhdasplus.ee\/\/wp-content\/uploads\/2019\/10\/puhdas_logo-arvele.png\",\"width\":114,\"height\":94,\"caption\":\"Puhdas+\"},\"image\":{\"@id\":\"https:\/\/test.puhdasplus.ee\/lv\/#\/schema\/logo\/image\/\"},\"sameAs\":[\"https:\/\/www.facebook.com\/puhdasplus\",\"https:\/\/www.instagram.com\/puhdasplus_ee\/\"]}]}<\/script>\n<!-- \/ Yoast SEO plugin. -->","yoast_head_json":{"title":"Quattro Magnijs 150 g - Puhdas+","description":"Efekt\u012bvs magnija pulveris ar \u010detr\u0101m magnija form\u0101m. Pal\u012bdz mazin\u0101t nogurumu, atbalsta musku\u013cus un nervu sist\u0113mu. Piem\u0113rots veg\u0101niem un ikdienas lieto\u0161anai.","robots":{"index":"noindex","follow":"follow","max-snippet":"max-snippet:-1","max-image-preview":"max-image-preview:large","max-video-preview":"max-video-preview:-1"},"og_locale":"lv_LV","og_type":"article","og_title":"Quattro Magnijs 150 g - Puhdas+","og_description":"Efekt\u012bvs magnija pulveris ar \u010detr\u0101m magnija form\u0101m. Pal\u012bdz mazin\u0101t nogurumu, atbalsta musku\u013cus un nervu sist\u0113mu. Piem\u0113rots veg\u0101niem un ikdienas lieto\u0161anai.","og_url":"https:\/\/test.puhdasplus.ee\/lv\/tooted\/minerali\/magnijs\/quattro-magnijs-150-g\/","og_site_name":"Puhdas+","article_publisher":"https:\/\/www.facebook.com\/puhdasplus","article_modified_time":"2026-02-27T11:12:35+00:00","og_image":[{"width":1862,"height":2560,"url":"https:\/\/test.puhdasplus.ee\/wp-content\/uploads\/2025\/03\/34.jpg","type":"image\/jpeg"}],"twitter_card":"summary_large_image","twitter_misc":{"Est. reading time":"2 min\u016btes"},"schema":{"@context":"https:\/\/schema.org","@graph":[{"@type":"WebPage","@id":"https:\/\/test.puhdasplus.ee\/lv\/tooted\/minerali\/magnijs\/quattro-magnijs-150-g\/","url":"https:\/\/test.puhdasplus.ee\/lv\/tooted\/minerali\/magnijs\/quattro-magnijs-150-g\/","name":"Quattro Magnijs 150 g - Puhdas+","isPartOf":{"@id":"https:\/\/test.puhdasplus.ee\/lv\/#website"},"primaryImageOfPage":{"@id":"https:\/\/test.puhdasplus.ee\/lv\/tooted\/minerali\/magnijs\/quattro-magnijs-150-g\/#primaryimage"},"image":{"@id":"https:\/\/test.puhdasplus.ee\/lv\/tooted\/minerali\/magnijs\/quattro-magnijs-150-g\/#primaryimage"},"thumbnailUrl":"https:\/\/test.puhdasplus.ee\/wp-content\/uploads\/2025\/03\/34.jpg","datePublished":"2022-08-06T17:52:01+00:00","dateModified":"2026-02-27T11:12:35+00:00","description":"Efekt\u012bvs magnija pulveris ar \u010detr\u0101m magnija form\u0101m. Pal\u012bdz mazin\u0101t nogurumu, atbalsta musku\u013cus un nervu sist\u0113mu. Piem\u0113rots veg\u0101niem un ikdienas lieto\u0161anai.","breadcrumb":{"@id":"https:\/\/test.puhdasplus.ee\/lv\/tooted\/minerali\/magnijs\/quattro-magnijs-150-g\/#breadcrumb"},"inLanguage":"lv-LV","potentialAction":[{"@type":"ReadAction","target":["https:\/\/test.puhdasplus.ee\/lv\/tooted\/minerali\/magnijs\/quattro-magnijs-150-g\/"]}]},{"@type":"ImageObject","inLanguage":"lv-LV","@id":"https:\/\/test.puhdasplus.ee\/lv\/tooted\/minerali\/magnijs\/quattro-magnijs-150-g\/#primaryimage","url":"https:\/\/test.puhdasplus.ee\/wp-content\/uploads\/2025\/03\/34.jpg","contentUrl":"https:\/\/test.puhdasplus.ee\/wp-content\/uploads\/2025\/03\/34.jpg","width":1862,"height":2560,"caption":"Quattro Magnijs - pulveris 150 g"},{"@type":"BreadcrumbList","@id":"https:\/\/test.puhdasplus.ee\/lv\/tooted\/minerali\/magnijs\/quattro-magnijs-150-g\/#breadcrumb","itemListElement":[{"@type":"ListItem","position":1,"name":"S\u0101kums","item":"https:\/\/test.puhdasplus.ee\/lv\/"},{"@type":"ListItem","position":2,"name":"Produkti","item":"https:\/\/test.puhdasplus.ee\/lv\/veikals\/"},{"@type":"ListItem","position":3,"name":"Quattro Magnijs 150 g"}]},{"@type":"WebSite","@id":"https:\/\/test.puhdasplus.ee\/lv\/#website","url":"https:\/\/test.puhdasplus.ee\/lv\/","name":"Puhdas+","description":"Vitamiinid, Toidulisandid, looduskosmeetika, tervis, sport","publisher":{"@id":"https:\/\/test.puhdasplus.ee\/lv\/#organization"},"potentialAction":[{"@type":"SearchAction","target":{"@type":"EntryPoint","urlTemplate":"https:\/\/test.puhdasplus.ee\/lv\/?s={search_term_string}"},"query-input":{"@type":"PropertyValueSpecification","valueRequired":true,"valueName":"search_term_string"}}],"inLanguage":"lv-LV"},{"@type":"Organization","@id":"https:\/\/test.puhdasplus.ee\/lv\/#organization","name":"Puhdas+","alternateName":"Puhdasplus","url":"https:\/\/test.puhdasplus.ee\/lv\/","logo":{"@type":"ImageObject","inLanguage":"lv-LV","@id":"https:\/\/test.puhdasplus.ee\/lv\/#\/schema\/logo\/image\/","url":"https:\/\/test.puhdasplus.ee\/\/wp-content\/uploads\/2019\/10\/puhdas_logo-arvele.png","contentUrl":"https:\/\/test.puhdasplus.ee\/\/wp-content\/uploads\/2019\/10\/puhdas_logo-arvele.png","width":114,"height":94,"caption":"Puhdas+"},"image":{"@id":"https:\/\/test.puhdasplus.ee\/lv\/#\/schema\/logo\/image\/"},"sameAs":["https:\/\/www.facebook.com\/puhdasplus","https:\/\/www.instagram.com\/puhdasplus_ee\/"]}]}},"_links":{"self":[{"href":"https:\/\/test.puhdasplus.ee\/lv\/wp-json\/wp\/v2\/product\/34173","targetHints":{"allow":["GET"]}}],"collection":[{"href":"https:\/\/test.puhdasplus.ee\/lv\/wp-json\/wp\/v2\/product"}],"about":[{"href":"https:\/\/test.puhdasplus.ee\/lv\/wp-json\/wp\/v2\/types\/product"}],"replies":[{"embeddable":true,"href":"https:\/\/test.puhdasplus.ee\/lv\/wp-json\/wp\/v2\/comments?post=34173"}],"wp:featuredmedia":[{"embeddable":true,"href":"https:\/\/test.puhdasplus.ee\/lv\/wp-json\/wp\/v2\/media\/34179"}],"wp:attachment":[{"href":"https:\/\/test.puhdasplus.ee\/lv\/wp-json\/wp\/v2\/media?parent=34173"}],"wp:term":[{"taxonomy":"product_brand","embeddable":true,"href":"https:\/\/test.puhdasplus.ee\/lv\/wp-json\/wp\/v2\/product_brand?post=34173"},{"taxonomy":"product_cat","embeddable":true,"href":"https:\/\/test.puhdasplus.ee\/lv\/wp-json\/wp\/v2\/product_cat?post=34173"},{"taxonomy":"product_tag","embeddable":true,"href":"https:\/\/test.puhdasplus.ee\/lv\/wp-json\/wp\/v2\/product_tag?post=34173"}],"curies":[{"name":"wp","href":"https:\/\/api.w.org\/{rel}","templated":true}]}}