{"id":34143,"date":"2022-07-28T23:03:58","date_gmt":"2022-07-28T20:03:58","guid":{"rendered":"https:\/\/test.puhdasplus.ee\/\/tooted\/uncategorized\/kolagena-krems-50-ml\/"},"modified":"2026-02-27T13:13:38","modified_gmt":"2026-02-27T11:13:38","slug":"kolagena-krems-50-ml","status":"publish","type":"product","link":"https:\/\/test.puhdasplus.ee\/lv\/tooted\/ada-mati-nagi\/kolagens\/kolagena-krems-50-ml\/","title":{"rendered":"Kolag\u0113na kr\u0113ms 50 ml"},"content":{"rendered":"<p dir=\"ltr\">Kolag\u0113na kr\u0113ms ir dzi\u013ci mitrino\u0161s un \u0101du savelko\u0161s sejas kr\u0113ms, kas satur augstas kvalit\u0101tes kolag\u0113nu, lai uzlabotu \u0101das elast\u012bbu un mazin\u0101tu noveco\u0161an\u0101s paz\u012bmes. Kolag\u0113ns pal\u012bdz stiprin\u0101t \u0101das strukt\u016bru, padar\u012bt to glud\u0101ku un pie\u0161\u0137irt tai jaunekl\u012bgu mirdzumu. Kr\u0113ms satur ar\u012b hialuronsk\u0101bi un dab\u012bgus mitrin\u0101t\u0101jus, kas atbalsta \u0101das dabisko mitruma l\u012bdzsvaru un aizsarg\u0101 to no iz\u017e\u016b\u0161anas. Piem\u0113rots ikdienas lieto\u0161anai visiem \u0101das tipiem, \u012bpa\u0161i sausai un nobriedu\u0161ai \u0101dai.   <\/p>\n<p data-start=\"653\" data-end=\"677\"><strong data-start=\"653\" data-end=\"675\">Lieto\u0161anas instrukcija:<\/strong><\/p>\n<ol data-start=\"678\" data-end=\"941\">\n<li data-start=\"678\" data-end=\"733\">Pirms kr\u0113ma uzkl\u0101\u0161anas not\u012briet un nosusiniet \u0101du.<\/li>\n<li data-start=\"734\" data-end=\"829\">Uzkl\u0101jiet nelielu daudzumu kr\u0113ma uz sejas un kakla \u0101das un viegli iemas\u0113jiet \u0101d\u0101, l\u012bdz tas ies\u016bcas.<\/li>\n<li data-start=\"830\" data-end=\"880\">Piem\u0113rots lieto\u0161anai gan no r\u012bta, gan vakar\u0101.<\/li>\n<li data-start=\"881\" data-end=\"941\">Lai ieg\u016btu lab\u0101kos rezult\u0101tus, lietojiet regul\u0101ri.<\/li>\n<\/ol>\n<p data-start=\"943\" data-end=\"1136\"><strong data-start=\"943\" data-end=\"959\">Sast\u0101vda\u013cas:<\/strong><br data-start=\"959\" data-end=\"962\"> \u016adens, hidroliz\u0113ts kolag\u0113ns, hialuronsk\u0101be, glicer\u012bns, alvejas (Aloe Barbadensis) lapu sula, jojobas e\u013c\u013ca, \u0161\u012b sviests, E vitam\u012bns, dab\u012bgie ekstrakti, fenoksietanols, etilheksilglicer\u012bns.<\/p>\n","protected":false},"excerpt":{"rendered":"<p dir=\"ltr\">Dzi\u013ci mitrino\u0161s un savelko\u0161s sejas kr\u0113ms ar kolag\u0113nu, kas atjauno \u0101das elast\u012bbu un pie\u0161\u0137ir tai jaunekl\u012bgu mirdzumu.<\/p>\n","protected":false},"featured_media":34153,"comment_status":"closed","ping_status":"closed","template":"","meta":{"_acf_changed":false},"product_brand":[],"product_cat":[4069,2533],"product_tag":[2537,2630,2638,2539,4944,2720,3484,4945,2635,2633,2559],"class_list":{"0":"post-34143","1":"product","2":"type-product","3":"status-publish","4":"has-post-thumbnail","6":"product_cat-kolagens","7":"product_cat-kosmetika","8":"product_tag-adas-elastiba","9":"product_tag-adas-kopsana","10":"product_tag-dabiska-aprupe","11":"product_tag-dzila-apudenosana","12":"product_tag-kolagena-krems","13":"product_tag-kolagena-stimulacija","14":"product_tag-kolagens","15":"product_tag-nostiprinoss-sejas-krems","16":"product_tag-pretgrumbu-krems","17":"product_tag-pretnovecosanas-lidzeklis","18":"product_tag-tirs-skaistums","20":"first","21":"onbackorder","22":"taxable","23":"shipping-taxable","24":"purchasable","25":"product-type-simple"},"acf":[],"yoast_head":"<!-- This site is optimized with the Yoast SEO plugin v27.1.1 - https:\/\/yoast.com\/product\/yoast-seo-wordpress\/ -->\n<title>Kolag\u0113na kr\u0113ms 50 ml - Puhdas+<\/title>\n<meta name=\"description\" content=\"Kolag\u0113na kr\u0113ms satur kolag\u0113nu, kas savelk un atjauno \u0101das elast\u012bbu. Dzi\u013ci mitrino\u0161s un pretnoveco\u0161an\u0101s kr\u0113ms visiem \u0101das tipiem!\" \/>\n<meta name=\"robots\" content=\"noindex, follow, max-snippet:-1, max-image-preview:large, max-video-preview:-1\" \/>\n<meta property=\"og:locale\" content=\"lv_LV\" \/>\n<meta property=\"og:type\" content=\"article\" \/>\n<meta property=\"og:title\" content=\"Kolag\u0113na kr\u0113ms 50 ml - Puhdas+\" \/>\n<meta property=\"og:description\" content=\"Kolag\u0113na kr\u0113ms satur kolag\u0113nu, kas savelk un atjauno \u0101das elast\u012bbu. Dzi\u013ci mitrino\u0161s un pretnoveco\u0161an\u0101s kr\u0113ms visiem \u0101das tipiem!\" \/>\n<meta property=\"og:url\" content=\"https:\/\/test.puhdasplus.ee\/lv\/tooted\/ada-mati-nagi\/kolagens\/kolagena-krems-50-ml\/\" \/>\n<meta property=\"og:site_name\" content=\"Puhdas+\" \/>\n<meta property=\"article:publisher\" content=\"https:\/\/www.facebook.com\/puhdasplus\" \/>\n<meta property=\"article:modified_time\" content=\"2026-02-27T11:13:38+00:00\" \/>\n<meta property=\"og:image\" content=\"https:\/\/test.puhdasplus.ee\/wp-content\/uploads\/2025\/03\/107.jpg\" \/>\n\t<meta property=\"og:image:width\" content=\"1862\" \/>\n\t<meta property=\"og:image:height\" content=\"2560\" \/>\n\t<meta property=\"og:image:type\" content=\"image\/jpeg\" \/>\n<meta name=\"twitter:card\" content=\"summary_large_image\" \/>\n<meta name=\"twitter:label1\" content=\"Est. reading time\" \/>\n\t<meta name=\"twitter:data1\" content=\"1 minute\" \/>\n<script type=\"application\/ld+json\" class=\"yoast-schema-graph\">{\"@context\":\"https:\/\/schema.org\",\"@graph\":[{\"@type\":\"WebPage\",\"@id\":\"https:\/\/test.puhdasplus.ee\/lv\/tooted\/ada-mati-nagi\/kolagens\/kolagena-krems-50-ml\/\",\"url\":\"https:\/\/test.puhdasplus.ee\/lv\/tooted\/ada-mati-nagi\/kolagens\/kolagena-krems-50-ml\/\",\"name\":\"Kolag\u0113na kr\u0113ms 50 ml - Puhdas+\",\"isPartOf\":{\"@id\":\"https:\/\/test.puhdasplus.ee\/lv\/#website\"},\"primaryImageOfPage\":{\"@id\":\"https:\/\/test.puhdasplus.ee\/lv\/tooted\/ada-mati-nagi\/kolagens\/kolagena-krems-50-ml\/#primaryimage\"},\"image\":{\"@id\":\"https:\/\/test.puhdasplus.ee\/lv\/tooted\/ada-mati-nagi\/kolagens\/kolagena-krems-50-ml\/#primaryimage\"},\"thumbnailUrl\":\"https:\/\/test.puhdasplus.ee\/wp-content\/uploads\/2025\/03\/107.jpg\",\"datePublished\":\"2022-07-28T20:03:58+00:00\",\"dateModified\":\"2026-02-27T11:13:38+00:00\",\"description\":\"Kolag\u0113na kr\u0113ms satur kolag\u0113nu, kas savelk un atjauno \u0101das elast\u012bbu. Dzi\u013ci mitrino\u0161s un pretnoveco\u0161an\u0101s kr\u0113ms visiem \u0101das tipiem!\",\"breadcrumb\":{\"@id\":\"https:\/\/test.puhdasplus.ee\/lv\/tooted\/ada-mati-nagi\/kolagens\/kolagena-krems-50-ml\/#breadcrumb\"},\"inLanguage\":\"lv-LV\",\"potentialAction\":[{\"@type\":\"ReadAction\",\"target\":[\"https:\/\/test.puhdasplus.ee\/lv\/tooted\/ada-mati-nagi\/kolagens\/kolagena-krems-50-ml\/\"]}]},{\"@type\":\"ImageObject\",\"inLanguage\":\"lv-LV\",\"@id\":\"https:\/\/test.puhdasplus.ee\/lv\/tooted\/ada-mati-nagi\/kolagens\/kolagena-krems-50-ml\/#primaryimage\",\"url\":\"https:\/\/test.puhdasplus.ee\/wp-content\/uploads\/2025\/03\/107.jpg\",\"contentUrl\":\"https:\/\/test.puhdasplus.ee\/wp-content\/uploads\/2025\/03\/107.jpg\",\"width\":1862,\"height\":2560,\"caption\":\"Kolag\u0113na kr\u0113ms 50 ml\"},{\"@type\":\"BreadcrumbList\",\"@id\":\"https:\/\/test.puhdasplus.ee\/lv\/tooted\/ada-mati-nagi\/kolagens\/kolagena-krems-50-ml\/#breadcrumb\",\"itemListElement\":[{\"@type\":\"ListItem\",\"position\":1,\"name\":\"S\u0101kums\",\"item\":\"https:\/\/test.puhdasplus.ee\/lv\/\"},{\"@type\":\"ListItem\",\"position\":2,\"name\":\"Produkti\",\"item\":\"https:\/\/test.puhdasplus.ee\/lv\/veikals\/\"},{\"@type\":\"ListItem\",\"position\":3,\"name\":\"Kolag\u0113na kr\u0113ms 50 ml\"}]},{\"@type\":\"WebSite\",\"@id\":\"https:\/\/test.puhdasplus.ee\/lv\/#website\",\"url\":\"https:\/\/test.puhdasplus.ee\/lv\/\",\"name\":\"Puhdas+\",\"description\":\"Vitamiinid, Toidulisandid, looduskosmeetika, tervis, sport\",\"publisher\":{\"@id\":\"https:\/\/test.puhdasplus.ee\/lv\/#organization\"},\"potentialAction\":[{\"@type\":\"SearchAction\",\"target\":{\"@type\":\"EntryPoint\",\"urlTemplate\":\"https:\/\/test.puhdasplus.ee\/lv\/?s={search_term_string}\"},\"query-input\":{\"@type\":\"PropertyValueSpecification\",\"valueRequired\":true,\"valueName\":\"search_term_string\"}}],\"inLanguage\":\"lv-LV\"},{\"@type\":\"Organization\",\"@id\":\"https:\/\/test.puhdasplus.ee\/lv\/#organization\",\"name\":\"Puhdas+\",\"alternateName\":\"Puhdasplus\",\"url\":\"https:\/\/test.puhdasplus.ee\/lv\/\",\"logo\":{\"@type\":\"ImageObject\",\"inLanguage\":\"lv-LV\",\"@id\":\"https:\/\/test.puhdasplus.ee\/lv\/#\/schema\/logo\/image\/\",\"url\":\"https:\/\/test.puhdasplus.ee\/\/wp-content\/uploads\/2019\/10\/puhdas_logo-arvele.png\",\"contentUrl\":\"https:\/\/test.puhdasplus.ee\/\/wp-content\/uploads\/2019\/10\/puhdas_logo-arvele.png\",\"width\":114,\"height\":94,\"caption\":\"Puhdas+\"},\"image\":{\"@id\":\"https:\/\/test.puhdasplus.ee\/lv\/#\/schema\/logo\/image\/\"},\"sameAs\":[\"https:\/\/www.facebook.com\/puhdasplus\",\"https:\/\/www.instagram.com\/puhdasplus_ee\/\"]}]}<\/script>\n<!-- \/ Yoast SEO plugin. -->","yoast_head_json":{"title":"Kolag\u0113na kr\u0113ms 50 ml - Puhdas+","description":"Kolag\u0113na kr\u0113ms satur kolag\u0113nu, kas savelk un atjauno \u0101das elast\u012bbu. Dzi\u013ci mitrino\u0161s un pretnoveco\u0161an\u0101s kr\u0113ms visiem \u0101das tipiem!","robots":{"index":"noindex","follow":"follow","max-snippet":"max-snippet:-1","max-image-preview":"max-image-preview:large","max-video-preview":"max-video-preview:-1"},"og_locale":"lv_LV","og_type":"article","og_title":"Kolag\u0113na kr\u0113ms 50 ml - Puhdas+","og_description":"Kolag\u0113na kr\u0113ms satur kolag\u0113nu, kas savelk un atjauno \u0101das elast\u012bbu. Dzi\u013ci mitrino\u0161s un pretnoveco\u0161an\u0101s kr\u0113ms visiem \u0101das tipiem!","og_url":"https:\/\/test.puhdasplus.ee\/lv\/tooted\/ada-mati-nagi\/kolagens\/kolagena-krems-50-ml\/","og_site_name":"Puhdas+","article_publisher":"https:\/\/www.facebook.com\/puhdasplus","article_modified_time":"2026-02-27T11:13:38+00:00","og_image":[{"width":1862,"height":2560,"url":"https:\/\/test.puhdasplus.ee\/wp-content\/uploads\/2025\/03\/107.jpg","type":"image\/jpeg"}],"twitter_card":"summary_large_image","twitter_misc":{"Est. reading time":"1 minute"},"schema":{"@context":"https:\/\/schema.org","@graph":[{"@type":"WebPage","@id":"https:\/\/test.puhdasplus.ee\/lv\/tooted\/ada-mati-nagi\/kolagens\/kolagena-krems-50-ml\/","url":"https:\/\/test.puhdasplus.ee\/lv\/tooted\/ada-mati-nagi\/kolagens\/kolagena-krems-50-ml\/","name":"Kolag\u0113na kr\u0113ms 50 ml - Puhdas+","isPartOf":{"@id":"https:\/\/test.puhdasplus.ee\/lv\/#website"},"primaryImageOfPage":{"@id":"https:\/\/test.puhdasplus.ee\/lv\/tooted\/ada-mati-nagi\/kolagens\/kolagena-krems-50-ml\/#primaryimage"},"image":{"@id":"https:\/\/test.puhdasplus.ee\/lv\/tooted\/ada-mati-nagi\/kolagens\/kolagena-krems-50-ml\/#primaryimage"},"thumbnailUrl":"https:\/\/test.puhdasplus.ee\/wp-content\/uploads\/2025\/03\/107.jpg","datePublished":"2022-07-28T20:03:58+00:00","dateModified":"2026-02-27T11:13:38+00:00","description":"Kolag\u0113na kr\u0113ms satur kolag\u0113nu, kas savelk un atjauno \u0101das elast\u012bbu. Dzi\u013ci mitrino\u0161s un pretnoveco\u0161an\u0101s kr\u0113ms visiem \u0101das tipiem!","breadcrumb":{"@id":"https:\/\/test.puhdasplus.ee\/lv\/tooted\/ada-mati-nagi\/kolagens\/kolagena-krems-50-ml\/#breadcrumb"},"inLanguage":"lv-LV","potentialAction":[{"@type":"ReadAction","target":["https:\/\/test.puhdasplus.ee\/lv\/tooted\/ada-mati-nagi\/kolagens\/kolagena-krems-50-ml\/"]}]},{"@type":"ImageObject","inLanguage":"lv-LV","@id":"https:\/\/test.puhdasplus.ee\/lv\/tooted\/ada-mati-nagi\/kolagens\/kolagena-krems-50-ml\/#primaryimage","url":"https:\/\/test.puhdasplus.ee\/wp-content\/uploads\/2025\/03\/107.jpg","contentUrl":"https:\/\/test.puhdasplus.ee\/wp-content\/uploads\/2025\/03\/107.jpg","width":1862,"height":2560,"caption":"Kolag\u0113na kr\u0113ms 50 ml"},{"@type":"BreadcrumbList","@id":"https:\/\/test.puhdasplus.ee\/lv\/tooted\/ada-mati-nagi\/kolagens\/kolagena-krems-50-ml\/#breadcrumb","itemListElement":[{"@type":"ListItem","position":1,"name":"S\u0101kums","item":"https:\/\/test.puhdasplus.ee\/lv\/"},{"@type":"ListItem","position":2,"name":"Produkti","item":"https:\/\/test.puhdasplus.ee\/lv\/veikals\/"},{"@type":"ListItem","position":3,"name":"Kolag\u0113na kr\u0113ms 50 ml"}]},{"@type":"WebSite","@id":"https:\/\/test.puhdasplus.ee\/lv\/#website","url":"https:\/\/test.puhdasplus.ee\/lv\/","name":"Puhdas+","description":"Vitamiinid, Toidulisandid, looduskosmeetika, tervis, sport","publisher":{"@id":"https:\/\/test.puhdasplus.ee\/lv\/#organization"},"potentialAction":[{"@type":"SearchAction","target":{"@type":"EntryPoint","urlTemplate":"https:\/\/test.puhdasplus.ee\/lv\/?s={search_term_string}"},"query-input":{"@type":"PropertyValueSpecification","valueRequired":true,"valueName":"search_term_string"}}],"inLanguage":"lv-LV"},{"@type":"Organization","@id":"https:\/\/test.puhdasplus.ee\/lv\/#organization","name":"Puhdas+","alternateName":"Puhdasplus","url":"https:\/\/test.puhdasplus.ee\/lv\/","logo":{"@type":"ImageObject","inLanguage":"lv-LV","@id":"https:\/\/test.puhdasplus.ee\/lv\/#\/schema\/logo\/image\/","url":"https:\/\/test.puhdasplus.ee\/\/wp-content\/uploads\/2019\/10\/puhdas_logo-arvele.png","contentUrl":"https:\/\/test.puhdasplus.ee\/\/wp-content\/uploads\/2019\/10\/puhdas_logo-arvele.png","width":114,"height":94,"caption":"Puhdas+"},"image":{"@id":"https:\/\/test.puhdasplus.ee\/lv\/#\/schema\/logo\/image\/"},"sameAs":["https:\/\/www.facebook.com\/puhdasplus","https:\/\/www.instagram.com\/puhdasplus_ee\/"]}]}},"_links":{"self":[{"href":"https:\/\/test.puhdasplus.ee\/lv\/wp-json\/wp\/v2\/product\/34143","targetHints":{"allow":["GET"]}}],"collection":[{"href":"https:\/\/test.puhdasplus.ee\/lv\/wp-json\/wp\/v2\/product"}],"about":[{"href":"https:\/\/test.puhdasplus.ee\/lv\/wp-json\/wp\/v2\/types\/product"}],"replies":[{"embeddable":true,"href":"https:\/\/test.puhdasplus.ee\/lv\/wp-json\/wp\/v2\/comments?post=34143"}],"wp:featuredmedia":[{"embeddable":true,"href":"https:\/\/test.puhdasplus.ee\/lv\/wp-json\/wp\/v2\/media\/34153"}],"wp:attachment":[{"href":"https:\/\/test.puhdasplus.ee\/lv\/wp-json\/wp\/v2\/media?parent=34143"}],"wp:term":[{"taxonomy":"product_brand","embeddable":true,"href":"https:\/\/test.puhdasplus.ee\/lv\/wp-json\/wp\/v2\/product_brand?post=34143"},{"taxonomy":"product_cat","embeddable":true,"href":"https:\/\/test.puhdasplus.ee\/lv\/wp-json\/wp\/v2\/product_cat?post=34143"},{"taxonomy":"product_tag","embeddable":true,"href":"https:\/\/test.puhdasplus.ee\/lv\/wp-json\/wp\/v2\/product_tag?post=34143"}],"curies":[{"name":"wp","href":"https:\/\/api.w.org\/{rel}","templated":true}]}}