{"id":33959,"date":"2022-11-14T20:06:28","date_gmt":"2022-11-14T18:06:28","guid":{"rendered":"https:\/\/test.puhdasplus.ee\/\/tooted\/uncategorized\/d3-vitamins-100-%c2%b5g\/"},"modified":"2026-02-27T13:12:50","modified_gmt":"2026-02-27T11:12:50","slug":"d3-vitamins-100-%c2%b5g","status":"publish","type":"product","link":"https:\/\/test.puhdasplus.ee\/lv\/tooted\/vitamini\/d-vitamins\/d3-vitamins-100-%c2%b5g\/","title":{"rendered":"D3 vitam\u012bns 100 \u00b5g"},"content":{"rendered":"<h2>Kas ir Pure+ D3 vitam\u012bns 100 \u00b5g?<\/h2>\n<p data-start=\"964\" data-end=\"1288\">Puhdas+ D3 vitam\u012bns 100 \u00b5g ir augstas kvalit\u0101tes uztura bag\u0101tin\u0101t\u0101js, kas satur no a\u013c\u0123\u0113m ieg\u016btu D3 vitam\u012bnu. \u0160\u012b forma ir piem\u0113rota ar\u012b ve\u0123et\u0101rie\u0161iem. D3 vitam\u012bns veicina norm\u0101lu im\u016bnsist\u0113mas darb\u012bbu, atbalsta norm\u0101lu kaulu un zobu uztur\u0113\u0161anu, k\u0101 ar\u012b norm\u0101lu musku\u013cu darb\u012bbu.  <\/p>\n<h2 data-start=\"574\" data-end=\"610\">K\u0101p\u0113c D3 vitam\u012bns ir svar\u012bgs?<\/h2>\n<p class=\"\" data-start=\"612\" data-end=\"1002\">D3 vitam\u012bnam ir b\u016btiska loma kalcija un fosfora metabolism\u0101, kas pal\u012bdz stiprin\u0101t kaulus un zobus. D3 vitam\u012bns atbalsta ar\u012b norm\u0101lu im\u016bnsist\u0113mas un musku\u013cu darb\u012bbu. <\/p>\n<h2 data-start=\"883\" data-end=\"901\">Lietot\u0101ja rokasgr\u0101mata<\/h2>\n<p class=\"\" data-start=\"903\" data-end=\"1100\">1 kapsula dien\u0101, uzdzerot \u016bdeni. Nep\u0101rsniedziet ieteicamo dienas devu. Uztura bag\u0101tin\u0101t\u0101js neaizst\u0101j daudzveid\u012bgu un sabalans\u0113tu uzturu vai vesel\u012bgu dz\u012bvesveidu. Sarg\u0101t no b\u0113rniem.  <\/p>\n<h2 data-start=\"1102\" data-end=\"1118\">Sast\u0101vda\u013cas<\/h2>\n<p class=\"\" data-start=\"1120\" data-end=\"1241\">Aukst\u0101 spieduma augst\u0101k\u0101 labuma ol\u012bve\u013c\u013ca, kapsula (\u017eelat\u012bns, liellopu izcelsmes), mitrin\u0101t\u0101js (glicer\u012bns), holekalciferols (D3 vitam\u012bns).<br data-start=\"1885\" data-end=\"1888\">Nesatur laktozi, raugu vai glut\u0113nu. Nesatur cukuru, s\u0101li, soju vai saldin\u0101t\u0101jus.<\/p>\n<h2 data-start=\"1604\" data-end=\"1626\">Kam tas ir piem\u0113rots?<\/h2>\n<p class=\"\" data-start=\"1628\" data-end=\"2020\">Pure+ D3 vitam\u012bns 100 \u00b5g ir piem\u0113rots ikdienas lieto\u0161anai pieaugu\u0161ajiem, lai atbalst\u012btu im\u016bnsist\u0113mu, norm\u0101lu kaulu un zobu vesel\u012bbu, k\u0101 ar\u012b norm\u0101lu musku\u013cu darb\u012bbu.<\/p>\n<h2 data-start=\"2389\" data-end=\"2414\">Iepakojuma izm\u0113ri<\/h2>\n<ul data-start=\"2416\" data-end=\"2488\">\n<li class=\"\" data-start=\"2416\" data-end=\"2451\">\n<p class=\"\" data-start=\"2418\" data-end=\"2451\">60 kapsulas (aptuveni 2 m\u0113ne\u0161u lieto\u0161anas)<\/p>\n<\/li>\n<li class=\"\" data-start=\"2452\" data-end=\"2488\">\n<p class=\"\" data-start=\"2454\" data-end=\"2488\">120 kapsulas (aptuveni 4 m\u0113ne\u0161u lieto\u0161anas)<\/p>\n<\/li>\n<li class=\"\" data-start=\"501\" data-end=\"591\">\n<p class=\"\" data-start=\"503\" data-end=\"591\"><strong data-start=\"503\" data-end=\"517\">Akt\u012bv\u0101 viela:<\/strong> D3 vitam\u012bns (holekalciferols) 100 \u00b5g (2000% no ieteicam\u0101s dienas devas)<\/p>\n<\/li>\n<li class=\"\" data-start=\"592\" data-end=\"646\">\n<p class=\"\" data-start=\"594\" data-end=\"646\"><strong data-start=\"594\" data-end=\"609\">Nes\u0113jviela:<\/strong> auksti spiesta extra virgin ol\u012bve\u013c\u013ca<\/p>\n<\/li>\n<li class=\"\" data-start=\"647\" data-end=\"725\">\n<p class=\"\" data-start=\"649\" data-end=\"725\"><strong data-start=\"649\" data-end=\"668\">Kapsulas sast\u0101vs:<\/strong> \u017eelat\u012bns (liellopu izcelsmes), mitrin\u0101t\u0101js (glicer\u012bns)<\/p>\n<\/li>\n<li class=\"\" data-start=\"726\" data-end=\"762\">\n<p class=\"\" data-start=\"728\" data-end=\"762\"><strong data-start=\"728\" data-end=\"746\">Dienas deva:<\/strong> 1 kapsula dien\u0101<\/p>\n<\/li>\n<li class=\"\" data-start=\"763\" data-end=\"813\">\n<p class=\"\" data-start=\"765\" data-end=\"813\"><strong data-start=\"765\" data-end=\"793\">Dienas devas saturs:<\/strong> 100 \u00b5g D3 vitam\u012bna<\/p>\n<\/li>\n<li class=\"\" data-start=\"814\" data-end=\"856\">\n<p class=\"\" data-start=\"816\" data-end=\"856\"><strong data-start=\"816\" data-end=\"850\">Dienas devas atsauces v\u0113rt\u012bba:<\/strong> 2000%<\/p>\n<\/li>\n<li class=\"\" data-start=\"857\" data-end=\"881\">\n<p class=\"\" data-start=\"859\" data-end=\"881\"><strong data-start=\"859\" data-end=\"875\">Izcelsmes valsts:<\/strong> Somija<\/p>\n<\/li>\n<\/ul>\n","protected":false},"excerpt":{"rendered":"<div id=\":1i9\" class=\"Ar Au Ao\">\n<div id=\":1i5\" class=\"Am Al editable LW-avf tS-tW tS-tY\" tabindex=\"1\" role=\"textbox\" contenteditable=\"true\" spellcheck=\"false\" aria-label=\"Kirja tekst\" aria-multiline=\"true\" aria-owns=\":1o9\" aria-controls=\":1o9\">\n<div class=\"gmail-ULSxyf\">\n<div class=\"gmail-MjjYud\">\n<div class=\"gmail-KIy09e gmail-obcontainer gmail-wDYxhc\">\n<div id=\"gmail-tw-main\">\n<div id=\"gmail-tw-container\">\n<div id=\"gmail-tw-ob\" class=\"gmail-tw-src-ltr\">\n<div class=\"gmail-oSioSc\">\n<div id=\"gmail-tw-target\">\n<div id=\"gmail-kAz1tf\" class=\"gmail-g9WsWb\">\n<div id=\"gmail-tw-target-text-container\" class=\"gmail-tw-ta-container gmail-F0azHf gmail-tw-nfl\" tabindex=\"0\"><strong>Pure+ D3 vitam\u012bns 100 \u00b5g<\/strong> ir augstas kvalit\u0101tes uztura bag\u0101tin\u0101t\u0101js, kas veicina norm\u0101lu im\u016bnsist\u0113mas darb\u012bbu, atbalsta kaulus un zobus, k\u0101 ar\u012b pal\u012bdz uztur\u0113t norm\u0101lu musku\u013cu darb\u012bbu. Kapsula ir iz\u0161\u0137\u012bdin\u0101ta auksti spiest\u0101 extra virgin ol\u012bve\u013c\u013c\u0101, kas darbojas k\u0101 nes\u0113jviela. Produkts ir ra\u017eots Somij\u0101, iev\u0113rojot augstus t\u012br\u012bbas un kvalit\u0101tes standartus, un nesatur nevajadz\u012bgas piedevas.  <\/div>\n<\/div>\n<\/div>\n<\/div>\n<\/div>\n<\/div>\n<\/div>\n<\/div>\n<\/div>\n<\/div>\n<\/div>\n<\/div>\n","protected":false},"featured_media":32468,"comment_status":"closed","ping_status":"closed","template":"","meta":{"_acf_changed":false},"product_brand":[],"product_cat":[4542,3067,3205],"product_tag":[4544,3041,4545],"class_list":{"0":"post-33959","1":"product","2":"type-product","3":"status-publish","4":"has-post-thumbnail","6":"product_cat-d-vitamins","7":"product_cat-ipasie-piedavajumi","8":"product_cat-vitamini","9":"product_tag-d-vitamins","10":"product_tag-imunitate","11":"product_tag-kaulu-un-muskulu-veseliba","13":"first","14":"instock","15":"sale","16":"taxable","17":"shipping-taxable","18":"purchasable","19":"product-type-variable","20":"has-default-attributes"},"acf":[],"yoast_head":"<!-- This site is optimized with the Yoast SEO plugin v27.1.1 - https:\/\/yoast.com\/product\/yoast-seo-wordpress\/ -->\n<title>D3 vitam\u012bns 100 \u00b5g - Puhdas+<\/title>\n<meta name=\"description\" content=\"D3 vitam\u012bns 100 \u00b5g \u2013 augstas koncentr\u0101cijas D vitam\u012bna kapsulas extra virgin ol\u012bve\u013c\u013c\u0101 lab\u0101kai uzs\u016bk\u0161anai. Atbalsta imunit\u0101ti, kaulus un musku\u013cus.\" \/>\n<meta name=\"robots\" content=\"noindex, follow, max-snippet:-1, max-image-preview:large, max-video-preview:-1\" \/>\n<meta property=\"og:locale\" content=\"lv_LV\" \/>\n<meta property=\"og:type\" content=\"article\" \/>\n<meta property=\"og:title\" content=\"D3 vitam\u012bns 100 \u00b5g - Puhdas+\" \/>\n<meta property=\"og:description\" content=\"D3 vitam\u012bns 100 \u00b5g \u2013 augstas koncentr\u0101cijas D vitam\u012bna kapsulas extra virgin ol\u012bve\u013c\u013c\u0101 lab\u0101kai uzs\u016bk\u0161anai. Atbalsta imunit\u0101ti, kaulus un musku\u013cus.\" \/>\n<meta property=\"og:url\" content=\"https:\/\/test.puhdasplus.ee\/lv\/tooted\/vitamini\/d-vitamins\/d3-vitamins-100-%c2%b5g\/\" \/>\n<meta property=\"og:site_name\" content=\"Puhdas+\" \/>\n<meta property=\"article:publisher\" content=\"https:\/\/www.facebook.com\/puhdasplus\" \/>\n<meta property=\"article:modified_time\" content=\"2026-02-27T11:12:50+00:00\" \/>\n<meta property=\"og:image\" content=\"https:\/\/test.puhdasplus.ee\/wp-content\/uploads\/2022\/11\/tooted-ilma-taustata-copy-2-scaled.jpg\" \/>\n\t<meta property=\"og:image:width\" content=\"1862\" \/>\n\t<meta property=\"og:image:height\" content=\"2560\" \/>\n\t<meta property=\"og:image:type\" content=\"image\/jpeg\" \/>\n<meta name=\"twitter:card\" content=\"summary_large_image\" \/>\n<meta name=\"twitter:label1\" content=\"Est. reading time\" \/>\n\t<meta name=\"twitter:data1\" content=\"1 minute\" \/>\n<script type=\"application\/ld+json\" class=\"yoast-schema-graph\">{\"@context\":\"https:\/\/schema.org\",\"@graph\":[{\"@type\":\"WebPage\",\"@id\":\"https:\/\/test.puhdasplus.ee\/lv\/tooted\/vitamini\/d-vitamins\/d3-vitamins-100-%c2%b5g\/\",\"url\":\"https:\/\/test.puhdasplus.ee\/lv\/tooted\/vitamini\/d-vitamins\/d3-vitamins-100-%c2%b5g\/\",\"name\":\"D3 vitam\u012bns 100 \u00b5g - Puhdas+\",\"isPartOf\":{\"@id\":\"https:\/\/test.puhdasplus.ee\/lv\/#website\"},\"primaryImageOfPage\":{\"@id\":\"https:\/\/test.puhdasplus.ee\/lv\/tooted\/vitamini\/d-vitamins\/d3-vitamins-100-%c2%b5g\/#primaryimage\"},\"image\":{\"@id\":\"https:\/\/test.puhdasplus.ee\/lv\/tooted\/vitamini\/d-vitamins\/d3-vitamins-100-%c2%b5g\/#primaryimage\"},\"thumbnailUrl\":\"https:\/\/test.puhdasplus.ee\/wp-content\/uploads\/2022\/11\/tooted-ilma-taustata-copy-2-scaled.jpg\",\"datePublished\":\"2022-11-14T18:06:28+00:00\",\"dateModified\":\"2026-02-27T11:12:50+00:00\",\"description\":\"D3 vitam\u012bns 100 \u00b5g \u2013 augstas koncentr\u0101cijas D vitam\u012bna kapsulas extra virgin ol\u012bve\u013c\u013c\u0101 lab\u0101kai uzs\u016bk\u0161anai. Atbalsta imunit\u0101ti, kaulus un musku\u013cus.\",\"breadcrumb\":{\"@id\":\"https:\/\/test.puhdasplus.ee\/lv\/tooted\/vitamini\/d-vitamins\/d3-vitamins-100-%c2%b5g\/#breadcrumb\"},\"inLanguage\":\"lv-LV\",\"potentialAction\":[{\"@type\":\"ReadAction\",\"target\":[\"https:\/\/test.puhdasplus.ee\/lv\/tooted\/vitamini\/d-vitamins\/d3-vitamins-100-%c2%b5g\/\"]}]},{\"@type\":\"ImageObject\",\"inLanguage\":\"lv-LV\",\"@id\":\"https:\/\/test.puhdasplus.ee\/lv\/tooted\/vitamini\/d-vitamins\/d3-vitamins-100-%c2%b5g\/#primaryimage\",\"url\":\"https:\/\/test.puhdasplus.ee\/wp-content\/uploads\/2022\/11\/tooted-ilma-taustata-copy-2-scaled.jpg\",\"contentUrl\":\"https:\/\/test.puhdasplus.ee\/wp-content\/uploads\/2022\/11\/tooted-ilma-taustata-copy-2-scaled.jpg\",\"width\":1862,\"height\":2560,\"caption\":\"pureplus_D3_VITAM\u012aNS_100MG_60KAPSULAS\"},{\"@type\":\"BreadcrumbList\",\"@id\":\"https:\/\/test.puhdasplus.ee\/lv\/tooted\/vitamini\/d-vitamins\/d3-vitamins-100-%c2%b5g\/#breadcrumb\",\"itemListElement\":[{\"@type\":\"ListItem\",\"position\":1,\"name\":\"S\u0101kums\",\"item\":\"https:\/\/test.puhdasplus.ee\/lv\/\"},{\"@type\":\"ListItem\",\"position\":2,\"name\":\"Produkti\",\"item\":\"https:\/\/test.puhdasplus.ee\/lv\/veikals\/\"},{\"@type\":\"ListItem\",\"position\":3,\"name\":\"D3 vitam\u012bns 100 \u00b5g\"}]},{\"@type\":\"WebSite\",\"@id\":\"https:\/\/test.puhdasplus.ee\/lv\/#website\",\"url\":\"https:\/\/test.puhdasplus.ee\/lv\/\",\"name\":\"Puhdas+\",\"description\":\"Vitamiinid, Toidulisandid, looduskosmeetika, tervis, sport\",\"publisher\":{\"@id\":\"https:\/\/test.puhdasplus.ee\/lv\/#organization\"},\"potentialAction\":[{\"@type\":\"SearchAction\",\"target\":{\"@type\":\"EntryPoint\",\"urlTemplate\":\"https:\/\/test.puhdasplus.ee\/lv\/?s={search_term_string}\"},\"query-input\":{\"@type\":\"PropertyValueSpecification\",\"valueRequired\":true,\"valueName\":\"search_term_string\"}}],\"inLanguage\":\"lv-LV\"},{\"@type\":\"Organization\",\"@id\":\"https:\/\/test.puhdasplus.ee\/lv\/#organization\",\"name\":\"Puhdas+\",\"alternateName\":\"Puhdasplus\",\"url\":\"https:\/\/test.puhdasplus.ee\/lv\/\",\"logo\":{\"@type\":\"ImageObject\",\"inLanguage\":\"lv-LV\",\"@id\":\"https:\/\/test.puhdasplus.ee\/lv\/#\/schema\/logo\/image\/\",\"url\":\"https:\/\/test.puhdasplus.ee\/\/wp-content\/uploads\/2019\/10\/puhdas_logo-arvele.png\",\"contentUrl\":\"https:\/\/test.puhdasplus.ee\/\/wp-content\/uploads\/2019\/10\/puhdas_logo-arvele.png\",\"width\":114,\"height\":94,\"caption\":\"Puhdas+\"},\"image\":{\"@id\":\"https:\/\/test.puhdasplus.ee\/lv\/#\/schema\/logo\/image\/\"},\"sameAs\":[\"https:\/\/www.facebook.com\/puhdasplus\",\"https:\/\/www.instagram.com\/puhdasplus_ee\/\"]}]}<\/script>\n<!-- \/ Yoast SEO plugin. -->","yoast_head_json":{"title":"D3 vitam\u012bns 100 \u00b5g - Puhdas+","description":"D3 vitam\u012bns 100 \u00b5g \u2013 augstas koncentr\u0101cijas D vitam\u012bna kapsulas extra virgin ol\u012bve\u013c\u013c\u0101 lab\u0101kai uzs\u016bk\u0161anai. Atbalsta imunit\u0101ti, kaulus un musku\u013cus.","robots":{"index":"noindex","follow":"follow","max-snippet":"max-snippet:-1","max-image-preview":"max-image-preview:large","max-video-preview":"max-video-preview:-1"},"og_locale":"lv_LV","og_type":"article","og_title":"D3 vitam\u012bns 100 \u00b5g - Puhdas+","og_description":"D3 vitam\u012bns 100 \u00b5g \u2013 augstas koncentr\u0101cijas D vitam\u012bna kapsulas extra virgin ol\u012bve\u013c\u013c\u0101 lab\u0101kai uzs\u016bk\u0161anai. Atbalsta imunit\u0101ti, kaulus un musku\u013cus.","og_url":"https:\/\/test.puhdasplus.ee\/lv\/tooted\/vitamini\/d-vitamins\/d3-vitamins-100-%c2%b5g\/","og_site_name":"Puhdas+","article_publisher":"https:\/\/www.facebook.com\/puhdasplus","article_modified_time":"2026-02-27T11:12:50+00:00","og_image":[{"width":1862,"height":2560,"url":"https:\/\/test.puhdasplus.ee\/wp-content\/uploads\/2022\/11\/tooted-ilma-taustata-copy-2-scaled.jpg","type":"image\/jpeg"}],"twitter_card":"summary_large_image","twitter_misc":{"Est. reading time":"1 minute"},"schema":{"@context":"https:\/\/schema.org","@graph":[{"@type":"WebPage","@id":"https:\/\/test.puhdasplus.ee\/lv\/tooted\/vitamini\/d-vitamins\/d3-vitamins-100-%c2%b5g\/","url":"https:\/\/test.puhdasplus.ee\/lv\/tooted\/vitamini\/d-vitamins\/d3-vitamins-100-%c2%b5g\/","name":"D3 vitam\u012bns 100 \u00b5g - Puhdas+","isPartOf":{"@id":"https:\/\/test.puhdasplus.ee\/lv\/#website"},"primaryImageOfPage":{"@id":"https:\/\/test.puhdasplus.ee\/lv\/tooted\/vitamini\/d-vitamins\/d3-vitamins-100-%c2%b5g\/#primaryimage"},"image":{"@id":"https:\/\/test.puhdasplus.ee\/lv\/tooted\/vitamini\/d-vitamins\/d3-vitamins-100-%c2%b5g\/#primaryimage"},"thumbnailUrl":"https:\/\/test.puhdasplus.ee\/wp-content\/uploads\/2022\/11\/tooted-ilma-taustata-copy-2-scaled.jpg","datePublished":"2022-11-14T18:06:28+00:00","dateModified":"2026-02-27T11:12:50+00:00","description":"D3 vitam\u012bns 100 \u00b5g \u2013 augstas koncentr\u0101cijas D vitam\u012bna kapsulas extra virgin ol\u012bve\u013c\u013c\u0101 lab\u0101kai uzs\u016bk\u0161anai. Atbalsta imunit\u0101ti, kaulus un musku\u013cus.","breadcrumb":{"@id":"https:\/\/test.puhdasplus.ee\/lv\/tooted\/vitamini\/d-vitamins\/d3-vitamins-100-%c2%b5g\/#breadcrumb"},"inLanguage":"lv-LV","potentialAction":[{"@type":"ReadAction","target":["https:\/\/test.puhdasplus.ee\/lv\/tooted\/vitamini\/d-vitamins\/d3-vitamins-100-%c2%b5g\/"]}]},{"@type":"ImageObject","inLanguage":"lv-LV","@id":"https:\/\/test.puhdasplus.ee\/lv\/tooted\/vitamini\/d-vitamins\/d3-vitamins-100-%c2%b5g\/#primaryimage","url":"https:\/\/test.puhdasplus.ee\/wp-content\/uploads\/2022\/11\/tooted-ilma-taustata-copy-2-scaled.jpg","contentUrl":"https:\/\/test.puhdasplus.ee\/wp-content\/uploads\/2022\/11\/tooted-ilma-taustata-copy-2-scaled.jpg","width":1862,"height":2560,"caption":"pureplus_D3_VITAM\u012aNS_100MG_60KAPSULAS"},{"@type":"BreadcrumbList","@id":"https:\/\/test.puhdasplus.ee\/lv\/tooted\/vitamini\/d-vitamins\/d3-vitamins-100-%c2%b5g\/#breadcrumb","itemListElement":[{"@type":"ListItem","position":1,"name":"S\u0101kums","item":"https:\/\/test.puhdasplus.ee\/lv\/"},{"@type":"ListItem","position":2,"name":"Produkti","item":"https:\/\/test.puhdasplus.ee\/lv\/veikals\/"},{"@type":"ListItem","position":3,"name":"D3 vitam\u012bns 100 \u00b5g"}]},{"@type":"WebSite","@id":"https:\/\/test.puhdasplus.ee\/lv\/#website","url":"https:\/\/test.puhdasplus.ee\/lv\/","name":"Puhdas+","description":"Vitamiinid, Toidulisandid, looduskosmeetika, tervis, sport","publisher":{"@id":"https:\/\/test.puhdasplus.ee\/lv\/#organization"},"potentialAction":[{"@type":"SearchAction","target":{"@type":"EntryPoint","urlTemplate":"https:\/\/test.puhdasplus.ee\/lv\/?s={search_term_string}"},"query-input":{"@type":"PropertyValueSpecification","valueRequired":true,"valueName":"search_term_string"}}],"inLanguage":"lv-LV"},{"@type":"Organization","@id":"https:\/\/test.puhdasplus.ee\/lv\/#organization","name":"Puhdas+","alternateName":"Puhdasplus","url":"https:\/\/test.puhdasplus.ee\/lv\/","logo":{"@type":"ImageObject","inLanguage":"lv-LV","@id":"https:\/\/test.puhdasplus.ee\/lv\/#\/schema\/logo\/image\/","url":"https:\/\/test.puhdasplus.ee\/\/wp-content\/uploads\/2019\/10\/puhdas_logo-arvele.png","contentUrl":"https:\/\/test.puhdasplus.ee\/\/wp-content\/uploads\/2019\/10\/puhdas_logo-arvele.png","width":114,"height":94,"caption":"Puhdas+"},"image":{"@id":"https:\/\/test.puhdasplus.ee\/lv\/#\/schema\/logo\/image\/"},"sameAs":["https:\/\/www.facebook.com\/puhdasplus","https:\/\/www.instagram.com\/puhdasplus_ee\/"]}]}},"_links":{"self":[{"href":"https:\/\/test.puhdasplus.ee\/lv\/wp-json\/wp\/v2\/product\/33959","targetHints":{"allow":["GET"]}}],"collection":[{"href":"https:\/\/test.puhdasplus.ee\/lv\/wp-json\/wp\/v2\/product"}],"about":[{"href":"https:\/\/test.puhdasplus.ee\/lv\/wp-json\/wp\/v2\/types\/product"}],"replies":[{"embeddable":true,"href":"https:\/\/test.puhdasplus.ee\/lv\/wp-json\/wp\/v2\/comments?post=33959"}],"wp:featuredmedia":[{"embeddable":true,"href":"https:\/\/test.puhdasplus.ee\/lv\/wp-json\/wp\/v2\/media\/32468"}],"wp:attachment":[{"href":"https:\/\/test.puhdasplus.ee\/lv\/wp-json\/wp\/v2\/media?parent=33959"}],"wp:term":[{"taxonomy":"product_brand","embeddable":true,"href":"https:\/\/test.puhdasplus.ee\/lv\/wp-json\/wp\/v2\/product_brand?post=33959"},{"taxonomy":"product_cat","embeddable":true,"href":"https:\/\/test.puhdasplus.ee\/lv\/wp-json\/wp\/v2\/product_cat?post=33959"},{"taxonomy":"product_tag","embeddable":true,"href":"https:\/\/test.puhdasplus.ee\/lv\/wp-json\/wp\/v2\/product_tag?post=33959"}],"curies":[{"name":"wp","href":"https:\/\/api.w.org\/{rel}","templated":true}]}}