{"id":33958,"date":"2022-11-14T20:58:43","date_gmt":"2022-11-14T18:58:43","guid":{"rendered":"https:\/\/test.puhdasplus.ee\/\/tooted\/uncategorized\/d3-vitamins-50-%c2%b5g\/"},"modified":"2026-02-27T13:12:44","modified_gmt":"2026-02-27T11:12:44","slug":"d3-vitamins-50-%c2%b5g","status":"publish","type":"product","link":"https:\/\/test.puhdasplus.ee\/lv\/tooted\/vitamini\/d-vitamins\/d3-vitamins-50-%c2%b5g\/","title":{"rendered":"D3 vitam\u012bns 50 \u00b5g"},"content":{"rendered":"<h2><span class=\"relative -mx-px my-[-0.2rem] rounded px-px py-[0.2rem] transition-colors duration-100 ease-in-out\">Kas ir Pure+ D3 vitam\u012bns 50 \u00b5g?<\/span><\/h2>\n<p><span class=\"relative -mx-px my-[-0.2rem] rounded px-px py-[0.2rem] transition-colors duration-100 ease-in-out\">Pure+ D3 vitam\u012bna 50 \u00b5g uztura bag\u0101tin\u0101t\u0101js satur augstas kvalit\u0101tes D3 vitam\u012bnu (holekalciferolu) auksti spiestas augst\u0101k\u0101 labuma ol\u012bve\u013c\u013cas veid\u0101.<\/span> <span class=\"relative -mx-px my-[-0.2rem] rounded px-px py-[0.2rem] transition-colors duration-100 ease-in-out\">\u0160\u012b kombin\u0101cija nodro\u0161ina lab\u0101ku vitam\u012bnu uzs\u016bk\u0161anos organism\u0101.<\/span> <span class=\"relative -mx-px my-[-0.2rem] rounded px-px py-[0.2rem] transition-colors duration-100 ease-in-out\">Mazo m\u012bksto kapsulu ir viegli nor\u012bt.<\/span><\/p>\n<h2 data-start=\"199\" data-end=\"235\">Produkta \u012bpa\u0161\u012bbas un priek\u0161roc\u012bbas<\/h2>\n<ul data-start=\"237\" data-end=\"703\">\n<li class=\"\" data-start=\"237\" data-end=\"342\">\n<p class=\"\" data-start=\"239\" data-end=\"342\"><strong data-start=\"239\" data-end=\"263\">Im\u016bnsist\u0113mas atbalsts:<\/strong> <span class=\"relative -mx-px my-[-0.2rem] rounded px-px py-[0.2rem] transition-colors duration-100 ease-in-out\">D3 vitam\u012bns veicina norm\u0101lu im\u016bnsist\u0113mas darb\u012bbu, atbalstot organisma dabisk\u0101s aizsargsp\u0113jas.<\/span><\/p>\n<\/li>\n<li class=\"\" data-start=\"344\" data-end=\"454\">\n<p class=\"\" data-start=\"346\" data-end=\"454\"><strong data-start=\"346\" data-end=\"375\">Kaulu un zobu vesel\u012bba:<\/strong> <span class=\"relative -mx-px my-[-0.2rem] rounded px-px py-[0.2rem] transition-colors duration-100 ease-in-out\">Pal\u012bdz uztur\u0113t norm\u0101lu kaulu un zobu vesel\u012bbu un veicina norm\u0101lu kalcija uzs\u016bk\u0161anos.<\/span><\/p>\n<\/li>\n<li class=\"\" data-start=\"456\" data-end=\"562\">\n<p class=\"\" data-start=\"458\" data-end=\"562\"><strong data-start=\"458\" data-end=\"483\">Uzlabota uzs\u016bk\u0161an\u0101s:<\/strong> <span class=\"relative -mx-px my-[-0.2rem] rounded px-px py-[0.2rem] transition-colors duration-100 ease-in-out\">Taukos \u0161\u0137\u012bsto\u0161ais D3 vitam\u012bns ir iz\u0161\u0137\u012bdin\u0101ts augstas kvalit\u0101tes ol\u012bve\u013c\u013c\u0101, kas uzlabo t\u0101 uzs\u016bk\u0161anos organism\u0101.<\/span><\/p>\n<\/li>\n<li class=\"\" data-start=\"564\" data-end=\"703\">\n<p class=\"\" data-start=\"566\" data-end=\"703\"><strong data-start=\"566\" data-end=\"584\">T\u012bras sast\u0101vda\u013cas:<\/strong> <span class=\"relative -mx-px my-[-0.2rem] rounded px-px py-[0.2rem] transition-colors duration-100 ease-in-out\">Nesatur konservantus, kr\u0101svielas vai m\u0101ksl\u012bgas gar\u0161as.<\/span> <span class=\"relative -mx-px my-[-0.2rem] rounded px-px py-[0.2rem] transition-colors duration-100 ease-in-out\">Piem\u0113rots cilv\u0113kiem, kas mekl\u0113 uztura bag\u0101tin\u0101t\u0101jus bez piedev\u0101m.<\/span><\/p>\n<\/li>\n<\/ul>\n<h2 data-start=\"838\" data-end=\"856\">Lietot\u0101ja rokasgr\u0101mata<\/h2>\n<p class=\"\" data-start=\"858\" data-end=\"1056\"><span class=\"relative -mx-px my-[-0.2rem] rounded px-px py-[0.2rem] transition-colors duration-100 ease-in-out\">Lietojiet 1 kapsulu dien\u0101, uzdzerot \u016bdeni.<\/span> <span class=\"relative -mx-px my-[-0.2rem] rounded px-px py-[0.2rem] transition-colors duration-100 ease-in-out\">Ieteicamo dienas devu nedr\u012bkst p\u0101rsniegt.<\/span> <span class=\"relative -mx-px my-[-0.2rem] rounded px-px py-[0.2rem] transition-colors duration-100 ease-in-out\">Uztura bag\u0101tin\u0101t\u0101js neaizst\u0101j daudzveid\u012bgu un sabalans\u0113tu uzturu vai vesel\u012bgu dz\u012bvesveidu.<\/span> <span class=\"relative -mx-px my-[-0.2rem] rounded px-px py-[0.2rem] transition-colors duration-100 ease-in-out\">Sarg\u0101t no b\u0113rniem.<\/span><\/p>\n<h2 data-start=\"710\" data-end=\"729\">Sast\u0101vda\u013cas<\/h2>\n<ul data-start=\"731\" data-end=\"975\">\n<li class=\"\" data-start=\"731\" data-end=\"811\">\n<p class=\"\" data-start=\"733\" data-end=\"811\"><span class=\"relative -mx-px my-[-0.2rem] rounded px-px py-[0.2rem] transition-colors duration-100 ease-in-out\">Aukst\u0101 spieduma augst\u0101k\u0101 labuma ol\u012bve\u013c\u013ca<\/span><\/p>\n<\/li>\n<li class=\"\" data-start=\"813\" data-end=\"893\">\n<p class=\"\" data-start=\"815\" data-end=\"893\"><span class=\"relative -mx-px my-[-0.2rem] rounded px-px py-[0.2rem] transition-colors duration-100 ease-in-out\">Kapsulas apvalks: \u017eelat\u012bns (liellopu izcelsmes), mitrin\u0101t\u0101js (glicer\u012bns)<\/span><\/p>\n<\/li>\n<li class=\"\" data-start=\"895\" data-end=\"975\">\n<p class=\"\" data-start=\"897\" data-end=\"975\"><span class=\"relative -mx-px my-[-0.2rem] rounded px-px py-[0.2rem] transition-colors duration-100 ease-in-out\">Akt\u012bv\u0101 viela: holekalciferols (D3 vitam\u012bns)<\/span><\/p>\n<\/li>\n<\/ul>\n<p data-start=\"1076\" data-end=\"1154\"><span class=\"relative -mx-px my-[-0.2rem] rounded px-px py-[0.2rem] transition-colors duration-100 ease-in-out\">Nesatur laktozi, raugu vai glut\u0113nu.<\/span> <span class=\"relative -mx-px my-[-0.2rem] rounded px-px py-[0.2rem] transition-colors duration-100 ease-in-out\">Nesatur cukuru, s\u0101li, soju vai saldin\u0101t\u0101jus.<\/span> <span class=\"relative -mx-px my-[-0.2rem] rounded px-px py-[0.2rem] transition-colors duration-100 ease-in-out\">Piem\u0113rots cilv\u0113kiem, kas mekl\u0113 t\u012brus un bez piedev\u0101m eso\u0161us uztura bag\u0101tin\u0101t\u0101jus.<\/span><\/p>\n<h2 data-start=\"982\" data-end=\"1009\">Uzturv\u0113rt\u012bbas inform\u0101cija<\/h2>\n<ul data-start=\"1011\" data-end=\"1217\">\n<li class=\"\" data-start=\"1011\" data-end=\"1108\">\n<p class=\"\" data-start=\"1013\" data-end=\"1108\"><strong data-start=\"1013\" data-end=\"1029\">Deva:<\/strong> <span class=\"relative -mx-px my-[-0.2rem] rounded px-px py-[0.2rem] transition-colors duration-100 ease-in-out\">1 kapsula dien\u0101<\/span><\/p>\n<\/li>\n<li class=\"\" data-start=\"1110\" data-end=\"1217\">\n<p class=\"\" data-start=\"1112\" data-end=\"1217\"><strong data-start=\"1112\" data-end=\"1138\">D3 vitam\u012bna saturs:<\/strong> <span class=\"relative -mx-px my-[-0.2rem] rounded px-px py-[0.2rem] transition-colors duration-100 ease-in-out\">50 \u00b5g (1000% no ieteicam\u0101s dienas devas)<\/span><\/p>\n<\/li>\n<\/ul>\n<h2 data-start=\"1156\" data-end=\"1177\">Iepakojuma izm\u0113ri<\/h2>\n<ul data-start=\"1179\" data-end=\"1301\">\n<li class=\"\" data-start=\"1179\" data-end=\"1220\">\n<p class=\"\" data-start=\"1181\" data-end=\"1220\"><span class=\"relative -mx-px my-[-0.2rem] rounded px-px py-[0.2rem] transition-colors duration-100 ease-in-out\">60 kapsulas<\/span><\/p>\n<\/li>\n<li class=\"\" data-start=\"1221\" data-end=\"1301\">\n<p class=\"\" data-start=\"1223\" data-end=\"1301\"><span class=\"relative -mx-px my-[-0.2rem] rounded px-px py-[0.2rem] transition-colors duration-100 ease-in-out\">120 kapsulas<\/span><\/p>\n<\/li>\n<\/ul>\n<h2 data-start=\"338\" data-end=\"351\">Funkcijas<\/h2>\n<ul data-start=\"353\" data-end=\"836\">\n<li class=\"\" data-start=\"353\" data-end=\"409\">\n<p class=\"\" data-start=\"355\" data-end=\"409\"><strong data-start=\"355\" data-end=\"369\">Akt\u012bv\u0101 viela:<\/strong> <span class=\"relative -mx-px my-[-0.2rem] rounded px-px py-[0.2rem] transition-colors duration-100 ease-in-out\">D3 vitam\u012bns (holekalciferols) 50 \u00b5g (1000% no ieteicam\u0101s dienas devas)<\/span><\/p>\n<\/li>\n<li class=\"\" data-start=\"410\" data-end=\"467\">\n<p class=\"\" data-start=\"412\" data-end=\"467\"><strong data-start=\"412\" data-end=\"427\">Nes\u0113jviela:<\/strong> <span class=\"relative -mx-px my-[-0.2rem] rounded px-px py-[0.2rem] transition-colors duration-100 ease-in-out\">auksti spiesta extra virgin ol\u012bve\u013c\u013ca<\/span><\/p>\n<\/li>\n<li class=\"\" data-start=\"468\" data-end=\"529\">\n<p class=\"\" data-start=\"470\" data-end=\"529\"><strong data-start=\"470\" data-end=\"489\">Kapsulas sast\u0101vs:<\/strong> <span class=\"relative -mx-px my-[-0.2rem] rounded px-px py-[0.2rem] transition-colors duration-100 ease-in-out\">\u017eelat\u012bns (liellopu izcelsmes), mitrin\u0101t\u0101js (glicer\u012bns)<\/span><\/p>\n<\/li>\n<li class=\"\" data-start=\"530\" data-end=\"590\">\n<p class=\"\" data-start=\"532\" data-end=\"590\"><strong data-start=\"532\" data-end=\"550\">Dienas deva:<\/strong> <span class=\"relative -mx-px my-[-0.2rem] rounded px-px py-[0.2rem] transition-colors duration-100 ease-in-out\">1 kapsula dien\u0101<\/span><\/p>\n<\/li>\n<li class=\"\" data-start=\"591\" data-end=\"661\">\n<p class=\"\" data-start=\"593\" data-end=\"661\"><strong data-start=\"593\" data-end=\"621\">Dienas devas saturs:<\/strong> <span class=\"relative -mx-px my-[-0.2rem] rounded px-px py-[0.2rem] transition-colors duration-100 ease-in-out\">50 \u00b5g D3 vitam\u012bna<\/span><\/p>\n<\/li>\n<li class=\"\" data-start=\"662\" data-end=\"738\">\n<p class=\"\" data-start=\"664\" data-end=\"738\"><strong data-start=\"664\" data-end=\"698\">Dienas devas atsauces v\u0113rt\u012bba:<\/strong> <span class=\"relative -mx-px my-[-0.2rem] rounded px-px py-[0.2rem] transition-colors duration-100 ease-in-out\">1000%<\/span><\/p>\n<\/li>\n<li class=\"\" data-start=\"739\" data-end=\"836\">\n<p class=\"\" data-start=\"741\" data-end=\"836\"><strong data-start=\"741\" data-end=\"757\">Izcelsmes valsts:<\/strong> <span class=\"relative -mx-px my-[-0.2rem] rounded px-px py-[0.2rem] transition-colors duration-100 ease-in-out\">Somija<\/span><\/p>\n<\/li>\n<\/ul>\n","protected":false},"excerpt":{"rendered":"<p class=\"\" data-start=\"77\" data-end=\"643\"><strong data-start=\"77\" data-end=\"118\">Pure+ D3 vitam\u012bns 50 \u00b5g<\/strong> ir augstas kvalit\u0101tes uztura bag\u0101tin\u0101t\u0101js, kas satur neaizst\u0101jamo D3 vitam\u012bnu, kas iz\u0161\u0137\u012bdin\u0101ts auksti spiest\u0101 extra virgin ol\u012bve\u013c\u013c\u0101. D3 vitam\u012bns, kas paz\u012bstams ar\u012b k\u0101 \u201csaules vitam\u012bns\u201d, ir svar\u012bgs im\u016bnsist\u0113mas stiprin\u0101\u0161anai, kaulu un zobu vesel\u012bbas uztur\u0113\u0161anai, k\u0101 ar\u012b norm\u0101lai musku\u013cu darb\u012bbai. Zieme\u013cvalst\u012bs un Igaunij\u0101, kur ziemas m\u0113ne\u0161os ir maz saules gaismas, organisma dabisk\u0101 D3 vitam\u012bna ra\u017eo\u0161ana var b\u016bt nepietiekama. T\u0101p\u0113c D3 vitam\u012bna lieto\u0161ana k\u0101 uztura bag\u0101tin\u0101t\u0101js ir vienk\u0101r\u0161s un efekt\u012bvs veids, k\u0101 uztur\u0113t nepiecie\u0161amo l\u012bmeni.   <\/p>\n<p class=\"\" data-start=\"645\" data-end=\"996\">Ol\u012bve\u013c\u013cas izmanto\u0161ana k\u0101 nes\u0113jviela uzlabo taukos \u0161\u0137\u012bsto\u0161\u0101 D3 vitam\u012bna uzs\u016bk\u0161anos organism\u0101, t\u0101d\u0113j\u0101di nodro\u0161inot maksim\u0101lu ieguvumu. Mazas un viegli norijamas kapsulas ir ide\u0101li piem\u0113rotas ikdienas lieto\u0161anai. Produkts ir ra\u017eots Somij\u0101 atbilsto\u0161i augst\u0101kajiem kvalit\u0101tes standartiem un nesatur nevajadz\u012bgas piedevas, laktozi, glut\u0113nu, raugu vai saldin\u0101t\u0101jus.  <\/p>\n<p class=\"\" data-start=\"998\" data-end=\"1203\"><strong data-start=\"998\" data-end=\"1039\">Pure+ D3 vitam\u012bns 50 \u00b5g<\/strong> ir lieliska izv\u0113le ikvienam, kur\u0161 v\u0113las nov\u0113rst D vitam\u012bna defic\u012btu, stiprin\u0101t imunit\u0101ti, uzlabot kaulu stipr\u012bbu un atbalst\u012bt visp\u0101r\u0113jo labsaj\u016btu un vitalit\u0101ti.<\/p>\n","protected":false},"featured_media":32481,"comment_status":"closed","ping_status":"closed","template":"","meta":{"_acf_changed":false},"product_brand":[],"product_cat":[4542],"product_tag":[4547,4544,4550,4546,4543,3041,3752,4551,4545,4548,4549],"class_list":{"0":"post-33958","1":"product","2":"type-product","3":"status-publish","4":"has-post-thumbnail","6":"product_cat-d-vitamins","7":"product_tag-augstaka-labuma-olivella","8":"product_tag-d-vitamins","9":"product_tag-d-vitamins-50-g","10":"product_tag-d3-vitamina-piedeva","11":"product_tag-d3-vitamins","12":"product_tag-imunitate","13":"product_tag-imunsistemas-atbalsts-lv","14":"product_tag-kalcija-metabolisms","15":"product_tag-kaulu-un-muskulu-veseliba","16":"product_tag-labaka-d3-uzsuksanas","17":"product_tag-vitamini-rudenim-un-ziemai","19":"first","20":"onbackorder","21":"taxable","22":"shipping-taxable","23":"purchasable","24":"product-type-variable","25":"has-default-attributes"},"acf":[],"yoast_head":"<!-- This site is optimized with the Yoast SEO plugin v27.1.1 - https:\/\/yoast.com\/product\/yoast-seo-wordpress\/ -->\n<title>D3 vitam\u012bns 50 \u00b5g - Puhdas+<\/title>\n<meta name=\"description\" content=\"D3 vitam\u012bns 50 \u00b5g \u2013 efekt\u012bva D vitam\u012bna kapsula, kas atbalsta imunit\u0101ti, kaulus un musku\u013cus, satur extra virgin ol\u012bve\u013c\u013cu lab\u0101kai uzs\u016bk\u0161anai.\" \/>\n<meta name=\"robots\" content=\"noindex, follow, max-snippet:-1, max-image-preview:large, max-video-preview:-1\" \/>\n<meta property=\"og:locale\" content=\"lv_LV\" \/>\n<meta property=\"og:type\" content=\"article\" \/>\n<meta property=\"og:title\" content=\"D3 vitam\u012bns 50 \u00b5g - Puhdas+\" \/>\n<meta property=\"og:description\" content=\"D3 vitam\u012bns 50 \u00b5g \u2013 efekt\u012bva D vitam\u012bna kapsula, kas atbalsta imunit\u0101ti, kaulus un musku\u013cus, satur extra virgin ol\u012bve\u013c\u013cu lab\u0101kai uzs\u016bk\u0161anai.\" \/>\n<meta property=\"og:url\" content=\"https:\/\/test.puhdasplus.ee\/lv\/tooted\/vitamini\/d-vitamins\/d3-vitamins-50-%c2%b5g\/\" \/>\n<meta property=\"og:site_name\" content=\"Puhdas+\" \/>\n<meta property=\"article:publisher\" content=\"https:\/\/www.facebook.com\/puhdasplus\" \/>\n<meta property=\"article:modified_time\" content=\"2026-02-27T11:12:44+00:00\" \/>\n<meta property=\"og:image\" content=\"https:\/\/test.puhdasplus.ee\/wp-content\/uploads\/2022\/11\/tooted-ilma-taustata-scaled.png\" \/>\n\t<meta property=\"og:image:width\" content=\"1862\" \/>\n\t<meta property=\"og:image:height\" content=\"2560\" \/>\n\t<meta property=\"og:image:type\" content=\"image\/png\" \/>\n<meta name=\"twitter:card\" content=\"summary_large_image\" \/>\n<meta name=\"twitter:label1\" content=\"Est. reading time\" \/>\n\t<meta name=\"twitter:data1\" content=\"2 min\u016btes\" \/>\n<script type=\"application\/ld+json\" class=\"yoast-schema-graph\">{\"@context\":\"https:\/\/schema.org\",\"@graph\":[{\"@type\":\"WebPage\",\"@id\":\"https:\/\/test.puhdasplus.ee\/lv\/tooted\/vitamini\/d-vitamins\/d3-vitamins-50-%c2%b5g\/\",\"url\":\"https:\/\/test.puhdasplus.ee\/lv\/tooted\/vitamini\/d-vitamins\/d3-vitamins-50-%c2%b5g\/\",\"name\":\"D3 vitam\u012bns 50 \u00b5g - Puhdas+\",\"isPartOf\":{\"@id\":\"https:\/\/test.puhdasplus.ee\/lv\/#website\"},\"primaryImageOfPage\":{\"@id\":\"https:\/\/test.puhdasplus.ee\/lv\/tooted\/vitamini\/d-vitamins\/d3-vitamins-50-%c2%b5g\/#primaryimage\"},\"image\":{\"@id\":\"https:\/\/test.puhdasplus.ee\/lv\/tooted\/vitamini\/d-vitamins\/d3-vitamins-50-%c2%b5g\/#primaryimage\"},\"thumbnailUrl\":\"https:\/\/test.puhdasplus.ee\/wp-content\/uploads\/2022\/11\/tooted-ilma-taustata-scaled.png\",\"datePublished\":\"2022-11-14T18:58:43+00:00\",\"dateModified\":\"2026-02-27T11:12:44+00:00\",\"description\":\"D3 vitam\u012bns 50 \u00b5g \u2013 efekt\u012bva D vitam\u012bna kapsula, kas atbalsta imunit\u0101ti, kaulus un musku\u013cus, satur extra virgin ol\u012bve\u013c\u013cu lab\u0101kai uzs\u016bk\u0161anai.\",\"breadcrumb\":{\"@id\":\"https:\/\/test.puhdasplus.ee\/lv\/tooted\/vitamini\/d-vitamins\/d3-vitamins-50-%c2%b5g\/#breadcrumb\"},\"inLanguage\":\"lv-LV\",\"potentialAction\":[{\"@type\":\"ReadAction\",\"target\":[\"https:\/\/test.puhdasplus.ee\/lv\/tooted\/vitamini\/d-vitamins\/d3-vitamins-50-%c2%b5g\/\"]}]},{\"@type\":\"ImageObject\",\"inLanguage\":\"lv-LV\",\"@id\":\"https:\/\/test.puhdasplus.ee\/lv\/tooted\/vitamini\/d-vitamins\/d3-vitamins-50-%c2%b5g\/#primaryimage\",\"url\":\"https:\/\/test.puhdasplus.ee\/wp-content\/uploads\/2022\/11\/tooted-ilma-taustata-scaled.png\",\"contentUrl\":\"https:\/\/test.puhdasplus.ee\/wp-content\/uploads\/2022\/11\/tooted-ilma-taustata-scaled.png\",\"width\":1862,\"height\":2560,\"caption\":\"D3 vitam\u012bns 50 \u00b5g\"},{\"@type\":\"BreadcrumbList\",\"@id\":\"https:\/\/test.puhdasplus.ee\/lv\/tooted\/vitamini\/d-vitamins\/d3-vitamins-50-%c2%b5g\/#breadcrumb\",\"itemListElement\":[{\"@type\":\"ListItem\",\"position\":1,\"name\":\"S\u0101kums\",\"item\":\"https:\/\/test.puhdasplus.ee\/lv\/\"},{\"@type\":\"ListItem\",\"position\":2,\"name\":\"Produkti\",\"item\":\"https:\/\/test.puhdasplus.ee\/lv\/veikals\/\"},{\"@type\":\"ListItem\",\"position\":3,\"name\":\"D3 vitam\u012bns 50 \u00b5g\"}]},{\"@type\":\"WebSite\",\"@id\":\"https:\/\/test.puhdasplus.ee\/lv\/#website\",\"url\":\"https:\/\/test.puhdasplus.ee\/lv\/\",\"name\":\"Puhdas+\",\"description\":\"Vitamiinid, Toidulisandid, looduskosmeetika, tervis, sport\",\"publisher\":{\"@id\":\"https:\/\/test.puhdasplus.ee\/lv\/#organization\"},\"potentialAction\":[{\"@type\":\"SearchAction\",\"target\":{\"@type\":\"EntryPoint\",\"urlTemplate\":\"https:\/\/test.puhdasplus.ee\/lv\/?s={search_term_string}\"},\"query-input\":{\"@type\":\"PropertyValueSpecification\",\"valueRequired\":true,\"valueName\":\"search_term_string\"}}],\"inLanguage\":\"lv-LV\"},{\"@type\":\"Organization\",\"@id\":\"https:\/\/test.puhdasplus.ee\/lv\/#organization\",\"name\":\"Puhdas+\",\"alternateName\":\"Puhdasplus\",\"url\":\"https:\/\/test.puhdasplus.ee\/lv\/\",\"logo\":{\"@type\":\"ImageObject\",\"inLanguage\":\"lv-LV\",\"@id\":\"https:\/\/test.puhdasplus.ee\/lv\/#\/schema\/logo\/image\/\",\"url\":\"https:\/\/test.puhdasplus.ee\/\/wp-content\/uploads\/2019\/10\/puhdas_logo-arvele.png\",\"contentUrl\":\"https:\/\/test.puhdasplus.ee\/\/wp-content\/uploads\/2019\/10\/puhdas_logo-arvele.png\",\"width\":114,\"height\":94,\"caption\":\"Puhdas+\"},\"image\":{\"@id\":\"https:\/\/test.puhdasplus.ee\/lv\/#\/schema\/logo\/image\/\"},\"sameAs\":[\"https:\/\/www.facebook.com\/puhdasplus\",\"https:\/\/www.instagram.com\/puhdasplus_ee\/\"]}]}<\/script>\n<!-- \/ Yoast SEO plugin. -->","yoast_head_json":{"title":"D3 vitam\u012bns 50 \u00b5g - Puhdas+","description":"D3 vitam\u012bns 50 \u00b5g \u2013 efekt\u012bva D vitam\u012bna kapsula, kas atbalsta imunit\u0101ti, kaulus un musku\u013cus, satur extra virgin ol\u012bve\u013c\u013cu lab\u0101kai uzs\u016bk\u0161anai.","robots":{"index":"noindex","follow":"follow","max-snippet":"max-snippet:-1","max-image-preview":"max-image-preview:large","max-video-preview":"max-video-preview:-1"},"og_locale":"lv_LV","og_type":"article","og_title":"D3 vitam\u012bns 50 \u00b5g - Puhdas+","og_description":"D3 vitam\u012bns 50 \u00b5g \u2013 efekt\u012bva D vitam\u012bna kapsula, kas atbalsta imunit\u0101ti, kaulus un musku\u013cus, satur extra virgin ol\u012bve\u013c\u013cu lab\u0101kai uzs\u016bk\u0161anai.","og_url":"https:\/\/test.puhdasplus.ee\/lv\/tooted\/vitamini\/d-vitamins\/d3-vitamins-50-%c2%b5g\/","og_site_name":"Puhdas+","article_publisher":"https:\/\/www.facebook.com\/puhdasplus","article_modified_time":"2026-02-27T11:12:44+00:00","og_image":[{"width":1862,"height":2560,"url":"https:\/\/test.puhdasplus.ee\/wp-content\/uploads\/2022\/11\/tooted-ilma-taustata-scaled.png","type":"image\/png"}],"twitter_card":"summary_large_image","twitter_misc":{"Est. reading time":"2 min\u016btes"},"schema":{"@context":"https:\/\/schema.org","@graph":[{"@type":"WebPage","@id":"https:\/\/test.puhdasplus.ee\/lv\/tooted\/vitamini\/d-vitamins\/d3-vitamins-50-%c2%b5g\/","url":"https:\/\/test.puhdasplus.ee\/lv\/tooted\/vitamini\/d-vitamins\/d3-vitamins-50-%c2%b5g\/","name":"D3 vitam\u012bns 50 \u00b5g - Puhdas+","isPartOf":{"@id":"https:\/\/test.puhdasplus.ee\/lv\/#website"},"primaryImageOfPage":{"@id":"https:\/\/test.puhdasplus.ee\/lv\/tooted\/vitamini\/d-vitamins\/d3-vitamins-50-%c2%b5g\/#primaryimage"},"image":{"@id":"https:\/\/test.puhdasplus.ee\/lv\/tooted\/vitamini\/d-vitamins\/d3-vitamins-50-%c2%b5g\/#primaryimage"},"thumbnailUrl":"https:\/\/test.puhdasplus.ee\/wp-content\/uploads\/2022\/11\/tooted-ilma-taustata-scaled.png","datePublished":"2022-11-14T18:58:43+00:00","dateModified":"2026-02-27T11:12:44+00:00","description":"D3 vitam\u012bns 50 \u00b5g \u2013 efekt\u012bva D vitam\u012bna kapsula, kas atbalsta imunit\u0101ti, kaulus un musku\u013cus, satur extra virgin ol\u012bve\u013c\u013cu lab\u0101kai uzs\u016bk\u0161anai.","breadcrumb":{"@id":"https:\/\/test.puhdasplus.ee\/lv\/tooted\/vitamini\/d-vitamins\/d3-vitamins-50-%c2%b5g\/#breadcrumb"},"inLanguage":"lv-LV","potentialAction":[{"@type":"ReadAction","target":["https:\/\/test.puhdasplus.ee\/lv\/tooted\/vitamini\/d-vitamins\/d3-vitamins-50-%c2%b5g\/"]}]},{"@type":"ImageObject","inLanguage":"lv-LV","@id":"https:\/\/test.puhdasplus.ee\/lv\/tooted\/vitamini\/d-vitamins\/d3-vitamins-50-%c2%b5g\/#primaryimage","url":"https:\/\/test.puhdasplus.ee\/wp-content\/uploads\/2022\/11\/tooted-ilma-taustata-scaled.png","contentUrl":"https:\/\/test.puhdasplus.ee\/wp-content\/uploads\/2022\/11\/tooted-ilma-taustata-scaled.png","width":1862,"height":2560,"caption":"D3 vitam\u012bns 50 \u00b5g"},{"@type":"BreadcrumbList","@id":"https:\/\/test.puhdasplus.ee\/lv\/tooted\/vitamini\/d-vitamins\/d3-vitamins-50-%c2%b5g\/#breadcrumb","itemListElement":[{"@type":"ListItem","position":1,"name":"S\u0101kums","item":"https:\/\/test.puhdasplus.ee\/lv\/"},{"@type":"ListItem","position":2,"name":"Produkti","item":"https:\/\/test.puhdasplus.ee\/lv\/veikals\/"},{"@type":"ListItem","position":3,"name":"D3 vitam\u012bns 50 \u00b5g"}]},{"@type":"WebSite","@id":"https:\/\/test.puhdasplus.ee\/lv\/#website","url":"https:\/\/test.puhdasplus.ee\/lv\/","name":"Puhdas+","description":"Vitamiinid, Toidulisandid, looduskosmeetika, tervis, sport","publisher":{"@id":"https:\/\/test.puhdasplus.ee\/lv\/#organization"},"potentialAction":[{"@type":"SearchAction","target":{"@type":"EntryPoint","urlTemplate":"https:\/\/test.puhdasplus.ee\/lv\/?s={search_term_string}"},"query-input":{"@type":"PropertyValueSpecification","valueRequired":true,"valueName":"search_term_string"}}],"inLanguage":"lv-LV"},{"@type":"Organization","@id":"https:\/\/test.puhdasplus.ee\/lv\/#organization","name":"Puhdas+","alternateName":"Puhdasplus","url":"https:\/\/test.puhdasplus.ee\/lv\/","logo":{"@type":"ImageObject","inLanguage":"lv-LV","@id":"https:\/\/test.puhdasplus.ee\/lv\/#\/schema\/logo\/image\/","url":"https:\/\/test.puhdasplus.ee\/\/wp-content\/uploads\/2019\/10\/puhdas_logo-arvele.png","contentUrl":"https:\/\/test.puhdasplus.ee\/\/wp-content\/uploads\/2019\/10\/puhdas_logo-arvele.png","width":114,"height":94,"caption":"Puhdas+"},"image":{"@id":"https:\/\/test.puhdasplus.ee\/lv\/#\/schema\/logo\/image\/"},"sameAs":["https:\/\/www.facebook.com\/puhdasplus","https:\/\/www.instagram.com\/puhdasplus_ee\/"]}]}},"_links":{"self":[{"href":"https:\/\/test.puhdasplus.ee\/lv\/wp-json\/wp\/v2\/product\/33958","targetHints":{"allow":["GET"]}}],"collection":[{"href":"https:\/\/test.puhdasplus.ee\/lv\/wp-json\/wp\/v2\/product"}],"about":[{"href":"https:\/\/test.puhdasplus.ee\/lv\/wp-json\/wp\/v2\/types\/product"}],"replies":[{"embeddable":true,"href":"https:\/\/test.puhdasplus.ee\/lv\/wp-json\/wp\/v2\/comments?post=33958"}],"wp:featuredmedia":[{"embeddable":true,"href":"https:\/\/test.puhdasplus.ee\/lv\/wp-json\/wp\/v2\/media\/32481"}],"wp:attachment":[{"href":"https:\/\/test.puhdasplus.ee\/lv\/wp-json\/wp\/v2\/media?parent=33958"}],"wp:term":[{"taxonomy":"product_brand","embeddable":true,"href":"https:\/\/test.puhdasplus.ee\/lv\/wp-json\/wp\/v2\/product_brand?post=33958"},{"taxonomy":"product_cat","embeddable":true,"href":"https:\/\/test.puhdasplus.ee\/lv\/wp-json\/wp\/v2\/product_cat?post=33958"},{"taxonomy":"product_tag","embeddable":true,"href":"https:\/\/test.puhdasplus.ee\/lv\/wp-json\/wp\/v2\/product_tag?post=33958"}],"curies":[{"name":"wp","href":"https:\/\/api.w.org\/{rel}","templated":true}]}}