{"id":33932,"date":"2022-10-05T13:43:44","date_gmt":"2022-10-05T10:43:44","guid":{"rendered":"https:\/\/test.puhdasplus.ee\/\/tooted\/uncategorized\/skaistuma-rozudens-100-ml\/"},"modified":"2026-02-27T13:12:47","modified_gmt":"2026-02-27T11:12:47","slug":"skaistuma-rozudens-100-ml","status":"publish","type":"product","link":"https:\/\/test.puhdasplus.ee\/lv\/tooted\/kosmetika\/skaistuma-rozudens-100-ml\/","title":{"rendered":"Skaistuma ro\u017e\u016bdens 100 ml"},"content":{"rendered":"<h3>  Dab\u012bgs nomierino\u0161s un mitrino\u0161s sejas toneris<\/h3>\n<p>Beauty Rose Water ir 100% dab\u012bgs ro\u017e\u016bdens, kas atsvaidzina, nomierina un mitrina \u0101du. Ro\u017e\u016bdens ir paz\u012bstams ar sav\u0101m antioksidanta un pretiekaisuma \u012bpa\u0161\u012bb\u0101m, pal\u012bdzot mazin\u0101t aps\u0101rtumu, l\u012bdzsvarot sebuma veido\u0161anos un pie\u0161\u0137irt \u0101dai dabisku mirdzumu. Lieliski piem\u0113rots k\u0101 toneris, grima fiks\u0113\u0161anai un \u0101das mitrin\u0101\u0161anai visas dienas garum\u0101. Ide\u0101li piem\u0113rots visiem \u0101das tipiem, tostarp jut\u012bgai un sausai \u0101dai.   <\/p>\n<p data-start=\"574\" data-end=\"598\"><strong data-start=\"574\" data-end=\"596\">Lieto\u0161anas instrukcija:<\/strong><\/p>\n<ol data-start=\"599\" data-end=\"866\">\n<li data-start=\"599\" data-end=\"705\">Izsmidziniet tie\u0161i uz sejas un kakla vai uzkl\u0101jiet uz \u0101das ar vates disku k\u0101 att\u012bro\u0161u un toniz\u0113jo\u0161u l\u012bdzekli.<\/li>\n<li data-start=\"706\" data-end=\"797\">Lietojiet no r\u012bta un vakar\u0101 p\u0113c att\u012br\u012b\u0161anas vai dienas laik\u0101, lai atsvaidzin\u0101tu \u0101du.<\/li>\n<li data-start=\"798\" data-end=\"866\">Piem\u0113rots ar\u012b grima fiks\u0113\u0161anai un k\u0101 mitrino\u0161s l\u012bdzeklis matiem.<\/li>\n<\/ol>\n<p data-start=\"868\" data-end=\"916\"><strong data-start=\"868\" data-end=\"884\">Sast\u0101vda\u013cas:<\/strong><br data-start=\"884\" data-end=\"887\"> Rosa Damascena (ro\u017e\u016bdens).<\/p>\n","protected":false},"excerpt":{"rendered":"<p>Dab\u012bgs un mitrino\u0161s ro\u017e\u016bdens, kas atsvaidzina, nomierina un l\u012bdzsvaro \u0101du.<\/p>\n<div><\/div>\n","protected":false},"featured_media":33937,"comment_status":"closed","ping_status":"closed","template":"","meta":{"_acf_changed":false},"product_brand":[],"product_cat":[2533],"product_tag":[2994,2675,2992,4500,2541,4501,2631,4116,4498,2559],"class_list":{"0":"post-33932","1":"product","2":"type-product","3":"status-publish","4":"has-post-thumbnail","6":"product_cat-kosmetika","7":"product_tag-adas-nomierinasana-lv","8":"product_tag-adas-tona-vienmerigums","9":"product_tag-antioksidants","10":"product_tag-dabigs-toniks","11":"product_tag-dabiska-skaistumkopsana","12":"product_tag-grima-fiksators","13":"product_tag-jutigai-adai","14":"product_tag-mitrinosa-kopsana","15":"product_tag-rozudens","16":"product_tag-tirs-skaistums","18":"first","19":"onbackorder","20":"taxable","21":"shipping-taxable","22":"purchasable","23":"product-type-simple"},"acf":[],"yoast_head":"<!-- This site is optimized with the Yoast SEO plugin v27.1.1 - https:\/\/yoast.com\/product\/yoast-seo-wordpress\/ -->\n<title>Skaistuma ro\u017e\u016bdens 100 ml - Puhdas+<\/title>\n<meta name=\"description\" content=\"Beauty Rose Water ir 100% dab\u012bgs ro\u017e\u016bdens, kas mitrina, nomierina un atsvaidzina \u0101du. Piem\u0113rots ikdienas kop\u0161anai visiem \u0101das tipiem!\" \/>\n<meta name=\"robots\" content=\"noindex, follow, max-snippet:-1, max-image-preview:large, max-video-preview:-1\" \/>\n<meta property=\"og:locale\" content=\"lv_LV\" \/>\n<meta property=\"og:type\" content=\"article\" \/>\n<meta property=\"og:title\" content=\"Skaistuma ro\u017e\u016bdens 100 ml - Puhdas+\" \/>\n<meta property=\"og:description\" content=\"Beauty Rose Water ir 100% dab\u012bgs ro\u017e\u016bdens, kas mitrina, nomierina un atsvaidzina \u0101du. Piem\u0113rots ikdienas kop\u0161anai visiem \u0101das tipiem!\" \/>\n<meta property=\"og:url\" content=\"https:\/\/test.puhdasplus.ee\/lv\/tooted\/kosmetika\/skaistuma-rozudens-100-ml\/\" \/>\n<meta property=\"og:site_name\" content=\"Puhdas+\" \/>\n<meta property=\"article:publisher\" content=\"https:\/\/www.facebook.com\/puhdasplus\" \/>\n<meta property=\"article:modified_time\" content=\"2026-02-27T11:12:47+00:00\" \/>\n<meta property=\"og:image\" content=\"https:\/\/test.puhdasplus.ee\/wp-content\/uploads\/2025\/03\/84.jpg\" \/>\n\t<meta property=\"og:image:width\" content=\"1862\" \/>\n\t<meta property=\"og:image:height\" content=\"2560\" \/>\n\t<meta property=\"og:image:type\" content=\"image\/jpeg\" \/>\n<meta name=\"twitter:card\" content=\"summary_large_image\" \/>\n<meta name=\"twitter:label1\" content=\"Est. reading time\" \/>\n\t<meta name=\"twitter:data1\" content=\"1 minute\" \/>\n<script type=\"application\/ld+json\" class=\"yoast-schema-graph\">{\"@context\":\"https:\/\/schema.org\",\"@graph\":[{\"@type\":\"WebPage\",\"@id\":\"https:\/\/test.puhdasplus.ee\/lv\/tooted\/kosmetika\/skaistuma-rozudens-100-ml\/\",\"url\":\"https:\/\/test.puhdasplus.ee\/lv\/tooted\/kosmetika\/skaistuma-rozudens-100-ml\/\",\"name\":\"Skaistuma ro\u017e\u016bdens 100 ml - Puhdas+\",\"isPartOf\":{\"@id\":\"https:\/\/test.puhdasplus.ee\/lv\/#website\"},\"primaryImageOfPage\":{\"@id\":\"https:\/\/test.puhdasplus.ee\/lv\/tooted\/kosmetika\/skaistuma-rozudens-100-ml\/#primaryimage\"},\"image\":{\"@id\":\"https:\/\/test.puhdasplus.ee\/lv\/tooted\/kosmetika\/skaistuma-rozudens-100-ml\/#primaryimage\"},\"thumbnailUrl\":\"https:\/\/test.puhdasplus.ee\/wp-content\/uploads\/2025\/03\/84.jpg\",\"datePublished\":\"2022-10-05T10:43:44+00:00\",\"dateModified\":\"2026-02-27T11:12:47+00:00\",\"description\":\"Beauty Rose Water ir 100% dab\u012bgs ro\u017e\u016bdens, kas mitrina, nomierina un atsvaidzina \u0101du. Piem\u0113rots ikdienas kop\u0161anai visiem \u0101das tipiem!\",\"breadcrumb\":{\"@id\":\"https:\/\/test.puhdasplus.ee\/lv\/tooted\/kosmetika\/skaistuma-rozudens-100-ml\/#breadcrumb\"},\"inLanguage\":\"lv-LV\",\"potentialAction\":[{\"@type\":\"ReadAction\",\"target\":[\"https:\/\/test.puhdasplus.ee\/lv\/tooted\/kosmetika\/skaistuma-rozudens-100-ml\/\"]}]},{\"@type\":\"ImageObject\",\"inLanguage\":\"lv-LV\",\"@id\":\"https:\/\/test.puhdasplus.ee\/lv\/tooted\/kosmetika\/skaistuma-rozudens-100-ml\/#primaryimage\",\"url\":\"https:\/\/test.puhdasplus.ee\/wp-content\/uploads\/2025\/03\/84.jpg\",\"contentUrl\":\"https:\/\/test.puhdasplus.ee\/wp-content\/uploads\/2025\/03\/84.jpg\",\"width\":1862,\"height\":2560,\"caption\":\"Skaistuma ro\u017e\u016bdens 100 ml\"},{\"@type\":\"BreadcrumbList\",\"@id\":\"https:\/\/test.puhdasplus.ee\/lv\/tooted\/kosmetika\/skaistuma-rozudens-100-ml\/#breadcrumb\",\"itemListElement\":[{\"@type\":\"ListItem\",\"position\":1,\"name\":\"S\u0101kums\",\"item\":\"https:\/\/test.puhdasplus.ee\/lv\/\"},{\"@type\":\"ListItem\",\"position\":2,\"name\":\"Produkti\",\"item\":\"https:\/\/test.puhdasplus.ee\/lv\/veikals\/\"},{\"@type\":\"ListItem\",\"position\":3,\"name\":\"Skaistuma ro\u017e\u016bdens 100 ml\"}]},{\"@type\":\"WebSite\",\"@id\":\"https:\/\/test.puhdasplus.ee\/lv\/#website\",\"url\":\"https:\/\/test.puhdasplus.ee\/lv\/\",\"name\":\"Puhdas+\",\"description\":\"Vitamiinid, Toidulisandid, looduskosmeetika, tervis, sport\",\"publisher\":{\"@id\":\"https:\/\/test.puhdasplus.ee\/lv\/#organization\"},\"potentialAction\":[{\"@type\":\"SearchAction\",\"target\":{\"@type\":\"EntryPoint\",\"urlTemplate\":\"https:\/\/test.puhdasplus.ee\/lv\/?s={search_term_string}\"},\"query-input\":{\"@type\":\"PropertyValueSpecification\",\"valueRequired\":true,\"valueName\":\"search_term_string\"}}],\"inLanguage\":\"lv-LV\"},{\"@type\":\"Organization\",\"@id\":\"https:\/\/test.puhdasplus.ee\/lv\/#organization\",\"name\":\"Puhdas+\",\"alternateName\":\"Puhdasplus\",\"url\":\"https:\/\/test.puhdasplus.ee\/lv\/\",\"logo\":{\"@type\":\"ImageObject\",\"inLanguage\":\"lv-LV\",\"@id\":\"https:\/\/test.puhdasplus.ee\/lv\/#\/schema\/logo\/image\/\",\"url\":\"https:\/\/test.puhdasplus.ee\/\/wp-content\/uploads\/2019\/10\/puhdas_logo-arvele.png\",\"contentUrl\":\"https:\/\/test.puhdasplus.ee\/\/wp-content\/uploads\/2019\/10\/puhdas_logo-arvele.png\",\"width\":114,\"height\":94,\"caption\":\"Puhdas+\"},\"image\":{\"@id\":\"https:\/\/test.puhdasplus.ee\/lv\/#\/schema\/logo\/image\/\"},\"sameAs\":[\"https:\/\/www.facebook.com\/puhdasplus\",\"https:\/\/www.instagram.com\/puhdasplus_ee\/\"]}]}<\/script>\n<!-- \/ Yoast SEO plugin. -->","yoast_head_json":{"title":"Skaistuma ro\u017e\u016bdens 100 ml - Puhdas+","description":"Beauty Rose Water ir 100% dab\u012bgs ro\u017e\u016bdens, kas mitrina, nomierina un atsvaidzina \u0101du. Piem\u0113rots ikdienas kop\u0161anai visiem \u0101das tipiem!","robots":{"index":"noindex","follow":"follow","max-snippet":"max-snippet:-1","max-image-preview":"max-image-preview:large","max-video-preview":"max-video-preview:-1"},"og_locale":"lv_LV","og_type":"article","og_title":"Skaistuma ro\u017e\u016bdens 100 ml - Puhdas+","og_description":"Beauty Rose Water ir 100% dab\u012bgs ro\u017e\u016bdens, kas mitrina, nomierina un atsvaidzina \u0101du. Piem\u0113rots ikdienas kop\u0161anai visiem \u0101das tipiem!","og_url":"https:\/\/test.puhdasplus.ee\/lv\/tooted\/kosmetika\/skaistuma-rozudens-100-ml\/","og_site_name":"Puhdas+","article_publisher":"https:\/\/www.facebook.com\/puhdasplus","article_modified_time":"2026-02-27T11:12:47+00:00","og_image":[{"width":1862,"height":2560,"url":"https:\/\/test.puhdasplus.ee\/wp-content\/uploads\/2025\/03\/84.jpg","type":"image\/jpeg"}],"twitter_card":"summary_large_image","twitter_misc":{"Est. reading time":"1 minute"},"schema":{"@context":"https:\/\/schema.org","@graph":[{"@type":"WebPage","@id":"https:\/\/test.puhdasplus.ee\/lv\/tooted\/kosmetika\/skaistuma-rozudens-100-ml\/","url":"https:\/\/test.puhdasplus.ee\/lv\/tooted\/kosmetika\/skaistuma-rozudens-100-ml\/","name":"Skaistuma ro\u017e\u016bdens 100 ml - Puhdas+","isPartOf":{"@id":"https:\/\/test.puhdasplus.ee\/lv\/#website"},"primaryImageOfPage":{"@id":"https:\/\/test.puhdasplus.ee\/lv\/tooted\/kosmetika\/skaistuma-rozudens-100-ml\/#primaryimage"},"image":{"@id":"https:\/\/test.puhdasplus.ee\/lv\/tooted\/kosmetika\/skaistuma-rozudens-100-ml\/#primaryimage"},"thumbnailUrl":"https:\/\/test.puhdasplus.ee\/wp-content\/uploads\/2025\/03\/84.jpg","datePublished":"2022-10-05T10:43:44+00:00","dateModified":"2026-02-27T11:12:47+00:00","description":"Beauty Rose Water ir 100% dab\u012bgs ro\u017e\u016bdens, kas mitrina, nomierina un atsvaidzina \u0101du. Piem\u0113rots ikdienas kop\u0161anai visiem \u0101das tipiem!","breadcrumb":{"@id":"https:\/\/test.puhdasplus.ee\/lv\/tooted\/kosmetika\/skaistuma-rozudens-100-ml\/#breadcrumb"},"inLanguage":"lv-LV","potentialAction":[{"@type":"ReadAction","target":["https:\/\/test.puhdasplus.ee\/lv\/tooted\/kosmetika\/skaistuma-rozudens-100-ml\/"]}]},{"@type":"ImageObject","inLanguage":"lv-LV","@id":"https:\/\/test.puhdasplus.ee\/lv\/tooted\/kosmetika\/skaistuma-rozudens-100-ml\/#primaryimage","url":"https:\/\/test.puhdasplus.ee\/wp-content\/uploads\/2025\/03\/84.jpg","contentUrl":"https:\/\/test.puhdasplus.ee\/wp-content\/uploads\/2025\/03\/84.jpg","width":1862,"height":2560,"caption":"Skaistuma ro\u017e\u016bdens 100 ml"},{"@type":"BreadcrumbList","@id":"https:\/\/test.puhdasplus.ee\/lv\/tooted\/kosmetika\/skaistuma-rozudens-100-ml\/#breadcrumb","itemListElement":[{"@type":"ListItem","position":1,"name":"S\u0101kums","item":"https:\/\/test.puhdasplus.ee\/lv\/"},{"@type":"ListItem","position":2,"name":"Produkti","item":"https:\/\/test.puhdasplus.ee\/lv\/veikals\/"},{"@type":"ListItem","position":3,"name":"Skaistuma ro\u017e\u016bdens 100 ml"}]},{"@type":"WebSite","@id":"https:\/\/test.puhdasplus.ee\/lv\/#website","url":"https:\/\/test.puhdasplus.ee\/lv\/","name":"Puhdas+","description":"Vitamiinid, Toidulisandid, looduskosmeetika, tervis, sport","publisher":{"@id":"https:\/\/test.puhdasplus.ee\/lv\/#organization"},"potentialAction":[{"@type":"SearchAction","target":{"@type":"EntryPoint","urlTemplate":"https:\/\/test.puhdasplus.ee\/lv\/?s={search_term_string}"},"query-input":{"@type":"PropertyValueSpecification","valueRequired":true,"valueName":"search_term_string"}}],"inLanguage":"lv-LV"},{"@type":"Organization","@id":"https:\/\/test.puhdasplus.ee\/lv\/#organization","name":"Puhdas+","alternateName":"Puhdasplus","url":"https:\/\/test.puhdasplus.ee\/lv\/","logo":{"@type":"ImageObject","inLanguage":"lv-LV","@id":"https:\/\/test.puhdasplus.ee\/lv\/#\/schema\/logo\/image\/","url":"https:\/\/test.puhdasplus.ee\/\/wp-content\/uploads\/2019\/10\/puhdas_logo-arvele.png","contentUrl":"https:\/\/test.puhdasplus.ee\/\/wp-content\/uploads\/2019\/10\/puhdas_logo-arvele.png","width":114,"height":94,"caption":"Puhdas+"},"image":{"@id":"https:\/\/test.puhdasplus.ee\/lv\/#\/schema\/logo\/image\/"},"sameAs":["https:\/\/www.facebook.com\/puhdasplus","https:\/\/www.instagram.com\/puhdasplus_ee\/"]}]}},"_links":{"self":[{"href":"https:\/\/test.puhdasplus.ee\/lv\/wp-json\/wp\/v2\/product\/33932","targetHints":{"allow":["GET"]}}],"collection":[{"href":"https:\/\/test.puhdasplus.ee\/lv\/wp-json\/wp\/v2\/product"}],"about":[{"href":"https:\/\/test.puhdasplus.ee\/lv\/wp-json\/wp\/v2\/types\/product"}],"replies":[{"embeddable":true,"href":"https:\/\/test.puhdasplus.ee\/lv\/wp-json\/wp\/v2\/comments?post=33932"}],"wp:featuredmedia":[{"embeddable":true,"href":"https:\/\/test.puhdasplus.ee\/lv\/wp-json\/wp\/v2\/media\/33937"}],"wp:attachment":[{"href":"https:\/\/test.puhdasplus.ee\/lv\/wp-json\/wp\/v2\/media?parent=33932"}],"wp:term":[{"taxonomy":"product_brand","embeddable":true,"href":"https:\/\/test.puhdasplus.ee\/lv\/wp-json\/wp\/v2\/product_brand?post=33932"},{"taxonomy":"product_cat","embeddable":true,"href":"https:\/\/test.puhdasplus.ee\/lv\/wp-json\/wp\/v2\/product_cat?post=33932"},{"taxonomy":"product_tag","embeddable":true,"href":"https:\/\/test.puhdasplus.ee\/lv\/wp-json\/wp\/v2\/product_tag?post=33932"}],"curies":[{"name":"wp","href":"https:\/\/api.w.org\/{rel}","templated":true}]}}