{"id":33824,"date":"2023-09-02T16:40:42","date_gmt":"2023-09-02T13:40:42","guid":{"rendered":"https:\/\/test.puhdasplus.ee\/\/tooted\/uncategorized\/rozmarina-matu-toniks-100-ml\/"},"modified":"2026-02-27T13:11:27","modified_gmt":"2026-02-27T11:11:27","slug":"rozmarina-matu-toniks-100-ml","status":"publish","type":"product","link":"https:\/\/test.puhdasplus.ee\/lv\/tooted\/kosmetika\/rozmarina-matu-toniks-100-ml\/","title":{"rendered":"Rozmar\u012bna matu toniks 100 ml"},"content":{"rendered":"<h2 class=\"\" data-start=\"237\" data-end=\"281\">Kas ir Pure+ rozmar\u012bna matu \u016bdens?<\/h2>\n<p class=\"\" data-start=\"283\" data-end=\"686\"><strong data-start=\"283\" data-end=\"323\">Puhdas+ Rozmar\u012bna matu \u016bdens 100 ml<\/strong> ir dab\u012bgs un maigs matu kop\u0161anas l\u012bdzeklis, kas paredz\u0113ts matu un galvas \u0101das ikdienas baro\u0161anai. Produkts apvieno rozmar\u012bna lapu \u016bdeni un alvejas ekstraktu, nodro\u0161inot mitrin\u0101\u0161anu, maigumu un stimul\u0113jo\u0161u efektu, nep\u0101rslogojot matus vai galvas \u0101du. Ra\u017eots Somij\u0101 un ar 100% veg\u0101nisku sast\u0101vu, tas ir piem\u0113rots ikdienas lieto\u0161anai visu veidu matiem.  <\/p>\n<p class=\"\" data-start=\"688\" data-end=\"873\">Matu toneris ir iepakots \u0113rt\u0101 smidzin\u0101\u0161anas pudel\u012bt\u0113 un nav nepiecie\u0161ams skalot, t\u0101p\u0113c to ir viegli un \u0101tri lietot \u2013 gan no r\u012bta, pirms matu \u017e\u0101v\u0113\u0161anas ar f\u0113nu, gan galvas \u0101das atsvaidzin\u0101\u0161anai dienas laik\u0101.<\/p>\n<h2>K\u0101p\u0113c Puhdas+ rozmar\u012bna matu toniks ir noder\u012bgs?<\/h2>\n<h3 class=\"\" data-start=\"909\" data-end=\"955\">Stimul\u0113 asins pieg\u0101di galvas \u0101dai<\/h3>\n<p class=\"\" data-start=\"956\" data-end=\"1202\">Rozmar\u012bns ir paz\u012bstams ar savu stimul\u0113jo\u0161o iedarb\u012bbu \u2013 tas var pal\u012bdz\u0113t uzlabot asinsriti galvas \u0101d\u0101, k\u0101 rezult\u0101t\u0101 matu saknes lab\u0101k piek\u013c\u016bst sk\u0101beklim un bar\u012bbas viel\u0101m. T\u0101d\u0113\u013c regul\u0101ra lieto\u0161ana var veicin\u0101t matu aug\u0161anu un stiprin\u0101t matu saknes. <\/p>\n<h3 class=\"\" data-start=\"1209\" data-end=\"1251\">Mitrina un nomierina galvas \u0101du<\/h3>\n<p class=\"\" data-start=\"1252\" data-end=\"1482\">Produkt\u0101 eso\u0161ais alvejas ekstrakts maigi mitrina gan matus, gan galvas \u0101du, pal\u012bdzot mazin\u0101t sausumu un kairin\u0101jumu. Tas ir \u012bpa\u0161i piem\u0113rots jut\u012bgai vai viegli sausai galvas \u0101dai, vienlaikus nodro\u0161inot matiem sp\u012bdumu un elast\u012bbu. <\/p>\n<h3 class=\"\" data-start=\"1489\" data-end=\"1538\">Var samazin\u0101t matu izkri\u0161anu<\/h3>\n<p class=\"\" data-start=\"1539\" data-end=\"1772\">Rozmar\u012bns tradicion\u0101li tiek izmantots matu izkri\u0161anas pal\u0113nin\u0101\u0161anai. T\u0101 stimul\u0113jo\u0161\u0101s un pretiekaisuma \u012bpa\u0161\u012bbas var atbalst\u012bt galvas \u0101das visp\u0101r\u0113jo vesel\u012bbu, kas savuk\u0101rt rada labv\u0113l\u012bg\u0101ku vidi sp\u0113c\u012bg\u0101kai matu aug\u0161anai. <\/p>\n<h3 class=\"\" data-start=\"1779\" data-end=\"1831\">Atbalsta matu dabisko sp\u012bdumu un maigumu<\/h3>\n<p class=\"\" data-start=\"1832\" data-end=\"2082\">Rozmar\u012bnam piem\u012bt maiga att\u012bro\u0161a un toniz\u0113jo\u0161a iedarb\u012bba, kas var pal\u012bdz\u0113t no\u0146emt atlikumus un e\u013c\u013cu, padarot matus t\u012br\u0101kus, m\u012bkst\u0101kus un viegl\u0101k ieveidojamus. Alveja pal\u012bdz izl\u012bdzin\u0101t matus, pie\u0161\u0137irot tiem mitrumu un aizsarg\u0101jot tos pret sausumu. <\/p>\n<h3 class=\"\" data-start=\"2089\" data-end=\"2126\">Dab\u012bgs un maigs sast\u0101vs<\/h3>\n<p class=\"\" data-start=\"2127\" data-end=\"2305\">Produkts nesatur silikonus, m\u0101ksl\u012bgas smar\u017evielas un glut\u0113nu. T\u0101 veg\u0101niem draudz\u012bg\u0101 formula ir izstr\u0101d\u0101ta maigai, bet efekt\u012bvai ikdienas kop\u0161anai bez nevajadz\u012bg\u0101m \u0137\u012bmisk\u0101m viel\u0101m. <\/p>\n<h2 class=\"\" data-start=\"2312\" data-end=\"2333\">Kam tas ir piem\u0113rots?<\/h2>\n<ul data-start=\"2335\" data-end=\"2627\">\n<li class=\"\" data-start=\"2335\" data-end=\"2415\">\n<p class=\"\" data-start=\"2337\" data-end=\"2415\">Cilv\u0113kiem, kuri v\u0113las veicin\u0101t matu aug\u0161anu un samazin\u0101t matu retin\u0101\u0161anu<\/p>\n<\/li>\n<li class=\"\" data-start=\"2416\" data-end=\"2472\">\n<p class=\"\" data-start=\"2418\" data-end=\"2472\">Tiem, kam ir jut\u012bga, sausa vai kairin\u0101ta galvas \u0101da<\/p>\n<\/li>\n<li class=\"\" data-start=\"2473\" data-end=\"2551\">\n<p class=\"\" data-start=\"2475\" data-end=\"2551\">Tiem, kas dod priek\u0161roku dab\u012bgiem un viegliem matu kop\u0161anas l\u012bdzek\u013ciem<\/p>\n<\/li>\n<li class=\"\" data-start=\"2552\" data-end=\"2627\">\n<p class=\"\" data-start=\"2554\" data-end=\"2627\">Ikdienas lieto\u0161anai visu veidu matiem \u2013 gan sieviet\u0113m, gan v\u012brie\u0161iem<\/p>\n<\/li>\n<\/ul>\n<h2 data-start=\"115\" data-end=\"144\">Sast\u0101vda\u013cas<\/h2>\n<p class=\"\" data-start=\"145\" data-end=\"501\">\u016adens (Aqua), rozmar\u012bna lapu \u016bdens (Rosmarinus Officinalis Leaf Water), alvejas lapu ekstrakts (Aloe Barbadensis Leaf Extract*), n\u0101trija benzo\u0101ts (n\u0101trija benzo\u0101ts), k\u0101lija sorb\u0101ts (k\u0101lija sorb\u0101ts), citronsk\u0101be (citronsk\u0101be), n\u0101trija sulf\u012bts (n\u0101trija sulf\u012bts), benzilspirts (benzilspirts).<br data-start=\"441\" data-end=\"444\">*biolo\u0123iska\/dab\u012bga sast\u0101vda\u013ca<\/p>\n<h2 class=\"\" data-start=\"189\" data-end=\"208\">Lietojums<\/h2>\n<p class=\"\" data-start=\"209\" data-end=\"460\">Izsmidziniet tie\u0161i uz t\u012bras galvas \u0101das vai matiem. Piem\u0113rots lieto\u0161anai gan mitriem, gan sausiem matiem. Viegli iemas\u0113jiet galvas \u0101d\u0101, lai veicin\u0101tu ies\u016bk\u0161anos. Nav nepiecie\u0161ams skalot.<br data-start=\"393\" data-end=\"396\"> Ieteicams lietot katru dienu vai regul\u0101ri atk\u0101rtoti.   <\/p>\n<h2 class=\"\" data-start=\"467\" data-end=\"487\">Uzglab\u0101\u0161ana<\/h2>\n<p class=\"\" data-start=\"488\" data-end=\"609\">Uzglab\u0101t sl\u0113gt\u0101 pudel\u0113, saus\u0101 un v\u0113s\u0101 viet\u0101, sarg\u0101jot no tie\u0161iem saules stariem.<br data-start=\"572\" data-end=\"575\"> Sarg\u0101t no b\u0113rniem.<\/p>\n<h2 class=\"\" data-start=\"616\" data-end=\"638\">Svar\u012bga inform\u0101cija<\/h2>\n<ul data-start=\"639\" data-end=\"854\">\n<li class=\"\" data-start=\"639\" data-end=\"677\">\n<p class=\"\" data-start=\"641\" data-end=\"677\">Tikai \u0101r\u012bgai lieto\u0161anai.<\/p>\n<\/li>\n<li class=\"\" data-start=\"678\" data-end=\"754\">\n<p class=\"\" data-start=\"680\" data-end=\"754\">Izvair\u012bties no saskares ar ac\u012bm. Ja nok\u013c\u016bst ac\u012bs, nekav\u0113joties skalot ar lielu daudzumu \u016bdens. <\/p>\n<\/li>\n<li class=\"\" data-start=\"755\" data-end=\"806\">\n<p class=\"\" data-start=\"757\" data-end=\"806\">Nelietot uz kairin\u0101tas vai boj\u0101tas \u0101das.<\/p>\n<\/li>\n<li class=\"\" data-start=\"807\" data-end=\"854\">\n<p class=\"\" data-start=\"809\" data-end=\"854\">P\u0101rtrauciet lieto\u0161anu, ja rodas \u0101das kairin\u0101jums.<\/p>\n<\/li>\n<\/ul>\n","protected":false},"excerpt":{"rendered":"<p class=\"\" data-start=\"281\" data-end=\"719\">Pure+ rozmar\u012bna matu \u016bdens ir paredz\u0113ts tiem, kas nov\u0113rt\u0113 maigu, bet efekt\u012bvu matu kop\u0161anu ar dab\u012bg\u0101m sast\u0101vda\u013c\u0101m. \u0160\u012b produkta pamat\u0101 ir rozmar\u012bna \u016bdens \u2013 augs ar gadsimtiem senu v\u0113sturi matu un galvas \u0101das atbalst\u012b\u0161an\u0101. Rozmar\u012bns pal\u012bdz stimul\u0113t asinsriti galvas \u0101d\u0101, kas savuk\u0101rt var veicin\u0101t matu aug\u0161anu un samazin\u0101t p\u0101rm\u0113r\u012bgu matu izkri\u0161anu. Rezult\u0101t\u0101 mati ir stipr\u0101ki, dz\u012bv\u012bg\u0101ki un vesel\u012bg\u0101ka izskata.   <\/p>\n<p class=\"\" data-start=\"721\" data-end=\"998\">Matu toniku papildina <strong data-start=\"749\" data-end=\"776\">maigs alvejas ekstrakts<\/strong> , kas dzi\u013ci mitrina, nomierina kairin\u0101jumu un pal\u012bdz uztur\u0113t galvas \u0101das dabisko l\u012bdzsvaru. Alveja ir paz\u012bstama ar savu atjaunojo\u0161o un nomierino\u0161o iedarb\u012bbu, un t\u0101 ir ide\u0101li piem\u0113rota ar\u012b jut\u012bgai vai sausai \u0101dai. <\/p>\n<p class=\"\" data-start=\"1000\" data-end=\"1350\">Produkts ir paredz\u0113ts ikdienas lieto\u0161anai un ir piem\u0113rots visiem matu tipiem. Matu toneris ir viegls, neatst\u0101j taukainu saj\u016btu un nav nepiecie\u0161ams skalot \u2013 vienk\u0101r\u0161i izsmidziniet to tie\u0161i uz galvas \u0101das un viegli iemas\u0113jiet. To var lietot gan sausiem, gan mitriem matiem, k\u0101 ar\u012b starpdien\u0101s, kad v\u0113laties pie\u0161\u0137irt matiem svaigumu un vitalit\u0101ti bez mazg\u0101\u0161anas.  <\/p>\n<p class=\"\" data-start=\"1352\" data-end=\"1588\">Ra\u017eots Somij\u0101, Clean+ rozmar\u012bna matu toneris ir <strong data-start=\"1405\" data-end=\"1419\">100% veg\u0101nisks<\/strong> , bez glut\u0113na un m\u0101ksl\u012bg\u0101m smar\u017eviel\u0101m. T\u0101 dabisk\u0101 formula ir velt\u012bjums t\u012brai kop\u0161anai \u2013 efekt\u012bva un m\u0113r\u0137tiec\u012bga, tom\u0113r maiga pret \u0101du un vidi. <\/p>\n<p class=\"\" data-start=\"1590\" data-end=\"1822\">Neatkar\u012bgi no t\u0101, vai j\u016bsu m\u0113r\u0137is ir stiprin\u0101t matus, l\u012bdzsvarot galvas \u0101du vai vienk\u0101r\u0161i iek\u013caut ikdienas rut\u012bn\u0101 dab\u012bgas kop\u0161anas l\u012bdzek\u013cus \u2013 <strong data-start=\"1718\" data-end=\"1751\">Pure+ rozmar\u012bna matu toneris<\/strong> pied\u0101v\u0101 vienk\u0101r\u0161u un efekt\u012bvu risin\u0101jumu, kas baro, atbalsta un atsvaidzina matus.<\/p>\n","protected":false},"featured_media":33828,"comment_status":"closed","ping_status":"closed","template":"","meta":{"_acf_changed":false},"product_brand":[],"product_cat":[3296,2533],"product_tag":[4244,4251,4247,4242,4252,4254,4241,4249,4246,4253,4216,4255,4240,4248,4245,4243,2559,4250],"class_list":{"0":"post-33824","1":"product","2":"type-product","3":"status-publish","4":"has-post-thumbnail","6":"product_cat-ada-mati-nagi","7":"product_cat-kosmetika","8":"product_tag-dabiga-matu-kopsana","9":"product_tag-dabigs-matu-toneris","10":"product_tag-galvas-adas-kopsana","11":"product_tag-galvas-adas-lidzsvarosana","12":"product_tag-kolagens-un-biotins-matiem","13":"product_tag-labakais-matu-toneris","14":"product_tag-matu-augsanas-stimulesana","15":"product_tag-matu-augsanu-veicinoss-lidzeklis","16":"product_tag-matu-izkrisanas-samazinasana","17":"product_tag-matu-saknu-pastiprinatajs","18":"product_tag-matu-stiprinasana","19":"product_tag-mitrinoss-matu-toneris","20":"product_tag-rozmarina-matu-losjons","21":"product_tag-rozmarina-matu-toniks","22":"product_tag-sebuma-regulesana-lv","23":"product_tag-specigaki-mati","24":"product_tag-tirs-skaistums","25":"product_tag-veganu-matu-kopsana","27":"first","28":"onbackorder","29":"taxable","30":"shipping-taxable","31":"purchasable","32":"product-type-simple"},"acf":[],"yoast_head":"<!-- This site is optimized with the Yoast SEO plugin v27.1.1 - https:\/\/yoast.com\/product\/yoast-seo-wordpress\/ -->\n<title>Rozmar\u012bna matu toniks 100 ml - Puhdas+<\/title>\n<meta name=\"description\" content=\"Atjaunojo\u0161ais rozmar\u012bna matu \u016bdens stiprina matu saknes, stimul\u0113 aug\u0161anu un l\u012bdzsvaro galvas \u0101du. Dab\u012bgs matu \u016bdens vesel\u012bg\u0101kiem un stipr\u0101kiem matiem!\" \/>\n<meta name=\"robots\" content=\"noindex, follow, max-snippet:-1, max-image-preview:large, max-video-preview:-1\" \/>\n<meta property=\"og:locale\" content=\"lv_LV\" \/>\n<meta property=\"og:type\" content=\"article\" \/>\n<meta property=\"og:title\" content=\"Rozmar\u012bna matu toniks 100 ml - Puhdas+\" \/>\n<meta property=\"og:description\" content=\"Atjaunojo\u0161ais rozmar\u012bna matu \u016bdens stiprina matu saknes, stimul\u0113 aug\u0161anu un l\u012bdzsvaro galvas \u0101du. Dab\u012bgs matu \u016bdens vesel\u012bg\u0101kiem un stipr\u0101kiem matiem!\" \/>\n<meta property=\"og:url\" content=\"https:\/\/test.puhdasplus.ee\/lv\/tooted\/kosmetika\/rozmarina-matu-toniks-100-ml\/\" \/>\n<meta property=\"og:site_name\" content=\"Puhdas+\" \/>\n<meta property=\"article:publisher\" content=\"https:\/\/www.facebook.com\/puhdasplus\" \/>\n<meta property=\"article:modified_time\" content=\"2026-02-27T11:11:27+00:00\" \/>\n<meta property=\"og:image\" content=\"https:\/\/test.puhdasplus.ee\/wp-content\/uploads\/2025\/03\/44.jpg\" \/>\n\t<meta property=\"og:image:width\" content=\"1862\" \/>\n\t<meta property=\"og:image:height\" content=\"2560\" \/>\n\t<meta property=\"og:image:type\" content=\"image\/jpeg\" \/>\n<meta name=\"twitter:card\" content=\"summary_large_image\" \/>\n<meta name=\"twitter:label1\" content=\"Est. reading time\" \/>\n\t<meta name=\"twitter:data1\" content=\"3 min\u016btes\" \/>\n<script type=\"application\/ld+json\" class=\"yoast-schema-graph\">{\"@context\":\"https:\/\/schema.org\",\"@graph\":[{\"@type\":\"WebPage\",\"@id\":\"https:\/\/test.puhdasplus.ee\/lv\/tooted\/kosmetika\/rozmarina-matu-toniks-100-ml\/\",\"url\":\"https:\/\/test.puhdasplus.ee\/lv\/tooted\/kosmetika\/rozmarina-matu-toniks-100-ml\/\",\"name\":\"Rozmar\u012bna matu toniks 100 ml - Puhdas+\",\"isPartOf\":{\"@id\":\"https:\/\/test.puhdasplus.ee\/lv\/#website\"},\"primaryImageOfPage\":{\"@id\":\"https:\/\/test.puhdasplus.ee\/lv\/tooted\/kosmetika\/rozmarina-matu-toniks-100-ml\/#primaryimage\"},\"image\":{\"@id\":\"https:\/\/test.puhdasplus.ee\/lv\/tooted\/kosmetika\/rozmarina-matu-toniks-100-ml\/#primaryimage\"},\"thumbnailUrl\":\"https:\/\/test.puhdasplus.ee\/wp-content\/uploads\/2025\/03\/44.jpg\",\"datePublished\":\"2023-09-02T13:40:42+00:00\",\"dateModified\":\"2026-02-27T11:11:27+00:00\",\"description\":\"Atjaunojo\u0161ais rozmar\u012bna matu \u016bdens stiprina matu saknes, stimul\u0113 aug\u0161anu un l\u012bdzsvaro galvas \u0101du. Dab\u012bgs matu \u016bdens vesel\u012bg\u0101kiem un stipr\u0101kiem matiem!\",\"breadcrumb\":{\"@id\":\"https:\/\/test.puhdasplus.ee\/lv\/tooted\/kosmetika\/rozmarina-matu-toniks-100-ml\/#breadcrumb\"},\"inLanguage\":\"lv-LV\",\"potentialAction\":[{\"@type\":\"ReadAction\",\"target\":[\"https:\/\/test.puhdasplus.ee\/lv\/tooted\/kosmetika\/rozmarina-matu-toniks-100-ml\/\"]}]},{\"@type\":\"ImageObject\",\"inLanguage\":\"lv-LV\",\"@id\":\"https:\/\/test.puhdasplus.ee\/lv\/tooted\/kosmetika\/rozmarina-matu-toniks-100-ml\/#primaryimage\",\"url\":\"https:\/\/test.puhdasplus.ee\/wp-content\/uploads\/2025\/03\/44.jpg\",\"contentUrl\":\"https:\/\/test.puhdasplus.ee\/wp-content\/uploads\/2025\/03\/44.jpg\",\"width\":1862,\"height\":2560,\"caption\":\"Rozmar\u012bna matu toniks\"},{\"@type\":\"BreadcrumbList\",\"@id\":\"https:\/\/test.puhdasplus.ee\/lv\/tooted\/kosmetika\/rozmarina-matu-toniks-100-ml\/#breadcrumb\",\"itemListElement\":[{\"@type\":\"ListItem\",\"position\":1,\"name\":\"S\u0101kums\",\"item\":\"https:\/\/test.puhdasplus.ee\/lv\/\"},{\"@type\":\"ListItem\",\"position\":2,\"name\":\"Produkti\",\"item\":\"https:\/\/test.puhdasplus.ee\/lv\/veikals\/\"},{\"@type\":\"ListItem\",\"position\":3,\"name\":\"Rozmar\u012bna matu toniks 100 ml\"}]},{\"@type\":\"WebSite\",\"@id\":\"https:\/\/test.puhdasplus.ee\/lv\/#website\",\"url\":\"https:\/\/test.puhdasplus.ee\/lv\/\",\"name\":\"Puhdas+\",\"description\":\"Vitamiinid, Toidulisandid, looduskosmeetika, tervis, sport\",\"publisher\":{\"@id\":\"https:\/\/test.puhdasplus.ee\/lv\/#organization\"},\"potentialAction\":[{\"@type\":\"SearchAction\",\"target\":{\"@type\":\"EntryPoint\",\"urlTemplate\":\"https:\/\/test.puhdasplus.ee\/lv\/?s={search_term_string}\"},\"query-input\":{\"@type\":\"PropertyValueSpecification\",\"valueRequired\":true,\"valueName\":\"search_term_string\"}}],\"inLanguage\":\"lv-LV\"},{\"@type\":\"Organization\",\"@id\":\"https:\/\/test.puhdasplus.ee\/lv\/#organization\",\"name\":\"Puhdas+\",\"alternateName\":\"Puhdasplus\",\"url\":\"https:\/\/test.puhdasplus.ee\/lv\/\",\"logo\":{\"@type\":\"ImageObject\",\"inLanguage\":\"lv-LV\",\"@id\":\"https:\/\/test.puhdasplus.ee\/lv\/#\/schema\/logo\/image\/\",\"url\":\"https:\/\/test.puhdasplus.ee\/\/wp-content\/uploads\/2019\/10\/puhdas_logo-arvele.png\",\"contentUrl\":\"https:\/\/test.puhdasplus.ee\/\/wp-content\/uploads\/2019\/10\/puhdas_logo-arvele.png\",\"width\":114,\"height\":94,\"caption\":\"Puhdas+\"},\"image\":{\"@id\":\"https:\/\/test.puhdasplus.ee\/lv\/#\/schema\/logo\/image\/\"},\"sameAs\":[\"https:\/\/www.facebook.com\/puhdasplus\",\"https:\/\/www.instagram.com\/puhdasplus_ee\/\"]}]}<\/script>\n<!-- \/ Yoast SEO plugin. -->","yoast_head_json":{"title":"Rozmar\u012bna matu toniks 100 ml - Puhdas+","description":"Atjaunojo\u0161ais rozmar\u012bna matu \u016bdens stiprina matu saknes, stimul\u0113 aug\u0161anu un l\u012bdzsvaro galvas \u0101du. Dab\u012bgs matu \u016bdens vesel\u012bg\u0101kiem un stipr\u0101kiem matiem!","robots":{"index":"noindex","follow":"follow","max-snippet":"max-snippet:-1","max-image-preview":"max-image-preview:large","max-video-preview":"max-video-preview:-1"},"og_locale":"lv_LV","og_type":"article","og_title":"Rozmar\u012bna matu toniks 100 ml - Puhdas+","og_description":"Atjaunojo\u0161ais rozmar\u012bna matu \u016bdens stiprina matu saknes, stimul\u0113 aug\u0161anu un l\u012bdzsvaro galvas \u0101du. Dab\u012bgs matu \u016bdens vesel\u012bg\u0101kiem un stipr\u0101kiem matiem!","og_url":"https:\/\/test.puhdasplus.ee\/lv\/tooted\/kosmetika\/rozmarina-matu-toniks-100-ml\/","og_site_name":"Puhdas+","article_publisher":"https:\/\/www.facebook.com\/puhdasplus","article_modified_time":"2026-02-27T11:11:27+00:00","og_image":[{"width":1862,"height":2560,"url":"https:\/\/test.puhdasplus.ee\/wp-content\/uploads\/2025\/03\/44.jpg","type":"image\/jpeg"}],"twitter_card":"summary_large_image","twitter_misc":{"Est. reading time":"3 min\u016btes"},"schema":{"@context":"https:\/\/schema.org","@graph":[{"@type":"WebPage","@id":"https:\/\/test.puhdasplus.ee\/lv\/tooted\/kosmetika\/rozmarina-matu-toniks-100-ml\/","url":"https:\/\/test.puhdasplus.ee\/lv\/tooted\/kosmetika\/rozmarina-matu-toniks-100-ml\/","name":"Rozmar\u012bna matu toniks 100 ml - Puhdas+","isPartOf":{"@id":"https:\/\/test.puhdasplus.ee\/lv\/#website"},"primaryImageOfPage":{"@id":"https:\/\/test.puhdasplus.ee\/lv\/tooted\/kosmetika\/rozmarina-matu-toniks-100-ml\/#primaryimage"},"image":{"@id":"https:\/\/test.puhdasplus.ee\/lv\/tooted\/kosmetika\/rozmarina-matu-toniks-100-ml\/#primaryimage"},"thumbnailUrl":"https:\/\/test.puhdasplus.ee\/wp-content\/uploads\/2025\/03\/44.jpg","datePublished":"2023-09-02T13:40:42+00:00","dateModified":"2026-02-27T11:11:27+00:00","description":"Atjaunojo\u0161ais rozmar\u012bna matu \u016bdens stiprina matu saknes, stimul\u0113 aug\u0161anu un l\u012bdzsvaro galvas \u0101du. Dab\u012bgs matu \u016bdens vesel\u012bg\u0101kiem un stipr\u0101kiem matiem!","breadcrumb":{"@id":"https:\/\/test.puhdasplus.ee\/lv\/tooted\/kosmetika\/rozmarina-matu-toniks-100-ml\/#breadcrumb"},"inLanguage":"lv-LV","potentialAction":[{"@type":"ReadAction","target":["https:\/\/test.puhdasplus.ee\/lv\/tooted\/kosmetika\/rozmarina-matu-toniks-100-ml\/"]}]},{"@type":"ImageObject","inLanguage":"lv-LV","@id":"https:\/\/test.puhdasplus.ee\/lv\/tooted\/kosmetika\/rozmarina-matu-toniks-100-ml\/#primaryimage","url":"https:\/\/test.puhdasplus.ee\/wp-content\/uploads\/2025\/03\/44.jpg","contentUrl":"https:\/\/test.puhdasplus.ee\/wp-content\/uploads\/2025\/03\/44.jpg","width":1862,"height":2560,"caption":"Rozmar\u012bna matu toniks"},{"@type":"BreadcrumbList","@id":"https:\/\/test.puhdasplus.ee\/lv\/tooted\/kosmetika\/rozmarina-matu-toniks-100-ml\/#breadcrumb","itemListElement":[{"@type":"ListItem","position":1,"name":"S\u0101kums","item":"https:\/\/test.puhdasplus.ee\/lv\/"},{"@type":"ListItem","position":2,"name":"Produkti","item":"https:\/\/test.puhdasplus.ee\/lv\/veikals\/"},{"@type":"ListItem","position":3,"name":"Rozmar\u012bna matu toniks 100 ml"}]},{"@type":"WebSite","@id":"https:\/\/test.puhdasplus.ee\/lv\/#website","url":"https:\/\/test.puhdasplus.ee\/lv\/","name":"Puhdas+","description":"Vitamiinid, Toidulisandid, looduskosmeetika, tervis, sport","publisher":{"@id":"https:\/\/test.puhdasplus.ee\/lv\/#organization"},"potentialAction":[{"@type":"SearchAction","target":{"@type":"EntryPoint","urlTemplate":"https:\/\/test.puhdasplus.ee\/lv\/?s={search_term_string}"},"query-input":{"@type":"PropertyValueSpecification","valueRequired":true,"valueName":"search_term_string"}}],"inLanguage":"lv-LV"},{"@type":"Organization","@id":"https:\/\/test.puhdasplus.ee\/lv\/#organization","name":"Puhdas+","alternateName":"Puhdasplus","url":"https:\/\/test.puhdasplus.ee\/lv\/","logo":{"@type":"ImageObject","inLanguage":"lv-LV","@id":"https:\/\/test.puhdasplus.ee\/lv\/#\/schema\/logo\/image\/","url":"https:\/\/test.puhdasplus.ee\/\/wp-content\/uploads\/2019\/10\/puhdas_logo-arvele.png","contentUrl":"https:\/\/test.puhdasplus.ee\/\/wp-content\/uploads\/2019\/10\/puhdas_logo-arvele.png","width":114,"height":94,"caption":"Puhdas+"},"image":{"@id":"https:\/\/test.puhdasplus.ee\/lv\/#\/schema\/logo\/image\/"},"sameAs":["https:\/\/www.facebook.com\/puhdasplus","https:\/\/www.instagram.com\/puhdasplus_ee\/"]}]}},"_links":{"self":[{"href":"https:\/\/test.puhdasplus.ee\/lv\/wp-json\/wp\/v2\/product\/33824","targetHints":{"allow":["GET"]}}],"collection":[{"href":"https:\/\/test.puhdasplus.ee\/lv\/wp-json\/wp\/v2\/product"}],"about":[{"href":"https:\/\/test.puhdasplus.ee\/lv\/wp-json\/wp\/v2\/types\/product"}],"replies":[{"embeddable":true,"href":"https:\/\/test.puhdasplus.ee\/lv\/wp-json\/wp\/v2\/comments?post=33824"}],"wp:featuredmedia":[{"embeddable":true,"href":"https:\/\/test.puhdasplus.ee\/lv\/wp-json\/wp\/v2\/media\/33828"}],"wp:attachment":[{"href":"https:\/\/test.puhdasplus.ee\/lv\/wp-json\/wp\/v2\/media?parent=33824"}],"wp:term":[{"taxonomy":"product_brand","embeddable":true,"href":"https:\/\/test.puhdasplus.ee\/lv\/wp-json\/wp\/v2\/product_brand?post=33824"},{"taxonomy":"product_cat","embeddable":true,"href":"https:\/\/test.puhdasplus.ee\/lv\/wp-json\/wp\/v2\/product_cat?post=33824"},{"taxonomy":"product_tag","embeddable":true,"href":"https:\/\/test.puhdasplus.ee\/lv\/wp-json\/wp\/v2\/product_tag?post=33824"}],"curies":[{"name":"wp","href":"https:\/\/api.w.org\/{rel}","templated":true}]}}