{"id":33814,"date":"2023-09-02T23:27:02","date_gmt":"2023-09-02T20:27:02","guid":{"rendered":"https:\/\/test.puhdasplus.ee\/\/tooted\/uncategorized\/skaistuma-kolagena-un-biotina-matu-kondicionieris-200-40-ml-20\/"},"modified":"2026-03-04T22:03:53","modified_gmt":"2026-03-04T20:03:53","slug":"skaistuma-kolagena-un-biotina-matu-kondicionieris-200-40-ml-20","status":"publish","type":"product","link":"https:\/\/test.puhdasplus.ee\/lv\/tooted\/kosmetika\/skaistuma-kolagena-un-biotina-matu-kondicionieris-200-40-ml-20\/","title":{"rendered":"Skaistuma kolag\u0113na un biot\u012bna matu kondicionieris 200 + 40 ml (+20%)"},"content":{"rendered":"<p>\u201cBeauty Collagen &amp; Biotin\" kondicionieris ir matus stiprino\u0161a un dzi\u013ci barojo\u0161a proced\u016bra, kas padara tos z\u012bdaini m\u012bkstus un elast\u012bgus. Kolag\u0113ns atjauno matu strukt\u016bru un pie\u0161\u0137ir tiem elast\u012bbu, savuk\u0101rt biot\u012bns veicina vesel\u012bgu aug\u0161anu un stiprina matu kutikulu. Kondicionieris mitrina un kondicion\u0113 matus, padarot tos viegli \u0137emm\u0113jamus un sp\u012bd\u012bgus. Piem\u0113rots ikdienas lieto\u0161anai un visiem matu tipiem. Akcijas iepakojum\u0101 ir 200 ml + 40 ml (kop\u0101 240 ml), kas nodro\u0161ina par 20% vair\u0101k produkta.    <\/p>\n<p><strong data-start=\"689\" data-end=\"705\">Sast\u0101vda\u013cas:<\/strong><br data-start=\"705\" data-end=\"708\"> \u016adens, cetearilspirts, behentrimonija hlor\u012bds, glicer\u012bns, hidroliz\u0113ts kolag\u0113ns, biot\u012bns, pantenols, alvejas (Aloe Barbadensis) lapu sula, PEG-7 glicerilkok\u0101ts, citronsk\u0101be, smar\u017evielas, fenoksietanols, etilheksilglicer\u012bns.<\/p>\n","protected":false},"excerpt":{"rendered":"<p><strong data-start=\"2384\" data-end=\"2456\">SKAISTUMA KOLAG\u0112NA UN BIOT\u012aNA MATU BALZAMS \u2013 SP\u012aD\u012aGI UN VESEL\u012aGI MATI!<\/strong><br data-start=\"2456\" data-end=\"2459\">Barojiet un stipriniet matus ar hidroliz\u0113tu kolag\u0113nu un biot\u012bnu. Mitrino\u0161\u0101 un izl\u012bdzino\u0161\u0101 formula atjauno matu vitalit\u0101ti, padarot tos z\u012bdaini m\u012bkstus un sp\u012bd\u012bgus. Piem\u0113rots ikdienas lieto\u0161anai visiem matu tipiem.  <\/p>\n","protected":false},"featured_media":357401,"comment_status":"closed","ping_status":"closed","template":"","meta":{"_acf_changed":false},"product_brand":[],"product_cat":[3296,2533],"product_tag":[4211,3299,4210,4197,4195,4220,3484,4219,4218,4212,4217,4224,2580,4216,4214,4213,4221,4215,4190,4192,2559,4223],"class_list":{"0":"post-33814","1":"product","2":"type-product","3":"status-publish","4":"has-post-thumbnail","6":"product_cat-ada-mati-nagi","7":"product_cat-kosmetika","8":"product_tag-balzams","9":"product_tag-biotins","10":"product_tag-biotins-matiem","11":"product_tag-ikdienas-apkope","12":"product_tag-kampanas-pakete","13":"product_tag-kolagena-biotins-matiem","14":"product_tag-kolagens","15":"product_tag-labakais-matu-kondicionieris","16":"product_tag-matu-augsanu-veicinoss-kondicionieris","17":"product_tag-matu-kondicionieris","18":"product_tag-matu-kondicionieris-ar-kolagenu","19":"product_tag-matu-kondicionieris-bez-parabeniem","20":"product_tag-matu-kopsana","21":"product_tag-matu-stiprinasana","22":"product_tag-miksti-mati","23":"product_tag-mitrinoss-balzams","24":"product_tag-mitrinoss-matu-kondicionieris","25":"product_tag-pantenols","26":"product_tag-specigi-mati","27":"product_tag-spidigi-mati","28":"product_tag-tirs-skaistums","29":"product_tag-veseligu-matu-uztura-bagatinatajs","31":"first","32":"onbackorder","33":"taxable","34":"shipping-taxable","35":"purchasable","36":"product-type-simple"},"acf":[],"yoast_head":"<!-- This site is optimized with the Yoast SEO plugin v27.1.1 - https:\/\/yoast.com\/product\/yoast-seo-wordpress\/ -->\n<title>Skaistuma kolag\u0113na un biot\u012bna matu kondicionieris 200 + 40 ml (+20%) - Puhdas+<\/title>\n<meta name=\"description\" content=\"&quot;Beauty Collagen &amp; Biotin&quot; kondicionieris mitrina un stiprina matus, padarot tos z\u012bdaini m\u012bkstus un elast\u012bgus. Satur kolag\u0113nu, biot\u012bnu un alveju.\" \/>\n<meta name=\"robots\" content=\"noindex, follow, max-snippet:-1, max-image-preview:large, max-video-preview:-1\" \/>\n<meta property=\"og:locale\" content=\"lv_LV\" \/>\n<meta property=\"og:type\" content=\"article\" \/>\n<meta property=\"og:title\" content=\"Skaistuma kolag\u0113na un biot\u012bna matu kondicionieris 200 + 40 ml (+20%) - Puhdas+\" \/>\n<meta property=\"og:description\" content=\"&quot;Beauty Collagen &amp; Biotin&quot; kondicionieris mitrina un stiprina matus, padarot tos z\u012bdaini m\u012bkstus un elast\u012bgus. Satur kolag\u0113nu, biot\u012bnu un alveju.\" \/>\n<meta property=\"og:url\" content=\"https:\/\/test.puhdasplus.ee\/lv\/tooted\/kosmetika\/skaistuma-kolagena-un-biotina-matu-kondicionieris-200-40-ml-20\/\" \/>\n<meta property=\"og:site_name\" content=\"Puhdas+\" \/>\n<meta property=\"article:publisher\" content=\"https:\/\/www.facebook.com\/puhdasplus\" \/>\n<meta property=\"article:modified_time\" content=\"2026-03-04T20:03:53+00:00\" \/>\n<meta property=\"og:image\" content=\"https:\/\/test.puhdasplus.ee\/wp-content\/uploads\/2023\/09\/Beauty-Kollageen-Biotiin-juuksepalsam-scaled.jpg\" \/>\n\t<meta property=\"og:image:width\" content=\"1862\" \/>\n\t<meta property=\"og:image:height\" content=\"2560\" \/>\n\t<meta property=\"og:image:type\" content=\"image\/jpeg\" \/>\n<meta name=\"twitter:card\" content=\"summary_large_image\" \/>\n<meta name=\"twitter:label1\" content=\"Est. reading time\" \/>\n\t<meta name=\"twitter:data1\" content=\"1 minute\" \/>\n<script type=\"application\/ld+json\" class=\"yoast-schema-graph\">{\"@context\":\"https:\/\/schema.org\",\"@graph\":[{\"@type\":\"WebPage\",\"@id\":\"https:\/\/test.puhdasplus.ee\/lv\/tooted\/kosmetika\/skaistuma-kolagena-un-biotina-matu-kondicionieris-200-40-ml-20\/\",\"url\":\"https:\/\/test.puhdasplus.ee\/lv\/tooted\/kosmetika\/skaistuma-kolagena-un-biotina-matu-kondicionieris-200-40-ml-20\/\",\"name\":\"Skaistuma kolag\u0113na un biot\u012bna matu kondicionieris 200 + 40 ml (+20%) - Puhdas+\",\"isPartOf\":{\"@id\":\"https:\/\/test.puhdasplus.ee\/lv\/#website\"},\"primaryImageOfPage\":{\"@id\":\"https:\/\/test.puhdasplus.ee\/lv\/tooted\/kosmetika\/skaistuma-kolagena-un-biotina-matu-kondicionieris-200-40-ml-20\/#primaryimage\"},\"image\":{\"@id\":\"https:\/\/test.puhdasplus.ee\/lv\/tooted\/kosmetika\/skaistuma-kolagena-un-biotina-matu-kondicionieris-200-40-ml-20\/#primaryimage\"},\"thumbnailUrl\":\"https:\/\/test.puhdasplus.ee\/wp-content\/uploads\/2023\/09\/Beauty-Kollageen-Biotiin-juuksepalsam-scaled.jpg\",\"datePublished\":\"2023-09-02T20:27:02+00:00\",\"dateModified\":\"2026-03-04T20:03:53+00:00\",\"description\":\"\\\"Beauty Collagen & Biotin\\\" kondicionieris mitrina un stiprina matus, padarot tos z\u012bdaini m\u012bkstus un elast\u012bgus. Satur kolag\u0113nu, biot\u012bnu un alveju.\",\"breadcrumb\":{\"@id\":\"https:\/\/test.puhdasplus.ee\/lv\/tooted\/kosmetika\/skaistuma-kolagena-un-biotina-matu-kondicionieris-200-40-ml-20\/#breadcrumb\"},\"inLanguage\":\"lv-LV\",\"potentialAction\":[{\"@type\":\"ReadAction\",\"target\":[\"https:\/\/test.puhdasplus.ee\/lv\/tooted\/kosmetika\/skaistuma-kolagena-un-biotina-matu-kondicionieris-200-40-ml-20\/\"]}]},{\"@type\":\"ImageObject\",\"inLanguage\":\"lv-LV\",\"@id\":\"https:\/\/test.puhdasplus.ee\/lv\/tooted\/kosmetika\/skaistuma-kolagena-un-biotina-matu-kondicionieris-200-40-ml-20\/#primaryimage\",\"url\":\"https:\/\/test.puhdasplus.ee\/wp-content\/uploads\/2023\/09\/Beauty-Kollageen-Biotiin-juuksepalsam-scaled.jpg\",\"contentUrl\":\"https:\/\/test.puhdasplus.ee\/wp-content\/uploads\/2023\/09\/Beauty-Kollageen-Biotiin-juuksepalsam-scaled.jpg\",\"width\":1862,\"height\":2560,\"caption\":\"Beauty kolag\u0113na &amp; biot\u012bna matu balzams\"},{\"@type\":\"BreadcrumbList\",\"@id\":\"https:\/\/test.puhdasplus.ee\/lv\/tooted\/kosmetika\/skaistuma-kolagena-un-biotina-matu-kondicionieris-200-40-ml-20\/#breadcrumb\",\"itemListElement\":[{\"@type\":\"ListItem\",\"position\":1,\"name\":\"S\u0101kums\",\"item\":\"https:\/\/test.puhdasplus.ee\/lv\/\"},{\"@type\":\"ListItem\",\"position\":2,\"name\":\"Produkti\",\"item\":\"https:\/\/test.puhdasplus.ee\/lv\/veikals\/\"},{\"@type\":\"ListItem\",\"position\":3,\"name\":\"Skaistuma kolag\u0113na un biot\u012bna matu kondicionieris 200 + 40 ml (+20%)\"}]},{\"@type\":\"WebSite\",\"@id\":\"https:\/\/test.puhdasplus.ee\/lv\/#website\",\"url\":\"https:\/\/test.puhdasplus.ee\/lv\/\",\"name\":\"Puhdas+\",\"description\":\"Vitamiinid, Toidulisandid, looduskosmeetika, tervis, sport\",\"publisher\":{\"@id\":\"https:\/\/test.puhdasplus.ee\/lv\/#organization\"},\"potentialAction\":[{\"@type\":\"SearchAction\",\"target\":{\"@type\":\"EntryPoint\",\"urlTemplate\":\"https:\/\/test.puhdasplus.ee\/lv\/?s={search_term_string}\"},\"query-input\":{\"@type\":\"PropertyValueSpecification\",\"valueRequired\":true,\"valueName\":\"search_term_string\"}}],\"inLanguage\":\"lv-LV\"},{\"@type\":\"Organization\",\"@id\":\"https:\/\/test.puhdasplus.ee\/lv\/#organization\",\"name\":\"Puhdas+\",\"alternateName\":\"Puhdasplus\",\"url\":\"https:\/\/test.puhdasplus.ee\/lv\/\",\"logo\":{\"@type\":\"ImageObject\",\"inLanguage\":\"lv-LV\",\"@id\":\"https:\/\/test.puhdasplus.ee\/lv\/#\/schema\/logo\/image\/\",\"url\":\"https:\/\/test.puhdasplus.ee\/\/wp-content\/uploads\/2019\/10\/puhdas_logo-arvele.png\",\"contentUrl\":\"https:\/\/test.puhdasplus.ee\/\/wp-content\/uploads\/2019\/10\/puhdas_logo-arvele.png\",\"width\":114,\"height\":94,\"caption\":\"Puhdas+\"},\"image\":{\"@id\":\"https:\/\/test.puhdasplus.ee\/lv\/#\/schema\/logo\/image\/\"},\"sameAs\":[\"https:\/\/www.facebook.com\/puhdasplus\",\"https:\/\/www.instagram.com\/puhdasplus_ee\/\"]}]}<\/script>\n<!-- \/ Yoast SEO plugin. -->","yoast_head_json":{"title":"Skaistuma kolag\u0113na un biot\u012bna matu kondicionieris 200 + 40 ml (+20%) - Puhdas+","description":"\"Beauty Collagen & Biotin\" kondicionieris mitrina un stiprina matus, padarot tos z\u012bdaini m\u012bkstus un elast\u012bgus. Satur kolag\u0113nu, biot\u012bnu un alveju.","robots":{"index":"noindex","follow":"follow","max-snippet":"max-snippet:-1","max-image-preview":"max-image-preview:large","max-video-preview":"max-video-preview:-1"},"og_locale":"lv_LV","og_type":"article","og_title":"Skaistuma kolag\u0113na un biot\u012bna matu kondicionieris 200 + 40 ml (+20%) - Puhdas+","og_description":"\"Beauty Collagen & Biotin\" kondicionieris mitrina un stiprina matus, padarot tos z\u012bdaini m\u012bkstus un elast\u012bgus. Satur kolag\u0113nu, biot\u012bnu un alveju.","og_url":"https:\/\/test.puhdasplus.ee\/lv\/tooted\/kosmetika\/skaistuma-kolagena-un-biotina-matu-kondicionieris-200-40-ml-20\/","og_site_name":"Puhdas+","article_publisher":"https:\/\/www.facebook.com\/puhdasplus","article_modified_time":"2026-03-04T20:03:53+00:00","og_image":[{"width":1862,"height":2560,"url":"https:\/\/test.puhdasplus.ee\/wp-content\/uploads\/2023\/09\/Beauty-Kollageen-Biotiin-juuksepalsam-scaled.jpg","type":"image\/jpeg"}],"twitter_card":"summary_large_image","twitter_misc":{"Est. reading time":"1 minute"},"schema":{"@context":"https:\/\/schema.org","@graph":[{"@type":"WebPage","@id":"https:\/\/test.puhdasplus.ee\/lv\/tooted\/kosmetika\/skaistuma-kolagena-un-biotina-matu-kondicionieris-200-40-ml-20\/","url":"https:\/\/test.puhdasplus.ee\/lv\/tooted\/kosmetika\/skaistuma-kolagena-un-biotina-matu-kondicionieris-200-40-ml-20\/","name":"Skaistuma kolag\u0113na un biot\u012bna matu kondicionieris 200 + 40 ml (+20%) - Puhdas+","isPartOf":{"@id":"https:\/\/test.puhdasplus.ee\/lv\/#website"},"primaryImageOfPage":{"@id":"https:\/\/test.puhdasplus.ee\/lv\/tooted\/kosmetika\/skaistuma-kolagena-un-biotina-matu-kondicionieris-200-40-ml-20\/#primaryimage"},"image":{"@id":"https:\/\/test.puhdasplus.ee\/lv\/tooted\/kosmetika\/skaistuma-kolagena-un-biotina-matu-kondicionieris-200-40-ml-20\/#primaryimage"},"thumbnailUrl":"https:\/\/test.puhdasplus.ee\/wp-content\/uploads\/2023\/09\/Beauty-Kollageen-Biotiin-juuksepalsam-scaled.jpg","datePublished":"2023-09-02T20:27:02+00:00","dateModified":"2026-03-04T20:03:53+00:00","description":"\"Beauty Collagen & Biotin\" kondicionieris mitrina un stiprina matus, padarot tos z\u012bdaini m\u012bkstus un elast\u012bgus. Satur kolag\u0113nu, biot\u012bnu un alveju.","breadcrumb":{"@id":"https:\/\/test.puhdasplus.ee\/lv\/tooted\/kosmetika\/skaistuma-kolagena-un-biotina-matu-kondicionieris-200-40-ml-20\/#breadcrumb"},"inLanguage":"lv-LV","potentialAction":[{"@type":"ReadAction","target":["https:\/\/test.puhdasplus.ee\/lv\/tooted\/kosmetika\/skaistuma-kolagena-un-biotina-matu-kondicionieris-200-40-ml-20\/"]}]},{"@type":"ImageObject","inLanguage":"lv-LV","@id":"https:\/\/test.puhdasplus.ee\/lv\/tooted\/kosmetika\/skaistuma-kolagena-un-biotina-matu-kondicionieris-200-40-ml-20\/#primaryimage","url":"https:\/\/test.puhdasplus.ee\/wp-content\/uploads\/2023\/09\/Beauty-Kollageen-Biotiin-juuksepalsam-scaled.jpg","contentUrl":"https:\/\/test.puhdasplus.ee\/wp-content\/uploads\/2023\/09\/Beauty-Kollageen-Biotiin-juuksepalsam-scaled.jpg","width":1862,"height":2560,"caption":"Beauty kolag\u0113na &amp; biot\u012bna matu balzams"},{"@type":"BreadcrumbList","@id":"https:\/\/test.puhdasplus.ee\/lv\/tooted\/kosmetika\/skaistuma-kolagena-un-biotina-matu-kondicionieris-200-40-ml-20\/#breadcrumb","itemListElement":[{"@type":"ListItem","position":1,"name":"S\u0101kums","item":"https:\/\/test.puhdasplus.ee\/lv\/"},{"@type":"ListItem","position":2,"name":"Produkti","item":"https:\/\/test.puhdasplus.ee\/lv\/veikals\/"},{"@type":"ListItem","position":3,"name":"Skaistuma kolag\u0113na un biot\u012bna matu kondicionieris 200 + 40 ml (+20%)"}]},{"@type":"WebSite","@id":"https:\/\/test.puhdasplus.ee\/lv\/#website","url":"https:\/\/test.puhdasplus.ee\/lv\/","name":"Puhdas+","description":"Vitamiinid, Toidulisandid, looduskosmeetika, tervis, sport","publisher":{"@id":"https:\/\/test.puhdasplus.ee\/lv\/#organization"},"potentialAction":[{"@type":"SearchAction","target":{"@type":"EntryPoint","urlTemplate":"https:\/\/test.puhdasplus.ee\/lv\/?s={search_term_string}"},"query-input":{"@type":"PropertyValueSpecification","valueRequired":true,"valueName":"search_term_string"}}],"inLanguage":"lv-LV"},{"@type":"Organization","@id":"https:\/\/test.puhdasplus.ee\/lv\/#organization","name":"Puhdas+","alternateName":"Puhdasplus","url":"https:\/\/test.puhdasplus.ee\/lv\/","logo":{"@type":"ImageObject","inLanguage":"lv-LV","@id":"https:\/\/test.puhdasplus.ee\/lv\/#\/schema\/logo\/image\/","url":"https:\/\/test.puhdasplus.ee\/\/wp-content\/uploads\/2019\/10\/puhdas_logo-arvele.png","contentUrl":"https:\/\/test.puhdasplus.ee\/\/wp-content\/uploads\/2019\/10\/puhdas_logo-arvele.png","width":114,"height":94,"caption":"Puhdas+"},"image":{"@id":"https:\/\/test.puhdasplus.ee\/lv\/#\/schema\/logo\/image\/"},"sameAs":["https:\/\/www.facebook.com\/puhdasplus","https:\/\/www.instagram.com\/puhdasplus_ee\/"]}]}},"_links":{"self":[{"href":"https:\/\/test.puhdasplus.ee\/lv\/wp-json\/wp\/v2\/product\/33814","targetHints":{"allow":["GET"]}}],"collection":[{"href":"https:\/\/test.puhdasplus.ee\/lv\/wp-json\/wp\/v2\/product"}],"about":[{"href":"https:\/\/test.puhdasplus.ee\/lv\/wp-json\/wp\/v2\/types\/product"}],"replies":[{"embeddable":true,"href":"https:\/\/test.puhdasplus.ee\/lv\/wp-json\/wp\/v2\/comments?post=33814"}],"wp:featuredmedia":[{"embeddable":true,"href":"https:\/\/test.puhdasplus.ee\/lv\/wp-json\/wp\/v2\/media\/357401"}],"wp:attachment":[{"href":"https:\/\/test.puhdasplus.ee\/lv\/wp-json\/wp\/v2\/media?parent=33814"}],"wp:term":[{"taxonomy":"product_brand","embeddable":true,"href":"https:\/\/test.puhdasplus.ee\/lv\/wp-json\/wp\/v2\/product_brand?post=33814"},{"taxonomy":"product_cat","embeddable":true,"href":"https:\/\/test.puhdasplus.ee\/lv\/wp-json\/wp\/v2\/product_cat?post=33814"},{"taxonomy":"product_tag","embeddable":true,"href":"https:\/\/test.puhdasplus.ee\/lv\/wp-json\/wp\/v2\/product_tag?post=33814"}],"curies":[{"name":"wp","href":"https:\/\/api.w.org\/{rel}","templated":true}]}}