{"id":33802,"date":"2023-08-20T15:30:07","date_gmt":"2023-08-20T12:30:07","guid":{"rendered":"https:\/\/test.puhdasplus.ee\/\/tooted\/uncategorized\/nattokinase-2000-fu-120-kapsulas\/"},"modified":"2026-02-27T13:11:23","modified_gmt":"2026-02-27T11:11:23","slug":"nattokinase-2000-fu-120-kapsulas","status":"publish","type":"product","link":"https:\/\/test.puhdasplus.ee\/lv\/tooted\/ipasie-piedavajumi\/nattokinase-2000-fu-120-kapsulas\/","title":{"rendered":"Nattokin\u0101ze 2000 FU"},"content":{"rendered":"<h3 data-start=\"140\" data-end=\"487\"><b>Kas ir Pure+ Nattokinase 2000 FU?<\/b><\/h3>\n<p class=\"p1\">Pure+ Nattokinase 2000 FU ir dab\u012bgs uztura bag\u0101tin\u0101t\u0101js, kas satur <b>enz\u012bmu nattokin\u0101zi<\/b> \u2014 vielu, kas ieg\u016bta tradicion\u0101l\u0101 jap\u0101\u0146u sojas pupi\u0146u (natto) ferment\u0101cijas proces\u0101. Tas ir t\u012brs uztura bag\u0101tin\u0101t\u0101js, kas piem\u0113rots ikdienas lieto\u0161anai. <\/p>\n<h3 data-start=\"140\" data-end=\"487\"><b>K\u0101p\u0113c lietot nattokin\u0101zi k\u0101 uztura bag\u0101tin\u0101t\u0101ju?<\/b><\/h3>\n<p class=\"p1\">N\u0101ttokin\u0101ze ir enz\u012bms, kas pal\u012bdz no\u0101rd\u012bt olbaltumvielas un atbalsta organisma dabisk\u0101s sist\u0113mas. Pateicoties akt\u012bvajai bioaktivit\u0101tei, t\u0101 ir popul\u0101ra izv\u0113le cilv\u0113kiem, kuri v\u0113las dabiski atbalst\u012bt <b>sirds un asinsvadu l\u012bdzsvaru<\/b> . <\/p>\n<p data-start=\"709\" data-end=\"1057\"><br data-start=\"734\" data-end=\"737\">\u2714 Atbalsta norm\u0101lu <b>asinsriti un asinsvadu elast\u012bbu<\/b><\/p>\n<p data-start=\"709\" data-end=\"1057\">\u2714 Piem\u0113rots tiem, kas v\u0113las dabisku <b>atbalstu akt\u012bvam dz\u012bvesveidam<\/b><\/p>\n<p data-start=\"709\" data-end=\"1057\">\u2714 Laba izv\u0113le pieaugu\u0161ajiem, kuri nepat\u0113r\u0113 pietiekami daudz ferment\u0113tu p\u0101rtikas produktu<\/p>\n<h3 data-start=\"78\" data-end=\"104\"><strong data-start=\"82\" data-end=\"102\">Lieto\u0161anas instrukcija:<\/strong><\/h3>\n<p data-start=\"105\" data-end=\"292\">2 kapsulas dien\u0101. Nep\u0101rsniedziet ieteicamo dienas devu. Uztura bag\u0101tin\u0101t\u0101js neaizst\u0101j daudzveid\u012bgu un sabalans\u0113tu uzturu vai vesel\u012bgu dz\u012bvesveidu. Sarg\u0101t no b\u0113rniem.<\/p>\n<h3 data-start=\"78\" data-end=\"104\"><strong>Sast\u0101vda\u013cas:<\/strong><\/h3>\n<p data-start=\"1413\" data-end=\"1518\">Pildviela (r\u012bsu ciete), nattokin\u0101ze (ferment\u0113tu sojas pupi\u0146u ekstrakts), kapsula (stabilizators: hidroksipropilmetilceluloze). Nesatur pienu, laktozi, raugu, glut\u0113nu, cukuru, s\u0101li vai saldin\u0101t\u0101jus. <\/p>\n<h3 data-start=\"552\" data-end=\"579\"><strong data-start=\"556\" data-end=\"577\">Uzturvielu saturs:<\/strong><\/h3>\n<p data-start=\"580\" data-end=\"611\">2 kapsulas: <b>nattokin\u0101ze 2000 FU<\/b><\/p>\n","protected":false},"excerpt":{"rendered":"<p class=\"p1\"><span class=\"s1\"><b>Nattokinase 2000 FU ir dab\u012bgs, uz enz\u012bmiem balst\u012bts uztura bag\u0101tin\u0101t\u0101js tiem, kas v\u0113las ikdien\u0101 atbalst\u012bt sava \u0137erme\u0146a dabisko l\u012bdzsvaru un vitalit\u0101ti.<\/b><\/span> Tas ir t\u012bra sast\u0101va un efekt\u012bvas formulas produkts, kura pamat\u0101 ir tradicion\u0101lais jap\u0101\u0146u natto ferment\u0101cijas process. Produkts ir piem\u0113rots zino\u0161am cilv\u0113kam, kur\u0161 nov\u0113rt\u0113 dabiskus risin\u0101jumus, kvalit\u0101ti un akt\u012bvu dz\u012bvesveidu.<\/p>\n","protected":false},"featured_media":33805,"comment_status":"closed","ping_status":"closed","template":"","meta":{"_acf_changed":false},"product_brand":[],"product_cat":[3067,3441],"product_tag":[4178,4182,4183,4181,4179,3866,4186,4184,4180,4185,4177],"class_list":{"0":"post-33802","1":"product","2":"type-product","3":"status-publish","4":"has-post-thumbnail","6":"product_cat-ipasie-piedavajumi","7":"product_cat-sirds-veseliba","8":"product_tag-asinsrite-lv","9":"product_tag-asinsvadu-elastiba-un-labsajuta","10":"product_tag-dabiska-alternativa-asins-skidrinatajiem","11":"product_tag-dabisks-atbalsts-sirds-veselibai","12":"product_tag-diabets","13":"product_tag-enzims","14":"product_tag-enzims-sirds-un-asinsvadu-atbalstam","15":"product_tag-labaka-asinsrite-un-sirds-veseliba","16":"product_tag-nattokinaze-asinsrites-atbalstam","17":"product_tag-tradicionala-japanu-nattokinaze","18":"product_tag-uz-sirdi","20":"first","21":"instock","22":"sale","23":"taxable","24":"shipping-taxable","25":"purchasable","26":"product-type-variable","27":"has-default-attributes"},"acf":[],"yoast_head":"<!-- This site is optimized with the Yoast SEO plugin v27.1.1 - https:\/\/yoast.com\/product\/yoast-seo-wordpress\/ -->\n<title>Nattokin\u0101ze 2000 FU - Puhdas+<\/title>\n<meta name=\"description\" content=\"Nattokin\u0101ze 2000 FU \u2013 dab\u012bgs enz\u012bms, kas atbalsta sirds un asinsvadu vesel\u012bbu. Pal\u012bdz uztur\u0113t norm\u0101lu asinsriti. T\u012bra un efekt\u012bva formula! Izm\u0113\u0123iniet t\u016bl\u012bt!\" \/>\n<meta name=\"robots\" content=\"noindex, follow, max-snippet:-1, max-image-preview:large, max-video-preview:-1\" \/>\n<meta property=\"og:locale\" content=\"lv_LV\" \/>\n<meta property=\"og:type\" content=\"article\" \/>\n<meta property=\"og:title\" content=\"Nattokin\u0101ze 2000 FU - Puhdas+\" \/>\n<meta property=\"og:description\" content=\"Nattokin\u0101ze 2000 FU \u2013 dab\u012bgs enz\u012bms, kas atbalsta sirds un asinsvadu vesel\u012bbu. Pal\u012bdz uztur\u0113t norm\u0101lu asinsriti. T\u012bra un efekt\u012bva formula! Izm\u0113\u0123iniet t\u016bl\u012bt!\" \/>\n<meta property=\"og:url\" content=\"https:\/\/test.puhdasplus.ee\/lv\/tooted\/ipasie-piedavajumi\/nattokinase-2000-fu-120-kapsulas\/\" \/>\n<meta property=\"og:site_name\" content=\"Puhdas+\" \/>\n<meta property=\"article:publisher\" content=\"https:\/\/www.facebook.com\/puhdasplus\" \/>\n<meta property=\"article:modified_time\" content=\"2026-02-27T11:11:23+00:00\" \/>\n<meta property=\"og:image\" content=\"https:\/\/test.puhdasplus.ee\/wp-content\/uploads\/2025\/03\/75.jpg\" \/>\n\t<meta property=\"og:image:width\" content=\"1862\" \/>\n\t<meta property=\"og:image:height\" content=\"2560\" \/>\n\t<meta property=\"og:image:type\" content=\"image\/jpeg\" \/>\n<meta name=\"twitter:card\" content=\"summary_large_image\" \/>\n<meta name=\"twitter:label1\" content=\"Est. reading time\" \/>\n\t<meta name=\"twitter:data1\" content=\"1 minute\" \/>\n<script type=\"application\/ld+json\" class=\"yoast-schema-graph\">{\"@context\":\"https:\/\/schema.org\",\"@graph\":[{\"@type\":\"WebPage\",\"@id\":\"https:\/\/test.puhdasplus.ee\/lv\/tooted\/ipasie-piedavajumi\/nattokinase-2000-fu-120-kapsulas\/\",\"url\":\"https:\/\/test.puhdasplus.ee\/lv\/tooted\/ipasie-piedavajumi\/nattokinase-2000-fu-120-kapsulas\/\",\"name\":\"Nattokin\u0101ze 2000 FU - Puhdas+\",\"isPartOf\":{\"@id\":\"https:\/\/test.puhdasplus.ee\/lv\/#website\"},\"primaryImageOfPage\":{\"@id\":\"https:\/\/test.puhdasplus.ee\/lv\/tooted\/ipasie-piedavajumi\/nattokinase-2000-fu-120-kapsulas\/#primaryimage\"},\"image\":{\"@id\":\"https:\/\/test.puhdasplus.ee\/lv\/tooted\/ipasie-piedavajumi\/nattokinase-2000-fu-120-kapsulas\/#primaryimage\"},\"thumbnailUrl\":\"https:\/\/test.puhdasplus.ee\/wp-content\/uploads\/2025\/03\/75.jpg\",\"datePublished\":\"2023-08-20T12:30:07+00:00\",\"dateModified\":\"2026-02-27T11:11:23+00:00\",\"description\":\"Nattokin\u0101ze 2000 FU \u2013 dab\u012bgs enz\u012bms, kas atbalsta sirds un asinsvadu vesel\u012bbu. Pal\u012bdz uztur\u0113t norm\u0101lu asinsriti. T\u012bra un efekt\u012bva formula! Izm\u0113\u0123iniet t\u016bl\u012bt!\",\"breadcrumb\":{\"@id\":\"https:\/\/test.puhdasplus.ee\/lv\/tooted\/ipasie-piedavajumi\/nattokinase-2000-fu-120-kapsulas\/#breadcrumb\"},\"inLanguage\":\"lv-LV\",\"potentialAction\":[{\"@type\":\"ReadAction\",\"target\":[\"https:\/\/test.puhdasplus.ee\/lv\/tooted\/ipasie-piedavajumi\/nattokinase-2000-fu-120-kapsulas\/\"]}]},{\"@type\":\"ImageObject\",\"inLanguage\":\"lv-LV\",\"@id\":\"https:\/\/test.puhdasplus.ee\/lv\/tooted\/ipasie-piedavajumi\/nattokinase-2000-fu-120-kapsulas\/#primaryimage\",\"url\":\"https:\/\/test.puhdasplus.ee\/wp-content\/uploads\/2025\/03\/75.jpg\",\"contentUrl\":\"https:\/\/test.puhdasplus.ee\/wp-content\/uploads\/2025\/03\/75.jpg\",\"width\":1862,\"height\":2560,\"caption\":\"Nattokin\u0101ze\"},{\"@type\":\"BreadcrumbList\",\"@id\":\"https:\/\/test.puhdasplus.ee\/lv\/tooted\/ipasie-piedavajumi\/nattokinase-2000-fu-120-kapsulas\/#breadcrumb\",\"itemListElement\":[{\"@type\":\"ListItem\",\"position\":1,\"name\":\"S\u0101kums\",\"item\":\"https:\/\/test.puhdasplus.ee\/lv\/\"},{\"@type\":\"ListItem\",\"position\":2,\"name\":\"Produkti\",\"item\":\"https:\/\/test.puhdasplus.ee\/lv\/veikals\/\"},{\"@type\":\"ListItem\",\"position\":3,\"name\":\"Nattokin\u0101ze 2000 FU\"}]},{\"@type\":\"WebSite\",\"@id\":\"https:\/\/test.puhdasplus.ee\/lv\/#website\",\"url\":\"https:\/\/test.puhdasplus.ee\/lv\/\",\"name\":\"Puhdas+\",\"description\":\"Vitamiinid, Toidulisandid, looduskosmeetika, tervis, sport\",\"publisher\":{\"@id\":\"https:\/\/test.puhdasplus.ee\/lv\/#organization\"},\"potentialAction\":[{\"@type\":\"SearchAction\",\"target\":{\"@type\":\"EntryPoint\",\"urlTemplate\":\"https:\/\/test.puhdasplus.ee\/lv\/?s={search_term_string}\"},\"query-input\":{\"@type\":\"PropertyValueSpecification\",\"valueRequired\":true,\"valueName\":\"search_term_string\"}}],\"inLanguage\":\"lv-LV\"},{\"@type\":\"Organization\",\"@id\":\"https:\/\/test.puhdasplus.ee\/lv\/#organization\",\"name\":\"Puhdas+\",\"alternateName\":\"Puhdasplus\",\"url\":\"https:\/\/test.puhdasplus.ee\/lv\/\",\"logo\":{\"@type\":\"ImageObject\",\"inLanguage\":\"lv-LV\",\"@id\":\"https:\/\/test.puhdasplus.ee\/lv\/#\/schema\/logo\/image\/\",\"url\":\"https:\/\/test.puhdasplus.ee\/\/wp-content\/uploads\/2019\/10\/puhdas_logo-arvele.png\",\"contentUrl\":\"https:\/\/test.puhdasplus.ee\/\/wp-content\/uploads\/2019\/10\/puhdas_logo-arvele.png\",\"width\":114,\"height\":94,\"caption\":\"Puhdas+\"},\"image\":{\"@id\":\"https:\/\/test.puhdasplus.ee\/lv\/#\/schema\/logo\/image\/\"},\"sameAs\":[\"https:\/\/www.facebook.com\/puhdasplus\",\"https:\/\/www.instagram.com\/puhdasplus_ee\/\"]}]}<\/script>\n<!-- \/ Yoast SEO plugin. -->","yoast_head_json":{"title":"Nattokin\u0101ze 2000 FU - Puhdas+","description":"Nattokin\u0101ze 2000 FU \u2013 dab\u012bgs enz\u012bms, kas atbalsta sirds un asinsvadu vesel\u012bbu. Pal\u012bdz uztur\u0113t norm\u0101lu asinsriti. T\u012bra un efekt\u012bva formula! Izm\u0113\u0123iniet t\u016bl\u012bt!","robots":{"index":"noindex","follow":"follow","max-snippet":"max-snippet:-1","max-image-preview":"max-image-preview:large","max-video-preview":"max-video-preview:-1"},"og_locale":"lv_LV","og_type":"article","og_title":"Nattokin\u0101ze 2000 FU - Puhdas+","og_description":"Nattokin\u0101ze 2000 FU \u2013 dab\u012bgs enz\u012bms, kas atbalsta sirds un asinsvadu vesel\u012bbu. Pal\u012bdz uztur\u0113t norm\u0101lu asinsriti. T\u012bra un efekt\u012bva formula! Izm\u0113\u0123iniet t\u016bl\u012bt!","og_url":"https:\/\/test.puhdasplus.ee\/lv\/tooted\/ipasie-piedavajumi\/nattokinase-2000-fu-120-kapsulas\/","og_site_name":"Puhdas+","article_publisher":"https:\/\/www.facebook.com\/puhdasplus","article_modified_time":"2026-02-27T11:11:23+00:00","og_image":[{"width":1862,"height":2560,"url":"https:\/\/test.puhdasplus.ee\/wp-content\/uploads\/2025\/03\/75.jpg","type":"image\/jpeg"}],"twitter_card":"summary_large_image","twitter_misc":{"Est. reading time":"1 minute"},"schema":{"@context":"https:\/\/schema.org","@graph":[{"@type":"WebPage","@id":"https:\/\/test.puhdasplus.ee\/lv\/tooted\/ipasie-piedavajumi\/nattokinase-2000-fu-120-kapsulas\/","url":"https:\/\/test.puhdasplus.ee\/lv\/tooted\/ipasie-piedavajumi\/nattokinase-2000-fu-120-kapsulas\/","name":"Nattokin\u0101ze 2000 FU - Puhdas+","isPartOf":{"@id":"https:\/\/test.puhdasplus.ee\/lv\/#website"},"primaryImageOfPage":{"@id":"https:\/\/test.puhdasplus.ee\/lv\/tooted\/ipasie-piedavajumi\/nattokinase-2000-fu-120-kapsulas\/#primaryimage"},"image":{"@id":"https:\/\/test.puhdasplus.ee\/lv\/tooted\/ipasie-piedavajumi\/nattokinase-2000-fu-120-kapsulas\/#primaryimage"},"thumbnailUrl":"https:\/\/test.puhdasplus.ee\/wp-content\/uploads\/2025\/03\/75.jpg","datePublished":"2023-08-20T12:30:07+00:00","dateModified":"2026-02-27T11:11:23+00:00","description":"Nattokin\u0101ze 2000 FU \u2013 dab\u012bgs enz\u012bms, kas atbalsta sirds un asinsvadu vesel\u012bbu. Pal\u012bdz uztur\u0113t norm\u0101lu asinsriti. T\u012bra un efekt\u012bva formula! Izm\u0113\u0123iniet t\u016bl\u012bt!","breadcrumb":{"@id":"https:\/\/test.puhdasplus.ee\/lv\/tooted\/ipasie-piedavajumi\/nattokinase-2000-fu-120-kapsulas\/#breadcrumb"},"inLanguage":"lv-LV","potentialAction":[{"@type":"ReadAction","target":["https:\/\/test.puhdasplus.ee\/lv\/tooted\/ipasie-piedavajumi\/nattokinase-2000-fu-120-kapsulas\/"]}]},{"@type":"ImageObject","inLanguage":"lv-LV","@id":"https:\/\/test.puhdasplus.ee\/lv\/tooted\/ipasie-piedavajumi\/nattokinase-2000-fu-120-kapsulas\/#primaryimage","url":"https:\/\/test.puhdasplus.ee\/wp-content\/uploads\/2025\/03\/75.jpg","contentUrl":"https:\/\/test.puhdasplus.ee\/wp-content\/uploads\/2025\/03\/75.jpg","width":1862,"height":2560,"caption":"Nattokin\u0101ze"},{"@type":"BreadcrumbList","@id":"https:\/\/test.puhdasplus.ee\/lv\/tooted\/ipasie-piedavajumi\/nattokinase-2000-fu-120-kapsulas\/#breadcrumb","itemListElement":[{"@type":"ListItem","position":1,"name":"S\u0101kums","item":"https:\/\/test.puhdasplus.ee\/lv\/"},{"@type":"ListItem","position":2,"name":"Produkti","item":"https:\/\/test.puhdasplus.ee\/lv\/veikals\/"},{"@type":"ListItem","position":3,"name":"Nattokin\u0101ze 2000 FU"}]},{"@type":"WebSite","@id":"https:\/\/test.puhdasplus.ee\/lv\/#website","url":"https:\/\/test.puhdasplus.ee\/lv\/","name":"Puhdas+","description":"Vitamiinid, Toidulisandid, looduskosmeetika, tervis, sport","publisher":{"@id":"https:\/\/test.puhdasplus.ee\/lv\/#organization"},"potentialAction":[{"@type":"SearchAction","target":{"@type":"EntryPoint","urlTemplate":"https:\/\/test.puhdasplus.ee\/lv\/?s={search_term_string}"},"query-input":{"@type":"PropertyValueSpecification","valueRequired":true,"valueName":"search_term_string"}}],"inLanguage":"lv-LV"},{"@type":"Organization","@id":"https:\/\/test.puhdasplus.ee\/lv\/#organization","name":"Puhdas+","alternateName":"Puhdasplus","url":"https:\/\/test.puhdasplus.ee\/lv\/","logo":{"@type":"ImageObject","inLanguage":"lv-LV","@id":"https:\/\/test.puhdasplus.ee\/lv\/#\/schema\/logo\/image\/","url":"https:\/\/test.puhdasplus.ee\/\/wp-content\/uploads\/2019\/10\/puhdas_logo-arvele.png","contentUrl":"https:\/\/test.puhdasplus.ee\/\/wp-content\/uploads\/2019\/10\/puhdas_logo-arvele.png","width":114,"height":94,"caption":"Puhdas+"},"image":{"@id":"https:\/\/test.puhdasplus.ee\/lv\/#\/schema\/logo\/image\/"},"sameAs":["https:\/\/www.facebook.com\/puhdasplus","https:\/\/www.instagram.com\/puhdasplus_ee\/"]}]}},"_links":{"self":[{"href":"https:\/\/test.puhdasplus.ee\/lv\/wp-json\/wp\/v2\/product\/33802","targetHints":{"allow":["GET"]}}],"collection":[{"href":"https:\/\/test.puhdasplus.ee\/lv\/wp-json\/wp\/v2\/product"}],"about":[{"href":"https:\/\/test.puhdasplus.ee\/lv\/wp-json\/wp\/v2\/types\/product"}],"replies":[{"embeddable":true,"href":"https:\/\/test.puhdasplus.ee\/lv\/wp-json\/wp\/v2\/comments?post=33802"}],"wp:featuredmedia":[{"embeddable":true,"href":"https:\/\/test.puhdasplus.ee\/lv\/wp-json\/wp\/v2\/media\/33805"}],"wp:attachment":[{"href":"https:\/\/test.puhdasplus.ee\/lv\/wp-json\/wp\/v2\/media?parent=33802"}],"wp:term":[{"taxonomy":"product_brand","embeddable":true,"href":"https:\/\/test.puhdasplus.ee\/lv\/wp-json\/wp\/v2\/product_brand?post=33802"},{"taxonomy":"product_cat","embeddable":true,"href":"https:\/\/test.puhdasplus.ee\/lv\/wp-json\/wp\/v2\/product_cat?post=33802"},{"taxonomy":"product_tag","embeddable":true,"href":"https:\/\/test.puhdasplus.ee\/lv\/wp-json\/wp\/v2\/product_tag?post=33802"}],"curies":[{"name":"wp","href":"https:\/\/api.w.org\/{rel}","templated":true}]}}