{"id":33752,"date":"2023-06-16T23:06:33","date_gmt":"2023-06-16T20:06:33","guid":{"rendered":"https:\/\/test.puhdasplus.ee\/\/tooted\/uncategorized\/alvejas-aerosols-200-ml\/"},"modified":"2026-02-27T13:13:00","modified_gmt":"2026-02-27T11:13:00","slug":"alvejas-aerosols-200-ml","status":"publish","type":"product","link":"https:\/\/test.puhdasplus.ee\/lv\/tooted\/kosmetika\/alvejas-aerosols-200-ml\/","title":{"rendered":"Alvejas aerosols 200 ml"},"content":{"rendered":"<div class=\"plain-html content\">\n<h3>Dabiski mitrino\u0161a un nomierino\u0161a \u0101das kop\u0161ana<\/h3>\n<p>Alvejas aerosols ir dab\u012bgs un daudzfunkcion\u0101ls produkts, kas mitrina, nomierina un atsvaidzina \u0101du un matus. T\u0101 viegli uzs\u016bco\u0161\u0101 formula satur organisku alvejas sulu, kas pal\u012bdz mazin\u0101t \u0101das sausumu un kairin\u0101jumu, savuk\u0101rt glicer\u012bns un hialuronsk\u0101be uztur \u0101du dzi\u013ci mitrin\u0101tu. Ide\u0101li piem\u0113rots ikdienas lieto\u0161anai visiem \u0101das tipiem, ieskaitot jut\u012bgu \u0101du.  <\/p>\n<p>Aloe Vera aerosols ir dab\u012bgs un mitrino\u0161s aerosols, kas nomierina, atsvaidzina un aizsarg\u0101 \u0101du. Aloe vera ir paz\u012bstama ar sav\u0101m dzi\u013ci mitrino\u0161aj\u0101m un pretiekaisuma \u012bpa\u0161\u012bb\u0101m, pal\u012bdzot mazin\u0101t sausumu, kairin\u0101jumu un saules apdegumus. Viegl\u0101 un \u0101tri ies\u016bco\u0161\u0101 formula padara to ide\u0101li piem\u0113rotu ikdienas lieto\u0161anai uz sejas, \u0137erme\u0146a un matiem. Piem\u0113rots visiem \u0101das tipiem, \u012bpa\u0161i sausai un jut\u012bgai \u0101dai.   <\/p>\n<h3 data-start=\"560\" data-end=\"602\"><strong data-start=\"567\" data-end=\"600\">Sast\u0101vda\u013cas un to priek\u0161roc\u012bbas:<\/strong><\/h3>\n<ul data-start=\"603\" data-end=\"1115\">\n<li data-start=\"603\" data-end=\"721\"><strong data-start=\"605\" data-end=\"649\">Aloe Vera (Aloe Barbadensis lapu sula):<\/strong> Mitrina, nomierina un atjauno \u0101du, mazinot aps\u0101rtumu un kairin\u0101jumu.<\/li>\n<li data-start=\"722\" data-end=\"821\"><strong data-start=\"724\" data-end=\"739\">Glicer\u012bns:<\/strong> uztur \u0101du un matus mitrin\u0101tus, saglab\u0101jot to dabisko mitruma l\u012bdzsvaru.<\/li>\n<li data-start=\"822\" data-end=\"922\"><strong data-start=\"824\" data-end=\"856\">Pantenols (provitam\u012bns B5):<\/strong> nomierina \u0101du, pa\u0101trina atjauno\u0161anos un pie\u0161\u0137ir matiem maigumu.<\/li>\n<li data-start=\"923\" data-end=\"1003\"><strong data-start=\"925\" data-end=\"940\">Alanto\u012bns:<\/strong> m\u012bkstina \u0101du, mazina kairin\u0101jumu un atbalsta \u0101das atjauno\u0161anos.<\/li>\n<li data-start=\"1004\" data-end=\"1115\"><strong data-start=\"1006\" data-end=\"1051\">N\u0101trija hialuron\u0101ts:<\/strong> dzi\u013ci mitrino\u0161a sast\u0101vda\u013ca, kas pal\u012bdz \u0101dai saglab\u0101t mitrumu.<\/li>\n<\/ul>\n<h3 data-start=\"1122\" data-end=\"1161\"><strong data-start=\"1128\" data-end=\"1159\">Nesatur \u0161\u0101das vielas:<\/strong><\/h3>\n<p data-start=\"1162\" data-end=\"1265\">\u274c Parab\u0113ni<br data-start=\"1173\" data-end=\"1176\"> \u274c Sulf\u0101ti<br data-start=\"1186\" data-end=\"1189\"> \u274c Silikoni<br data-start=\"1200\" data-end=\"1203\"> \u274c M\u0101ksl\u012bg\u0101s kr\u0101svielas<br data-start=\"1226\" data-end=\"1229\"> \u274c Bez dz\u012bvnieku izcelsmes sast\u0101vda\u013c\u0101m (100% veg\u0101ns)<\/p>\n<p data-start=\"569\" data-end=\"593\"><strong data-start=\"569\" data-end=\"591\">Lieto\u0161anas instrukcija:<\/strong><\/p>\n<ol data-start=\"594\" data-end=\"832\">\n<li data-start=\"594\" data-end=\"680\">Izsmidziniet tie\u0161i uz \u0101das vai matiem, lai nodro\u0161in\u0101tu mitrino\u0161u un nomierino\u0161u kop\u0161anu.<\/li>\n<li data-start=\"681\" data-end=\"761\">Lietojiet katru dienu, lai mitrin\u0101tu \u0101du, vai p\u0113c saules iedarb\u012bbas.<\/li>\n<li data-start=\"762\" data-end=\"832\">Piem\u0113rots ar\u012b grima fiks\u0113\u0161anai un \u0101das baro\u0161anai dienas laik\u0101.<\/li>\n<\/ol>\n<p data-start=\"1690\" data-end=\"1715\"><strong>Uzglab\u0101\u0161ana:<\/strong> Uzglab\u0101t istabas temperat\u016br\u0101, saus\u0101 viet\u0101 un sarg\u0101t no tie\u0161iem saules stariem.<\/p>\n<p data-start=\"834\" data-end=\"907\"><strong>Uzman\u012bbu:<\/strong> Tikai \u0101r\u012bgai lieto\u0161anai. Izvair\u012bties no saskares ar ac\u012bm. Nelietot iek\u0161\u0137\u012bgi.   Sarg\u0101t no b\u0113rniem.<\/p>\n<\/div>\n","protected":false},"excerpt":{"rendered":"<div class=\"frame-epharma__body\">\n<div class=\"frame-epharma__body__limiter\">\n<div class=\"layout-product\">\n<div class=\"layout-product__row\">\n<div class=\"layout-product__tabs\">\n<div class=\"tabbed-content\" data-component=\"tabs\" data-config=\"{\"activeTab\":\"tab01\"}\">\n<div class=\"tabbed-content__panel-group\" role=\"presentation\">\n<div class=\"tabbed-content__panel tabbed-content__panel open\" role=\"tabpanel\">\n<div class=\"tabbed-content__panel-content tabbed-content__panel-content\" role=\"region\" aria-hidden=\"false\">\n<div style=\"font-variant-numeric: lining-nums !important; outline: none; margin-top: 0px;\" data-component=\"descriptionTab\" data-config=\"{\"fullText\":\"TOOTEKIRJELDUS&lt;br \\\/&gt;\\nRahustav ja v\\u00e4rskendav aloe vera on ideaalne naha niisutamiseks ja v\\u00e4rskendamiseks v\\u00f5i leevenduseks peale p\\u00e4ikest. See niisutab ja v\\u00e4rskendab nahka p\\u00e4rast kuuma intensiivset p\\u00e4ikest ning aitab leevendada nii p\\u00e4ikesep\\u00f5letust, kui ka muid naha\\u00e4rritusi. Aloe vera, millel on looduslikud rahustavad ja niisutavad omadused, aitab p\\u00e4ikesep\\u00f5letatud nahal paraneda kiiremini ning leevendab ka teisi nahakahjustusi, ekseemi, psoriaasi, aknet, arme ja paljusid muid naha\\u00e4rritusi ning ebamugavustunnet. Meie niisutav ja nahka rahustav Aloe Mist on ideaalne ka kasutamiseks n\\u00e4otoonikuna. Sobilik k\\u00f5ikidele nahat\\u00fc\\u00fcpidele.&lt;br \\\/&gt;\\n&lt;br \\\/&gt;\\nKasutus: Piserda nahale, sobib kasutamiseks nii n\\u00e4ol kui kehal. N\\u00e4ole otse piserdades sulgeda silmad, et v\\u00e4ltida kontakti silmadega. Kasutada vastavalt vajadusele. Ainult v\\u00e4lispidiseks kasutamiseks \\\/ ei ole testitud loomadel \\\/ sobib veganitele.&lt;br \\\/&gt;\\n&lt;br \\\/&gt;\\nKOOSTISOSAD&lt;br \\\/&gt;\\nAloe Barbadensis Leaf Juice (Aloe Vera Juice), Citric Acid, Potassium Sorbate, Lavandula Angustifolia (Lavender) Oil, Mentha Arvensis (Peppermint) Oil\",\"filteredText\":\"TOOTEKIRJELDUS&lt;br&gt;\\nRahustav ja v\\u00e4rskendav aloe vera on ideaalne naha niisutamiseks ja v\\u00e4rskendamiseks v\\u00f5i leevenduseks peale p\\u00e4ikest. See niisutab ja v\\u00e4rskendab nahka p\\u00e4rast kuuma intensiivset p\\u00e4ikest ning aitab leevendada nii p\\u00e4ikesep\\u00f5letust, kui ka muid naha\\u00e4rritusi. Aloe vera, millel on looduslikud rahustavad ja niisutavad omadused, aitab p\\u00e4ikesep\\u00f5letatud nahal paraneda kiiremini ning leevend\u2026\",\"labels\":{\"readMoreLabel\":\"Loe rohkem\",\"readLessLabel\":\"Kuva v\\u00e4hem\"}}\">\n<div class=\"plain-html content\"><strong data-start=\"2532\" data-end=\"2604\">ALVEJAS SPR\u0112JS \u2013 DAB\u012aGA MITRIN\u0100\u0160ANA UN NOMIERIN\u0100\u0160ANA \u0100DAI UN MATIEM!<\/strong><br data-start=\"2604\" data-end=\"2607\">Mitriniet un nomieriniet savu \u0101du un matus ar dab\u012bg\u0101s alvejas, hialuronsk\u0101bes un pantenola sp\u0113ku. Viegl\u0101 un \u0101tri ies\u016bco\u0161\u0101 formula nodro\u0161ina t\u016bl\u012bt\u0113ju svaigumu un maigumu bez taukainas saj\u016btas. Piem\u0113rots visiem \u0101das tipiem.  <\/div>\n<\/div>\n<\/div>\n<\/div>\n<\/div>\n<\/div>\n<\/div>\n<\/div>\n<\/div>\n<\/div>\n<\/div>\n","protected":false},"featured_media":33764,"comment_status":"closed","ping_status":"closed","template":"","meta":{"_acf_changed":false},"product_brand":[],"product_cat":[2533],"product_tag":[4124,2605,4127,4136,4117,2585,2541,4133,4138,2631,4129,4116,4118,4131,2944,4121,4120,2559,4126,4139],"class_list":{"0":"post-33752","1":"product","2":"type-product","3":"status-publish","4":"has-post-thumbnail","6":"product_cat-kosmetika","7":"product_tag-adas-atjaunosana-lv-3","8":"product_tag-adas-mitrinasana","9":"product_tag-adu-nomierinoss-aerosols","10":"product_tag-alveja-matiem","11":"product_tag-alvejas-aerosols","12":"product_tag-dabigs-mitrinatajs","13":"product_tag-dabiska-skaistumkopsana","14":"product_tag-daudzfunkcionala-adas-kopsana","15":"product_tag-hialuronskabes-aerosols","16":"product_tag-jutigai-adai","17":"product_tag-labakais-alvejas-produkts","18":"product_tag-mitrinosa-kopsana","19":"product_tag-nomierinosa-adas-kopsana","20":"product_tag-nomierinoss-aerosols","21":"product_tag-pretiekaisuma","22":"product_tag-saules-apdegumu-atvieglosana","23":"product_tag-sausai-adai","24":"product_tag-tirs-skaistums","25":"product_tag-veganu-adas-kopsana","26":"product_tag-veganu-kosmetika","28":"first","29":"onbackorder","30":"taxable","31":"shipping-taxable","32":"purchasable","33":"product-type-simple"},"acf":[],"yoast_head":"<!-- This site is optimized with the Yoast SEO plugin v27.1.1 - https:\/\/yoast.com\/product\/yoast-seo-wordpress\/ -->\n<title>Alvejas aerosols 200 ml - Puhdas+<\/title>\n<meta name=\"description\" content=\"Aloe Vera aerosols ir dab\u012bgs un nomierino\u0161s aerosols, kas mitrina un aizsarg\u0101 \u0101du. Piem\u0113rots ikdienas lieto\u0161anai sejai, \u0137ermenim un matiem!\" \/>\n<meta name=\"robots\" content=\"noindex, follow, max-snippet:-1, max-image-preview:large, max-video-preview:-1\" \/>\n<meta property=\"og:locale\" content=\"lv_LV\" \/>\n<meta property=\"og:type\" content=\"article\" \/>\n<meta property=\"og:title\" content=\"Alvejas aerosols 200 ml - Puhdas+\" \/>\n<meta property=\"og:description\" content=\"Aloe Vera aerosols ir dab\u012bgs un nomierino\u0161s aerosols, kas mitrina un aizsarg\u0101 \u0101du. Piem\u0113rots ikdienas lieto\u0161anai sejai, \u0137ermenim un matiem!\" \/>\n<meta property=\"og:url\" content=\"https:\/\/test.puhdasplus.ee\/lv\/tooted\/kosmetika\/alvejas-aerosols-200-ml\/\" \/>\n<meta property=\"og:site_name\" content=\"Puhdas+\" \/>\n<meta property=\"article:publisher\" content=\"https:\/\/www.facebook.com\/puhdasplus\" \/>\n<meta property=\"article:modified_time\" content=\"2026-02-27T11:13:00+00:00\" \/>\n<meta property=\"og:image\" content=\"https:\/\/test.puhdasplus.ee\/wp-content\/uploads\/2023\/06\/Untitled-design-45.jpg\" \/>\n\t<meta property=\"og:image:width\" content=\"1862\" \/>\n\t<meta property=\"og:image:height\" content=\"2560\" \/>\n\t<meta property=\"og:image:type\" content=\"image\/jpeg\" \/>\n<meta name=\"twitter:card\" content=\"summary_large_image\" \/>\n<meta name=\"twitter:label1\" content=\"Est. reading time\" \/>\n\t<meta name=\"twitter:data1\" content=\"2 min\u016btes\" \/>\n<script type=\"application\/ld+json\" class=\"yoast-schema-graph\">{\"@context\":\"https:\/\/schema.org\",\"@graph\":[{\"@type\":\"WebPage\",\"@id\":\"https:\/\/test.puhdasplus.ee\/lv\/tooted\/kosmetika\/alvejas-aerosols-200-ml\/\",\"url\":\"https:\/\/test.puhdasplus.ee\/lv\/tooted\/kosmetika\/alvejas-aerosols-200-ml\/\",\"name\":\"Alvejas aerosols 200 ml - Puhdas+\",\"isPartOf\":{\"@id\":\"https:\/\/test.puhdasplus.ee\/lv\/#website\"},\"primaryImageOfPage\":{\"@id\":\"https:\/\/test.puhdasplus.ee\/lv\/tooted\/kosmetika\/alvejas-aerosols-200-ml\/#primaryimage\"},\"image\":{\"@id\":\"https:\/\/test.puhdasplus.ee\/lv\/tooted\/kosmetika\/alvejas-aerosols-200-ml\/#primaryimage\"},\"thumbnailUrl\":\"https:\/\/test.puhdasplus.ee\/wp-content\/uploads\/2023\/06\/Untitled-design-45.jpg\",\"datePublished\":\"2023-06-16T20:06:33+00:00\",\"dateModified\":\"2026-02-27T11:13:00+00:00\",\"description\":\"Aloe Vera aerosols ir dab\u012bgs un nomierino\u0161s aerosols, kas mitrina un aizsarg\u0101 \u0101du. Piem\u0113rots ikdienas lieto\u0161anai sejai, \u0137ermenim un matiem!\",\"breadcrumb\":{\"@id\":\"https:\/\/test.puhdasplus.ee\/lv\/tooted\/kosmetika\/alvejas-aerosols-200-ml\/#breadcrumb\"},\"inLanguage\":\"lv-LV\",\"potentialAction\":[{\"@type\":\"ReadAction\",\"target\":[\"https:\/\/test.puhdasplus.ee\/lv\/tooted\/kosmetika\/alvejas-aerosols-200-ml\/\"]}]},{\"@type\":\"ImageObject\",\"inLanguage\":\"lv-LV\",\"@id\":\"https:\/\/test.puhdasplus.ee\/lv\/tooted\/kosmetika\/alvejas-aerosols-200-ml\/#primaryimage\",\"url\":\"https:\/\/test.puhdasplus.ee\/wp-content\/uploads\/2023\/06\/Untitled-design-45.jpg\",\"contentUrl\":\"https:\/\/test.puhdasplus.ee\/wp-content\/uploads\/2023\/06\/Untitled-design-45.jpg\",\"width\":1862,\"height\":2560,\"caption\":\"Alvejas sprejs\"},{\"@type\":\"BreadcrumbList\",\"@id\":\"https:\/\/test.puhdasplus.ee\/lv\/tooted\/kosmetika\/alvejas-aerosols-200-ml\/#breadcrumb\",\"itemListElement\":[{\"@type\":\"ListItem\",\"position\":1,\"name\":\"S\u0101kums\",\"item\":\"https:\/\/test.puhdasplus.ee\/lv\/\"},{\"@type\":\"ListItem\",\"position\":2,\"name\":\"Produkti\",\"item\":\"https:\/\/test.puhdasplus.ee\/lv\/veikals\/\"},{\"@type\":\"ListItem\",\"position\":3,\"name\":\"Alvejas aerosols 200 ml\"}]},{\"@type\":\"WebSite\",\"@id\":\"https:\/\/test.puhdasplus.ee\/lv\/#website\",\"url\":\"https:\/\/test.puhdasplus.ee\/lv\/\",\"name\":\"Puhdas+\",\"description\":\"Vitamiinid, Toidulisandid, looduskosmeetika, tervis, sport\",\"publisher\":{\"@id\":\"https:\/\/test.puhdasplus.ee\/lv\/#organization\"},\"potentialAction\":[{\"@type\":\"SearchAction\",\"target\":{\"@type\":\"EntryPoint\",\"urlTemplate\":\"https:\/\/test.puhdasplus.ee\/lv\/?s={search_term_string}\"},\"query-input\":{\"@type\":\"PropertyValueSpecification\",\"valueRequired\":true,\"valueName\":\"search_term_string\"}}],\"inLanguage\":\"lv-LV\"},{\"@type\":\"Organization\",\"@id\":\"https:\/\/test.puhdasplus.ee\/lv\/#organization\",\"name\":\"Puhdas+\",\"alternateName\":\"Puhdasplus\",\"url\":\"https:\/\/test.puhdasplus.ee\/lv\/\",\"logo\":{\"@type\":\"ImageObject\",\"inLanguage\":\"lv-LV\",\"@id\":\"https:\/\/test.puhdasplus.ee\/lv\/#\/schema\/logo\/image\/\",\"url\":\"https:\/\/test.puhdasplus.ee\/\/wp-content\/uploads\/2019\/10\/puhdas_logo-arvele.png\",\"contentUrl\":\"https:\/\/test.puhdasplus.ee\/\/wp-content\/uploads\/2019\/10\/puhdas_logo-arvele.png\",\"width\":114,\"height\":94,\"caption\":\"Puhdas+\"},\"image\":{\"@id\":\"https:\/\/test.puhdasplus.ee\/lv\/#\/schema\/logo\/image\/\"},\"sameAs\":[\"https:\/\/www.facebook.com\/puhdasplus\",\"https:\/\/www.instagram.com\/puhdasplus_ee\/\"]}]}<\/script>\n<!-- \/ Yoast SEO plugin. -->","yoast_head_json":{"title":"Alvejas aerosols 200 ml - Puhdas+","description":"Aloe Vera aerosols ir dab\u012bgs un nomierino\u0161s aerosols, kas mitrina un aizsarg\u0101 \u0101du. Piem\u0113rots ikdienas lieto\u0161anai sejai, \u0137ermenim un matiem!","robots":{"index":"noindex","follow":"follow","max-snippet":"max-snippet:-1","max-image-preview":"max-image-preview:large","max-video-preview":"max-video-preview:-1"},"og_locale":"lv_LV","og_type":"article","og_title":"Alvejas aerosols 200 ml - Puhdas+","og_description":"Aloe Vera aerosols ir dab\u012bgs un nomierino\u0161s aerosols, kas mitrina un aizsarg\u0101 \u0101du. Piem\u0113rots ikdienas lieto\u0161anai sejai, \u0137ermenim un matiem!","og_url":"https:\/\/test.puhdasplus.ee\/lv\/tooted\/kosmetika\/alvejas-aerosols-200-ml\/","og_site_name":"Puhdas+","article_publisher":"https:\/\/www.facebook.com\/puhdasplus","article_modified_time":"2026-02-27T11:13:00+00:00","og_image":[{"width":1862,"height":2560,"url":"https:\/\/test.puhdasplus.ee\/wp-content\/uploads\/2023\/06\/Untitled-design-45.jpg","type":"image\/jpeg"}],"twitter_card":"summary_large_image","twitter_misc":{"Est. reading time":"2 min\u016btes"},"schema":{"@context":"https:\/\/schema.org","@graph":[{"@type":"WebPage","@id":"https:\/\/test.puhdasplus.ee\/lv\/tooted\/kosmetika\/alvejas-aerosols-200-ml\/","url":"https:\/\/test.puhdasplus.ee\/lv\/tooted\/kosmetika\/alvejas-aerosols-200-ml\/","name":"Alvejas aerosols 200 ml - Puhdas+","isPartOf":{"@id":"https:\/\/test.puhdasplus.ee\/lv\/#website"},"primaryImageOfPage":{"@id":"https:\/\/test.puhdasplus.ee\/lv\/tooted\/kosmetika\/alvejas-aerosols-200-ml\/#primaryimage"},"image":{"@id":"https:\/\/test.puhdasplus.ee\/lv\/tooted\/kosmetika\/alvejas-aerosols-200-ml\/#primaryimage"},"thumbnailUrl":"https:\/\/test.puhdasplus.ee\/wp-content\/uploads\/2023\/06\/Untitled-design-45.jpg","datePublished":"2023-06-16T20:06:33+00:00","dateModified":"2026-02-27T11:13:00+00:00","description":"Aloe Vera aerosols ir dab\u012bgs un nomierino\u0161s aerosols, kas mitrina un aizsarg\u0101 \u0101du. Piem\u0113rots ikdienas lieto\u0161anai sejai, \u0137ermenim un matiem!","breadcrumb":{"@id":"https:\/\/test.puhdasplus.ee\/lv\/tooted\/kosmetika\/alvejas-aerosols-200-ml\/#breadcrumb"},"inLanguage":"lv-LV","potentialAction":[{"@type":"ReadAction","target":["https:\/\/test.puhdasplus.ee\/lv\/tooted\/kosmetika\/alvejas-aerosols-200-ml\/"]}]},{"@type":"ImageObject","inLanguage":"lv-LV","@id":"https:\/\/test.puhdasplus.ee\/lv\/tooted\/kosmetika\/alvejas-aerosols-200-ml\/#primaryimage","url":"https:\/\/test.puhdasplus.ee\/wp-content\/uploads\/2023\/06\/Untitled-design-45.jpg","contentUrl":"https:\/\/test.puhdasplus.ee\/wp-content\/uploads\/2023\/06\/Untitled-design-45.jpg","width":1862,"height":2560,"caption":"Alvejas sprejs"},{"@type":"BreadcrumbList","@id":"https:\/\/test.puhdasplus.ee\/lv\/tooted\/kosmetika\/alvejas-aerosols-200-ml\/#breadcrumb","itemListElement":[{"@type":"ListItem","position":1,"name":"S\u0101kums","item":"https:\/\/test.puhdasplus.ee\/lv\/"},{"@type":"ListItem","position":2,"name":"Produkti","item":"https:\/\/test.puhdasplus.ee\/lv\/veikals\/"},{"@type":"ListItem","position":3,"name":"Alvejas aerosols 200 ml"}]},{"@type":"WebSite","@id":"https:\/\/test.puhdasplus.ee\/lv\/#website","url":"https:\/\/test.puhdasplus.ee\/lv\/","name":"Puhdas+","description":"Vitamiinid, Toidulisandid, looduskosmeetika, tervis, sport","publisher":{"@id":"https:\/\/test.puhdasplus.ee\/lv\/#organization"},"potentialAction":[{"@type":"SearchAction","target":{"@type":"EntryPoint","urlTemplate":"https:\/\/test.puhdasplus.ee\/lv\/?s={search_term_string}"},"query-input":{"@type":"PropertyValueSpecification","valueRequired":true,"valueName":"search_term_string"}}],"inLanguage":"lv-LV"},{"@type":"Organization","@id":"https:\/\/test.puhdasplus.ee\/lv\/#organization","name":"Puhdas+","alternateName":"Puhdasplus","url":"https:\/\/test.puhdasplus.ee\/lv\/","logo":{"@type":"ImageObject","inLanguage":"lv-LV","@id":"https:\/\/test.puhdasplus.ee\/lv\/#\/schema\/logo\/image\/","url":"https:\/\/test.puhdasplus.ee\/\/wp-content\/uploads\/2019\/10\/puhdas_logo-arvele.png","contentUrl":"https:\/\/test.puhdasplus.ee\/\/wp-content\/uploads\/2019\/10\/puhdas_logo-arvele.png","width":114,"height":94,"caption":"Puhdas+"},"image":{"@id":"https:\/\/test.puhdasplus.ee\/lv\/#\/schema\/logo\/image\/"},"sameAs":["https:\/\/www.facebook.com\/puhdasplus","https:\/\/www.instagram.com\/puhdasplus_ee\/"]}]}},"_links":{"self":[{"href":"https:\/\/test.puhdasplus.ee\/lv\/wp-json\/wp\/v2\/product\/33752","targetHints":{"allow":["GET"]}}],"collection":[{"href":"https:\/\/test.puhdasplus.ee\/lv\/wp-json\/wp\/v2\/product"}],"about":[{"href":"https:\/\/test.puhdasplus.ee\/lv\/wp-json\/wp\/v2\/types\/product"}],"replies":[{"embeddable":true,"href":"https:\/\/test.puhdasplus.ee\/lv\/wp-json\/wp\/v2\/comments?post=33752"}],"wp:featuredmedia":[{"embeddable":true,"href":"https:\/\/test.puhdasplus.ee\/lv\/wp-json\/wp\/v2\/media\/33764"}],"wp:attachment":[{"href":"https:\/\/test.puhdasplus.ee\/lv\/wp-json\/wp\/v2\/media?parent=33752"}],"wp:term":[{"taxonomy":"product_brand","embeddable":true,"href":"https:\/\/test.puhdasplus.ee\/lv\/wp-json\/wp\/v2\/product_brand?post=33752"},{"taxonomy":"product_cat","embeddable":true,"href":"https:\/\/test.puhdasplus.ee\/lv\/wp-json\/wp\/v2\/product_cat?post=33752"},{"taxonomy":"product_tag","embeddable":true,"href":"https:\/\/test.puhdasplus.ee\/lv\/wp-json\/wp\/v2\/product_tag?post=33752"}],"curies":[{"name":"wp","href":"https:\/\/api.w.org\/{rel}","templated":true}]}}