{"id":33718,"date":"2023-05-19T08:20:17","date_gmt":"2023-05-19T05:20:17","guid":{"rendered":"https:\/\/test.puhdasplus.ee\/\/tooted\/uncategorized\/elektrolitu-pulveris-ar-citrona-garsu-120-g\/"},"modified":"2026-03-10T21:50:05","modified_gmt":"2026-03-10T19:50:05","slug":"elektrolitu-pulveris-ar-citrona-garsu-120-g","status":"publish","type":"product","link":"https:\/\/test.puhdasplus.ee\/lv\/tooted\/minerali\/elektrolitu-pulveris-ar-citrona-garsu-120-g\/","title":{"rendered":"Elektrol\u012btu pulveris ar citrona gar\u0161u 120 g"},"content":{"rendered":"<h2 class=\"\" data-start=\"128\" data-end=\"189\">Kas ir Puhdas+ elektrol\u012btu pulveris ar citronu gar\u0161u?<\/h2>\n<p class=\"\" data-start=\"191\" data-end=\"272\"><span class=\"relative -mx-px my-[-0.2rem] rounded px-px py-[0.2rem] transition-colors duration-100 ease-in-out\"><strong data-start=\"0\" data-end=\"51\" data-is-only-node=\"\">Puhdas+ Elektrol\u012btu pulveris ar citronu gar\u0161u<\/strong> ir kvalitat\u012bvs uztura bag\u0101tin\u0101t\u0101js, kas satur svar\u012bgus elektrol\u012btus: magniju, k\u0101liju, n\u0101triju, kalciju un hloru. Turkl\u0101t produkts satur glic\u012bnu un C vitam\u012bnu. \u0160\u012b kombin\u0101cija pal\u012bdz uztur\u0113t elektrol\u012btu l\u012bdzsvaru organism\u0101, atbalsta norm\u0101lu musku\u013cu darb\u012bbu un pal\u012bdz mazin\u0101t nogurumu un sp\u0113ku izs\u012bkumu.  <\/span>\u200b<\/p>\n<h2 data-start=\"205\" data-end=\"273\">K\u0101p\u0113c Puhdas+ elektrol\u012btu pulveris ar citronu gar\u0161u ir labv\u0113l\u012bgs?<\/h2>\n<p class=\"\" data-start=\"275\" data-end=\"688\">Cilv\u0113ka organism\u0101 katru dienu notiek sare\u017e\u0123\u012bti procesi, kam nepiecie\u0161ams sabalans\u0113ts miner\u0101lvielu un \u0161\u0137idruma l\u012bmenis. Ja \u0161is l\u012bdzsvars tiek izjaukts, piem\u0113ram, stipras sv\u012b\u0161anas, fiziskas slodzes, karsta laika, dehidrat\u0101cijas vai slim\u012bbas d\u0113\u013c, var rasties nogurums, musku\u013cu krampji, galvass\u0101pes, koncentr\u0113\u0161an\u0101s gr\u016bt\u012bbas un visp\u0101r\u0113js v\u0101jums. \u0160\u0101d\u0101s situ\u0101cij\u0101s elektrol\u012btu l\u012bdzsvara atjauno\u0161ana ir \u0101rk\u0101rt\u012bgi svar\u012bga.  <\/p>\n<p class=\"\" data-start=\"690\" data-end=\"1032\"><strong data-start=\"690\" data-end=\"741\">Puhdas+ Elektrol\u012btu pulveris ar citronu gar\u0161u<\/strong> ir ide\u0101ls atbalsts organisma dabiskajam l\u012bdzsvaram. Tas satur prec\u012bzi atlas\u012btus svar\u012bgu elektrol\u012btu daudzumus. <b>K\u0101lijs<\/b> veicina norm\u0101lu musku\u013cu darb\u012bbu. <b>Magnijs<\/b> pal\u012bdz uztur\u0113t elektrol\u012btu l\u012bdzsvaru un pal\u012bdz mazin\u0101t nogurumu un sp\u0113ku izs\u012bkumu.  <b><\/b><\/p>\n<p class=\"\" data-start=\"1034\" data-end=\"1244\">Turkl\u0101t tas satur <strong data-start=\"1054\" data-end=\"1069\">C vitam\u012bnu<\/strong> , kas atbalsta im\u016bnsist\u0113mu un pal\u012bdz mazin\u0101t nogurumu, un <strong data-start=\"1131\" data-end=\"1144\">glic\u012bnu<\/strong> , kas veicina lab\u0101ku miner\u0101lvielu uzs\u016bk\u0161anos un sp\u0113l\u0113 lomu organisma dabiskaj\u0101 atjauno\u0161an\u0101s proces\u0101.<\/p>\n<p class=\"\" data-start=\"1246\" data-end=\"1287\">\u0160is produkts ir lieliski piem\u0113rots tiem, kas:<\/p>\n<ul data-start=\"1288\" data-end=\"1607\">\n<li class=\"\" data-start=\"1288\" data-end=\"1340\">\n<p class=\"\" data-start=\"1290\" data-end=\"1340\">akt\u012bvi nodarbojas ar sportu vai daudz p\u0101rvietojas<\/p>\n<\/li>\n<li class=\"\" data-start=\"1341\" data-end=\"1408\">\n<p class=\"\" data-start=\"1343\" data-end=\"1408\">pavad\u012bt laiku karst\u0101 klimat\u0101 vai sv\u012bst vair\u0101k nek\u0101 parasti<\/p>\n<\/li>\n<li class=\"\" data-start=\"1409\" data-end=\"1483\">\n<p class=\"\" data-start=\"1411\" data-end=\"1483\">j\u016btaties noguris un v\u0113laties atjaunot ener\u0123iju dabisk\u0101 veid\u0101<\/p>\n<\/li>\n<li class=\"\" data-start=\"1484\" data-end=\"1566\">\n<p class=\"\" data-start=\"1486\" data-end=\"1566\">v\u0113laties nov\u0113rst vai mazin\u0101t musku\u013cu krampjus un ar dehidrat\u0101ciju saist\u012btas kaites<\/p>\n<\/li>\n<li class=\"\" data-start=\"1567\" data-end=\"1607\">\n<p class=\"\" data-start=\"1569\" data-end=\"1607\">atvese\u013co\u0161an\u0101s p\u0113c slim\u012bbas vai dehidrat\u0101cijas<\/p>\n<\/li>\n<\/ul>\n<p class=\"\" data-start=\"1609\" data-end=\"1889\">T\u0101 \u012bpa\u0161\u0101 v\u0113rt\u012bba sl\u0113pjas ar\u012b <strong data-start=\"1642\" data-end=\"1669\">gardaj\u0101 citrona gar\u0161\u0101<\/strong> un t\u012braj\u0101 sast\u0101v\u0101 \u2013 tas <strong data-start=\"1699\" data-end=\"1743\">nesatur glut\u0113nu, laktozi, raugu un soju<\/strong> , padarot to piem\u0113rotu <strong data-start=\"1756\" data-end=\"1770\">veg\u0101niem<\/strong> . To ir viegli lietot pulvera veid\u0101: vienk\u0101r\u0161i sajauciet ar \u016bdeni, un j\u016bs \u0101tri ieg\u016bsiet atspirdzino\u0161u, vieglu un vesel\u012bgu dz\u0113rienu. <\/p>\n<h2 class=\"\" data-start=\"395\" data-end=\"419\">Kam tas ir piem\u0113rots?<\/h2>\n<p class=\"\" data-start=\"421\" data-end=\"502\"><span class=\"relative -mx-px my-[-0.2rem] rounded px-px py-[0.2rem] transition-colors duration-100 ease-in-out\">Produkts ir piem\u0113rots pieaugu\u0161ajiem, kuri v\u0113las:<\/span><\/p>\n<ul data-start=\"504\" data-end=\"715\">\n<li class=\"\" data-start=\"504\" data-end=\"543\">\n<p class=\"\" data-start=\"506\" data-end=\"543\"><span class=\"relative -mx-px my-[-0.2rem] rounded px-px py-[0.2rem] transition-colors duration-100 ease-in-out\">Atbalst\u012bt elektrol\u012btu l\u012bdzsvaru organism\u0101<\/span><\/p>\n<\/li>\n<li class=\"\" data-start=\"544\" data-end=\"585\">\n<p class=\"\" data-start=\"546\" data-end=\"585\"><span class=\"relative -mx-px my-[-0.2rem] rounded px-px py-[0.2rem] transition-colors duration-100 ease-in-out\">Mazina nogurumu un izs\u012bkumu<\/span><\/p>\n<\/li>\n<li class=\"\" data-start=\"586\" data-end=\"627\">\n<p class=\"\" data-start=\"588\" data-end=\"627\"><span class=\"relative -mx-px my-[-0.2rem] rounded px-px py-[0.2rem] transition-colors duration-100 ease-in-out\">Atbalsta norm\u0101lu musku\u013cu darb\u012bbu<\/span><\/p>\n<\/li>\n<li class=\"\" data-start=\"628\" data-end=\"715\">\n<p class=\"\" data-start=\"630\" data-end=\"715\"><span class=\"relative -mx-px my-[-0.2rem] rounded px-px py-[0.2rem] transition-colors duration-100 ease-in-out\">Atbalst\u012bt <\/span><b>elektrol\u012btu un \u0161\u0137idruma l\u012bdzsvaru<\/b><\/p>\n<\/li>\n<\/ul>\n<h2 class=\"\" data-start=\"809\" data-end=\"826\">Sast\u0101vda\u013cas<\/h2>\n<p class=\"\" data-start=\"830\" data-end=\"869\">N\u0101trija hlor\u012bds, sk\u0101buma regul\u0113t\u0101js (\u0101bolsk\u0101be), n\u0101trija bikarbon\u0101ts, glic\u012bns, n\u0101trija askorb\u0101ts, k\u0101lija citr\u0101ts, k\u0101lija hlor\u012bds, magnija mal\u0101ts, citronu aromatiz\u0113t\u0101js, saldin\u0101t\u0101js (steviolglikoz\u012bdi).<\/p>\n<p class=\"\" data-start=\"1295\" data-end=\"1380\"><span class=\"relative -mx-px my-[-0.2rem] rounded px-px py-[0.2rem] transition-colors duration-100 ease-in-out\">Nesatur pienu, laktozi, raugu, glut\u0113nu vai soju.<\/span>Ra\u017eots Somij\u0101. Izejvielas nav no Somijas. <\/p>\n<h2 class=\"\" data-start=\"1387\" data-end=\"1425\">Uzturv\u0113rt\u012bba (3 ml \/ 1 porcija)<\/h2>\n<ul data-start=\"1427\" data-end=\"1682\">\n<li class=\"\" data-start=\"1427\" data-end=\"1468\">\n<p class=\"\" data-start=\"1429\" data-end=\"1468\"><span class=\"relative -mx-px my-[-0.2rem] rounded px-px py-[0.2rem] transition-colors duration-100 ease-in-out\">Magnijs: 62 mg (17% no ieteicam\u0101s dienas devas)<\/span><\/p>\n<\/li>\n<li class=\"\" data-start=\"1469\" data-end=\"1510\">\n<p class=\"\" data-start=\"1471\" data-end=\"1510\"><span class=\"relative -mx-px my-[-0.2rem] rounded px-px py-[0.2rem] transition-colors duration-100 ease-in-out\">N\u0101trijs: 1390 mg<\/span><\/p>\n<\/li>\n<li data-start=\"1469\" data-end=\"1510\">Kalcijs: 126 mg (16% <span class=\"relative -mx-px my-[-0.2rem] rounded px-px py-[0.2rem] transition-colors duration-100 ease-in-out\">no dienas references devas)<\/span><\/li>\n<li class=\"\" data-start=\"1511\" data-end=\"1552\">\n<p class=\"\" data-start=\"1513\" data-end=\"1552\"><span class=\"relative -mx-px my-[-0.2rem] rounded px-px py-[0.2rem] transition-colors duration-100 ease-in-out\">Hlor\u012bds: 1700 mg (213% no ieteicam\u0101s dienas devas)<\/span><\/p>\n<\/li>\n<li class=\"\" data-start=\"1553\" data-end=\"1594\">\n<p class=\"\" data-start=\"1555\" data-end=\"1594\"><span class=\"relative -mx-px my-[-0.2rem] rounded px-px py-[0.2rem] transition-colors duration-100 ease-in-out\">Glic\u012bns: 1200 mg<\/span><\/p>\n<\/li>\n<li class=\"\" data-start=\"1595\" data-end=\"1682\">\n<p class=\"\" data-start=\"1597\" data-end=\"1682\"><span class=\"relative -mx-px my-[-0.2rem] rounded px-px py-[0.2rem] transition-colors duration-100 ease-in-out\">C vitam\u012bns: 528 mg (660% no ieteicam\u0101s dienas devas)<\/span><\/p>\n<\/li>\n<\/ul>\n<h2 class=\"\" data-start=\"1689\" data-end=\"1710\">Lietot\u0101ja rokasgr\u0101mata<\/h2>\n<p class=\"\" data-start=\"1712\" data-end=\"1827\"><strong data-start=\"1712\" data-end=\"1741\">Ieteicam\u0101 dienas deva:<\/strong> <span class=\"relative -mx-px my-[-0.2rem] rounded px-px py-[0.2rem] transition-colors duration-100 ease-in-out\">1 m\u0113rkarote (3 ml) 3 reizes dien\u0101.<\/span><\/p>\n<p class=\"\" data-start=\"1829\" data-end=\"1930\"><strong data-start=\"1829\" data-end=\"1844\">Lieto\u0161ana:<\/strong> <span class=\"relative -mx-px my-[-0.2rem] rounded px-px py-[0.2rem] transition-colors duration-100 ease-in-out\">Sajauciet pulveri ar 5 dl \u016bdens vai cita \u0161\u0137idruma.<\/span><\/p>\n<p class=\"\" data-start=\"1932\" data-end=\"2029\"><strong data-start=\"1932\" data-end=\"1943\">Piez\u012bme:<\/strong> <span class=\"relative -mx-px my-[-0.2rem] rounded px-px py-[0.2rem] transition-colors duration-100 ease-in-out\">Ieteicamo dienas devu nedr\u012bkst p\u0101rsniegt. Uztura bag\u0101tin\u0101t\u0101js neaizst\u0101j daudzveid\u012bgu un sabalans\u0113tu uzturu vai vesel\u012bgu dz\u012bvesveidu.<\/span>\u200b<\/p>\n<h2 class=\"\" data-start=\"2036\" data-end=\"2066\">Br\u012bdin\u0101jumi un uzglab\u0101\u0161ana<\/h2>\n<ul data-start=\"2068\" data-end=\"2239\">\n<li class=\"\" data-start=\"2068\" data-end=\"2109\">\n<p class=\"\" data-start=\"2070\" data-end=\"2109\"><span class=\"relative -mx-px my-[-0.2rem] rounded px-px py-[0.2rem] transition-colors duration-100 ease-in-out\">Sarg\u0101t no b\u0113rniem.<\/span><\/p>\n<\/li>\n<li class=\"\" data-start=\"2110\" data-end=\"2151\">\n<p class=\"\" data-start=\"2112\" data-end=\"2151\"><span class=\"relative -mx-px my-[-0.2rem] rounded px-px py-[0.2rem] transition-colors duration-100 ease-in-out\">Uzglab\u0101t saus\u0101, v\u0113s\u0101 viet\u0101 un pasarg\u0101t no gaismas.<\/span><\/p>\n<\/li>\n<li class=\"\" data-start=\"2152\" data-end=\"2239\">\n<p class=\"\" data-start=\"2154\" data-end=\"2239\"><span class=\"relative -mx-px my-[-0.2rem] rounded px-px py-[0.2rem] transition-colors duration-100 ease-in-out\">Nelietot, ja iepakojums ir boj\u0101ts.<\/span><\/p>\n<\/li>\n<\/ul>\n","protected":false},"excerpt":{"rendered":"<p class=\"\" data-start=\"187\" data-end=\"744\"><strong data-start=\"187\" data-end=\"238\">Puhdas+ Elektrol\u012btu pulveris ar citronu gar\u0161u<\/strong> ir pulveris ar atsvaidzino\u0161u gar\u0161u, kas atbalsta organisma dabisko l\u012bdzsvaru un pal\u012bdz ikdien\u0101 uztur\u0113t vitalit\u0101ti. Produkts satur svar\u012bgus elektrol\u012btus \u2013 piem\u0113ram, magniju, n\u0101triju, k\u0101liju, kalciju un hloru \u2013 kas pal\u012bdz uztur\u0113t \u0161\u0137idruma l\u012bdzsvaru organism\u0101, atbalsta norm\u0101lu musku\u013cu un nervu sist\u0113mas darb\u012bbu, k\u0101 ar\u012b nov\u0113r\u0161 nogurumu un sp\u0113ku izs\u012bkumu. Turkl\u0101t mais\u012bjumam ir pievienots C vitam\u012bns, kas atbalsta im\u016bnsist\u0113mu un pal\u012bdz c\u012bn\u012bties ar oksidat\u012bvo stresu, k\u0101 ar\u012b glic\u012bns, kas veicina miner\u0101lvielu uz\u0146em\u0161anu.  <\/p>\n<p class=\"\" data-start=\"746\" data-end=\"966\">\u0160is pulveris ir ide\u0101li piem\u0113rots cilv\u0113kiem ar akt\u012bvu dz\u012bvesveidu, sportistiem, lieto\u0161anai karst\u0101s dien\u0101s vai situ\u0101cij\u0101s, kad organisms zaud\u0113 daudz \u0161\u0137idruma un miner\u0101lvielu \u2013 piem\u0113ram, slim\u012bbas vai stipras sv\u012b\u0161anas laik\u0101.<\/p>\n<p class=\"\" data-start=\"968\" data-end=\"1233\">Produkts <strong data-start=\"977\" data-end=\"1021\">nesatur glut\u0113nu, laktozi, raugu un soju<\/strong> , satur tikai dab\u012bgu citrona aromatiz\u0113t\u0101ju un ir saldin\u0101ts ar dab\u012bgu st\u0113viju. Pulveris labi \u0161\u0137\u012bst \u016bden\u012b un ir viegli dzerams \u2013 piem\u0113rots gan ikdienas lieto\u0161anai, gan atvese\u013co\u0161anai p\u0113c fiziskas slodzes. <\/p>\n<p class=\"\" data-start=\"1235\" data-end=\"1426\"><strong data-start=\"1235\" data-end=\"1286\">Pure+ elektrol\u012btu pulveris ar citronu gar\u0161u<\/strong> ir uzticama, t\u012bra un efekt\u012bva izv\u0113le tiem, kas v\u0113las dabisk\u0101 veid\u0101 atbalst\u012bt sava \u0137erme\u0146a \u0161\u0137idruma un miner\u0101lvielu l\u012bdzsvaru.<\/p>\n","protected":false},"featured_media":33722,"comment_status":"closed","ping_status":"closed","template":"","meta":{"_acf_changed":false},"product_brand":[],"product_cat":[3201,3200],"product_tag":[3202,4080,3220,3042,3044,3214,3209,3212,3203,3216,3221,3218,3576,3206],"class_list":{"0":"post-33718","1":"product","2":"type-product","3":"status-publish","4":"has-post-thumbnail","6":"product_cat-elektroliti","7":"product_cat-minerali","8":"product_tag-c-vitamins-lv","9":"product_tag-citronu-garsas","10":"product_tag-elektroliti","11":"product_tag-energija-lv","12":"product_tag-energija-un-nogurums","13":"product_tag-glicins","14":"product_tag-kalcijs","15":"product_tag-kalijs","16":"product_tag-magnijs","17":"product_tag-muskulu-funkcija","18":"product_tag-natrijs","19":"product_tag-noguruma-mazinasana","20":"product_tag-sports-lv","21":"product_tag-uztura-bagatinatajs","23":"first","24":"onbackorder","25":"featured","26":"taxable","27":"shipping-taxable","28":"purchasable","29":"product-type-simple"},"acf":[],"yoast_head":"<!-- This site is optimized with the Yoast SEO plugin v27.1.1 - https:\/\/yoast.com\/product\/yoast-seo-wordpress\/ -->\n<title>Elektrol\u012btu pulveris ar citrona gar\u0161u 120 g - Puhdas+<\/title>\n<meta name=\"description\" content=\"120 g citronu gar\u0161as elektrol\u012btu pulveris satur svar\u012bgas miner\u0101lvielas un uzturvielas, kas atbalsta elektrol\u012btu l\u012bdzsvaru un norm\u0101lu musku\u013cu darb\u012bbu.\" \/>\n<meta name=\"robots\" content=\"noindex, follow, max-snippet:-1, max-image-preview:large, max-video-preview:-1\" \/>\n<meta property=\"og:locale\" content=\"lv_LV\" \/>\n<meta property=\"og:type\" content=\"article\" \/>\n<meta property=\"og:title\" content=\"Elektrol\u012btu pulveris ar citrona gar\u0161u 120 g - Puhdas+\" \/>\n<meta property=\"og:description\" content=\"120 g citronu gar\u0161as elektrol\u012btu pulveris satur svar\u012bgas miner\u0101lvielas un uzturvielas, kas atbalsta elektrol\u012btu l\u012bdzsvaru un norm\u0101lu musku\u013cu darb\u012bbu.\" \/>\n<meta property=\"og:url\" content=\"https:\/\/test.puhdasplus.ee\/lv\/tooted\/minerali\/elektrolitu-pulveris-ar-citrona-garsu-120-g\/\" \/>\n<meta property=\"og:site_name\" content=\"Puhdas+\" \/>\n<meta property=\"article:publisher\" content=\"https:\/\/www.facebook.com\/puhdasplus\" \/>\n<meta property=\"article:modified_time\" content=\"2026-03-10T19:50:05+00:00\" \/>\n<meta property=\"og:image\" content=\"https:\/\/test.puhdasplus.ee\/wp-content\/uploads\/2023\/05\/Untitled-design-45-copy-4.jpg\" \/>\n\t<meta property=\"og:image:width\" content=\"1862\" \/>\n\t<meta property=\"og:image:height\" content=\"2560\" \/>\n\t<meta property=\"og:image:type\" content=\"image\/jpeg\" \/>\n<meta name=\"twitter:card\" content=\"summary_large_image\" \/>\n<meta name=\"twitter:label1\" content=\"Est. reading time\" \/>\n\t<meta name=\"twitter:data1\" content=\"3 min\u016btes\" \/>\n<script type=\"application\/ld+json\" class=\"yoast-schema-graph\">{\"@context\":\"https:\/\/schema.org\",\"@graph\":[{\"@type\":\"WebPage\",\"@id\":\"https:\/\/test.puhdasplus.ee\/lv\/tooted\/minerali\/elektrolitu-pulveris-ar-citrona-garsu-120-g\/\",\"url\":\"https:\/\/test.puhdasplus.ee\/lv\/tooted\/minerali\/elektrolitu-pulveris-ar-citrona-garsu-120-g\/\",\"name\":\"Elektrol\u012btu pulveris ar citrona gar\u0161u 120 g - Puhdas+\",\"isPartOf\":{\"@id\":\"https:\/\/test.puhdasplus.ee\/lv\/#website\"},\"primaryImageOfPage\":{\"@id\":\"https:\/\/test.puhdasplus.ee\/lv\/tooted\/minerali\/elektrolitu-pulveris-ar-citrona-garsu-120-g\/#primaryimage\"},\"image\":{\"@id\":\"https:\/\/test.puhdasplus.ee\/lv\/tooted\/minerali\/elektrolitu-pulveris-ar-citrona-garsu-120-g\/#primaryimage\"},\"thumbnailUrl\":\"https:\/\/test.puhdasplus.ee\/wp-content\/uploads\/2023\/05\/Untitled-design-45-copy-4.jpg\",\"datePublished\":\"2023-05-19T05:20:17+00:00\",\"dateModified\":\"2026-03-10T19:50:05+00:00\",\"description\":\"120 g citronu gar\u0161as elektrol\u012btu pulveris satur svar\u012bgas miner\u0101lvielas un uzturvielas, kas atbalsta elektrol\u012btu l\u012bdzsvaru un norm\u0101lu musku\u013cu darb\u012bbu.\",\"breadcrumb\":{\"@id\":\"https:\/\/test.puhdasplus.ee\/lv\/tooted\/minerali\/elektrolitu-pulveris-ar-citrona-garsu-120-g\/#breadcrumb\"},\"inLanguage\":\"lv-LV\",\"potentialAction\":[{\"@type\":\"ReadAction\",\"target\":[\"https:\/\/test.puhdasplus.ee\/lv\/tooted\/minerali\/elektrolitu-pulveris-ar-citrona-garsu-120-g\/\"]}]},{\"@type\":\"ImageObject\",\"inLanguage\":\"lv-LV\",\"@id\":\"https:\/\/test.puhdasplus.ee\/lv\/tooted\/minerali\/elektrolitu-pulveris-ar-citrona-garsu-120-g\/#primaryimage\",\"url\":\"https:\/\/test.puhdasplus.ee\/wp-content\/uploads\/2023\/05\/Untitled-design-45-copy-4.jpg\",\"contentUrl\":\"https:\/\/test.puhdasplus.ee\/wp-content\/uploads\/2023\/05\/Untitled-design-45-copy-4.jpg\",\"width\":1862,\"height\":2560,\"caption\":\"Elektrol\u012btu pulveris ar citronu gar\u0161u\"},{\"@type\":\"BreadcrumbList\",\"@id\":\"https:\/\/test.puhdasplus.ee\/lv\/tooted\/minerali\/elektrolitu-pulveris-ar-citrona-garsu-120-g\/#breadcrumb\",\"itemListElement\":[{\"@type\":\"ListItem\",\"position\":1,\"name\":\"S\u0101kums\",\"item\":\"https:\/\/test.puhdasplus.ee\/lv\/\"},{\"@type\":\"ListItem\",\"position\":2,\"name\":\"Produkti\",\"item\":\"https:\/\/test.puhdasplus.ee\/lv\/veikals\/\"},{\"@type\":\"ListItem\",\"position\":3,\"name\":\"Elektrol\u012btu pulveris ar citrona gar\u0161u 120 g\"}]},{\"@type\":\"WebSite\",\"@id\":\"https:\/\/test.puhdasplus.ee\/lv\/#website\",\"url\":\"https:\/\/test.puhdasplus.ee\/lv\/\",\"name\":\"Puhdas+\",\"description\":\"Vitamiinid, Toidulisandid, looduskosmeetika, tervis, sport\",\"publisher\":{\"@id\":\"https:\/\/test.puhdasplus.ee\/lv\/#organization\"},\"potentialAction\":[{\"@type\":\"SearchAction\",\"target\":{\"@type\":\"EntryPoint\",\"urlTemplate\":\"https:\/\/test.puhdasplus.ee\/lv\/?s={search_term_string}\"},\"query-input\":{\"@type\":\"PropertyValueSpecification\",\"valueRequired\":true,\"valueName\":\"search_term_string\"}}],\"inLanguage\":\"lv-LV\"},{\"@type\":\"Organization\",\"@id\":\"https:\/\/test.puhdasplus.ee\/lv\/#organization\",\"name\":\"Puhdas+\",\"alternateName\":\"Puhdasplus\",\"url\":\"https:\/\/test.puhdasplus.ee\/lv\/\",\"logo\":{\"@type\":\"ImageObject\",\"inLanguage\":\"lv-LV\",\"@id\":\"https:\/\/test.puhdasplus.ee\/lv\/#\/schema\/logo\/image\/\",\"url\":\"https:\/\/test.puhdasplus.ee\/\/wp-content\/uploads\/2019\/10\/puhdas_logo-arvele.png\",\"contentUrl\":\"https:\/\/test.puhdasplus.ee\/\/wp-content\/uploads\/2019\/10\/puhdas_logo-arvele.png\",\"width\":114,\"height\":94,\"caption\":\"Puhdas+\"},\"image\":{\"@id\":\"https:\/\/test.puhdasplus.ee\/lv\/#\/schema\/logo\/image\/\"},\"sameAs\":[\"https:\/\/www.facebook.com\/puhdasplus\",\"https:\/\/www.instagram.com\/puhdasplus_ee\/\"]}]}<\/script>\n<!-- \/ Yoast SEO plugin. -->","yoast_head_json":{"title":"Elektrol\u012btu pulveris ar citrona gar\u0161u 120 g - Puhdas+","description":"120 g citronu gar\u0161as elektrol\u012btu pulveris satur svar\u012bgas miner\u0101lvielas un uzturvielas, kas atbalsta elektrol\u012btu l\u012bdzsvaru un norm\u0101lu musku\u013cu darb\u012bbu.","robots":{"index":"noindex","follow":"follow","max-snippet":"max-snippet:-1","max-image-preview":"max-image-preview:large","max-video-preview":"max-video-preview:-1"},"og_locale":"lv_LV","og_type":"article","og_title":"Elektrol\u012btu pulveris ar citrona gar\u0161u 120 g - Puhdas+","og_description":"120 g citronu gar\u0161as elektrol\u012btu pulveris satur svar\u012bgas miner\u0101lvielas un uzturvielas, kas atbalsta elektrol\u012btu l\u012bdzsvaru un norm\u0101lu musku\u013cu darb\u012bbu.","og_url":"https:\/\/test.puhdasplus.ee\/lv\/tooted\/minerali\/elektrolitu-pulveris-ar-citrona-garsu-120-g\/","og_site_name":"Puhdas+","article_publisher":"https:\/\/www.facebook.com\/puhdasplus","article_modified_time":"2026-03-10T19:50:05+00:00","og_image":[{"width":1862,"height":2560,"url":"https:\/\/test.puhdasplus.ee\/wp-content\/uploads\/2023\/05\/Untitled-design-45-copy-4.jpg","type":"image\/jpeg"}],"twitter_card":"summary_large_image","twitter_misc":{"Est. reading time":"3 min\u016btes"},"schema":{"@context":"https:\/\/schema.org","@graph":[{"@type":"WebPage","@id":"https:\/\/test.puhdasplus.ee\/lv\/tooted\/minerali\/elektrolitu-pulveris-ar-citrona-garsu-120-g\/","url":"https:\/\/test.puhdasplus.ee\/lv\/tooted\/minerali\/elektrolitu-pulveris-ar-citrona-garsu-120-g\/","name":"Elektrol\u012btu pulveris ar citrona gar\u0161u 120 g - Puhdas+","isPartOf":{"@id":"https:\/\/test.puhdasplus.ee\/lv\/#website"},"primaryImageOfPage":{"@id":"https:\/\/test.puhdasplus.ee\/lv\/tooted\/minerali\/elektrolitu-pulveris-ar-citrona-garsu-120-g\/#primaryimage"},"image":{"@id":"https:\/\/test.puhdasplus.ee\/lv\/tooted\/minerali\/elektrolitu-pulveris-ar-citrona-garsu-120-g\/#primaryimage"},"thumbnailUrl":"https:\/\/test.puhdasplus.ee\/wp-content\/uploads\/2023\/05\/Untitled-design-45-copy-4.jpg","datePublished":"2023-05-19T05:20:17+00:00","dateModified":"2026-03-10T19:50:05+00:00","description":"120 g citronu gar\u0161as elektrol\u012btu pulveris satur svar\u012bgas miner\u0101lvielas un uzturvielas, kas atbalsta elektrol\u012btu l\u012bdzsvaru un norm\u0101lu musku\u013cu darb\u012bbu.","breadcrumb":{"@id":"https:\/\/test.puhdasplus.ee\/lv\/tooted\/minerali\/elektrolitu-pulveris-ar-citrona-garsu-120-g\/#breadcrumb"},"inLanguage":"lv-LV","potentialAction":[{"@type":"ReadAction","target":["https:\/\/test.puhdasplus.ee\/lv\/tooted\/minerali\/elektrolitu-pulveris-ar-citrona-garsu-120-g\/"]}]},{"@type":"ImageObject","inLanguage":"lv-LV","@id":"https:\/\/test.puhdasplus.ee\/lv\/tooted\/minerali\/elektrolitu-pulveris-ar-citrona-garsu-120-g\/#primaryimage","url":"https:\/\/test.puhdasplus.ee\/wp-content\/uploads\/2023\/05\/Untitled-design-45-copy-4.jpg","contentUrl":"https:\/\/test.puhdasplus.ee\/wp-content\/uploads\/2023\/05\/Untitled-design-45-copy-4.jpg","width":1862,"height":2560,"caption":"Elektrol\u012btu pulveris ar citronu gar\u0161u"},{"@type":"BreadcrumbList","@id":"https:\/\/test.puhdasplus.ee\/lv\/tooted\/minerali\/elektrolitu-pulveris-ar-citrona-garsu-120-g\/#breadcrumb","itemListElement":[{"@type":"ListItem","position":1,"name":"S\u0101kums","item":"https:\/\/test.puhdasplus.ee\/lv\/"},{"@type":"ListItem","position":2,"name":"Produkti","item":"https:\/\/test.puhdasplus.ee\/lv\/veikals\/"},{"@type":"ListItem","position":3,"name":"Elektrol\u012btu pulveris ar citrona gar\u0161u 120 g"}]},{"@type":"WebSite","@id":"https:\/\/test.puhdasplus.ee\/lv\/#website","url":"https:\/\/test.puhdasplus.ee\/lv\/","name":"Puhdas+","description":"Vitamiinid, Toidulisandid, looduskosmeetika, tervis, sport","publisher":{"@id":"https:\/\/test.puhdasplus.ee\/lv\/#organization"},"potentialAction":[{"@type":"SearchAction","target":{"@type":"EntryPoint","urlTemplate":"https:\/\/test.puhdasplus.ee\/lv\/?s={search_term_string}"},"query-input":{"@type":"PropertyValueSpecification","valueRequired":true,"valueName":"search_term_string"}}],"inLanguage":"lv-LV"},{"@type":"Organization","@id":"https:\/\/test.puhdasplus.ee\/lv\/#organization","name":"Puhdas+","alternateName":"Puhdasplus","url":"https:\/\/test.puhdasplus.ee\/lv\/","logo":{"@type":"ImageObject","inLanguage":"lv-LV","@id":"https:\/\/test.puhdasplus.ee\/lv\/#\/schema\/logo\/image\/","url":"https:\/\/test.puhdasplus.ee\/\/wp-content\/uploads\/2019\/10\/puhdas_logo-arvele.png","contentUrl":"https:\/\/test.puhdasplus.ee\/\/wp-content\/uploads\/2019\/10\/puhdas_logo-arvele.png","width":114,"height":94,"caption":"Puhdas+"},"image":{"@id":"https:\/\/test.puhdasplus.ee\/lv\/#\/schema\/logo\/image\/"},"sameAs":["https:\/\/www.facebook.com\/puhdasplus","https:\/\/www.instagram.com\/puhdasplus_ee\/"]}]}},"_links":{"self":[{"href":"https:\/\/test.puhdasplus.ee\/lv\/wp-json\/wp\/v2\/product\/33718","targetHints":{"allow":["GET"]}}],"collection":[{"href":"https:\/\/test.puhdasplus.ee\/lv\/wp-json\/wp\/v2\/product"}],"about":[{"href":"https:\/\/test.puhdasplus.ee\/lv\/wp-json\/wp\/v2\/types\/product"}],"replies":[{"embeddable":true,"href":"https:\/\/test.puhdasplus.ee\/lv\/wp-json\/wp\/v2\/comments?post=33718"}],"wp:featuredmedia":[{"embeddable":true,"href":"https:\/\/test.puhdasplus.ee\/lv\/wp-json\/wp\/v2\/media\/33722"}],"wp:attachment":[{"href":"https:\/\/test.puhdasplus.ee\/lv\/wp-json\/wp\/v2\/media?parent=33718"}],"wp:term":[{"taxonomy":"product_brand","embeddable":true,"href":"https:\/\/test.puhdasplus.ee\/lv\/wp-json\/wp\/v2\/product_brand?post=33718"},{"taxonomy":"product_cat","embeddable":true,"href":"https:\/\/test.puhdasplus.ee\/lv\/wp-json\/wp\/v2\/product_cat?post=33718"},{"taxonomy":"product_tag","embeddable":true,"href":"https:\/\/test.puhdasplus.ee\/lv\/wp-json\/wp\/v2\/product_tag?post=33718"}],"curies":[{"name":"wp","href":"https:\/\/api.w.org\/{rel}","templated":true}]}}