{"id":33711,"date":"2023-05-25T22:05:03","date_gmt":"2023-05-25T19:05:03","guid":{"rendered":"https:\/\/test.puhdasplus.ee\/\/tooted\/uncategorized\/specigas-bifido-pienskabes-bakterijas-glutamins-60-kapsulas\/"},"modified":"2026-02-27T13:12:15","modified_gmt":"2026-02-27T11:12:15","slug":"specigas-bifido-pienskabes-bakterijas-glutamins-60-kapsulas","status":"publish","type":"product","link":"https:\/\/test.puhdasplus.ee\/lv\/tooted\/gremosana-un-vielmaina\/specigas-bifido-pienskabes-bakterijas-glutamins-60-kapsulas\/","title":{"rendered":"Sp\u0113c\u012bgas Bifido piensk\u0101bes bakt\u0113rijas + glutam\u012bns 60 kapsulas"},"content":{"rendered":"<h2 data-start=\"195\" data-end=\"219\">Kas ir Pure+Strong Bifido piensk\u0101bes bakt\u0113rijas + glutam\u012bns?<\/h2>\n<p class=\"\" data-start=\"221\" data-end=\"532\"><strong data-start=\"221\" data-end=\"273\">Pure+ Strong Bifido piensk\u0101bes bakt\u0113rijas + glutam\u012bns<\/strong> ir augstas kvalit\u0101tes uztura bag\u0101tin\u0101t\u0101js, kas ra\u017eots Somij\u0101 un apvieno <strong data-start=\"339\" data-end=\"365\">Bifidobacterium longum<\/strong> piensk\u0101bes bakt\u0113riju celmu un aminosk\u0101bi <strong data-start=\"402\" data-end=\"418\">glutam\u012bnu<\/strong> . <span class=\"relative -mx-px my-[-0.2rem] rounded px-px py-[0.2rem] transition-colors duration-100 ease-in-out\">\u0160\u012b kombin\u0101cija ir paredz\u0113ta norm\u0101las gremo\u0161anas funkcijas un visp\u0101r\u0113j\u0101s labsaj\u016btas atbalstam.<\/span><\/p>\n<h2 data-start=\"492\" data-end=\"522\">K\u0101p\u0113c Pure+ Strong Bifido piensk\u0101bes bakt\u0113rijas + glutam\u012bns ir labv\u0113l\u012bgas?<\/h2>\n<ul data-start=\"524\" data-end=\"811\">\n<li class=\"\" data-start=\"524\" data-end=\"672\">\n<h4 data-start=\"692\" data-end=\"753\">Bifidobacterium longum \u2013 vesel\u012bga mikrobioma sast\u0101vda\u013ca<\/h4>\n<p class=\"\" data-start=\"755\" data-end=\"1037\">Bifidobacterium longum ir viens no visvair\u0101k p\u0113t\u012btajiem un paz\u012bstam\u0101kajiem piensk\u0101bes bakt\u0113riju celmiem, kas ir da\u013ca no dabisk\u0101s cilv\u0113ka zarnu floras. T\u0101 lieto\u0161ana uztura bag\u0101tin\u0101t\u0101ja veid\u0101 atbalsta mikrobioma daudzveid\u012bbu gan ikdienas dz\u012bv\u0113, gan mainot uzturu. <\/p>\n<\/li>\n<li data-start=\"524\" data-end=\"672\">\n<h4 data-start=\"1300\" data-end=\"1352\">Glutam\u012bns \u2013 atbalsts zarnu \u0161\u016bn\u0101m<\/h4>\n<p class=\"\" data-start=\"1354\" data-end=\"1681\">Glutam\u012bns ir organism\u0101 dabiski sastopama aminosk\u0101be, kas tiek uzskat\u012bta par \u012bpa\u0161i svar\u012bgu zarnu \u0161\u016bn\u0101m. T\u0101 darbojas k\u0101 degviela \u0101tri dalo\u0161ajiem audiem, tostarp tiev\u0101s zarnas g\u013cot\u0101dai. Kad organisms ir pak\u013cauts stresam, piem\u0113ram, atvese\u013cojoties p\u0113c slim\u012bbas, intens\u012bvas fizisk\u0101s slodzes vai p\u0101rtikas nepanes\u012bbas, nepiecie\u0161am\u012bba p\u0113c glutam\u012bna var palielin\u0101ties.  <\/p>\n<p>Glutam\u012bns ir svar\u012bgs \u0101tri dalo\u0161iem audiem, tostarp tiev\u0101s zarnas g\u013cot\u0101dai. T\u0101 uz\u0146em\u0161ana var atbalst\u012bt norm\u0101lu ku\u0146\u0123a-zarnu trakta darb\u012bbu. <\/li>\n<\/ul>\n<h2 data-start=\"1879\" data-end=\"1914\">Dabiska un t\u012bra izv\u0113le<\/h2>\n<p class=\"\" data-start=\"1916\" data-end=\"2104\">Produkts ir \u012bpa\u0161i piem\u0113rots cilv\u0113kiem ar jut\u012bgu gremo\u0161anu \u2013 tas nesatur laktozi, glut\u0113nu, pienu, raugu, cukuru, saldin\u0101t\u0101jus vai m\u0101ksl\u012bgas piedevas. Tas ir piem\u0113rots ar\u012b veg\u0101niem. <\/p>\n<p class=\"\" data-start=\"2106\" data-end=\"2147\">\u0160\u012b kombin\u0101cija ir labi piem\u0113rota tiem, kas:<\/p>\n<ul data-start=\"2149\" data-end=\"2396\">\n<li class=\"\" data-start=\"2149\" data-end=\"2198\">\n<p class=\"\" data-start=\"2151\" data-end=\"2198\">Atvese\u013co\u0161an\u0101s p\u0113c slim\u012bbas vai antibiotiku kursa<\/p>\n<\/li>\n<li class=\"\" data-start=\"2199\" data-end=\"2265\">\n<p class=\"\" data-start=\"2201\" data-end=\"2265\">Mekl\u0113jat ikdienas atbalstu gremo\u0161anai un mikrobioma l\u012bdzsvaram?<\/p>\n<\/li>\n<li class=\"\" data-start=\"2266\" data-end=\"2331\">\n<p class=\"\" data-start=\"2268\" data-end=\"2331\">V\u0113laties uztur\u0113t norm\u0101lu zarnu g\u013cot\u0101das darb\u012bbu<\/p>\n<\/li>\n<li class=\"\" data-start=\"2332\" data-end=\"2396\">\n<p class=\"\" data-start=\"2334\" data-end=\"2396\">Dodiet priek\u0161roku uztura bag\u0101tin\u0101t\u0101jiem bez piedev\u0101m un t\u012briem produktiem<\/p>\n<\/li>\n<\/ul>\n<h2 data-start=\"1155\" data-end=\"1170\">Sast\u0101vda\u013cas<\/h2>\n<ul data-start=\"1172\" data-end=\"1322\">\n<li class=\"\" data-start=\"1172\" data-end=\"1187\">\n<p class=\"\" data-start=\"1174\" data-end=\"1187\">Glutam\u012bns<\/p>\n<\/li>\n<li class=\"\" data-start=\"1188\" data-end=\"1214\">\n<p class=\"\" data-start=\"1190\" data-end=\"1214\">Bifidobacterium longum<\/p>\n<\/li>\n<li class=\"\" data-start=\"1215\" data-end=\"1259\">\n<p class=\"\" data-start=\"1217\" data-end=\"1259\">Pildviela: mikrokrist\u0101lisk\u0101 celuloze<\/p>\n<\/li>\n<li class=\"\" data-start=\"1260\" data-end=\"1322\">\n<p class=\"\" data-start=\"1262\" data-end=\"1322\">Kapsulas apvalks: hidroksipropilmetilceluloze, gell\u0101na sve\u0137i<\/p>\n<\/li>\n<\/ul>\n<p class=\"\" data-start=\"1324\" data-end=\"1436\">Nesatur laktozi, glut\u0113nu, pienu, raugu, cukuru, s\u0101li, soju vai m\u0101ksl\u012bgos saldin\u0101t\u0101jus. Piem\u0113rots veg\u0101niem. <\/p>\n<h2 data-start=\"1438\" data-end=\"1458\">Uzturvielu saturs<\/h2>\n<div class=\"_tableContainer_16hzy_1\">\n<div class=\"_tableWrapper_16hzy_14 group flex w-fit flex-col-reverse\" tabindex=\"-1\">\n<table class=\"w-fit min-w-(--thread-content-width)\" data-start=\"1460\" data-end=\"1623\">\n<thead data-start=\"1460\" data-end=\"1484\">\n<tr data-start=\"1460\" data-end=\"1484\">\n<th data-start=\"1460\" data-end=\"1471\" data-col-size=\"md\">1 kapsula<\/th>\n<th data-start=\"1471\" data-end=\"1484\" data-col-size=\"sm\">2 kapsulas<\/th>\n<\/tr>\n<\/thead>\n<tbody data-start=\"1510\" data-end=\"1623\">\n<tr data-start=\"1510\" data-end=\"1542\">\n<td data-start=\"1510\" data-end=\"1532\" data-col-size=\"md\">Glutam\u012bns: 250 mg<\/td>\n<td data-start=\"1532\" data-end=\"1542\" data-col-size=\"sm\">500 mg<\/td>\n<\/tr>\n<tr data-start=\"1543\" data-end=\"1623\">\n<td data-start=\"1543\" data-end=\"1594\" data-col-size=\"md\">Bifidobacterium longum: 5 miljardi dz\u012bvu bakt\u0113riju<\/td>\n<td data-col-size=\"sm\" data-start=\"1594\" data-end=\"1623\">10 miljardi dz\u012bvu bakt\u0113riju<\/td>\n<\/tr>\n<\/tbody>\n<\/table>\n<\/div>\n<\/div>\n<h2 data-start=\"1625\" data-end=\"1639\">Lietojums<\/h2>\n<p class=\"\" data-start=\"1641\" data-end=\"1676\">Lietojiet 1\u20132 kapsulas dien\u0101, uzdzerot \u016bdeni.<\/p>\n<ul data-start=\"1678\" data-end=\"1935\">\n<li class=\"\" data-start=\"1678\" data-end=\"1724\">\n<p class=\"\" data-start=\"1680\" data-end=\"1724\">Ieteicamo dienas devu nedr\u012bkst p\u0101rsniegt.<\/p>\n<\/li>\n<li class=\"\" data-start=\"1725\" data-end=\"1817\">\n<p class=\"\" data-start=\"1727\" data-end=\"1817\">Uztura bag\u0101tin\u0101t\u0101js neaizst\u0101j daudzveid\u012bgu un sabalans\u0113tu uzturu vai vesel\u012bgu dz\u012bvesveidu.<\/p>\n<\/li>\n<li class=\"\" data-start=\"1818\" data-end=\"1856\">\n<p class=\"\" data-start=\"1820\" data-end=\"1856\">Sarg\u0101t no b\u0113rniem.<\/p>\n<\/li>\n<\/ul>\n","protected":false},"excerpt":{"rendered":"<p class=\"p1\">M\u016bsu gremo\u0161anas sist\u0113mai ir svar\u012bga loma m\u016bsu visp\u0101r\u0113j\u0101s labsaj\u016btas un labsaj\u016btas veido\u0161an\u0101. Ja gremo\u0161ana nedarbojas vienm\u0113r\u012bgi vai ir trauc\u0113ts mikrobioma l\u012bdzsvars, tas var ietekm\u0113t ener\u0123ijas l\u012bmeni, bar\u012bbas vielu uzs\u016bk\u0161anos un organisma rezistenci. <b>Pure + Strong Bifido piensk\u0101bes bakt\u0113rijas + glutam\u012bns<\/b> ir izstr\u0101d\u0101ts, lai atbalst\u012btu norm\u0101lu gremo\u0161anas trakta darb\u012bbu un sniegtu labsaj\u016btu katru dienu. <\/p>\n<p class=\"p1\">Uztura bag\u0101tin\u0101t\u0101ja galven\u0101s sast\u0101vda\u013cas ir Bifidobacterium longum \u2013 viena no piensk\u0101bes bakt\u0113rij\u0101m, kas atrodas dabiskaj\u0101 cilv\u0113ka mikrobiom\u0101, \u2013 un aminosk\u0101be glutam\u012bns, kas akt\u012bvi piedal\u0101s organisma vielmai\u0146\u0101 un atbalsta norm\u0101lu ku\u0146\u0123a-zarnu trakta g\u013cot\u0101das \u0161\u016bnu darb\u012bbu.<\/p>\n<p class=\"p1\">Bifidobacterium longum pal\u012bdz uztur\u0113t mikrofloras daudzveid\u012bbu, kas ir svar\u012bga zarnu darb\u012bbai un im\u016bnsist\u0113mas atbalstam. Glutam\u012bns ir svar\u012bgs ener\u0123ijas avots \u0101tri atjaunojo\u0161iem audiem, tostarp tiev\u0101s zarnas g\u013cot\u0101dai, \u012bpa\u0161i akt\u012bva dz\u012bvesveida, uztura izmai\u0146u vai citu stresa faktoru laik\u0101. <\/p>\n<p class=\"p1\">Produkts ir piem\u0113rots ikdienas lieto\u0161anai, \u012bpa\u0161i tiem, kam ir jut\u012bga gremo\u0161anas sist\u0113ma vai kuri v\u0113las atbalst\u012bt savas gremo\u0161anas sist\u0113mas dabisko l\u012bdzsvaru. T\u012brais sast\u0101vs \u2013 bez laktozes, glut\u0113na, cukura, m\u0101ksl\u012bgiem saldin\u0101t\u0101jiem vai konservantiem \u2013 padara to piem\u0113rotu veg\u0101niem un lietot\u0101jiem ar jut\u012bgu gremo\u0161anu. <\/p>\n<p class=\"\" data-start=\"1253\" data-end=\"1596\">\u0160is uztura bag\u0101tin\u0101t\u0101js ir piem\u0113rots ikdienas lieto\u0161anai, \u012bpa\u0161i cilv\u0113kiem ar jut\u012bgu gremo\u0161anu, saspringtu zarnu traktu vai tiem, kas v\u0113las atjaunot mikrobioma l\u012bdzsvaru, piem\u0113ram, p\u0113c antibiotiku kursa. Produktam ir t\u012brs sast\u0101vs: tas nesatur laktozi, glut\u0113nu, cukuru, m\u0101ksl\u012bgos saldin\u0101t\u0101jus vai konservantus, un tas ir piem\u0113rots ar\u012b veg\u0101niem. <\/p>\n","protected":false},"featured_media":33717,"comment_status":"closed","ping_status":"closed","template":"","meta":{"_acf_changed":false},"product_brand":[],"product_cat":[3344],"product_tag":[3348,3347,4077,4079,3886,4078],"class_list":{"0":"post-33711","1":"product","2":"type-product","3":"status-publish","4":"has-post-thumbnail","6":"product_cat-gremosana-un-vielmaina","7":"product_tag-bez-glutena","8":"product_tag-bez-laktozes","9":"product_tag-bifido-lv","10":"product_tag-bifidobacterium-longum-lv","11":"product_tag-gremosana-un-vielmaina-lv","12":"product_tag-probiotikis","14":"first","15":"onbackorder","16":"taxable","17":"shipping-taxable","18":"purchasable","19":"product-type-simple"},"acf":[],"yoast_head":"<!-- This site is optimized with the Yoast SEO plugin v27.1.1 - https:\/\/yoast.com\/product\/yoast-seo-wordpress\/ -->\n<title>Sp\u0113c\u012bgas Bifido piensk\u0101bes bakt\u0113rijas + glutam\u012bns 60 kapsulas - Puhdas+<\/title>\n<meta name=\"description\" content=\"Bifido piensk\u0101bes bakt\u0113rijas un glutam\u012bns \u2013 veg\u0101niem draudz\u012bgs uztura bag\u0101tin\u0101t\u0101js gremo\u0161anas vesel\u012bbas atbalstam. Satur 5 miljardus dz\u012bvu bakt\u0113riju un L-glutam\u012bnu.\" \/>\n<meta name=\"robots\" content=\"noindex, follow, max-snippet:-1, max-image-preview:large, max-video-preview:-1\" \/>\n<meta property=\"og:locale\" content=\"lv_LV\" \/>\n<meta property=\"og:type\" content=\"article\" \/>\n<meta property=\"og:title\" content=\"Sp\u0113c\u012bgas Bifido piensk\u0101bes bakt\u0113rijas + glutam\u012bns 60 kapsulas - Puhdas+\" \/>\n<meta property=\"og:description\" content=\"Bifido piensk\u0101bes bakt\u0113rijas un glutam\u012bns \u2013 veg\u0101niem draudz\u012bgs uztura bag\u0101tin\u0101t\u0101js gremo\u0161anas vesel\u012bbas atbalstam. Satur 5 miljardus dz\u012bvu bakt\u0113riju un L-glutam\u012bnu.\" \/>\n<meta property=\"og:url\" content=\"https:\/\/test.puhdasplus.ee\/lv\/tooted\/gremosana-un-vielmaina\/specigas-bifido-pienskabes-bakterijas-glutamins-60-kapsulas\/\" \/>\n<meta property=\"og:site_name\" content=\"Puhdas+\" \/>\n<meta property=\"article:publisher\" content=\"https:\/\/www.facebook.com\/puhdasplus\" \/>\n<meta property=\"article:modified_time\" content=\"2026-02-27T11:12:15+00:00\" \/>\n<meta property=\"og:image\" content=\"https:\/\/test.puhdasplus.ee\/wp-content\/uploads\/2023\/05\/Untitled-design-45-copy.jpg\" \/>\n\t<meta property=\"og:image:width\" content=\"1862\" \/>\n\t<meta property=\"og:image:height\" content=\"2560\" \/>\n\t<meta property=\"og:image:type\" content=\"image\/jpeg\" \/>\n<meta name=\"twitter:card\" content=\"summary_large_image\" \/>\n<meta name=\"twitter:label1\" content=\"Est. reading time\" \/>\n\t<meta name=\"twitter:data1\" content=\"2 min\u016btes\" \/>\n<script type=\"application\/ld+json\" class=\"yoast-schema-graph\">{\"@context\":\"https:\/\/schema.org\",\"@graph\":[{\"@type\":\"WebPage\",\"@id\":\"https:\/\/test.puhdasplus.ee\/lv\/tooted\/gremosana-un-vielmaina\/specigas-bifido-pienskabes-bakterijas-glutamins-60-kapsulas\/\",\"url\":\"https:\/\/test.puhdasplus.ee\/lv\/tooted\/gremosana-un-vielmaina\/specigas-bifido-pienskabes-bakterijas-glutamins-60-kapsulas\/\",\"name\":\"Sp\u0113c\u012bgas Bifido piensk\u0101bes bakt\u0113rijas + glutam\u012bns 60 kapsulas - Puhdas+\",\"isPartOf\":{\"@id\":\"https:\/\/test.puhdasplus.ee\/lv\/#website\"},\"primaryImageOfPage\":{\"@id\":\"https:\/\/test.puhdasplus.ee\/lv\/tooted\/gremosana-un-vielmaina\/specigas-bifido-pienskabes-bakterijas-glutamins-60-kapsulas\/#primaryimage\"},\"image\":{\"@id\":\"https:\/\/test.puhdasplus.ee\/lv\/tooted\/gremosana-un-vielmaina\/specigas-bifido-pienskabes-bakterijas-glutamins-60-kapsulas\/#primaryimage\"},\"thumbnailUrl\":\"https:\/\/test.puhdasplus.ee\/wp-content\/uploads\/2023\/05\/Untitled-design-45-copy.jpg\",\"datePublished\":\"2023-05-25T19:05:03+00:00\",\"dateModified\":\"2026-02-27T11:12:15+00:00\",\"description\":\"Bifido piensk\u0101bes bakt\u0113rijas un glutam\u012bns \u2013 veg\u0101niem draudz\u012bgs uztura bag\u0101tin\u0101t\u0101js gremo\u0161anas vesel\u012bbas atbalstam. Satur 5 miljardus dz\u012bvu bakt\u0113riju un L-glutam\u012bnu.\",\"breadcrumb\":{\"@id\":\"https:\/\/test.puhdasplus.ee\/lv\/tooted\/gremosana-un-vielmaina\/specigas-bifido-pienskabes-bakterijas-glutamins-60-kapsulas\/#breadcrumb\"},\"inLanguage\":\"lv-LV\",\"potentialAction\":[{\"@type\":\"ReadAction\",\"target\":[\"https:\/\/test.puhdasplus.ee\/lv\/tooted\/gremosana-un-vielmaina\/specigas-bifido-pienskabes-bakterijas-glutamins-60-kapsulas\/\"]}]},{\"@type\":\"ImageObject\",\"inLanguage\":\"lv-LV\",\"@id\":\"https:\/\/test.puhdasplus.ee\/lv\/tooted\/gremosana-un-vielmaina\/specigas-bifido-pienskabes-bakterijas-glutamins-60-kapsulas\/#primaryimage\",\"url\":\"https:\/\/test.puhdasplus.ee\/wp-content\/uploads\/2023\/05\/Untitled-design-45-copy.jpg\",\"contentUrl\":\"https:\/\/test.puhdasplus.ee\/wp-content\/uploads\/2023\/05\/Untitled-design-45-copy.jpg\",\"width\":1862,\"height\":2560,\"caption\":\"Bifido Comp piensk\u0101bes bakt\u0113rijas + L-glutam\u012bns\"},{\"@type\":\"BreadcrumbList\",\"@id\":\"https:\/\/test.puhdasplus.ee\/lv\/tooted\/gremosana-un-vielmaina\/specigas-bifido-pienskabes-bakterijas-glutamins-60-kapsulas\/#breadcrumb\",\"itemListElement\":[{\"@type\":\"ListItem\",\"position\":1,\"name\":\"S\u0101kums\",\"item\":\"https:\/\/test.puhdasplus.ee\/lv\/\"},{\"@type\":\"ListItem\",\"position\":2,\"name\":\"Produkti\",\"item\":\"https:\/\/test.puhdasplus.ee\/lv\/veikals\/\"},{\"@type\":\"ListItem\",\"position\":3,\"name\":\"Sp\u0113c\u012bgas Bifido piensk\u0101bes bakt\u0113rijas + glutam\u012bns 60 kapsulas\"}]},{\"@type\":\"WebSite\",\"@id\":\"https:\/\/test.puhdasplus.ee\/lv\/#website\",\"url\":\"https:\/\/test.puhdasplus.ee\/lv\/\",\"name\":\"Puhdas+\",\"description\":\"Vitamiinid, Toidulisandid, looduskosmeetika, tervis, sport\",\"publisher\":{\"@id\":\"https:\/\/test.puhdasplus.ee\/lv\/#organization\"},\"potentialAction\":[{\"@type\":\"SearchAction\",\"target\":{\"@type\":\"EntryPoint\",\"urlTemplate\":\"https:\/\/test.puhdasplus.ee\/lv\/?s={search_term_string}\"},\"query-input\":{\"@type\":\"PropertyValueSpecification\",\"valueRequired\":true,\"valueName\":\"search_term_string\"}}],\"inLanguage\":\"lv-LV\"},{\"@type\":\"Organization\",\"@id\":\"https:\/\/test.puhdasplus.ee\/lv\/#organization\",\"name\":\"Puhdas+\",\"alternateName\":\"Puhdasplus\",\"url\":\"https:\/\/test.puhdasplus.ee\/lv\/\",\"logo\":{\"@type\":\"ImageObject\",\"inLanguage\":\"lv-LV\",\"@id\":\"https:\/\/test.puhdasplus.ee\/lv\/#\/schema\/logo\/image\/\",\"url\":\"https:\/\/test.puhdasplus.ee\/\/wp-content\/uploads\/2019\/10\/puhdas_logo-arvele.png\",\"contentUrl\":\"https:\/\/test.puhdasplus.ee\/\/wp-content\/uploads\/2019\/10\/puhdas_logo-arvele.png\",\"width\":114,\"height\":94,\"caption\":\"Puhdas+\"},\"image\":{\"@id\":\"https:\/\/test.puhdasplus.ee\/lv\/#\/schema\/logo\/image\/\"},\"sameAs\":[\"https:\/\/www.facebook.com\/puhdasplus\",\"https:\/\/www.instagram.com\/puhdasplus_ee\/\"]}]}<\/script>\n<!-- \/ Yoast SEO plugin. -->","yoast_head_json":{"title":"Sp\u0113c\u012bgas Bifido piensk\u0101bes bakt\u0113rijas + glutam\u012bns 60 kapsulas - Puhdas+","description":"Bifido piensk\u0101bes bakt\u0113rijas un glutam\u012bns \u2013 veg\u0101niem draudz\u012bgs uztura bag\u0101tin\u0101t\u0101js gremo\u0161anas vesel\u012bbas atbalstam. Satur 5 miljardus dz\u012bvu bakt\u0113riju un L-glutam\u012bnu.","robots":{"index":"noindex","follow":"follow","max-snippet":"max-snippet:-1","max-image-preview":"max-image-preview:large","max-video-preview":"max-video-preview:-1"},"og_locale":"lv_LV","og_type":"article","og_title":"Sp\u0113c\u012bgas Bifido piensk\u0101bes bakt\u0113rijas + glutam\u012bns 60 kapsulas - Puhdas+","og_description":"Bifido piensk\u0101bes bakt\u0113rijas un glutam\u012bns \u2013 veg\u0101niem draudz\u012bgs uztura bag\u0101tin\u0101t\u0101js gremo\u0161anas vesel\u012bbas atbalstam. Satur 5 miljardus dz\u012bvu bakt\u0113riju un L-glutam\u012bnu.","og_url":"https:\/\/test.puhdasplus.ee\/lv\/tooted\/gremosana-un-vielmaina\/specigas-bifido-pienskabes-bakterijas-glutamins-60-kapsulas\/","og_site_name":"Puhdas+","article_publisher":"https:\/\/www.facebook.com\/puhdasplus","article_modified_time":"2026-02-27T11:12:15+00:00","og_image":[{"width":1862,"height":2560,"url":"https:\/\/test.puhdasplus.ee\/wp-content\/uploads\/2023\/05\/Untitled-design-45-copy.jpg","type":"image\/jpeg"}],"twitter_card":"summary_large_image","twitter_misc":{"Est. reading time":"2 min\u016btes"},"schema":{"@context":"https:\/\/schema.org","@graph":[{"@type":"WebPage","@id":"https:\/\/test.puhdasplus.ee\/lv\/tooted\/gremosana-un-vielmaina\/specigas-bifido-pienskabes-bakterijas-glutamins-60-kapsulas\/","url":"https:\/\/test.puhdasplus.ee\/lv\/tooted\/gremosana-un-vielmaina\/specigas-bifido-pienskabes-bakterijas-glutamins-60-kapsulas\/","name":"Sp\u0113c\u012bgas Bifido piensk\u0101bes bakt\u0113rijas + glutam\u012bns 60 kapsulas - Puhdas+","isPartOf":{"@id":"https:\/\/test.puhdasplus.ee\/lv\/#website"},"primaryImageOfPage":{"@id":"https:\/\/test.puhdasplus.ee\/lv\/tooted\/gremosana-un-vielmaina\/specigas-bifido-pienskabes-bakterijas-glutamins-60-kapsulas\/#primaryimage"},"image":{"@id":"https:\/\/test.puhdasplus.ee\/lv\/tooted\/gremosana-un-vielmaina\/specigas-bifido-pienskabes-bakterijas-glutamins-60-kapsulas\/#primaryimage"},"thumbnailUrl":"https:\/\/test.puhdasplus.ee\/wp-content\/uploads\/2023\/05\/Untitled-design-45-copy.jpg","datePublished":"2023-05-25T19:05:03+00:00","dateModified":"2026-02-27T11:12:15+00:00","description":"Bifido piensk\u0101bes bakt\u0113rijas un glutam\u012bns \u2013 veg\u0101niem draudz\u012bgs uztura bag\u0101tin\u0101t\u0101js gremo\u0161anas vesel\u012bbas atbalstam. Satur 5 miljardus dz\u012bvu bakt\u0113riju un L-glutam\u012bnu.","breadcrumb":{"@id":"https:\/\/test.puhdasplus.ee\/lv\/tooted\/gremosana-un-vielmaina\/specigas-bifido-pienskabes-bakterijas-glutamins-60-kapsulas\/#breadcrumb"},"inLanguage":"lv-LV","potentialAction":[{"@type":"ReadAction","target":["https:\/\/test.puhdasplus.ee\/lv\/tooted\/gremosana-un-vielmaina\/specigas-bifido-pienskabes-bakterijas-glutamins-60-kapsulas\/"]}]},{"@type":"ImageObject","inLanguage":"lv-LV","@id":"https:\/\/test.puhdasplus.ee\/lv\/tooted\/gremosana-un-vielmaina\/specigas-bifido-pienskabes-bakterijas-glutamins-60-kapsulas\/#primaryimage","url":"https:\/\/test.puhdasplus.ee\/wp-content\/uploads\/2023\/05\/Untitled-design-45-copy.jpg","contentUrl":"https:\/\/test.puhdasplus.ee\/wp-content\/uploads\/2023\/05\/Untitled-design-45-copy.jpg","width":1862,"height":2560,"caption":"Bifido Comp piensk\u0101bes bakt\u0113rijas + L-glutam\u012bns"},{"@type":"BreadcrumbList","@id":"https:\/\/test.puhdasplus.ee\/lv\/tooted\/gremosana-un-vielmaina\/specigas-bifido-pienskabes-bakterijas-glutamins-60-kapsulas\/#breadcrumb","itemListElement":[{"@type":"ListItem","position":1,"name":"S\u0101kums","item":"https:\/\/test.puhdasplus.ee\/lv\/"},{"@type":"ListItem","position":2,"name":"Produkti","item":"https:\/\/test.puhdasplus.ee\/lv\/veikals\/"},{"@type":"ListItem","position":3,"name":"Sp\u0113c\u012bgas Bifido piensk\u0101bes bakt\u0113rijas + glutam\u012bns 60 kapsulas"}]},{"@type":"WebSite","@id":"https:\/\/test.puhdasplus.ee\/lv\/#website","url":"https:\/\/test.puhdasplus.ee\/lv\/","name":"Puhdas+","description":"Vitamiinid, Toidulisandid, looduskosmeetika, tervis, sport","publisher":{"@id":"https:\/\/test.puhdasplus.ee\/lv\/#organization"},"potentialAction":[{"@type":"SearchAction","target":{"@type":"EntryPoint","urlTemplate":"https:\/\/test.puhdasplus.ee\/lv\/?s={search_term_string}"},"query-input":{"@type":"PropertyValueSpecification","valueRequired":true,"valueName":"search_term_string"}}],"inLanguage":"lv-LV"},{"@type":"Organization","@id":"https:\/\/test.puhdasplus.ee\/lv\/#organization","name":"Puhdas+","alternateName":"Puhdasplus","url":"https:\/\/test.puhdasplus.ee\/lv\/","logo":{"@type":"ImageObject","inLanguage":"lv-LV","@id":"https:\/\/test.puhdasplus.ee\/lv\/#\/schema\/logo\/image\/","url":"https:\/\/test.puhdasplus.ee\/\/wp-content\/uploads\/2019\/10\/puhdas_logo-arvele.png","contentUrl":"https:\/\/test.puhdasplus.ee\/\/wp-content\/uploads\/2019\/10\/puhdas_logo-arvele.png","width":114,"height":94,"caption":"Puhdas+"},"image":{"@id":"https:\/\/test.puhdasplus.ee\/lv\/#\/schema\/logo\/image\/"},"sameAs":["https:\/\/www.facebook.com\/puhdasplus","https:\/\/www.instagram.com\/puhdasplus_ee\/"]}]}},"_links":{"self":[{"href":"https:\/\/test.puhdasplus.ee\/lv\/wp-json\/wp\/v2\/product\/33711","targetHints":{"allow":["GET"]}}],"collection":[{"href":"https:\/\/test.puhdasplus.ee\/lv\/wp-json\/wp\/v2\/product"}],"about":[{"href":"https:\/\/test.puhdasplus.ee\/lv\/wp-json\/wp\/v2\/types\/product"}],"replies":[{"embeddable":true,"href":"https:\/\/test.puhdasplus.ee\/lv\/wp-json\/wp\/v2\/comments?post=33711"}],"wp:featuredmedia":[{"embeddable":true,"href":"https:\/\/test.puhdasplus.ee\/lv\/wp-json\/wp\/v2\/media\/33717"}],"wp:attachment":[{"href":"https:\/\/test.puhdasplus.ee\/lv\/wp-json\/wp\/v2\/media?parent=33711"}],"wp:term":[{"taxonomy":"product_brand","embeddable":true,"href":"https:\/\/test.puhdasplus.ee\/lv\/wp-json\/wp\/v2\/product_brand?post=33711"},{"taxonomy":"product_cat","embeddable":true,"href":"https:\/\/test.puhdasplus.ee\/lv\/wp-json\/wp\/v2\/product_cat?post=33711"},{"taxonomy":"product_tag","embeddable":true,"href":"https:\/\/test.puhdasplus.ee\/lv\/wp-json\/wp\/v2\/product_tag?post=33711"}],"curies":[{"name":"wp","href":"https:\/\/api.w.org\/{rel}","templated":true}]}}