{"id":33697,"date":"2023-04-06T08:40:07","date_gmt":"2023-04-06T05:40:07","guid":{"rendered":"https:\/\/test.puhdasplus.ee\/\/tooted\/uncategorized\/skaistuma-kolagens-14-porcijas\/"},"modified":"2026-02-27T13:12:12","modified_gmt":"2026-02-27T11:12:12","slug":"skaistuma-kolagens-14-porcijas","status":"publish","type":"product","link":"https:\/\/test.puhdasplus.ee\/lv\/tooted\/ada-mati-nagi\/kolagens\/skaistuma-kolagens-14-porcijas\/","title":{"rendered":"Skaistuma kolag\u0113ns \u2013 14 porcijas"},"content":{"rendered":"<p data-start=\"139\" data-end=\"648\"><strong data-start=\"139\" data-end=\"167\">Beauty Collagen<\/strong> ir \u012bpa\u0161i izstr\u0101d\u0101ts uztura bag\u0101tin\u0101t\u0101js, kas nodro\u0161ina efekt\u012bvu un viegli uzs\u016bco\u0161u hidroliz\u0113tu kolag\u0113nu ar C vitam\u012bnu, lai atbalst\u012btu vesel\u012bgu \u0101du, matus un nagus. Kolag\u0113ns ir svar\u012bga olbaltumviela, kas veido aptuveni 30% no organisma olbaltumviel\u0101m, \u012bpa\u0161i \u0101d\u0101. Aptuveni no 25 gadu vecuma kolag\u0113na ra\u017eo\u0161ana organism\u0101 s\u0101k samazin\u0101ties, kas var ietekm\u0113t \u0101das elast\u012bbu un jaunekl\u012bbu. C vitam\u012bns veicina norm\u0101lu kolag\u0113na veido\u0161anos, kas ir nepiecie\u0161ams norm\u0101lai \u0101das darb\u012bbai.    <\/p>\n<p data-start=\"650\" data-end=\"672\"><strong data-start=\"650\" data-end=\"672\">Galven\u0101s iez\u012bmes:<\/strong><\/p>\n<ul data-start=\"673\" data-end=\"1029\">\n<li data-start=\"673\" data-end=\"771\"><strong data-start=\"675\" data-end=\"703\">Hidroliz\u0113ts kolag\u0113ns:<\/strong> Pal\u012bdz izl\u012bdzin\u0101t smalk\u0101s l\u012bnijas un grumbas un uzlabot \u0101das elast\u012bbu.<\/li>\n<li data-start=\"772\" data-end=\"875\"><strong data-start=\"774\" data-end=\"789\">C vitam\u012bns:<\/strong> Veicina norm\u0101lu kolag\u0113na veido\u0161anos un aizsarg\u0101 \u0161\u016bnas no oksidat\u012bv\u0101 stresa.<\/li>\n<li data-start=\"876\" data-end=\"1029\"><strong data-start=\"878\" data-end=\"902\">\u0112rti doz\u0113jami iepakojumi:<\/strong> Katr\u0101 iepakojum\u0101 ir 2,5 g patent\u0113ta kolag\u0113na, ko ir viegli sajaukt ar \u016bdeni vai citu dz\u0113rienu, nodro\u0161inot svaigu citrona gar\u0161u.<\/li>\n<\/ul>\n<p data-start=\"1031\" data-end=\"1367\"><strong data-start=\"1031\" data-end=\"1046\">Lieto\u0161ana:<\/strong> Ieteicam\u0101 deva ir 1 paci\u0146a dien\u0101. Sajauciet pulveri ar \u016bdeni vai citu dz\u0113rienu. Lab\u0101kam rezult\u0101tam izmantojiet \u0161eikeri vai sajauciet \u016bdens pudel\u0113 un \u0146emiet l\u012bdzi!   Nep\u0101rsniedziet ieteicamo dienas devu. Uztura bag\u0101tin\u0101t\u0101js neaizst\u0101j daudzveid\u012bgu un sabalans\u0113tu uzturu vai vesel\u012bgu dz\u012bvesveidu. Sarg\u0101t no b\u0113rniem.<\/p>\n<p data-start=\"1369\" data-end=\"1583\"><strong data-start=\"1369\" data-end=\"1385\">Sast\u0101vda\u013cas:<\/strong> Hidroliz\u0113ts liellopu kolag\u0113ns, n\u0101trija L-askorb\u0101ts, dab\u012bgs citronu aromatiz\u0113t\u0101js, saldin\u0101t\u0101js (steviola glikoz\u012bdi). Nesatur pienu, laktozi, raugu vai glut\u0113nu. Nesatur cukuru, s\u0101li vai soju.<\/p>\n<p data-start=\"1585\" data-end=\"1624\"><strong data-start=\"1585\" data-end=\"1624\">Uzturv\u0113rt\u012bbas inform\u0101cija (1 porcija):<\/strong><\/p>\n<ul data-start=\"1625\" data-end=\"1704\">\n<li data-start=\"1625\" data-end=\"1647\"><strong data-start=\"1627\" data-end=\"1641\">Kolag\u0113ns:<\/strong> 2,5 g<\/li>\n<li data-start=\"1648\" data-end=\"1704\"><strong data-start=\"1650\" data-end=\"1665\">C vitam\u012bns:<\/strong> 80 mg (100% no ieteicam\u0101s dienas devas)<\/li>\n<\/ul>\n","protected":false},"excerpt":{"rendered":"<p><strong data-start=\"1765\" data-end=\"1793\">Beauty Collagen<\/strong> ir efekt\u012bvs uztura bag\u0101tin\u0101t\u0101js, kas satur hidroliz\u0113tu kolag\u0113nu un C vitam\u012bnu, lai atbalst\u012btu \u0101das elast\u012bbu, matu un nagu vesel\u012bbu. \u0112rti doz\u0113jamie iepakojumi \u013cauj to viegli lietot ikdienas dz\u012bv\u0113. <\/p>\n","protected":false},"featured_media":33701,"comment_status":"closed","ping_status":"closed","template":"","meta":{"_acf_changed":false},"product_brand":[],"product_cat":[3296,4069],"product_tag":[2537,3202,4071,3484,4070,2559],"class_list":{"0":"post-33697","1":"product","2":"type-product","3":"status-publish","4":"has-post-thumbnail","6":"product_cat-ada-mati-nagi","7":"product_cat-kolagens","8":"product_tag-adas-elastiba","9":"product_tag-c-vitamins-lv","10":"product_tag-hidrolizets-kolagens","11":"product_tag-kolagens","12":"product_tag-matu-un-nagu-veseliba","13":"product_tag-tirs-skaistums","15":"first","16":"onbackorder","17":"taxable","18":"shipping-taxable","19":"purchasable","20":"product-type-simple"},"acf":[],"yoast_head":"<!-- This site is optimized with the Yoast SEO plugin v27.1.1 - https:\/\/yoast.com\/product\/yoast-seo-wordpress\/ -->\n<title>Skaistuma kolag\u0113ns \u2013 14 porcijas - Puhdas+<\/title>\n<meta name=\"description\" content=\"Skaistuma kolag\u0113ns \u2013 14 porcijas ar hidroliz\u0113tu kolag\u0113nu un C vitam\u012bnu \u0101das, matu un nagu vesel\u012bbas atbalstam. Viegli lietojams, svaiga citrona gar\u0161a.\" \/>\n<meta name=\"robots\" content=\"noindex, follow, max-snippet:-1, max-image-preview:large, max-video-preview:-1\" \/>\n<meta property=\"og:locale\" content=\"lv_LV\" \/>\n<meta property=\"og:type\" content=\"article\" \/>\n<meta property=\"og:title\" content=\"Skaistuma kolag\u0113ns \u2013 14 porcijas - Puhdas+\" \/>\n<meta property=\"og:description\" content=\"Skaistuma kolag\u0113ns \u2013 14 porcijas ar hidroliz\u0113tu kolag\u0113nu un C vitam\u012bnu \u0101das, matu un nagu vesel\u012bbas atbalstam. Viegli lietojams, svaiga citrona gar\u0161a.\" \/>\n<meta property=\"og:url\" content=\"https:\/\/test.puhdasplus.ee\/lv\/tooted\/ada-mati-nagi\/kolagens\/skaistuma-kolagens-14-porcijas\/\" \/>\n<meta property=\"og:site_name\" content=\"Puhdas+\" \/>\n<meta property=\"article:publisher\" content=\"https:\/\/www.facebook.com\/puhdasplus\" \/>\n<meta property=\"article:modified_time\" content=\"2026-02-27T11:12:12+00:00\" \/>\n<meta property=\"og:image\" content=\"https:\/\/test.puhdasplus.ee\/wp-content\/uploads\/2023\/04\/Untitled-design-45-copy-5.jpg\" \/>\n\t<meta property=\"og:image:width\" content=\"1862\" \/>\n\t<meta property=\"og:image:height\" content=\"2560\" \/>\n\t<meta property=\"og:image:type\" content=\"image\/jpeg\" \/>\n<meta name=\"twitter:card\" content=\"summary_large_image\" \/>\n<meta name=\"twitter:label1\" content=\"Est. reading time\" \/>\n\t<meta name=\"twitter:data1\" content=\"1 minute\" \/>\n<script type=\"application\/ld+json\" class=\"yoast-schema-graph\">{\"@context\":\"https:\/\/schema.org\",\"@graph\":[{\"@type\":\"WebPage\",\"@id\":\"https:\/\/test.puhdasplus.ee\/lv\/tooted\/ada-mati-nagi\/kolagens\/skaistuma-kolagens-14-porcijas\/\",\"url\":\"https:\/\/test.puhdasplus.ee\/lv\/tooted\/ada-mati-nagi\/kolagens\/skaistuma-kolagens-14-porcijas\/\",\"name\":\"Skaistuma kolag\u0113ns \u2013 14 porcijas - Puhdas+\",\"isPartOf\":{\"@id\":\"https:\/\/test.puhdasplus.ee\/lv\/#website\"},\"primaryImageOfPage\":{\"@id\":\"https:\/\/test.puhdasplus.ee\/lv\/tooted\/ada-mati-nagi\/kolagens\/skaistuma-kolagens-14-porcijas\/#primaryimage\"},\"image\":{\"@id\":\"https:\/\/test.puhdasplus.ee\/lv\/tooted\/ada-mati-nagi\/kolagens\/skaistuma-kolagens-14-porcijas\/#primaryimage\"},\"thumbnailUrl\":\"https:\/\/test.puhdasplus.ee\/wp-content\/uploads\/2023\/04\/Untitled-design-45-copy-5.jpg\",\"datePublished\":\"2023-04-06T05:40:07+00:00\",\"dateModified\":\"2026-02-27T11:12:12+00:00\",\"description\":\"Skaistuma kolag\u0113ns \u2013 14 porcijas ar hidroliz\u0113tu kolag\u0113nu un C vitam\u012bnu \u0101das, matu un nagu vesel\u012bbas atbalstam. Viegli lietojams, svaiga citrona gar\u0161a.\",\"breadcrumb\":{\"@id\":\"https:\/\/test.puhdasplus.ee\/lv\/tooted\/ada-mati-nagi\/kolagens\/skaistuma-kolagens-14-porcijas\/#breadcrumb\"},\"inLanguage\":\"lv-LV\",\"potentialAction\":[{\"@type\":\"ReadAction\",\"target\":[\"https:\/\/test.puhdasplus.ee\/lv\/tooted\/ada-mati-nagi\/kolagens\/skaistuma-kolagens-14-porcijas\/\"]}]},{\"@type\":\"ImageObject\",\"inLanguage\":\"lv-LV\",\"@id\":\"https:\/\/test.puhdasplus.ee\/lv\/tooted\/ada-mati-nagi\/kolagens\/skaistuma-kolagens-14-porcijas\/#primaryimage\",\"url\":\"https:\/\/test.puhdasplus.ee\/wp-content\/uploads\/2023\/04\/Untitled-design-45-copy-5.jpg\",\"contentUrl\":\"https:\/\/test.puhdasplus.ee\/wp-content\/uploads\/2023\/04\/Untitled-design-45-copy-5.jpg\",\"width\":1862,\"height\":2560,\"caption\":\"Skaistuma kolag\u0113ns \u2013 14 porcijas\"},{\"@type\":\"BreadcrumbList\",\"@id\":\"https:\/\/test.puhdasplus.ee\/lv\/tooted\/ada-mati-nagi\/kolagens\/skaistuma-kolagens-14-porcijas\/#breadcrumb\",\"itemListElement\":[{\"@type\":\"ListItem\",\"position\":1,\"name\":\"S\u0101kums\",\"item\":\"https:\/\/test.puhdasplus.ee\/lv\/\"},{\"@type\":\"ListItem\",\"position\":2,\"name\":\"Produkti\",\"item\":\"https:\/\/test.puhdasplus.ee\/lv\/veikals\/\"},{\"@type\":\"ListItem\",\"position\":3,\"name\":\"Skaistuma kolag\u0113ns \u2013 14 porcijas\"}]},{\"@type\":\"WebSite\",\"@id\":\"https:\/\/test.puhdasplus.ee\/lv\/#website\",\"url\":\"https:\/\/test.puhdasplus.ee\/lv\/\",\"name\":\"Puhdas+\",\"description\":\"Vitamiinid, Toidulisandid, looduskosmeetika, tervis, sport\",\"publisher\":{\"@id\":\"https:\/\/test.puhdasplus.ee\/lv\/#organization\"},\"potentialAction\":[{\"@type\":\"SearchAction\",\"target\":{\"@type\":\"EntryPoint\",\"urlTemplate\":\"https:\/\/test.puhdasplus.ee\/lv\/?s={search_term_string}\"},\"query-input\":{\"@type\":\"PropertyValueSpecification\",\"valueRequired\":true,\"valueName\":\"search_term_string\"}}],\"inLanguage\":\"lv-LV\"},{\"@type\":\"Organization\",\"@id\":\"https:\/\/test.puhdasplus.ee\/lv\/#organization\",\"name\":\"Puhdas+\",\"alternateName\":\"Puhdasplus\",\"url\":\"https:\/\/test.puhdasplus.ee\/lv\/\",\"logo\":{\"@type\":\"ImageObject\",\"inLanguage\":\"lv-LV\",\"@id\":\"https:\/\/test.puhdasplus.ee\/lv\/#\/schema\/logo\/image\/\",\"url\":\"https:\/\/test.puhdasplus.ee\/\/wp-content\/uploads\/2019\/10\/puhdas_logo-arvele.png\",\"contentUrl\":\"https:\/\/test.puhdasplus.ee\/\/wp-content\/uploads\/2019\/10\/puhdas_logo-arvele.png\",\"width\":114,\"height\":94,\"caption\":\"Puhdas+\"},\"image\":{\"@id\":\"https:\/\/test.puhdasplus.ee\/lv\/#\/schema\/logo\/image\/\"},\"sameAs\":[\"https:\/\/www.facebook.com\/puhdasplus\",\"https:\/\/www.instagram.com\/puhdasplus_ee\/\"]}]}<\/script>\n<!-- \/ Yoast SEO plugin. -->","yoast_head_json":{"title":"Skaistuma kolag\u0113ns \u2013 14 porcijas - Puhdas+","description":"Skaistuma kolag\u0113ns \u2013 14 porcijas ar hidroliz\u0113tu kolag\u0113nu un C vitam\u012bnu \u0101das, matu un nagu vesel\u012bbas atbalstam. Viegli lietojams, svaiga citrona gar\u0161a.","robots":{"index":"noindex","follow":"follow","max-snippet":"max-snippet:-1","max-image-preview":"max-image-preview:large","max-video-preview":"max-video-preview:-1"},"og_locale":"lv_LV","og_type":"article","og_title":"Skaistuma kolag\u0113ns \u2013 14 porcijas - Puhdas+","og_description":"Skaistuma kolag\u0113ns \u2013 14 porcijas ar hidroliz\u0113tu kolag\u0113nu un C vitam\u012bnu \u0101das, matu un nagu vesel\u012bbas atbalstam. Viegli lietojams, svaiga citrona gar\u0161a.","og_url":"https:\/\/test.puhdasplus.ee\/lv\/tooted\/ada-mati-nagi\/kolagens\/skaistuma-kolagens-14-porcijas\/","og_site_name":"Puhdas+","article_publisher":"https:\/\/www.facebook.com\/puhdasplus","article_modified_time":"2026-02-27T11:12:12+00:00","og_image":[{"width":1862,"height":2560,"url":"https:\/\/test.puhdasplus.ee\/wp-content\/uploads\/2023\/04\/Untitled-design-45-copy-5.jpg","type":"image\/jpeg"}],"twitter_card":"summary_large_image","twitter_misc":{"Est. reading time":"1 minute"},"schema":{"@context":"https:\/\/schema.org","@graph":[{"@type":"WebPage","@id":"https:\/\/test.puhdasplus.ee\/lv\/tooted\/ada-mati-nagi\/kolagens\/skaistuma-kolagens-14-porcijas\/","url":"https:\/\/test.puhdasplus.ee\/lv\/tooted\/ada-mati-nagi\/kolagens\/skaistuma-kolagens-14-porcijas\/","name":"Skaistuma kolag\u0113ns \u2013 14 porcijas - Puhdas+","isPartOf":{"@id":"https:\/\/test.puhdasplus.ee\/lv\/#website"},"primaryImageOfPage":{"@id":"https:\/\/test.puhdasplus.ee\/lv\/tooted\/ada-mati-nagi\/kolagens\/skaistuma-kolagens-14-porcijas\/#primaryimage"},"image":{"@id":"https:\/\/test.puhdasplus.ee\/lv\/tooted\/ada-mati-nagi\/kolagens\/skaistuma-kolagens-14-porcijas\/#primaryimage"},"thumbnailUrl":"https:\/\/test.puhdasplus.ee\/wp-content\/uploads\/2023\/04\/Untitled-design-45-copy-5.jpg","datePublished":"2023-04-06T05:40:07+00:00","dateModified":"2026-02-27T11:12:12+00:00","description":"Skaistuma kolag\u0113ns \u2013 14 porcijas ar hidroliz\u0113tu kolag\u0113nu un C vitam\u012bnu \u0101das, matu un nagu vesel\u012bbas atbalstam. Viegli lietojams, svaiga citrona gar\u0161a.","breadcrumb":{"@id":"https:\/\/test.puhdasplus.ee\/lv\/tooted\/ada-mati-nagi\/kolagens\/skaistuma-kolagens-14-porcijas\/#breadcrumb"},"inLanguage":"lv-LV","potentialAction":[{"@type":"ReadAction","target":["https:\/\/test.puhdasplus.ee\/lv\/tooted\/ada-mati-nagi\/kolagens\/skaistuma-kolagens-14-porcijas\/"]}]},{"@type":"ImageObject","inLanguage":"lv-LV","@id":"https:\/\/test.puhdasplus.ee\/lv\/tooted\/ada-mati-nagi\/kolagens\/skaistuma-kolagens-14-porcijas\/#primaryimage","url":"https:\/\/test.puhdasplus.ee\/wp-content\/uploads\/2023\/04\/Untitled-design-45-copy-5.jpg","contentUrl":"https:\/\/test.puhdasplus.ee\/wp-content\/uploads\/2023\/04\/Untitled-design-45-copy-5.jpg","width":1862,"height":2560,"caption":"Skaistuma kolag\u0113ns \u2013 14 porcijas"},{"@type":"BreadcrumbList","@id":"https:\/\/test.puhdasplus.ee\/lv\/tooted\/ada-mati-nagi\/kolagens\/skaistuma-kolagens-14-porcijas\/#breadcrumb","itemListElement":[{"@type":"ListItem","position":1,"name":"S\u0101kums","item":"https:\/\/test.puhdasplus.ee\/lv\/"},{"@type":"ListItem","position":2,"name":"Produkti","item":"https:\/\/test.puhdasplus.ee\/lv\/veikals\/"},{"@type":"ListItem","position":3,"name":"Skaistuma kolag\u0113ns \u2013 14 porcijas"}]},{"@type":"WebSite","@id":"https:\/\/test.puhdasplus.ee\/lv\/#website","url":"https:\/\/test.puhdasplus.ee\/lv\/","name":"Puhdas+","description":"Vitamiinid, Toidulisandid, looduskosmeetika, tervis, sport","publisher":{"@id":"https:\/\/test.puhdasplus.ee\/lv\/#organization"},"potentialAction":[{"@type":"SearchAction","target":{"@type":"EntryPoint","urlTemplate":"https:\/\/test.puhdasplus.ee\/lv\/?s={search_term_string}"},"query-input":{"@type":"PropertyValueSpecification","valueRequired":true,"valueName":"search_term_string"}}],"inLanguage":"lv-LV"},{"@type":"Organization","@id":"https:\/\/test.puhdasplus.ee\/lv\/#organization","name":"Puhdas+","alternateName":"Puhdasplus","url":"https:\/\/test.puhdasplus.ee\/lv\/","logo":{"@type":"ImageObject","inLanguage":"lv-LV","@id":"https:\/\/test.puhdasplus.ee\/lv\/#\/schema\/logo\/image\/","url":"https:\/\/test.puhdasplus.ee\/\/wp-content\/uploads\/2019\/10\/puhdas_logo-arvele.png","contentUrl":"https:\/\/test.puhdasplus.ee\/\/wp-content\/uploads\/2019\/10\/puhdas_logo-arvele.png","width":114,"height":94,"caption":"Puhdas+"},"image":{"@id":"https:\/\/test.puhdasplus.ee\/lv\/#\/schema\/logo\/image\/"},"sameAs":["https:\/\/www.facebook.com\/puhdasplus","https:\/\/www.instagram.com\/puhdasplus_ee\/"]}]}},"_links":{"self":[{"href":"https:\/\/test.puhdasplus.ee\/lv\/wp-json\/wp\/v2\/product\/33697","targetHints":{"allow":["GET"]}}],"collection":[{"href":"https:\/\/test.puhdasplus.ee\/lv\/wp-json\/wp\/v2\/product"}],"about":[{"href":"https:\/\/test.puhdasplus.ee\/lv\/wp-json\/wp\/v2\/types\/product"}],"replies":[{"embeddable":true,"href":"https:\/\/test.puhdasplus.ee\/lv\/wp-json\/wp\/v2\/comments?post=33697"}],"wp:featuredmedia":[{"embeddable":true,"href":"https:\/\/test.puhdasplus.ee\/lv\/wp-json\/wp\/v2\/media\/33701"}],"wp:attachment":[{"href":"https:\/\/test.puhdasplus.ee\/lv\/wp-json\/wp\/v2\/media?parent=33697"}],"wp:term":[{"taxonomy":"product_brand","embeddable":true,"href":"https:\/\/test.puhdasplus.ee\/lv\/wp-json\/wp\/v2\/product_brand?post=33697"},{"taxonomy":"product_cat","embeddable":true,"href":"https:\/\/test.puhdasplus.ee\/lv\/wp-json\/wp\/v2\/product_cat?post=33697"},{"taxonomy":"product_tag","embeddable":true,"href":"https:\/\/test.puhdasplus.ee\/lv\/wp-json\/wp\/v2\/product_tag?post=33697"}],"curies":[{"name":"wp","href":"https:\/\/api.w.org\/{rel}","templated":true}]}}