{"id":33679,"date":"2023-04-13T19:34:23","date_gmt":"2023-04-13T16:34:23","guid":{"rendered":"https:\/\/test.puhdasplus.ee\/\/tooted\/uncategorized\/cinks-25-mg\/"},"modified":"2026-02-27T13:12:58","modified_gmt":"2026-02-27T11:12:58","slug":"cinks-25-mg","status":"publish","type":"product","link":"https:\/\/test.puhdasplus.ee\/lv\/tooted\/minerali\/cinks\/cinks-25-mg\/","title":{"rendered":"Cinks 25 mg"},"content":{"rendered":"<h2 data-start=\"169\" data-end=\"194\">Kas ir Pure+ Zinc un k\u0101p\u0113c tas ir noder\u012bgs?<\/h2>\n<p class=\"p1\">Pure+ Zinc 25 mg ir augstas kvalit\u0101tes uztura bag\u0101tin\u0101t\u0101js, kas satur divas viegli uzs\u016bcamas cinka formas \u2013 cinka glikon\u0101tu un cinka pikolin\u0101tu. Cinks ir svar\u012bgs miner\u0101ls, kas pal\u012bdz uztur\u0113t <b>norm\u0101lu im\u016bnsist\u0113mas, \u0101das, matu, nagu un redzes darb\u012bbu, k\u0101 ar\u012b atbalsta \u0161\u016bnu aizsardz\u012bbu pret oksidat\u012bvo stresu<\/b> . Ra\u017eots Somij\u0101 p\u0113c t\u012bra sast\u0101va principa \u2013 bez m\u0101ksl\u012bg\u0101m piedev\u0101m un piem\u0113rots ar\u012b veg\u0101niem.  <\/p>\n<h3>Efekt\u012bvs atbalsts im\u016bnsist\u0113mai<\/h3>\n<p class=\"p1\">Cinks veicina norm\u0101lu im\u016bnsist\u0113mas darb\u012bbu un atbalsta organisma dabisk\u0101s aizsargsp\u0113jas. Cinka defic\u012bts var izpausties k\u0101 l\u0113n\u0101ka atvese\u013co\u0161an\u0101s vai sausa \u0101da, t\u0101p\u0113c pietiekams cinka l\u012bmenis ir svar\u012bgs ikdienas iztur\u012bbas uztur\u0113\u0161anai. <\/p>\n<h3 class=\"\" data-start=\"1226\" data-end=\"1264\">\u0100das, matu un nagu kop\u0161ana<\/h3>\n<p class=\"\" data-start=\"1265\" data-end=\"1512\">Cinks ir paz\u012bstams ar\u012b k\u0101 skaistuma miner\u0101ls, jo tas pal\u012bdz uztur\u0113t norm\u0101lu \u0101das, matu un nagu st\u0101vokli. Cinks atbalsta \u0101das \u0161\u016bnu atjauno\u0161anos un pal\u012bdz uztur\u0113t \u0101das aizsargfunkciju \u2013 t\u0101p\u0113c cinku bie\u017ei izmanto \u0101das kop\u0161anas l\u012bdzek\u013cos. <\/p>\n<h3 class=\"\" data-start=\"1514\" data-end=\"1568\">Atbalsta redzi un antioksidantu aizsardz\u012bbu<\/h3>\n<p class=\"\" data-start=\"1569\" data-end=\"1778\">Cinks pal\u012bdz uztur\u0113t norm\u0101lu redzi un piedal\u0101s antioksidantu aizsardz\u012bb\u0101, pal\u012bdzot neitraliz\u0113t br\u012bvo radik\u0101\u013cu kait\u012bgo iedarb\u012bbu. Tas ir svar\u012bgi ne tikai ac\u012bm, bet ar\u012b visa organisma \u0161\u016bn\u0101m. <\/p>\n<h3 class=\"\" data-start=\"1780\" data-end=\"1808\"><b>Nervu sist\u0113ma un kognit\u012bvais atbalsts<\/b><\/h3>\n<p class=\"\" data-start=\"1809\" data-end=\"2000\">Cinkam ir ar\u012b noz\u012bme kognit\u012bvaj\u0101s funkcij\u0101s \u2013 tas atbalsta norm\u0101lu atmi\u0146u un nervu sist\u0113mas darb\u012bbu. Kop\u0101 ar citiem mikroelementiem cinks pal\u012bdz uztur\u0113t gar\u012bgo ener\u0123iju un skaidr\u012bbu. <\/p>\n<h2 data-start=\"360\" data-end=\"384\">K\u0101p\u0113c tas ir noder\u012bgi?<\/h2>\n<p class=\"\" data-start=\"386\" data-end=\"467\"><span class=\"relative -mx-px my-[-0.2rem] rounded px-px py-[0.2rem] transition-colors duration-100 ease-in-out\">Cinks ir svar\u012bgs miner\u0101ls, kas piedal\u0101s daudzos \u0137erme\u0146a procesos:<\/span><\/p>\n<ul data-start=\"469\" data-end=\"762\">\n<li class=\"\" data-start=\"469\" data-end=\"508\">\n<p class=\"\" data-start=\"471\" data-end=\"508\"><span class=\"relative -mx-px my-[-0.2rem] rounded px-px py-[0.2rem] transition-colors duration-100 ease-in-out\"><strong data-start=\"0\" data-end=\"30\" data-is-only-node=\"\">Im\u016bnsist\u0113mas atbalsts<\/strong> :<\/span> Cinks veicina norm\u0101lu im\u016bnsist\u0113mas darb\u012bbu<\/p>\n<\/li>\n<li class=\"\" data-start=\"509\" data-end=\"548\">\n<p class=\"\" data-start=\"511\" data-end=\"548\"><span class=\"relative -mx-px my-[-0.2rem] rounded px-px py-[0.2rem] transition-colors duration-100 ease-in-out\"><strong data-start=\"0\" data-end=\"33\" data-is-only-node=\"\">\u0100das, matu un nagu vesel\u012bba<\/strong> : atbalsta to norm\u0101lu st\u0101vokli un aug\u0161anu.<\/span><\/p>\n<\/li>\n<li class=\"\" data-start=\"549\" data-end=\"590\">\n<p class=\"\" data-start=\"551\" data-end=\"590\"><span class=\"relative -mx-px my-[-0.2rem] rounded px-px py-[0.2rem] transition-colors duration-100 ease-in-out\"><strong data-start=\"0\" data-end=\"24\" data-is-only-node=\"\">Redzes uztur\u0113\u0161ana<\/strong> : pal\u012bdz uztur\u0113t norm\u0101lu redzi.<\/span><\/p>\n<\/li>\n<li class=\"\" data-start=\"633\" data-end=\"674\">\n<p class=\"\" data-start=\"635\" data-end=\"674\"><span class=\"relative -mx-px my-[-0.2rem] rounded px-px py-[0.2rem] transition-colors duration-100 ease-in-out\"><strong data-start=\"0\" data-end=\"26\" data-is-only-node=\"\">Kognit\u012bv\u0101 funkcija<\/strong> : atbalsta norm\u0101lu dom\u0101\u0161anu un atmi\u0146as darb\u012bbu.<\/span><\/p>\n<\/li>\n<li class=\"\" data-start=\"675\" data-end=\"762\">\n<p class=\"\" data-start=\"677\" data-end=\"762\"><span class=\"relative -mx-px my-[-0.2rem] rounded px-px py-[0.2rem] transition-colors duration-100 ease-in-out\"><strong data-start=\"0\" data-end=\"25\" data-is-only-node=\"\">Antioksidantu aizsardz\u012bba<\/strong> : pal\u012bdz aizsarg\u0101t \u0161\u016bnas no oksidat\u012bv\u0101 stresa.<\/span><\/p>\n<\/li>\n<li class=\"\" data-start=\"675\" data-end=\"762\">\n<p class=\"\" data-start=\"677\" data-end=\"762\"><b>DNS un \u0161\u016bnu ra\u017eo\u0161ana:<\/b> iesaist\u012bta \u0161\u016bnu dal\u012b\u0161an\u0101s un olbaltumvielu sint\u0113zes proces\u0101<\/p>\n<\/li>\n<\/ul>\n<h2 data-start=\"769\" data-end=\"791\">Kam tas ir piem\u0113rots?<\/h2>\n<p class=\"\" data-start=\"793\" data-end=\"878\"><span class=\"relative -mx-px my-[-0.2rem] rounded px-px py-[0.2rem] transition-colors duration-100 ease-in-out\">Pure+ Zinc ir piem\u0113rots:<\/span><\/p>\n<ul data-start=\"880\" data-end=\"1093\">\n<li class=\"\" data-start=\"880\" data-end=\"921\">\n<p class=\"\" data-start=\"882\" data-end=\"921\"><span class=\"relative -mx-px my-[-0.2rem] rounded px-px py-[0.2rem] transition-colors duration-100 ease-in-out\">Cilv\u0113kiem, kuri v\u0113las atbalst\u012bt savu im\u016bnsist\u0113mu.<\/span><\/p>\n<\/li>\n<li class=\"\" data-start=\"922\" data-end=\"963\">\n<p class=\"\" data-start=\"924\" data-end=\"963\"><span class=\"relative -mx-px my-[-0.2rem] rounded px-px py-[0.2rem] transition-colors duration-100 ease-in-out\">Tiem, kas<\/span> v\u0113las r\u016bp\u0113ties par savu \u0101du, matiem un nagiem.<\/p>\n<\/li>\n<li class=\"\" data-start=\"964\" data-end=\"1005\">\n<p class=\"\" data-start=\"966\" data-end=\"1005\"><span class=\"relative -mx-px my-[-0.2rem] rounded px-px py-[0.2rem] transition-colors duration-100 ease-in-out\">Ve\u0123et\u0101rie\u0161iem un veg\u0101niem \u2013 produkts ir 100% augu izcelsmes.<\/span><\/p>\n<\/li>\n<li class=\"\" data-start=\"1006\" data-end=\"1093\">\n<p class=\"\" data-start=\"1008\" data-end=\"1093\"><span class=\"relative -mx-px my-[-0.2rem] rounded px-px py-[0.2rem] transition-colors duration-100 ease-in-out\">Tiem, kas mekl\u0113 cinka uztura bag\u0101tin\u0101t\u0101ju bez piedev\u0101m un viegli uzs\u016bco\u0161u.<\/span><\/p>\n<\/li>\n<\/ul>\n<h2 data-start=\"1100\" data-end=\"1114\">Lietojums<\/h2>\n<p class=\"\" data-start=\"1116\" data-end=\"1201\"><span class=\"relative -mx-px my-[-0.2rem] rounded px-px py-[0.2rem] transition-colors duration-100 ease-in-out\"><strong data-start=\"0\" data-end=\"20\" data-is-only-node=\"\">Ieteicam\u0101 deva<\/strong> : 1 kapsula dien\u0101, uzdzerot \u016bdeni.<\/span><\/p>\n<p class=\"\" data-start=\"1203\" data-end=\"1288\"><span class=\"relative -mx-px my-[-0.2rem] rounded px-px py-[0.2rem] transition-colors duration-100 ease-in-out\">Nep\u0101rsniedziet ieteicamo dienas devu. Uztura bag\u0101tin\u0101t\u0101js neaizst\u0101j daudzveid\u012bgu un sabalans\u0113tu uzturu vai vesel\u012bgu dz\u012bvesveidu. Sarg\u0101t no b\u0113rniem.  <\/span>\u200b<\/p>\n<h2 data-start=\"1295\" data-end=\"1310\">Sast\u0101vda\u013cas<\/h2>\n<ul data-start=\"1312\" data-end=\"1525\">\n<li class=\"\" data-start=\"1312\" data-end=\"1353\">\n<p class=\"\" data-start=\"1314\" data-end=\"1353\"><span class=\"relative -mx-px my-[-0.2rem] rounded px-px py-[0.2rem] transition-colors duration-100 ease-in-out\">Stabilizators: hidroksipropilmetilceluloze<\/span><\/p>\n<\/li>\n<li class=\"\" data-start=\"1354\" data-end=\"1395\">\n<p class=\"\" data-start=\"1356\" data-end=\"1395\"><span class=\"relative -mx-px my-[-0.2rem] rounded px-px py-[0.2rem] transition-colors duration-100 ease-in-out\">Cinka glikon\u0101ts<\/span><\/p>\n<\/li>\n<li class=\"\" data-start=\"1396\" data-end=\"1437\">\n<p class=\"\" data-start=\"1398\" data-end=\"1437\"><span class=\"relative -mx-px my-[-0.2rem] rounded px-px py-[0.2rem] transition-colors duration-100 ease-in-out\">Kapsulas apvalks: hidroksipropilmetilceluloze, gell\u0101na sve\u0137i<\/span><\/p>\n<\/li>\n<li class=\"\" data-start=\"1438\" data-end=\"1525\">\n<p class=\"\" data-start=\"1440\" data-end=\"1525\"><span class=\"relative -mx-px my-[-0.2rem] rounded px-px py-[0.2rem] transition-colors duration-100 ease-in-out\">Cinka pikolin\u0101ts<\/span><\/p>\n<\/li>\n<\/ul>\n<p class=\"\" data-start=\"1527\" data-end=\"1612\"><span class=\"relative -mx-px my-[-0.2rem] rounded px-px py-[0.2rem] transition-colors duration-100 ease-in-out\"><strong data-start=\"0\" data-end=\"14\" data-is-only-node=\"\">Nesatur<\/strong> : laktozi, glut\u0113nu, cukuru, s\u0101li, cieti, kukur\u016bzu, soju vai saldin\u0101t\u0101jus.<\/span><\/p>\n<h2 data-start=\"1619\" data-end=\"1635\">Uzturv\u0113rt\u012bba<\/h2>\n<p class=\"\" data-start=\"1637\" data-end=\"1722\"><span class=\"relative -mx-px my-[-0.2rem] rounded px-px py-[0.2rem] transition-colors duration-100 ease-in-out\"><strong data-start=\"0\" data-end=\"21\" data-is-only-node=\"\">1 kapsula satur<\/strong> :<\/span><\/p>\n<ul data-start=\"1724\" data-end=\"1811\">\n<li class=\"\" data-start=\"1724\" data-end=\"1811\">\n<p class=\"\" data-start=\"1726\" data-end=\"1811\"><span class=\"relative -mx-px my-[-0.2rem] rounded px-px py-[0.2rem] transition-colors duration-100 ease-in-out\">Cinks: 25 mg (250% no ieteicam\u0101s dienas devas*)<\/span><\/p>\n<p class=\"p1\">*NRV \u2013 ieteicam\u0101 dienas deva pieaugu\u0161ajam<\/p>\n<\/li>\n<\/ul>\n<h2 class=\"\" data-start=\"2007\" data-end=\"2039\">K\u0101p\u0113c izv\u0113l\u0113ties Pure+ Zinc?<\/h2>\n<ul data-start=\"2041\" data-end=\"2257\" data-is-last-node=\"\" data-is-only-node=\"\">\n<li class=\"\" data-start=\"2041\" data-end=\"2113\">\n<p class=\"\" data-start=\"2043\" data-end=\"2113\">Satur divas labi panesamas un <b>absorb\u0113jamas cinka formas<\/b> (glikon\u0101tu un pikolin\u0101tu)<\/p>\n<\/li>\n<li class=\"\" data-start=\"2114\" data-end=\"2167\">\n<p class=\"\" data-start=\"2116\" data-end=\"2167\"><strong data-start=\"2116\" data-end=\"2137\">Augsta biopieejam\u012bba<\/strong> \u2013 25 mg cinka vien\u0101 kapsul\u0101<\/p>\n<\/li>\n<li class=\"\" data-start=\"2168\" data-end=\"2239\">\n<p class=\"\" data-start=\"2170\" data-end=\"2239\">Ra\u017eots no <strong data-start=\"2182\" data-end=\"2202\">t\u012br\u0101m sast\u0101vda\u013c\u0101m<\/strong> \u2013 bez m\u0101ksl\u012bg\u0101m piedev\u0101m<\/p>\n<\/li>\n<li class=\"_marker_4f9by_21 _animate_4f9by_25\" data-start=\"2240\" data-end=\"2257\">\n<p data-start=\"2242\" data-end=\"2257\"><span class=\"_fadeIn_4f9by_7\">Piem\u0113rots<\/span> <strong data-start=\"2248\" data-end=\"2257\" data-is-last-node=\"\"><span class=\"_fadeIn_4f9by_7\">veg\u0101niem un ve\u0123et\u0101rie\u0161iem<\/span><\/strong><\/p>\n<\/li>\n<\/ul>\n","protected":false},"excerpt":{"rendered":"<p class=\"p1\"><span class=\"s1\"><b>Puhdas+ Zinc 25 mg<\/b><\/span> ir augstas kvalit\u0101tes un viegli uzs\u016bco\u0161s cinka uztura bag\u0101tin\u0101t\u0101js, kas apvieno divas efekt\u012bvas formas \u2013 cinka glikon\u0101tu un cinka pikolin\u0101tu. Tie pal\u012bdz nodro\u0161in\u0101t cinka pieejam\u012bbu organism\u0101 un atbalsta norm\u0101lu im\u016bnsist\u0113mas, \u0101das, matu un nagu st\u0101vokli. Cinks ir organismam svar\u012bgs miner\u0101ls, kas veicina norm\u0101las kognit\u012bv\u0101s funkcijas, redzi un pal\u012bdz aizsarg\u0101t \u0161\u016bnas no oksidat\u012bv\u0101 stresa.  <\/p>\n<p class=\"p1\">Produkts ir 100% t\u012brs \u2013 bez laktozes, glut\u0113na, saldin\u0101t\u0101jiem un m\u0101ksl\u012bg\u0101m piedev\u0101m \u2013 un ir piem\u0113rots ar\u012b cilv\u0113kiem ar jut\u012bgu gremo\u0161anu. Pateicoties augu izcelsmes kapsulas apvalkam, produkts ir piem\u0113rots veg\u0101niem. Ide\u0101li piem\u0113rots ikdienas lieto\u0161anai tiem, kas v\u0113las atbalst\u012bt savu im\u016bnsist\u0113mu, skaistumu un visp\u0101r\u0113jo labsaj\u016btu.  <\/p>\n","protected":false},"featured_media":355885,"comment_status":"closed","ping_status":"closed","template":"","meta":{"_acf_changed":false},"product_brand":[],"product_cat":[3296,4058,3066,3067,3200],"product_tag":[4059,3041,2559,4060],"class_list":{"0":"post-33679","1":"product","2":"type-product","3":"status-publish","4":"has-post-thumbnail","6":"product_cat-ada-mati-nagi","7":"product_cat-cinks","8":"product_cat-imunsistema","9":"product_cat-ipasie-piedavajumi","10":"product_cat-minerali","11":"product_tag-cinks","12":"product_tag-imunitate","13":"product_tag-tirs-skaistums","14":"product_tag-vitamini-un-mineralvielas","16":"first","17":"instock","18":"sale","19":"taxable","20":"shipping-taxable","21":"purchasable","22":"product-type-variable","23":"has-default-attributes"},"acf":[],"yoast_head":"<!-- This site is optimized with the Yoast SEO plugin v27.1.1 - https:\/\/yoast.com\/product\/yoast-seo-wordpress\/ -->\n<title>Cinks 25 mg - Puhdas+<\/title>\n<meta name=\"description\" content=\"Pure+ Zinc 25 mg \u2013 veg\u0101nisks uztura bag\u0101tin\u0101t\u0101js, kas satur divas \u013coti labi uzs\u016bcamas cinka formas. Bez glut\u0113na, bez laktozes un ra\u017eots Somij\u0101.\" \/>\n<meta name=\"robots\" content=\"noindex, follow, max-snippet:-1, max-image-preview:large, max-video-preview:-1\" \/>\n<meta property=\"og:locale\" content=\"lv_LV\" \/>\n<meta property=\"og:type\" content=\"article\" \/>\n<meta property=\"og:title\" content=\"Cinks 25 mg - Puhdas+\" \/>\n<meta property=\"og:description\" content=\"Pure+ Zinc 25 mg \u2013 veg\u0101nisks uztura bag\u0101tin\u0101t\u0101js, kas satur divas \u013coti labi uzs\u016bcamas cinka formas. Bez glut\u0113na, bez laktozes un ra\u017eots Somij\u0101.\" \/>\n<meta property=\"og:url\" content=\"https:\/\/test.puhdasplus.ee\/lv\/tooted\/minerali\/cinks\/cinks-25-mg\/\" \/>\n<meta property=\"og:site_name\" content=\"Puhdas+\" \/>\n<meta property=\"article:publisher\" content=\"https:\/\/www.facebook.com\/puhdasplus\" \/>\n<meta property=\"article:modified_time\" content=\"2026-02-27T11:12:58+00:00\" \/>\n<meta property=\"og:image\" content=\"https:\/\/test.puhdasplus.ee\/wp-content\/uploads\/2023\/04\/puhdasplus-tsink-scaled.jpg\" \/>\n\t<meta property=\"og:image:width\" content=\"1862\" \/>\n\t<meta property=\"og:image:height\" content=\"2560\" \/>\n\t<meta property=\"og:image:type\" content=\"image\/jpeg\" \/>\n<meta name=\"twitter:card\" content=\"summary_large_image\" \/>\n<meta name=\"twitter:label1\" content=\"Est. reading time\" \/>\n\t<meta name=\"twitter:data1\" content=\"3 min\u016btes\" \/>\n<script type=\"application\/ld+json\" class=\"yoast-schema-graph\">{\"@context\":\"https:\/\/schema.org\",\"@graph\":[{\"@type\":\"WebPage\",\"@id\":\"https:\/\/test.puhdasplus.ee\/lv\/tooted\/minerali\/cinks\/cinks-25-mg\/\",\"url\":\"https:\/\/test.puhdasplus.ee\/lv\/tooted\/minerali\/cinks\/cinks-25-mg\/\",\"name\":\"Cinks 25 mg - Puhdas+\",\"isPartOf\":{\"@id\":\"https:\/\/test.puhdasplus.ee\/lv\/#website\"},\"primaryImageOfPage\":{\"@id\":\"https:\/\/test.puhdasplus.ee\/lv\/tooted\/minerali\/cinks\/cinks-25-mg\/#primaryimage\"},\"image\":{\"@id\":\"https:\/\/test.puhdasplus.ee\/lv\/tooted\/minerali\/cinks\/cinks-25-mg\/#primaryimage\"},\"thumbnailUrl\":\"https:\/\/test.puhdasplus.ee\/wp-content\/uploads\/2023\/04\/puhdasplus-tsink-scaled.jpg\",\"datePublished\":\"2023-04-13T16:34:23+00:00\",\"dateModified\":\"2026-02-27T11:12:58+00:00\",\"description\":\"Pure+ Zinc 25 mg \u2013 veg\u0101nisks uztura bag\u0101tin\u0101t\u0101js, kas satur divas \u013coti labi uzs\u016bcamas cinka formas. Bez glut\u0113na, bez laktozes un ra\u017eots Somij\u0101.\",\"breadcrumb\":{\"@id\":\"https:\/\/test.puhdasplus.ee\/lv\/tooted\/minerali\/cinks\/cinks-25-mg\/#breadcrumb\"},\"inLanguage\":\"lv-LV\",\"potentialAction\":[{\"@type\":\"ReadAction\",\"target\":[\"https:\/\/test.puhdasplus.ee\/lv\/tooted\/minerali\/cinks\/cinks-25-mg\/\"]}]},{\"@type\":\"ImageObject\",\"inLanguage\":\"lv-LV\",\"@id\":\"https:\/\/test.puhdasplus.ee\/lv\/tooted\/minerali\/cinks\/cinks-25-mg\/#primaryimage\",\"url\":\"https:\/\/test.puhdasplus.ee\/wp-content\/uploads\/2023\/04\/puhdasplus-tsink-scaled.jpg\",\"contentUrl\":\"https:\/\/test.puhdasplus.ee\/wp-content\/uploads\/2023\/04\/puhdasplus-tsink-scaled.jpg\",\"width\":1862,\"height\":2560,\"caption\":\"puhdasplus cinks\"},{\"@type\":\"BreadcrumbList\",\"@id\":\"https:\/\/test.puhdasplus.ee\/lv\/tooted\/minerali\/cinks\/cinks-25-mg\/#breadcrumb\",\"itemListElement\":[{\"@type\":\"ListItem\",\"position\":1,\"name\":\"S\u0101kums\",\"item\":\"https:\/\/test.puhdasplus.ee\/lv\/\"},{\"@type\":\"ListItem\",\"position\":2,\"name\":\"Produkti\",\"item\":\"https:\/\/test.puhdasplus.ee\/lv\/veikals\/\"},{\"@type\":\"ListItem\",\"position\":3,\"name\":\"Cinks 25 mg\"}]},{\"@type\":\"WebSite\",\"@id\":\"https:\/\/test.puhdasplus.ee\/lv\/#website\",\"url\":\"https:\/\/test.puhdasplus.ee\/lv\/\",\"name\":\"Puhdas+\",\"description\":\"Vitamiinid, Toidulisandid, looduskosmeetika, tervis, sport\",\"publisher\":{\"@id\":\"https:\/\/test.puhdasplus.ee\/lv\/#organization\"},\"potentialAction\":[{\"@type\":\"SearchAction\",\"target\":{\"@type\":\"EntryPoint\",\"urlTemplate\":\"https:\/\/test.puhdasplus.ee\/lv\/?s={search_term_string}\"},\"query-input\":{\"@type\":\"PropertyValueSpecification\",\"valueRequired\":true,\"valueName\":\"search_term_string\"}}],\"inLanguage\":\"lv-LV\"},{\"@type\":\"Organization\",\"@id\":\"https:\/\/test.puhdasplus.ee\/lv\/#organization\",\"name\":\"Puhdas+\",\"alternateName\":\"Puhdasplus\",\"url\":\"https:\/\/test.puhdasplus.ee\/lv\/\",\"logo\":{\"@type\":\"ImageObject\",\"inLanguage\":\"lv-LV\",\"@id\":\"https:\/\/test.puhdasplus.ee\/lv\/#\/schema\/logo\/image\/\",\"url\":\"https:\/\/test.puhdasplus.ee\/\/wp-content\/uploads\/2019\/10\/puhdas_logo-arvele.png\",\"contentUrl\":\"https:\/\/test.puhdasplus.ee\/\/wp-content\/uploads\/2019\/10\/puhdas_logo-arvele.png\",\"width\":114,\"height\":94,\"caption\":\"Puhdas+\"},\"image\":{\"@id\":\"https:\/\/test.puhdasplus.ee\/lv\/#\/schema\/logo\/image\/\"},\"sameAs\":[\"https:\/\/www.facebook.com\/puhdasplus\",\"https:\/\/www.instagram.com\/puhdasplus_ee\/\"]}]}<\/script>\n<!-- \/ Yoast SEO plugin. -->","yoast_head_json":{"title":"Cinks 25 mg - Puhdas+","description":"Pure+ Zinc 25 mg \u2013 veg\u0101nisks uztura bag\u0101tin\u0101t\u0101js, kas satur divas \u013coti labi uzs\u016bcamas cinka formas. Bez glut\u0113na, bez laktozes un ra\u017eots Somij\u0101.","robots":{"index":"noindex","follow":"follow","max-snippet":"max-snippet:-1","max-image-preview":"max-image-preview:large","max-video-preview":"max-video-preview:-1"},"og_locale":"lv_LV","og_type":"article","og_title":"Cinks 25 mg - Puhdas+","og_description":"Pure+ Zinc 25 mg \u2013 veg\u0101nisks uztura bag\u0101tin\u0101t\u0101js, kas satur divas \u013coti labi uzs\u016bcamas cinka formas. Bez glut\u0113na, bez laktozes un ra\u017eots Somij\u0101.","og_url":"https:\/\/test.puhdasplus.ee\/lv\/tooted\/minerali\/cinks\/cinks-25-mg\/","og_site_name":"Puhdas+","article_publisher":"https:\/\/www.facebook.com\/puhdasplus","article_modified_time":"2026-02-27T11:12:58+00:00","og_image":[{"width":1862,"height":2560,"url":"https:\/\/test.puhdasplus.ee\/wp-content\/uploads\/2023\/04\/puhdasplus-tsink-scaled.jpg","type":"image\/jpeg"}],"twitter_card":"summary_large_image","twitter_misc":{"Est. reading time":"3 min\u016btes"},"schema":{"@context":"https:\/\/schema.org","@graph":[{"@type":"WebPage","@id":"https:\/\/test.puhdasplus.ee\/lv\/tooted\/minerali\/cinks\/cinks-25-mg\/","url":"https:\/\/test.puhdasplus.ee\/lv\/tooted\/minerali\/cinks\/cinks-25-mg\/","name":"Cinks 25 mg - Puhdas+","isPartOf":{"@id":"https:\/\/test.puhdasplus.ee\/lv\/#website"},"primaryImageOfPage":{"@id":"https:\/\/test.puhdasplus.ee\/lv\/tooted\/minerali\/cinks\/cinks-25-mg\/#primaryimage"},"image":{"@id":"https:\/\/test.puhdasplus.ee\/lv\/tooted\/minerali\/cinks\/cinks-25-mg\/#primaryimage"},"thumbnailUrl":"https:\/\/test.puhdasplus.ee\/wp-content\/uploads\/2023\/04\/puhdasplus-tsink-scaled.jpg","datePublished":"2023-04-13T16:34:23+00:00","dateModified":"2026-02-27T11:12:58+00:00","description":"Pure+ Zinc 25 mg \u2013 veg\u0101nisks uztura bag\u0101tin\u0101t\u0101js, kas satur divas \u013coti labi uzs\u016bcamas cinka formas. Bez glut\u0113na, bez laktozes un ra\u017eots Somij\u0101.","breadcrumb":{"@id":"https:\/\/test.puhdasplus.ee\/lv\/tooted\/minerali\/cinks\/cinks-25-mg\/#breadcrumb"},"inLanguage":"lv-LV","potentialAction":[{"@type":"ReadAction","target":["https:\/\/test.puhdasplus.ee\/lv\/tooted\/minerali\/cinks\/cinks-25-mg\/"]}]},{"@type":"ImageObject","inLanguage":"lv-LV","@id":"https:\/\/test.puhdasplus.ee\/lv\/tooted\/minerali\/cinks\/cinks-25-mg\/#primaryimage","url":"https:\/\/test.puhdasplus.ee\/wp-content\/uploads\/2023\/04\/puhdasplus-tsink-scaled.jpg","contentUrl":"https:\/\/test.puhdasplus.ee\/wp-content\/uploads\/2023\/04\/puhdasplus-tsink-scaled.jpg","width":1862,"height":2560,"caption":"puhdasplus cinks"},{"@type":"BreadcrumbList","@id":"https:\/\/test.puhdasplus.ee\/lv\/tooted\/minerali\/cinks\/cinks-25-mg\/#breadcrumb","itemListElement":[{"@type":"ListItem","position":1,"name":"S\u0101kums","item":"https:\/\/test.puhdasplus.ee\/lv\/"},{"@type":"ListItem","position":2,"name":"Produkti","item":"https:\/\/test.puhdasplus.ee\/lv\/veikals\/"},{"@type":"ListItem","position":3,"name":"Cinks 25 mg"}]},{"@type":"WebSite","@id":"https:\/\/test.puhdasplus.ee\/lv\/#website","url":"https:\/\/test.puhdasplus.ee\/lv\/","name":"Puhdas+","description":"Vitamiinid, Toidulisandid, looduskosmeetika, tervis, sport","publisher":{"@id":"https:\/\/test.puhdasplus.ee\/lv\/#organization"},"potentialAction":[{"@type":"SearchAction","target":{"@type":"EntryPoint","urlTemplate":"https:\/\/test.puhdasplus.ee\/lv\/?s={search_term_string}"},"query-input":{"@type":"PropertyValueSpecification","valueRequired":true,"valueName":"search_term_string"}}],"inLanguage":"lv-LV"},{"@type":"Organization","@id":"https:\/\/test.puhdasplus.ee\/lv\/#organization","name":"Puhdas+","alternateName":"Puhdasplus","url":"https:\/\/test.puhdasplus.ee\/lv\/","logo":{"@type":"ImageObject","inLanguage":"lv-LV","@id":"https:\/\/test.puhdasplus.ee\/lv\/#\/schema\/logo\/image\/","url":"https:\/\/test.puhdasplus.ee\/\/wp-content\/uploads\/2019\/10\/puhdas_logo-arvele.png","contentUrl":"https:\/\/test.puhdasplus.ee\/\/wp-content\/uploads\/2019\/10\/puhdas_logo-arvele.png","width":114,"height":94,"caption":"Puhdas+"},"image":{"@id":"https:\/\/test.puhdasplus.ee\/lv\/#\/schema\/logo\/image\/"},"sameAs":["https:\/\/www.facebook.com\/puhdasplus","https:\/\/www.instagram.com\/puhdasplus_ee\/"]}]}},"_links":{"self":[{"href":"https:\/\/test.puhdasplus.ee\/lv\/wp-json\/wp\/v2\/product\/33679","targetHints":{"allow":["GET"]}}],"collection":[{"href":"https:\/\/test.puhdasplus.ee\/lv\/wp-json\/wp\/v2\/product"}],"about":[{"href":"https:\/\/test.puhdasplus.ee\/lv\/wp-json\/wp\/v2\/types\/product"}],"replies":[{"embeddable":true,"href":"https:\/\/test.puhdasplus.ee\/lv\/wp-json\/wp\/v2\/comments?post=33679"}],"wp:featuredmedia":[{"embeddable":true,"href":"https:\/\/test.puhdasplus.ee\/lv\/wp-json\/wp\/v2\/media\/355885"}],"wp:attachment":[{"href":"https:\/\/test.puhdasplus.ee\/lv\/wp-json\/wp\/v2\/media?parent=33679"}],"wp:term":[{"taxonomy":"product_brand","embeddable":true,"href":"https:\/\/test.puhdasplus.ee\/lv\/wp-json\/wp\/v2\/product_brand?post=33679"},{"taxonomy":"product_cat","embeddable":true,"href":"https:\/\/test.puhdasplus.ee\/lv\/wp-json\/wp\/v2\/product_cat?post=33679"},{"taxonomy":"product_tag","embeddable":true,"href":"https:\/\/test.puhdasplus.ee\/lv\/wp-json\/wp\/v2\/product_tag?post=33679"}],"curies":[{"name":"wp","href":"https:\/\/api.w.org\/{rel}","templated":true}]}}