{"id":33646,"date":"2023-11-07T10:42:31","date_gmt":"2023-11-07T08:42:31","guid":{"rendered":"https:\/\/test.puhdasplus.ee\/\/tooted\/uncategorized\/silikagels-silikagela-toniks-500ml\/"},"modified":"2026-02-27T13:10:01","modified_gmt":"2026-02-27T11:10:01","slug":"silikagels-silikagela-toniks-500ml","status":"publish","type":"product","link":"https:\/\/test.puhdasplus.ee\/lv\/tooted\/ipasie-piedavajumi\/silikagels-silikagela-toniks-500ml\/","title":{"rendered":"Silikagels Silikagela toniks 500ml"},"content":{"rendered":"<h3 data-start=\"151\" data-end=\"466\">Dabisks atbalsts ikdienas labsaj\u016btai<\/h3>\n<p data-start=\"151\" data-end=\"466\"><b>Silikagels (silikagels)<\/b> ir augstas kvalit\u0101tes uztura bag\u0101tin\u0101t\u0101js, kas satur koloid\u0101lo sil\u012bcija dioks\u012bdu. Sil\u012bcijs ir dabiski sastopams miner\u0101ls, kas atrodams augos, j\u016bras \u016bden\u012b un zemes garoz\u0101. <\/p>\n<ul>\n<li data-start=\"183\" data-end=\"240\">\n<p data-start=\"185\" data-end=\"240\"><b>Dab\u012bgs sil\u012bcija avots<\/b> ikdienas labsaj\u016btas atbalstam<\/p>\n<\/li>\n<li data-start=\"241\" data-end=\"306\">\n<p data-start=\"243\" data-end=\"306\"><b>Videi draudz\u012bgs iepakojums<\/b> \u2013 izgatavots no p\u0101rstr\u0101d\u0101tas plastmasas<\/p>\n<\/li>\n<li data-start=\"307\" data-end=\"386\">\n<p data-start=\"309\" data-end=\"386\"><b>T\u012bras sast\u0101vda\u013cas<\/b> \u2013 bez laktozes, glut\u0113na, rauga vai pievienota cukura<\/p>\n<\/li>\n<li data-start=\"387\" data-end=\"422\">\n<p data-start=\"389\" data-end=\"422\"><b>Veg\u0101niem un ve\u0123et\u0101rie\u0161iem draudz\u012bgs<\/b><\/p>\n<\/li>\n<\/ul>\n<p data-start=\"769\" data-end=\"900\"><strong data-start=\"769\" data-end=\"784\">Lietojums:<\/strong><br data-start=\"784\" data-end=\"787\"> Ieteicam\u0101 deva ir <strong data-start=\"807\" data-end=\"826\">15\u201345 ml dien\u0101<\/strong> . Pirms lieto\u0161anas sakrat\u012bt.   <strong data-start=\"855\" data-end=\"898\">Nep\u0101rsniedziet ieteicamo dienas devu.<\/strong><\/p>\n<p data-start=\"902\" data-end=\"1079\"><strong data-start=\"902\" data-end=\"918\">Sast\u0101vda\u013cas:<\/strong><br data-start=\"918\" data-end=\"921\"> Att\u012br\u012bts \u016bdens, sil\u012bcija dioks\u012bds, stabilizators (karboksimetilceluloze), konservants (k\u0101lija sorb\u0101ts, n\u0101trija benzo\u0101ts), sk\u0101buma regul\u0113t\u0101js (citronsk\u0101be).<\/p>\n<p data-start=\"1081\" data-end=\"1120\"><strong data-start=\"1081\" data-end=\"1118\">Uzturv\u0113rt\u012bba (15\u201345 ml):<\/strong><\/p>\n<ul data-start=\"1121\" data-end=\"1197\">\n<li data-start=\"1121\" data-end=\"1164\"><strong data-start=\"1123\" data-end=\"1150\">Koloid\u0101lais sil\u012bcija dioks\u012bds:<\/strong> 520\u20131560 mg<\/li>\n<li data-start=\"1165\" data-end=\"1197\"><strong data-start=\"1167\" data-end=\"1184\">tostarp sil\u012bcijs:<\/strong> 247\u2013741 mg<\/li>\n<\/ul>\n","protected":false},"excerpt":{"rendered":"<p><strong>Silikagels<\/strong> (sil\u012bcijsk\u0101bes gels) 500 ml ir <strong>dab\u012bgs<\/strong> sil\u012bcija <strong>uztura bag\u0101tin\u0101t\u0101js ikdienas labsaj\u016btai<\/strong> . <strong>T\u012br\u0101 formula<\/strong> ir piem\u0113rota veg\u0101niem un nesatur laktozi vai glut\u0113nu.<\/p>\n<p>&nbsp;<\/p>\n<p>&nbsp;<\/p>\n<p>&nbsp;<\/p>\n<p>&nbsp;<\/p>\n","protected":false},"featured_media":33648,"comment_status":"closed","ping_status":"closed","template":"","meta":{"_acf_changed":false},"product_brand":[],"product_cat":[3296,3067],"product_tag":[3348,3347,4003,4006,4008,4007,4005,4004,2559,4002,2974],"class_list":{"0":"post-33646","1":"product","2":"type-product","3":"status-publish","4":"has-post-thumbnail","6":"product_cat-ada-mati-nagi","7":"product_cat-ipasie-piedavajumi","8":"product_tag-bez-glutena","9":"product_tag-bez-laktozes","10":"product_tag-matiem","11":"product_tag-mineralu-silikagels","12":"product_tag-nagiem","13":"product_tag-sektoru-diagramma","14":"product_tag-silicijs","15":"product_tag-silikagels","16":"product_tag-tirs-skaistums","17":"product_tag-uz-adas","18":"product_tag-vegans","20":"first","21":"instock","22":"sale","23":"taxable","24":"shipping-taxable","25":"purchasable","26":"product-type-simple"},"acf":[],"yoast_head":"<!-- This site is optimized with the Yoast SEO plugin v27.1.1 - https:\/\/yoast.com\/product\/yoast-seo-wordpress\/ -->\n<title>Silikagels Silikagela toniks 500ml - Puhdas+<\/title>\n<meta name=\"description\" content=\"Silikagels (sil\u012bcijsk\u0101bes gels) 500 ml \u2013 dab\u012bgs sil\u012bcija uztura bag\u0101tin\u0101t\u0101js, kas atbalsta \u0101das, matu un nagu vesel\u012bbu! Veg\u0101ns, videi draudz\u012bgs un ar t\u012bru sast\u0101vu.\" \/>\n<meta name=\"robots\" content=\"noindex, follow, max-snippet:-1, max-image-preview:large, max-video-preview:-1\" \/>\n<meta property=\"og:locale\" content=\"lv_LV\" \/>\n<meta property=\"og:type\" content=\"article\" \/>\n<meta property=\"og:title\" content=\"Silikagels Silikagela toniks 500ml - Puhdas+\" \/>\n<meta property=\"og:description\" content=\"Silikagels (sil\u012bcijsk\u0101bes gels) 500 ml \u2013 dab\u012bgs sil\u012bcija uztura bag\u0101tin\u0101t\u0101js, kas atbalsta \u0101das, matu un nagu vesel\u012bbu! Veg\u0101ns, videi draudz\u012bgs un ar t\u012bru sast\u0101vu.\" \/>\n<meta property=\"og:url\" content=\"https:\/\/test.puhdasplus.ee\/lv\/tooted\/ipasie-piedavajumi\/silikagels-silikagela-toniks-500ml\/\" \/>\n<meta property=\"og:site_name\" content=\"Puhdas+\" \/>\n<meta property=\"article:publisher\" content=\"https:\/\/www.facebook.com\/puhdasplus\" \/>\n<meta property=\"article:modified_time\" content=\"2026-02-27T11:10:01+00:00\" \/>\n<meta property=\"og:image\" content=\"https:\/\/test.puhdasplus.ee\/wp-content\/uploads\/2025\/03\/76.jpg\" \/>\n\t<meta property=\"og:image:width\" content=\"1862\" \/>\n\t<meta property=\"og:image:height\" content=\"2560\" \/>\n\t<meta property=\"og:image:type\" content=\"image\/jpeg\" \/>\n<meta name=\"twitter:card\" content=\"summary_large_image\" \/>\n<meta name=\"twitter:label1\" content=\"Est. reading time\" \/>\n\t<meta name=\"twitter:data1\" content=\"1 minute\" \/>\n<script type=\"application\/ld+json\" class=\"yoast-schema-graph\">{\"@context\":\"https:\/\/schema.org\",\"@graph\":[{\"@type\":\"WebPage\",\"@id\":\"https:\/\/test.puhdasplus.ee\/lv\/tooted\/ipasie-piedavajumi\/silikagels-silikagela-toniks-500ml\/\",\"url\":\"https:\/\/test.puhdasplus.ee\/lv\/tooted\/ipasie-piedavajumi\/silikagels-silikagela-toniks-500ml\/\",\"name\":\"Silikagels Silikagela toniks 500ml - Puhdas+\",\"isPartOf\":{\"@id\":\"https:\/\/test.puhdasplus.ee\/lv\/#website\"},\"primaryImageOfPage\":{\"@id\":\"https:\/\/test.puhdasplus.ee\/lv\/tooted\/ipasie-piedavajumi\/silikagels-silikagela-toniks-500ml\/#primaryimage\"},\"image\":{\"@id\":\"https:\/\/test.puhdasplus.ee\/lv\/tooted\/ipasie-piedavajumi\/silikagels-silikagela-toniks-500ml\/#primaryimage\"},\"thumbnailUrl\":\"https:\/\/test.puhdasplus.ee\/wp-content\/uploads\/2025\/03\/76.jpg\",\"datePublished\":\"2023-11-07T08:42:31+00:00\",\"dateModified\":\"2026-02-27T11:10:01+00:00\",\"description\":\"Silikagels (sil\u012bcijsk\u0101bes gels) 500 ml \u2013 dab\u012bgs sil\u012bcija uztura bag\u0101tin\u0101t\u0101js, kas atbalsta \u0101das, matu un nagu vesel\u012bbu! Veg\u0101ns, videi draudz\u012bgs un ar t\u012bru sast\u0101vu.\",\"breadcrumb\":{\"@id\":\"https:\/\/test.puhdasplus.ee\/lv\/tooted\/ipasie-piedavajumi\/silikagels-silikagela-toniks-500ml\/#breadcrumb\"},\"inLanguage\":\"lv-LV\",\"potentialAction\":[{\"@type\":\"ReadAction\",\"target\":[\"https:\/\/test.puhdasplus.ee\/lv\/tooted\/ipasie-piedavajumi\/silikagels-silikagela-toniks-500ml\/\"]}]},{\"@type\":\"ImageObject\",\"inLanguage\":\"lv-LV\",\"@id\":\"https:\/\/test.puhdasplus.ee\/lv\/tooted\/ipasie-piedavajumi\/silikagels-silikagela-toniks-500ml\/#primaryimage\",\"url\":\"https:\/\/test.puhdasplus.ee\/wp-content\/uploads\/2025\/03\/76.jpg\",\"contentUrl\":\"https:\/\/test.puhdasplus.ee\/wp-content\/uploads\/2025\/03\/76.jpg\",\"width\":1862,\"height\":2560,\"caption\":\"Silikagels (sil\u012bcijsk\u0101bes gels) sil\u012bcija toniz\u0113jo\u0161s l\u012bdzeklis\"},{\"@type\":\"BreadcrumbList\",\"@id\":\"https:\/\/test.puhdasplus.ee\/lv\/tooted\/ipasie-piedavajumi\/silikagels-silikagela-toniks-500ml\/#breadcrumb\",\"itemListElement\":[{\"@type\":\"ListItem\",\"position\":1,\"name\":\"S\u0101kums\",\"item\":\"https:\/\/test.puhdasplus.ee\/lv\/\"},{\"@type\":\"ListItem\",\"position\":2,\"name\":\"Produkti\",\"item\":\"https:\/\/test.puhdasplus.ee\/lv\/veikals\/\"},{\"@type\":\"ListItem\",\"position\":3,\"name\":\"Silikagels Silikagela toniks 500ml\"}]},{\"@type\":\"WebSite\",\"@id\":\"https:\/\/test.puhdasplus.ee\/lv\/#website\",\"url\":\"https:\/\/test.puhdasplus.ee\/lv\/\",\"name\":\"Puhdas+\",\"description\":\"Vitamiinid, Toidulisandid, looduskosmeetika, tervis, sport\",\"publisher\":{\"@id\":\"https:\/\/test.puhdasplus.ee\/lv\/#organization\"},\"potentialAction\":[{\"@type\":\"SearchAction\",\"target\":{\"@type\":\"EntryPoint\",\"urlTemplate\":\"https:\/\/test.puhdasplus.ee\/lv\/?s={search_term_string}\"},\"query-input\":{\"@type\":\"PropertyValueSpecification\",\"valueRequired\":true,\"valueName\":\"search_term_string\"}}],\"inLanguage\":\"lv-LV\"},{\"@type\":\"Organization\",\"@id\":\"https:\/\/test.puhdasplus.ee\/lv\/#organization\",\"name\":\"Puhdas+\",\"alternateName\":\"Puhdasplus\",\"url\":\"https:\/\/test.puhdasplus.ee\/lv\/\",\"logo\":{\"@type\":\"ImageObject\",\"inLanguage\":\"lv-LV\",\"@id\":\"https:\/\/test.puhdasplus.ee\/lv\/#\/schema\/logo\/image\/\",\"url\":\"https:\/\/test.puhdasplus.ee\/\/wp-content\/uploads\/2019\/10\/puhdas_logo-arvele.png\",\"contentUrl\":\"https:\/\/test.puhdasplus.ee\/\/wp-content\/uploads\/2019\/10\/puhdas_logo-arvele.png\",\"width\":114,\"height\":94,\"caption\":\"Puhdas+\"},\"image\":{\"@id\":\"https:\/\/test.puhdasplus.ee\/lv\/#\/schema\/logo\/image\/\"},\"sameAs\":[\"https:\/\/www.facebook.com\/puhdasplus\",\"https:\/\/www.instagram.com\/puhdasplus_ee\/\"]}]}<\/script>\n<!-- \/ Yoast SEO plugin. -->","yoast_head_json":{"title":"Silikagels Silikagela toniks 500ml - Puhdas+","description":"Silikagels (sil\u012bcijsk\u0101bes gels) 500 ml \u2013 dab\u012bgs sil\u012bcija uztura bag\u0101tin\u0101t\u0101js, kas atbalsta \u0101das, matu un nagu vesel\u012bbu! Veg\u0101ns, videi draudz\u012bgs un ar t\u012bru sast\u0101vu.","robots":{"index":"noindex","follow":"follow","max-snippet":"max-snippet:-1","max-image-preview":"max-image-preview:large","max-video-preview":"max-video-preview:-1"},"og_locale":"lv_LV","og_type":"article","og_title":"Silikagels Silikagela toniks 500ml - Puhdas+","og_description":"Silikagels (sil\u012bcijsk\u0101bes gels) 500 ml \u2013 dab\u012bgs sil\u012bcija uztura bag\u0101tin\u0101t\u0101js, kas atbalsta \u0101das, matu un nagu vesel\u012bbu! Veg\u0101ns, videi draudz\u012bgs un ar t\u012bru sast\u0101vu.","og_url":"https:\/\/test.puhdasplus.ee\/lv\/tooted\/ipasie-piedavajumi\/silikagels-silikagela-toniks-500ml\/","og_site_name":"Puhdas+","article_publisher":"https:\/\/www.facebook.com\/puhdasplus","article_modified_time":"2026-02-27T11:10:01+00:00","og_image":[{"width":1862,"height":2560,"url":"https:\/\/test.puhdasplus.ee\/wp-content\/uploads\/2025\/03\/76.jpg","type":"image\/jpeg"}],"twitter_card":"summary_large_image","twitter_misc":{"Est. reading time":"1 minute"},"schema":{"@context":"https:\/\/schema.org","@graph":[{"@type":"WebPage","@id":"https:\/\/test.puhdasplus.ee\/lv\/tooted\/ipasie-piedavajumi\/silikagels-silikagela-toniks-500ml\/","url":"https:\/\/test.puhdasplus.ee\/lv\/tooted\/ipasie-piedavajumi\/silikagels-silikagela-toniks-500ml\/","name":"Silikagels Silikagela toniks 500ml - Puhdas+","isPartOf":{"@id":"https:\/\/test.puhdasplus.ee\/lv\/#website"},"primaryImageOfPage":{"@id":"https:\/\/test.puhdasplus.ee\/lv\/tooted\/ipasie-piedavajumi\/silikagels-silikagela-toniks-500ml\/#primaryimage"},"image":{"@id":"https:\/\/test.puhdasplus.ee\/lv\/tooted\/ipasie-piedavajumi\/silikagels-silikagela-toniks-500ml\/#primaryimage"},"thumbnailUrl":"https:\/\/test.puhdasplus.ee\/wp-content\/uploads\/2025\/03\/76.jpg","datePublished":"2023-11-07T08:42:31+00:00","dateModified":"2026-02-27T11:10:01+00:00","description":"Silikagels (sil\u012bcijsk\u0101bes gels) 500 ml \u2013 dab\u012bgs sil\u012bcija uztura bag\u0101tin\u0101t\u0101js, kas atbalsta \u0101das, matu un nagu vesel\u012bbu! Veg\u0101ns, videi draudz\u012bgs un ar t\u012bru sast\u0101vu.","breadcrumb":{"@id":"https:\/\/test.puhdasplus.ee\/lv\/tooted\/ipasie-piedavajumi\/silikagels-silikagela-toniks-500ml\/#breadcrumb"},"inLanguage":"lv-LV","potentialAction":[{"@type":"ReadAction","target":["https:\/\/test.puhdasplus.ee\/lv\/tooted\/ipasie-piedavajumi\/silikagels-silikagela-toniks-500ml\/"]}]},{"@type":"ImageObject","inLanguage":"lv-LV","@id":"https:\/\/test.puhdasplus.ee\/lv\/tooted\/ipasie-piedavajumi\/silikagels-silikagela-toniks-500ml\/#primaryimage","url":"https:\/\/test.puhdasplus.ee\/wp-content\/uploads\/2025\/03\/76.jpg","contentUrl":"https:\/\/test.puhdasplus.ee\/wp-content\/uploads\/2025\/03\/76.jpg","width":1862,"height":2560,"caption":"Silikagels (sil\u012bcijsk\u0101bes gels) sil\u012bcija toniz\u0113jo\u0161s l\u012bdzeklis"},{"@type":"BreadcrumbList","@id":"https:\/\/test.puhdasplus.ee\/lv\/tooted\/ipasie-piedavajumi\/silikagels-silikagela-toniks-500ml\/#breadcrumb","itemListElement":[{"@type":"ListItem","position":1,"name":"S\u0101kums","item":"https:\/\/test.puhdasplus.ee\/lv\/"},{"@type":"ListItem","position":2,"name":"Produkti","item":"https:\/\/test.puhdasplus.ee\/lv\/veikals\/"},{"@type":"ListItem","position":3,"name":"Silikagels Silikagela toniks 500ml"}]},{"@type":"WebSite","@id":"https:\/\/test.puhdasplus.ee\/lv\/#website","url":"https:\/\/test.puhdasplus.ee\/lv\/","name":"Puhdas+","description":"Vitamiinid, Toidulisandid, looduskosmeetika, tervis, sport","publisher":{"@id":"https:\/\/test.puhdasplus.ee\/lv\/#organization"},"potentialAction":[{"@type":"SearchAction","target":{"@type":"EntryPoint","urlTemplate":"https:\/\/test.puhdasplus.ee\/lv\/?s={search_term_string}"},"query-input":{"@type":"PropertyValueSpecification","valueRequired":true,"valueName":"search_term_string"}}],"inLanguage":"lv-LV"},{"@type":"Organization","@id":"https:\/\/test.puhdasplus.ee\/lv\/#organization","name":"Puhdas+","alternateName":"Puhdasplus","url":"https:\/\/test.puhdasplus.ee\/lv\/","logo":{"@type":"ImageObject","inLanguage":"lv-LV","@id":"https:\/\/test.puhdasplus.ee\/lv\/#\/schema\/logo\/image\/","url":"https:\/\/test.puhdasplus.ee\/\/wp-content\/uploads\/2019\/10\/puhdas_logo-arvele.png","contentUrl":"https:\/\/test.puhdasplus.ee\/\/wp-content\/uploads\/2019\/10\/puhdas_logo-arvele.png","width":114,"height":94,"caption":"Puhdas+"},"image":{"@id":"https:\/\/test.puhdasplus.ee\/lv\/#\/schema\/logo\/image\/"},"sameAs":["https:\/\/www.facebook.com\/puhdasplus","https:\/\/www.instagram.com\/puhdasplus_ee\/"]}]}},"_links":{"self":[{"href":"https:\/\/test.puhdasplus.ee\/lv\/wp-json\/wp\/v2\/product\/33646","targetHints":{"allow":["GET"]}}],"collection":[{"href":"https:\/\/test.puhdasplus.ee\/lv\/wp-json\/wp\/v2\/product"}],"about":[{"href":"https:\/\/test.puhdasplus.ee\/lv\/wp-json\/wp\/v2\/types\/product"}],"replies":[{"embeddable":true,"href":"https:\/\/test.puhdasplus.ee\/lv\/wp-json\/wp\/v2\/comments?post=33646"}],"wp:featuredmedia":[{"embeddable":true,"href":"https:\/\/test.puhdasplus.ee\/lv\/wp-json\/wp\/v2\/media\/33648"}],"wp:attachment":[{"href":"https:\/\/test.puhdasplus.ee\/lv\/wp-json\/wp\/v2\/media?parent=33646"}],"wp:term":[{"taxonomy":"product_brand","embeddable":true,"href":"https:\/\/test.puhdasplus.ee\/lv\/wp-json\/wp\/v2\/product_brand?post=33646"},{"taxonomy":"product_cat","embeddable":true,"href":"https:\/\/test.puhdasplus.ee\/lv\/wp-json\/wp\/v2\/product_cat?post=33646"},{"taxonomy":"product_tag","embeddable":true,"href":"https:\/\/test.puhdasplus.ee\/lv\/wp-json\/wp\/v2\/product_tag?post=33646"}],"curies":[{"name":"wp","href":"https:\/\/api.w.org\/{rel}","templated":true}]}}