{"id":33628,"date":"2023-10-03T11:05:15","date_gmt":"2023-10-03T08:05:15","guid":{"rendered":"https:\/\/test.puhdasplus.ee\/\/tooted\/uncategorized\/biologiskas-kanepju-seklas-300g\/"},"modified":"2026-02-27T13:09:47","modified_gmt":"2026-02-27T11:09:47","slug":"biologiskas-kanepju-seklas-300g","status":"publish","type":"product","link":"https:\/\/test.puhdasplus.ee\/lv\/tooted\/sirds-veseliba\/omega-3-lv\/biologiskas-kanepju-seklas-300g\/","title":{"rendered":"Biolo\u0123iskas ka\u0146epju s\u0113klas 300g"},"content":{"rendered":"<h2 data-start=\"217\" data-end=\"236\">Kas ir ka\u0146epju s\u0113klas?<\/h2>\n<p class=\"\" data-start=\"237\" data-end=\"318\"><span class=\"relative -mx-px my-[-0.2rem] rounded px-px py-[0.2rem] transition-colors duration-100 ease-in-out\">Pure+ Premium ka\u0146epju s\u0113klas ir 100% biolo\u0123iskas, bez glut\u0113na un veg\u0101niem draudz\u012bgas. \u0160\u012bs maz\u0101s, bet barojo\u0161\u0101s s\u0113klas ir lielisks papildin\u0101jums j\u016bsu ikdienas uzturam, nodro\u0161inot daudz \u0161\u0137iedrvielu, omega-3 un omega-6 tauksk\u0101bju, olbaltumvielu un miner\u0101lvielu. <\/span>\u200b<\/p>\n<p data-start=\"237\" data-end=\"318\">Pure+ Premium ka\u0146epju s\u0113klas atbalsta vair\u0101kas svar\u012bgas vesel\u012bbas jomas \u2013 sirdi, musku\u013cus, gremo\u0161anu un visp\u0101r\u0113jo labsaj\u016btu.<\/p>\n<h2 data-start=\"407\" data-end=\"458\">Norm\u0101lai sirds un smadze\u0146u darb\u012bbai<\/h2>\n<p class=\"\" data-start=\"459\" data-end=\"664\">Ka\u0146epju s\u0113klas satur daudz omega-3 un omega-6 tauksk\u0101bju ide\u0101l\u0101 attiec\u012bb\u0101 (1:3), kas pal\u012bdz uztur\u0113t norm\u0101lu holester\u012bna un asinsspiediena l\u012bmeni, atbalstot sirds un asinsvadu un smadze\u0146u darb\u012bbu.<\/p>\n<h2 data-start=\"671\" data-end=\"721\">Lai atbalst\u012btu musku\u013cus un ener\u0123ijas l\u012bmeni<\/h2>\n<p class=\"\" data-start=\"722\" data-end=\"934\">Tas ir pilnv\u0113rt\u012bgs augu izcelsmes olbaltumvielu avots, kas satur visas devi\u0146as neaizvietojam\u0101s aminosk\u0101bes. Tas padara \u0161\u012bs s\u0113klas par piem\u0113rotu izv\u0113li fiziski akt\u012bviem cilv\u0113kiem, sportistiem un ve\u0123et\u0101rie\u0161iem. <\/p>\n<h2 data-start=\"941\" data-end=\"991\">Gremo\u0161anas un zarnu labsaj\u016btai<\/h2>\n<p class=\"\" data-start=\"992\" data-end=\"1225\">Ka\u0146epju s\u0113klas ir lielisks \u0161\u0137iedrvielu avots (31,5 g \/ 100 g), kas pal\u012bdz regul\u0113t gremo\u0161anu, atbalsta zarnu darb\u012bbu un nodro\u0161ina s\u0101ta saj\u016btu \u2013 svar\u012bgi tiem, kas v\u0113las uztur\u0113t norm\u0101lu svaru vai l\u012bdzsvarot cukura l\u012bmeni asin\u012bs.<\/p>\n<h2 data-start=\"1232\" data-end=\"1287\">Dab\u012bgs ikdienas atbalsts visam \u0137ermenim<\/h2>\n<p class=\"\" data-start=\"1288\" data-end=\"1480\">Papildus taukiem un olbaltumviel\u0101m ka\u0146epju s\u0113klas satur ar\u012b svar\u012bgas miner\u0101lvielas un vitam\u012bnus, piem\u0113ram, dzelzi, magniju un cinku. T\u0101s atbalsta im\u016bnsist\u0113mu, ener\u0123ijas metabolismu un visp\u0101r\u0113jo vitalit\u0101ti. <\/p>\n<h2 data-start=\"1805\" data-end=\"1824\">Sast\u0101vda\u013cas<\/h2>\n<ul data-start=\"1825\" data-end=\"1954\">\n<li class=\"\" data-start=\"1825\" data-end=\"1866\">\n<p class=\"\" data-start=\"1827\" data-end=\"1866\"><span class=\"relative -mx-px my-[-0.2rem] rounded px-px py-[0.2rem] transition-colors duration-100 ease-in-out\">100% ka\u0146epju s\u0113klas no biolo\u0123isk\u0101s lauksaimniec\u012bbas<\/span><\/p>\n<\/li>\n<li class=\"\" data-start=\"1867\" data-end=\"1954\">\n<p class=\"\" data-start=\"1869\" data-end=\"1954\"><span class=\"relative -mx-px my-[-0.2rem] rounded px-px py-[0.2rem] transition-colors duration-100 ease-in-out\">Nesatur laktozi, raugu vai glut\u0113nu<\/span><\/p>\n<\/li>\n<\/ul>\n<h2 data-start=\"1295\" data-end=\"1329\">Uzturv\u0113rt\u012bba (uz 100 g)<\/h2>\n<ul data-start=\"1330\" data-end=\"1803\">\n<li class=\"\" data-start=\"1330\" data-end=\"1371\">\n<p class=\"\" data-start=\"1332\" data-end=\"1371\"><span class=\"relative -mx-px my-[-0.2rem] rounded px-px py-[0.2rem] transition-colors duration-100 ease-in-out\">Ener\u0123\u0113tisk\u0101 v\u0113rt\u012bba: 1938 kJ \/ 470 kcal<\/span><\/p>\n<\/li>\n<li class=\"\" data-start=\"1372\" data-end=\"1545\">\n<p class=\"\" data-start=\"1374\" data-end=\"1413\"><span class=\"relative -mx-px my-[-0.2rem] rounded px-px py-[0.2rem] transition-colors duration-100 ease-in-out\">Tauki: 35,0 g<\/span><\/p>\n<ul data-start=\"1416\" data-end=\"1545\">\n<li class=\"\" data-start=\"1416\" data-end=\"1457\">\n<p class=\"\" data-start=\"1418\" data-end=\"1457\"><span class=\"relative -mx-px my-[-0.2rem] rounded px-px py-[0.2rem] transition-colors duration-100 ease-in-out\">tostarp pies\u0101tin\u0101t\u0101s tauksk\u0101bes: 3,1 g<\/span><\/p>\n<\/li>\n<li class=\"\" data-start=\"1460\" data-end=\"1501\">\n<p class=\"\" data-start=\"1462\" data-end=\"1501\"><span class=\"relative -mx-px my-[-0.2rem] rounded px-px py-[0.2rem] transition-colors duration-100 ease-in-out\">omega-3 tauksk\u0101bes: 7,5 g<\/span><\/p>\n<\/li>\n<li class=\"\" data-start=\"1504\" data-end=\"1545\">\n<p class=\"\" data-start=\"1506\" data-end=\"1545\"><span class=\"relative -mx-px my-[-0.2rem] rounded px-px py-[0.2rem] transition-colors duration-100 ease-in-out\">omega-6 tauksk\u0101bes: 19,5 g<\/span><\/p>\n<\/li>\n<\/ul>\n<\/li>\n<li class=\"\" data-start=\"1546\" data-end=\"1631\">\n<p class=\"\" data-start=\"1548\" data-end=\"1587\"><span class=\"relative -mx-px my-[-0.2rem] rounded px-px py-[0.2rem] transition-colors duration-100 ease-in-out\">Og\u013chidr\u0101ti: 1,27 g<\/span><\/p>\n<ul data-start=\"1590\" data-end=\"1631\">\n<li class=\"\" data-start=\"1590\" data-end=\"1631\">\n<p class=\"\" data-start=\"1592\" data-end=\"1631\"><span class=\"relative -mx-px my-[-0.2rem] rounded px-px py-[0.2rem] transition-colors duration-100 ease-in-out\">tostarp cukuri: 1,27 g<\/span><\/p>\n<\/li>\n<\/ul>\n<\/li>\n<li class=\"\" data-start=\"1632\" data-end=\"1673\">\n<p class=\"\" data-start=\"1634\" data-end=\"1673\"><span class=\"relative -mx-px my-[-0.2rem] rounded px-px py-[0.2rem] transition-colors duration-100 ease-in-out\">\u0160\u0137iedrvielas: 31,5 g<\/span><\/p>\n<\/li>\n<li class=\"\" data-start=\"1674\" data-end=\"1715\">\n<p class=\"\" data-start=\"1676\" data-end=\"1715\"><span class=\"relative -mx-px my-[-0.2rem] rounded px-px py-[0.2rem] transition-colors duration-100 ease-in-out\">Olbaltumvielas: 24,0 g<\/span><\/p>\n<\/li>\n<li class=\"\" data-start=\"1716\" data-end=\"1803\">\n<p class=\"\" data-start=\"1718\" data-end=\"1803\"><span class=\"relative -mx-px my-[-0.2rem] rounded px-px py-[0.2rem] transition-colors duration-100 ease-in-out\">S\u0101ls: 0 g<\/span><\/p>\n<\/li>\n<\/ul>\n<h2 data-start=\"1956\" data-end=\"1977\">Lietot\u0101ja rokasgr\u0101mata<\/h2>\n<p class=\"\" data-start=\"1978\" data-end=\"2063\"><span class=\"relative -mx-px my-[-0.2rem] rounded px-px py-[0.2rem] transition-colors duration-100 ease-in-out\">Piem\u0113rots lieto\u0161anai tie\u0161i no iepakojuma, lieto\u0161anai \u0113diena gatavo\u0161an\u0101, sm\u016btijos vai jogurt\u0101, sal\u0101tos, putr\u0101 vai ceptos izstr\u0101d\u0101jumos.<\/span><\/p>\n","protected":false},"excerpt":{"rendered":"<p>Pure+ Premium ka\u0146epju s\u0113klas ir dabiski barojo\u0161s un organisks super\u0113diens, kas atbalsta j\u016bsu sirdi, smadzenes, musku\u013cus un gremo\u0161anu. \u0160\u012bs maz\u0101s, bet sp\u0113c\u012bg\u0101s s\u0113klas satur ide\u0101lu omega-3 un omega-6 tauksk\u0101bju attiec\u012bbu, kas veicina holester\u012bna l\u012bme\u0146a l\u012bdzsvaru un norm\u0101lu sirds un smadze\u0146u darb\u012bbu. Ka\u0146epju s\u0113klas ir ar\u012b lielisks pilnv\u0113rt\u012bgu augu olbaltumvielu avots, kas satur visas neaizvietojam\u0101s aminosk\u0101bes, padarot t\u0101s \u012bpa\u0161i piem\u0113rotas ve\u0123et\u0101rie\u0161iem un sportistiem. \u013boti augstais \u0161\u0137iedrvielu saturs atbalsta gremo\u0161anu un pal\u012bdz uztur\u0113t s\u0101ta saj\u016btu, kas ir noder\u012bga ar\u012b svara kontrolei. Pateicoties maigajai riekstu gar\u0161ai, ka\u0146epju s\u0113klas ir ide\u0101li piem\u0113rotas koktei\u013ciem, sal\u0101tiem, putr\u0101m vai ceptiem izstr\u0101d\u0101jumiem. Pure+ ka\u0146epju s\u0113klas ir t\u012bras, bez glut\u0113na, bez piedev\u0101m un \u0113rtas ikdienas lieto\u0161anai.     <\/p>\n","protected":false},"featured_media":33630,"comment_status":"closed","ping_status":"closed","template":"","meta":{"_acf_changed":false},"product_brand":[],"product_cat":[3442,3441,3039],"product_tag":[3969,3970,3769,3966,3967,3074,3076,3043],"class_list":{"0":"post-33628","1":"product","2":"type-product","3":"status-publish","4":"has-post-thumbnail","6":"product_cat-omega-3-lv","7":"product_cat-sirds-veseliba","8":"product_cat-superediens","9":"product_tag-anisa-seklas","10":"product_tag-augu-proteins","11":"product_tag-cepsana","12":"product_tag-omega-3-lv","13":"product_tag-omega-6-lv","14":"product_tag-organisks-lv","15":"product_tag-smutija-piedeva","16":"product_tag-superediens","18":"first","19":"instock","20":"sale","21":"taxable","22":"shipping-taxable","23":"purchasable","24":"product-type-simple"},"acf":[],"yoast_head":"<!-- This site is optimized with the Yoast SEO plugin v27.1.1 - https:\/\/yoast.com\/product\/yoast-seo-wordpress\/ -->\n<title>Biolo\u0123iskas ka\u0146epju s\u0113klas 300g - Puhdas+<\/title>\n<meta name=\"description\" content=\"Biolo\u0123isk\u0101s ka\u0146epju s\u0113klas 300 g ir barojo\u0161as un daudzpus\u012bgas super\u0113diena s\u0113klas, kas bag\u0101tas ar ener\u0123iju, olbaltumviel\u0101m un labv\u0113l\u012bgajiem taukiem, piem\u0113ram, omega-3.\" \/>\n<meta name=\"robots\" content=\"noindex, follow, max-snippet:-1, max-image-preview:large, max-video-preview:-1\" \/>\n<meta property=\"og:locale\" content=\"lv_LV\" \/>\n<meta property=\"og:type\" content=\"article\" \/>\n<meta property=\"og:title\" content=\"Biolo\u0123iskas ka\u0146epju s\u0113klas 300g - Puhdas+\" \/>\n<meta property=\"og:description\" content=\"Biolo\u0123isk\u0101s ka\u0146epju s\u0113klas 300 g ir barojo\u0161as un daudzpus\u012bgas super\u0113diena s\u0113klas, kas bag\u0101tas ar ener\u0123iju, olbaltumviel\u0101m un labv\u0113l\u012bgajiem taukiem, piem\u0113ram, omega-3.\" \/>\n<meta property=\"og:url\" content=\"https:\/\/test.puhdasplus.ee\/lv\/tooted\/sirds-veseliba\/omega-3-lv\/biologiskas-kanepju-seklas-300g\/\" \/>\n<meta property=\"og:site_name\" content=\"Puhdas+\" \/>\n<meta property=\"article:publisher\" content=\"https:\/\/www.facebook.com\/puhdasplus\" \/>\n<meta property=\"article:modified_time\" content=\"2026-02-27T11:09:47+00:00\" \/>\n<meta property=\"og:image\" content=\"https:\/\/test.puhdasplus.ee\/wp-content\/uploads\/2025\/03\/105.jpg\" \/>\n\t<meta property=\"og:image:width\" content=\"1862\" \/>\n\t<meta property=\"og:image:height\" content=\"2560\" \/>\n\t<meta property=\"og:image:type\" content=\"image\/jpeg\" \/>\n<meta name=\"twitter:card\" content=\"summary_large_image\" \/>\n<meta name=\"twitter:label1\" content=\"Est. reading time\" \/>\n\t<meta name=\"twitter:data1\" content=\"2 min\u016btes\" \/>\n<script type=\"application\/ld+json\" class=\"yoast-schema-graph\">{\"@context\":\"https:\/\/schema.org\",\"@graph\":[{\"@type\":\"WebPage\",\"@id\":\"https:\/\/test.puhdasplus.ee\/lv\/tooted\/sirds-veseliba\/omega-3-lv\/biologiskas-kanepju-seklas-300g\/\",\"url\":\"https:\/\/test.puhdasplus.ee\/lv\/tooted\/sirds-veseliba\/omega-3-lv\/biologiskas-kanepju-seklas-300g\/\",\"name\":\"Biolo\u0123iskas ka\u0146epju s\u0113klas 300g - Puhdas+\",\"isPartOf\":{\"@id\":\"https:\/\/test.puhdasplus.ee\/lv\/#website\"},\"primaryImageOfPage\":{\"@id\":\"https:\/\/test.puhdasplus.ee\/lv\/tooted\/sirds-veseliba\/omega-3-lv\/biologiskas-kanepju-seklas-300g\/#primaryimage\"},\"image\":{\"@id\":\"https:\/\/test.puhdasplus.ee\/lv\/tooted\/sirds-veseliba\/omega-3-lv\/biologiskas-kanepju-seklas-300g\/#primaryimage\"},\"thumbnailUrl\":\"https:\/\/test.puhdasplus.ee\/wp-content\/uploads\/2025\/03\/105.jpg\",\"datePublished\":\"2023-10-03T08:05:15+00:00\",\"dateModified\":\"2026-02-27T11:09:47+00:00\",\"description\":\"Biolo\u0123isk\u0101s ka\u0146epju s\u0113klas 300 g ir barojo\u0161as un daudzpus\u012bgas super\u0113diena s\u0113klas, kas bag\u0101tas ar ener\u0123iju, olbaltumviel\u0101m un labv\u0113l\u012bgajiem taukiem, piem\u0113ram, omega-3.\",\"breadcrumb\":{\"@id\":\"https:\/\/test.puhdasplus.ee\/lv\/tooted\/sirds-veseliba\/omega-3-lv\/biologiskas-kanepju-seklas-300g\/#breadcrumb\"},\"inLanguage\":\"lv-LV\",\"potentialAction\":[{\"@type\":\"ReadAction\",\"target\":[\"https:\/\/test.puhdasplus.ee\/lv\/tooted\/sirds-veseliba\/omega-3-lv\/biologiskas-kanepju-seklas-300g\/\"]}]},{\"@type\":\"ImageObject\",\"inLanguage\":\"lv-LV\",\"@id\":\"https:\/\/test.puhdasplus.ee\/lv\/tooted\/sirds-veseliba\/omega-3-lv\/biologiskas-kanepju-seklas-300g\/#primaryimage\",\"url\":\"https:\/\/test.puhdasplus.ee\/wp-content\/uploads\/2025\/03\/105.jpg\",\"contentUrl\":\"https:\/\/test.puhdasplus.ee\/wp-content\/uploads\/2025\/03\/105.jpg\",\"width\":1862,\"height\":2560,\"caption\":\"Organisk\u0101s ka\u0146epju s\u0113klas\"},{\"@type\":\"BreadcrumbList\",\"@id\":\"https:\/\/test.puhdasplus.ee\/lv\/tooted\/sirds-veseliba\/omega-3-lv\/biologiskas-kanepju-seklas-300g\/#breadcrumb\",\"itemListElement\":[{\"@type\":\"ListItem\",\"position\":1,\"name\":\"S\u0101kums\",\"item\":\"https:\/\/test.puhdasplus.ee\/lv\/\"},{\"@type\":\"ListItem\",\"position\":2,\"name\":\"Produkti\",\"item\":\"https:\/\/test.puhdasplus.ee\/lv\/veikals\/\"},{\"@type\":\"ListItem\",\"position\":3,\"name\":\"Biolo\u0123iskas ka\u0146epju s\u0113klas 300g\"}]},{\"@type\":\"WebSite\",\"@id\":\"https:\/\/test.puhdasplus.ee\/lv\/#website\",\"url\":\"https:\/\/test.puhdasplus.ee\/lv\/\",\"name\":\"Puhdas+\",\"description\":\"Vitamiinid, Toidulisandid, looduskosmeetika, tervis, sport\",\"publisher\":{\"@id\":\"https:\/\/test.puhdasplus.ee\/lv\/#organization\"},\"potentialAction\":[{\"@type\":\"SearchAction\",\"target\":{\"@type\":\"EntryPoint\",\"urlTemplate\":\"https:\/\/test.puhdasplus.ee\/lv\/?s={search_term_string}\"},\"query-input\":{\"@type\":\"PropertyValueSpecification\",\"valueRequired\":true,\"valueName\":\"search_term_string\"}}],\"inLanguage\":\"lv-LV\"},{\"@type\":\"Organization\",\"@id\":\"https:\/\/test.puhdasplus.ee\/lv\/#organization\",\"name\":\"Puhdas+\",\"alternateName\":\"Puhdasplus\",\"url\":\"https:\/\/test.puhdasplus.ee\/lv\/\",\"logo\":{\"@type\":\"ImageObject\",\"inLanguage\":\"lv-LV\",\"@id\":\"https:\/\/test.puhdasplus.ee\/lv\/#\/schema\/logo\/image\/\",\"url\":\"https:\/\/test.puhdasplus.ee\/\/wp-content\/uploads\/2019\/10\/puhdas_logo-arvele.png\",\"contentUrl\":\"https:\/\/test.puhdasplus.ee\/\/wp-content\/uploads\/2019\/10\/puhdas_logo-arvele.png\",\"width\":114,\"height\":94,\"caption\":\"Puhdas+\"},\"image\":{\"@id\":\"https:\/\/test.puhdasplus.ee\/lv\/#\/schema\/logo\/image\/\"},\"sameAs\":[\"https:\/\/www.facebook.com\/puhdasplus\",\"https:\/\/www.instagram.com\/puhdasplus_ee\/\"]}]}<\/script>\n<!-- \/ Yoast SEO plugin. -->","yoast_head_json":{"title":"Biolo\u0123iskas ka\u0146epju s\u0113klas 300g - Puhdas+","description":"Biolo\u0123isk\u0101s ka\u0146epju s\u0113klas 300 g ir barojo\u0161as un daudzpus\u012bgas super\u0113diena s\u0113klas, kas bag\u0101tas ar ener\u0123iju, olbaltumviel\u0101m un labv\u0113l\u012bgajiem taukiem, piem\u0113ram, omega-3.","robots":{"index":"noindex","follow":"follow","max-snippet":"max-snippet:-1","max-image-preview":"max-image-preview:large","max-video-preview":"max-video-preview:-1"},"og_locale":"lv_LV","og_type":"article","og_title":"Biolo\u0123iskas ka\u0146epju s\u0113klas 300g - Puhdas+","og_description":"Biolo\u0123isk\u0101s ka\u0146epju s\u0113klas 300 g ir barojo\u0161as un daudzpus\u012bgas super\u0113diena s\u0113klas, kas bag\u0101tas ar ener\u0123iju, olbaltumviel\u0101m un labv\u0113l\u012bgajiem taukiem, piem\u0113ram, omega-3.","og_url":"https:\/\/test.puhdasplus.ee\/lv\/tooted\/sirds-veseliba\/omega-3-lv\/biologiskas-kanepju-seklas-300g\/","og_site_name":"Puhdas+","article_publisher":"https:\/\/www.facebook.com\/puhdasplus","article_modified_time":"2026-02-27T11:09:47+00:00","og_image":[{"width":1862,"height":2560,"url":"https:\/\/test.puhdasplus.ee\/wp-content\/uploads\/2025\/03\/105.jpg","type":"image\/jpeg"}],"twitter_card":"summary_large_image","twitter_misc":{"Est. reading time":"2 min\u016btes"},"schema":{"@context":"https:\/\/schema.org","@graph":[{"@type":"WebPage","@id":"https:\/\/test.puhdasplus.ee\/lv\/tooted\/sirds-veseliba\/omega-3-lv\/biologiskas-kanepju-seklas-300g\/","url":"https:\/\/test.puhdasplus.ee\/lv\/tooted\/sirds-veseliba\/omega-3-lv\/biologiskas-kanepju-seklas-300g\/","name":"Biolo\u0123iskas ka\u0146epju s\u0113klas 300g - Puhdas+","isPartOf":{"@id":"https:\/\/test.puhdasplus.ee\/lv\/#website"},"primaryImageOfPage":{"@id":"https:\/\/test.puhdasplus.ee\/lv\/tooted\/sirds-veseliba\/omega-3-lv\/biologiskas-kanepju-seklas-300g\/#primaryimage"},"image":{"@id":"https:\/\/test.puhdasplus.ee\/lv\/tooted\/sirds-veseliba\/omega-3-lv\/biologiskas-kanepju-seklas-300g\/#primaryimage"},"thumbnailUrl":"https:\/\/test.puhdasplus.ee\/wp-content\/uploads\/2025\/03\/105.jpg","datePublished":"2023-10-03T08:05:15+00:00","dateModified":"2026-02-27T11:09:47+00:00","description":"Biolo\u0123isk\u0101s ka\u0146epju s\u0113klas 300 g ir barojo\u0161as un daudzpus\u012bgas super\u0113diena s\u0113klas, kas bag\u0101tas ar ener\u0123iju, olbaltumviel\u0101m un labv\u0113l\u012bgajiem taukiem, piem\u0113ram, omega-3.","breadcrumb":{"@id":"https:\/\/test.puhdasplus.ee\/lv\/tooted\/sirds-veseliba\/omega-3-lv\/biologiskas-kanepju-seklas-300g\/#breadcrumb"},"inLanguage":"lv-LV","potentialAction":[{"@type":"ReadAction","target":["https:\/\/test.puhdasplus.ee\/lv\/tooted\/sirds-veseliba\/omega-3-lv\/biologiskas-kanepju-seklas-300g\/"]}]},{"@type":"ImageObject","inLanguage":"lv-LV","@id":"https:\/\/test.puhdasplus.ee\/lv\/tooted\/sirds-veseliba\/omega-3-lv\/biologiskas-kanepju-seklas-300g\/#primaryimage","url":"https:\/\/test.puhdasplus.ee\/wp-content\/uploads\/2025\/03\/105.jpg","contentUrl":"https:\/\/test.puhdasplus.ee\/wp-content\/uploads\/2025\/03\/105.jpg","width":1862,"height":2560,"caption":"Organisk\u0101s ka\u0146epju s\u0113klas"},{"@type":"BreadcrumbList","@id":"https:\/\/test.puhdasplus.ee\/lv\/tooted\/sirds-veseliba\/omega-3-lv\/biologiskas-kanepju-seklas-300g\/#breadcrumb","itemListElement":[{"@type":"ListItem","position":1,"name":"S\u0101kums","item":"https:\/\/test.puhdasplus.ee\/lv\/"},{"@type":"ListItem","position":2,"name":"Produkti","item":"https:\/\/test.puhdasplus.ee\/lv\/veikals\/"},{"@type":"ListItem","position":3,"name":"Biolo\u0123iskas ka\u0146epju s\u0113klas 300g"}]},{"@type":"WebSite","@id":"https:\/\/test.puhdasplus.ee\/lv\/#website","url":"https:\/\/test.puhdasplus.ee\/lv\/","name":"Puhdas+","description":"Vitamiinid, Toidulisandid, looduskosmeetika, tervis, sport","publisher":{"@id":"https:\/\/test.puhdasplus.ee\/lv\/#organization"},"potentialAction":[{"@type":"SearchAction","target":{"@type":"EntryPoint","urlTemplate":"https:\/\/test.puhdasplus.ee\/lv\/?s={search_term_string}"},"query-input":{"@type":"PropertyValueSpecification","valueRequired":true,"valueName":"search_term_string"}}],"inLanguage":"lv-LV"},{"@type":"Organization","@id":"https:\/\/test.puhdasplus.ee\/lv\/#organization","name":"Puhdas+","alternateName":"Puhdasplus","url":"https:\/\/test.puhdasplus.ee\/lv\/","logo":{"@type":"ImageObject","inLanguage":"lv-LV","@id":"https:\/\/test.puhdasplus.ee\/lv\/#\/schema\/logo\/image\/","url":"https:\/\/test.puhdasplus.ee\/\/wp-content\/uploads\/2019\/10\/puhdas_logo-arvele.png","contentUrl":"https:\/\/test.puhdasplus.ee\/\/wp-content\/uploads\/2019\/10\/puhdas_logo-arvele.png","width":114,"height":94,"caption":"Puhdas+"},"image":{"@id":"https:\/\/test.puhdasplus.ee\/lv\/#\/schema\/logo\/image\/"},"sameAs":["https:\/\/www.facebook.com\/puhdasplus","https:\/\/www.instagram.com\/puhdasplus_ee\/"]}]}},"_links":{"self":[{"href":"https:\/\/test.puhdasplus.ee\/lv\/wp-json\/wp\/v2\/product\/33628","targetHints":{"allow":["GET"]}}],"collection":[{"href":"https:\/\/test.puhdasplus.ee\/lv\/wp-json\/wp\/v2\/product"}],"about":[{"href":"https:\/\/test.puhdasplus.ee\/lv\/wp-json\/wp\/v2\/types\/product"}],"replies":[{"embeddable":true,"href":"https:\/\/test.puhdasplus.ee\/lv\/wp-json\/wp\/v2\/comments?post=33628"}],"wp:featuredmedia":[{"embeddable":true,"href":"https:\/\/test.puhdasplus.ee\/lv\/wp-json\/wp\/v2\/media\/33630"}],"wp:attachment":[{"href":"https:\/\/test.puhdasplus.ee\/lv\/wp-json\/wp\/v2\/media?parent=33628"}],"wp:term":[{"taxonomy":"product_brand","embeddable":true,"href":"https:\/\/test.puhdasplus.ee\/lv\/wp-json\/wp\/v2\/product_brand?post=33628"},{"taxonomy":"product_cat","embeddable":true,"href":"https:\/\/test.puhdasplus.ee\/lv\/wp-json\/wp\/v2\/product_cat?post=33628"},{"taxonomy":"product_tag","embeddable":true,"href":"https:\/\/test.puhdasplus.ee\/lv\/wp-json\/wp\/v2\/product_tag?post=33628"}],"curies":[{"name":"wp","href":"https:\/\/api.w.org\/{rel}","templated":true}]}}