{"id":33625,"date":"2023-10-03T11:31:16","date_gmt":"2023-10-03T08:31:16","guid":{"rendered":"https:\/\/test.puhdasplus.ee\/\/tooted\/uncategorized\/augstakas-kvalitates-cia-seklas-400-g\/"},"modified":"2026-03-10T14:13:14","modified_gmt":"2026-03-10T12:13:14","slug":"augstakas-kvalitates-cia-seklas-400-g","status":"publish","type":"product","link":"https:\/\/test.puhdasplus.ee\/lv\/tooted\/sirds-veseliba\/omega-3-lv\/augstakas-kvalitates-cia-seklas-400-g\/","title":{"rendered":"Biolo\u0123iskas \u010dia s\u0113klas 400 g"},"content":{"rendered":"<h2>Kas ir \u010dia s\u0113klas?<\/h2>\n<p data-start=\"250\" data-end=\"539\">Puhdas+ biolo\u0123isk\u0101s \u010dia s\u0113klas ir 100% biolo\u0123iskas lauksaimniec\u012bbas augstas kvalit\u0101tes s\u0113klas, kas ir paz\u012bstamas ar savu augsto uzturv\u0113rt\u012bbu. \u010cia s\u0113klas (<em data-start=\"397\" data-end=\"415\">Salvia hispanica<\/em>) ir dabisks augu izcelsmes produkts, ko \u012bpa\u0161i nov\u0113rt\u0113 to \u0161\u0137iedrvielu, omega-3 tauksk\u0101bju un augu olbaltumvielu satura d\u0113\u013c. <\/p>\n<p data-start=\"541\" data-end=\"818\">\u0160\u012bs maz\u0101s s\u0113klas ir lieliski piem\u0113rotas daudzveid\u012bga un sabalans\u0113ta uztura sast\u0101vda\u013cai un ir viegli lietojamas ikdienas \u0113dienkart\u0113. \u010cia s\u0113klas piesaista \u0161\u0137idrumu un uzbriestot veido g\u0113lveida strukt\u016bru, t\u0101p\u0113c t\u0101s ir labi piem\u0113rotas da\u017e\u0101diem dz\u0113rieniem un \u0113dieniem. <\/p>\n<p data-start=\"820\" data-end=\"921\">Puhdas+ \u010dia s\u0113klas nesatur lipekli, ir bez piedev\u0101m un piem\u0113rotas veg\u0101niem un ve\u0123et\u0101rie\u0161iem.<\/p>\n<h2 data-start=\"883\" data-end=\"914\">K\u0101p\u0113c \u010dia s\u0113klas ir labv\u0113l\u012bgas?<\/h2>\n<p data-start=\"961\" data-end=\"1059\">\u010cia s\u0113klas ir dabiski bag\u0101tas ar uzturviel\u0101m un ir lieliski piem\u0113rotas ikdienas uztura papildin\u0101\u0161anai.<\/p>\n<p data-start=\"1061\" data-end=\"1193\"><strong data-start=\"1061\" data-end=\"1091\">Omega-3 tauksk\u0101bju avots<\/strong><br data-start=\"1091\" data-end=\"1094\">\u010cia s\u0113klas dabiski satur alfa-linol\u0113nsk\u0101bi (ALA), kas pieder pie omega-3 tauksk\u0101b\u0113m.<\/p>\n<p data-start=\"1195\" data-end=\"1316\"><strong data-start=\"1195\" data-end=\"1221\">\u0160\u0137iedrviel\u0101m bag\u0101tas s\u0113klas<\/strong><br data-start=\"1221\" data-end=\"1224\">Augstais \u0161\u0137iedrvielu saturs padara \u010dia s\u0113klas par labu papildin\u0101jumu sabalans\u0113tam uzturam.<\/p>\n<p data-start=\"1318\" data-end=\"1444\"><strong data-start=\"1318\" data-end=\"1341\">Augu izcelsmes olbaltumvielu avots<\/strong><br data-start=\"1341\" data-end=\"1344\">\u010cia s\u0113klas satur ar\u012b augu olbaltumvielas, t\u0101p\u0113c t\u0101s ir lieliski piem\u0113rotas veg\u0101niem un ve\u0123et\u0101rie\u0161iem.<\/p>\n<p data-start=\"1446\" data-end=\"1568\"><strong data-start=\"1446\" data-end=\"1479\">Daudzpus\u012bga izmanto\u0161ana virtuv\u0113<\/strong><br data-start=\"1479\" data-end=\"1482\">Neitr\u0101l\u0101s gar\u0161as d\u0113\u013c \u010dia s\u0113klas var pievienot daudziem \u0113dieniem un dz\u0113rieniem.<\/p>\n<p data-start=\"1570\" data-end=\"1673\"><strong data-start=\"1570\" data-end=\"1600\">T\u012brs un dabisks sast\u0101vs<\/strong><br data-start=\"1600\" data-end=\"1603\">Produkts nesatur piedevas, konservantus vai m\u0101ksl\u012bgas sast\u0101vda\u013cas.<\/p>\n<h2 data-start=\"1777\" data-end=\"1799\">Sast\u0101vda\u013cas<\/h2>\n<p data-start=\"1696\" data-end=\"1762\">100% biolo\u0123isk\u0101s lauksaimniec\u012bbas \u010dia s\u0113klas (<em data-start=\"1742\" data-end=\"1760\">Salvia hispanica<\/em>).<\/p>\n<h2 data-start=\"1953\" data-end=\"1990\">Uzturv\u0113rt\u012bba (uz 100 g)<\/h2>\n<ul data-start=\"1992\" data-end=\"2201\">\n<li class=\"\" data-start=\"1992\" data-end=\"2023\">\n<p class=\"\" data-start=\"1994\" data-end=\"2023\">Ener\u0123\u0113tisk\u0101 v\u0113rt\u012bba: 1922 kJ \/ 459 kcal<\/p>\n<\/li>\n<li class=\"\" data-start=\"2024\" data-end=\"2101\">\n<p class=\"\" data-start=\"2026\" data-end=\"2042\">Tauki: 33,9 g, tostarp pies\u0101tin\u0101t\u0101s tauksk\u0101bes: 2,8 g<\/p>\n<\/li>\n<li class=\"\" data-start=\"2102\" data-end=\"2145\">\n<p class=\"\" data-start=\"2104\" data-end=\"2124\">Og\u013chidr\u0101ti: 0,2 g, tostarp cukuri: 0 g<\/p>\n<\/li>\n<li class=\"\" data-start=\"2168\" data-end=\"2186\">\n<p class=\"\" data-start=\"2170\" data-end=\"2186\">Olbaltumvielas: 22,9 g<\/p>\n<\/li>\n<li class=\"\" data-start=\"2187\" data-end=\"2201\">\n<p class=\"\" data-start=\"2189\" data-end=\"2201\">S\u0101ls: maz\u0101k nek\u0101 0,1 g<\/p>\n<\/li>\n<li>\u0160\u0137iedrvielas: 34,4 g<\/li>\n<\/ul>\n<ul data-start=\"2045\" data-end=\"2101\">\n<li class=\"\" data-start=\"2070\" data-end=\"2101\">\n<p class=\"\" data-start=\"2072\" data-end=\"2101\">Omega-3 tauksk\u0101bes: 21,8 g<\/p>\n<\/li>\n<li data-start=\"2070\" data-end=\"2101\">Omega-6 tauksk\u0101bes: 6,2 g<\/li>\n<\/ul>\n<h2 data-start=\"2208\" data-end=\"2232\">Lietot\u0101ja rokasgr\u0101mata<\/h2>\n<p data-start=\"165\" data-end=\"227\">Ieteicam\u0101 dienas deva ir aptuveni <strong data-start=\"199\" data-end=\"226\">1 \u0113damkarote (15 g)<\/strong>.<\/p>\n<p data-start=\"229\" data-end=\"464\">\u010cia s\u0113klas absorb\u0113 \u0161\u0137idrumu un var vair\u0101kk\u0101rt palielin\u0101ties apjom\u0101, t\u0101p\u0113c pirms lieto\u0161anas t\u0101s ieteicams <strong data-start=\"335\" data-end=\"370\">izm\u0113rc\u0113t \u016bden\u012b vai cit\u0101 \u0161\u0137idrum\u0101<\/strong>. M\u0113rc\u0113jot veidojas g\u0113lveida tekst\u016bra, kas ir lieliski piem\u0113rota da\u017e\u0101du \u0113dienu pagatavo\u0161anai. <\/p>\n<p data-start=\"466\" data-end=\"644\">Uzbriedin\u0101tas \u010dia s\u0113klas var pievienot, piem\u0113ram, <strong data-start=\"511\" data-end=\"580\">sm\u016btijiem, brokastu b\u013cod\u0101m, pudi\u0146iem vai putr\u0101m<\/strong>, lai pie\u0161\u0137irtu \u0113dienam tekst\u016bru un da\u017e\u0101dotu ikdienas \u0113dienkarti.<\/p>\n<p data-start=\"466\" data-end=\"644\">\u010cia s\u0113klas ir v\u0113rt\u012bga sabalans\u0113ta uztura sast\u0101vda\u013ca. Svar\u012bgs ir daudzveid\u012bgs un sabalans\u0113ts uzturs, k\u0101 ar\u012b vesel\u012bgs dz\u012bvesveids. <\/p>\n<h2 data-start=\"1745\" data-end=\"1777\">Br\u012bdin\u0101jumi un uzglab\u0101\u0161ana<\/h2>\n<ul data-start=\"1778\" data-end=\"1949\">\n<li class=\"\" data-start=\"1778\" data-end=\"1819\">\n<p class=\"\" data-start=\"1780\" data-end=\"1819\"><span class=\"relative -mx-px my-[-0.2rem] rounded px-px py-[0.2rem] transition-colors duration-100 ease-in-out\">Uzglab\u0101t saus\u0101 un v\u0113s\u0101 viet\u0101, sarg\u0101t no tie\u0161iem saules stariem.<\/span><\/p>\n<\/li>\n<li class=\"\" data-start=\"1820\" data-end=\"1861\">\n<p class=\"\" data-start=\"1822\" data-end=\"1861\"><span class=\"relative -mx-px my-[-0.2rem] rounded px-px py-[0.2rem] transition-colors duration-100 ease-in-out\">Sarg\u0101t no b\u0113rniem.<\/span><\/p>\n<\/li>\n<\/ul>\n<h2>Neto masa: 400 g<\/h2>\n","protected":false},"excerpt":{"rendered":"<p data-start=\"1040\" data-end=\"1316\"><strong data-start=\"1040\" data-end=\"1316\">Puhdas+ biolo\u0123isk\u0101s \u010dia s\u0113klas ir 100% biolo\u0123iskas lauksaimniec\u012bbas dabisks superprodukts, kas satur daudz omega-3 tauksk\u0101bju, \u0161\u0137iedrvielu un augu olbaltumvielu. \u0160\u012bs maz\u0101s s\u0113klas ir bag\u0101tas ar uzturviel\u0101m un lieliski papildina daudzveid\u012bgu un sabalans\u0113tu uzturu. <\/strong><\/p>\n<p data-start=\"1318\" data-end=\"1576\">\u010cia s\u0113klas ir paz\u012bstamas ar savu sp\u0113ju piesaist\u012bt \u0161\u0137idrumu un veidot g\u0113lveida strukt\u016bru, t\u0101p\u0113c t\u0101s ir lieliski piem\u0113rotas sm\u016btijiem, pudi\u0146iem, jogurtam vai konditorejas izstr\u0101d\u0101jumiem. Pateicoties to neitr\u0101lajai gar\u0161ai, t\u0101s ir viegli iek\u013caut ikdienas \u0113dienkart\u0113. <\/p>\n<p data-start=\"1578\" data-end=\"1679\">Puhdas+ \u010dia s\u0113klas nesatur lipekli, ir bez piedev\u0101m un piem\u0113rotas veg\u0101niem un ve\u0123et\u0101rie\u0161iem.<\/p>\n<hr data-start=\"1681\" data-end=\"1684\">\n","protected":false},"featured_media":33627,"comment_status":"closed","ping_status":"closed","template":"","meta":{"_acf_changed":false},"product_brand":[],"product_cat":[3067,3442,3441,3038,3039],"product_tag":[3348,3965,3964,3966,3967,3968,3043,2974],"class_list":{"0":"post-33625","1":"product","2":"type-product","3":"status-publish","4":"has-post-thumbnail","6":"product_cat-ipasie-piedavajumi","7":"product_cat-omega-3-lv","8":"product_cat-sirds-veseliba","9":"product_cat-sports-lv","10":"product_cat-superediens","11":"product_tag-bez-glutena","12":"product_tag-cia-seklas","13":"product_tag-olbaltumvielas","14":"product_tag-omega-3-lv","15":"product_tag-omega-6-lv","16":"product_tag-skiedra","17":"product_tag-superediens","18":"product_tag-vegans","20":"first","21":"instock","22":"sale","23":"taxable","24":"shipping-taxable","25":"purchasable","26":"product-type-simple"},"acf":[],"yoast_head":"<!-- This site is optimized with the Yoast SEO plugin v27.1.1 - https:\/\/yoast.com\/product\/yoast-seo-wordpress\/ -->\n<title>Biolo\u0123iskas \u010dia s\u0113klas 400 g - Puhdas+<\/title>\n<meta name=\"description\" content=\"Augst\u0101k\u0101s kvalit\u0101tes \u010dia s\u0113klas 400 g ir barojo\u0161as super\u0113diena s\u0113klas, kas ir bag\u0101tas ar omega-3 un omega-6 tauksk\u0101b\u0113m, olbaltumviel\u0101m un \u0161\u0137iedrviel\u0101m.\" \/>\n<meta name=\"robots\" content=\"noindex, follow, max-snippet:-1, max-image-preview:large, max-video-preview:-1\" \/>\n<meta property=\"og:locale\" content=\"lv_LV\" \/>\n<meta property=\"og:type\" content=\"article\" \/>\n<meta property=\"og:title\" content=\"Biolo\u0123iskas \u010dia s\u0113klas 400 g - Puhdas+\" \/>\n<meta property=\"og:description\" content=\"Augst\u0101k\u0101s kvalit\u0101tes \u010dia s\u0113klas 400 g ir barojo\u0161as super\u0113diena s\u0113klas, kas ir bag\u0101tas ar omega-3 un omega-6 tauksk\u0101b\u0113m, olbaltumviel\u0101m un \u0161\u0137iedrviel\u0101m.\" \/>\n<meta property=\"og:url\" content=\"https:\/\/test.puhdasplus.ee\/lv\/tooted\/sirds-veseliba\/omega-3-lv\/augstakas-kvalitates-cia-seklas-400-g\/\" \/>\n<meta property=\"og:site_name\" content=\"Puhdas+\" \/>\n<meta property=\"article:publisher\" content=\"https:\/\/www.facebook.com\/puhdasplus\" \/>\n<meta property=\"article:modified_time\" content=\"2026-03-10T12:13:14+00:00\" \/>\n<meta property=\"og:image\" content=\"https:\/\/test.puhdasplus.ee\/wp-content\/uploads\/2025\/03\/81.jpg\" \/>\n\t<meta property=\"og:image:width\" content=\"1862\" \/>\n\t<meta property=\"og:image:height\" content=\"2560\" \/>\n\t<meta property=\"og:image:type\" content=\"image\/jpeg\" \/>\n<meta name=\"twitter:card\" content=\"summary_large_image\" \/>\n<meta name=\"twitter:label1\" content=\"Est. reading time\" \/>\n\t<meta name=\"twitter:data1\" content=\"2 min\u016btes\" \/>\n<script type=\"application\/ld+json\" class=\"yoast-schema-graph\">{\"@context\":\"https:\/\/schema.org\",\"@graph\":[{\"@type\":\"WebPage\",\"@id\":\"https:\/\/test.puhdasplus.ee\/lv\/tooted\/sirds-veseliba\/omega-3-lv\/augstakas-kvalitates-cia-seklas-400-g\/\",\"url\":\"https:\/\/test.puhdasplus.ee\/lv\/tooted\/sirds-veseliba\/omega-3-lv\/augstakas-kvalitates-cia-seklas-400-g\/\",\"name\":\"Biolo\u0123iskas \u010dia s\u0113klas 400 g - Puhdas+\",\"isPartOf\":{\"@id\":\"https:\/\/test.puhdasplus.ee\/lv\/#website\"},\"primaryImageOfPage\":{\"@id\":\"https:\/\/test.puhdasplus.ee\/lv\/tooted\/sirds-veseliba\/omega-3-lv\/augstakas-kvalitates-cia-seklas-400-g\/#primaryimage\"},\"image\":{\"@id\":\"https:\/\/test.puhdasplus.ee\/lv\/tooted\/sirds-veseliba\/omega-3-lv\/augstakas-kvalitates-cia-seklas-400-g\/#primaryimage\"},\"thumbnailUrl\":\"https:\/\/test.puhdasplus.ee\/wp-content\/uploads\/2025\/03\/81.jpg\",\"datePublished\":\"2023-10-03T08:31:16+00:00\",\"dateModified\":\"2026-03-10T12:13:14+00:00\",\"description\":\"Augst\u0101k\u0101s kvalit\u0101tes \u010dia s\u0113klas 400 g ir barojo\u0161as super\u0113diena s\u0113klas, kas ir bag\u0101tas ar omega-3 un omega-6 tauksk\u0101b\u0113m, olbaltumviel\u0101m un \u0161\u0137iedrviel\u0101m.\",\"breadcrumb\":{\"@id\":\"https:\/\/test.puhdasplus.ee\/lv\/tooted\/sirds-veseliba\/omega-3-lv\/augstakas-kvalitates-cia-seklas-400-g\/#breadcrumb\"},\"inLanguage\":\"lv-LV\",\"potentialAction\":[{\"@type\":\"ReadAction\",\"target\":[\"https:\/\/test.puhdasplus.ee\/lv\/tooted\/sirds-veseliba\/omega-3-lv\/augstakas-kvalitates-cia-seklas-400-g\/\"]}]},{\"@type\":\"ImageObject\",\"inLanguage\":\"lv-LV\",\"@id\":\"https:\/\/test.puhdasplus.ee\/lv\/tooted\/sirds-veseliba\/omega-3-lv\/augstakas-kvalitates-cia-seklas-400-g\/#primaryimage\",\"url\":\"https:\/\/test.puhdasplus.ee\/wp-content\/uploads\/2025\/03\/81.jpg\",\"contentUrl\":\"https:\/\/test.puhdasplus.ee\/wp-content\/uploads\/2025\/03\/81.jpg\",\"width\":1862,\"height\":2560,\"caption\":\"Augst\u0101k\u0101s kvalit\u0101tes \u010dia s\u0113klas\"},{\"@type\":\"BreadcrumbList\",\"@id\":\"https:\/\/test.puhdasplus.ee\/lv\/tooted\/sirds-veseliba\/omega-3-lv\/augstakas-kvalitates-cia-seklas-400-g\/#breadcrumb\",\"itemListElement\":[{\"@type\":\"ListItem\",\"position\":1,\"name\":\"S\u0101kums\",\"item\":\"https:\/\/test.puhdasplus.ee\/lv\/\"},{\"@type\":\"ListItem\",\"position\":2,\"name\":\"Produkti\",\"item\":\"https:\/\/test.puhdasplus.ee\/lv\/veikals\/\"},{\"@type\":\"ListItem\",\"position\":3,\"name\":\"Biolo\u0123iskas \u010dia s\u0113klas 400 g\"}]},{\"@type\":\"WebSite\",\"@id\":\"https:\/\/test.puhdasplus.ee\/lv\/#website\",\"url\":\"https:\/\/test.puhdasplus.ee\/lv\/\",\"name\":\"Puhdas+\",\"description\":\"Vitamiinid, Toidulisandid, looduskosmeetika, tervis, sport\",\"publisher\":{\"@id\":\"https:\/\/test.puhdasplus.ee\/lv\/#organization\"},\"potentialAction\":[{\"@type\":\"SearchAction\",\"target\":{\"@type\":\"EntryPoint\",\"urlTemplate\":\"https:\/\/test.puhdasplus.ee\/lv\/?s={search_term_string}\"},\"query-input\":{\"@type\":\"PropertyValueSpecification\",\"valueRequired\":true,\"valueName\":\"search_term_string\"}}],\"inLanguage\":\"lv-LV\"},{\"@type\":\"Organization\",\"@id\":\"https:\/\/test.puhdasplus.ee\/lv\/#organization\",\"name\":\"Puhdas+\",\"alternateName\":\"Puhdasplus\",\"url\":\"https:\/\/test.puhdasplus.ee\/lv\/\",\"logo\":{\"@type\":\"ImageObject\",\"inLanguage\":\"lv-LV\",\"@id\":\"https:\/\/test.puhdasplus.ee\/lv\/#\/schema\/logo\/image\/\",\"url\":\"https:\/\/test.puhdasplus.ee\/\/wp-content\/uploads\/2019\/10\/puhdas_logo-arvele.png\",\"contentUrl\":\"https:\/\/test.puhdasplus.ee\/\/wp-content\/uploads\/2019\/10\/puhdas_logo-arvele.png\",\"width\":114,\"height\":94,\"caption\":\"Puhdas+\"},\"image\":{\"@id\":\"https:\/\/test.puhdasplus.ee\/lv\/#\/schema\/logo\/image\/\"},\"sameAs\":[\"https:\/\/www.facebook.com\/puhdasplus\",\"https:\/\/www.instagram.com\/puhdasplus_ee\/\"]}]}<\/script>\n<!-- \/ Yoast SEO plugin. -->","yoast_head_json":{"title":"Biolo\u0123iskas \u010dia s\u0113klas 400 g - Puhdas+","description":"Augst\u0101k\u0101s kvalit\u0101tes \u010dia s\u0113klas 400 g ir barojo\u0161as super\u0113diena s\u0113klas, kas ir bag\u0101tas ar omega-3 un omega-6 tauksk\u0101b\u0113m, olbaltumviel\u0101m un \u0161\u0137iedrviel\u0101m.","robots":{"index":"noindex","follow":"follow","max-snippet":"max-snippet:-1","max-image-preview":"max-image-preview:large","max-video-preview":"max-video-preview:-1"},"og_locale":"lv_LV","og_type":"article","og_title":"Biolo\u0123iskas \u010dia s\u0113klas 400 g - Puhdas+","og_description":"Augst\u0101k\u0101s kvalit\u0101tes \u010dia s\u0113klas 400 g ir barojo\u0161as super\u0113diena s\u0113klas, kas ir bag\u0101tas ar omega-3 un omega-6 tauksk\u0101b\u0113m, olbaltumviel\u0101m un \u0161\u0137iedrviel\u0101m.","og_url":"https:\/\/test.puhdasplus.ee\/lv\/tooted\/sirds-veseliba\/omega-3-lv\/augstakas-kvalitates-cia-seklas-400-g\/","og_site_name":"Puhdas+","article_publisher":"https:\/\/www.facebook.com\/puhdasplus","article_modified_time":"2026-03-10T12:13:14+00:00","og_image":[{"width":1862,"height":2560,"url":"https:\/\/test.puhdasplus.ee\/wp-content\/uploads\/2025\/03\/81.jpg","type":"image\/jpeg"}],"twitter_card":"summary_large_image","twitter_misc":{"Est. reading time":"2 min\u016btes"},"schema":{"@context":"https:\/\/schema.org","@graph":[{"@type":"WebPage","@id":"https:\/\/test.puhdasplus.ee\/lv\/tooted\/sirds-veseliba\/omega-3-lv\/augstakas-kvalitates-cia-seklas-400-g\/","url":"https:\/\/test.puhdasplus.ee\/lv\/tooted\/sirds-veseliba\/omega-3-lv\/augstakas-kvalitates-cia-seklas-400-g\/","name":"Biolo\u0123iskas \u010dia s\u0113klas 400 g - Puhdas+","isPartOf":{"@id":"https:\/\/test.puhdasplus.ee\/lv\/#website"},"primaryImageOfPage":{"@id":"https:\/\/test.puhdasplus.ee\/lv\/tooted\/sirds-veseliba\/omega-3-lv\/augstakas-kvalitates-cia-seklas-400-g\/#primaryimage"},"image":{"@id":"https:\/\/test.puhdasplus.ee\/lv\/tooted\/sirds-veseliba\/omega-3-lv\/augstakas-kvalitates-cia-seklas-400-g\/#primaryimage"},"thumbnailUrl":"https:\/\/test.puhdasplus.ee\/wp-content\/uploads\/2025\/03\/81.jpg","datePublished":"2023-10-03T08:31:16+00:00","dateModified":"2026-03-10T12:13:14+00:00","description":"Augst\u0101k\u0101s kvalit\u0101tes \u010dia s\u0113klas 400 g ir barojo\u0161as super\u0113diena s\u0113klas, kas ir bag\u0101tas ar omega-3 un omega-6 tauksk\u0101b\u0113m, olbaltumviel\u0101m un \u0161\u0137iedrviel\u0101m.","breadcrumb":{"@id":"https:\/\/test.puhdasplus.ee\/lv\/tooted\/sirds-veseliba\/omega-3-lv\/augstakas-kvalitates-cia-seklas-400-g\/#breadcrumb"},"inLanguage":"lv-LV","potentialAction":[{"@type":"ReadAction","target":["https:\/\/test.puhdasplus.ee\/lv\/tooted\/sirds-veseliba\/omega-3-lv\/augstakas-kvalitates-cia-seklas-400-g\/"]}]},{"@type":"ImageObject","inLanguage":"lv-LV","@id":"https:\/\/test.puhdasplus.ee\/lv\/tooted\/sirds-veseliba\/omega-3-lv\/augstakas-kvalitates-cia-seklas-400-g\/#primaryimage","url":"https:\/\/test.puhdasplus.ee\/wp-content\/uploads\/2025\/03\/81.jpg","contentUrl":"https:\/\/test.puhdasplus.ee\/wp-content\/uploads\/2025\/03\/81.jpg","width":1862,"height":2560,"caption":"Augst\u0101k\u0101s kvalit\u0101tes \u010dia s\u0113klas"},{"@type":"BreadcrumbList","@id":"https:\/\/test.puhdasplus.ee\/lv\/tooted\/sirds-veseliba\/omega-3-lv\/augstakas-kvalitates-cia-seklas-400-g\/#breadcrumb","itemListElement":[{"@type":"ListItem","position":1,"name":"S\u0101kums","item":"https:\/\/test.puhdasplus.ee\/lv\/"},{"@type":"ListItem","position":2,"name":"Produkti","item":"https:\/\/test.puhdasplus.ee\/lv\/veikals\/"},{"@type":"ListItem","position":3,"name":"Biolo\u0123iskas \u010dia s\u0113klas 400 g"}]},{"@type":"WebSite","@id":"https:\/\/test.puhdasplus.ee\/lv\/#website","url":"https:\/\/test.puhdasplus.ee\/lv\/","name":"Puhdas+","description":"Vitamiinid, Toidulisandid, looduskosmeetika, tervis, sport","publisher":{"@id":"https:\/\/test.puhdasplus.ee\/lv\/#organization"},"potentialAction":[{"@type":"SearchAction","target":{"@type":"EntryPoint","urlTemplate":"https:\/\/test.puhdasplus.ee\/lv\/?s={search_term_string}"},"query-input":{"@type":"PropertyValueSpecification","valueRequired":true,"valueName":"search_term_string"}}],"inLanguage":"lv-LV"},{"@type":"Organization","@id":"https:\/\/test.puhdasplus.ee\/lv\/#organization","name":"Puhdas+","alternateName":"Puhdasplus","url":"https:\/\/test.puhdasplus.ee\/lv\/","logo":{"@type":"ImageObject","inLanguage":"lv-LV","@id":"https:\/\/test.puhdasplus.ee\/lv\/#\/schema\/logo\/image\/","url":"https:\/\/test.puhdasplus.ee\/\/wp-content\/uploads\/2019\/10\/puhdas_logo-arvele.png","contentUrl":"https:\/\/test.puhdasplus.ee\/\/wp-content\/uploads\/2019\/10\/puhdas_logo-arvele.png","width":114,"height":94,"caption":"Puhdas+"},"image":{"@id":"https:\/\/test.puhdasplus.ee\/lv\/#\/schema\/logo\/image\/"},"sameAs":["https:\/\/www.facebook.com\/puhdasplus","https:\/\/www.instagram.com\/puhdasplus_ee\/"]}]}},"_links":{"self":[{"href":"https:\/\/test.puhdasplus.ee\/lv\/wp-json\/wp\/v2\/product\/33625","targetHints":{"allow":["GET"]}}],"collection":[{"href":"https:\/\/test.puhdasplus.ee\/lv\/wp-json\/wp\/v2\/product"}],"about":[{"href":"https:\/\/test.puhdasplus.ee\/lv\/wp-json\/wp\/v2\/types\/product"}],"replies":[{"embeddable":true,"href":"https:\/\/test.puhdasplus.ee\/lv\/wp-json\/wp\/v2\/comments?post=33625"}],"wp:featuredmedia":[{"embeddable":true,"href":"https:\/\/test.puhdasplus.ee\/lv\/wp-json\/wp\/v2\/media\/33627"}],"wp:attachment":[{"href":"https:\/\/test.puhdasplus.ee\/lv\/wp-json\/wp\/v2\/media?parent=33625"}],"wp:term":[{"taxonomy":"product_brand","embeddable":true,"href":"https:\/\/test.puhdasplus.ee\/lv\/wp-json\/wp\/v2\/product_brand?post=33625"},{"taxonomy":"product_cat","embeddable":true,"href":"https:\/\/test.puhdasplus.ee\/lv\/wp-json\/wp\/v2\/product_cat?post=33625"},{"taxonomy":"product_tag","embeddable":true,"href":"https:\/\/test.puhdasplus.ee\/lv\/wp-json\/wp\/v2\/product_tag?post=33625"}],"curies":[{"name":"wp","href":"https:\/\/api.w.org\/{rel}","templated":true}]}}