{"id":33604,"date":"2023-09-19T10:31:53","date_gmt":"2023-09-19T07:31:53","guid":{"rendered":"https:\/\/test.puhdasplus.ee\/\/tooted\/uncategorized\/kreatina-pulveris-200-g\/"},"modified":"2026-02-27T13:09:49","modified_gmt":"2026-02-27T11:09:49","slug":"kreatina-pulveris-200-g","status":"publish","type":"product","link":"https:\/\/test.puhdasplus.ee\/lv\/tooted\/sports-lv\/kreatina-pulveris-200-g\/","title":{"rendered":"Kreat\u012bns 200 g"},"content":{"rendered":"<h2 data-start=\"206\" data-end=\"234\">Kas ir Pure+ kreat\u012bns?<\/h2>\n<p class=\"\" data-start=\"236\" data-end=\"393\">Pure+ Creatine ir 100% t\u012brs kreat\u012bna monohidr\u0101ts \u2013 uztura bag\u0101tin\u0101t\u0101js bez piedev\u0101m vai pal\u012bgviel\u0101m, kas piem\u0113rots ikdienas lieto\u0161anai tiem, kas v\u0113las atbalst\u012bt sava \u0137erme\u0146a dabisko fizisko sniegumu un atjauno\u0161anos. Kreat\u012bns ir dabiska viela, kas dabiski atrodama organism\u0101, galvenok\u0101rt musku\u013cos, kur t\u0101 piedal\u0101s ener\u0123ijas ra\u017eo\u0161anas procesos. Produkts ir ra\u017eots Somij\u0101, iev\u0113rojot augstus kvalit\u0101tes standartus.  <\/p>\n<h2 data-start=\"400\" data-end=\"424\">K\u0101p\u0113c tas ir noder\u012bgi?<\/h2>\n<p class=\"p1\">Kreat\u012bns uzlabo fizisko sniegumu \u012bslaic\u012bgas, augstas intensit\u0101tes slodzes laik\u0101.  <span class=\"s1\"><b>Labv\u0113l\u012bg\u0101 ietekme tiek pan\u0101kta, katru dienu uz\u0146emot 3 g kreat\u012bna.<\/b><\/span>  Tas padara to par v\u0113rt\u012bgu uztura bag\u0101tin\u0101t\u0101ju sportistu un vingrot\u0101ju vid\u016b.<\/p>\n<h2 data-start=\"592\" data-end=\"614\">Kam tas ir piem\u0113rots?<\/h2>\n<ul>\n<li>Cilv\u0113kiem, kas tren\u0113 sp\u0113ku un \u0101trumu<\/li>\n<li class=\"\" data-start=\"745\" data-end=\"786\">Sportistiem un cilv\u0113kiem ar akt\u012bvu dz\u012bvesveidu<\/li>\n<li class=\"\" data-start=\"787\" data-end=\"828\">\n<p class=\"\" data-start=\"789\" data-end=\"828\">Tiem, kas v\u0113las uzlabot fizisko sniegumu<\/p>\n<\/li>\n<li class=\"\" data-start=\"829\" data-end=\"916\">\n<p class=\"\" data-start=\"831\" data-end=\"916\">Visiem, kas nov\u0113rt\u0113 t\u012brus un bez piedev\u0101m eso\u0161us uztura bag\u0101tin\u0101t\u0101jus<\/p>\n<\/li>\n<\/ul>\n<h2 data-start=\"923\" data-end=\"937\">Lietojums<\/h2>\n<p class=\"\" data-start=\"939\" data-end=\"1064\"><span class=\"relative -mx-px my-[-0.2rem] rounded px-px py-[0.2rem] transition-colors duration-100 ease-in-out\"><strong data-start=\"0\" data-end=\"20\" data-is-only-node=\"\">Ieteicam\u0101 deva<\/strong> : 1 t\u0113jkarote (apm\u0113ram 5 g) dien\u0101.<\/span> <span class=\"relative -mx-px my-[-0.2rem] rounded px-px py-[0.2rem] transition-colors duration-100 ease-in-out\">Sajauciet pulveri ar \u016bdeni, sulu vai sm\u016btiju.<\/span><\/p>\n<p class=\"p1\"><b>Labv\u0113l\u012bg\u0101 ietekme tiek pan\u0101kta, katru dienu uz\u0146emot 3 g kreat\u012bna.<\/b><\/p>\n<p class=\"\" data-start=\"1066\" data-end=\"1151\"><span class=\"relative -mx-px my-[-0.2rem] rounded px-px py-[0.2rem] transition-colors duration-100 ease-in-out\">Nep\u0101rsniedziet ieteicamo dienas devu. Uztura bag\u0101tin\u0101t\u0101js neaizst\u0101j daudzveid\u012bgu un sabalans\u0113tu uzturu vai vesel\u012bgu dz\u012bvesveidu. Sarg\u0101t no b\u0113rniem.  <\/span>\u200b<\/p>\n<h2 data-start=\"1158\" data-end=\"1173\">Sast\u0101vda\u013cas<\/h2>\n<ul data-start=\"1175\" data-end=\"1262\">\n<li class=\"\" data-start=\"1175\" data-end=\"1262\">\n<p class=\"\" data-start=\"1177\" data-end=\"1262\"><span class=\"relative -mx-px my-[-0.2rem] rounded px-px py-[0.2rem] transition-colors duration-100 ease-in-out\">Kreat\u012bna monohidr\u0101ts<\/span><\/p>\n<\/li>\n<\/ul>\n<p class=\"\" data-start=\"1264\" data-end=\"1389\"><span class=\"relative -mx-px my-[-0.2rem] rounded px-px py-[0.2rem] transition-colors duration-100 ease-in-out\"><strong data-start=\"0\" data-end=\"14\" data-is-only-node=\"\">Nesatur<\/strong> : laktozi, glut\u0113nu, raugu, cukuru, s\u0101li, cieti, kukur\u016bzu, soju vai saldin\u0101t\u0101jus.<\/span> <span class=\"relative -mx-px my-[-0.2rem] rounded px-px py-[0.2rem] transition-colors duration-100 ease-in-out\">Piem\u0113rots ve\u0123et\u0101rie\u0161iem.<\/span><\/p>\n<h2 data-start=\"1396\" data-end=\"1437\">Uzturv\u0113rt\u012bba (1 t\u0113jkarote \/ 5 g):<\/h2>\n<ul data-start=\"1439\" data-end=\"1526\">\n<li class=\"\" data-start=\"1439\" data-end=\"1526\">\n<p class=\"\" data-start=\"1441\" data-end=\"1526\"><span class=\"relative -mx-px my-[-0.2rem] rounded px-px py-[0.2rem] transition-colors duration-100 ease-in-out\">Kreat\u012bns: 5 g<\/span><\/p>\n<\/li>\n<\/ul>\n","protected":false},"excerpt":{"rendered":"<p class=\"p1\"><span class=\"s1\"><b>Pure+ Creatine 200g<\/b><\/span> ir 100% t\u012brs kreat\u012bna monohidr\u0101ts, kas atbalsta fizisko sniegumu un pal\u012bdz uzlabot fizisko sniegumu \u012bslaic\u012bgas, augstas intensit\u0101tes slodzes laik\u0101. <span class=\"s1\"><b>Labv\u0113l\u012bg\u0101 ietekme tiek pan\u0101kta, katru dienu uz\u0146emot 3g kreat\u012bna.<\/b><b><\/b><\/span><\/p>\n<p class=\"p1\">Kreat\u012bns ir \u012bpa\u0161i labi paz\u012bstams ar savu lomu intens\u012bvas fiziskas slodzes laik\u0101, pal\u012bdzot palielin\u0101t spr\u0101dzienb\u012bstam\u012bbu un uzlabot treni\u0146u efektivit\u0101ti, ja to apvieno ar regul\u0101r\u0101m fizisk\u0101m aktivit\u0101t\u0113m.<\/p>\n<p class=\"p1\">\u0160is pulveris bez piedev\u0101m ir lieliski piem\u0113rots sportistiem, sp\u0113ka treni\u0146u entuziastiem un cilv\u0113kiem ar akt\u012bvu dz\u012bvesveidu, kuri v\u0113las apzin\u0101ti uztur\u0113t savu fizisko sagatavot\u012bbu.<\/p>\n<p class=\"p1\">Pulverim ir neitr\u0101la gar\u0161a, tas viegli \u0161\u0137\u012bst \u016bden\u012b vai koktei\u013cos un nesatur glut\u0113nu, laktozi, cukuru vai saldin\u0101t\u0101jus.  <span class=\"s1\"><b>Piem\u0113rots ar\u012b veg\u0101niem un lietot\u0101jiem ar jut\u012bgu gremo\u0161anu.<\/b><\/span><\/p>\n","protected":false},"featured_media":33609,"comment_status":"closed","ping_status":"closed","template":"","meta":{"_acf_changed":false},"product_brand":[],"product_cat":[3509,3067,3038],"product_tag":[3042,3044,3945,3943,3942,3944,3725,3576],"class_list":{"0":"post-33604","1":"product","2":"type-product","3":"status-publish","4":"has-post-thumbnail","6":"product_cat-aminoskabes","7":"product_cat-ipasie-piedavajumi","8":"product_cat-sports-lv","9":"product_tag-energija-lv","10":"product_tag-energija-un-nogurums","11":"product_tag-energijas-metabolisms","12":"product_tag-kreatina-monohidrats","13":"product_tag-kreatins","14":"product_tag-muskulu-sniegums","15":"product_tag-sporta-uztura-bagatinatajs","16":"product_tag-sports-lv","18":"first","19":"instock","20":"sale","21":"featured","22":"taxable","23":"shipping-taxable","24":"purchasable","25":"product-type-simple"},"acf":[],"yoast_head":"<!-- This site is optimized with the Yoast SEO plugin v27.1.1 - https:\/\/yoast.com\/product\/yoast-seo-wordpress\/ -->\n<title>Kreat\u012bns 200 g - Puhdas+<\/title>\n<meta name=\"description\" content=\"Kreat\u012bna pulveris 200 g ir t\u012brs kreat\u012bna monohidr\u0101ts, kas atbalsta musku\u013cu darb\u012bbu un ener\u0123ijas metabolismu. Bez piedev\u0101m un piem\u0113rots veg\u0101niem.\" \/>\n<meta name=\"robots\" content=\"noindex, follow, max-snippet:-1, max-image-preview:large, max-video-preview:-1\" \/>\n<meta property=\"og:locale\" content=\"lv_LV\" \/>\n<meta property=\"og:type\" content=\"article\" \/>\n<meta property=\"og:title\" content=\"Kreat\u012bns 200 g - Puhdas+\" \/>\n<meta property=\"og:description\" content=\"Kreat\u012bna pulveris 200 g ir t\u012brs kreat\u012bna monohidr\u0101ts, kas atbalsta musku\u013cu darb\u012bbu un ener\u0123ijas metabolismu. Bez piedev\u0101m un piem\u0113rots veg\u0101niem.\" \/>\n<meta property=\"og:url\" content=\"https:\/\/test.puhdasplus.ee\/lv\/tooted\/sports-lv\/kreatina-pulveris-200-g\/\" \/>\n<meta property=\"og:site_name\" content=\"Puhdas+\" \/>\n<meta property=\"article:publisher\" content=\"https:\/\/www.facebook.com\/puhdasplus\" \/>\n<meta property=\"article:modified_time\" content=\"2026-02-27T11:09:49+00:00\" \/>\n<meta property=\"og:image\" content=\"https:\/\/test.puhdasplus.ee\/wp-content\/uploads\/2025\/03\/82.jpg\" \/>\n\t<meta property=\"og:image:width\" content=\"1862\" \/>\n\t<meta property=\"og:image:height\" content=\"2560\" \/>\n\t<meta property=\"og:image:type\" content=\"image\/jpeg\" \/>\n<meta name=\"twitter:card\" content=\"summary_large_image\" \/>\n<meta name=\"twitter:label1\" content=\"Est. reading time\" \/>\n\t<meta name=\"twitter:data1\" content=\"1 minute\" \/>\n<script type=\"application\/ld+json\" class=\"yoast-schema-graph\">{\"@context\":\"https:\/\/schema.org\",\"@graph\":[{\"@type\":\"WebPage\",\"@id\":\"https:\/\/test.puhdasplus.ee\/lv\/tooted\/sports-lv\/kreatina-pulveris-200-g\/\",\"url\":\"https:\/\/test.puhdasplus.ee\/lv\/tooted\/sports-lv\/kreatina-pulveris-200-g\/\",\"name\":\"Kreat\u012bns 200 g - Puhdas+\",\"isPartOf\":{\"@id\":\"https:\/\/test.puhdasplus.ee\/lv\/#website\"},\"primaryImageOfPage\":{\"@id\":\"https:\/\/test.puhdasplus.ee\/lv\/tooted\/sports-lv\/kreatina-pulveris-200-g\/#primaryimage\"},\"image\":{\"@id\":\"https:\/\/test.puhdasplus.ee\/lv\/tooted\/sports-lv\/kreatina-pulveris-200-g\/#primaryimage\"},\"thumbnailUrl\":\"https:\/\/test.puhdasplus.ee\/wp-content\/uploads\/2025\/03\/82.jpg\",\"datePublished\":\"2023-09-19T07:31:53+00:00\",\"dateModified\":\"2026-02-27T11:09:49+00:00\",\"description\":\"Kreat\u012bna pulveris 200 g ir t\u012brs kreat\u012bna monohidr\u0101ts, kas atbalsta musku\u013cu darb\u012bbu un ener\u0123ijas metabolismu. Bez piedev\u0101m un piem\u0113rots veg\u0101niem.\",\"breadcrumb\":{\"@id\":\"https:\/\/test.puhdasplus.ee\/lv\/tooted\/sports-lv\/kreatina-pulveris-200-g\/#breadcrumb\"},\"inLanguage\":\"lv-LV\",\"potentialAction\":[{\"@type\":\"ReadAction\",\"target\":[\"https:\/\/test.puhdasplus.ee\/lv\/tooted\/sports-lv\/kreatina-pulveris-200-g\/\"]}]},{\"@type\":\"ImageObject\",\"inLanguage\":\"lv-LV\",\"@id\":\"https:\/\/test.puhdasplus.ee\/lv\/tooted\/sports-lv\/kreatina-pulveris-200-g\/#primaryimage\",\"url\":\"https:\/\/test.puhdasplus.ee\/wp-content\/uploads\/2025\/03\/82.jpg\",\"contentUrl\":\"https:\/\/test.puhdasplus.ee\/wp-content\/uploads\/2025\/03\/82.jpg\",\"width\":1862,\"height\":2560,\"caption\":\"Kreat\u012bna pulveris\"},{\"@type\":\"BreadcrumbList\",\"@id\":\"https:\/\/test.puhdasplus.ee\/lv\/tooted\/sports-lv\/kreatina-pulveris-200-g\/#breadcrumb\",\"itemListElement\":[{\"@type\":\"ListItem\",\"position\":1,\"name\":\"S\u0101kums\",\"item\":\"https:\/\/test.puhdasplus.ee\/lv\/\"},{\"@type\":\"ListItem\",\"position\":2,\"name\":\"Produkti\",\"item\":\"https:\/\/test.puhdasplus.ee\/lv\/veikals\/\"},{\"@type\":\"ListItem\",\"position\":3,\"name\":\"Kreat\u012bns 200 g\"}]},{\"@type\":\"WebSite\",\"@id\":\"https:\/\/test.puhdasplus.ee\/lv\/#website\",\"url\":\"https:\/\/test.puhdasplus.ee\/lv\/\",\"name\":\"Puhdas+\",\"description\":\"Vitamiinid, Toidulisandid, looduskosmeetika, tervis, sport\",\"publisher\":{\"@id\":\"https:\/\/test.puhdasplus.ee\/lv\/#organization\"},\"potentialAction\":[{\"@type\":\"SearchAction\",\"target\":{\"@type\":\"EntryPoint\",\"urlTemplate\":\"https:\/\/test.puhdasplus.ee\/lv\/?s={search_term_string}\"},\"query-input\":{\"@type\":\"PropertyValueSpecification\",\"valueRequired\":true,\"valueName\":\"search_term_string\"}}],\"inLanguage\":\"lv-LV\"},{\"@type\":\"Organization\",\"@id\":\"https:\/\/test.puhdasplus.ee\/lv\/#organization\",\"name\":\"Puhdas+\",\"alternateName\":\"Puhdasplus\",\"url\":\"https:\/\/test.puhdasplus.ee\/lv\/\",\"logo\":{\"@type\":\"ImageObject\",\"inLanguage\":\"lv-LV\",\"@id\":\"https:\/\/test.puhdasplus.ee\/lv\/#\/schema\/logo\/image\/\",\"url\":\"https:\/\/test.puhdasplus.ee\/\/wp-content\/uploads\/2019\/10\/puhdas_logo-arvele.png\",\"contentUrl\":\"https:\/\/test.puhdasplus.ee\/\/wp-content\/uploads\/2019\/10\/puhdas_logo-arvele.png\",\"width\":114,\"height\":94,\"caption\":\"Puhdas+\"},\"image\":{\"@id\":\"https:\/\/test.puhdasplus.ee\/lv\/#\/schema\/logo\/image\/\"},\"sameAs\":[\"https:\/\/www.facebook.com\/puhdasplus\",\"https:\/\/www.instagram.com\/puhdasplus_ee\/\"]}]}<\/script>\n<!-- \/ Yoast SEO plugin. -->","yoast_head_json":{"title":"Kreat\u012bns 200 g - Puhdas+","description":"Kreat\u012bna pulveris 200 g ir t\u012brs kreat\u012bna monohidr\u0101ts, kas atbalsta musku\u013cu darb\u012bbu un ener\u0123ijas metabolismu. Bez piedev\u0101m un piem\u0113rots veg\u0101niem.","robots":{"index":"noindex","follow":"follow","max-snippet":"max-snippet:-1","max-image-preview":"max-image-preview:large","max-video-preview":"max-video-preview:-1"},"og_locale":"lv_LV","og_type":"article","og_title":"Kreat\u012bns 200 g - Puhdas+","og_description":"Kreat\u012bna pulveris 200 g ir t\u012brs kreat\u012bna monohidr\u0101ts, kas atbalsta musku\u013cu darb\u012bbu un ener\u0123ijas metabolismu. Bez piedev\u0101m un piem\u0113rots veg\u0101niem.","og_url":"https:\/\/test.puhdasplus.ee\/lv\/tooted\/sports-lv\/kreatina-pulveris-200-g\/","og_site_name":"Puhdas+","article_publisher":"https:\/\/www.facebook.com\/puhdasplus","article_modified_time":"2026-02-27T11:09:49+00:00","og_image":[{"width":1862,"height":2560,"url":"https:\/\/test.puhdasplus.ee\/wp-content\/uploads\/2025\/03\/82.jpg","type":"image\/jpeg"}],"twitter_card":"summary_large_image","twitter_misc":{"Est. reading time":"1 minute"},"schema":{"@context":"https:\/\/schema.org","@graph":[{"@type":"WebPage","@id":"https:\/\/test.puhdasplus.ee\/lv\/tooted\/sports-lv\/kreatina-pulveris-200-g\/","url":"https:\/\/test.puhdasplus.ee\/lv\/tooted\/sports-lv\/kreatina-pulveris-200-g\/","name":"Kreat\u012bns 200 g - Puhdas+","isPartOf":{"@id":"https:\/\/test.puhdasplus.ee\/lv\/#website"},"primaryImageOfPage":{"@id":"https:\/\/test.puhdasplus.ee\/lv\/tooted\/sports-lv\/kreatina-pulveris-200-g\/#primaryimage"},"image":{"@id":"https:\/\/test.puhdasplus.ee\/lv\/tooted\/sports-lv\/kreatina-pulveris-200-g\/#primaryimage"},"thumbnailUrl":"https:\/\/test.puhdasplus.ee\/wp-content\/uploads\/2025\/03\/82.jpg","datePublished":"2023-09-19T07:31:53+00:00","dateModified":"2026-02-27T11:09:49+00:00","description":"Kreat\u012bna pulveris 200 g ir t\u012brs kreat\u012bna monohidr\u0101ts, kas atbalsta musku\u013cu darb\u012bbu un ener\u0123ijas metabolismu. Bez piedev\u0101m un piem\u0113rots veg\u0101niem.","breadcrumb":{"@id":"https:\/\/test.puhdasplus.ee\/lv\/tooted\/sports-lv\/kreatina-pulveris-200-g\/#breadcrumb"},"inLanguage":"lv-LV","potentialAction":[{"@type":"ReadAction","target":["https:\/\/test.puhdasplus.ee\/lv\/tooted\/sports-lv\/kreatina-pulveris-200-g\/"]}]},{"@type":"ImageObject","inLanguage":"lv-LV","@id":"https:\/\/test.puhdasplus.ee\/lv\/tooted\/sports-lv\/kreatina-pulveris-200-g\/#primaryimage","url":"https:\/\/test.puhdasplus.ee\/wp-content\/uploads\/2025\/03\/82.jpg","contentUrl":"https:\/\/test.puhdasplus.ee\/wp-content\/uploads\/2025\/03\/82.jpg","width":1862,"height":2560,"caption":"Kreat\u012bna pulveris"},{"@type":"BreadcrumbList","@id":"https:\/\/test.puhdasplus.ee\/lv\/tooted\/sports-lv\/kreatina-pulveris-200-g\/#breadcrumb","itemListElement":[{"@type":"ListItem","position":1,"name":"S\u0101kums","item":"https:\/\/test.puhdasplus.ee\/lv\/"},{"@type":"ListItem","position":2,"name":"Produkti","item":"https:\/\/test.puhdasplus.ee\/lv\/veikals\/"},{"@type":"ListItem","position":3,"name":"Kreat\u012bns 200 g"}]},{"@type":"WebSite","@id":"https:\/\/test.puhdasplus.ee\/lv\/#website","url":"https:\/\/test.puhdasplus.ee\/lv\/","name":"Puhdas+","description":"Vitamiinid, Toidulisandid, looduskosmeetika, tervis, sport","publisher":{"@id":"https:\/\/test.puhdasplus.ee\/lv\/#organization"},"potentialAction":[{"@type":"SearchAction","target":{"@type":"EntryPoint","urlTemplate":"https:\/\/test.puhdasplus.ee\/lv\/?s={search_term_string}"},"query-input":{"@type":"PropertyValueSpecification","valueRequired":true,"valueName":"search_term_string"}}],"inLanguage":"lv-LV"},{"@type":"Organization","@id":"https:\/\/test.puhdasplus.ee\/lv\/#organization","name":"Puhdas+","alternateName":"Puhdasplus","url":"https:\/\/test.puhdasplus.ee\/lv\/","logo":{"@type":"ImageObject","inLanguage":"lv-LV","@id":"https:\/\/test.puhdasplus.ee\/lv\/#\/schema\/logo\/image\/","url":"https:\/\/test.puhdasplus.ee\/\/wp-content\/uploads\/2019\/10\/puhdas_logo-arvele.png","contentUrl":"https:\/\/test.puhdasplus.ee\/\/wp-content\/uploads\/2019\/10\/puhdas_logo-arvele.png","width":114,"height":94,"caption":"Puhdas+"},"image":{"@id":"https:\/\/test.puhdasplus.ee\/lv\/#\/schema\/logo\/image\/"},"sameAs":["https:\/\/www.facebook.com\/puhdasplus","https:\/\/www.instagram.com\/puhdasplus_ee\/"]}]}},"_links":{"self":[{"href":"https:\/\/test.puhdasplus.ee\/lv\/wp-json\/wp\/v2\/product\/33604","targetHints":{"allow":["GET"]}}],"collection":[{"href":"https:\/\/test.puhdasplus.ee\/lv\/wp-json\/wp\/v2\/product"}],"about":[{"href":"https:\/\/test.puhdasplus.ee\/lv\/wp-json\/wp\/v2\/types\/product"}],"replies":[{"embeddable":true,"href":"https:\/\/test.puhdasplus.ee\/lv\/wp-json\/wp\/v2\/comments?post=33604"}],"wp:featuredmedia":[{"embeddable":true,"href":"https:\/\/test.puhdasplus.ee\/lv\/wp-json\/wp\/v2\/media\/33609"}],"wp:attachment":[{"href":"https:\/\/test.puhdasplus.ee\/lv\/wp-json\/wp\/v2\/media?parent=33604"}],"wp:term":[{"taxonomy":"product_brand","embeddable":true,"href":"https:\/\/test.puhdasplus.ee\/lv\/wp-json\/wp\/v2\/product_brand?post=33604"},{"taxonomy":"product_cat","embeddable":true,"href":"https:\/\/test.puhdasplus.ee\/lv\/wp-json\/wp\/v2\/product_cat?post=33604"},{"taxonomy":"product_tag","embeddable":true,"href":"https:\/\/test.puhdasplus.ee\/lv\/wp-json\/wp\/v2\/product_tag?post=33604"}],"curies":[{"name":"wp","href":"https:\/\/api.w.org\/{rel}","templated":true}]}}