{"id":33585,"date":"2023-09-08T09:31:36","date_gmt":"2023-09-08T06:31:36","guid":{"rendered":"https:\/\/test.puhdasplus.ee\/\/tooted\/uncategorized\/cla-800-mg-90-kapsulas\/"},"modified":"2026-02-27T13:09:53","modified_gmt":"2026-02-27T11:09:53","slug":"cla-800-mg-90-kapsulas","status":"publish","type":"product","link":"https:\/\/test.puhdasplus.ee\/lv\/tooted\/sports-lv\/cla-800-mg-90-kapsulas\/","title":{"rendered":"CLA 800 mg 90 kapsulas"},"content":{"rendered":"<h3 data-start=\"127\" data-end=\"554\"><b>Kas ir Pure+ CLA 800 mg?<\/b><\/h3>\n<p class=\"p1\"><span class=\"s1\"><b>Pure+ CLA 800 mg<\/b><\/span> ir augstas kvalit\u0101tes uztura bag\u0101tin\u0101t\u0101js, kas satur konjug\u0113to linolsk\u0101bi (CLA) \u2013 dabisku tauksk\u0101bi, kas galvenok\u0101rt atrodama liellopu ga\u013c\u0101 un piena produktos. CLA ir omega-6 tauksk\u0101bes veids, ko organisms izmanto da\u017e\u0101dos vielmai\u0146as procesos. M\u016bsdienu uztur\u0101 var b\u016bt zems CLA saturs, t\u0101p\u0113c uztura bag\u0101tin\u0101t\u0101ja lieto\u0161ana var b\u016bt labs veids, k\u0101 nodro\u0161in\u0101t atbilsto\u0161u \u0161\u012b savienojuma l\u012bmeni.  <\/p>\n<p data-start=\"556\" data-end=\"578\"><strong data-start=\"556\" data-end=\"578\">Galven\u0101s iez\u012bmes:<\/strong><\/p>\n<ul data-start=\"579\" data-end=\"862\">\n<li data-start=\"579\" data-end=\"687\"><strong data-start=\"581\" data-end=\"616\">Konjug\u0113t\u0101 linolsk\u0101be (CLA):<\/strong> atbalsta vielmai\u0146u un var pal\u012bdz\u0113t uztur\u0113t vesel\u012bgu \u0137erme\u0146a sast\u0101vu.<\/li>\n<li data-start=\"688\" data-end=\"795\"><strong data-start=\"690\" data-end=\"714\">Augstas kvalit\u0101tes avots:<\/strong> Izgatavots no augstas kvalit\u0101tes CLA, kas ieg\u016bta no dab\u012bgiem avotiem.<\/li>\n<li data-start=\"796\" data-end=\"862\"><strong data-start=\"798\" data-end=\"819\">Viegli lietojams:<\/strong> \u0112rtas kapsulas ikdienas lieto\u0161anai.<\/li>\n<\/ul>\n<h3 data-start=\"127\" data-end=\"554\"><b>K\u0101p\u0113c lietot CLA uztura bag\u0101tin\u0101t\u0101ju?<\/b><\/h3>\n<p class=\"p1\">CLA jeb konjug\u0113t\u0101 linolsk\u0101be ir organism\u0101 dabiski sastopams savienojums, kas pieder pie neaizvietojamaj\u0101m tauksk\u0101b\u0113m. T\u0101s lieto\u0161ana ir p\u0113t\u012bta saist\u012bb\u0101 ar: <\/p>\n<ul>\n<li>\n<p class=\"p1\"><b>vielmai\u0146as procesi<\/b><b><\/b><\/p>\n<\/li>\n<li>\n<p class=\"p1\"><b>atbalstot lip\u012bdu l\u012bdzsvaru<\/b><b><\/b><\/p>\n<\/li>\n<li>\n<p class=\"p1\"><b>ar tauksk\u0101bju metabolismu organism\u0101<\/b><\/p>\n<\/li>\n<\/ul>\n<p class=\"p1\">Pure+ CLA uztura bag\u0101tin\u0101t\u0101js satur 80% CLA no dab\u012bgas saflora e\u013c\u013cas un ir viegli lietojams ikdienas uztura bag\u0101tin\u0101t\u0101js.<\/p>\n<h3 data-start=\"127\" data-end=\"554\"><\/h3>\n<h3 data-start=\"127\" data-end=\"554\"><b>Kam ir piem\u0113rots Pure+ CLA?<\/b><\/h3>\n<p class=\"p1\">Produkts ir piem\u0113rots:<\/p>\n<ul>\n<li>\n<p class=\"p1\">Pieaugu\u0161ajiem, kuri v\u0113las papildin\u0101t savu ikdienas uzturu<\/p>\n<\/li>\n<li>\n<p class=\"p1\">Fiziski akt\u012bviem cilv\u0113kiem, kas mekl\u0113 tauksk\u0101bju avotu bez piedev\u0101m<\/p>\n<\/li>\n<li>\n<p class=\"p1\">Tiem, kas nov\u0113rt\u0113 t\u012bras sast\u0101vda\u013cas un \u0113rtu kapsulas formu<\/p>\n<\/li>\n<\/ul>\n<p data-start=\"864\" data-end=\"1109\">\n<p data-start=\"864\" data-end=\"1109\"><strong data-start=\"864\" data-end=\"879\">Lieto\u0161ana:<\/strong> Pieaugu\u0161ajiem ieteicams lietot 3 kapsulas dien\u0101 \u0113\u0161anas laik\u0101. Nep\u0101rsniegt ieteicamo dienas devu. Uztura bag\u0101tin\u0101t\u0101js neaizst\u0101j daudzveid\u012bgu un sabalans\u0113tu uzturu vai vesel\u012bgu dz\u012bvesveidu. Sarg\u0101t no b\u0113rniem.   <\/p>\n<p data-start=\"1111\" data-end=\"1267\"><strong data-start=\"1111\" data-end=\"1127\">Sast\u0101vda\u013cas:<\/strong> saflora e\u013c\u013ca (80% konjug\u0113t\u0101 linolsk\u0101be \u2013 CLA), liellopu \u017eelat\u012bns, mitrin\u0101t\u0101js (glicer\u012bns), \u016bdens. Nesatur pienu, laktozi, raugu vai glut\u0113nu. Nesatur cukuru, s\u0101li, cieti, kukur\u016bzu, soju vai saldin\u0101t\u0101jus.  <\/p>\n<p data-start=\"1269\" data-end=\"1305\"><strong data-start=\"1269\" data-end=\"1305\">1 porcija (3 kapsulas) satur:<\/strong><\/p>\n<ul data-start=\"1306\" data-end=\"1433\">\n<li data-start=\"1306\" data-end=\"1328\"><strong>Saflora e\u013c\u013ca: 3000 mg<\/strong><br \/>\n \u2013 tostarp konjug\u0113t\u0101 linolsk\u0101be <strong>(CLA): 2400 mg<\/strong><\/li>\n<\/ul>\n<h2>Laba kombin\u0101cija ar citiem produktiem<\/h2>\n<ul>\n<li><strong data-start=\"1044\" data-end=\"1090\">Pure+ <a href=\"https:\/\/test.puhdasplus.ee\/\/tooted\/mineraalained\/magneesium\/magneesiumglutsinaadi-pulber-200g\/\">magnija glicin\u0101ta pulveris 200 g<\/a> <\/strong>\n<p class=\"p1\">Magnijs veicina norm\u0101lu musku\u013cu darb\u012bbu un pal\u012bdz mazin\u0101t nogurumu un nesp\u0113ku. CLA un magniju var lietot kop\u0101, lai atbalst\u012btu fiziski akt\u012bvu dz\u012bvesveidu. <\/p>\n<\/li>\n<\/ul>\n","protected":false},"excerpt":{"rendered":"<p class=\"p1\"><span class=\"s1\"><b>Pure+ CLA 800 mg<\/b><\/span> ir augstas kvalit\u0101tes uztura bag\u0101tin\u0101t\u0101js, kas satur konjug\u0113tu linolsk\u0101bi (CLA) \u2013 dabisku tauksk\u0101bi, kas pal\u012bdz atbalst\u012bt vielmai\u0146u un veicina vesel\u012bgas \u0137erme\u0146a formas uztur\u0113\u0161anu. \u0112rti lietojamas kapsulas ir ide\u0101li piem\u0113rotas ikdienas lieto\u0161anai k\u0101 da\u013ca no apzin\u0101ta un akt\u012bva dz\u012bvesveida. <\/p>\n","protected":false},"featured_media":33587,"comment_status":"closed","ping_status":"closed","template":"","meta":{"_acf_changed":false},"product_brand":[],"product_cat":[3344,3038],"product_tag":[3348,3883,3880,3886,3885,3881,3882,3884,3879],"class_list":{"0":"post-33585","1":"product","2":"type-product","3":"status-publish","4":"has-post-thumbnail","6":"product_cat-gremosana-un-vielmaina","7":"product_cat-sports-lv","8":"product_tag-bez-glutena","9":"product_tag-dabiga-taukskabe","10":"product_tag-gremosana","11":"product_tag-gremosana-un-vielmaina-lv","12":"product_tag-kermena-svars","13":"product_tag-kla-lv","14":"product_tag-konjugeta-linolskabe","15":"product_tag-lai-uzturetu-formu","16":"product_tag-vielmaina","18":"first","19":"onbackorder","20":"taxable","21":"shipping-taxable","22":"purchasable","23":"product-type-simple"},"acf":[],"yoast_head":"<!-- This site is optimized with the Yoast SEO plugin v27.1.1 - https:\/\/yoast.com\/product\/yoast-seo-wordpress\/ -->\n<title>CLA 800 mg 90 kapsulas - Puhdas+<\/title>\n<meta name=\"description\" content=\"CLA 800 mg uztura bag\u0101tin\u0101t\u0101js atbalsta tauku vielmai\u0146u, pal\u012bdz samazin\u0101t \u0137erme\u0146a tauku daudzumu un saglab\u0101t musku\u013cu masu. Ide\u0101li piem\u0113rots svara zaud\u0113\u0161anai un \u0137erme\u0146a veido\u0161anai.\" \/>\n<meta name=\"robots\" content=\"noindex, follow, max-snippet:-1, max-image-preview:large, max-video-preview:-1\" \/>\n<meta property=\"og:locale\" content=\"lv_LV\" \/>\n<meta property=\"og:type\" content=\"article\" \/>\n<meta property=\"og:title\" content=\"CLA 800 mg 90 kapsulas - Puhdas+\" \/>\n<meta property=\"og:description\" content=\"CLA 800 mg uztura bag\u0101tin\u0101t\u0101js atbalsta tauku vielmai\u0146u, pal\u012bdz samazin\u0101t \u0137erme\u0146a tauku daudzumu un saglab\u0101t musku\u013cu masu. Ide\u0101li piem\u0113rots svara zaud\u0113\u0161anai un \u0137erme\u0146a veido\u0161anai.\" \/>\n<meta property=\"og:url\" content=\"https:\/\/test.puhdasplus.ee\/lv\/tooted\/sports-lv\/cla-800-mg-90-kapsulas\/\" \/>\n<meta property=\"og:site_name\" content=\"Puhdas+\" \/>\n<meta property=\"article:publisher\" content=\"https:\/\/www.facebook.com\/puhdasplus\" \/>\n<meta property=\"article:modified_time\" content=\"2026-02-27T11:09:53+00:00\" \/>\n<meta property=\"og:image\" content=\"https:\/\/test.puhdasplus.ee\/wp-content\/uploads\/2025\/03\/93.jpg\" \/>\n\t<meta property=\"og:image:width\" content=\"1862\" \/>\n\t<meta property=\"og:image:height\" content=\"2560\" \/>\n\t<meta property=\"og:image:type\" content=\"image\/jpeg\" \/>\n<meta name=\"twitter:card\" content=\"summary_large_image\" \/>\n<meta name=\"twitter:label1\" content=\"Est. reading time\" \/>\n\t<meta name=\"twitter:data1\" content=\"2 min\u016btes\" \/>\n<script type=\"application\/ld+json\" class=\"yoast-schema-graph\">{\"@context\":\"https:\/\/schema.org\",\"@graph\":[{\"@type\":\"WebPage\",\"@id\":\"https:\/\/test.puhdasplus.ee\/lv\/tooted\/sports-lv\/cla-800-mg-90-kapsulas\/\",\"url\":\"https:\/\/test.puhdasplus.ee\/lv\/tooted\/sports-lv\/cla-800-mg-90-kapsulas\/\",\"name\":\"CLA 800 mg 90 kapsulas - Puhdas+\",\"isPartOf\":{\"@id\":\"https:\/\/test.puhdasplus.ee\/lv\/#website\"},\"primaryImageOfPage\":{\"@id\":\"https:\/\/test.puhdasplus.ee\/lv\/tooted\/sports-lv\/cla-800-mg-90-kapsulas\/#primaryimage\"},\"image\":{\"@id\":\"https:\/\/test.puhdasplus.ee\/lv\/tooted\/sports-lv\/cla-800-mg-90-kapsulas\/#primaryimage\"},\"thumbnailUrl\":\"https:\/\/test.puhdasplus.ee\/wp-content\/uploads\/2025\/03\/93.jpg\",\"datePublished\":\"2023-09-08T06:31:36+00:00\",\"dateModified\":\"2026-02-27T11:09:53+00:00\",\"description\":\"CLA 800 mg uztura bag\u0101tin\u0101t\u0101js atbalsta tauku vielmai\u0146u, pal\u012bdz samazin\u0101t \u0137erme\u0146a tauku daudzumu un saglab\u0101t musku\u013cu masu. Ide\u0101li piem\u0113rots svara zaud\u0113\u0161anai un \u0137erme\u0146a veido\u0161anai.\",\"breadcrumb\":{\"@id\":\"https:\/\/test.puhdasplus.ee\/lv\/tooted\/sports-lv\/cla-800-mg-90-kapsulas\/#breadcrumb\"},\"inLanguage\":\"lv-LV\",\"potentialAction\":[{\"@type\":\"ReadAction\",\"target\":[\"https:\/\/test.puhdasplus.ee\/lv\/tooted\/sports-lv\/cla-800-mg-90-kapsulas\/\"]}]},{\"@type\":\"ImageObject\",\"inLanguage\":\"lv-LV\",\"@id\":\"https:\/\/test.puhdasplus.ee\/lv\/tooted\/sports-lv\/cla-800-mg-90-kapsulas\/#primaryimage\",\"url\":\"https:\/\/test.puhdasplus.ee\/wp-content\/uploads\/2025\/03\/93.jpg\",\"contentUrl\":\"https:\/\/test.puhdasplus.ee\/wp-content\/uploads\/2025\/03\/93.jpg\",\"width\":1862,\"height\":2560,\"caption\":\"CLA 800 mg\"},{\"@type\":\"BreadcrumbList\",\"@id\":\"https:\/\/test.puhdasplus.ee\/lv\/tooted\/sports-lv\/cla-800-mg-90-kapsulas\/#breadcrumb\",\"itemListElement\":[{\"@type\":\"ListItem\",\"position\":1,\"name\":\"S\u0101kums\",\"item\":\"https:\/\/test.puhdasplus.ee\/lv\/\"},{\"@type\":\"ListItem\",\"position\":2,\"name\":\"Produkti\",\"item\":\"https:\/\/test.puhdasplus.ee\/lv\/veikals\/\"},{\"@type\":\"ListItem\",\"position\":3,\"name\":\"CLA 800 mg 90 kapsulas\"}]},{\"@type\":\"WebSite\",\"@id\":\"https:\/\/test.puhdasplus.ee\/lv\/#website\",\"url\":\"https:\/\/test.puhdasplus.ee\/lv\/\",\"name\":\"Puhdas+\",\"description\":\"Vitamiinid, Toidulisandid, looduskosmeetika, tervis, sport\",\"publisher\":{\"@id\":\"https:\/\/test.puhdasplus.ee\/lv\/#organization\"},\"potentialAction\":[{\"@type\":\"SearchAction\",\"target\":{\"@type\":\"EntryPoint\",\"urlTemplate\":\"https:\/\/test.puhdasplus.ee\/lv\/?s={search_term_string}\"},\"query-input\":{\"@type\":\"PropertyValueSpecification\",\"valueRequired\":true,\"valueName\":\"search_term_string\"}}],\"inLanguage\":\"lv-LV\"},{\"@type\":\"Organization\",\"@id\":\"https:\/\/test.puhdasplus.ee\/lv\/#organization\",\"name\":\"Puhdas+\",\"alternateName\":\"Puhdasplus\",\"url\":\"https:\/\/test.puhdasplus.ee\/lv\/\",\"logo\":{\"@type\":\"ImageObject\",\"inLanguage\":\"lv-LV\",\"@id\":\"https:\/\/test.puhdasplus.ee\/lv\/#\/schema\/logo\/image\/\",\"url\":\"https:\/\/test.puhdasplus.ee\/\/wp-content\/uploads\/2019\/10\/puhdas_logo-arvele.png\",\"contentUrl\":\"https:\/\/test.puhdasplus.ee\/\/wp-content\/uploads\/2019\/10\/puhdas_logo-arvele.png\",\"width\":114,\"height\":94,\"caption\":\"Puhdas+\"},\"image\":{\"@id\":\"https:\/\/test.puhdasplus.ee\/lv\/#\/schema\/logo\/image\/\"},\"sameAs\":[\"https:\/\/www.facebook.com\/puhdasplus\",\"https:\/\/www.instagram.com\/puhdasplus_ee\/\"]}]}<\/script>\n<!-- \/ Yoast SEO plugin. -->","yoast_head_json":{"title":"CLA 800 mg 90 kapsulas - Puhdas+","description":"CLA 800 mg uztura bag\u0101tin\u0101t\u0101js atbalsta tauku vielmai\u0146u, pal\u012bdz samazin\u0101t \u0137erme\u0146a tauku daudzumu un saglab\u0101t musku\u013cu masu. Ide\u0101li piem\u0113rots svara zaud\u0113\u0161anai un \u0137erme\u0146a veido\u0161anai.","robots":{"index":"noindex","follow":"follow","max-snippet":"max-snippet:-1","max-image-preview":"max-image-preview:large","max-video-preview":"max-video-preview:-1"},"og_locale":"lv_LV","og_type":"article","og_title":"CLA 800 mg 90 kapsulas - Puhdas+","og_description":"CLA 800 mg uztura bag\u0101tin\u0101t\u0101js atbalsta tauku vielmai\u0146u, pal\u012bdz samazin\u0101t \u0137erme\u0146a tauku daudzumu un saglab\u0101t musku\u013cu masu. Ide\u0101li piem\u0113rots svara zaud\u0113\u0161anai un \u0137erme\u0146a veido\u0161anai.","og_url":"https:\/\/test.puhdasplus.ee\/lv\/tooted\/sports-lv\/cla-800-mg-90-kapsulas\/","og_site_name":"Puhdas+","article_publisher":"https:\/\/www.facebook.com\/puhdasplus","article_modified_time":"2026-02-27T11:09:53+00:00","og_image":[{"width":1862,"height":2560,"url":"https:\/\/test.puhdasplus.ee\/wp-content\/uploads\/2025\/03\/93.jpg","type":"image\/jpeg"}],"twitter_card":"summary_large_image","twitter_misc":{"Est. reading time":"2 min\u016btes"},"schema":{"@context":"https:\/\/schema.org","@graph":[{"@type":"WebPage","@id":"https:\/\/test.puhdasplus.ee\/lv\/tooted\/sports-lv\/cla-800-mg-90-kapsulas\/","url":"https:\/\/test.puhdasplus.ee\/lv\/tooted\/sports-lv\/cla-800-mg-90-kapsulas\/","name":"CLA 800 mg 90 kapsulas - Puhdas+","isPartOf":{"@id":"https:\/\/test.puhdasplus.ee\/lv\/#website"},"primaryImageOfPage":{"@id":"https:\/\/test.puhdasplus.ee\/lv\/tooted\/sports-lv\/cla-800-mg-90-kapsulas\/#primaryimage"},"image":{"@id":"https:\/\/test.puhdasplus.ee\/lv\/tooted\/sports-lv\/cla-800-mg-90-kapsulas\/#primaryimage"},"thumbnailUrl":"https:\/\/test.puhdasplus.ee\/wp-content\/uploads\/2025\/03\/93.jpg","datePublished":"2023-09-08T06:31:36+00:00","dateModified":"2026-02-27T11:09:53+00:00","description":"CLA 800 mg uztura bag\u0101tin\u0101t\u0101js atbalsta tauku vielmai\u0146u, pal\u012bdz samazin\u0101t \u0137erme\u0146a tauku daudzumu un saglab\u0101t musku\u013cu masu. Ide\u0101li piem\u0113rots svara zaud\u0113\u0161anai un \u0137erme\u0146a veido\u0161anai.","breadcrumb":{"@id":"https:\/\/test.puhdasplus.ee\/lv\/tooted\/sports-lv\/cla-800-mg-90-kapsulas\/#breadcrumb"},"inLanguage":"lv-LV","potentialAction":[{"@type":"ReadAction","target":["https:\/\/test.puhdasplus.ee\/lv\/tooted\/sports-lv\/cla-800-mg-90-kapsulas\/"]}]},{"@type":"ImageObject","inLanguage":"lv-LV","@id":"https:\/\/test.puhdasplus.ee\/lv\/tooted\/sports-lv\/cla-800-mg-90-kapsulas\/#primaryimage","url":"https:\/\/test.puhdasplus.ee\/wp-content\/uploads\/2025\/03\/93.jpg","contentUrl":"https:\/\/test.puhdasplus.ee\/wp-content\/uploads\/2025\/03\/93.jpg","width":1862,"height":2560,"caption":"CLA 800 mg"},{"@type":"BreadcrumbList","@id":"https:\/\/test.puhdasplus.ee\/lv\/tooted\/sports-lv\/cla-800-mg-90-kapsulas\/#breadcrumb","itemListElement":[{"@type":"ListItem","position":1,"name":"S\u0101kums","item":"https:\/\/test.puhdasplus.ee\/lv\/"},{"@type":"ListItem","position":2,"name":"Produkti","item":"https:\/\/test.puhdasplus.ee\/lv\/veikals\/"},{"@type":"ListItem","position":3,"name":"CLA 800 mg 90 kapsulas"}]},{"@type":"WebSite","@id":"https:\/\/test.puhdasplus.ee\/lv\/#website","url":"https:\/\/test.puhdasplus.ee\/lv\/","name":"Puhdas+","description":"Vitamiinid, Toidulisandid, looduskosmeetika, tervis, sport","publisher":{"@id":"https:\/\/test.puhdasplus.ee\/lv\/#organization"},"potentialAction":[{"@type":"SearchAction","target":{"@type":"EntryPoint","urlTemplate":"https:\/\/test.puhdasplus.ee\/lv\/?s={search_term_string}"},"query-input":{"@type":"PropertyValueSpecification","valueRequired":true,"valueName":"search_term_string"}}],"inLanguage":"lv-LV"},{"@type":"Organization","@id":"https:\/\/test.puhdasplus.ee\/lv\/#organization","name":"Puhdas+","alternateName":"Puhdasplus","url":"https:\/\/test.puhdasplus.ee\/lv\/","logo":{"@type":"ImageObject","inLanguage":"lv-LV","@id":"https:\/\/test.puhdasplus.ee\/lv\/#\/schema\/logo\/image\/","url":"https:\/\/test.puhdasplus.ee\/\/wp-content\/uploads\/2019\/10\/puhdas_logo-arvele.png","contentUrl":"https:\/\/test.puhdasplus.ee\/\/wp-content\/uploads\/2019\/10\/puhdas_logo-arvele.png","width":114,"height":94,"caption":"Puhdas+"},"image":{"@id":"https:\/\/test.puhdasplus.ee\/lv\/#\/schema\/logo\/image\/"},"sameAs":["https:\/\/www.facebook.com\/puhdasplus","https:\/\/www.instagram.com\/puhdasplus_ee\/"]}]}},"_links":{"self":[{"href":"https:\/\/test.puhdasplus.ee\/lv\/wp-json\/wp\/v2\/product\/33585","targetHints":{"allow":["GET"]}}],"collection":[{"href":"https:\/\/test.puhdasplus.ee\/lv\/wp-json\/wp\/v2\/product"}],"about":[{"href":"https:\/\/test.puhdasplus.ee\/lv\/wp-json\/wp\/v2\/types\/product"}],"replies":[{"embeddable":true,"href":"https:\/\/test.puhdasplus.ee\/lv\/wp-json\/wp\/v2\/comments?post=33585"}],"wp:featuredmedia":[{"embeddable":true,"href":"https:\/\/test.puhdasplus.ee\/lv\/wp-json\/wp\/v2\/media\/33587"}],"wp:attachment":[{"href":"https:\/\/test.puhdasplus.ee\/lv\/wp-json\/wp\/v2\/media?parent=33585"}],"wp:term":[{"taxonomy":"product_brand","embeddable":true,"href":"https:\/\/test.puhdasplus.ee\/lv\/wp-json\/wp\/v2\/product_brand?post=33585"},{"taxonomy":"product_cat","embeddable":true,"href":"https:\/\/test.puhdasplus.ee\/lv\/wp-json\/wp\/v2\/product_cat?post=33585"},{"taxonomy":"product_tag","embeddable":true,"href":"https:\/\/test.puhdasplus.ee\/lv\/wp-json\/wp\/v2\/product_tag?post=33585"}],"curies":[{"name":"wp","href":"https:\/\/api.w.org\/{rel}","templated":true}]}}