{"id":33579,"date":"2023-09-08T22:16:04","date_gmt":"2023-09-08T19:16:04","guid":{"rendered":"https:\/\/test.puhdasplus.ee\/\/tooted\/uncategorized\/enzims-60-kapsulas\/"},"modified":"2026-02-27T13:14:27","modified_gmt":"2026-02-27T11:14:27","slug":"enzims-60-kapsulas","status":"publish","type":"product","link":"https:\/\/test.puhdasplus.ee\/lv\/tooted\/ipasie-piedavajumi\/enzims-60-kapsulas\/","title":{"rendered":"Enz\u012bms 60 kapsulas"},"content":{"rendered":"<h2 data-start=\"229\" data-end=\"279\">Kas ir sp\u0113c\u012bgs gremo\u0161anas enz\u012bmu komplekss?<\/h2>\n<p class=\"\" data-start=\"281\" data-end=\"526\">Strong Gremo\u0161anas Enz\u012bmu Komplekss ir pla\u0161a spektra enz\u012bmu uztura bag\u0101tin\u0101t\u0101js, kas atbalsta da\u017e\u0101du p\u0101rtikas produktu gremo\u0161anu. Piem\u0113rots ikdienas lieto\u0161anai cilv\u0113kiem, kuri v\u0113las atbalst\u012bt gremo\u0161anu un bar\u012bbas vielu uzs\u016bk\u0161anos. <\/p>\n<h2 data-start=\"181\" data-end=\"217\">K\u0101p\u0113c sp\u0113c\u012bgs gremo\u0161anas enz\u012bmu komplekss ir noder\u012bgs?<\/h2>\n<p data-start=\"484\" data-end=\"706\">Sp\u0113c\u012bgs gremo\u0161anas enz\u012bmu komplekss, kas atbalsta gremo\u0161anu ar pla\u0161u dabisko enz\u012bmu spektru, kas pal\u012bdz sadal\u012bt og\u013chidr\u0101tus, olbaltumvielas, taukus, \u0161\u0137iedrvielas un laktozi. Tas var b\u016bt noder\u012bgs \u0161\u0101dos gad\u012bjumos: <\/p>\n<ul data-start=\"708\" data-end=\"1093\">\n<li data-start=\"708\" data-end=\"796\">\n<p data-start=\"710\" data-end=\"796\"><strong data-start=\"710\" data-end=\"734\">Gremo\u0161anas atbalsts:<\/strong> Pal\u012bdz organismam efekt\u012bv\u0101k sadal\u012bt da\u017e\u0101das uzturvielas.<\/p>\n<\/li>\n<li data-start=\"797\" data-end=\"934\">\n<p data-start=\"799\" data-end=\"934\"><strong data-start=\"799\" data-end=\"839\">Uzturvielu pieejam\u012bbas atbalst\u012b\u0161ana:<\/strong> Gremo\u0161anas procesu atbalst\u012b\u0161ana pal\u012bdz organismam lab\u0101k izmantot uzturvielas no p\u0101rtikas.<\/p>\n<\/li>\n<li data-start=\"935\" data-end=\"1093\">\n<p data-start=\"937\" data-end=\"1093\"><strong data-start=\"937\" data-end=\"980\">Piem\u0113rots cilv\u0113kiem ar at\u0161\u0137ir\u012bgiem uztura paradumiem:<\/strong> Piem\u0113ram, veg\u0101niem, ve\u0123et\u0101rie\u0161iem vai cilv\u0113kiem, kuru uzturs ir main\u012bjies (piem\u0113ram, vecuma vai di\u0113tas d\u0113\u013c).<\/p>\n<\/li>\n<\/ul>\n<h2 data-start=\"528\" data-end=\"543\">Sast\u0101vda\u013cas<\/h2>\n<p class=\"\" data-start=\"545\" data-end=\"570\">1 d\u0101rze\u0146u kapsula satur:<\/p>\n<ul data-start=\"571\" data-end=\"840\">\n<li class=\"\" data-start=\"571\" data-end=\"600\">\n<p class=\"\" data-start=\"573\" data-end=\"600\">Amil\u0101ze \u2013 4800 SKB vien\u012bbas<\/p>\n<\/li>\n<li class=\"\" data-start=\"601\" data-end=\"626\">\n<p class=\"\" data-start=\"603\" data-end=\"626\">Glikoamil\u0101ze \u2013 12 AGU<\/p>\n<\/li>\n<li class=\"\" data-start=\"627\" data-end=\"659\">\n<p class=\"\" data-start=\"629\" data-end=\"659\">Prote\u0101ze (pH 4,5) \u2013 8000 HUT<\/p>\n<\/li>\n<li class=\"\" data-start=\"660\" data-end=\"690\">\n<p class=\"\" data-start=\"662\" data-end=\"690\">Prote\u0101ze (pH 3,0) \u2013 8 SAPU<\/p>\n<\/li>\n<li class=\"\" data-start=\"691\" data-end=\"711\">\n<p class=\"\" data-start=\"693\" data-end=\"711\">Lip\u0101ze \u2013 280 FIP<\/p>\n<\/li>\n<li class=\"\" data-start=\"712\" data-end=\"733\">\n<p class=\"\" data-start=\"714\" data-end=\"733\">Lakt\u0101ze \u2013 200 ALU<\/p>\n<\/li>\n<li class=\"\" data-start=\"734\" data-end=\"757\">\n<p class=\"\" data-start=\"736\" data-end=\"757\">Celul\u0101ze \u2013 400 CU<\/p>\n<\/li>\n<li class=\"\" data-start=\"758\" data-end=\"785\">\n<p class=\"\" data-start=\"760\" data-end=\"785\">Bromela\u012bns \u2013 160 000 PU<\/p>\n<\/li>\n<li class=\"\" data-start=\"786\" data-end=\"809\">\n<p class=\"\" data-start=\"788\" data-end=\"809\">Papa\u012bns \u2013 40 000 PU<\/p>\n<\/li>\n<li class=\"\" data-start=\"810\" data-end=\"840\">\n<p class=\"\" data-start=\"812\" data-end=\"840\">Alfa-galaktozid\u0101ze \u2013 32 GALU<\/p>\n<\/li>\n<\/ul>\n<p class=\"\" data-start=\"842\" data-end=\"861\">Citas sast\u0101vda\u013cas:<\/p>\n<ul data-start=\"862\" data-end=\"946\">\n<li class=\"\" data-start=\"862\" data-end=\"890\">\n<p class=\"\" data-start=\"864\" data-end=\"890\">R\u012bsu ciete (pildviela)<\/p>\n<\/li>\n<li class=\"\" data-start=\"891\" data-end=\"946\">\n<p class=\"\" data-start=\"893\" data-end=\"946\">Kapsulas apvalks: hidroksipropilmetilceluloze (augu izcelsmes)<\/p>\n<\/li>\n<\/ul>\n<h2 data-start=\"948\" data-end=\"962\">Lietojums<\/h2>\n<p class=\"\" data-start=\"964\" data-end=\"1075\">Ieteicam\u0101 dienas deva: 1 kapsula 1-3 reizes dien\u0101 \u0113dienrei\u017eu laik\u0101.<br data-start=\"1029\" data-end=\"1032\">Nep\u0101rsniedziet ieteicamo dienas devu.<\/p>\n<p class=\"\" data-start=\"1097\" data-end=\"1187\">\u0160is uztura bag\u0101tin\u0101t\u0101js neaizst\u0101j daudzveid\u012bgu un sabalans\u0113tu uzturu vai vesel\u012bgu dz\u012bvesveidu. Sarg\u0101t no b\u0113rniem. Uzglab\u0101t saus\u0101 un v\u0113s\u0101 viet\u0101, ori\u0123in\u0101laj\u0101 iepakojum\u0101.  <\/p>\n","protected":false},"excerpt":{"rendered":"<p data-start=\"159\" data-end=\"458\"><strong data-start=\"159\" data-end=\"458\">Sp\u0113c\u012bgs gremo\u0161anas enz\u012bmu komplekss ir dab\u012bgs uztura bag\u0101tin\u0101t\u0101js, kas satur desmit da\u017e\u0101dus gremo\u0161anas enz\u012bmus, sniedzot visaptvero\u0161u atbalstu gremo\u0161anas sist\u0113mas dabiskajiem procesiem. Tas pal\u012bdz sadal\u012bt uzturvielas \u2013 olbaltumvielas, og\u013chidr\u0101tus, taukus, \u0161\u0137iedrvielas un laktozi \u2013 padarot t\u0101s organismam pieejam\u0101kas. <\/strong><\/p>\n<p data-start=\"460\" data-end=\"738\"><strong data-start=\"460\" data-end=\"502\">Produkts ir piem\u0113rots ikdienas lieto\u0161anai.<\/strong> T\u0101 ir laba izv\u0113le cilv\u0113kiem, kuri v\u0113las atbalst\u012bt gremo\u0161anu da\u017e\u0101du uztura veidu gad\u012bjum\u0101. Kompleksais prepar\u0101ts ir piem\u0113rots ar\u012b ve\u0123et\u0101rie\u0161iem un veg\u0101niem, jo nesatur dz\u012bvnieku izcelsmes sast\u0101vda\u013cas, glut\u0113nu, laktozi vai m\u0101ksl\u012bg\u0101s piedevas.<\/p>\n","protected":false},"featured_media":33584,"comment_status":"closed","ping_status":"closed","template":"","meta":{"_acf_changed":false},"product_brand":[],"product_cat":[3344,3067],"product_tag":[3875,3348,3347,3866,3870,3865,3878,3868,3867,3869,3876,3877,3874,3871,3873,2974,3872],"class_list":{"0":"post-33579","1":"product","2":"type-product","3":"status-publish","4":"has-post-thumbnail","6":"product_cat-gremosana-un-vielmaina","7":"product_cat-ipasie-piedavajumi","8":"product_tag-amilaze","9":"product_tag-bez-glutena","10":"product_tag-bez-laktozes","11":"product_tag-enzims","12":"product_tag-enzimu-deficits","13":"product_tag-fermenti","14":"product_tag-gremosana-un-vielmaina","15":"product_tag-gremosanas-enzimi","16":"product_tag-gremosanas-enzims","17":"product_tag-labaka-gremosana","18":"product_tag-lipaze","19":"product_tag-partikas-uznemsana","20":"product_tag-proteaze","21":"product_tag-uztura-bagatinatajs-gremosanai","22":"product_tag-vedera-uzpusanas-un-smaguma-sajuta","23":"product_tag-vegans","24":"product_tag-veganu-enzimi","26":"first","27":"instock","28":"sale","29":"featured","30":"taxable","31":"shipping-taxable","32":"purchasable","33":"product-type-simple"},"acf":[],"yoast_head":"<!-- This site is optimized with the Yoast SEO plugin v27.1.1 - https:\/\/yoast.com\/product\/yoast-seo-wordpress\/ -->\n<title>Enz\u012bms 60 kapsulas - Puhdas+<\/title>\n<meta name=\"description\" content=\"Enz\u012bmi \u2013 augstas kvalit\u0101tes uztura bag\u0101tin\u0101t\u0101js ar desmit gremo\u0161anas enz\u012bmiem, kas atbalsta gremo\u0161anas sist\u0113mas darb\u012bbu. Piem\u0113rots veg\u0101niem, bez piena produktiem, laktozes un bez glut\u0113na.\" \/>\n<meta name=\"robots\" content=\"noindex, follow, max-snippet:-1, max-image-preview:large, max-video-preview:-1\" \/>\n<meta property=\"og:locale\" content=\"lv_LV\" \/>\n<meta property=\"og:type\" content=\"article\" \/>\n<meta property=\"og:title\" content=\"Enz\u012bms 60 kapsulas - Puhdas+\" \/>\n<meta property=\"og:description\" content=\"Enz\u012bmi \u2013 augstas kvalit\u0101tes uztura bag\u0101tin\u0101t\u0101js ar desmit gremo\u0161anas enz\u012bmiem, kas atbalsta gremo\u0161anas sist\u0113mas darb\u012bbu. Piem\u0113rots veg\u0101niem, bez piena produktiem, laktozes un bez glut\u0113na.\" \/>\n<meta property=\"og:url\" content=\"https:\/\/test.puhdasplus.ee\/lv\/tooted\/ipasie-piedavajumi\/enzims-60-kapsulas\/\" \/>\n<meta property=\"og:site_name\" content=\"Puhdas+\" \/>\n<meta property=\"article:publisher\" content=\"https:\/\/www.facebook.com\/puhdasplus\" \/>\n<meta property=\"article:modified_time\" content=\"2026-02-27T11:14:27+00:00\" \/>\n<meta property=\"og:image\" content=\"https:\/\/test.puhdasplus.ee\/wp-content\/uploads\/2023\/09\/Untitled-design-6-scaled.png\" \/>\n\t<meta property=\"og:image:width\" content=\"1862\" \/>\n\t<meta property=\"og:image:height\" content=\"2560\" \/>\n\t<meta property=\"og:image:type\" content=\"image\/png\" \/>\n<meta name=\"twitter:card\" content=\"summary_large_image\" \/>\n<meta name=\"twitter:label1\" content=\"Est. reading time\" \/>\n\t<meta name=\"twitter:data1\" content=\"1 minute\" \/>\n<script type=\"application\/ld+json\" class=\"yoast-schema-graph\">{\"@context\":\"https:\/\/schema.org\",\"@graph\":[{\"@type\":\"WebPage\",\"@id\":\"https:\/\/test.puhdasplus.ee\/lv\/tooted\/ipasie-piedavajumi\/enzims-60-kapsulas\/\",\"url\":\"https:\/\/test.puhdasplus.ee\/lv\/tooted\/ipasie-piedavajumi\/enzims-60-kapsulas\/\",\"name\":\"Enz\u012bms 60 kapsulas - Puhdas+\",\"isPartOf\":{\"@id\":\"https:\/\/test.puhdasplus.ee\/lv\/#website\"},\"primaryImageOfPage\":{\"@id\":\"https:\/\/test.puhdasplus.ee\/lv\/tooted\/ipasie-piedavajumi\/enzims-60-kapsulas\/#primaryimage\"},\"image\":{\"@id\":\"https:\/\/test.puhdasplus.ee\/lv\/tooted\/ipasie-piedavajumi\/enzims-60-kapsulas\/#primaryimage\"},\"thumbnailUrl\":\"https:\/\/test.puhdasplus.ee\/wp-content\/uploads\/2023\/09\/Untitled-design-6-scaled.png\",\"datePublished\":\"2023-09-08T19:16:04+00:00\",\"dateModified\":\"2026-02-27T11:14:27+00:00\",\"description\":\"Enz\u012bmi \u2013 augstas kvalit\u0101tes uztura bag\u0101tin\u0101t\u0101js ar desmit gremo\u0161anas enz\u012bmiem, kas atbalsta gremo\u0161anas sist\u0113mas darb\u012bbu. Piem\u0113rots veg\u0101niem, bez piena produktiem, laktozes un bez glut\u0113na.\",\"breadcrumb\":{\"@id\":\"https:\/\/test.puhdasplus.ee\/lv\/tooted\/ipasie-piedavajumi\/enzims-60-kapsulas\/#breadcrumb\"},\"inLanguage\":\"lv-LV\",\"potentialAction\":[{\"@type\":\"ReadAction\",\"target\":[\"https:\/\/test.puhdasplus.ee\/lv\/tooted\/ipasie-piedavajumi\/enzims-60-kapsulas\/\"]}]},{\"@type\":\"ImageObject\",\"inLanguage\":\"lv-LV\",\"@id\":\"https:\/\/test.puhdasplus.ee\/lv\/tooted\/ipasie-piedavajumi\/enzims-60-kapsulas\/#primaryimage\",\"url\":\"https:\/\/test.puhdasplus.ee\/wp-content\/uploads\/2023\/09\/Untitled-design-6-scaled.png\",\"contentUrl\":\"https:\/\/test.puhdasplus.ee\/wp-content\/uploads\/2023\/09\/Untitled-design-6-scaled.png\",\"width\":1862,\"height\":2560,\"caption\":\"sp\u0113c\u012bgs enz\u012bms\"},{\"@type\":\"BreadcrumbList\",\"@id\":\"https:\/\/test.puhdasplus.ee\/lv\/tooted\/ipasie-piedavajumi\/enzims-60-kapsulas\/#breadcrumb\",\"itemListElement\":[{\"@type\":\"ListItem\",\"position\":1,\"name\":\"S\u0101kums\",\"item\":\"https:\/\/test.puhdasplus.ee\/lv\/\"},{\"@type\":\"ListItem\",\"position\":2,\"name\":\"Produkti\",\"item\":\"https:\/\/test.puhdasplus.ee\/lv\/veikals\/\"},{\"@type\":\"ListItem\",\"position\":3,\"name\":\"Enz\u012bms 60 kapsulas\"}]},{\"@type\":\"WebSite\",\"@id\":\"https:\/\/test.puhdasplus.ee\/lv\/#website\",\"url\":\"https:\/\/test.puhdasplus.ee\/lv\/\",\"name\":\"Puhdas+\",\"description\":\"Vitamiinid, Toidulisandid, looduskosmeetika, tervis, sport\",\"publisher\":{\"@id\":\"https:\/\/test.puhdasplus.ee\/lv\/#organization\"},\"potentialAction\":[{\"@type\":\"SearchAction\",\"target\":{\"@type\":\"EntryPoint\",\"urlTemplate\":\"https:\/\/test.puhdasplus.ee\/lv\/?s={search_term_string}\"},\"query-input\":{\"@type\":\"PropertyValueSpecification\",\"valueRequired\":true,\"valueName\":\"search_term_string\"}}],\"inLanguage\":\"lv-LV\"},{\"@type\":\"Organization\",\"@id\":\"https:\/\/test.puhdasplus.ee\/lv\/#organization\",\"name\":\"Puhdas+\",\"alternateName\":\"Puhdasplus\",\"url\":\"https:\/\/test.puhdasplus.ee\/lv\/\",\"logo\":{\"@type\":\"ImageObject\",\"inLanguage\":\"lv-LV\",\"@id\":\"https:\/\/test.puhdasplus.ee\/lv\/#\/schema\/logo\/image\/\",\"url\":\"https:\/\/test.puhdasplus.ee\/\/wp-content\/uploads\/2019\/10\/puhdas_logo-arvele.png\",\"contentUrl\":\"https:\/\/test.puhdasplus.ee\/\/wp-content\/uploads\/2019\/10\/puhdas_logo-arvele.png\",\"width\":114,\"height\":94,\"caption\":\"Puhdas+\"},\"image\":{\"@id\":\"https:\/\/test.puhdasplus.ee\/lv\/#\/schema\/logo\/image\/\"},\"sameAs\":[\"https:\/\/www.facebook.com\/puhdasplus\",\"https:\/\/www.instagram.com\/puhdasplus_ee\/\"]}]}<\/script>\n<!-- \/ Yoast SEO plugin. -->","yoast_head_json":{"title":"Enz\u012bms 60 kapsulas - Puhdas+","description":"Enz\u012bmi \u2013 augstas kvalit\u0101tes uztura bag\u0101tin\u0101t\u0101js ar desmit gremo\u0161anas enz\u012bmiem, kas atbalsta gremo\u0161anas sist\u0113mas darb\u012bbu. Piem\u0113rots veg\u0101niem, bez piena produktiem, laktozes un bez glut\u0113na.","robots":{"index":"noindex","follow":"follow","max-snippet":"max-snippet:-1","max-image-preview":"max-image-preview:large","max-video-preview":"max-video-preview:-1"},"og_locale":"lv_LV","og_type":"article","og_title":"Enz\u012bms 60 kapsulas - Puhdas+","og_description":"Enz\u012bmi \u2013 augstas kvalit\u0101tes uztura bag\u0101tin\u0101t\u0101js ar desmit gremo\u0161anas enz\u012bmiem, kas atbalsta gremo\u0161anas sist\u0113mas darb\u012bbu. Piem\u0113rots veg\u0101niem, bez piena produktiem, laktozes un bez glut\u0113na.","og_url":"https:\/\/test.puhdasplus.ee\/lv\/tooted\/ipasie-piedavajumi\/enzims-60-kapsulas\/","og_site_name":"Puhdas+","article_publisher":"https:\/\/www.facebook.com\/puhdasplus","article_modified_time":"2026-02-27T11:14:27+00:00","og_image":[{"width":1862,"height":2560,"url":"https:\/\/test.puhdasplus.ee\/wp-content\/uploads\/2023\/09\/Untitled-design-6-scaled.png","type":"image\/png"}],"twitter_card":"summary_large_image","twitter_misc":{"Est. reading time":"1 minute"},"schema":{"@context":"https:\/\/schema.org","@graph":[{"@type":"WebPage","@id":"https:\/\/test.puhdasplus.ee\/lv\/tooted\/ipasie-piedavajumi\/enzims-60-kapsulas\/","url":"https:\/\/test.puhdasplus.ee\/lv\/tooted\/ipasie-piedavajumi\/enzims-60-kapsulas\/","name":"Enz\u012bms 60 kapsulas - Puhdas+","isPartOf":{"@id":"https:\/\/test.puhdasplus.ee\/lv\/#website"},"primaryImageOfPage":{"@id":"https:\/\/test.puhdasplus.ee\/lv\/tooted\/ipasie-piedavajumi\/enzims-60-kapsulas\/#primaryimage"},"image":{"@id":"https:\/\/test.puhdasplus.ee\/lv\/tooted\/ipasie-piedavajumi\/enzims-60-kapsulas\/#primaryimage"},"thumbnailUrl":"https:\/\/test.puhdasplus.ee\/wp-content\/uploads\/2023\/09\/Untitled-design-6-scaled.png","datePublished":"2023-09-08T19:16:04+00:00","dateModified":"2026-02-27T11:14:27+00:00","description":"Enz\u012bmi \u2013 augstas kvalit\u0101tes uztura bag\u0101tin\u0101t\u0101js ar desmit gremo\u0161anas enz\u012bmiem, kas atbalsta gremo\u0161anas sist\u0113mas darb\u012bbu. Piem\u0113rots veg\u0101niem, bez piena produktiem, laktozes un bez glut\u0113na.","breadcrumb":{"@id":"https:\/\/test.puhdasplus.ee\/lv\/tooted\/ipasie-piedavajumi\/enzims-60-kapsulas\/#breadcrumb"},"inLanguage":"lv-LV","potentialAction":[{"@type":"ReadAction","target":["https:\/\/test.puhdasplus.ee\/lv\/tooted\/ipasie-piedavajumi\/enzims-60-kapsulas\/"]}]},{"@type":"ImageObject","inLanguage":"lv-LV","@id":"https:\/\/test.puhdasplus.ee\/lv\/tooted\/ipasie-piedavajumi\/enzims-60-kapsulas\/#primaryimage","url":"https:\/\/test.puhdasplus.ee\/wp-content\/uploads\/2023\/09\/Untitled-design-6-scaled.png","contentUrl":"https:\/\/test.puhdasplus.ee\/wp-content\/uploads\/2023\/09\/Untitled-design-6-scaled.png","width":1862,"height":2560,"caption":"sp\u0113c\u012bgs enz\u012bms"},{"@type":"BreadcrumbList","@id":"https:\/\/test.puhdasplus.ee\/lv\/tooted\/ipasie-piedavajumi\/enzims-60-kapsulas\/#breadcrumb","itemListElement":[{"@type":"ListItem","position":1,"name":"S\u0101kums","item":"https:\/\/test.puhdasplus.ee\/lv\/"},{"@type":"ListItem","position":2,"name":"Produkti","item":"https:\/\/test.puhdasplus.ee\/lv\/veikals\/"},{"@type":"ListItem","position":3,"name":"Enz\u012bms 60 kapsulas"}]},{"@type":"WebSite","@id":"https:\/\/test.puhdasplus.ee\/lv\/#website","url":"https:\/\/test.puhdasplus.ee\/lv\/","name":"Puhdas+","description":"Vitamiinid, Toidulisandid, looduskosmeetika, tervis, sport","publisher":{"@id":"https:\/\/test.puhdasplus.ee\/lv\/#organization"},"potentialAction":[{"@type":"SearchAction","target":{"@type":"EntryPoint","urlTemplate":"https:\/\/test.puhdasplus.ee\/lv\/?s={search_term_string}"},"query-input":{"@type":"PropertyValueSpecification","valueRequired":true,"valueName":"search_term_string"}}],"inLanguage":"lv-LV"},{"@type":"Organization","@id":"https:\/\/test.puhdasplus.ee\/lv\/#organization","name":"Puhdas+","alternateName":"Puhdasplus","url":"https:\/\/test.puhdasplus.ee\/lv\/","logo":{"@type":"ImageObject","inLanguage":"lv-LV","@id":"https:\/\/test.puhdasplus.ee\/lv\/#\/schema\/logo\/image\/","url":"https:\/\/test.puhdasplus.ee\/\/wp-content\/uploads\/2019\/10\/puhdas_logo-arvele.png","contentUrl":"https:\/\/test.puhdasplus.ee\/\/wp-content\/uploads\/2019\/10\/puhdas_logo-arvele.png","width":114,"height":94,"caption":"Puhdas+"},"image":{"@id":"https:\/\/test.puhdasplus.ee\/lv\/#\/schema\/logo\/image\/"},"sameAs":["https:\/\/www.facebook.com\/puhdasplus","https:\/\/www.instagram.com\/puhdasplus_ee\/"]}]}},"_links":{"self":[{"href":"https:\/\/test.puhdasplus.ee\/lv\/wp-json\/wp\/v2\/product\/33579","targetHints":{"allow":["GET"]}}],"collection":[{"href":"https:\/\/test.puhdasplus.ee\/lv\/wp-json\/wp\/v2\/product"}],"about":[{"href":"https:\/\/test.puhdasplus.ee\/lv\/wp-json\/wp\/v2\/types\/product"}],"replies":[{"embeddable":true,"href":"https:\/\/test.puhdasplus.ee\/lv\/wp-json\/wp\/v2\/comments?post=33579"}],"wp:featuredmedia":[{"embeddable":true,"href":"https:\/\/test.puhdasplus.ee\/lv\/wp-json\/wp\/v2\/media\/33584"}],"wp:attachment":[{"href":"https:\/\/test.puhdasplus.ee\/lv\/wp-json\/wp\/v2\/media?parent=33579"}],"wp:term":[{"taxonomy":"product_brand","embeddable":true,"href":"https:\/\/test.puhdasplus.ee\/lv\/wp-json\/wp\/v2\/product_brand?post=33579"},{"taxonomy":"product_cat","embeddable":true,"href":"https:\/\/test.puhdasplus.ee\/lv\/wp-json\/wp\/v2\/product_cat?post=33579"},{"taxonomy":"product_tag","embeddable":true,"href":"https:\/\/test.puhdasplus.ee\/lv\/wp-json\/wp\/v2\/product_tag?post=33579"}],"curies":[{"name":"wp","href":"https:\/\/api.w.org\/{rel}","templated":true}]}}