{"id":33550,"date":"2023-09-04T13:34:24","date_gmt":"2023-09-04T10:34:24","guid":{"rendered":"https:\/\/test.puhdasplus.ee\/\/tooted\/uncategorized\/grezns-mitrinoss-serums-30-ml\/"},"modified":"2026-02-27T13:11:34","modified_gmt":"2026-02-27T11:11:34","slug":"grezns-mitrinoss-serums-30-ml","status":"publish","type":"product","link":"https:\/\/test.puhdasplus.ee\/lv\/tooted\/kosmetika\/grezns-mitrinoss-serums-30-ml\/","title":{"rendered":"Grezns mitrino\u0161s serums 30 ml"},"content":{"rendered":"<h3>Mitrino\u0161s un atsvaidzino\u0161s sejas serums<\/h3>\n<p>Luxury Glow Booster Serum ir grezns \u0101das kop\u0161anas serums, kas pie\u0161\u0137ir \u0101dai t\u016bl\u012bt\u0113ju mirdzumu un jaunekl\u012bgu sejas kr\u0101su. Seruma unik\u0101l\u0101 formula satur sp\u0113c\u012bgu antioksidantu un barojo\u0161u akt\u012bvo sast\u0101vda\u013cu kombin\u0101ciju, kas pal\u012bdz izl\u012bdzin\u0101t \u0101das toni, dzi\u013ci mitrina un stimul\u0113 kolag\u0113na ra\u017eo\u0161anu. Viegl\u0101 un \u0101tri ies\u016bco\u0161\u0101 tekst\u016bra ir ide\u0101li piem\u0113rota ikdienas lieto\u0161anai, padarot \u0101du gludu, elast\u012bgu un skaisti starojo\u0161u. Piem\u0113rots visiem \u0101das tipiem, \u012bpa\u0161i bl\u0101vai un nedz\u012bvai \u0101dai.   <\/p>\n<p data-start=\"658\" data-end=\"682\"><strong data-start=\"658\" data-end=\"680\">Lieto\u0161anas instrukcija:<\/strong><\/p>\n<ol data-start=\"683\" data-end=\"953\">\n<li data-start=\"683\" data-end=\"736\">Pirms seruma uzkl\u0101\u0161anas not\u012briet un nosusiniet \u0101du.<\/li>\n<li data-start=\"737\" data-end=\"832\">Uzkl\u0101jiet 2-3 pilienus seruma uz sejas un kakla \u0101das un viegli iemas\u0113jiet \u0101d\u0101, l\u012bdz tas ies\u016bcas.<\/li>\n<li data-start=\"833\" data-end=\"892\">Lietojiet no r\u012bta un\/vai vakar\u0101 pirms mitrin\u0101t\u0101ja lieto\u0161anas.<\/li>\n<li data-start=\"893\" data-end=\"953\">Lai ieg\u016btu lab\u0101kos rezult\u0101tus, lietojiet regul\u0101ri.<\/li>\n<\/ol>\n<p data-start=\"955\" data-end=\"1138\"><strong data-start=\"955\" data-end=\"971\">Sast\u0101vda\u013cas:<\/strong><br data-start=\"971\" data-end=\"974\"> \u016adens, hialuronsk\u0101be, C vitam\u012bns, niacinam\u012bds, glicer\u012bns, alvejas (Aloe Barbadensis) lapu sula, jojobas e\u013c\u013ca, dab\u012bgie ekstrakti, E vitam\u012bns, fenoksietanols, etilheksilglicer\u012bns.<\/p>\n","protected":false},"excerpt":{"rendered":"<p>Grezns, mirdzo\u0161s un mitrino\u0161s serums, kas izl\u012bdzina \u0101das toni un atjauno vitalit\u0101ti.<\/p>\n","protected":false},"featured_media":33554,"comment_status":"closed","ping_status":"closed","template":"","meta":{"_acf_changed":false},"product_brand":[],"product_cat":[2533],"product_tag":[2537,2630,3801,2547,2638,2535,3799,3800,2938,2545,2559],"class_list":{"0":"post-33550","1":"product","2":"type-product","3":"status-publish","4":"has-post-thumbnail","6":"product_cat-kosmetika","7":"product_tag-adas-elastiba","8":"product_tag-adas-kopsana","9":"product_tag-bagats-ar-antioksidantiem","10":"product_tag-c-vitamins","11":"product_tag-dabiska-aprupe","12":"product_tag-hialuronskabe","13":"product_tag-izgaismojoss-serums","14":"product_tag-mirdzuma-pastiprinatajs","15":"product_tag-mitrinoss-serums","16":"product_tag-pretgrumbu-kopsana","17":"product_tag-tirs-skaistums","19":"first","20":"onbackorder","21":"taxable","22":"shipping-taxable","23":"purchasable","24":"product-type-simple"},"acf":[],"yoast_head":"<!-- This site is optimized with the Yoast SEO plugin v27.1.1 - https:\/\/yoast.com\/product\/yoast-seo-wordpress\/ -->\n<title>Grezns mitrino\u0161s serums 30 ml - Puhdas+<\/title>\n<meta name=\"description\" content=\"Luksusa mirdzuma pastiprin\u0101t\u0101js serums pie\u0161\u0137ir \u0101dai t\u016bl\u012bt\u0113ju mirdzumu, dzi\u013ci mitrina un izl\u012bdzina \u0101das toni. Satur Cd vitam\u012bnu un hialuronsk\u0101bi!\" \/>\n<meta name=\"robots\" content=\"noindex, follow, max-snippet:-1, max-image-preview:large, max-video-preview:-1\" \/>\n<meta property=\"og:locale\" content=\"lv_LV\" \/>\n<meta property=\"og:type\" content=\"article\" \/>\n<meta property=\"og:title\" content=\"Grezns mitrino\u0161s serums 30 ml - Puhdas+\" \/>\n<meta property=\"og:description\" content=\"Luksusa mirdzuma pastiprin\u0101t\u0101js serums pie\u0161\u0137ir \u0101dai t\u016bl\u012bt\u0113ju mirdzumu, dzi\u013ci mitrina un izl\u012bdzina \u0101das toni. Satur Cd vitam\u012bnu un hialuronsk\u0101bi!\" \/>\n<meta property=\"og:url\" content=\"https:\/\/test.puhdasplus.ee\/lv\/tooted\/kosmetika\/grezns-mitrinoss-serums-30-ml\/\" \/>\n<meta property=\"og:site_name\" content=\"Puhdas+\" \/>\n<meta property=\"article:publisher\" content=\"https:\/\/www.facebook.com\/puhdasplus\" \/>\n<meta property=\"article:modified_time\" content=\"2026-02-27T11:11:34+00:00\" \/>\n<meta property=\"og:image\" content=\"https:\/\/test.puhdasplus.ee\/wp-content\/uploads\/2025\/03\/120.jpg\" \/>\n\t<meta property=\"og:image:width\" content=\"1862\" \/>\n\t<meta property=\"og:image:height\" content=\"2560\" \/>\n\t<meta property=\"og:image:type\" content=\"image\/jpeg\" \/>\n<meta name=\"twitter:card\" content=\"summary_large_image\" \/>\n<meta name=\"twitter:label1\" content=\"Est. reading time\" \/>\n\t<meta name=\"twitter:data1\" content=\"1 minute\" \/>\n<script type=\"application\/ld+json\" class=\"yoast-schema-graph\">{\"@context\":\"https:\/\/schema.org\",\"@graph\":[{\"@type\":\"WebPage\",\"@id\":\"https:\/\/test.puhdasplus.ee\/lv\/tooted\/kosmetika\/grezns-mitrinoss-serums-30-ml\/\",\"url\":\"https:\/\/test.puhdasplus.ee\/lv\/tooted\/kosmetika\/grezns-mitrinoss-serums-30-ml\/\",\"name\":\"Grezns mitrino\u0161s serums 30 ml - Puhdas+\",\"isPartOf\":{\"@id\":\"https:\/\/test.puhdasplus.ee\/lv\/#website\"},\"primaryImageOfPage\":{\"@id\":\"https:\/\/test.puhdasplus.ee\/lv\/tooted\/kosmetika\/grezns-mitrinoss-serums-30-ml\/#primaryimage\"},\"image\":{\"@id\":\"https:\/\/test.puhdasplus.ee\/lv\/tooted\/kosmetika\/grezns-mitrinoss-serums-30-ml\/#primaryimage\"},\"thumbnailUrl\":\"https:\/\/test.puhdasplus.ee\/wp-content\/uploads\/2025\/03\/120.jpg\",\"datePublished\":\"2023-09-04T10:34:24+00:00\",\"dateModified\":\"2026-02-27T11:11:34+00:00\",\"description\":\"Luksusa mirdzuma pastiprin\u0101t\u0101js serums pie\u0161\u0137ir \u0101dai t\u016bl\u012bt\u0113ju mirdzumu, dzi\u013ci mitrina un izl\u012bdzina \u0101das toni. Satur Cd vitam\u012bnu un hialuronsk\u0101bi!\",\"breadcrumb\":{\"@id\":\"https:\/\/test.puhdasplus.ee\/lv\/tooted\/kosmetika\/grezns-mitrinoss-serums-30-ml\/#breadcrumb\"},\"inLanguage\":\"lv-LV\",\"potentialAction\":[{\"@type\":\"ReadAction\",\"target\":[\"https:\/\/test.puhdasplus.ee\/lv\/tooted\/kosmetika\/grezns-mitrinoss-serums-30-ml\/\"]}]},{\"@type\":\"ImageObject\",\"inLanguage\":\"lv-LV\",\"@id\":\"https:\/\/test.puhdasplus.ee\/lv\/tooted\/kosmetika\/grezns-mitrinoss-serums-30-ml\/#primaryimage\",\"url\":\"https:\/\/test.puhdasplus.ee\/wp-content\/uploads\/2025\/03\/120.jpg\",\"contentUrl\":\"https:\/\/test.puhdasplus.ee\/wp-content\/uploads\/2025\/03\/120.jpg\",\"width\":1862,\"height\":2560,\"caption\":\"Luksusa mitrino\u0161s serums\"},{\"@type\":\"BreadcrumbList\",\"@id\":\"https:\/\/test.puhdasplus.ee\/lv\/tooted\/kosmetika\/grezns-mitrinoss-serums-30-ml\/#breadcrumb\",\"itemListElement\":[{\"@type\":\"ListItem\",\"position\":1,\"name\":\"S\u0101kums\",\"item\":\"https:\/\/test.puhdasplus.ee\/lv\/\"},{\"@type\":\"ListItem\",\"position\":2,\"name\":\"Produkti\",\"item\":\"https:\/\/test.puhdasplus.ee\/lv\/veikals\/\"},{\"@type\":\"ListItem\",\"position\":3,\"name\":\"Grezns mitrino\u0161s serums 30 ml\"}]},{\"@type\":\"WebSite\",\"@id\":\"https:\/\/test.puhdasplus.ee\/lv\/#website\",\"url\":\"https:\/\/test.puhdasplus.ee\/lv\/\",\"name\":\"Puhdas+\",\"description\":\"Vitamiinid, Toidulisandid, looduskosmeetika, tervis, sport\",\"publisher\":{\"@id\":\"https:\/\/test.puhdasplus.ee\/lv\/#organization\"},\"potentialAction\":[{\"@type\":\"SearchAction\",\"target\":{\"@type\":\"EntryPoint\",\"urlTemplate\":\"https:\/\/test.puhdasplus.ee\/lv\/?s={search_term_string}\"},\"query-input\":{\"@type\":\"PropertyValueSpecification\",\"valueRequired\":true,\"valueName\":\"search_term_string\"}}],\"inLanguage\":\"lv-LV\"},{\"@type\":\"Organization\",\"@id\":\"https:\/\/test.puhdasplus.ee\/lv\/#organization\",\"name\":\"Puhdas+\",\"alternateName\":\"Puhdasplus\",\"url\":\"https:\/\/test.puhdasplus.ee\/lv\/\",\"logo\":{\"@type\":\"ImageObject\",\"inLanguage\":\"lv-LV\",\"@id\":\"https:\/\/test.puhdasplus.ee\/lv\/#\/schema\/logo\/image\/\",\"url\":\"https:\/\/test.puhdasplus.ee\/\/wp-content\/uploads\/2019\/10\/puhdas_logo-arvele.png\",\"contentUrl\":\"https:\/\/test.puhdasplus.ee\/\/wp-content\/uploads\/2019\/10\/puhdas_logo-arvele.png\",\"width\":114,\"height\":94,\"caption\":\"Puhdas+\"},\"image\":{\"@id\":\"https:\/\/test.puhdasplus.ee\/lv\/#\/schema\/logo\/image\/\"},\"sameAs\":[\"https:\/\/www.facebook.com\/puhdasplus\",\"https:\/\/www.instagram.com\/puhdasplus_ee\/\"]}]}<\/script>\n<!-- \/ Yoast SEO plugin. -->","yoast_head_json":{"title":"Grezns mitrino\u0161s serums 30 ml - Puhdas+","description":"Luksusa mirdzuma pastiprin\u0101t\u0101js serums pie\u0161\u0137ir \u0101dai t\u016bl\u012bt\u0113ju mirdzumu, dzi\u013ci mitrina un izl\u012bdzina \u0101das toni. Satur Cd vitam\u012bnu un hialuronsk\u0101bi!","robots":{"index":"noindex","follow":"follow","max-snippet":"max-snippet:-1","max-image-preview":"max-image-preview:large","max-video-preview":"max-video-preview:-1"},"og_locale":"lv_LV","og_type":"article","og_title":"Grezns mitrino\u0161s serums 30 ml - Puhdas+","og_description":"Luksusa mirdzuma pastiprin\u0101t\u0101js serums pie\u0161\u0137ir \u0101dai t\u016bl\u012bt\u0113ju mirdzumu, dzi\u013ci mitrina un izl\u012bdzina \u0101das toni. Satur Cd vitam\u012bnu un hialuronsk\u0101bi!","og_url":"https:\/\/test.puhdasplus.ee\/lv\/tooted\/kosmetika\/grezns-mitrinoss-serums-30-ml\/","og_site_name":"Puhdas+","article_publisher":"https:\/\/www.facebook.com\/puhdasplus","article_modified_time":"2026-02-27T11:11:34+00:00","og_image":[{"width":1862,"height":2560,"url":"https:\/\/test.puhdasplus.ee\/wp-content\/uploads\/2025\/03\/120.jpg","type":"image\/jpeg"}],"twitter_card":"summary_large_image","twitter_misc":{"Est. reading time":"1 minute"},"schema":{"@context":"https:\/\/schema.org","@graph":[{"@type":"WebPage","@id":"https:\/\/test.puhdasplus.ee\/lv\/tooted\/kosmetika\/grezns-mitrinoss-serums-30-ml\/","url":"https:\/\/test.puhdasplus.ee\/lv\/tooted\/kosmetika\/grezns-mitrinoss-serums-30-ml\/","name":"Grezns mitrino\u0161s serums 30 ml - Puhdas+","isPartOf":{"@id":"https:\/\/test.puhdasplus.ee\/lv\/#website"},"primaryImageOfPage":{"@id":"https:\/\/test.puhdasplus.ee\/lv\/tooted\/kosmetika\/grezns-mitrinoss-serums-30-ml\/#primaryimage"},"image":{"@id":"https:\/\/test.puhdasplus.ee\/lv\/tooted\/kosmetika\/grezns-mitrinoss-serums-30-ml\/#primaryimage"},"thumbnailUrl":"https:\/\/test.puhdasplus.ee\/wp-content\/uploads\/2025\/03\/120.jpg","datePublished":"2023-09-04T10:34:24+00:00","dateModified":"2026-02-27T11:11:34+00:00","description":"Luksusa mirdzuma pastiprin\u0101t\u0101js serums pie\u0161\u0137ir \u0101dai t\u016bl\u012bt\u0113ju mirdzumu, dzi\u013ci mitrina un izl\u012bdzina \u0101das toni. Satur Cd vitam\u012bnu un hialuronsk\u0101bi!","breadcrumb":{"@id":"https:\/\/test.puhdasplus.ee\/lv\/tooted\/kosmetika\/grezns-mitrinoss-serums-30-ml\/#breadcrumb"},"inLanguage":"lv-LV","potentialAction":[{"@type":"ReadAction","target":["https:\/\/test.puhdasplus.ee\/lv\/tooted\/kosmetika\/grezns-mitrinoss-serums-30-ml\/"]}]},{"@type":"ImageObject","inLanguage":"lv-LV","@id":"https:\/\/test.puhdasplus.ee\/lv\/tooted\/kosmetika\/grezns-mitrinoss-serums-30-ml\/#primaryimage","url":"https:\/\/test.puhdasplus.ee\/wp-content\/uploads\/2025\/03\/120.jpg","contentUrl":"https:\/\/test.puhdasplus.ee\/wp-content\/uploads\/2025\/03\/120.jpg","width":1862,"height":2560,"caption":"Luksusa mitrino\u0161s serums"},{"@type":"BreadcrumbList","@id":"https:\/\/test.puhdasplus.ee\/lv\/tooted\/kosmetika\/grezns-mitrinoss-serums-30-ml\/#breadcrumb","itemListElement":[{"@type":"ListItem","position":1,"name":"S\u0101kums","item":"https:\/\/test.puhdasplus.ee\/lv\/"},{"@type":"ListItem","position":2,"name":"Produkti","item":"https:\/\/test.puhdasplus.ee\/lv\/veikals\/"},{"@type":"ListItem","position":3,"name":"Grezns mitrino\u0161s serums 30 ml"}]},{"@type":"WebSite","@id":"https:\/\/test.puhdasplus.ee\/lv\/#website","url":"https:\/\/test.puhdasplus.ee\/lv\/","name":"Puhdas+","description":"Vitamiinid, Toidulisandid, looduskosmeetika, tervis, sport","publisher":{"@id":"https:\/\/test.puhdasplus.ee\/lv\/#organization"},"potentialAction":[{"@type":"SearchAction","target":{"@type":"EntryPoint","urlTemplate":"https:\/\/test.puhdasplus.ee\/lv\/?s={search_term_string}"},"query-input":{"@type":"PropertyValueSpecification","valueRequired":true,"valueName":"search_term_string"}}],"inLanguage":"lv-LV"},{"@type":"Organization","@id":"https:\/\/test.puhdasplus.ee\/lv\/#organization","name":"Puhdas+","alternateName":"Puhdasplus","url":"https:\/\/test.puhdasplus.ee\/lv\/","logo":{"@type":"ImageObject","inLanguage":"lv-LV","@id":"https:\/\/test.puhdasplus.ee\/lv\/#\/schema\/logo\/image\/","url":"https:\/\/test.puhdasplus.ee\/\/wp-content\/uploads\/2019\/10\/puhdas_logo-arvele.png","contentUrl":"https:\/\/test.puhdasplus.ee\/\/wp-content\/uploads\/2019\/10\/puhdas_logo-arvele.png","width":114,"height":94,"caption":"Puhdas+"},"image":{"@id":"https:\/\/test.puhdasplus.ee\/lv\/#\/schema\/logo\/image\/"},"sameAs":["https:\/\/www.facebook.com\/puhdasplus","https:\/\/www.instagram.com\/puhdasplus_ee\/"]}]}},"_links":{"self":[{"href":"https:\/\/test.puhdasplus.ee\/lv\/wp-json\/wp\/v2\/product\/33550","targetHints":{"allow":["GET"]}}],"collection":[{"href":"https:\/\/test.puhdasplus.ee\/lv\/wp-json\/wp\/v2\/product"}],"about":[{"href":"https:\/\/test.puhdasplus.ee\/lv\/wp-json\/wp\/v2\/types\/product"}],"replies":[{"embeddable":true,"href":"https:\/\/test.puhdasplus.ee\/lv\/wp-json\/wp\/v2\/comments?post=33550"}],"wp:featuredmedia":[{"embeddable":true,"href":"https:\/\/test.puhdasplus.ee\/lv\/wp-json\/wp\/v2\/media\/33554"}],"wp:attachment":[{"href":"https:\/\/test.puhdasplus.ee\/lv\/wp-json\/wp\/v2\/media?parent=33550"}],"wp:term":[{"taxonomy":"product_brand","embeddable":true,"href":"https:\/\/test.puhdasplus.ee\/lv\/wp-json\/wp\/v2\/product_brand?post=33550"},{"taxonomy":"product_cat","embeddable":true,"href":"https:\/\/test.puhdasplus.ee\/lv\/wp-json\/wp\/v2\/product_cat?post=33550"},{"taxonomy":"product_tag","embeddable":true,"href":"https:\/\/test.puhdasplus.ee\/lv\/wp-json\/wp\/v2\/product_tag?post=33550"}],"curies":[{"name":"wp","href":"https:\/\/api.w.org\/{rel}","templated":true}]}}