{"id":33528,"date":"2024-02-05T17:03:42","date_gmt":"2024-02-05T15:03:42","guid":{"rendered":"https:\/\/test.puhdasplus.ee\/\/tooted\/uncategorized\/biologiskie-kakao-nibi-200-g\/"},"modified":"2026-02-27T13:10:09","modified_gmt":"2026-02-27T11:10:09","slug":"biologiskie-kakao-nibi-200-g","status":"publish","type":"product","link":"https:\/\/test.puhdasplus.ee\/lv\/tooted\/superediens\/biologiskie-kakao-nibi-200-g\/","title":{"rendered":"Biolo\u0123iskie kakao nibi 200 g"},"content":{"rendered":"<h2><span class=\"relative -mx-px my-[-0.2rem] rounded px-px py-[0.2rem] transition-colors duration-100 ease-in-out\">Kas ir Pure+ organisk\u0101s kakao pupi\u0146as?<\/span><\/h2>\n<p><span class=\"relative -mx-px my-[-0.2rem] rounded px-px py-[0.2rem] transition-colors duration-100 ease-in-out\">  Pure+ Organic kakao pupi\u0146as ir 100% t\u012bras un neapstr\u0101d\u0101tas kakao pupi\u0146as, kas ir r\u016bp\u012bgi nomizotas un sasmalcin\u0101tas mazos gabali\u0146os.<\/span> <span class=\"relative -mx-px my-[-0.2rem] rounded px-px py-[0.2rem] transition-colors duration-100 ease-in-out\">\u0160\u012bs \u0161okol\u0101des uzga\u013cas ir t\u012br\u0101k\u0101 \u0161okol\u0101des forma, saglab\u0101jot visas kakao dabisk\u0101s uzturvielas, tostarp antioksidantus, \u0161\u0137iedrvielas un miner\u0101lvielas.<\/span> <span class=\"relative -mx-px my-[-0.2rem] rounded px-px py-[0.2rem] transition-colors duration-100 ease-in-out\">\u0160\u012bs uzkodas ir pagatavotas no biolo\u0123iski audz\u0113t\u0101m kakao pupi\u0146\u0101m, un taj\u0101s nav piedevu, konservantu vai m\u0101ksl\u012bgu aromatiz\u0113t\u0101ju.<\/span><\/p>\n<h2 class=\"\" data-start=\"171\" data-end=\"221\">K\u0101p\u0113c Pure+ Organic kakao pupi\u0146as ir labv\u0113l\u012bgas?<\/h2>\n<p class=\"\" data-start=\"223\" data-end=\"563\"><strong data-start=\"223\" data-end=\"238\">Kakao pupi\u0146u \u0161\u0137i\u0146\u0137i<\/strong> ir viens no dabisk\u0101kajiem un barojo\u0161\u0101kajiem superproduktiem \u2013 tie ir att\u012br\u012bti un sasmalcin\u0101ti grauzd\u0113ti vai neapstr\u0101d\u0101ti kakao pupi\u0146i bez pievienota cukura, taukiem vai konservantiem. T\u0101 k\u0101 \u0161\u0137i\u0146\u0137i netiek apstr\u0101d\u0101ti k\u0101 parast\u0101 \u0161okol\u0101de, tie saglab\u0101 visus dabiskos kakao bioakt\u012bvos savienojumus un sniedz re\u0101lu labumu organismam. <\/p>\n<h3 class=\"\" data-start=\"565\" data-end=\"615\">1. \u013boti sp\u0113c\u012bgs antioksidantu avots<\/h3>\n<p class=\"\" data-start=\"616\" data-end=\"896\">Kakao pupi\u0146as ir bag\u0101tas ar <strong data-start=\"648\" data-end=\"677\">flavono\u012bdiem un polifenoliem<\/strong> , \u012bpa\u0161i <strong data-start=\"685\" data-end=\"702\">epikateh\u012bnu<\/strong> , kas pal\u012bdz aizsarg\u0101t \u0137erme\u0146a \u0161\u016bnas no oksidat\u012bv\u0101 stresa. Antioksidanti atbalsta sirds un asinsvadu vesel\u012bbu, veicina norm\u0101lu asinsriti un var ar\u012b atbalst\u012bt \u0101das un smadze\u0146u darb\u012bbu. <\/p>\n<h3 class=\"\" data-start=\"898\" data-end=\"947\">2. Dabiska ener\u0123ija un garast\u0101vok\u013ca atbalsts<\/h3>\n<p class=\"\" data-start=\"948\" data-end=\"1249\">Kakao eso\u0161ie dabiskie savienojumi, piem\u0113ram, <strong data-start=\"991\" data-end=\"1005\">teobrom\u012bns<\/strong> un neliels daudzums <strong data-start=\"1024\" data-end=\"1035\">kofe\u012bna,<\/strong> pal\u012bdz palielin\u0101t modr\u012bbu, koncentr\u0113\u0161an\u0101s sp\u0113jas un gar\u012bgo modr\u012bbu. Turkl\u0101t kakao spalvas satur <strong data-start=\"1117\" data-end=\"1144\">feniletilam\u012bnu (PEA)<\/strong> \u2014 savienojumu, kas var veicin\u0101t labsaj\u016btas hormonu (piem\u0113ram, dopam\u012bna) veido\u0161anos organism\u0101, t\u0101d\u0113j\u0101di uzlabojot garast\u0101vokli. <\/p>\n<h3 class=\"\" data-start=\"1251\" data-end=\"1303\">3. Augu izcelsmes olbaltumvielu avots un bag\u0101ts ar \u0161\u0137iedrviel\u0101m<\/h3>\n<p class=\"\" data-start=\"1304\" data-end=\"1571\">Puhdas+ kakao pupi\u0146as satur vair\u0101k nek\u0101 12% olbaltumvielu un vair\u0101k nek\u0101 17% \u0161\u0137iedrvielu. Olbaltumvielas pal\u012bdz veidot musku\u013cus un audus, savuk\u0101rt \u0161\u0137iedrvielas atbalsta gremo\u0161anu, zarnu darb\u012bbu un rada s\u0101ta saj\u016btu. Tas padara t\u0101s par ide\u0101lu papildin\u0101jumu brokastu putrai, sm\u016btijiem vai ener\u0123ijas batoni\u0146iem.  <\/p>\n<h3 class=\"\" data-start=\"1573\" data-end=\"1624\">4. Magnijs, dzelzs un citi miner\u0101li<\/h3>\n<p class=\"\" data-start=\"1625\" data-end=\"1876\">Kakao ir dabiski bag\u0101ts ar <strong data-start=\"1653\" data-end=\"1668\">magniju<\/strong> , <strong data-start=\"1670\" data-end=\"1678\">dzelzi<\/strong> , <strong data-start=\"1680\" data-end=\"1690\">cinku<\/strong> un <strong data-start=\"1694\" data-end=\"1704\">hromu<\/strong> , kas visi atbalsta nervu sist\u0113mu, asinsradi, vielmai\u0146u un kop\u0113jo ener\u0123ijas l\u012bmeni. Magnijs jo \u012bpa\u0161i pal\u012bdz atsl\u0101bin\u0101t musku\u013cus un mazin\u0101t stresu. <\/p>\n<h3 data-start=\"1625\" data-end=\"1876\">  5. Dab\u012bgs un nerafin\u0113ts<\/h3>\n<p class=\"\" data-start=\"1921\" data-end=\"2189\">At\u0161\u0137ir\u012bb\u0101 no \u0161okol\u0101des, kakao pupi\u0146as nesatur rafin\u0113tu cukuru vai piena produktus. T\u0101s ir piem\u0113rotas <strong data-start=\"2024\" data-end=\"2061\">cilv\u0113kiem ar bezglut\u0113na, bez laktozes, veg\u0101niem<\/strong> un <strong data-start=\"2065\" data-end=\"2074\">paleo<\/strong> dz\u012bvesveidu. T\u0101 k\u0101 produkts ir 100% biolo\u0123isks un bez piedev\u0101m, tas ir ide\u0101li piem\u0113rots ar\u012b apzin\u012bgam pat\u0113r\u0113t\u0101jam.  <\/p>\n<h2 data-start=\"415\" data-end=\"434\">Sast\u0101vda\u013cas<\/h2>\n<ul data-start=\"436\" data-end=\"516\">\n<li class=\"\" data-start=\"436\" data-end=\"516\">\n<p class=\"\" data-start=\"438\" data-end=\"516\"><span class=\"relative -mx-px my-[-0.2rem] rounded px-px py-[0.2rem] transition-colors duration-100 ease-in-out\">100% biolo\u0123iska kakao (kakao pupi\u0146as)<\/span><\/p>\n<\/li>\n<\/ul>\n<p class=\"\" data-start=\"518\" data-end=\"636\"><span class=\"relative -mx-px my-[-0.2rem] rounded px-px py-[0.2rem] transition-colors duration-100 ease-in-out\">Nesatur laktozi, glut\u0113nu, raugu, s\u0101li, soju vai saldin\u0101t\u0101jus.<\/span> <span class=\"relative -mx-px my-[-0.2rem] rounded px-px py-[0.2rem] transition-colors duration-100 ease-in-out\">Piem\u0113rots veg\u0101niem un ve\u0123et\u0101rie\u0161iem.<\/span><\/p>\n<h2 data-start=\"643\" data-end=\"675\">Uzturv\u0113rt\u012bba uz 100 g<\/h2>\n<ul data-start=\"677\" data-end=\"1055\">\n<li class=\"\" data-start=\"677\" data-end=\"718\">\n<p class=\"\" data-start=\"679\" data-end=\"718\"><span class=\"relative -mx-px my-[-0.2rem] rounded px-px py-[0.2rem] transition-colors duration-100 ease-in-out\">Ener\u0123\u0113tisk\u0101 v\u0113rt\u012bba: 2504 kJ (598 kcal)<\/span><\/p>\n<\/li>\n<li class=\"\" data-start=\"719\" data-end=\"804\">\n<p class=\"\" data-start=\"721\" data-end=\"760\"><span class=\"relative -mx-px my-[-0.2rem] rounded px-px py-[0.2rem] transition-colors duration-100 ease-in-out\">Tauki: 46 g<\/span><\/p>\n<ul data-start=\"763\" data-end=\"804\">\n<li class=\"\" data-start=\"763\" data-end=\"804\">\n<p class=\"\" data-start=\"765\" data-end=\"804\"><span class=\"relative -mx-px my-[-0.2rem] rounded px-px py-[0.2rem] transition-colors duration-100 ease-in-out\">tostarp pies\u0101tin\u0101t\u0101s tauksk\u0101bes: nav datu<\/span><\/p>\n<\/li>\n<\/ul>\n<\/li>\n<li class=\"\" data-start=\"805\" data-end=\"890\">\n<p class=\"\" data-start=\"807\" data-end=\"846\"><span class=\"relative -mx-px my-[-0.2rem] rounded px-px py-[0.2rem] transition-colors duration-100 ease-in-out\">Og\u013chidr\u0101ti: 33,6 g<\/span><\/p>\n<ul data-start=\"849\" data-end=\"890\">\n<li class=\"\" data-start=\"849\" data-end=\"890\">\n<p class=\"\" data-start=\"851\" data-end=\"890\"><span class=\"relative -mx-px my-[-0.2rem] rounded px-px py-[0.2rem] transition-colors duration-100 ease-in-out\">tostarp cukuri: 2 g<\/span><\/p>\n<\/li>\n<\/ul>\n<\/li>\n<li class=\"\" data-start=\"891\" data-end=\"932\">\n<p class=\"\" data-start=\"893\" data-end=\"932\"><span class=\"relative -mx-px my-[-0.2rem] rounded px-px py-[0.2rem] transition-colors duration-100 ease-in-out\">\u0160\u0137iedrvielas: 17,2 g<\/span><\/p>\n<\/li>\n<li class=\"\" data-start=\"933\" data-end=\"974\">\n<p class=\"\" data-start=\"935\" data-end=\"974\"><span class=\"relative -mx-px my-[-0.2rem] rounded px-px py-[0.2rem] transition-colors duration-100 ease-in-out\">Olbaltumvielas: 12,2 g<\/span><\/p>\n<\/li>\n<li class=\"\" data-start=\"975\" data-end=\"1055\">\n<p class=\"\" data-start=\"977\" data-end=\"1055\"><span class=\"relative -mx-px my-[-0.2rem] rounded px-px py-[0.2rem] transition-colors duration-100 ease-in-out\">S\u0101ls: 0,13 g<\/span><\/p>\n<\/li>\n<\/ul>\n<h2 data-start=\"1062\" data-end=\"1087\">Lieto\u0161anas ieteikumi<\/h2>\n<p class=\"\" data-start=\"1089\" data-end=\"1167\"><span class=\"relative -mx-px my-[-0.2rem] rounded px-px py-[0.2rem] transition-colors duration-100 ease-in-out\">Kakao pupi\u0146as var baud\u012bt vair\u0101kos veidos:<\/span><\/p>\n<ul data-start=\"1169\" data-end=\"1333\">\n<li class=\"\" data-start=\"1169\" data-end=\"1210\">\n<p class=\"\" data-start=\"1171\" data-end=\"1210\"><span class=\"relative -mx-px my-[-0.2rem] rounded px-px py-[0.2rem] transition-colors duration-100 ease-in-out\">Pievienot sm\u016btijiem, p\u0101rsl\u0101m vai jogurtam<\/span><\/p>\n<\/li>\n<li class=\"\" data-start=\"1211\" data-end=\"1252\">\n<p class=\"\" data-start=\"1213\" data-end=\"1252\"><span class=\"relative -mx-px my-[-0.2rem] rounded px-px py-[0.2rem] transition-colors duration-100 ease-in-out\">Izmantojiet ceptos izstr\u0101d\u0101jumos, ener\u0123ijas batoni\u0146os vai j\u0113las \u0161okol\u0101des pagatavo\u0161an\u0101<\/span><\/p>\n<\/li>\n<li class=\"\" data-start=\"1253\" data-end=\"1333\">\n<p class=\"\" data-start=\"1255\" data-end=\"1333\"><span class=\"relative -mx-px my-[-0.2rem] rounded px-px py-[0.2rem] transition-colors duration-100 ease-in-out\">Sajauciet ar riekstiem un \u017e\u0101v\u0113tiem aug\u013ciem vesel\u012bgai uzkodai<\/span><\/p>\n<\/li>\n<\/ul>\n<p class=\"\" data-start=\"1335\" data-end=\"1413\"><span class=\"relative -mx-px my-[-0.2rem] rounded px-px py-[0.2rem] transition-colors duration-100 ease-in-out\">Pateicoties intens\u012bvajai un viegli r\u016bgtenajai gar\u0161ai, nibs ir ide\u0101li piem\u0113rots tiem, kas v\u0113las samazin\u0101t rafin\u0113t\u0101 cukura uz\u0146em\u0161anu, vienlaikus saglab\u0101jot \u0161okol\u0101des baud\u012bjumu.<\/span><\/p>\n<h2 data-start=\"1420\" data-end=\"1439\">Uzglab\u0101\u0161ana<\/h2>\n<p class=\"\" data-start=\"1441\" data-end=\"1559\"><span class=\"relative -mx-px my-[-0.2rem] rounded px-px py-[0.2rem] transition-colors duration-100 ease-in-out\">Uzglab\u0101t saus\u0101 un v\u0113s\u0101 viet\u0101, sarg\u0101t no tie\u0161iem saules stariem.<\/span> <span class=\"relative -mx-px my-[-0.2rem] rounded px-px py-[0.2rem] transition-colors duration-100 ease-in-out\">P\u0113c atv\u0113r\u0161anas cie\u0161i aizveriet.<\/span><\/p>\n<h2 data-start=\"1566\" data-end=\"1588\">Iepakojuma izm\u0113rs<\/h2>\n<p class=\"\" data-start=\"1590\" data-end=\"1668\"><span class=\"relative -mx-px my-[-0.2rem] rounded px-px py-[0.2rem] transition-colors duration-100 ease-in-out\">200 g<\/span><\/p>\n","protected":false},"excerpt":{"rendered":"<p class=\"\" data-start=\"273\" data-end=\"655\">Pure+ Organic Cacao Nibs ir mazi, krauk\u0161\u0137\u012bgi gabali\u0146i, kas izgatavoti no t\u012bra biolo\u0123isk\u0101 kakao, kas b\u016bt\u012bb\u0101 ir t\u012br\u0101k\u0101 un barojo\u0161\u0101k\u0101 \u0161okol\u0101des forma. \u0160\u012bs nibs ir izgatavotas no nomizot\u0101m un sasmalcin\u0101t\u0101m kakao pupi\u0146\u0101m, kas nav apstr\u0101d\u0101tas vai saldin\u0101tas, t\u0101p\u0113c t\u0101s satur visas kakao dabisk\u0101s bioakt\u012bv\u0101s vielas, vitam\u012bnus un miner\u0101lvielas, saglab\u0101jot visas t\u0101 priek\u0161roc\u012bbas. <\/p>\n<p class=\"\" data-start=\"657\" data-end=\"1144\">Viens no galvenajiem iemesliem, k\u0101p\u0113c kakao pupi\u0146as ir tik popul\u0101ras vesel\u012bbu apzin\u012bgu cilv\u0113ku vid\u016b, ir to \u0101rk\u0101rt\u012bgi augstais antioksidantu saturs. Kakao ir dabiski bag\u0101ts ar flavono\u012bdiem un polifenoliem \u2013 savienojumiem, kas pal\u012bdz aizsarg\u0101t \u0137erme\u0146a \u0161\u016bnas no br\u012bvo radik\u0101\u013cu kait\u012bg\u0101s ietekmes. Antioksidanti atbalsta sirds vesel\u012bbu, veicina norm\u0101lu asinsriti un pal\u012bdz organismam lab\u0101k tikt gal\u0101 ar oksidat\u012bvo stresu, kas ir saist\u012bts ar noveco\u0161anos un iekaisumiem.  <\/p>\n<p class=\"\" data-start=\"1146\" data-end=\"1478\">Kakao pupi\u0146u spalvas satur dab\u012bgu teobrom\u012bnu un nelielu daudzumu kofe\u012bna, kas var palielin\u0101t modr\u012bbu un koncentr\u0113\u0161an\u0101s sp\u0113jas bez p\u0113k\u0161\u0146a \u201cener\u0123ijas krituma\u201d, ko rada daudzi izplat\u012bti ener\u0123ijas dz\u0113rieni vai kafija. T\u0101s satur ar\u012b feniletilam\u012bnu (PEA) \u2013 savienojumu, kas saist\u012bts ar labsaj\u016btas un pozit\u012bva garast\u0101vok\u013ca veicin\u0101\u0161anu. <\/p>\n<p class=\"\" data-start=\"1480\" data-end=\"1897\">Papildus gar\u012bgam stimulam kakao pupi\u0146as sniedz ar\u012b fizisku atbalstu. T\u0101s ir v\u0113rt\u012bgs augu izcelsmes olbaltumvielu un \u0161\u0137iedrvielu avots \u2013 viena porcija pal\u012bdz veidot musku\u013cus un atbalst\u012bt gremo\u0161anu, k\u0101 ar\u012b pal\u012bdz saglab\u0101t s\u0101ta saj\u016btu. T\u0101s satur ar\u012b iev\u0113rojamu daudzumu magnija, dzelzs, cinka un hroma \u2013 tie visi atbalsta nervu sist\u0113mu, vielmai\u0146u, ener\u0123ijas l\u012bmeni un visp\u0101r\u0113jo labsaj\u016btu.  <\/p>\n<p class=\"\" data-start=\"1899\" data-end=\"2125\">T\u0101 k\u0101 Puhdas+ kakao pupi\u0146as nesatur glut\u0113nu, laktozi un piedevas, t\u0101s ir ide\u0101li piem\u0113rotas veg\u0101niem, ve\u0123et\u0101rie\u0161iem, paleo di\u0113tas iev\u0113rot\u0101jiem vai vienk\u0101r\u0161i tiem, kas mekl\u0113 t\u012bras, vesel\u012bgas un barojo\u0161as uzkodas.<\/p>\n<p class=\"\" data-start=\"2127\" data-end=\"2352\">Tos var izmantot da\u017e\u0101dos veidos \u2013 p\u0101rkais\u012bt uz p\u0101rsl\u0101m vai sm\u016btijiem, sajaukt riekstu mais\u012bjumos, pievienot ceptiem izstr\u0101d\u0101jumiem vai baud\u012bt tie\u0161i no iepakojuma, lai ieg\u016btu dab\u012bgu un r\u016bgteni saldu \u0161okol\u0101des na\u0161\u0137i \u2013 bez pievienota cukura.<\/p>\n<p class=\"\" data-start=\"2354\" data-end=\"2576\"><strong data-start=\"2354\" data-end=\"2382\">Pure+ Organic kakao pupi\u0146as<\/strong> ir \u012bsts super\u0113diens tiem, kas v\u0113las apvienot lielisku gar\u0161u, dabisku ener\u0123iju un dzi\u013ci barojo\u0161u saturu. T\u0101 ir vesel\u012bga izv\u0113le, kas atbalsta gan \u0137ermeni, gan pr\u0101tu \u2013 katru dienu, t\u012bri un vienk\u0101r\u0161i. <\/p>\n","protected":false},"featured_media":33530,"comment_status":"closed","ping_status":"closed","template":"","meta":{"_acf_changed":false},"product_brand":[],"product_cat":[3039],"product_tag":[3769,3770,3771,3768,3074,2904,3076,3772,3043,3767,2974],"class_list":{"0":"post-33528","1":"product","2":"type-product","3":"status-publish","4":"has-post-thumbnail","6":"product_cat-superediens","7":"product_tag-cepsana","8":"product_tag-kakao-pupinas","9":"product_tag-neapstradata-kakao-lv","10":"product_tag-neapstradata-kakao","11":"product_tag-organisks-lv","12":"product_tag-organisks","13":"product_tag-smutija-piedeva","14":"product_tag-sokolade","15":"product_tag-superediens","16":"product_tag-superediens-lv","17":"product_tag-vegans","19":"first","20":"outofstock","21":"taxable","22":"shipping-taxable","23":"purchasable","24":"product-type-simple"},"acf":[],"yoast_head":"<!-- This site is optimized with the Yoast SEO plugin v27.1.1 - https:\/\/yoast.com\/product\/yoast-seo-wordpress\/ -->\n<title>Biolo\u0123iskie kakao nibi 200 g - Puhdas+<\/title>\n<meta name=\"description\" content=\"Biolo\u0123iskie kakao nibi 200 g ir dab\u012bga un barojo\u0161a \u0161okol\u0101des pieredze, kas pagatavota no biolo\u0123iski audz\u0113t\u0101m kakao pupi\u0146\u0101m.\" \/>\n<meta name=\"robots\" content=\"noindex, follow, max-snippet:-1, max-image-preview:large, max-video-preview:-1\" \/>\n<meta property=\"og:locale\" content=\"lv_LV\" \/>\n<meta property=\"og:type\" content=\"article\" \/>\n<meta property=\"og:title\" content=\"Biolo\u0123iskie kakao nibi 200 g - Puhdas+\" \/>\n<meta property=\"og:description\" content=\"Biolo\u0123iskie kakao nibi 200 g ir dab\u012bga un barojo\u0161a \u0161okol\u0101des pieredze, kas pagatavota no biolo\u0123iski audz\u0113t\u0101m kakao pupi\u0146\u0101m.\" \/>\n<meta property=\"og:url\" content=\"https:\/\/test.puhdasplus.ee\/lv\/tooted\/superediens\/biologiskie-kakao-nibi-200-g\/\" \/>\n<meta property=\"og:site_name\" content=\"Puhdas+\" \/>\n<meta property=\"article:publisher\" content=\"https:\/\/www.facebook.com\/puhdasplus\" \/>\n<meta property=\"article:modified_time\" content=\"2026-02-27T11:10:09+00:00\" \/>\n<meta property=\"og:image\" content=\"https:\/\/test.puhdasplus.ee\/wp-content\/uploads\/2025\/03\/101.jpg\" \/>\n\t<meta property=\"og:image:width\" content=\"1862\" \/>\n\t<meta property=\"og:image:height\" content=\"2560\" \/>\n\t<meta property=\"og:image:type\" content=\"image\/jpeg\" \/>\n<meta name=\"twitter:card\" content=\"summary_large_image\" \/>\n<meta name=\"twitter:label1\" content=\"Est. reading time\" \/>\n\t<meta name=\"twitter:data1\" content=\"3 min\u016btes\" \/>\n<script type=\"application\/ld+json\" class=\"yoast-schema-graph\">{\"@context\":\"https:\/\/schema.org\",\"@graph\":[{\"@type\":\"WebPage\",\"@id\":\"https:\/\/test.puhdasplus.ee\/lv\/tooted\/superediens\/biologiskie-kakao-nibi-200-g\/\",\"url\":\"https:\/\/test.puhdasplus.ee\/lv\/tooted\/superediens\/biologiskie-kakao-nibi-200-g\/\",\"name\":\"Biolo\u0123iskie kakao nibi 200 g - Puhdas+\",\"isPartOf\":{\"@id\":\"https:\/\/test.puhdasplus.ee\/lv\/#website\"},\"primaryImageOfPage\":{\"@id\":\"https:\/\/test.puhdasplus.ee\/lv\/tooted\/superediens\/biologiskie-kakao-nibi-200-g\/#primaryimage\"},\"image\":{\"@id\":\"https:\/\/test.puhdasplus.ee\/lv\/tooted\/superediens\/biologiskie-kakao-nibi-200-g\/#primaryimage\"},\"thumbnailUrl\":\"https:\/\/test.puhdasplus.ee\/wp-content\/uploads\/2025\/03\/101.jpg\",\"datePublished\":\"2024-02-05T15:03:42+00:00\",\"dateModified\":\"2026-02-27T11:10:09+00:00\",\"description\":\"Biolo\u0123iskie kakao nibi 200 g ir dab\u012bga un barojo\u0161a \u0161okol\u0101des pieredze, kas pagatavota no biolo\u0123iski audz\u0113t\u0101m kakao pupi\u0146\u0101m.\",\"breadcrumb\":{\"@id\":\"https:\/\/test.puhdasplus.ee\/lv\/tooted\/superediens\/biologiskie-kakao-nibi-200-g\/#breadcrumb\"},\"inLanguage\":\"lv-LV\",\"potentialAction\":[{\"@type\":\"ReadAction\",\"target\":[\"https:\/\/test.puhdasplus.ee\/lv\/tooted\/superediens\/biologiskie-kakao-nibi-200-g\/\"]}]},{\"@type\":\"ImageObject\",\"inLanguage\":\"lv-LV\",\"@id\":\"https:\/\/test.puhdasplus.ee\/lv\/tooted\/superediens\/biologiskie-kakao-nibi-200-g\/#primaryimage\",\"url\":\"https:\/\/test.puhdasplus.ee\/wp-content\/uploads\/2025\/03\/101.jpg\",\"contentUrl\":\"https:\/\/test.puhdasplus.ee\/wp-content\/uploads\/2025\/03\/101.jpg\",\"width\":1862,\"height\":2560,\"caption\":\"Organisk\u0101s kakao pupi\u0146as\"},{\"@type\":\"BreadcrumbList\",\"@id\":\"https:\/\/test.puhdasplus.ee\/lv\/tooted\/superediens\/biologiskie-kakao-nibi-200-g\/#breadcrumb\",\"itemListElement\":[{\"@type\":\"ListItem\",\"position\":1,\"name\":\"S\u0101kums\",\"item\":\"https:\/\/test.puhdasplus.ee\/lv\/\"},{\"@type\":\"ListItem\",\"position\":2,\"name\":\"Produkti\",\"item\":\"https:\/\/test.puhdasplus.ee\/lv\/veikals\/\"},{\"@type\":\"ListItem\",\"position\":3,\"name\":\"Biolo\u0123iskie kakao nibi 200 g\"}]},{\"@type\":\"WebSite\",\"@id\":\"https:\/\/test.puhdasplus.ee\/lv\/#website\",\"url\":\"https:\/\/test.puhdasplus.ee\/lv\/\",\"name\":\"Puhdas+\",\"description\":\"Vitamiinid, Toidulisandid, looduskosmeetika, tervis, sport\",\"publisher\":{\"@id\":\"https:\/\/test.puhdasplus.ee\/lv\/#organization\"},\"potentialAction\":[{\"@type\":\"SearchAction\",\"target\":{\"@type\":\"EntryPoint\",\"urlTemplate\":\"https:\/\/test.puhdasplus.ee\/lv\/?s={search_term_string}\"},\"query-input\":{\"@type\":\"PropertyValueSpecification\",\"valueRequired\":true,\"valueName\":\"search_term_string\"}}],\"inLanguage\":\"lv-LV\"},{\"@type\":\"Organization\",\"@id\":\"https:\/\/test.puhdasplus.ee\/lv\/#organization\",\"name\":\"Puhdas+\",\"alternateName\":\"Puhdasplus\",\"url\":\"https:\/\/test.puhdasplus.ee\/lv\/\",\"logo\":{\"@type\":\"ImageObject\",\"inLanguage\":\"lv-LV\",\"@id\":\"https:\/\/test.puhdasplus.ee\/lv\/#\/schema\/logo\/image\/\",\"url\":\"https:\/\/test.puhdasplus.ee\/\/wp-content\/uploads\/2019\/10\/puhdas_logo-arvele.png\",\"contentUrl\":\"https:\/\/test.puhdasplus.ee\/\/wp-content\/uploads\/2019\/10\/puhdas_logo-arvele.png\",\"width\":114,\"height\":94,\"caption\":\"Puhdas+\"},\"image\":{\"@id\":\"https:\/\/test.puhdasplus.ee\/lv\/#\/schema\/logo\/image\/\"},\"sameAs\":[\"https:\/\/www.facebook.com\/puhdasplus\",\"https:\/\/www.instagram.com\/puhdasplus_ee\/\"]}]}<\/script>\n<!-- \/ Yoast SEO plugin. -->","yoast_head_json":{"title":"Biolo\u0123iskie kakao nibi 200 g - Puhdas+","description":"Biolo\u0123iskie kakao nibi 200 g ir dab\u012bga un barojo\u0161a \u0161okol\u0101des pieredze, kas pagatavota no biolo\u0123iski audz\u0113t\u0101m kakao pupi\u0146\u0101m.","robots":{"index":"noindex","follow":"follow","max-snippet":"max-snippet:-1","max-image-preview":"max-image-preview:large","max-video-preview":"max-video-preview:-1"},"og_locale":"lv_LV","og_type":"article","og_title":"Biolo\u0123iskie kakao nibi 200 g - Puhdas+","og_description":"Biolo\u0123iskie kakao nibi 200 g ir dab\u012bga un barojo\u0161a \u0161okol\u0101des pieredze, kas pagatavota no biolo\u0123iski audz\u0113t\u0101m kakao pupi\u0146\u0101m.","og_url":"https:\/\/test.puhdasplus.ee\/lv\/tooted\/superediens\/biologiskie-kakao-nibi-200-g\/","og_site_name":"Puhdas+","article_publisher":"https:\/\/www.facebook.com\/puhdasplus","article_modified_time":"2026-02-27T11:10:09+00:00","og_image":[{"width":1862,"height":2560,"url":"https:\/\/test.puhdasplus.ee\/wp-content\/uploads\/2025\/03\/101.jpg","type":"image\/jpeg"}],"twitter_card":"summary_large_image","twitter_misc":{"Est. reading time":"3 min\u016btes"},"schema":{"@context":"https:\/\/schema.org","@graph":[{"@type":"WebPage","@id":"https:\/\/test.puhdasplus.ee\/lv\/tooted\/superediens\/biologiskie-kakao-nibi-200-g\/","url":"https:\/\/test.puhdasplus.ee\/lv\/tooted\/superediens\/biologiskie-kakao-nibi-200-g\/","name":"Biolo\u0123iskie kakao nibi 200 g - Puhdas+","isPartOf":{"@id":"https:\/\/test.puhdasplus.ee\/lv\/#website"},"primaryImageOfPage":{"@id":"https:\/\/test.puhdasplus.ee\/lv\/tooted\/superediens\/biologiskie-kakao-nibi-200-g\/#primaryimage"},"image":{"@id":"https:\/\/test.puhdasplus.ee\/lv\/tooted\/superediens\/biologiskie-kakao-nibi-200-g\/#primaryimage"},"thumbnailUrl":"https:\/\/test.puhdasplus.ee\/wp-content\/uploads\/2025\/03\/101.jpg","datePublished":"2024-02-05T15:03:42+00:00","dateModified":"2026-02-27T11:10:09+00:00","description":"Biolo\u0123iskie kakao nibi 200 g ir dab\u012bga un barojo\u0161a \u0161okol\u0101des pieredze, kas pagatavota no biolo\u0123iski audz\u0113t\u0101m kakao pupi\u0146\u0101m.","breadcrumb":{"@id":"https:\/\/test.puhdasplus.ee\/lv\/tooted\/superediens\/biologiskie-kakao-nibi-200-g\/#breadcrumb"},"inLanguage":"lv-LV","potentialAction":[{"@type":"ReadAction","target":["https:\/\/test.puhdasplus.ee\/lv\/tooted\/superediens\/biologiskie-kakao-nibi-200-g\/"]}]},{"@type":"ImageObject","inLanguage":"lv-LV","@id":"https:\/\/test.puhdasplus.ee\/lv\/tooted\/superediens\/biologiskie-kakao-nibi-200-g\/#primaryimage","url":"https:\/\/test.puhdasplus.ee\/wp-content\/uploads\/2025\/03\/101.jpg","contentUrl":"https:\/\/test.puhdasplus.ee\/wp-content\/uploads\/2025\/03\/101.jpg","width":1862,"height":2560,"caption":"Organisk\u0101s kakao pupi\u0146as"},{"@type":"BreadcrumbList","@id":"https:\/\/test.puhdasplus.ee\/lv\/tooted\/superediens\/biologiskie-kakao-nibi-200-g\/#breadcrumb","itemListElement":[{"@type":"ListItem","position":1,"name":"S\u0101kums","item":"https:\/\/test.puhdasplus.ee\/lv\/"},{"@type":"ListItem","position":2,"name":"Produkti","item":"https:\/\/test.puhdasplus.ee\/lv\/veikals\/"},{"@type":"ListItem","position":3,"name":"Biolo\u0123iskie kakao nibi 200 g"}]},{"@type":"WebSite","@id":"https:\/\/test.puhdasplus.ee\/lv\/#website","url":"https:\/\/test.puhdasplus.ee\/lv\/","name":"Puhdas+","description":"Vitamiinid, Toidulisandid, looduskosmeetika, tervis, sport","publisher":{"@id":"https:\/\/test.puhdasplus.ee\/lv\/#organization"},"potentialAction":[{"@type":"SearchAction","target":{"@type":"EntryPoint","urlTemplate":"https:\/\/test.puhdasplus.ee\/lv\/?s={search_term_string}"},"query-input":{"@type":"PropertyValueSpecification","valueRequired":true,"valueName":"search_term_string"}}],"inLanguage":"lv-LV"},{"@type":"Organization","@id":"https:\/\/test.puhdasplus.ee\/lv\/#organization","name":"Puhdas+","alternateName":"Puhdasplus","url":"https:\/\/test.puhdasplus.ee\/lv\/","logo":{"@type":"ImageObject","inLanguage":"lv-LV","@id":"https:\/\/test.puhdasplus.ee\/lv\/#\/schema\/logo\/image\/","url":"https:\/\/test.puhdasplus.ee\/\/wp-content\/uploads\/2019\/10\/puhdas_logo-arvele.png","contentUrl":"https:\/\/test.puhdasplus.ee\/\/wp-content\/uploads\/2019\/10\/puhdas_logo-arvele.png","width":114,"height":94,"caption":"Puhdas+"},"image":{"@id":"https:\/\/test.puhdasplus.ee\/lv\/#\/schema\/logo\/image\/"},"sameAs":["https:\/\/www.facebook.com\/puhdasplus","https:\/\/www.instagram.com\/puhdasplus_ee\/"]}]}},"_links":{"self":[{"href":"https:\/\/test.puhdasplus.ee\/lv\/wp-json\/wp\/v2\/product\/33528","targetHints":{"allow":["GET"]}}],"collection":[{"href":"https:\/\/test.puhdasplus.ee\/lv\/wp-json\/wp\/v2\/product"}],"about":[{"href":"https:\/\/test.puhdasplus.ee\/lv\/wp-json\/wp\/v2\/types\/product"}],"replies":[{"embeddable":true,"href":"https:\/\/test.puhdasplus.ee\/lv\/wp-json\/wp\/v2\/comments?post=33528"}],"wp:featuredmedia":[{"embeddable":true,"href":"https:\/\/test.puhdasplus.ee\/lv\/wp-json\/wp\/v2\/media\/33530"}],"wp:attachment":[{"href":"https:\/\/test.puhdasplus.ee\/lv\/wp-json\/wp\/v2\/media?parent=33528"}],"wp:term":[{"taxonomy":"product_brand","embeddable":true,"href":"https:\/\/test.puhdasplus.ee\/lv\/wp-json\/wp\/v2\/product_brand?post=33528"},{"taxonomy":"product_cat","embeddable":true,"href":"https:\/\/test.puhdasplus.ee\/lv\/wp-json\/wp\/v2\/product_cat?post=33528"},{"taxonomy":"product_tag","embeddable":true,"href":"https:\/\/test.puhdasplus.ee\/lv\/wp-json\/wp\/v2\/product_tag?post=33528"}],"curies":[{"name":"wp","href":"https:\/\/api.w.org\/{rel}","templated":true}]}}