{"id":33522,"date":"2024-02-03T22:04:48","date_gmt":"2024-02-03T20:04:48","guid":{"rendered":"https:\/\/test.puhdasplus.ee\/\/tooted\/uncategorized\/laktoferins-200-mg-c-vitamins-50-vegetaras-kapsulas\/"},"modified":"2026-03-10T14:12:27","modified_gmt":"2026-03-10T12:12:27","slug":"laktoferins-200-mg-c-vitamins-50-vegetaras-kapsulas","status":"publish","type":"product","link":"https:\/\/test.puhdasplus.ee\/lv\/tooted\/stress-un-miegs\/laktoferins-200-mg-c-vitamins-50-vegetaras-kapsulas\/","title":{"rendered":"Laktofer\u012bns 200 mg + C vitam\u012bns, 40 kapsulas"},"content":{"rendered":"<h2 data-start=\"224\" data-end=\"271\">K\u0101p\u0113c Pure+ Laktofer\u012bns + C vitam\u012bns ir labv\u0113l\u012bgs?<\/h2>\n<p class=\"\" data-start=\"273\" data-end=\"430\">Puhdas+ Laktofer\u012bna + C vitam\u012bna kapsulas apvieno divas zin\u0101tniski p\u0113t\u012btas un organismam svar\u012bgas sast\u0101vda\u013cas: <strong data-start=\"424\" data-end=\"441\">laktofer\u012bnu<\/strong> un <strong data-start=\"445\" data-end=\"460\">C vitam\u012bnu<\/strong>. To kombin\u0101cija papildina ikdienas uzturu, apvienojot dabisku olbaltumvielu un vitam\u012bnu, kam organism\u0101 ir vair\u0101kas svar\u012bgas lomas.<\/p>\n<h2 data-start=\"578\" data-end=\"628\">Kas ir laktofer\u012bns un k\u0101p\u0113c tas ir svar\u012bgs?<\/h2>\n<p class=\"p1\">Laktofer\u012bns ir dabiska olbaltumviela, kas atrodama cilv\u0113ka un dz\u012bvnieku pien\u0101, \u012bpa\u0161i liel\u0101 daudzum\u0101 pirmpien\u0101. Tas ir pien\u0101 eso\u0161s glikoprote\u012bns, kas sastopams gan govs pien\u0101, gan m\u0101tes pien\u0101 un ir organism\u0101 dabiski sastopams savienojums. <\/p>\n<p class=\"p1\">Laktofer\u012bnu uztura bag\u0101tin\u0101t\u0101jos bie\u017ei lieto kop\u0101 ar cit\u0101m uzturviel\u0101m, kas saist\u012btas ar dzelzs uzs\u016bk\u0161anos un norm\u0101lu organisma darb\u012bbu. \u0160aj\u0101 produkt\u0101 laktofer\u012bns ir apvienots ar C vitam\u012bnu, kas veicina lab\u0101ku dzelzs uzs\u016bk\u0161anos. <\/p>\n<p class=\"p1\">Laktofer\u012bnu saturo\u0161i uztura bag\u0101tin\u0101t\u0101ji ir k\u013cuvu\u0161i popul\u0101ri to vid\u016b, kuri v\u0113las papildin\u0101t savu ikdienas uzturu ar bioakt\u012bv\u0101m komponent\u0113m no piena. \u0160\u0101da kombin\u0101cija \u013cauj apvienot laktofer\u012bnu un C vitam\u012bnu vien\u0101 \u0113rt\u0101 kapsul\u0101. <\/p>\n<h2 data-start=\"1153\" data-end=\"1201\">C vitam\u012bns \u2013 ne tikai imunit\u0101tes stiprin\u0101\u0161anai<\/h2>\n<p class=\"\" data-start=\"1203\" data-end=\"1263\">C vitam\u012bns, lietojot to produkta sast\u0101v\u0101, sniedz daudzsl\u0101\u0146u ieguvumus:<\/p>\n<ul data-start=\"1264\" data-end=\"1558\">\n<li class=\"\" data-start=\"1264\" data-end=\"1317\">\n<p class=\"\" data-start=\"1266\" data-end=\"1317\">pal\u012bdz <strong data-start=\"1272\" data-end=\"1302\">uzlabot dzelzs uzs\u016bk\u0161anos,<\/strong><\/p>\n<\/li>\n<li data-start=\"1264\" data-end=\"1317\">veicina<b> norm\u0101lu im\u016bnsist\u0113mas darb\u012bbu,<\/b><\/li>\n<li class=\"\" data-start=\"1370\" data-end=\"1464\">\n<p class=\"\" data-start=\"1372\" data-end=\"1464\">piedal\u0101s <strong data-start=\"1379\" data-end=\"1403\">kolag\u0113na sint\u0113z\u0113<\/strong> , kas ir svar\u012bgs \u0101dai, asinsvadiem, kauliem un zobiem,<\/p>\n<\/li>\n<li class=\"\" data-start=\"1465\" data-end=\"1515\">\n<p class=\"\" data-start=\"1467\" data-end=\"1515\">pal\u012bdz <strong data-start=\"1473\" data-end=\"1508\">mazin\u0101t nogurumu un nesp\u0113ku<\/strong> , k\u0101 ar\u012b<\/p>\n<\/li>\n<li class=\"\" data-start=\"1516\" data-end=\"1558\">\n<p class=\"\" data-start=\"1518\" data-end=\"1558\">aizsarg\u0101 \u0161\u016bnas no oksidat\u012bv\u0101 stresa.<\/p>\n<\/li>\n<\/ul>\n<p class=\"\" data-start=\"1560\" data-end=\"1681\">T\u0101d\u0113j\u0101di C vitam\u012bns ir piem\u0113rota sast\u0101vda\u013ca l\u012bdz\u0101s laktofer\u012bnam, veicinot dzelzs uzs\u016bk\u0161anos un atbalstot norm\u0101lu im\u016bnsist\u0113mas darb\u012bbu.<\/p>\n<p class=\"\" data-start=\"1560\" data-end=\"1681\">.<\/p>\n<h2 data-start=\"437\" data-end=\"461\">K\u0101p\u0113c tas ir noder\u012bgi?<\/h2>\n<p class=\"p1\">Produkts apvieno laktofer\u012bnu un C vitam\u012bnu vien\u0101 \u0113rt\u0101 kapsul\u0101. C vitam\u012bns pal\u012bdz uzlabot dzelzs uzs\u016bk\u0161anos un veicina norm\u0101lu im\u016bnsist\u0113mas darb\u012bbu. Turkl\u0101t C vitam\u012bns pal\u012bdz samazin\u0101t nogurumu un nesp\u0113ku, k\u0101 ar\u012b piedal\u0101s kolag\u0113na veido\u0161an\u0101, kas ir svar\u012bgi norm\u0101lai \u0101das, asinsvadu, skrim\u0161\u013cu, kaulu un zobu darb\u012bbai.  <\/p>\n<p class=\"p1\">Laktofer\u012bnu uztura bag\u0101tin\u0101t\u0101jos bie\u017ei lieto kop\u0101 ar cit\u0101m uzturviel\u0101m, kas saist\u012btas ar dzelzs uzs\u016bk\u0161anos un norm\u0101lu organisma darb\u012bbu. Kop\u0101 ar C vitam\u012bnu tas veido sabalans\u0113tu sast\u0101vu ikdienas uztura papildin\u0101\u0161anai. <\/p>\n<h2 data-start=\"629\" data-end=\"651\">Kam tas ir piem\u0113rots?<\/h2>\n<p class=\"\" data-start=\"653\" data-end=\"738\"><span class=\"relative -mx-px my-[-0.2rem] rounded px-px py-[0.2rem] transition-colors duration-100 ease-in-out\">Pure+ Laktofer\u012bns + C vitam\u012bns ir piem\u0113rots:<\/span><\/p>\n<ul data-start=\"740\" data-end=\"953\">\n<li class=\"\" data-start=\"740\" data-end=\"781\">\n<p class=\"\" data-start=\"742\" data-end=\"781\"><span class=\"relative -mx-px my-[-0.2rem] rounded px-px py-[0.2rem] bg-[#FCECC1] dark:bg-[#64572A] transition-colors duration-100 ease-in-out\">Cilv\u0113kiem, kuri v\u0113las stiprin\u0101t savu im\u016bnsist\u0113mu.<\/span><\/p>\n<\/li>\n<li class=\"\" data-start=\"782\" data-end=\"823\">\n<p class=\"\" data-start=\"784\" data-end=\"823\"><span class=\"relative -mx-px my-[-0.2rem] rounded px-px py-[0.2rem] transition-colors duration-100 ease-in-out\">Tiem, kam ir dzelzs defic\u012bts vai gr\u016bt\u012bbas absorb\u0113t dzelzi.<\/span><\/p>\n<\/li>\n<li class=\"\" data-start=\"824\" data-end=\"865\">\n<p class=\"\" data-start=\"826\" data-end=\"865\"><span class=\"relative -mx-px my-[-0.2rem] rounded px-px py-[0.2rem] transition-colors duration-100 ease-in-out\">Cilv\u0113kiem, kuri v\u0113las atbalst\u012bt \u0101das, asinsvadu un kaulu vesel\u012bbu.<\/span><\/p>\n<\/li>\n<li class=\"\" data-start=\"866\" data-end=\"953\">\n<p class=\"\" data-start=\"868\" data-end=\"953\"><span class=\"relative -mx-px my-[-0.2rem] rounded px-px py-[0.2rem] transition-colors duration-100 ease-in-out\">Tiem, kas mekl\u0113 uztura bag\u0101tin\u0101t\u0101ju bez piedev\u0101m un labi uzs\u016bco\u0161u.<\/span><\/p>\n<\/li>\n<li>Piem\u0113rots ve\u0123et\u0101rie\u0161iem, bet nav piem\u0113rots veg\u0101niem vai cilv\u0113kiem ar piena aler\u0123iju.<\/li>\n<\/ul>\n<h2 data-start=\"1688\" data-end=\"1723\">Kad tas ir \u012bpa\u0161i noder\u012bgi?<\/h2>\n<ul data-start=\"1744\" data-end=\"2176\">\n<li class=\"\" data-start=\"1744\" data-end=\"1813\">\n<p class=\"p1\">cilv\u0113kiem, kuri v\u0113las papildin\u0101t savu uzturu ar C vitam\u012bnu, kas <span class=\"s1\"><b>veicina norm\u0101lu im\u016bnsist\u0113mas darb\u012bbu<\/b><\/span>,<\/p>\n<p class=\"\" data-start=\"1746\" data-end=\"1813\">it \u012bpa\u0161i rudens un ziemas sezon\u0101,<\/p>\n<\/li>\n<li class=\"\" data-start=\"1814\" data-end=\"1875\">\n<p class=\"\" data-start=\"1816\" data-end=\"1875\">tiem, <span class=\"s1\">kuri v\u0113las <\/span><b>veicin\u0101t dzelzs uzs\u016bk\u0161anos ar C vitam\u012bna pal\u012bdz\u012bbu<\/b><span class=\"s1\">,<\/span><\/p>\n<\/li>\n<li class=\"\" data-start=\"1876\" data-end=\"1958\">\n<p class=\"\" data-start=\"1878\" data-end=\"1958\">cilv\u0113kiem, kuri v\u0113las <span class=\"s1\"><b>atbalst\u012bt norm\u0101lu \u0101das, asinsvadu un kaulu darb\u012bbu<\/b><\/span>, ko veicina C vitam\u012bns caur kolag\u0113na veido\u0161anos,<\/p>\n<\/li>\n<li class=\"\" data-start=\"1959\" data-end=\"2070\">visiem, kuri v\u0113las <b>ar C vitam\u012bna pal\u012bdz\u012bbu atbalst\u012bt norm\u0101lu im\u016bnsist\u0113mas darb\u012bbu un dzelzs uzs\u016bk\u0161anos.<\/b><\/li>\n<\/ul>\n<h2 data-start=\"960\" data-end=\"974\">Lietojums<\/h2>\n<p class=\"\" data-start=\"976\" data-end=\"1061\"><span class=\"relative -mx-px my-[-0.2rem] rounded px-px py-[0.2rem] transition-colors duration-100 ease-in-out\"><strong data-start=\"0\" data-end=\"20\" data-is-only-node=\"\">Ieteicam\u0101 deva<\/strong> : 1 kapsula dien\u0101, uzdzerot \u016bdeni.<\/span><\/p>\n<p class=\"\" data-start=\"1063\" data-end=\"1148\"><span class=\"relative -mx-px my-[-0.2rem] rounded px-px py-[0.2rem] transition-colors duration-100 ease-in-out\"><strong data-start=\"0\" data-end=\"10\" data-is-only-node=\"\">Piez\u012bme<\/strong> : Nep\u0101rsniedziet ieteicamo dienas devu. \u0160is uztura bag\u0101tin\u0101t\u0101js neaizst\u0101j daudzveid\u012bgu un sabalans\u0113tu uzturu vai vesel\u012bgu dz\u012bvesveidu. Sarg\u0101t no b\u0113rniem.  <\/span>\u200b<\/p>\n<h2 data-start=\"1155\" data-end=\"1170\">Sast\u0101vda\u013cas<\/h2>\n<ul data-start=\"1172\" data-end=\"1385\">\n<li class=\"\" data-start=\"1172\" data-end=\"1213\">\n<p class=\"\" data-start=\"1174\" data-end=\"1213\"><span class=\"relative -mx-px my-[-0.2rem] rounded px-px py-[0.2rem] transition-colors duration-100 ease-in-out\">Pildviela: r\u012bsu ciete<\/span><\/p>\n<\/li>\n<li class=\"\" data-start=\"1214\" data-end=\"1255\">\n<p class=\"\" data-start=\"1216\" data-end=\"1255\"><span class=\"relative -mx-px my-[-0.2rem] rounded px-px py-[0.2rem] transition-colors duration-100 ease-in-out\">Laktofer\u012bns (no govs piena)<\/span><\/p>\n<\/li>\n<li class=\"\" data-start=\"1256\" data-end=\"1297\">\n<p class=\"\" data-start=\"1258\" data-end=\"1297\"><span class=\"relative -mx-px my-[-0.2rem] rounded px-px py-[0.2rem] transition-colors duration-100 ease-in-out\">Kapsulas apvalks: hidroksipropilceluloze<\/span><\/p>\n<\/li>\n<li class=\"\" data-start=\"1298\" data-end=\"1385\">\n<p class=\"\" data-start=\"1300\" data-end=\"1385\"><span class=\"relative -mx-px my-[-0.2rem] rounded px-px py-[0.2rem] transition-colors duration-100 ease-in-out\">C vitam\u012bns (askorb\u012bnsk\u0101be)<\/span><\/p>\n<\/li>\n<\/ul>\n<p class=\"\" data-start=\"1387\" data-end=\"1512\"><span class=\"relative -mx-px my-[-0.2rem] rounded px-px py-[0.2rem] transition-colors duration-100 ease-in-out\"><strong data-start=\"0\" data-end=\"14\" data-is-only-node=\"\">Nesatur<\/strong>: glut\u0113nu, raugu vai soju.<\/span><\/p>\n<h2 data-start=\"1519\" data-end=\"1535\">Uzturv\u0113rt\u012bba<\/h2>\n<p class=\"\" data-start=\"1537\" data-end=\"1622\"><span class=\"relative -mx-px my-[-0.2rem] rounded px-px py-[0.2rem] transition-colors duration-100 ease-in-out\"><strong data-start=\"0\" data-end=\"21\" data-is-only-node=\"\">1 kapsula satur<\/strong> :<\/span><\/p>\n<ul data-start=\"1624\" data-end=\"1753\">\n<li class=\"\" data-start=\"1624\" data-end=\"1665\">\n<p class=\"\" data-start=\"1626\" data-end=\"1665\"><span class=\"relative -mx-px my-[-0.2rem] rounded px-px py-[0.2rem] transition-colors duration-100 ease-in-out\">Laktofer\u012bns: 100 mg<\/span><\/p>\n<\/li>\n<li class=\"\" data-start=\"1666\" data-end=\"1753\">\n<p class=\"\" data-start=\"1668\" data-end=\"1753\"><span class=\"relative -mx-px my-[-0.2rem] rounded px-px py-[0.2rem] transition-colors duration-100 ease-in-out\">C vitam\u012bns: 40 mg (50% no ieteicam\u0101s dienas devas)<\/span><\/p>\n<\/li>\n<\/ul>\n","protected":false},"excerpt":{"rendered":"<p class=\"p1\">Puhdas+ Laktofer\u012bna + C vitam\u012bna kapsulas apvieno laktofer\u012bnu un C vitam\u012bnu vien\u0101 \u0113rt\u0101 uztura bag\u0101tin\u0101t\u0101j\u0101. Laktofer\u012bns ir no piena ieg\u016bta dabiska olbaltumviela, ko uztura bag\u0101tin\u0101t\u0101jos bie\u017ei lieto kop\u0101 ar cit\u0101m uzturviel\u0101m. \u0160aj\u0101 produkt\u0101 laktofer\u012bns ir apvienots ar C vitam\u012bnu, kas veicina lab\u0101ku dzelzs uzs\u016bk\u0161anos.  <\/p>\n<p class=\"p1\">Papildus produkts satur C vitam\u012bnu, kas veicina norm\u0101lu im\u016bnsist\u0113mas darb\u012bbu un pal\u012bdz samazin\u0101t nogurumu un nesp\u0113ku. C vitam\u012bns pal\u012bdz ar\u012b aizsarg\u0101t \u0161\u016bnas pret oksidat\u012bvo stresu un piedal\u0101s kolag\u0113na veido\u0161an\u0101, kas ir svar\u012bgi norm\u0101lai \u0101das, asinsvadu, kaulu, skrim\u0161\u013cu un zobu darb\u012bbai. <\/p>\n<p class=\"p1\">Kapsulas ir labi panesamas un piem\u0113rotas ikdienas lieto\u0161anai. Produktam ir t\u012brs sast\u0101vs, un tas nesatur glut\u0113nu, raugu vai soju. Piem\u0113rota izv\u0113le tiem, kuri v\u0113las papildin\u0101t savu ikdienas uzturu ar laktofer\u012bnu un C vitam\u012bnu.  <\/p>\n","protected":false},"featured_media":33524,"comment_status":"closed","ping_status":"closed","template":"","meta":{"_acf_changed":false},"product_brand":[],"product_cat":[3344,3067,3038,3037],"product_tag":[3758,3756,3751,3759,3754,3041,3752,3753,3757,3760,3755],"class_list":{"0":"post-33522","1":"product","2":"type-product","3":"status-publish","4":"has-post-thumbnail","6":"product_cat-gremosana-un-vielmaina","7":"product_cat-ipasie-piedavajumi","8":"product_cat-sports-lv","9":"product_cat-stress-un-miegs","10":"product_tag-c-vitamins-imunitatei","11":"product_tag-dabigs-dzelzs-avots","12":"product_tag-dzelzs","13":"product_tag-dzelzs-absorbcija","14":"product_tag-dzelzs-metabolisms","15":"product_tag-imunitate","16":"product_tag-imunsistemas-atbalsts-lv","17":"product_tag-laktoferins","18":"product_tag-vegans-laktoferins","19":"product_tag-veseligs-dzelzs-limenis","20":"product_tag-zarnu-veseliba","22":"first","23":"instock","24":"sale","25":"taxable","26":"shipping-taxable","27":"purchasable","28":"product-type-simple"},"acf":[],"yoast_head":"<!-- This site is optimized with the Yoast SEO plugin v27.1.1 - https:\/\/yoast.com\/product\/yoast-seo-wordpress\/ -->\n<title>Laktofer\u012bns 200 mg + C vitam\u012bns, 40 kapsulas - Puhdas+<\/title>\n<meta name=\"description\" content=\"Laktofer\u012bns 200 mg + C vitam\u012bns atbalsta dzelzs vielmai\u0146u, im\u016bnsist\u0113mu un zarnu vesel\u012bbu, pal\u012bdzot optimiz\u0113t dzelzs uzs\u016bk\u0161anos.\" \/>\n<meta name=\"robots\" content=\"noindex, follow, max-snippet:-1, max-image-preview:large, max-video-preview:-1\" \/>\n<meta property=\"og:locale\" content=\"lv_LV\" \/>\n<meta property=\"og:type\" content=\"article\" \/>\n<meta property=\"og:title\" content=\"Laktofer\u012bns 200 mg + C vitam\u012bns, 40 kapsulas - Puhdas+\" \/>\n<meta property=\"og:description\" content=\"Laktofer\u012bns 200 mg + C vitam\u012bns atbalsta dzelzs vielmai\u0146u, im\u016bnsist\u0113mu un zarnu vesel\u012bbu, pal\u012bdzot optimiz\u0113t dzelzs uzs\u016bk\u0161anos.\" \/>\n<meta property=\"og:url\" content=\"https:\/\/test.puhdasplus.ee\/lv\/tooted\/stress-un-miegs\/laktoferins-200-mg-c-vitamins-50-vegetaras-kapsulas\/\" \/>\n<meta property=\"og:site_name\" content=\"Puhdas+\" \/>\n<meta property=\"article:publisher\" content=\"https:\/\/www.facebook.com\/puhdasplus\" \/>\n<meta property=\"article:modified_time\" content=\"2026-03-10T12:12:27+00:00\" \/>\n<meta property=\"og:image\" content=\"https:\/\/test.puhdasplus.ee\/wp-content\/uploads\/2024\/02\/Untitled-design-45.jpg\" \/>\n\t<meta property=\"og:image:width\" content=\"1862\" \/>\n\t<meta property=\"og:image:height\" content=\"2560\" \/>\n\t<meta property=\"og:image:type\" content=\"image\/jpeg\" \/>\n<meta name=\"twitter:card\" content=\"summary_large_image\" \/>\n<meta name=\"twitter:label1\" content=\"Est. reading time\" \/>\n\t<meta name=\"twitter:data1\" content=\"3 min\u016btes\" \/>\n<script type=\"application\/ld+json\" class=\"yoast-schema-graph\">{\"@context\":\"https:\/\/schema.org\",\"@graph\":[{\"@type\":\"WebPage\",\"@id\":\"https:\/\/test.puhdasplus.ee\/lv\/tooted\/stress-un-miegs\/laktoferins-200-mg-c-vitamins-50-vegetaras-kapsulas\/\",\"url\":\"https:\/\/test.puhdasplus.ee\/lv\/tooted\/stress-un-miegs\/laktoferins-200-mg-c-vitamins-50-vegetaras-kapsulas\/\",\"name\":\"Laktofer\u012bns 200 mg + C vitam\u012bns, 40 kapsulas - Puhdas+\",\"isPartOf\":{\"@id\":\"https:\/\/test.puhdasplus.ee\/lv\/#website\"},\"primaryImageOfPage\":{\"@id\":\"https:\/\/test.puhdasplus.ee\/lv\/tooted\/stress-un-miegs\/laktoferins-200-mg-c-vitamins-50-vegetaras-kapsulas\/#primaryimage\"},\"image\":{\"@id\":\"https:\/\/test.puhdasplus.ee\/lv\/tooted\/stress-un-miegs\/laktoferins-200-mg-c-vitamins-50-vegetaras-kapsulas\/#primaryimage\"},\"thumbnailUrl\":\"https:\/\/test.puhdasplus.ee\/wp-content\/uploads\/2024\/02\/Untitled-design-45.jpg\",\"datePublished\":\"2024-02-03T20:04:48+00:00\",\"dateModified\":\"2026-03-10T12:12:27+00:00\",\"description\":\"Laktofer\u012bns 200 mg + C vitam\u012bns atbalsta dzelzs vielmai\u0146u, im\u016bnsist\u0113mu un zarnu vesel\u012bbu, pal\u012bdzot optimiz\u0113t dzelzs uzs\u016bk\u0161anos.\",\"breadcrumb\":{\"@id\":\"https:\/\/test.puhdasplus.ee\/lv\/tooted\/stress-un-miegs\/laktoferins-200-mg-c-vitamins-50-vegetaras-kapsulas\/#breadcrumb\"},\"inLanguage\":\"lv-LV\",\"potentialAction\":[{\"@type\":\"ReadAction\",\"target\":[\"https:\/\/test.puhdasplus.ee\/lv\/tooted\/stress-un-miegs\/laktoferins-200-mg-c-vitamins-50-vegetaras-kapsulas\/\"]}]},{\"@type\":\"ImageObject\",\"inLanguage\":\"lv-LV\",\"@id\":\"https:\/\/test.puhdasplus.ee\/lv\/tooted\/stress-un-miegs\/laktoferins-200-mg-c-vitamins-50-vegetaras-kapsulas\/#primaryimage\",\"url\":\"https:\/\/test.puhdasplus.ee\/wp-content\/uploads\/2024\/02\/Untitled-design-45.jpg\",\"contentUrl\":\"https:\/\/test.puhdasplus.ee\/wp-content\/uploads\/2024\/02\/Untitled-design-45.jpg\",\"width\":1862,\"height\":2560,\"caption\":\"Laktofer\u012bns 200 mg + C vitam\u012bns\"},{\"@type\":\"BreadcrumbList\",\"@id\":\"https:\/\/test.puhdasplus.ee\/lv\/tooted\/stress-un-miegs\/laktoferins-200-mg-c-vitamins-50-vegetaras-kapsulas\/#breadcrumb\",\"itemListElement\":[{\"@type\":\"ListItem\",\"position\":1,\"name\":\"S\u0101kums\",\"item\":\"https:\/\/test.puhdasplus.ee\/lv\/\"},{\"@type\":\"ListItem\",\"position\":2,\"name\":\"Produkti\",\"item\":\"https:\/\/test.puhdasplus.ee\/lv\/veikals\/\"},{\"@type\":\"ListItem\",\"position\":3,\"name\":\"Laktofer\u012bns 200 mg + C vitam\u012bns, 40 kapsulas\"}]},{\"@type\":\"WebSite\",\"@id\":\"https:\/\/test.puhdasplus.ee\/lv\/#website\",\"url\":\"https:\/\/test.puhdasplus.ee\/lv\/\",\"name\":\"Puhdas+\",\"description\":\"Vitamiinid, Toidulisandid, looduskosmeetika, tervis, sport\",\"publisher\":{\"@id\":\"https:\/\/test.puhdasplus.ee\/lv\/#organization\"},\"potentialAction\":[{\"@type\":\"SearchAction\",\"target\":{\"@type\":\"EntryPoint\",\"urlTemplate\":\"https:\/\/test.puhdasplus.ee\/lv\/?s={search_term_string}\"},\"query-input\":{\"@type\":\"PropertyValueSpecification\",\"valueRequired\":true,\"valueName\":\"search_term_string\"}}],\"inLanguage\":\"lv-LV\"},{\"@type\":\"Organization\",\"@id\":\"https:\/\/test.puhdasplus.ee\/lv\/#organization\",\"name\":\"Puhdas+\",\"alternateName\":\"Puhdasplus\",\"url\":\"https:\/\/test.puhdasplus.ee\/lv\/\",\"logo\":{\"@type\":\"ImageObject\",\"inLanguage\":\"lv-LV\",\"@id\":\"https:\/\/test.puhdasplus.ee\/lv\/#\/schema\/logo\/image\/\",\"url\":\"https:\/\/test.puhdasplus.ee\/\/wp-content\/uploads\/2019\/10\/puhdas_logo-arvele.png\",\"contentUrl\":\"https:\/\/test.puhdasplus.ee\/\/wp-content\/uploads\/2019\/10\/puhdas_logo-arvele.png\",\"width\":114,\"height\":94,\"caption\":\"Puhdas+\"},\"image\":{\"@id\":\"https:\/\/test.puhdasplus.ee\/lv\/#\/schema\/logo\/image\/\"},\"sameAs\":[\"https:\/\/www.facebook.com\/puhdasplus\",\"https:\/\/www.instagram.com\/puhdasplus_ee\/\"]}]}<\/script>\n<!-- \/ Yoast SEO plugin. -->","yoast_head_json":{"title":"Laktofer\u012bns 200 mg + C vitam\u012bns, 40 kapsulas - Puhdas+","description":"Laktofer\u012bns 200 mg + C vitam\u012bns atbalsta dzelzs vielmai\u0146u, im\u016bnsist\u0113mu un zarnu vesel\u012bbu, pal\u012bdzot optimiz\u0113t dzelzs uzs\u016bk\u0161anos.","robots":{"index":"noindex","follow":"follow","max-snippet":"max-snippet:-1","max-image-preview":"max-image-preview:large","max-video-preview":"max-video-preview:-1"},"og_locale":"lv_LV","og_type":"article","og_title":"Laktofer\u012bns 200 mg + C vitam\u012bns, 40 kapsulas - Puhdas+","og_description":"Laktofer\u012bns 200 mg + C vitam\u012bns atbalsta dzelzs vielmai\u0146u, im\u016bnsist\u0113mu un zarnu vesel\u012bbu, pal\u012bdzot optimiz\u0113t dzelzs uzs\u016bk\u0161anos.","og_url":"https:\/\/test.puhdasplus.ee\/lv\/tooted\/stress-un-miegs\/laktoferins-200-mg-c-vitamins-50-vegetaras-kapsulas\/","og_site_name":"Puhdas+","article_publisher":"https:\/\/www.facebook.com\/puhdasplus","article_modified_time":"2026-03-10T12:12:27+00:00","og_image":[{"width":1862,"height":2560,"url":"https:\/\/test.puhdasplus.ee\/wp-content\/uploads\/2024\/02\/Untitled-design-45.jpg","type":"image\/jpeg"}],"twitter_card":"summary_large_image","twitter_misc":{"Est. reading time":"3 min\u016btes"},"schema":{"@context":"https:\/\/schema.org","@graph":[{"@type":"WebPage","@id":"https:\/\/test.puhdasplus.ee\/lv\/tooted\/stress-un-miegs\/laktoferins-200-mg-c-vitamins-50-vegetaras-kapsulas\/","url":"https:\/\/test.puhdasplus.ee\/lv\/tooted\/stress-un-miegs\/laktoferins-200-mg-c-vitamins-50-vegetaras-kapsulas\/","name":"Laktofer\u012bns 200 mg + C vitam\u012bns, 40 kapsulas - Puhdas+","isPartOf":{"@id":"https:\/\/test.puhdasplus.ee\/lv\/#website"},"primaryImageOfPage":{"@id":"https:\/\/test.puhdasplus.ee\/lv\/tooted\/stress-un-miegs\/laktoferins-200-mg-c-vitamins-50-vegetaras-kapsulas\/#primaryimage"},"image":{"@id":"https:\/\/test.puhdasplus.ee\/lv\/tooted\/stress-un-miegs\/laktoferins-200-mg-c-vitamins-50-vegetaras-kapsulas\/#primaryimage"},"thumbnailUrl":"https:\/\/test.puhdasplus.ee\/wp-content\/uploads\/2024\/02\/Untitled-design-45.jpg","datePublished":"2024-02-03T20:04:48+00:00","dateModified":"2026-03-10T12:12:27+00:00","description":"Laktofer\u012bns 200 mg + C vitam\u012bns atbalsta dzelzs vielmai\u0146u, im\u016bnsist\u0113mu un zarnu vesel\u012bbu, pal\u012bdzot optimiz\u0113t dzelzs uzs\u016bk\u0161anos.","breadcrumb":{"@id":"https:\/\/test.puhdasplus.ee\/lv\/tooted\/stress-un-miegs\/laktoferins-200-mg-c-vitamins-50-vegetaras-kapsulas\/#breadcrumb"},"inLanguage":"lv-LV","potentialAction":[{"@type":"ReadAction","target":["https:\/\/test.puhdasplus.ee\/lv\/tooted\/stress-un-miegs\/laktoferins-200-mg-c-vitamins-50-vegetaras-kapsulas\/"]}]},{"@type":"ImageObject","inLanguage":"lv-LV","@id":"https:\/\/test.puhdasplus.ee\/lv\/tooted\/stress-un-miegs\/laktoferins-200-mg-c-vitamins-50-vegetaras-kapsulas\/#primaryimage","url":"https:\/\/test.puhdasplus.ee\/wp-content\/uploads\/2024\/02\/Untitled-design-45.jpg","contentUrl":"https:\/\/test.puhdasplus.ee\/wp-content\/uploads\/2024\/02\/Untitled-design-45.jpg","width":1862,"height":2560,"caption":"Laktofer\u012bns 200 mg + C vitam\u012bns"},{"@type":"BreadcrumbList","@id":"https:\/\/test.puhdasplus.ee\/lv\/tooted\/stress-un-miegs\/laktoferins-200-mg-c-vitamins-50-vegetaras-kapsulas\/#breadcrumb","itemListElement":[{"@type":"ListItem","position":1,"name":"S\u0101kums","item":"https:\/\/test.puhdasplus.ee\/lv\/"},{"@type":"ListItem","position":2,"name":"Produkti","item":"https:\/\/test.puhdasplus.ee\/lv\/veikals\/"},{"@type":"ListItem","position":3,"name":"Laktofer\u012bns 200 mg + C vitam\u012bns, 40 kapsulas"}]},{"@type":"WebSite","@id":"https:\/\/test.puhdasplus.ee\/lv\/#website","url":"https:\/\/test.puhdasplus.ee\/lv\/","name":"Puhdas+","description":"Vitamiinid, Toidulisandid, looduskosmeetika, tervis, sport","publisher":{"@id":"https:\/\/test.puhdasplus.ee\/lv\/#organization"},"potentialAction":[{"@type":"SearchAction","target":{"@type":"EntryPoint","urlTemplate":"https:\/\/test.puhdasplus.ee\/lv\/?s={search_term_string}"},"query-input":{"@type":"PropertyValueSpecification","valueRequired":true,"valueName":"search_term_string"}}],"inLanguage":"lv-LV"},{"@type":"Organization","@id":"https:\/\/test.puhdasplus.ee\/lv\/#organization","name":"Puhdas+","alternateName":"Puhdasplus","url":"https:\/\/test.puhdasplus.ee\/lv\/","logo":{"@type":"ImageObject","inLanguage":"lv-LV","@id":"https:\/\/test.puhdasplus.ee\/lv\/#\/schema\/logo\/image\/","url":"https:\/\/test.puhdasplus.ee\/\/wp-content\/uploads\/2019\/10\/puhdas_logo-arvele.png","contentUrl":"https:\/\/test.puhdasplus.ee\/\/wp-content\/uploads\/2019\/10\/puhdas_logo-arvele.png","width":114,"height":94,"caption":"Puhdas+"},"image":{"@id":"https:\/\/test.puhdasplus.ee\/lv\/#\/schema\/logo\/image\/"},"sameAs":["https:\/\/www.facebook.com\/puhdasplus","https:\/\/www.instagram.com\/puhdasplus_ee\/"]}]}},"_links":{"self":[{"href":"https:\/\/test.puhdasplus.ee\/lv\/wp-json\/wp\/v2\/product\/33522","targetHints":{"allow":["GET"]}}],"collection":[{"href":"https:\/\/test.puhdasplus.ee\/lv\/wp-json\/wp\/v2\/product"}],"about":[{"href":"https:\/\/test.puhdasplus.ee\/lv\/wp-json\/wp\/v2\/types\/product"}],"replies":[{"embeddable":true,"href":"https:\/\/test.puhdasplus.ee\/lv\/wp-json\/wp\/v2\/comments?post=33522"}],"wp:featuredmedia":[{"embeddable":true,"href":"https:\/\/test.puhdasplus.ee\/lv\/wp-json\/wp\/v2\/media\/33524"}],"wp:attachment":[{"href":"https:\/\/test.puhdasplus.ee\/lv\/wp-json\/wp\/v2\/media?parent=33522"}],"wp:term":[{"taxonomy":"product_brand","embeddable":true,"href":"https:\/\/test.puhdasplus.ee\/lv\/wp-json\/wp\/v2\/product_brand?post=33522"},{"taxonomy":"product_cat","embeddable":true,"href":"https:\/\/test.puhdasplus.ee\/lv\/wp-json\/wp\/v2\/product_cat?post=33522"},{"taxonomy":"product_tag","embeddable":true,"href":"https:\/\/test.puhdasplus.ee\/lv\/wp-json\/wp\/v2\/product_tag?post=33522"}],"curies":[{"name":"wp","href":"https:\/\/api.w.org\/{rel}","templated":true}]}}