{"id":33489,"date":"2025-01-16T18:44:42","date_gmt":"2025-01-16T16:44:42","guid":{"rendered":"https:\/\/test.puhdasplus.ee\/\/tooted\/uncategorized\/ingvera-eteriska-ella-10-ml\/"},"modified":"2026-02-27T11:26:31","modified_gmt":"2026-02-27T09:26:31","slug":"ingvera-eteriska-ella-10-ml","status":"publish","type":"product","link":"https:\/\/test.puhdasplus.ee\/lv\/tooted\/eteriskas-ellas\/ingvera-eteriska-ella-10-ml\/","title":{"rendered":"Ingvera \u0113terisk\u0101 e\u013c\u013ca 10 ml"},"content":{"rendered":"<h3>Dabisks siltums un baro\u0161ana<\/h3>\n<p>Ingvera \u0113terisk\u0101 e\u013c\u013ca ir 100% t\u012bra dab\u012bga e\u013c\u013ca, kas ieg\u016bta no ingvera saknes (Zingiber officinale). T\u0101s pikantais un siltais arom\u0101ts pal\u012bdz mazin\u0101t nogurumu, atbalsta im\u016bnsist\u0113mu un rada pat\u012bkamu atmosf\u0113ru m\u0101j\u0101s. <\/p>\n<p data-start=\"500\" data-end=\"981\">Ingvera \u0113terisk\u0101 e\u013c\u013ca tiek ieg\u016bta no r\u016bp\u012bgi atlas\u012btas ingvera saknes, nodro\u0161inot augstu kvalit\u0101ti un efektivit\u0101ti. \u0160\u012bs e\u013c\u013cas pikant\u0101 un silt\u0101 smar\u017ea pal\u012bdz mazin\u0101t nogurumu, atbalst\u012bt im\u016bnsist\u0113mu un rad\u012bt pat\u012bkamu atmosf\u0113ru m\u0101j\u0101s. Ingvera \u0113terisk\u0101 e\u013c\u013ca ir paz\u012bstama ar sav\u0101m sildo\u0161aj\u0101m un stimul\u0113jo\u0161aj\u0101m \u012bpa\u0161\u012bb\u0101m, pal\u012bdzot uzlabot asinsriti un mazin\u0101t musku\u013cu sasprindzin\u0101jumu. E\u013c\u013cu var izmantot aromlamp\u0101s, difuzoros, saun\u0101 vai at\u0161\u0137aid\u012btu k\u0101 mas\u0101\u017eas e\u013c\u013cu.   <\/p>\n<p data-start=\"983\" data-end=\"1004\"><strong data-start=\"983\" data-end=\"1004\">Galven\u0101s priek\u0161roc\u012bbas:<\/strong><\/p>\n<ul data-start=\"1005\" data-end=\"1494\">\n<li data-start=\"1005\" data-end=\"1102\"><strong data-start=\"1007\" data-end=\"1033\">Noguruma mazin\u0101\u0161ana:<\/strong> Pikants arom\u0101ts pal\u012bdz mazin\u0101t nogurumu un palielin\u0101t ener\u0123ijas l\u012bmeni.<\/li>\n<li data-start=\"1103\" data-end=\"1199\"><strong data-start=\"1105\" data-end=\"1134\">Im\u016bnsist\u0113mas atbalsts:<\/strong> stimul\u0113jo\u0161\u0101s \u012bpa\u0161\u012bbas pal\u012bdz stiprin\u0101t organisma aizsargsp\u0113jas.<\/li>\n<li data-start=\"1200\" data-end=\"1297\"><strong data-start=\"1202\" data-end=\"1232\">Musku\u013cu sasprindzin\u0101juma mazin\u0101\u0161ana:<\/strong> sildo\u0161\u0101s \u012bpa\u0161\u012bbas pal\u012bdz mazin\u0101t musku\u013cu sasprindzin\u0101jumu un s\u0101pes.<\/li>\n<li data-start=\"1298\" data-end=\"1408\"><strong data-start=\"1300\" data-end=\"1324\">Daudzpus\u012bgs lietojums:<\/strong> piem\u0113rots aromterapijai, mas\u0101\u017eai, saunas lieto\u0161anai un m\u0101jas gaisa atsvaidzin\u0101t\u0101jam.<\/li>\n<li data-start=\"1409\" data-end=\"1494\"><strong data-start=\"1411\" data-end=\"1439\">100% t\u012brs un dab\u012bgs:<\/strong> nesatur sint\u0113tiskas piedevas vai konservantus.<\/li>\n<\/ul>\n<p data-start=\"1496\" data-end=\"1542\"><strong data-start=\"1496\" data-end=\"1512\">Sast\u0101vda\u013cas:<\/strong> Zingiber Officinale sak\u0146u e\u013c\u013ca.<\/p>\n<p data-start=\"1544\" data-end=\"1564\"><strong data-start=\"1544\" data-end=\"1564\">Lieto\u0161anas instrukcija:<\/strong><\/p>\n<ul data-start=\"1565\" data-end=\"2091\">\n<li data-start=\"1565\" data-end=\"1689\"><strong data-start=\"1567\" data-end=\"1586\">Aromterapija:<\/strong> Pievienojiet 3\u20137 pilienus \u0113terisk\u0101s e\u013c\u013cas aromlampai vai difuzoram, lai telp\u0101 rad\u012btu siltu un stimul\u0113jo\u0161u arom\u0101tu.<\/li>\n<li data-start=\"1690\" data-end=\"1856\"><strong data-start=\"1692\" data-end=\"1704\">Mas\u0101\u017ea:<\/strong> At\u0161\u0137aidiet 1-2 pilienus \u0113terisk\u0101s e\u013c\u013cas 10 ml b\u0101zes e\u013c\u013cas (piem\u0113ram, mande\u013cu vai jojobas e\u013c\u013cas) un iemas\u0113jiet \u0101d\u0101, lai mazin\u0101tu musku\u013cu sasprindzin\u0101jumu un uzlabotu asinsriti.<\/li>\n<li data-start=\"1857\" data-end=\"1957\"><strong data-start=\"1859\" data-end=\"1868\">Pirts:<\/strong> Pievienojiet tvaika \u016bdenim 1\u20133 pilienus \u0113terisk\u0101s e\u013c\u013cas, lai rad\u012btu sildo\u0161u un relaks\u0113jo\u0161u pirts pieredzi.<\/li>\n<li data-start=\"1958\" data-end=\"2091\"><strong data-start=\"1960\" data-end=\"1969\">Vanna:<\/strong> Sajauciet 3-5 pilienus \u0113terisk\u0101s e\u013c\u013cas ar medu vai \u0161\u0137idraj\u0101m ziep\u0113m un pievienojiet vannas \u016bdenim, lai baud\u012btu relaks\u0113jo\u0161u un sildo\u0161u vannu.<\/li>\n<\/ul>\n<p data-start=\"2093\" data-end=\"2400\"><strong data-start=\"2093\" data-end=\"2111\">Dro\u0161\u012bbas nor\u0101d\u012bjumi:<\/strong> Tikai \u0101r\u012bgai lieto\u0161anai. Neuzkl\u0101jiet neat\u0161\u0137aid\u012btu e\u013c\u013cu tie\u0161i uz \u0101das. Izvairieties no saskares ar ac\u012bm un g\u013cot\u0101d\u0101m.   Sarg\u0101t no b\u0113rniem. Gr\u016btniec\u0113m, sieviet\u0113m, kas baro b\u0113rnu ar kr\u016bti, b\u0113rniem, vec\u0101ka gadag\u0101juma cilv\u0113kiem un cilv\u0113kiem ar hronisk\u0101m slim\u012bb\u0101m pirms lieto\u0161anas j\u0101konsult\u0113jas ar vesel\u012bbas apr\u016bpes speci\u0101listu.<\/p>\n","protected":false},"excerpt":{"rendered":"<p>100% t\u012bra ingvera \u0113terisk\u0101 e\u013c\u013ca, kas pied\u0101v\u0101 pikantu un sildo\u0161u arom\u0101tu un ir daudzpus\u012bgi izmantojama aromterapij\u0101, mas\u0101\u017e\u0101 un m\u0101jas vid\u0113.<\/p>\n","protected":false},"featured_media":33492,"comment_status":"closed","ping_status":"closed","template":"","meta":{"_acf_changed":false},"product_brand":[],"product_cat":[2761],"product_tag":[2764,2765,3068,3686,3620,3687],"class_list":{"0":"post-33489","1":"product","2":"type-product","3":"status-publish","4":"has-post-thumbnail","6":"product_cat-eteriskas-ellas","7":"product_tag-aromterapija","8":"product_tag-dabigs-gaisa-atsvaidzinatajs","9":"product_tag-imunsistemas-atbalsts","10":"product_tag-krustnaglinu-eteriska-ella","11":"product_tag-muskulu-sasprindzinajuma-mazinasana","12":"product_tag-noguruma-mazinasana-lv","14":"first","15":"onbackorder","16":"taxable","17":"shipping-taxable","18":"purchasable","19":"product-type-simple"},"acf":[],"yoast_head":"<!-- This site is optimized with the Yoast SEO plugin v27.1.1 - https:\/\/yoast.com\/product\/yoast-seo-wordpress\/ -->\n<title>Ingvera \u0113terisk\u0101 e\u013c\u013ca 10 ml - Puhdas+<\/title>\n<meta name=\"description\" content=\"Ingvera \u0113terisk\u0101 e\u013c\u013ca 10 ml ir 100% t\u012bra dab\u012bga e\u013c\u013ca, ko var daudzpus\u012bgi izmantot aromterapij\u0101, mas\u0101\u017e\u0101 un m\u0101jas apst\u0101k\u013cos.\" \/>\n<meta name=\"robots\" content=\"noindex, follow, max-snippet:-1, max-image-preview:large, max-video-preview:-1\" \/>\n<meta property=\"og:locale\" content=\"lv_LV\" \/>\n<meta property=\"og:type\" content=\"article\" \/>\n<meta property=\"og:title\" content=\"Ingvera \u0113terisk\u0101 e\u013c\u013ca 10 ml - Puhdas+\" \/>\n<meta property=\"og:description\" content=\"Ingvera \u0113terisk\u0101 e\u013c\u013ca 10 ml ir 100% t\u012bra dab\u012bga e\u013c\u013ca, ko var daudzpus\u012bgi izmantot aromterapij\u0101, mas\u0101\u017e\u0101 un m\u0101jas apst\u0101k\u013cos.\" \/>\n<meta property=\"og:url\" content=\"https:\/\/test.puhdasplus.ee\/lv\/tooted\/eteriskas-ellas\/ingvera-eteriska-ella-10-ml\/\" \/>\n<meta property=\"og:site_name\" content=\"Puhdas+\" \/>\n<meta property=\"article:publisher\" content=\"https:\/\/www.facebook.com\/puhdasplus\" \/>\n<meta property=\"article:modified_time\" content=\"2026-02-27T09:26:31+00:00\" \/>\n<meta property=\"og:image\" content=\"https:\/\/test.puhdasplus.ee\/wp-content\/uploads\/2025\/03\/161.jpg\" \/>\n\t<meta property=\"og:image:width\" content=\"1862\" \/>\n\t<meta property=\"og:image:height\" content=\"2560\" \/>\n\t<meta property=\"og:image:type\" content=\"image\/jpeg\" \/>\n<meta name=\"twitter:card\" content=\"summary_large_image\" \/>\n<meta name=\"twitter:label1\" content=\"Est. reading time\" \/>\n\t<meta name=\"twitter:data1\" content=\"2 min\u016btes\" \/>\n<script type=\"application\/ld+json\" class=\"yoast-schema-graph\">{\"@context\":\"https:\/\/schema.org\",\"@graph\":[{\"@type\":\"WebPage\",\"@id\":\"https:\/\/test.puhdasplus.ee\/lv\/tooted\/eteriskas-ellas\/ingvera-eteriska-ella-10-ml\/\",\"url\":\"https:\/\/test.puhdasplus.ee\/lv\/tooted\/eteriskas-ellas\/ingvera-eteriska-ella-10-ml\/\",\"name\":\"Ingvera \u0113terisk\u0101 e\u013c\u013ca 10 ml - Puhdas+\",\"isPartOf\":{\"@id\":\"https:\/\/test.puhdasplus.ee\/lv\/#website\"},\"primaryImageOfPage\":{\"@id\":\"https:\/\/test.puhdasplus.ee\/lv\/tooted\/eteriskas-ellas\/ingvera-eteriska-ella-10-ml\/#primaryimage\"},\"image\":{\"@id\":\"https:\/\/test.puhdasplus.ee\/lv\/tooted\/eteriskas-ellas\/ingvera-eteriska-ella-10-ml\/#primaryimage\"},\"thumbnailUrl\":\"https:\/\/test.puhdasplus.ee\/wp-content\/uploads\/2025\/03\/161.jpg\",\"datePublished\":\"2025-01-16T16:44:42+00:00\",\"dateModified\":\"2026-02-27T09:26:31+00:00\",\"description\":\"Ingvera \u0113terisk\u0101 e\u013c\u013ca 10 ml ir 100% t\u012bra dab\u012bga e\u013c\u013ca, ko var daudzpus\u012bgi izmantot aromterapij\u0101, mas\u0101\u017e\u0101 un m\u0101jas apst\u0101k\u013cos.\",\"breadcrumb\":{\"@id\":\"https:\/\/test.puhdasplus.ee\/lv\/tooted\/eteriskas-ellas\/ingvera-eteriska-ella-10-ml\/#breadcrumb\"},\"inLanguage\":\"lv-LV\",\"potentialAction\":[{\"@type\":\"ReadAction\",\"target\":[\"https:\/\/test.puhdasplus.ee\/lv\/tooted\/eteriskas-ellas\/ingvera-eteriska-ella-10-ml\/\"]}]},{\"@type\":\"ImageObject\",\"inLanguage\":\"lv-LV\",\"@id\":\"https:\/\/test.puhdasplus.ee\/lv\/tooted\/eteriskas-ellas\/ingvera-eteriska-ella-10-ml\/#primaryimage\",\"url\":\"https:\/\/test.puhdasplus.ee\/wp-content\/uploads\/2025\/03\/161.jpg\",\"contentUrl\":\"https:\/\/test.puhdasplus.ee\/wp-content\/uploads\/2025\/03\/161.jpg\",\"width\":1862,\"height\":2560,\"caption\":\"Ingvera \u0113terisk\u0101 e\u013c\u013ca 10 ml\"},{\"@type\":\"BreadcrumbList\",\"@id\":\"https:\/\/test.puhdasplus.ee\/lv\/tooted\/eteriskas-ellas\/ingvera-eteriska-ella-10-ml\/#breadcrumb\",\"itemListElement\":[{\"@type\":\"ListItem\",\"position\":1,\"name\":\"S\u0101kums\",\"item\":\"https:\/\/test.puhdasplus.ee\/lv\/\"},{\"@type\":\"ListItem\",\"position\":2,\"name\":\"Produkti\",\"item\":\"https:\/\/test.puhdasplus.ee\/lv\/veikals\/\"},{\"@type\":\"ListItem\",\"position\":3,\"name\":\"Ingvera \u0113terisk\u0101 e\u013c\u013ca 10 ml\"}]},{\"@type\":\"WebSite\",\"@id\":\"https:\/\/test.puhdasplus.ee\/lv\/#website\",\"url\":\"https:\/\/test.puhdasplus.ee\/lv\/\",\"name\":\"Puhdas+\",\"description\":\"Vitamiinid, Toidulisandid, looduskosmeetika, tervis, sport\",\"publisher\":{\"@id\":\"https:\/\/test.puhdasplus.ee\/lv\/#organization\"},\"potentialAction\":[{\"@type\":\"SearchAction\",\"target\":{\"@type\":\"EntryPoint\",\"urlTemplate\":\"https:\/\/test.puhdasplus.ee\/lv\/?s={search_term_string}\"},\"query-input\":{\"@type\":\"PropertyValueSpecification\",\"valueRequired\":true,\"valueName\":\"search_term_string\"}}],\"inLanguage\":\"lv-LV\"},{\"@type\":\"Organization\",\"@id\":\"https:\/\/test.puhdasplus.ee\/lv\/#organization\",\"name\":\"Puhdas+\",\"alternateName\":\"Puhdasplus\",\"url\":\"https:\/\/test.puhdasplus.ee\/lv\/\",\"logo\":{\"@type\":\"ImageObject\",\"inLanguage\":\"lv-LV\",\"@id\":\"https:\/\/test.puhdasplus.ee\/lv\/#\/schema\/logo\/image\/\",\"url\":\"https:\/\/test.puhdasplus.ee\/\/wp-content\/uploads\/2019\/10\/puhdas_logo-arvele.png\",\"contentUrl\":\"https:\/\/test.puhdasplus.ee\/\/wp-content\/uploads\/2019\/10\/puhdas_logo-arvele.png\",\"width\":114,\"height\":94,\"caption\":\"Puhdas+\"},\"image\":{\"@id\":\"https:\/\/test.puhdasplus.ee\/lv\/#\/schema\/logo\/image\/\"},\"sameAs\":[\"https:\/\/www.facebook.com\/puhdasplus\",\"https:\/\/www.instagram.com\/puhdasplus_ee\/\"]}]}<\/script>\n<!-- \/ Yoast SEO plugin. -->","yoast_head_json":{"title":"Ingvera \u0113terisk\u0101 e\u013c\u013ca 10 ml - Puhdas+","description":"Ingvera \u0113terisk\u0101 e\u013c\u013ca 10 ml ir 100% t\u012bra dab\u012bga e\u013c\u013ca, ko var daudzpus\u012bgi izmantot aromterapij\u0101, mas\u0101\u017e\u0101 un m\u0101jas apst\u0101k\u013cos.","robots":{"index":"noindex","follow":"follow","max-snippet":"max-snippet:-1","max-image-preview":"max-image-preview:large","max-video-preview":"max-video-preview:-1"},"og_locale":"lv_LV","og_type":"article","og_title":"Ingvera \u0113terisk\u0101 e\u013c\u013ca 10 ml - Puhdas+","og_description":"Ingvera \u0113terisk\u0101 e\u013c\u013ca 10 ml ir 100% t\u012bra dab\u012bga e\u013c\u013ca, ko var daudzpus\u012bgi izmantot aromterapij\u0101, mas\u0101\u017e\u0101 un m\u0101jas apst\u0101k\u013cos.","og_url":"https:\/\/test.puhdasplus.ee\/lv\/tooted\/eteriskas-ellas\/ingvera-eteriska-ella-10-ml\/","og_site_name":"Puhdas+","article_publisher":"https:\/\/www.facebook.com\/puhdasplus","article_modified_time":"2026-02-27T09:26:31+00:00","og_image":[{"width":1862,"height":2560,"url":"https:\/\/test.puhdasplus.ee\/wp-content\/uploads\/2025\/03\/161.jpg","type":"image\/jpeg"}],"twitter_card":"summary_large_image","twitter_misc":{"Est. reading time":"2 min\u016btes"},"schema":{"@context":"https:\/\/schema.org","@graph":[{"@type":"WebPage","@id":"https:\/\/test.puhdasplus.ee\/lv\/tooted\/eteriskas-ellas\/ingvera-eteriska-ella-10-ml\/","url":"https:\/\/test.puhdasplus.ee\/lv\/tooted\/eteriskas-ellas\/ingvera-eteriska-ella-10-ml\/","name":"Ingvera \u0113terisk\u0101 e\u013c\u013ca 10 ml - Puhdas+","isPartOf":{"@id":"https:\/\/test.puhdasplus.ee\/lv\/#website"},"primaryImageOfPage":{"@id":"https:\/\/test.puhdasplus.ee\/lv\/tooted\/eteriskas-ellas\/ingvera-eteriska-ella-10-ml\/#primaryimage"},"image":{"@id":"https:\/\/test.puhdasplus.ee\/lv\/tooted\/eteriskas-ellas\/ingvera-eteriska-ella-10-ml\/#primaryimage"},"thumbnailUrl":"https:\/\/test.puhdasplus.ee\/wp-content\/uploads\/2025\/03\/161.jpg","datePublished":"2025-01-16T16:44:42+00:00","dateModified":"2026-02-27T09:26:31+00:00","description":"Ingvera \u0113terisk\u0101 e\u013c\u013ca 10 ml ir 100% t\u012bra dab\u012bga e\u013c\u013ca, ko var daudzpus\u012bgi izmantot aromterapij\u0101, mas\u0101\u017e\u0101 un m\u0101jas apst\u0101k\u013cos.","breadcrumb":{"@id":"https:\/\/test.puhdasplus.ee\/lv\/tooted\/eteriskas-ellas\/ingvera-eteriska-ella-10-ml\/#breadcrumb"},"inLanguage":"lv-LV","potentialAction":[{"@type":"ReadAction","target":["https:\/\/test.puhdasplus.ee\/lv\/tooted\/eteriskas-ellas\/ingvera-eteriska-ella-10-ml\/"]}]},{"@type":"ImageObject","inLanguage":"lv-LV","@id":"https:\/\/test.puhdasplus.ee\/lv\/tooted\/eteriskas-ellas\/ingvera-eteriska-ella-10-ml\/#primaryimage","url":"https:\/\/test.puhdasplus.ee\/wp-content\/uploads\/2025\/03\/161.jpg","contentUrl":"https:\/\/test.puhdasplus.ee\/wp-content\/uploads\/2025\/03\/161.jpg","width":1862,"height":2560,"caption":"Ingvera \u0113terisk\u0101 e\u013c\u013ca 10 ml"},{"@type":"BreadcrumbList","@id":"https:\/\/test.puhdasplus.ee\/lv\/tooted\/eteriskas-ellas\/ingvera-eteriska-ella-10-ml\/#breadcrumb","itemListElement":[{"@type":"ListItem","position":1,"name":"S\u0101kums","item":"https:\/\/test.puhdasplus.ee\/lv\/"},{"@type":"ListItem","position":2,"name":"Produkti","item":"https:\/\/test.puhdasplus.ee\/lv\/veikals\/"},{"@type":"ListItem","position":3,"name":"Ingvera \u0113terisk\u0101 e\u013c\u013ca 10 ml"}]},{"@type":"WebSite","@id":"https:\/\/test.puhdasplus.ee\/lv\/#website","url":"https:\/\/test.puhdasplus.ee\/lv\/","name":"Puhdas+","description":"Vitamiinid, Toidulisandid, looduskosmeetika, tervis, sport","publisher":{"@id":"https:\/\/test.puhdasplus.ee\/lv\/#organization"},"potentialAction":[{"@type":"SearchAction","target":{"@type":"EntryPoint","urlTemplate":"https:\/\/test.puhdasplus.ee\/lv\/?s={search_term_string}"},"query-input":{"@type":"PropertyValueSpecification","valueRequired":true,"valueName":"search_term_string"}}],"inLanguage":"lv-LV"},{"@type":"Organization","@id":"https:\/\/test.puhdasplus.ee\/lv\/#organization","name":"Puhdas+","alternateName":"Puhdasplus","url":"https:\/\/test.puhdasplus.ee\/lv\/","logo":{"@type":"ImageObject","inLanguage":"lv-LV","@id":"https:\/\/test.puhdasplus.ee\/lv\/#\/schema\/logo\/image\/","url":"https:\/\/test.puhdasplus.ee\/\/wp-content\/uploads\/2019\/10\/puhdas_logo-arvele.png","contentUrl":"https:\/\/test.puhdasplus.ee\/\/wp-content\/uploads\/2019\/10\/puhdas_logo-arvele.png","width":114,"height":94,"caption":"Puhdas+"},"image":{"@id":"https:\/\/test.puhdasplus.ee\/lv\/#\/schema\/logo\/image\/"},"sameAs":["https:\/\/www.facebook.com\/puhdasplus","https:\/\/www.instagram.com\/puhdasplus_ee\/"]}]}},"_links":{"self":[{"href":"https:\/\/test.puhdasplus.ee\/lv\/wp-json\/wp\/v2\/product\/33489","targetHints":{"allow":["GET"]}}],"collection":[{"href":"https:\/\/test.puhdasplus.ee\/lv\/wp-json\/wp\/v2\/product"}],"about":[{"href":"https:\/\/test.puhdasplus.ee\/lv\/wp-json\/wp\/v2\/types\/product"}],"replies":[{"embeddable":true,"href":"https:\/\/test.puhdasplus.ee\/lv\/wp-json\/wp\/v2\/comments?post=33489"}],"wp:featuredmedia":[{"embeddable":true,"href":"https:\/\/test.puhdasplus.ee\/lv\/wp-json\/wp\/v2\/media\/33492"}],"wp:attachment":[{"href":"https:\/\/test.puhdasplus.ee\/lv\/wp-json\/wp\/v2\/media?parent=33489"}],"wp:term":[{"taxonomy":"product_brand","embeddable":true,"href":"https:\/\/test.puhdasplus.ee\/lv\/wp-json\/wp\/v2\/product_brand?post=33489"},{"taxonomy":"product_cat","embeddable":true,"href":"https:\/\/test.puhdasplus.ee\/lv\/wp-json\/wp\/v2\/product_cat?post=33489"},{"taxonomy":"product_tag","embeddable":true,"href":"https:\/\/test.puhdasplus.ee\/lv\/wp-json\/wp\/v2\/product_tag?post=33489"}],"curies":[{"name":"wp","href":"https:\/\/api.w.org\/{rel}","templated":true}]}}